{"id":3576,"date":"2023-04-10T19:05:10","date_gmt":"2023-04-10T11:05:10","guid":{"rendered":"http:\/\/qingdaohf.com\/?post_type=product&#038;p=3576"},"modified":"2025-11-13T09:05:12","modified_gmt":"2025-11-13T01:05:12","slug":"grab-hooks","status":"publish","type":"product","link":"https:\/\/qingdaohf.com\/lv\/products\/satversanas-aki\/","title":{"rendered":"Klemmes \u0101\u0137i"},"content":{"rendered":"<p>\u0136eramo \u0101\u0137u konstrukcija parasti sast\u0101v no izliekta U-veida korpusa ar fiksatoru vai tapas meh\u0101nismu \u0101\u0137a atver\u0113. \u0160is fiksators pal\u012bdz dro\u0161i notur\u0113t \u0137\u0113di vai materi\u0101lu viet\u0101, nov\u0113r\u0161ot nejau\u0161u izsl\u012bd\u0113\u0161anu darb\u012bbas laik\u0101. \u0100\u0137a forma \u013cauj tam satvert \u0137\u0113des posmus vai citus piem\u0113rotus stiprin\u0101juma punktus.<\/p>\n<p>Bie\u017ei vien satver\u0161anas \u0101\u0137i ir izgatavoti no iztur\u012bgiem materi\u0101liem, piem\u0113ram, le\u0123\u0113t\u0101 t\u0113rauda, lai nodro\u0161in\u0101tu iztur\u012bbu, iztur\u012bbu un iztur\u012bbu pret nodilumu un koroziju. Tie ir izstr\u0101d\u0101ti t\u0101, lai iztur\u0113tu lielas slodzes un sare\u017e\u0123\u012btus darba apst\u0101k\u013cus, nodro\u0161inot to uzticam\u012bbu un ilgm\u016b\u017e\u012bbu.<\/p>\n<p><img fetchpriority=\"high\" decoding=\"async\" class=\"alignnone size-full wp-image-3580\" src=\"http:\/\/qingdaohf.com\/wp-content\/uploads\/2023\/04\/1-11.jpg\" alt=\"\u0136er\u0161anas \u0101\u0137i\" width=\"800\" height=\"604\" srcset=\"https:\/\/qingdaohf.com\/wp-content\/uploads\/2023\/04\/1-11.jpg 800w, https:\/\/qingdaohf.com\/wp-content\/uploads\/2023\/04\/1-11-300x227.jpg 300w, https:\/\/qingdaohf.com\/wp-content\/uploads\/2023\/04\/1-11-768x580.jpg 768w\" sizes=\"(max-width: 800px) 100vw, 800px\" \/><\/p>\n<p>\u0160os \u0101\u0137us parasti izmanto gad\u012bjumos, kad nepiecie\u0161ami \u0101tri un \u012bslaic\u012bgi savienojumi vai regul\u0113\u0161anas darbi. Tie ir \u012bpa\u0161i noder\u012bgi kravas nostiprin\u0101\u0161anai, piem\u0113ram, nostiprinot kravu kravas automa\u0161\u012bn\u0101 vai piekab\u0113, vai \u0137\u0113des piestiprin\u0101\u0161anai pie pacel\u0161anas ier\u012bc\u0113m, piem\u0113ram, celt\u0146iem vai pac\u0113l\u0101jiem. Greiferu \u0101\u0137us var viegli piestiprin\u0101t un atvienot no \u0137\u0113des vai materi\u0101la, t\u0101d\u0113j\u0101di nodro\u0161inot efekt\u012bvu un \u0113rtu kravas p\u0101rvieto\u0161anu.<\/p>\n<div class=\"ast-oembed-container\" style=\"height: 100%;\"><iframe title=\"H&amp;F pacel\u0161anas \u0101\u0137is Grab Hook\" width=\"500\" height=\"281\" src=\"https:\/\/www.youtube.com\/embed\/5b2jC-koJsQ?feature=oembed\" frameborder=\"0\" allow=\"accelerometer; autoplay; clipboard-write; encrypted-media; gyroscope; picture-in-picture; web-share\" referrerpolicy=\"strict-origin-when-cross-origin\" allowfullscreen><\/iframe><\/div>\n<p>&nbsp;<\/p>","protected":false},"excerpt":{"rendered":"<p>\u0136\u0113des ir specializ\u0113ti \u0101\u0137i, ko izmanto \u0137\u0113\u017eu vai cita veida spriegojuma materi\u0101lu satver\u0161anai un nostiprin\u0101\u0161anai. \u0160os \u0101\u0137us parasti izmanto t\u0101d\u0101s nozar\u0113s k\u0101 b\u016bvniec\u012bba, vilk\u0161ana un lauksaimniec\u012bba, kur nepiecie\u0161ama smagu kravu cel\u0161ana un nostiprin\u0101\u0161ana.<\/p>","protected":false},"featured_media":3577,"comment_status":"open","ping_status":"closed","template":"","meta":{"site-sidebar-layout":"default","site-content-layout":"default","ast-site-content-layout":"default","site-content-style":"default","site-sidebar-style":"default","ast-global-header-display":"","ast-banner-title-visibility":"","ast-main-header-display":"","ast-hfb-above-header-display":"","ast-hfb-below-header-display":"","ast-hfb-mobile-header-display":"","site-post-title":"","ast-breadcrumbs-content":"","ast-featured-img":"","footer-sml-layout":"","theme-transparent-header-meta":"default","adv-header-id-meta":"","stick-header-meta":"default","header-above-stick-meta":"","header-main-stick-meta":"","header-below-stick-meta":"","astra-migrate-meta-layouts":"set","ast-page-background-enabled":"default","ast-page-background-meta":{"desktop":{"background-color":"","background-image":"","background-repeat":"repeat","background-position":"center center","background-size":"auto","background-attachment":"scroll","background-type":"","background-media":"","overlay-type":"","overlay-color":"","overlay-opacity":"","overlay-gradient":""},"tablet":{"background-color":"","background-image":"","background-repeat":"repeat","background-position":"center center","background-size":"auto","background-attachment":"scroll","background-type":"","background-media":"","overlay-type":"","overlay-color":"","overlay-opacity":"","overlay-gradient":""},"mobile":{"background-color":"","background-image":"","background-repeat":"repeat","background-position":"center center","background-size":"auto","background-attachment":"scroll","background-type":"","background-media":"","overlay-type":"","overlay-color":"","overlay-opacity":"","overlay-gradient":""}},"ast-content-background-meta":{"desktop":{"background-color":"var(--ast-global-color-5)","background-image":"","background-repeat":"repeat","background-position":"center center","background-size":"auto","background-attachment":"scroll","background-type":"","background-media":"","overlay-type":"","overlay-color":"","overlay-opacity":"","overlay-gradient":""},"tablet":{"background-color":"var(--ast-global-color-5)","background-image":"","background-repeat":"repeat","background-position":"center center","background-size":"auto","background-attachment":"scroll","background-type":"","background-media":"","overlay-type":"","overlay-color":"","overlay-opacity":"","overlay-gradient":""},"mobile":{"background-color":"var(--ast-global-color-5)","background-image":"","background-repeat":"repeat","background-position":"center center","background-size":"auto","background-attachment":"scroll","background-type":"","background-media":"","overlay-type":"","overlay-color":"","overlay-opacity":"","overlay-gradient":""}}},"product_brand":[],"product_cat":[57,43],"product_tag":[],"class_list":{"0":"post-3576","1":"product","2":"type-product","3":"status-publish","4":"has-post-thumbnail","6":"product_cat-sling-hook","7":"product_cat-rigging-hardware","8":"desktop-align-left","9":"tablet-align-left","10":"mobile-align-left","11":"ast-product-gallery-layout-horizontal-slider","12":"ast-product-tabs-layout-horizontal","14":"first","15":"instock","16":"shipping-taxable","17":"purchasable","18":"product-type-simple"},"yoast_head":"<!-- This site is optimized with the Yoast SEO plugin v25.2 - https:\/\/yoast.com\/wordpress\/plugins\/seo\/ -->\n<title>Clevis Grab Hooks<\/title>\n<meta name=\"description\" content=\"Grab hooks are specialized hooks used for gripping and securing chains or other types of tensioned materials.\" \/>\n<meta name=\"robots\" content=\"index, follow, max-snippet:-1, max-image-preview:large, max-video-preview:-1\" \/>\n<link rel=\"canonical\" href=\"https:\/\/qingdaohf.com\/lv\/products\/satversanas-aki\/\" \/>\n<meta property=\"og:locale\" content=\"lv_LV\" \/>\n<meta property=\"og:type\" content=\"article\" \/>\n<meta property=\"og:title\" content=\"Clevis Grab Hooks\" \/>\n<meta property=\"og:description\" content=\"Grab hooks are specialized hooks used for gripping and securing chains or other types of tensioned materials.\" \/>\n<meta property=\"og:url\" content=\"https:\/\/qingdaohf.com\/lv\/products\/satversanas-aki\/\" \/>\n<meta property=\"og:site_name\" content=\"Concrete Form &amp; Rigging Hardware Supplier\" \/>\n<meta property=\"article:publisher\" content=\"https:\/\/www.facebook.com\/qingdaohf\" \/>\n<meta property=\"article:modified_time\" content=\"2025-11-13T01:05:12+00:00\" \/>\n<meta property=\"og:image\" content=\"https:\/\/qingdaohf.com\/wp-content\/uploads\/2023\/04\/3.jpg\" \/>\n\t<meta property=\"og:image:width\" content=\"800\" \/>\n\t<meta property=\"og:image:height\" content=\"800\" \/>\n\t<meta property=\"og:image:type\" content=\"image\/jpeg\" \/>\n<meta name=\"twitter:card\" content=\"summary_large_image\" \/>\n<meta name=\"twitter:label1\" content=\"Est. reading time\" \/>\n\t<meta name=\"twitter:data1\" content=\"2 min\u016btes\" \/>\n<script type=\"application\/ld+json\" class=\"yoast-schema-graph\">{\"@context\":\"https:\/\/schema.org\",\"@graph\":[{\"@type\":\"WebPage\",\"@id\":\"https:\/\/qingdaohf.com\/product\/grab-hooks\/\",\"url\":\"https:\/\/qingdaohf.com\/product\/grab-hooks\/\",\"name\":\"Clevis Grab Hooks\",\"isPartOf\":{\"@id\":\"https:\/\/qingdaohf.com\/bg\/#website\"},\"primaryImageOfPage\":{\"@id\":\"https:\/\/qingdaohf.com\/product\/grab-hooks\/#primaryimage\"},\"image\":{\"@id\":\"https:\/\/qingdaohf.com\/product\/grab-hooks\/#primaryimage\"},\"thumbnailUrl\":\"https:\/\/qingdaohf.com\/wp-content\/uploads\/2023\/04\/3.jpg\",\"datePublished\":\"2023-04-10T11:05:10+00:00\",\"dateModified\":\"2025-11-13T01:05:12+00:00\",\"description\":\"Grab hooks are specialized hooks used for gripping and securing chains or other types of tensioned materials.\",\"breadcrumb\":{\"@id\":\"https:\/\/qingdaohf.com\/product\/grab-hooks\/#breadcrumb\"},\"inLanguage\":\"lv-LV\",\"potentialAction\":[{\"@type\":\"ReadAction\",\"target\":[\"https:\/\/qingdaohf.com\/product\/grab-hooks\/\"]}]},{\"@type\":\"ImageObject\",\"inLanguage\":\"lv-LV\",\"@id\":\"https:\/\/qingdaohf.com\/product\/grab-hooks\/#primaryimage\",\"url\":\"https:\/\/qingdaohf.com\/wp-content\/uploads\/2023\/04\/3.jpg\",\"contentUrl\":\"https:\/\/qingdaohf.com\/wp-content\/uploads\/2023\/04\/3.jpg\",\"width\":800,\"height\":800,\"caption\":\"grab hooks\"},{\"@type\":\"BreadcrumbList\",\"@id\":\"https:\/\/qingdaohf.com\/product\/grab-hooks\/#breadcrumb\",\"itemListElement\":[{\"@type\":\"ListItem\",\"position\":1,\"name\":\"Home\",\"item\":\"https:\/\/qingdaohf.com\/\"},{\"@type\":\"ListItem\",\"position\":2,\"name\":\"Concrete Forming Accessories and Rigging Hardware\",\"item\":\"https:\/\/qingdaohf.com\/bg\/?page_id=944\"},{\"@type\":\"ListItem\",\"position\":3,\"name\":\"Clevis Grab Hooks\"}]},{\"@type\":\"WebSite\",\"@id\":\"https:\/\/qingdaohf.com\/bg\/#website\",\"url\":\"https:\/\/qingdaohf.com\/bg\/\",\"name\":\"Concrete Form & Rigging Hardware Supplier\",\"description\":\"\",\"publisher\":{\"@id\":\"https:\/\/qingdaohf.com\/bg\/#organization\"},\"potentialAction\":[{\"@type\":\"SearchAction\",\"target\":{\"@type\":\"EntryPoint\",\"urlTemplate\":\"https:\/\/qingdaohf.com\/bg\/?s={search_term_string}\"},\"query-input\":{\"@type\":\"PropertyValueSpecification\",\"valueRequired\":true,\"valueName\":\"search_term_string\"}}],\"inLanguage\":\"lv-LV\"},{\"@type\":\"Organization\",\"@id\":\"https:\/\/qingdaohf.com\/bg\/#organization\",\"name\":\"Qingdao H&F\",\"url\":\"https:\/\/qingdaohf.com\/bg\/\",\"logo\":{\"@type\":\"ImageObject\",\"inLanguage\":\"lv-LV\",\"@id\":\"https:\/\/qingdaohf.com\/bg\/#\/schema\/logo\/image\/\",\"url\":\"https:\/\/qingdaohf.com\/wp-content\/uploads\/2022\/12\/cropped-HF-LOGO.png\",\"contentUrl\":\"https:\/\/qingdaohf.com\/wp-content\/uploads\/2022\/12\/cropped-HF-LOGO.png\",\"width\":391,\"height\":249,\"caption\":\"Qingdao H&F\"},\"image\":{\"@id\":\"https:\/\/qingdaohf.com\/bg\/#\/schema\/logo\/image\/\"},\"sameAs\":[\"https:\/\/www.facebook.com\/qingdaohf\"]}]}<\/script>\n<!-- \/ Yoast SEO plugin. -->","yoast_head_json":{"title":"Clevis Grab Hooks","description":"Grab hooks are specialized hooks used for gripping and securing chains or other types of tensioned materials.","robots":{"index":"index","follow":"follow","max-snippet":"max-snippet:-1","max-image-preview":"max-image-preview:large","max-video-preview":"max-video-preview:-1"},"canonical":"https:\/\/qingdaohf.com\/lv\/products\/satversanas-aki\/","og_locale":"lv_LV","og_type":"article","og_title":"Clevis Grab Hooks","og_description":"Grab hooks are specialized hooks used for gripping and securing chains or other types of tensioned materials.","og_url":"https:\/\/qingdaohf.com\/lv\/products\/satversanas-aki\/","og_site_name":"Concrete Form &amp; Rigging Hardware Supplier","article_publisher":"https:\/\/www.facebook.com\/qingdaohf","article_modified_time":"2025-11-13T01:05:12+00:00","og_image":[{"width":800,"height":800,"url":"https:\/\/qingdaohf.com\/wp-content\/uploads\/2023\/04\/3.jpg","type":"image\/jpeg"}],"twitter_card":"summary_large_image","twitter_misc":{"Est. reading time":"2 min\u016btes"},"schema":{"@context":"https:\/\/schema.org","@graph":[{"@type":"WebPage","@id":"https:\/\/qingdaohf.com\/product\/grab-hooks\/","url":"https:\/\/qingdaohf.com\/product\/grab-hooks\/","name":"Clevis Grab Hooks","isPartOf":{"@id":"https:\/\/qingdaohf.com\/bg\/#website"},"primaryImageOfPage":{"@id":"https:\/\/qingdaohf.com\/product\/grab-hooks\/#primaryimage"},"image":{"@id":"https:\/\/qingdaohf.com\/product\/grab-hooks\/#primaryimage"},"thumbnailUrl":"https:\/\/qingdaohf.com\/wp-content\/uploads\/2023\/04\/3.jpg","datePublished":"2023-04-10T11:05:10+00:00","dateModified":"2025-11-13T01:05:12+00:00","description":"Grab hooks are specialized hooks used for gripping and securing chains or other types of tensioned materials.","breadcrumb":{"@id":"https:\/\/qingdaohf.com\/product\/grab-hooks\/#breadcrumb"},"inLanguage":"lv-LV","potentialAction":[{"@type":"ReadAction","target":["https:\/\/qingdaohf.com\/product\/grab-hooks\/"]}]},{"@type":"ImageObject","inLanguage":"lv-LV","@id":"https:\/\/qingdaohf.com\/product\/grab-hooks\/#primaryimage","url":"https:\/\/qingdaohf.com\/wp-content\/uploads\/2023\/04\/3.jpg","contentUrl":"https:\/\/qingdaohf.com\/wp-content\/uploads\/2023\/04\/3.jpg","width":800,"height":800,"caption":"grab hooks"},{"@type":"BreadcrumbList","@id":"https:\/\/qingdaohf.com\/product\/grab-hooks\/#breadcrumb","itemListElement":[{"@type":"ListItem","position":1,"name":"Home","item":"https:\/\/qingdaohf.com\/"},{"@type":"ListItem","position":2,"name":"Concrete Forming Accessories and Rigging Hardware","item":"https:\/\/qingdaohf.com\/bg\/?page_id=944"},{"@type":"ListItem","position":3,"name":"Clevis Grab Hooks"}]},{"@type":"WebSite","@id":"https:\/\/qingdaohf.com\/bg\/#website","url":"https:\/\/qingdaohf.com\/bg\/","name":"Concrete Form & Rigging Hardware Supplier","description":"","publisher":{"@id":"https:\/\/qingdaohf.com\/bg\/#organization"},"potentialAction":[{"@type":"SearchAction","target":{"@type":"EntryPoint","urlTemplate":"https:\/\/qingdaohf.com\/bg\/?s={search_term_string}"},"query-input":{"@type":"PropertyValueSpecification","valueRequired":true,"valueName":"search_term_string"}}],"inLanguage":"lv-LV"},{"@type":"Organization","@id":"https:\/\/qingdaohf.com\/bg\/#organization","name":"Qingdao H&F","url":"https:\/\/qingdaohf.com\/bg\/","logo":{"@type":"ImageObject","inLanguage":"lv-LV","@id":"https:\/\/qingdaohf.com\/bg\/#\/schema\/logo\/image\/","url":"https:\/\/qingdaohf.com\/wp-content\/uploads\/2022\/12\/cropped-HF-LOGO.png","contentUrl":"https:\/\/qingdaohf.com\/wp-content\/uploads\/2022\/12\/cropped-HF-LOGO.png","width":391,"height":249,"caption":"Qingdao H&F"},"image":{"@id":"https:\/\/qingdaohf.com\/bg\/#\/schema\/logo\/image\/"},"sameAs":["https:\/\/www.facebook.com\/qingdaohf"]}]}},"_links":{"self":[{"href":"https:\/\/qingdaohf.com\/lv\/wp-json\/wp\/v2\/product\/3576","targetHints":{"allow":["GET"]}}],"collection":[{"href":"https:\/\/qingdaohf.com\/lv\/wp-json\/wp\/v2\/product"}],"about":[{"href":"https:\/\/qingdaohf.com\/lv\/wp-json\/wp\/v2\/types\/product"}],"replies":[{"embeddable":true,"href":"https:\/\/qingdaohf.com\/lv\/wp-json\/wp\/v2\/comments?post=3576"}],"version-history":[{"count":2,"href":"https:\/\/qingdaohf.com\/lv\/wp-json\/wp\/v2\/product\/3576\/revisions"}],"predecessor-version":[{"id":3965,"href":"https:\/\/qingdaohf.com\/lv\/wp-json\/wp\/v2\/product\/3576\/revisions\/3965"}],"wp:featuredmedia":[{"embeddable":true,"href":"https:\/\/qingdaohf.com\/lv\/wp-json\/wp\/v2\/media\/3577"}],"wp:attachment":[{"href":"https:\/\/qingdaohf.com\/lv\/wp-json\/wp\/v2\/media?parent=3576"}],"wp:term":[{"taxonomy":"product_brand","embeddable":true,"href":"https:\/\/qingdaohf.com\/lv\/wp-json\/wp\/v2\/product_brand?post=3576"},{"taxonomy":"product_cat","embeddable":true,"href":"https:\/\/qingdaohf.com\/lv\/wp-json\/wp\/v2\/product_cat?post=3576"},{"taxonomy":"product_tag","embeddable":true,"href":"https:\/\/qingdaohf.com\/lv\/wp-json\/wp\/v2\/product_tag?post=3576"}],"curies":[{"name":"wp","href":"https:\/\/api.w.org\/{rel}","templated":true}]}}