{"id":3812,"date":"2023-05-19T16:11:27","date_gmt":"2023-05-19T08:11:27","guid":{"rendered":"http:\/\/qingdaohf.com\/?post_type=product&#038;p=3812"},"modified":"2025-11-13T09:05:11","modified_gmt":"2025-11-13T01:05:11","slug":"g210-shackle","status":"publish","type":"product","link":"https:\/\/qingdaohf.com\/lv\/products\/g210-kronsteins\/","title":{"rendered":"G210 Cinkota D veida va\u017eas"},"content":{"rendered":"<p><strong>1. Kvalit\u0101tes nodro\u0161in\u0101\u0161ana:<\/strong> Deklar\u0101cija: Esiet dro\u0161i par m\u016bsu G210 va\u017eas izcilo kvalit\u0101ti. M\u0113s r\u016bp\u012bgi iep\u0113rkam \u0161os produktus no pasaul\u0113 atz\u012btiem ra\u017eot\u0101jiem, nodro\u0161inot to atbilst\u012bbu visaugst\u0101kajiem nozares standartiem. Lai pamatotu \u0161o ap\u0146em\u0161anos, m\u0113s sniedzam \u012bpa\u0161us kvalit\u0101tes sertifik\u0101tus, piem\u0113ram, ISO 9001:2015, kas garant\u0113 katras va\u017eas kvalit\u0101ti un uzticam\u012bbu.<\/p>\n<p><strong>2. Konkur\u0113tsp\u0113j\u012bgas cenas:<\/strong> Deklar\u0101cija: H&amp;F m\u0113s no jauna defin\u0113jam pieejam\u012bbu, nemazinot kvalit\u0101ti. M\u016bsu pla\u0161ais t\u012bkls un racionaliz\u0113ta pieg\u0101des \u0137\u0113de \u013cauj mums pied\u0101v\u0101t vislab\u0101k\u0101s G210 va\u017eas vairumtirdzniec\u012bbas cenas vis\u0101 pasaul\u0113. Sazinieties ar m\u016bsu p\u0101rdo\u0161anas komandu, lai apspriestu j\u016bsu apjoma pras\u012bbas un g\u016btu labumu no personaliz\u0113tiem cenu risin\u0101jumiem, kas atbilst j\u016bsu bud\u017eeta ierobe\u017eojumiem.<\/p>\n<p><strong>3. Piel\u0101go\u0161ana un specifik\u0101cijas:<\/strong> Deklar\u0101cija: Atv\u0113rt pilnu piel\u0101go\u0161anas potenci\u0101lu ar H&amp;F. M\u0113s saprotam j\u016bsu lietojumu unikalit\u0101ti, un m\u016bsu G210 va\u017eas var piel\u0101got, lai t\u0101s prec\u012bzi atbilstu j\u016bsu specifik\u0101cij\u0101m. S\u0101kot no izm\u0113riem l\u012bdz materi\u0101la sast\u0101vam, m\u016bsu pieredz\u0113jus\u012b komanda nodro\u0161ina, ka katra skava ir ide\u0101li piem\u0113rota j\u016bsu at\u0161\u0137ir\u012bgaj\u0101m pras\u012bb\u0101m.<\/p>\n<p><strong>4. \u012apa\u0161s izpildes laiks un lo\u0123istika:<\/strong> Deklar\u0101cija: Laiks ir svar\u012bgs, un m\u0113s pie\u0161\u0137iram priorit\u0101ti \u0101trai pieg\u0101dei. M\u016bsu G210 va\u017eas G210 sagatavo\u0161anas laiks ir prec\u012bzi piel\u0101gots j\u016bsu vajadz\u012bb\u0101m, un konkr\u0113ti termi\u0146i ir noteikti, pamatojoties uz pas\u016bt\u012bjuma apjomu un piel\u0101go\u0161anas pras\u012bb\u0101m. M\u016bsu efekt\u012bv\u0101 lo\u0123istikas komanda nodro\u0161ina netrauc\u0113tu pieg\u0101di, un re\u0101llaika izseko\u0161anas inform\u0101cija vienm\u0113r ir jums pa rokai.<\/p>\n<p><strong>5. P\u0113cp\u0101rdo\u0161anas atbalsts:<\/strong> Deklar\u0101cija: M\u016bsu saist\u012bbas nebeidzas l\u012bdz ar pirkumu. H&amp;F neatlaid\u012bgi st\u0101v aiz saviem produktiem, pied\u0101v\u0101jot nep\u0101rsp\u0113jamu p\u0113cp\u0101rdo\u0161anas atbalstu. Neatkar\u012bgi no t\u0101, vai jums nepiecie\u0161ama tehnisk\u0101 pal\u012bdz\u012bba, garantijas segums vai nomai\u0146as pakalpojumi, m\u016bsu komanda ir gatava risin\u0101t j\u016bsu probl\u0113mas un nodro\u0161in\u0101t j\u016bsu apmierin\u0101t\u012bbu.<\/p>\n<p><strong>6. Vides un atbilst\u012bbas standarti:<\/strong> Deklar\u0101cija: H&amp;F lepojas ar vides un atbilst\u012bbas standartu iev\u0113ro\u0161anu. M\u016bsu G210 va\u017eas ne tikai atbilst, bet ar\u012b p\u0101rsniedz pasaules nozares standartus. Ra\u017eo\u0161anas procesos tiek iev\u0113rota \u0113tiska un videi draudz\u012bga prakse, kas nevainojami atbilst j\u016bsu korporat\u012bv\u0101s atbild\u012bbas m\u0113r\u0137iem.<\/p>\n<div class=\"ast-oembed-container\" style=\"height: 100%;\"><iframe title=\"H&amp;F G209 G210 skavu kolekcija\" width=\"500\" height=\"281\" src=\"https:\/\/www.youtube.com\/embed\/f5c-7zVpoOE?feature=oembed\" frameborder=\"0\" allow=\"accelerometer; autoplay; clipboard-write; encrypted-media; gyroscope; picture-in-picture; web-share\" referrerpolicy=\"strict-origin-when-cross-origin\" allowfullscreen><\/iframe><\/div>\n<p><strong>Cinkots Iztur\u012bba:<\/strong> Skava G210 ir izgatavota no augstas kvalit\u0101tes t\u0113rauda un cinkota, lai nodro\u0161in\u0101tu liel\u0101ku iztur\u012bbu. \u0160is aizsargp\u0101rkl\u0101jums ne tikai aizsarg\u0101 va\u017eas pret koroziju, pagarinot to kalpo\u0161anas laiku, bet ar\u012b nodro\u0161ina to darb\u012bbu skarbos apst\u0101k\u013cos, tostarp j\u016br\u0101 un \u0101rpus telp\u0101m.<\/p>\n<p><strong>Iztur\u012bga konstrukcija:<\/strong> Izstr\u0101d\u0101ta, lai iztur\u0113tu lielas slodzes, G210 va\u017eas ir iztur\u012bgas un kompaktas konstrukcijas. \u0160\u012b \u012bpa\u0161\u012bba palielina t\u0101s daudzpus\u012bbu, \u013caujot to izmantot neskait\u0101mos scen\u0101rijos, s\u0101kot ar b\u016bvlaukumiem un beidzot ar ku\u0123o\u0161anas laukumiem.<\/p>\n<p><strong>Dro\u0161\u012bbas tapas meh\u0101nisms:<\/strong> Ar dro\u0161\u012bbas tapu apr\u012bkot\u0101 sl\u0113gmeh\u0101nisma skava nodro\u0161ina papildu dro\u0161\u012bbas l\u012bmeni darb\u012bbas laik\u0101. Tas nodro\u0161ina, ka krava paliek dro\u0161i piestiprin\u0101ta, l\u012bdz minimumam samazinot nejau\u0161as atvieno\u0161an\u0101s risku un veicinot dro\u0161u darba vidi.<\/p>\n<p><strong>Lietojumprogrammu daudzpus\u012bba:<\/strong> Neatkar\u012bgi no t\u0101, vai tiek paceltas iek\u0101rtas, nostiprin\u0101ta krava vai savienotas pacel\u0161anas stropes, cinkota va\u017eas G210 ir lieliski izmantojamas da\u017e\u0101d\u0101s jom\u0101s. T\u0101 daudzpus\u012bba un uzticam\u012bba padara to par neaizst\u0101jamu instrumentu nozar\u0113s, kur\u0101s nepiecie\u0161ama bezkompromisa veiktsp\u0113ja.<\/p>\n<p><img fetchpriority=\"high\" decoding=\"async\" class=\"alignnone size-full wp-image-3813\" src=\"http:\/\/qingdaohf.com\/wp-content\/uploads\/2023\/05\/G209-G210-shackle.jpg\" alt=\"G209 G210 skava\" width=\"1000\" height=\"1296\" srcset=\"https:\/\/qingdaohf.com\/wp-content\/uploads\/2023\/05\/G209-G210-shackle.jpg 1000w, https:\/\/qingdaohf.com\/wp-content\/uploads\/2023\/05\/G209-G210-shackle-231x300.jpg 231w, https:\/\/qingdaohf.com\/wp-content\/uploads\/2023\/05\/G209-G210-shackle-790x1024.jpg 790w, https:\/\/qingdaohf.com\/wp-content\/uploads\/2023\/05\/G209-G210-shackle-768x995.jpg 768w\" sizes=\"(max-width: 1000px) 100vw, 1000px\" \/><\/p>","protected":false},"excerpt":{"rendered":"<p>Laipni l\u016bgti Qingdao H&amp;F, j\u016bsu uzticamaj\u0101 partner\u012b G210 va\u017eu ra\u017eo\u0161an\u0101. K\u0101 va\u017eu pieg\u0101d\u0101t\u0101js ar vair\u0101k nek\u0101 20 gadu pieredzi m\u0113s lepojamies ar to, ka pieg\u0101d\u0101jam kvalitat\u012bvus produktus par vislab\u0101kaj\u0101m cen\u0101m. Izbaudiet nep\u0101rsp\u0113jamu klientu apkalpo\u0161anu ar m\u016bsu individu\u0101lo pieeju, nodro\u0161inot j\u016bsu \u012bpa\u0161o pras\u012bbu izpildi. M\u016bsu G210 va\u017eas, kas izgatavotas, pateicoties gadu desmitiem ilg\u0101m zin\u0101\u0161an\u0101m nozar\u0113, nodro\u0161ina iztur\u012bgus un uzticamus risin\u0101jumus. M\u016bs at\u0161\u0137ir piel\u0101go\u0161anas iesp\u0113ja, kas \u013cauj piel\u0101got va\u017eas tie\u0161i j\u016bsu vajadz\u012bb\u0101m. Izv\u0113lieties Qingdao H&amp;F, lai g\u016btu nevainojamu vairumtirdzniec\u012bbas pieredzi, kur sapl\u016bst pieejam\u012bba, kvalit\u0101te un personaliz\u0113ts serviss. Uzticieties mums, lai m\u0113s ar izcil\u012bbu un cent\u012bbu apmierin\u0101tu j\u016bsu vajadz\u012bbas p\u0113c va\u017e\u0101m.<\/p>","protected":false},"featured_media":6312,"comment_status":"open","ping_status":"closed","template":"","meta":{"site-sidebar-layout":"default","site-content-layout":"default","ast-site-content-layout":"default","site-content-style":"default","site-sidebar-style":"default","ast-global-header-display":"","ast-banner-title-visibility":"","ast-main-header-display":"","ast-hfb-above-header-display":"","ast-hfb-below-header-display":"","ast-hfb-mobile-header-display":"","site-post-title":"","ast-breadcrumbs-content":"","ast-featured-img":"","footer-sml-layout":"","theme-transparent-header-meta":"default","adv-header-id-meta":"","stick-header-meta":"default","header-above-stick-meta":"","header-main-stick-meta":"","header-below-stick-meta":"","astra-migrate-meta-layouts":"set","ast-page-background-enabled":"default","ast-page-background-meta":{"desktop":{"background-color":"","background-image":"","background-repeat":"repeat","background-position":"center center","background-size":"auto","background-attachment":"scroll","background-type":"","background-media":"","overlay-type":"","overlay-color":"","overlay-opacity":"","overlay-gradient":""},"tablet":{"background-color":"","background-image":"","background-repeat":"repeat","background-position":"center center","background-size":"auto","background-attachment":"scroll","background-type":"","background-media":"","overlay-type":"","overlay-color":"","overlay-opacity":"","overlay-gradient":""},"mobile":{"background-color":"","background-image":"","background-repeat":"repeat","background-position":"center center","background-size":"auto","background-attachment":"scroll","background-type":"","background-media":"","overlay-type":"","overlay-color":"","overlay-opacity":"","overlay-gradient":""}},"ast-content-background-meta":{"desktop":{"background-color":"var(--ast-global-color-5)","background-image":"","background-repeat":"repeat","background-position":"center center","background-size":"auto","background-attachment":"scroll","background-type":"","background-media":"","overlay-type":"","overlay-color":"","overlay-opacity":"","overlay-gradient":""},"tablet":{"background-color":"var(--ast-global-color-5)","background-image":"","background-repeat":"repeat","background-position":"center center","background-size":"auto","background-attachment":"scroll","background-type":"","background-media":"","overlay-type":"","overlay-color":"","overlay-opacity":"","overlay-gradient":""},"mobile":{"background-color":"var(--ast-global-color-5)","background-image":"","background-repeat":"repeat","background-position":"center center","background-size":"auto","background-attachment":"scroll","background-type":"","background-media":"","overlay-type":"","overlay-color":"","overlay-opacity":"","overlay-gradient":""}}},"product_brand":[],"product_cat":[54],"product_tag":[],"class_list":{"0":"post-3812","1":"product","2":"type-product","3":"status-publish","4":"has-post-thumbnail","6":"product_cat-shackle","7":"desktop-align-left","8":"tablet-align-left","9":"mobile-align-left","10":"ast-product-gallery-layout-horizontal-slider","11":"ast-product-tabs-layout-horizontal","13":"first","14":"instock","15":"shipping-taxable","16":"purchasable","17":"product-type-simple"},"yoast_head":"<!-- This site is optimized with the Yoast SEO plugin v25.2 - https:\/\/yoast.com\/wordpress\/plugins\/seo\/ -->\n<title>G210 Galvanized D Shackle<\/title>\n<meta name=\"description\" content=\"The primary purpose of the G210 Galvanized Shackle is to facilitate secure connections in lifting and rigging operations.\" \/>\n<meta name=\"robots\" content=\"index, follow, max-snippet:-1, max-image-preview:large, max-video-preview:-1\" \/>\n<link rel=\"canonical\" href=\"https:\/\/qingdaohf.com\/lv\/products\/g210-kronsteins\/\" \/>\n<meta property=\"og:locale\" content=\"lv_LV\" \/>\n<meta property=\"og:type\" content=\"article\" \/>\n<meta property=\"og:title\" content=\"G210 Galvanized D Shackle\" \/>\n<meta property=\"og:description\" content=\"The primary purpose of the G210 Galvanized Shackle is to facilitate secure connections in lifting and rigging operations.\" \/>\n<meta property=\"og:url\" content=\"https:\/\/qingdaohf.com\/lv\/products\/g210-kronsteins\/\" \/>\n<meta property=\"og:site_name\" content=\"Concrete Form &amp; Rigging Hardware Supplier\" \/>\n<meta property=\"article:publisher\" content=\"https:\/\/www.facebook.com\/qingdaohf\" \/>\n<meta property=\"article:modified_time\" content=\"2025-11-13T01:05:11+00:00\" \/>\n<meta property=\"og:image\" content=\"https:\/\/qingdaohf.com\/wp-content\/uploads\/2023\/05\/210-shackle.jpg\" \/>\n\t<meta property=\"og:image:width\" content=\"900\" \/>\n\t<meta property=\"og:image:height\" content=\"900\" \/>\n\t<meta property=\"og:image:type\" content=\"image\/jpeg\" \/>\n<meta name=\"twitter:card\" content=\"summary_large_image\" \/>\n<meta name=\"twitter:label1\" content=\"Est. reading time\" \/>\n\t<meta name=\"twitter:data1\" content=\"3 min\u016btes\" \/>\n<script type=\"application\/ld+json\" class=\"yoast-schema-graph\">{\"@context\":\"https:\/\/schema.org\",\"@graph\":[{\"@type\":\"WebPage\",\"@id\":\"https:\/\/qingdaohf.com\/product\/g210-shackle\/\",\"url\":\"https:\/\/qingdaohf.com\/product\/g210-shackle\/\",\"name\":\"G210 Galvanized D Shackle\",\"isPartOf\":{\"@id\":\"https:\/\/qingdaohf.com\/bg\/#website\"},\"primaryImageOfPage\":{\"@id\":\"https:\/\/qingdaohf.com\/product\/g210-shackle\/#primaryimage\"},\"image\":{\"@id\":\"https:\/\/qingdaohf.com\/product\/g210-shackle\/#primaryimage\"},\"thumbnailUrl\":\"https:\/\/qingdaohf.com\/wp-content\/uploads\/2023\/05\/210-shackle.jpg\",\"datePublished\":\"2023-05-19T08:11:27+00:00\",\"dateModified\":\"2025-11-13T01:05:11+00:00\",\"description\":\"The primary purpose of the G210 Galvanized Shackle is to facilitate secure connections in lifting and rigging operations.\",\"breadcrumb\":{\"@id\":\"https:\/\/qingdaohf.com\/product\/g210-shackle\/#breadcrumb\"},\"inLanguage\":\"lv-LV\",\"potentialAction\":[{\"@type\":\"ReadAction\",\"target\":[\"https:\/\/qingdaohf.com\/product\/g210-shackle\/\"]}]},{\"@type\":\"ImageObject\",\"inLanguage\":\"lv-LV\",\"@id\":\"https:\/\/qingdaohf.com\/product\/g210-shackle\/#primaryimage\",\"url\":\"https:\/\/qingdaohf.com\/wp-content\/uploads\/2023\/05\/210-shackle.jpg\",\"contentUrl\":\"https:\/\/qingdaohf.com\/wp-content\/uploads\/2023\/05\/210-shackle.jpg\",\"width\":900,\"height\":900,\"caption\":\"210 D shackle\"},{\"@type\":\"BreadcrumbList\",\"@id\":\"https:\/\/qingdaohf.com\/product\/g210-shackle\/#breadcrumb\",\"itemListElement\":[{\"@type\":\"ListItem\",\"position\":1,\"name\":\"Home\",\"item\":\"https:\/\/qingdaohf.com\/\"},{\"@type\":\"ListItem\",\"position\":2,\"name\":\"Concrete Forming Accessories and Rigging Hardware\",\"item\":\"https:\/\/qingdaohf.com\/bg\/?page_id=944\"},{\"@type\":\"ListItem\",\"position\":3,\"name\":\"G210 Galvanized D Shackle\"}]},{\"@type\":\"WebSite\",\"@id\":\"https:\/\/qingdaohf.com\/bg\/#website\",\"url\":\"https:\/\/qingdaohf.com\/bg\/\",\"name\":\"Concrete Form & Rigging Hardware Supplier\",\"description\":\"\",\"publisher\":{\"@id\":\"https:\/\/qingdaohf.com\/bg\/#organization\"},\"potentialAction\":[{\"@type\":\"SearchAction\",\"target\":{\"@type\":\"EntryPoint\",\"urlTemplate\":\"https:\/\/qingdaohf.com\/bg\/?s={search_term_string}\"},\"query-input\":{\"@type\":\"PropertyValueSpecification\",\"valueRequired\":true,\"valueName\":\"search_term_string\"}}],\"inLanguage\":\"lv-LV\"},{\"@type\":\"Organization\",\"@id\":\"https:\/\/qingdaohf.com\/bg\/#organization\",\"name\":\"Qingdao H&F\",\"url\":\"https:\/\/qingdaohf.com\/bg\/\",\"logo\":{\"@type\":\"ImageObject\",\"inLanguage\":\"lv-LV\",\"@id\":\"https:\/\/qingdaohf.com\/bg\/#\/schema\/logo\/image\/\",\"url\":\"https:\/\/qingdaohf.com\/wp-content\/uploads\/2022\/12\/cropped-HF-LOGO.png\",\"contentUrl\":\"https:\/\/qingdaohf.com\/wp-content\/uploads\/2022\/12\/cropped-HF-LOGO.png\",\"width\":391,\"height\":249,\"caption\":\"Qingdao H&F\"},\"image\":{\"@id\":\"https:\/\/qingdaohf.com\/bg\/#\/schema\/logo\/image\/\"},\"sameAs\":[\"https:\/\/www.facebook.com\/qingdaohf\"]}]}<\/script>\n<!-- \/ Yoast SEO plugin. -->","yoast_head_json":{"title":"G210 Galvanized D Shackle","description":"The primary purpose of the G210 Galvanized Shackle is to facilitate secure connections in lifting and rigging operations.","robots":{"index":"index","follow":"follow","max-snippet":"max-snippet:-1","max-image-preview":"max-image-preview:large","max-video-preview":"max-video-preview:-1"},"canonical":"https:\/\/qingdaohf.com\/lv\/products\/g210-kronsteins\/","og_locale":"lv_LV","og_type":"article","og_title":"G210 Galvanized D Shackle","og_description":"The primary purpose of the G210 Galvanized Shackle is to facilitate secure connections in lifting and rigging operations.","og_url":"https:\/\/qingdaohf.com\/lv\/products\/g210-kronsteins\/","og_site_name":"Concrete Form &amp; Rigging Hardware Supplier","article_publisher":"https:\/\/www.facebook.com\/qingdaohf","article_modified_time":"2025-11-13T01:05:11+00:00","og_image":[{"width":900,"height":900,"url":"https:\/\/qingdaohf.com\/wp-content\/uploads\/2023\/05\/210-shackle.jpg","type":"image\/jpeg"}],"twitter_card":"summary_large_image","twitter_misc":{"Est. reading time":"3 min\u016btes"},"schema":{"@context":"https:\/\/schema.org","@graph":[{"@type":"WebPage","@id":"https:\/\/qingdaohf.com\/product\/g210-shackle\/","url":"https:\/\/qingdaohf.com\/product\/g210-shackle\/","name":"G210 Galvanized D Shackle","isPartOf":{"@id":"https:\/\/qingdaohf.com\/bg\/#website"},"primaryImageOfPage":{"@id":"https:\/\/qingdaohf.com\/product\/g210-shackle\/#primaryimage"},"image":{"@id":"https:\/\/qingdaohf.com\/product\/g210-shackle\/#primaryimage"},"thumbnailUrl":"https:\/\/qingdaohf.com\/wp-content\/uploads\/2023\/05\/210-shackle.jpg","datePublished":"2023-05-19T08:11:27+00:00","dateModified":"2025-11-13T01:05:11+00:00","description":"The primary purpose of the G210 Galvanized Shackle is to facilitate secure connections in lifting and rigging operations.","breadcrumb":{"@id":"https:\/\/qingdaohf.com\/product\/g210-shackle\/#breadcrumb"},"inLanguage":"lv-LV","potentialAction":[{"@type":"ReadAction","target":["https:\/\/qingdaohf.com\/product\/g210-shackle\/"]}]},{"@type":"ImageObject","inLanguage":"lv-LV","@id":"https:\/\/qingdaohf.com\/product\/g210-shackle\/#primaryimage","url":"https:\/\/qingdaohf.com\/wp-content\/uploads\/2023\/05\/210-shackle.jpg","contentUrl":"https:\/\/qingdaohf.com\/wp-content\/uploads\/2023\/05\/210-shackle.jpg","width":900,"height":900,"caption":"210 D shackle"},{"@type":"BreadcrumbList","@id":"https:\/\/qingdaohf.com\/product\/g210-shackle\/#breadcrumb","itemListElement":[{"@type":"ListItem","position":1,"name":"Home","item":"https:\/\/qingdaohf.com\/"},{"@type":"ListItem","position":2,"name":"Concrete Forming Accessories and Rigging Hardware","item":"https:\/\/qingdaohf.com\/bg\/?page_id=944"},{"@type":"ListItem","position":3,"name":"G210 Galvanized D Shackle"}]},{"@type":"WebSite","@id":"https:\/\/qingdaohf.com\/bg\/#website","url":"https:\/\/qingdaohf.com\/bg\/","name":"Concrete Form & Rigging Hardware Supplier","description":"","publisher":{"@id":"https:\/\/qingdaohf.com\/bg\/#organization"},"potentialAction":[{"@type":"SearchAction","target":{"@type":"EntryPoint","urlTemplate":"https:\/\/qingdaohf.com\/bg\/?s={search_term_string}"},"query-input":{"@type":"PropertyValueSpecification","valueRequired":true,"valueName":"search_term_string"}}],"inLanguage":"lv-LV"},{"@type":"Organization","@id":"https:\/\/qingdaohf.com\/bg\/#organization","name":"Qingdao H&F","url":"https:\/\/qingdaohf.com\/bg\/","logo":{"@type":"ImageObject","inLanguage":"lv-LV","@id":"https:\/\/qingdaohf.com\/bg\/#\/schema\/logo\/image\/","url":"https:\/\/qingdaohf.com\/wp-content\/uploads\/2022\/12\/cropped-HF-LOGO.png","contentUrl":"https:\/\/qingdaohf.com\/wp-content\/uploads\/2022\/12\/cropped-HF-LOGO.png","width":391,"height":249,"caption":"Qingdao H&F"},"image":{"@id":"https:\/\/qingdaohf.com\/bg\/#\/schema\/logo\/image\/"},"sameAs":["https:\/\/www.facebook.com\/qingdaohf"]}]}},"_links":{"self":[{"href":"https:\/\/qingdaohf.com\/lv\/wp-json\/wp\/v2\/product\/3812","targetHints":{"allow":["GET"]}}],"collection":[{"href":"https:\/\/qingdaohf.com\/lv\/wp-json\/wp\/v2\/product"}],"about":[{"href":"https:\/\/qingdaohf.com\/lv\/wp-json\/wp\/v2\/types\/product"}],"replies":[{"embeddable":true,"href":"https:\/\/qingdaohf.com\/lv\/wp-json\/wp\/v2\/comments?post=3812"}],"version-history":[{"count":9,"href":"https:\/\/qingdaohf.com\/lv\/wp-json\/wp\/v2\/product\/3812\/revisions"}],"predecessor-version":[{"id":6289,"href":"https:\/\/qingdaohf.com\/lv\/wp-json\/wp\/v2\/product\/3812\/revisions\/6289"}],"wp:featuredmedia":[{"embeddable":true,"href":"https:\/\/qingdaohf.com\/lv\/wp-json\/wp\/v2\/media\/6312"}],"wp:attachment":[{"href":"https:\/\/qingdaohf.com\/lv\/wp-json\/wp\/v2\/media?parent=3812"}],"wp:term":[{"taxonomy":"product_brand","embeddable":true,"href":"https:\/\/qingdaohf.com\/lv\/wp-json\/wp\/v2\/product_brand?post=3812"},{"taxonomy":"product_cat","embeddable":true,"href":"https:\/\/qingdaohf.com\/lv\/wp-json\/wp\/v2\/product_cat?post=3812"},{"taxonomy":"product_tag","embeddable":true,"href":"https:\/\/qingdaohf.com\/lv\/wp-json\/wp\/v2\/product_tag?post=3812"}],"curies":[{"name":"wp","href":"https:\/\/api.w.org\/{rel}","templated":true}]}}