{"id":3822,"date":"2023-05-19T16:36:58","date_gmt":"2023-05-19T08:36:58","guid":{"rendered":"http:\/\/qingdaohf.com\/?post_type=product&#038;p=3822"},"modified":"2025-11-13T09:05:11","modified_gmt":"2025-11-13T01:05:11","slug":"g215-shackle","status":"publish","type":"product","link":"https:\/\/qingdaohf.com\/lv\/products\/g213-g215-cinkota-skava\/","title":{"rendered":"G215 Cinkota skava"},"content":{"rendered":"<p class=\"\" data-start=\"525\" data-end=\"1183\">G215 knaibl\u012b ir iztur\u012bgas in\u017eenierijas un izsmalcin\u0101tas meistar\u012bbas apvienojums, kas piel\u0101gots da\u017e\u0101diem r\u016bpnieciskiem lietojumiem. Izstr\u0101d\u0101ts ar r\u016bp\u012bgu uzman\u012bbu deta\u013c\u0101m, \u0161is izstr\u0101d\u0101jums ir izstr\u0101d\u0101ts, lai atbilstu stingriem kvalit\u0101tes kontroles standartiem, vienlaikus pied\u0101v\u0101jot praktisku risin\u0101jumu sare\u017e\u0123\u012bt\u0101m takel\u0101\u017eas vajadz\u012bb\u0101m. Izstr\u0101d\u0101ts, lai nodro\u0161in\u0101tu iztur\u012bbu, G215 Shackle nodro\u0161ina izcilu l\u012bdzsvaru starp nestsp\u0113ju un darb\u012bbas efektivit\u0101ti, risinot da\u017e\u0101das probl\u0113mas, ar kur\u0101m n\u0101kas saskarties, veicot smagas slodzes uzdevumus. T\u0101s konstrukcija atspogu\u013co jaun\u0101kos sasniegumus materi\u0101lzin\u0101tnes jom\u0101, nodro\u0161inot, ka katra vien\u012bba dro\u0161i darbojas nelabv\u0113l\u012bgos apst\u0101k\u013cos.<\/p>\n<h2 class=\"\" data-start=\"1185\" data-end=\"1223\">Specifik\u0101cijas un dizaina deta\u013cas<\/h2>\n<p class=\"\" data-start=\"1224\" data-end=\"1898\">\u0160is takel\u0101\u017eas piederums ir izgatavots galvenok\u0101rt no augst\u0101k\u0101s kvalit\u0101tes le\u0123\u0113t\u0101 t\u0113rauda, kas ne tikai garant\u0113 izcilu iztur\u012bbas un svara attiec\u012bbu, bet ar\u012b nodro\u0161ina izcilu iztur\u012bbu pret nodilumu un koroziju. G215 skava ir prec\u012bzi izstr\u0101d\u0101ta, lai piel\u0101gotos noteiktai slodzei, kas atbilst da\u017e\u0101d\u0101m ekspluat\u0101cijas pras\u012bb\u0101m. T\u0101s izm\u0113ri un pielaides ir r\u016bp\u012bgi p\u0101rbaud\u012btas un pilnveidotas, nodro\u0161inot, ka va\u017eas darbojas optim\u0101li pat tad, ja t\u0101s tiek pak\u013cautas atk\u0101rtot\u0101m un liel\u0101m slodz\u0113m. \u0160\u012b izstr\u0101d\u0101juma in\u017eeniertehniskaj\u0101 izstr\u0101d\u0113 ir iek\u013cauti progres\u012bvi konstrukcijas elementi, kas samazina jebk\u0101du iesp\u0113jamo deform\u0101ciju slodzes ietekm\u0113, t\u0101d\u0113j\u0101di uzlabojot visp\u0101r\u0113jo dro\u0161\u012bbu un darb\u012bbas konsekvenci.<\/p>\n<h2 class=\"\" data-start=\"1900\" data-end=\"1940\">Materi\u0101la sast\u0101vs un iztur\u012bba<\/h2>\n<p class=\"\" data-start=\"1941\" data-end=\"2764\">G215 va\u017eas veiktsp\u0113jas pamat\u0101 ir t\u0101s izcilais materi\u0101la sast\u0101vs. T\u0101s ra\u017eo\u0161an\u0101 izmantotais augstas kvalit\u0101tes le\u0123\u0113tais t\u0113rauds ir izv\u0113l\u0113ts, pateicoties t\u0101 izcilaj\u0101m meh\u0101niskaj\u0101m \u012bpa\u0161\u012bb\u0101m, tostarp augstajai stiepes iztur\u012bbai un iztur\u012bbai pret vides degrad\u0101ciju. \u0160\u012b materi\u0101la izv\u0113le veicina va\u017eas iespaid\u012bgo iztur\u012bbu un ilgm\u016b\u017e\u012bbu pat main\u012bgos laikapst\u0101k\u013cos un skarb\u0101 r\u016bpniecisk\u0101 vid\u0113. Izmantojot m\u016bsdien\u012bgus metalur\u0123ijas pa\u0146\u0113mienus, \u0161is materi\u0101ls ne tikai atbilst starptautiskajiem standartiem, bet ar\u012b tos p\u0101rsniedz, un tas ir ieguvis vair\u0101kus sertifik\u0101tus, kas apliecina t\u0101 kvalit\u0101ti un uzticam\u012bbu. Akredit\u0113tu iest\u0101\u017eu veiktie stingrie kvalit\u0101tes kontroles testi v\u0113l vair\u0101k apliecina va\u017eas sp\u0113ju saglab\u0101t veiktsp\u0113jas integrit\u0101ti ilgsto\u0161as lieto\u0161anas laik\u0101.<\/p>\n<h2 class=\"\" data-start=\"2766\" data-end=\"2799\">Pielietojums un izmanto\u0161ana nozar\u0113<\/h2>\n<p class=\"\" data-start=\"2800\" data-end=\"3604\">G215 va\u017eas daudzpus\u012bba izpau\u017eas t\u0101s pla\u0161aj\u0101 pielietojumu kl\u0101st\u0101 da\u017e\u0101d\u0101s nozar\u0113s. Profesion\u0101\u013ci b\u016bvniec\u012bbas, j\u016brniec\u012bbas un smag\u0101s tehnikas nozar\u0113s ir secin\u0101ju\u0161i, ka t\u0101s novatorisk\u0101 konstrukcija efekt\u012bvi risina kritisk\u0101s dro\u0161\u012bbas probl\u0113mas un darba pras\u012bbas. T\u0101 prec\u012bz\u0101 konstrukcija \u013cauj to bez probl\u0113m\u0101m integr\u0113t ar citiem takel\u0101\u017eas komponentiem, t\u0101d\u0113j\u0101di racionaliz\u0113jot procesus un samazinot k\u013c\u016bmes risku intens\u012bvu uzdevumu veik\u0161anas laik\u0101. Scen\u0101rijos, kur uzticam\u012bba ir vissvar\u012bg\u0101k\u0101, G215 va\u017eas izce\u013cas k\u0101 produkts, kas nodro\u0161ina gan dro\u0161\u012bbu, gan efektivit\u0101ti. Izstr\u0101d\u0101juma iztur\u012bg\u0101 konstrukcija un atbilst\u012bba glob\u0101lajiem standartiem sniedz lietot\u0101jiem p\u0101rliec\u012bbu, ka tas sp\u0113j tikt gal\u0101 ar da\u017e\u0101diem izaicin\u0101jumiem, s\u0101kot ar ikdienas darbiem un beidzot ar sare\u017e\u0123\u012bt\u0101kajiem r\u016bpnieciskajiem projektiem.<\/p>\n<p><img fetchpriority=\"high\" decoding=\"async\" class=\"alignnone size-full wp-image-3828\" src=\"http:\/\/qingdaohf.com\/wp-content\/uploads\/2023\/05\/G213-G215.jpg\" alt=\"G213 G215 skava\" width=\"1000\" height=\"1281\" srcset=\"https:\/\/qingdaohf.com\/wp-content\/uploads\/2023\/05\/G213-G215.jpg 1000w, https:\/\/qingdaohf.com\/wp-content\/uploads\/2023\/05\/G213-G215-234x300.jpg 234w, https:\/\/qingdaohf.com\/wp-content\/uploads\/2023\/05\/G213-G215-799x1024.jpg 799w, https:\/\/qingdaohf.com\/wp-content\/uploads\/2023\/05\/G213-G215-768x984.jpg 768w\" sizes=\"(max-width: 1000px) 100vw, 1000px\" \/><\/p>\n<h2 class=\"\" data-start=\"3606\" data-end=\"3644\">Priek\u0161roc\u012bbas sadarb\u012bbai ar H&amp;F<\/h2>\n<p class=\"\" data-start=\"3645\" data-end=\"4834\">Ja runa ir par uzticamas takel\u0101\u017eas aparat\u016bras nodro\u0161in\u0101\u0161anu, sadarb\u012bba ar H&amp;F pied\u0101v\u0101 \u012bpa\u0161as priek\u0161roc\u012bbas, kas \u0161o uz\u0146\u0113mumu at\u0161\u0137ir no citiem. Pirc\u0113ji nov\u0113rt\u0113 sniegto visaptvero\u0161o atbalstu, s\u0101kot ar bezmaksas paraugu pieejam\u012bbu un beidzot ar individu\u0101lu klientu apkalpo\u0161anu, kas piev\u0113r\u0161as individu\u0101l\u0101m pras\u012bb\u0101m. H&amp;F ap\u0146em\u0161an\u0101s nodro\u0161in\u0101t kvalit\u0101ti un apkalpo\u0161anu izpau\u017eas k\u0101 pieg\u0101des iesp\u0113ja \"no durv\u012bm l\u012bdz durv\u012bm\", kas nodro\u0161ina savlaic\u012bgu un dro\u0161u produktu pieg\u0101di. Lai gan daudzi produkti tiek ieg\u016bti no \u0101r\u0113jiem izstr\u0101d\u0101t\u0101jiem, H&amp;F uztur stingru p\u0101rbaudes procesu un kvalit\u0101tes kontroles re\u017e\u012bmu, kas garant\u0113, ka katra ier\u012bce atbilst nepiecie\u0161amajiem sertifik\u0101tiem. Uz\u0146\u0113muma proakt\u012bv\u0101 pieeja klientu apkalpo\u0161anai un t\u0101 ap\u0146em\u0161an\u0101s veicin\u0101t individualiz\u0113tu risin\u0101jumu izstr\u0101di pal\u012bdz veidot notur\u012bgas attiec\u012bbas, kas balst\u012btas uz uztic\u0113\u0161anos un abpus\u0113jiem pan\u0101kumiem. Klienti tiek aicin\u0101ti izbaud\u012bt ekspertu ieteikumu un inovat\u012bvu produktu apvienojumu, kas vienk\u0101r\u0161o r\u016bpniecisk\u0101s takel\u0101\u017eas sare\u017e\u0123\u012bjumus. \u0160\u012b ap\u0146em\u0161an\u0101s sasniegt izcil\u012bbu atspogu\u013cojas visos pakalpojuma aspektos, nodro\u0161inot, ka klienti sa\u0146em ne tikai augstas kvalit\u0101tes izstr\u0101d\u0101jumu, piem\u0113ram, G215 Shackle, bet ar\u012b visaptvero\u0161u atbalsta sist\u0113mu, kas uzlabo kop\u0113jo darb\u012bbas efektivit\u0101ti.<\/p>\n<p class=\"\" data-start=\"4836\" data-end=\"5432\">Detaliz\u0113ta G215 Shackle anal\u012bze uzsver t\u0101 izcilo in\u017eeniertehnisko risin\u0101jumu, izcilo materi\u0101lu kvalit\u0101ti un stingro kvalit\u0101tes standartu iev\u0113ro\u0161anu. T\u0101 prec\u012bzais dizains padara to par v\u0113lamo izv\u0113li profesion\u0101\u013ciem nozar\u0113s, kur\u0101s nepiecie\u0161ama uzticam\u012bba un veiktsp\u0113ja. Turkl\u0101t H&amp;F pied\u0101v\u0101t\u0101s strat\u0113\u0123isk\u0101s priek\u0161roc\u012bbas, tostarp personaliz\u0113tais klientu apkalpo\u0161anas serviss un efekt\u012bvas pieg\u0101des sist\u0113mas, palielina \u0161\u012b produkta izv\u0113les v\u0113rt\u012bbu. Uzsverot dro\u0161\u012bbu, iztur\u012bbu un uz klientu orient\u0113tu atbalstu, G215 Shackle ir uzticams risin\u0101jums m\u016bsdienu r\u016bpnieciskajai videi.<\/p>","protected":false},"excerpt":{"rendered":"<p>G215 Shackle ir prec\u012bzi izstr\u0101d\u0101ts takel\u0101\u017eas aparat\u016bras piederums, kas r\u016bp\u012bgi izstr\u0101d\u0101ts lieljaudas lietojumiem. Izgatavota no augstas kvalit\u0101tes le\u0123\u0113t\u0101 t\u0113rauda un stingri p\u0101rbaud\u012bta, lai nodro\u0161in\u0101tu kvalit\u0101ti un dro\u0161\u012bbu, \u0161\u012b va\u017eas va\u017eas nodro\u0161ina izcilu iztur\u012bbu un uzticam\u012bbu sare\u017e\u0123\u012bt\u0101s r\u016bpniecisk\u0101s vid\u0113s. T\u0101 daudzpus\u012bg\u0101 konstrukcija un stingr\u0101 atbilst\u012bba starptautiskajiem sertifik\u0101tiem padara to par ide\u0101lu izv\u0113li profesion\u0101\u013ciem, kas mekl\u0113 uzticamu veiktsp\u0113ju un piel\u0101gotus risin\u0101jumus.<\/p>","protected":false},"featured_media":6333,"comment_status":"open","ping_status":"closed","template":"","meta":{"site-sidebar-layout":"default","site-content-layout":"default","ast-site-content-layout":"default","site-content-style":"default","site-sidebar-style":"default","ast-global-header-display":"","ast-banner-title-visibility":"","ast-main-header-display":"","ast-hfb-above-header-display":"","ast-hfb-below-header-display":"","ast-hfb-mobile-header-display":"","site-post-title":"","ast-breadcrumbs-content":"","ast-featured-img":"","footer-sml-layout":"","theme-transparent-header-meta":"default","adv-header-id-meta":"","stick-header-meta":"default","header-above-stick-meta":"","header-main-stick-meta":"","header-below-stick-meta":"","astra-migrate-meta-layouts":"set","ast-page-background-enabled":"default","ast-page-background-meta":{"desktop":{"background-color":"","background-image":"","background-repeat":"repeat","background-position":"center center","background-size":"auto","background-attachment":"scroll","background-type":"","background-media":"","overlay-type":"","overlay-color":"","overlay-opacity":"","overlay-gradient":""},"tablet":{"background-color":"","background-image":"","background-repeat":"repeat","background-position":"center center","background-size":"auto","background-attachment":"scroll","background-type":"","background-media":"","overlay-type":"","overlay-color":"","overlay-opacity":"","overlay-gradient":""},"mobile":{"background-color":"","background-image":"","background-repeat":"repeat","background-position":"center center","background-size":"auto","background-attachment":"scroll","background-type":"","background-media":"","overlay-type":"","overlay-color":"","overlay-opacity":"","overlay-gradient":""}},"ast-content-background-meta":{"desktop":{"background-color":"var(--ast-global-color-5)","background-image":"","background-repeat":"repeat","background-position":"center center","background-size":"auto","background-attachment":"scroll","background-type":"","background-media":"","overlay-type":"","overlay-color":"","overlay-opacity":"","overlay-gradient":""},"tablet":{"background-color":"var(--ast-global-color-5)","background-image":"","background-repeat":"repeat","background-position":"center center","background-size":"auto","background-attachment":"scroll","background-type":"","background-media":"","overlay-type":"","overlay-color":"","overlay-opacity":"","overlay-gradient":""},"mobile":{"background-color":"var(--ast-global-color-5)","background-image":"","background-repeat":"repeat","background-position":"center center","background-size":"auto","background-attachment":"scroll","background-type":"","background-media":"","overlay-type":"","overlay-color":"","overlay-opacity":"","overlay-gradient":""}}},"product_brand":[],"product_cat":[43,54],"product_tag":[],"class_list":{"0":"post-3822","1":"product","2":"type-product","3":"status-publish","4":"has-post-thumbnail","6":"product_cat-rigging-hardware","7":"product_cat-shackle","8":"desktop-align-left","9":"tablet-align-left","10":"mobile-align-left","11":"ast-product-gallery-layout-horizontal-slider","12":"ast-product-gallery-with-no-image","13":"ast-product-tabs-layout-horizontal","15":"first","16":"instock","17":"shipping-taxable","18":"purchasable","19":"product-type-simple"},"yoast_head":"<!-- This site is optimized with the Yoast SEO plugin v25.2 - https:\/\/yoast.com\/wordpress\/plugins\/seo\/ -->\n<title>G215 Galvanized Shackle<\/title>\n<meta name=\"description\" content=\"The G213 Galvanized Shackle and G215 Galvanized Shackle are two types of shackles commonly used in rigging and lifting operations. These shackles provide a secure connection point between various components such as chains, slings, and wire ropes.\" \/>\n<meta name=\"robots\" content=\"index, follow, max-snippet:-1, max-image-preview:large, max-video-preview:-1\" \/>\n<link rel=\"canonical\" href=\"https:\/\/qingdaohf.com\/lv\/products\/g213-g215-cinkota-skava\/\" \/>\n<meta property=\"og:locale\" content=\"lv_LV\" \/>\n<meta property=\"og:type\" content=\"article\" \/>\n<meta property=\"og:title\" content=\"G215 Galvanized Shackle\" \/>\n<meta property=\"og:description\" content=\"The G213 Galvanized Shackle and G215 Galvanized Shackle are two types of shackles commonly used in rigging and lifting operations. These shackles provide a secure connection point between various components such as chains, slings, and wire ropes.\" \/>\n<meta property=\"og:url\" content=\"https:\/\/qingdaohf.com\/lv\/products\/g213-g215-cinkota-skava\/\" \/>\n<meta property=\"og:site_name\" content=\"Concrete Form &amp; Rigging Hardware Supplier\" \/>\n<meta property=\"article:publisher\" content=\"https:\/\/www.facebook.com\/qingdaohf\" \/>\n<meta property=\"article:modified_time\" content=\"2025-11-13T01:05:11+00:00\" \/>\n<meta property=\"og:image\" content=\"https:\/\/qingdaohf.com\/wp-content\/uploads\/2023\/05\/shackle-G215.jpg\" \/>\n\t<meta property=\"og:image:width\" content=\"1000\" \/>\n\t<meta property=\"og:image:height\" content=\"1000\" \/>\n\t<meta property=\"og:image:type\" content=\"image\/jpeg\" \/>\n<meta name=\"twitter:card\" content=\"summary_large_image\" \/>\n<meta name=\"twitter:label1\" content=\"Est. reading time\" \/>\n\t<meta name=\"twitter:data1\" content=\"4 min\u016btes\" \/>\n<script type=\"application\/ld+json\" class=\"yoast-schema-graph\">{\"@context\":\"https:\/\/schema.org\",\"@graph\":[{\"@type\":\"WebPage\",\"@id\":\"https:\/\/qingdaohf.com\/product\/g215-shackle\/\",\"url\":\"https:\/\/qingdaohf.com\/product\/g215-shackle\/\",\"name\":\"G215 Galvanized Shackle\",\"isPartOf\":{\"@id\":\"https:\/\/qingdaohf.com\/bg\/#website\"},\"primaryImageOfPage\":{\"@id\":\"https:\/\/qingdaohf.com\/product\/g215-shackle\/#primaryimage\"},\"image\":{\"@id\":\"https:\/\/qingdaohf.com\/product\/g215-shackle\/#primaryimage\"},\"thumbnailUrl\":\"https:\/\/qingdaohf.com\/wp-content\/uploads\/2023\/05\/shackle-G215.jpg\",\"datePublished\":\"2023-05-19T08:36:58+00:00\",\"dateModified\":\"2025-11-13T01:05:11+00:00\",\"description\":\"The G213 Galvanized Shackle and G215 Galvanized Shackle are two types of shackles commonly used in rigging and lifting operations. These shackles provide a secure connection point between various components such as chains, slings, and wire ropes.\",\"breadcrumb\":{\"@id\":\"https:\/\/qingdaohf.com\/product\/g215-shackle\/#breadcrumb\"},\"inLanguage\":\"lv-LV\",\"potentialAction\":[{\"@type\":\"ReadAction\",\"target\":[\"https:\/\/qingdaohf.com\/product\/g215-shackle\/\"]}]},{\"@type\":\"ImageObject\",\"inLanguage\":\"lv-LV\",\"@id\":\"https:\/\/qingdaohf.com\/product\/g215-shackle\/#primaryimage\",\"url\":\"https:\/\/qingdaohf.com\/wp-content\/uploads\/2023\/05\/shackle-G215.jpg\",\"contentUrl\":\"https:\/\/qingdaohf.com\/wp-content\/uploads\/2023\/05\/shackle-G215.jpg\",\"width\":1000,\"height\":1000,\"caption\":\"shackle G215\"},{\"@type\":\"BreadcrumbList\",\"@id\":\"https:\/\/qingdaohf.com\/product\/g215-shackle\/#breadcrumb\",\"itemListElement\":[{\"@type\":\"ListItem\",\"position\":1,\"name\":\"Home\",\"item\":\"https:\/\/qingdaohf.com\/\"},{\"@type\":\"ListItem\",\"position\":2,\"name\":\"Concrete Forming Accessories and Rigging Hardware\",\"item\":\"https:\/\/qingdaohf.com\/bg\/?page_id=944\"},{\"@type\":\"ListItem\",\"position\":3,\"name\":\"G215 Galvanized Shackle\"}]},{\"@type\":\"WebSite\",\"@id\":\"https:\/\/qingdaohf.com\/bg\/#website\",\"url\":\"https:\/\/qingdaohf.com\/bg\/\",\"name\":\"Concrete Form & Rigging Hardware Supplier\",\"description\":\"\",\"publisher\":{\"@id\":\"https:\/\/qingdaohf.com\/bg\/#organization\"},\"potentialAction\":[{\"@type\":\"SearchAction\",\"target\":{\"@type\":\"EntryPoint\",\"urlTemplate\":\"https:\/\/qingdaohf.com\/bg\/?s={search_term_string}\"},\"query-input\":{\"@type\":\"PropertyValueSpecification\",\"valueRequired\":true,\"valueName\":\"search_term_string\"}}],\"inLanguage\":\"lv-LV\"},{\"@type\":\"Organization\",\"@id\":\"https:\/\/qingdaohf.com\/bg\/#organization\",\"name\":\"Qingdao H&F\",\"url\":\"https:\/\/qingdaohf.com\/bg\/\",\"logo\":{\"@type\":\"ImageObject\",\"inLanguage\":\"lv-LV\",\"@id\":\"https:\/\/qingdaohf.com\/bg\/#\/schema\/logo\/image\/\",\"url\":\"https:\/\/qingdaohf.com\/wp-content\/uploads\/2022\/12\/cropped-HF-LOGO.png\",\"contentUrl\":\"https:\/\/qingdaohf.com\/wp-content\/uploads\/2022\/12\/cropped-HF-LOGO.png\",\"width\":391,\"height\":249,\"caption\":\"Qingdao H&F\"},\"image\":{\"@id\":\"https:\/\/qingdaohf.com\/bg\/#\/schema\/logo\/image\/\"},\"sameAs\":[\"https:\/\/www.facebook.com\/qingdaohf\"]}]}<\/script>\n<!-- \/ Yoast SEO plugin. -->","yoast_head_json":{"title":"G215 Galvanized Shackle","description":"The G213 Galvanized Shackle and G215 Galvanized Shackle are two types of shackles commonly used in rigging and lifting operations. These shackles provide a secure connection point between various components such as chains, slings, and wire ropes.","robots":{"index":"index","follow":"follow","max-snippet":"max-snippet:-1","max-image-preview":"max-image-preview:large","max-video-preview":"max-video-preview:-1"},"canonical":"https:\/\/qingdaohf.com\/lv\/products\/g213-g215-cinkota-skava\/","og_locale":"lv_LV","og_type":"article","og_title":"G215 Galvanized Shackle","og_description":"The G213 Galvanized Shackle and G215 Galvanized Shackle are two types of shackles commonly used in rigging and lifting operations. These shackles provide a secure connection point between various components such as chains, slings, and wire ropes.","og_url":"https:\/\/qingdaohf.com\/lv\/products\/g213-g215-cinkota-skava\/","og_site_name":"Concrete Form &amp; Rigging Hardware Supplier","article_publisher":"https:\/\/www.facebook.com\/qingdaohf","article_modified_time":"2025-11-13T01:05:11+00:00","og_image":[{"width":1000,"height":1000,"url":"https:\/\/qingdaohf.com\/wp-content\/uploads\/2023\/05\/shackle-G215.jpg","type":"image\/jpeg"}],"twitter_card":"summary_large_image","twitter_misc":{"Est. reading time":"4 min\u016btes"},"schema":{"@context":"https:\/\/schema.org","@graph":[{"@type":"WebPage","@id":"https:\/\/qingdaohf.com\/product\/g215-shackle\/","url":"https:\/\/qingdaohf.com\/product\/g215-shackle\/","name":"G215 Galvanized Shackle","isPartOf":{"@id":"https:\/\/qingdaohf.com\/bg\/#website"},"primaryImageOfPage":{"@id":"https:\/\/qingdaohf.com\/product\/g215-shackle\/#primaryimage"},"image":{"@id":"https:\/\/qingdaohf.com\/product\/g215-shackle\/#primaryimage"},"thumbnailUrl":"https:\/\/qingdaohf.com\/wp-content\/uploads\/2023\/05\/shackle-G215.jpg","datePublished":"2023-05-19T08:36:58+00:00","dateModified":"2025-11-13T01:05:11+00:00","description":"The G213 Galvanized Shackle and G215 Galvanized Shackle are two types of shackles commonly used in rigging and lifting operations. These shackles provide a secure connection point between various components such as chains, slings, and wire ropes.","breadcrumb":{"@id":"https:\/\/qingdaohf.com\/product\/g215-shackle\/#breadcrumb"},"inLanguage":"lv-LV","potentialAction":[{"@type":"ReadAction","target":["https:\/\/qingdaohf.com\/product\/g215-shackle\/"]}]},{"@type":"ImageObject","inLanguage":"lv-LV","@id":"https:\/\/qingdaohf.com\/product\/g215-shackle\/#primaryimage","url":"https:\/\/qingdaohf.com\/wp-content\/uploads\/2023\/05\/shackle-G215.jpg","contentUrl":"https:\/\/qingdaohf.com\/wp-content\/uploads\/2023\/05\/shackle-G215.jpg","width":1000,"height":1000,"caption":"shackle G215"},{"@type":"BreadcrumbList","@id":"https:\/\/qingdaohf.com\/product\/g215-shackle\/#breadcrumb","itemListElement":[{"@type":"ListItem","position":1,"name":"Home","item":"https:\/\/qingdaohf.com\/"},{"@type":"ListItem","position":2,"name":"Concrete Forming Accessories and Rigging Hardware","item":"https:\/\/qingdaohf.com\/bg\/?page_id=944"},{"@type":"ListItem","position":3,"name":"G215 Galvanized Shackle"}]},{"@type":"WebSite","@id":"https:\/\/qingdaohf.com\/bg\/#website","url":"https:\/\/qingdaohf.com\/bg\/","name":"Concrete Form & Rigging Hardware Supplier","description":"","publisher":{"@id":"https:\/\/qingdaohf.com\/bg\/#organization"},"potentialAction":[{"@type":"SearchAction","target":{"@type":"EntryPoint","urlTemplate":"https:\/\/qingdaohf.com\/bg\/?s={search_term_string}"},"query-input":{"@type":"PropertyValueSpecification","valueRequired":true,"valueName":"search_term_string"}}],"inLanguage":"lv-LV"},{"@type":"Organization","@id":"https:\/\/qingdaohf.com\/bg\/#organization","name":"Qingdao H&F","url":"https:\/\/qingdaohf.com\/bg\/","logo":{"@type":"ImageObject","inLanguage":"lv-LV","@id":"https:\/\/qingdaohf.com\/bg\/#\/schema\/logo\/image\/","url":"https:\/\/qingdaohf.com\/wp-content\/uploads\/2022\/12\/cropped-HF-LOGO.png","contentUrl":"https:\/\/qingdaohf.com\/wp-content\/uploads\/2022\/12\/cropped-HF-LOGO.png","width":391,"height":249,"caption":"Qingdao H&F"},"image":{"@id":"https:\/\/qingdaohf.com\/bg\/#\/schema\/logo\/image\/"},"sameAs":["https:\/\/www.facebook.com\/qingdaohf"]}]}},"_links":{"self":[{"href":"https:\/\/qingdaohf.com\/lv\/wp-json\/wp\/v2\/product\/3822","targetHints":{"allow":["GET"]}}],"collection":[{"href":"https:\/\/qingdaohf.com\/lv\/wp-json\/wp\/v2\/product"}],"about":[{"href":"https:\/\/qingdaohf.com\/lv\/wp-json\/wp\/v2\/types\/product"}],"replies":[{"embeddable":true,"href":"https:\/\/qingdaohf.com\/lv\/wp-json\/wp\/v2\/comments?post=3822"}],"version-history":[{"count":2,"href":"https:\/\/qingdaohf.com\/lv\/wp-json\/wp\/v2\/product\/3822\/revisions"}],"predecessor-version":[{"id":9455,"href":"https:\/\/qingdaohf.com\/lv\/wp-json\/wp\/v2\/product\/3822\/revisions\/9455"}],"wp:featuredmedia":[{"embeddable":true,"href":"https:\/\/qingdaohf.com\/lv\/wp-json\/wp\/v2\/media\/6333"}],"wp:attachment":[{"href":"https:\/\/qingdaohf.com\/lv\/wp-json\/wp\/v2\/media?parent=3822"}],"wp:term":[{"taxonomy":"product_brand","embeddable":true,"href":"https:\/\/qingdaohf.com\/lv\/wp-json\/wp\/v2\/product_brand?post=3822"},{"taxonomy":"product_cat","embeddable":true,"href":"https:\/\/qingdaohf.com\/lv\/wp-json\/wp\/v2\/product_cat?post=3822"},{"taxonomy":"product_tag","embeddable":true,"href":"https:\/\/qingdaohf.com\/lv\/wp-json\/wp\/v2\/product_tag?post=3822"}],"curies":[{"name":"wp","href":"https:\/\/api.w.org\/{rel}","templated":true}]}}