{"id":3830,"date":"2023-05-19T16:48:13","date_gmt":"2023-05-19T08:48:13","guid":{"rendered":"http:\/\/qingdaohf.com\/?post_type=product&#038;p=3830"},"modified":"2025-11-13T09:05:11","modified_gmt":"2025-11-13T01:05:11","slug":"g2140-shackle","status":"publish","type":"product","link":"https:\/\/qingdaohf.com\/lv\/products\/g2140-kronsteins\/","title":{"rendered":"G2140 Cinkota skava"},"content":{"rendered":"<p>G2140 cinkotajai va\u017eai, kas izgatavota no augstas kvalit\u0101tes t\u0113rauda, tiek veikts cinko\u0161anas process, lai uzlabotu t\u0101s iztur\u012bbu pret koroziju un iztur\u012bbu. Cinko\u0161ana ietver va\u017eas p\u0101rkl\u0101jumu ar cinka k\u0101rtu, kas nodro\u0161ina lielisku aizsardz\u012bbu pret r\u016bsu un citiem korozijas veidiem. Tas padara va\u017eas labi piem\u0113rotas izmanto\u0161anai \u0101ra, j\u016bras un korozijas vid\u0113, kur bie\u017ei sastopams mitrums un skarbi apst\u0101k\u013ci.<\/p>\n<p>G2140 cinkotajai va\u017eai ir loka formas konstrukcija ar v\u012bt\u0146otu tapu vai skr\u016bvi dro\u0161ai stiprin\u0101\u0161anai. Loka forma \u013cauj viegli piestiprin\u0101t un atvienot pacel\u0161anas sast\u0101vda\u013cas, savuk\u0101rt tapa ar v\u012btni nodro\u0161ina stingru un uzticamu aizv\u0113r\u0161anu, maksim\u0101li palielinot dro\u0161\u012bbu pacel\u0161anas darbu laik\u0101. Uz va\u017eas parasti ir mar\u0137\u0113jums ar t\u0101s darba slodzes ierobe\u017eojumu (WLL) un cit\u0101m attiec\u012bg\u0101m specifik\u0101cij\u0101m pareizai un dro\u0161ai lieto\u0161anai.<\/p>\n<p>G2140 cinkota va\u017eas ir pieejamas da\u017e\u0101dos izm\u0113ros un konfigur\u0101cij\u0101s, un t\u0101s var piel\u0101got da\u017e\u0101diem darba slodzes ierobe\u017eojumiem, \u013caujot jums izv\u0113l\u0113ties piem\u0113rotu va\u017eu sav\u0101m \u012bpa\u0161aj\u0101m cel\u0161anas pras\u012bb\u0101m. Lai nodro\u0161in\u0101tu optim\u0101lu veiktsp\u0113ju un dro\u0161\u012bbu, ir \u013coti svar\u012bgi izv\u0113l\u0113ties pareizo va\u017eas stiprin\u0101jumu, pamatojoties uz paredz\u0113to slodzi un pielietojumu.<\/p>\n<p>Cinkota cinkota skava G2140 ar iztur\u012bgu konstrukciju un cinkotu p\u0101rkl\u0101jumu ir uzticama izv\u0113le lieljaudas takel\u0101\u017eas un pacel\u0161anas darbiem. T\u0101 nodro\u0161ina dro\u0161u un iztur\u012bgu savienojumu, padarot to par uzticamu sast\u0101vda\u013cu da\u017e\u0101d\u0101s nozar\u0113s, kur iztur\u012bba un dro\u0161\u012bba ir vissvar\u012bg\u0101k\u0101.<\/p>\n<p><img fetchpriority=\"high\" decoding=\"async\" class=\"alignnone size-full wp-image-3833\" src=\"http:\/\/qingdaohf.com\/wp-content\/uploads\/2023\/05\/G2140.jpg\" alt=\"G2140 skava\" width=\"1000\" height=\"1202\" srcset=\"https:\/\/qingdaohf.com\/wp-content\/uploads\/2023\/05\/G2140.jpg 1000w, https:\/\/qingdaohf.com\/wp-content\/uploads\/2023\/05\/G2140-250x300.jpg 250w, https:\/\/qingdaohf.com\/wp-content\/uploads\/2023\/05\/G2140-852x1024.jpg 852w, https:\/\/qingdaohf.com\/wp-content\/uploads\/2023\/05\/G2140-768x923.jpg 768w\" sizes=\"(max-width: 1000px) 100vw, 1000px\" \/><\/p>\n<p><img decoding=\"async\" class=\"alignnone size-full wp-image-3838\" src=\"http:\/\/qingdaohf.com\/wp-content\/uploads\/2023\/05\/G2140E.jpg\" alt=\"G2140E\" width=\"1000\" height=\"848\" srcset=\"https:\/\/qingdaohf.com\/wp-content\/uploads\/2023\/05\/G2140E.jpg 1000w, https:\/\/qingdaohf.com\/wp-content\/uploads\/2023\/05\/G2140E-300x254.jpg 300w, https:\/\/qingdaohf.com\/wp-content\/uploads\/2023\/05\/G2140E-768x651.jpg 768w\" sizes=\"(max-width: 1000px) 100vw, 1000px\" \/><\/p>","protected":false},"excerpt":{"rendered":"<p>G2140 cinkota skava ir lielas noslodzes takel\u0101\u017eas sast\u0101vda\u013ca, ko parasti izmanto pacel\u0161anas un nostiprin\u0101\u0161anas darb\u012bb\u0101s. \u0160\u012b skava ir izstr\u0101d\u0101ta, lai nodro\u0161in\u0101tu sp\u0113c\u012bgu un uzticamu savienojuma punktu starp da\u017e\u0101diem cel\u0161anas komponentiem, tostarp \u0137\u0113d\u0113m, stiep\u013cu tros\u0113m un stropiem.<\/p>\n<p>Kop\u0113jais modelis: 1021110<\/p>","protected":false},"featured_media":6330,"comment_status":"open","ping_status":"closed","template":"","meta":{"site-sidebar-layout":"default","site-content-layout":"default","ast-site-content-layout":"default","site-content-style":"default","site-sidebar-style":"default","ast-global-header-display":"","ast-banner-title-visibility":"","ast-main-header-display":"","ast-hfb-above-header-display":"","ast-hfb-below-header-display":"","ast-hfb-mobile-header-display":"","site-post-title":"","ast-breadcrumbs-content":"","ast-featured-img":"","footer-sml-layout":"","theme-transparent-header-meta":"default","adv-header-id-meta":"","stick-header-meta":"default","header-above-stick-meta":"","header-main-stick-meta":"","header-below-stick-meta":"","astra-migrate-meta-layouts":"set","ast-page-background-enabled":"default","ast-page-background-meta":{"desktop":{"background-color":"","background-image":"","background-repeat":"repeat","background-position":"center center","background-size":"auto","background-attachment":"scroll","background-type":"","background-media":"","overlay-type":"","overlay-color":"","overlay-opacity":"","overlay-gradient":""},"tablet":{"background-color":"","background-image":"","background-repeat":"repeat","background-position":"center center","background-size":"auto","background-attachment":"scroll","background-type":"","background-media":"","overlay-type":"","overlay-color":"","overlay-opacity":"","overlay-gradient":""},"mobile":{"background-color":"","background-image":"","background-repeat":"repeat","background-position":"center center","background-size":"auto","background-attachment":"scroll","background-type":"","background-media":"","overlay-type":"","overlay-color":"","overlay-opacity":"","overlay-gradient":""}},"ast-content-background-meta":{"desktop":{"background-color":"var(--ast-global-color-5)","background-image":"","background-repeat":"repeat","background-position":"center center","background-size":"auto","background-attachment":"scroll","background-type":"","background-media":"","overlay-type":"","overlay-color":"","overlay-opacity":"","overlay-gradient":""},"tablet":{"background-color":"var(--ast-global-color-5)","background-image":"","background-repeat":"repeat","background-position":"center center","background-size":"auto","background-attachment":"scroll","background-type":"","background-media":"","overlay-type":"","overlay-color":"","overlay-opacity":"","overlay-gradient":""},"mobile":{"background-color":"var(--ast-global-color-5)","background-image":"","background-repeat":"repeat","background-position":"center center","background-size":"auto","background-attachment":"scroll","background-type":"","background-media":"","overlay-type":"","overlay-color":"","overlay-opacity":"","overlay-gradient":""}}},"product_brand":[],"product_cat":[54],"product_tag":[],"class_list":{"0":"post-3830","1":"product","2":"type-product","3":"status-publish","4":"has-post-thumbnail","6":"product_cat-shackle","7":"desktop-align-left","8":"tablet-align-left","9":"mobile-align-left","10":"ast-product-gallery-layout-horizontal-slider","11":"ast-product-gallery-with-no-image","12":"ast-product-tabs-layout-horizontal","14":"first","15":"instock","16":"shipping-taxable","17":"purchasable","18":"product-type-simple"},"yoast_head":"<!-- This site is optimized with the Yoast SEO plugin v25.2 - https:\/\/yoast.com\/wordpress\/plugins\/seo\/ -->\n<title>G2140 Galvanized Shackle<\/title>\n<meta name=\"description\" content=\"The G2140 Galvanized Shackle is a heavy-duty rigging component commonly used in lifting and securing operations. This shackle is designed to provide a strong and reliable connection point between various lifting components, including chains, wire ropes, and slings.\" \/>\n<meta name=\"robots\" content=\"index, follow, max-snippet:-1, max-image-preview:large, max-video-preview:-1\" \/>\n<link rel=\"canonical\" href=\"https:\/\/qingdaohf.com\/lv\/products\/g2140-kronsteins\/\" \/>\n<meta property=\"og:locale\" content=\"lv_LV\" \/>\n<meta property=\"og:type\" content=\"article\" \/>\n<meta property=\"og:title\" content=\"G2140 Galvanized Shackle\" \/>\n<meta property=\"og:description\" content=\"The G2140 Galvanized Shackle is a heavy-duty rigging component commonly used in lifting and securing operations. This shackle is designed to provide a strong and reliable connection point between various lifting components, including chains, wire ropes, and slings.\" \/>\n<meta property=\"og:url\" content=\"https:\/\/qingdaohf.com\/lv\/products\/g2140-kronsteins\/\" \/>\n<meta property=\"og:site_name\" content=\"Concrete Form &amp; Rigging Hardware Supplier\" \/>\n<meta property=\"article:publisher\" content=\"https:\/\/www.facebook.com\/qingdaohf\" \/>\n<meta property=\"article:modified_time\" content=\"2025-11-13T01:05:11+00:00\" \/>\n<meta property=\"og:image\" content=\"https:\/\/qingdaohf.com\/wp-content\/uploads\/2023\/05\/G2140-SHACKLE-1.jpg\" \/>\n\t<meta property=\"og:image:width\" content=\"1000\" \/>\n\t<meta property=\"og:image:height\" content=\"1000\" \/>\n\t<meta property=\"og:image:type\" content=\"image\/jpeg\" \/>\n<meta name=\"twitter:card\" content=\"summary_large_image\" \/>\n<meta name=\"twitter:label1\" content=\"Est. reading time\" \/>\n\t<meta name=\"twitter:data1\" content=\"2 min\u016btes\" \/>\n<script type=\"application\/ld+json\" class=\"yoast-schema-graph\">{\"@context\":\"https:\/\/schema.org\",\"@graph\":[{\"@type\":\"WebPage\",\"@id\":\"https:\/\/qingdaohf.com\/product\/g2140-shackle\/\",\"url\":\"https:\/\/qingdaohf.com\/product\/g2140-shackle\/\",\"name\":\"G2140 Galvanized Shackle\",\"isPartOf\":{\"@id\":\"https:\/\/qingdaohf.com\/bg\/#website\"},\"primaryImageOfPage\":{\"@id\":\"https:\/\/qingdaohf.com\/product\/g2140-shackle\/#primaryimage\"},\"image\":{\"@id\":\"https:\/\/qingdaohf.com\/product\/g2140-shackle\/#primaryimage\"},\"thumbnailUrl\":\"https:\/\/qingdaohf.com\/wp-content\/uploads\/2023\/05\/G2140-SHACKLE-1.jpg\",\"datePublished\":\"2023-05-19T08:48:13+00:00\",\"dateModified\":\"2025-11-13T01:05:11+00:00\",\"description\":\"The G2140 Galvanized Shackle is a heavy-duty rigging component commonly used in lifting and securing operations. This shackle is designed to provide a strong and reliable connection point between various lifting components, including chains, wire ropes, and slings.\",\"breadcrumb\":{\"@id\":\"https:\/\/qingdaohf.com\/product\/g2140-shackle\/#breadcrumb\"},\"inLanguage\":\"lv-LV\",\"potentialAction\":[{\"@type\":\"ReadAction\",\"target\":[\"https:\/\/qingdaohf.com\/product\/g2140-shackle\/\"]}]},{\"@type\":\"ImageObject\",\"inLanguage\":\"lv-LV\",\"@id\":\"https:\/\/qingdaohf.com\/product\/g2140-shackle\/#primaryimage\",\"url\":\"https:\/\/qingdaohf.com\/wp-content\/uploads\/2023\/05\/G2140-SHACKLE-1.jpg\",\"contentUrl\":\"https:\/\/qingdaohf.com\/wp-content\/uploads\/2023\/05\/G2140-SHACKLE-1.jpg\",\"width\":1000,\"height\":1000,\"caption\":\"G2140 SHACKLE\"},{\"@type\":\"BreadcrumbList\",\"@id\":\"https:\/\/qingdaohf.com\/product\/g2140-shackle\/#breadcrumb\",\"itemListElement\":[{\"@type\":\"ListItem\",\"position\":1,\"name\":\"Home\",\"item\":\"https:\/\/qingdaohf.com\/\"},{\"@type\":\"ListItem\",\"position\":2,\"name\":\"Concrete Forming Accessories and Rigging Hardware\",\"item\":\"https:\/\/qingdaohf.com\/bg\/?page_id=944\"},{\"@type\":\"ListItem\",\"position\":3,\"name\":\"G2140 Galvanized Shackle\"}]},{\"@type\":\"WebSite\",\"@id\":\"https:\/\/qingdaohf.com\/bg\/#website\",\"url\":\"https:\/\/qingdaohf.com\/bg\/\",\"name\":\"Concrete Form & Rigging Hardware Supplier\",\"description\":\"\",\"publisher\":{\"@id\":\"https:\/\/qingdaohf.com\/bg\/#organization\"},\"potentialAction\":[{\"@type\":\"SearchAction\",\"target\":{\"@type\":\"EntryPoint\",\"urlTemplate\":\"https:\/\/qingdaohf.com\/bg\/?s={search_term_string}\"},\"query-input\":{\"@type\":\"PropertyValueSpecification\",\"valueRequired\":true,\"valueName\":\"search_term_string\"}}],\"inLanguage\":\"lv-LV\"},{\"@type\":\"Organization\",\"@id\":\"https:\/\/qingdaohf.com\/bg\/#organization\",\"name\":\"Qingdao H&F\",\"url\":\"https:\/\/qingdaohf.com\/bg\/\",\"logo\":{\"@type\":\"ImageObject\",\"inLanguage\":\"lv-LV\",\"@id\":\"https:\/\/qingdaohf.com\/bg\/#\/schema\/logo\/image\/\",\"url\":\"https:\/\/qingdaohf.com\/wp-content\/uploads\/2022\/12\/cropped-HF-LOGO.png\",\"contentUrl\":\"https:\/\/qingdaohf.com\/wp-content\/uploads\/2022\/12\/cropped-HF-LOGO.png\",\"width\":391,\"height\":249,\"caption\":\"Qingdao H&F\"},\"image\":{\"@id\":\"https:\/\/qingdaohf.com\/bg\/#\/schema\/logo\/image\/\"},\"sameAs\":[\"https:\/\/www.facebook.com\/qingdaohf\"]}]}<\/script>\n<!-- \/ Yoast SEO plugin. -->","yoast_head_json":{"title":"G2140 Galvanized Shackle","description":"The G2140 Galvanized Shackle is a heavy-duty rigging component commonly used in lifting and securing operations. This shackle is designed to provide a strong and reliable connection point between various lifting components, including chains, wire ropes, and slings.","robots":{"index":"index","follow":"follow","max-snippet":"max-snippet:-1","max-image-preview":"max-image-preview:large","max-video-preview":"max-video-preview:-1"},"canonical":"https:\/\/qingdaohf.com\/lv\/products\/g2140-kronsteins\/","og_locale":"lv_LV","og_type":"article","og_title":"G2140 Galvanized Shackle","og_description":"The G2140 Galvanized Shackle is a heavy-duty rigging component commonly used in lifting and securing operations. This shackle is designed to provide a strong and reliable connection point between various lifting components, including chains, wire ropes, and slings.","og_url":"https:\/\/qingdaohf.com\/lv\/products\/g2140-kronsteins\/","og_site_name":"Concrete Form &amp; Rigging Hardware Supplier","article_publisher":"https:\/\/www.facebook.com\/qingdaohf","article_modified_time":"2025-11-13T01:05:11+00:00","og_image":[{"width":1000,"height":1000,"url":"https:\/\/qingdaohf.com\/wp-content\/uploads\/2023\/05\/G2140-SHACKLE-1.jpg","type":"image\/jpeg"}],"twitter_card":"summary_large_image","twitter_misc":{"Est. reading time":"2 min\u016btes"},"schema":{"@context":"https:\/\/schema.org","@graph":[{"@type":"WebPage","@id":"https:\/\/qingdaohf.com\/product\/g2140-shackle\/","url":"https:\/\/qingdaohf.com\/product\/g2140-shackle\/","name":"G2140 Galvanized Shackle","isPartOf":{"@id":"https:\/\/qingdaohf.com\/bg\/#website"},"primaryImageOfPage":{"@id":"https:\/\/qingdaohf.com\/product\/g2140-shackle\/#primaryimage"},"image":{"@id":"https:\/\/qingdaohf.com\/product\/g2140-shackle\/#primaryimage"},"thumbnailUrl":"https:\/\/qingdaohf.com\/wp-content\/uploads\/2023\/05\/G2140-SHACKLE-1.jpg","datePublished":"2023-05-19T08:48:13+00:00","dateModified":"2025-11-13T01:05:11+00:00","description":"The G2140 Galvanized Shackle is a heavy-duty rigging component commonly used in lifting and securing operations. This shackle is designed to provide a strong and reliable connection point between various lifting components, including chains, wire ropes, and slings.","breadcrumb":{"@id":"https:\/\/qingdaohf.com\/product\/g2140-shackle\/#breadcrumb"},"inLanguage":"lv-LV","potentialAction":[{"@type":"ReadAction","target":["https:\/\/qingdaohf.com\/product\/g2140-shackle\/"]}]},{"@type":"ImageObject","inLanguage":"lv-LV","@id":"https:\/\/qingdaohf.com\/product\/g2140-shackle\/#primaryimage","url":"https:\/\/qingdaohf.com\/wp-content\/uploads\/2023\/05\/G2140-SHACKLE-1.jpg","contentUrl":"https:\/\/qingdaohf.com\/wp-content\/uploads\/2023\/05\/G2140-SHACKLE-1.jpg","width":1000,"height":1000,"caption":"G2140 SHACKLE"},{"@type":"BreadcrumbList","@id":"https:\/\/qingdaohf.com\/product\/g2140-shackle\/#breadcrumb","itemListElement":[{"@type":"ListItem","position":1,"name":"Home","item":"https:\/\/qingdaohf.com\/"},{"@type":"ListItem","position":2,"name":"Concrete Forming Accessories and Rigging Hardware","item":"https:\/\/qingdaohf.com\/bg\/?page_id=944"},{"@type":"ListItem","position":3,"name":"G2140 Galvanized Shackle"}]},{"@type":"WebSite","@id":"https:\/\/qingdaohf.com\/bg\/#website","url":"https:\/\/qingdaohf.com\/bg\/","name":"Concrete Form & Rigging Hardware Supplier","description":"","publisher":{"@id":"https:\/\/qingdaohf.com\/bg\/#organization"},"potentialAction":[{"@type":"SearchAction","target":{"@type":"EntryPoint","urlTemplate":"https:\/\/qingdaohf.com\/bg\/?s={search_term_string}"},"query-input":{"@type":"PropertyValueSpecification","valueRequired":true,"valueName":"search_term_string"}}],"inLanguage":"lv-LV"},{"@type":"Organization","@id":"https:\/\/qingdaohf.com\/bg\/#organization","name":"Qingdao H&F","url":"https:\/\/qingdaohf.com\/bg\/","logo":{"@type":"ImageObject","inLanguage":"lv-LV","@id":"https:\/\/qingdaohf.com\/bg\/#\/schema\/logo\/image\/","url":"https:\/\/qingdaohf.com\/wp-content\/uploads\/2022\/12\/cropped-HF-LOGO.png","contentUrl":"https:\/\/qingdaohf.com\/wp-content\/uploads\/2022\/12\/cropped-HF-LOGO.png","width":391,"height":249,"caption":"Qingdao H&F"},"image":{"@id":"https:\/\/qingdaohf.com\/bg\/#\/schema\/logo\/image\/"},"sameAs":["https:\/\/www.facebook.com\/qingdaohf"]}]}},"_links":{"self":[{"href":"https:\/\/qingdaohf.com\/lv\/wp-json\/wp\/v2\/product\/3830","targetHints":{"allow":["GET"]}}],"collection":[{"href":"https:\/\/qingdaohf.com\/lv\/wp-json\/wp\/v2\/product"}],"about":[{"href":"https:\/\/qingdaohf.com\/lv\/wp-json\/wp\/v2\/types\/product"}],"replies":[{"embeddable":true,"href":"https:\/\/qingdaohf.com\/lv\/wp-json\/wp\/v2\/comments?post=3830"}],"version-history":[{"count":4,"href":"https:\/\/qingdaohf.com\/lv\/wp-json\/wp\/v2\/product\/3830\/revisions"}],"predecessor-version":[{"id":6455,"href":"https:\/\/qingdaohf.com\/lv\/wp-json\/wp\/v2\/product\/3830\/revisions\/6455"}],"wp:featuredmedia":[{"embeddable":true,"href":"https:\/\/qingdaohf.com\/lv\/wp-json\/wp\/v2\/media\/6330"}],"wp:attachment":[{"href":"https:\/\/qingdaohf.com\/lv\/wp-json\/wp\/v2\/media?parent=3830"}],"wp:term":[{"taxonomy":"product_brand","embeddable":true,"href":"https:\/\/qingdaohf.com\/lv\/wp-json\/wp\/v2\/product_brand?post=3830"},{"taxonomy":"product_cat","embeddable":true,"href":"https:\/\/qingdaohf.com\/lv\/wp-json\/wp\/v2\/product_cat?post=3830"},{"taxonomy":"product_tag","embeddable":true,"href":"https:\/\/qingdaohf.com\/lv\/wp-json\/wp\/v2\/product_tag?post=3830"}],"curies":[{"name":"wp","href":"https:\/\/api.w.org\/{rel}","templated":true}]}}