{"id":3844,"date":"2023-05-19T17:13:42","date_gmt":"2023-05-19T09:13:42","guid":{"rendered":"http:\/\/qingdaohf.com\/?post_type=product&#038;p=3844"},"modified":"2025-11-13T09:05:10","modified_gmt":"2025-11-13T01:05:10","slug":"g2169-s2169-galvanized-shackle","status":"publish","type":"product","link":"https:\/\/qingdaohf.com\/lv\/products\/g2169-s2169-cinkota-skava\/","title":{"rendered":"G2169 S2169 Cinkota uzkabe"},"content":{"rendered":"<h4>Ieguvumi<\/h4>\n<ul>\n<li>Iev\u0113rojami pagarina stiep\u013cu tro\u0161u stropu kalpo\u0161anas laiku.<\/li>\n<li>Var izmantot, lai savienotu augstas stipr\u012bbas apa\u013c\u0101s stropes, sint\u0113tisk\u0101s apa\u013c\u0101s stropes vai stiep\u013cu tro\u0161u stropes.<\/li>\n<li>Palielinot va\u017eas priek\u0161gala r\u0101diusu, tiek nodro\u0161in\u0101ts minim\u0101lais 58% palielin\u0101jums stropa gult\u0146a virsmas palielin\u0101jumam.<\/li>\n<li>Palielina izmantojamo stropes stipr\u012bbu vismaz par 15%.<\/li>\n<\/ul>\n<h4>Funkcijas<\/h4>\n<ul>\n<li>7, 12,5 un 18 tonnu ietilp\u012bba.<\/li>\n<li>R\u016bd\u012bta un r\u016bd\u012bta maksim\u0101lai iztur\u012bbai.<\/li>\n<li>Kalts le\u0123\u0113tais t\u0113rauds.<\/li>\n<li>Pieejams cinkots (<strong>G2169<\/strong>) un pa\u0161kr\u0101sots (<strong>S2169<\/strong>) kr\u0101sota apdare.<\/li>\n<li>Individu\u0101li p\u0101rbaud\u012bta un p\u0101rbaud\u012bta ar magn\u0113tiskaj\u0101m da\u013ci\u0146\u0101m. Crosby sertifik\u0101cija pieejama pas\u016bt\u012bjuma br\u012bd\u012b.<\/li>\n<li>Atbilst vai p\u0101rsniedz visas ASME B30.26 pras\u012bbas, tostarp identifik\u0101cijas, dilumiztur\u012bbas, konstrukcijas koeficienta, p\u0101rbaudes slodzes un temperat\u016bras pras\u012bbas. Svar\u012bgi ir tas, ka \u0161\u012bs va\u017eas atbilst ar\u012b cit\u0101m kritisk\u0101m veiktsp\u0113jas pras\u012bb\u0101m, tostarp noguruma ilguma, triecieniztur\u012bbas, triecieniztur\u012bbas un materi\u0101lu izsekojam\u012bbas pras\u012bb\u0101m, kas nav min\u0113tas ASME B30.26.<\/li>\n<\/ul>\n<p><img fetchpriority=\"high\" decoding=\"async\" class=\"alignnone size-full wp-image-3845\" src=\"http:\/\/qingdaohf.com\/wp-content\/uploads\/2023\/05\/G2169.jpg\" alt=\"G2169 skava\" width=\"1000\" height=\"598\" srcset=\"https:\/\/qingdaohf.com\/wp-content\/uploads\/2023\/05\/G2169.jpg 1000w, https:\/\/qingdaohf.com\/wp-content\/uploads\/2023\/05\/G2169-300x179.jpg 300w, https:\/\/qingdaohf.com\/wp-content\/uploads\/2023\/05\/G2169-768x459.jpg 768w\" sizes=\"(max-width: 1000px) 100vw, 1000px\" \/><\/p>","protected":false},"excerpt":{"rendered":"<p id=\"product-title\">G2169 &amp; S2169 Pla\u0161as virsb\u016bves skr\u016bv\u0113jam\u0101s tapas priek\u0161gala pacel\u0161anas va\u017eas.<\/p>\n<p>Svari no 7000 kg l\u012bdz 18 000 kg.<\/p>","protected":false},"featured_media":3846,"comment_status":"open","ping_status":"closed","template":"","meta":{"site-sidebar-layout":"default","site-content-layout":"default","ast-site-content-layout":"default","site-content-style":"default","site-sidebar-style":"default","ast-global-header-display":"","ast-banner-title-visibility":"","ast-main-header-display":"","ast-hfb-above-header-display":"","ast-hfb-below-header-display":"","ast-hfb-mobile-header-display":"","site-post-title":"","ast-breadcrumbs-content":"","ast-featured-img":"","footer-sml-layout":"","theme-transparent-header-meta":"default","adv-header-id-meta":"","stick-header-meta":"default","header-above-stick-meta":"","header-main-stick-meta":"","header-below-stick-meta":"","astra-migrate-meta-layouts":"set","ast-page-background-enabled":"default","ast-page-background-meta":{"desktop":{"background-color":"","background-image":"","background-repeat":"repeat","background-position":"center center","background-size":"auto","background-attachment":"scroll","background-type":"","background-media":"","overlay-type":"","overlay-color":"","overlay-opacity":"","overlay-gradient":""},"tablet":{"background-color":"","background-image":"","background-repeat":"repeat","background-position":"center center","background-size":"auto","background-attachment":"scroll","background-type":"","background-media":"","overlay-type":"","overlay-color":"","overlay-opacity":"","overlay-gradient":""},"mobile":{"background-color":"","background-image":"","background-repeat":"repeat","background-position":"center center","background-size":"auto","background-attachment":"scroll","background-type":"","background-media":"","overlay-type":"","overlay-color":"","overlay-opacity":"","overlay-gradient":""}},"ast-content-background-meta":{"desktop":{"background-color":"var(--ast-global-color-5)","background-image":"","background-repeat":"repeat","background-position":"center center","background-size":"auto","background-attachment":"scroll","background-type":"","background-media":"","overlay-type":"","overlay-color":"","overlay-opacity":"","overlay-gradient":""},"tablet":{"background-color":"var(--ast-global-color-5)","background-image":"","background-repeat":"repeat","background-position":"center center","background-size":"auto","background-attachment":"scroll","background-type":"","background-media":"","overlay-type":"","overlay-color":"","overlay-opacity":"","overlay-gradient":""},"mobile":{"background-color":"var(--ast-global-color-5)","background-image":"","background-repeat":"repeat","background-position":"center center","background-size":"auto","background-attachment":"scroll","background-type":"","background-media":"","overlay-type":"","overlay-color":"","overlay-opacity":"","overlay-gradient":""}}},"product_brand":[],"product_cat":[54],"product_tag":[],"class_list":{"0":"post-3844","1":"product","2":"type-product","3":"status-publish","4":"has-post-thumbnail","6":"product_cat-shackle","7":"desktop-align-left","8":"tablet-align-left","9":"mobile-align-left","10":"ast-product-gallery-layout-horizontal-slider","11":"ast-product-gallery-with-no-image","12":"ast-product-tabs-layout-horizontal","14":"first","15":"instock","16":"shipping-taxable","17":"purchasable","18":"product-type-simple"},"yoast_head":"<!-- This site is optimized with the Yoast SEO plugin v25.2 - https:\/\/yoast.com\/wordpress\/plugins\/seo\/ -->\n<title>G2169 S2169 Galvanized Shackle<\/title>\n<meta name=\"description\" content=\"G2169 S2169 Galvanized ShackleG2169 &amp; S2169 Wide body screw pin lifting bow shackles.Wll range from 7000kg to 18,000kg\" \/>\n<meta name=\"robots\" content=\"index, follow, max-snippet:-1, max-image-preview:large, max-video-preview:-1\" \/>\n<link rel=\"canonical\" href=\"https:\/\/qingdaohf.com\/lv\/products\/g2169-s2169-cinkota-skava\/\" \/>\n<meta property=\"og:locale\" content=\"lv_LV\" \/>\n<meta property=\"og:type\" content=\"article\" \/>\n<meta property=\"og:title\" content=\"G2169 S2169 Galvanized Shackle\" \/>\n<meta property=\"og:description\" content=\"G2169 S2169 Galvanized ShackleG2169 &amp; S2169 Wide body screw pin lifting bow shackles.Wll range from 7000kg to 18,000kg\" \/>\n<meta property=\"og:url\" content=\"https:\/\/qingdaohf.com\/lv\/products\/g2169-s2169-cinkota-skava\/\" \/>\n<meta property=\"og:site_name\" content=\"Concrete Form &amp; Rigging Hardware Supplier\" \/>\n<meta property=\"article:publisher\" content=\"https:\/\/www.facebook.com\/qingdaohf\" \/>\n<meta property=\"article:modified_time\" content=\"2025-11-13T01:05:10+00:00\" \/>\n<meta property=\"og:image\" content=\"https:\/\/qingdaohf.com\/wp-content\/uploads\/2023\/05\/1-3.jpg\" \/>\n\t<meta property=\"og:image:width\" content=\"1000\" \/>\n\t<meta property=\"og:image:height\" content=\"1000\" \/>\n\t<meta property=\"og:image:type\" content=\"image\/jpeg\" \/>\n<meta name=\"twitter:card\" content=\"summary_large_image\" \/>\n<meta name=\"twitter:label1\" content=\"Est. reading time\" \/>\n\t<meta name=\"twitter:data1\" content=\"1 min\u016bte\" \/>\n<script type=\"application\/ld+json\" class=\"yoast-schema-graph\">{\"@context\":\"https:\/\/schema.org\",\"@graph\":[{\"@type\":\"WebPage\",\"@id\":\"https:\/\/qingdaohf.com\/product\/g2169-s2169-galvanized-shackle\/\",\"url\":\"https:\/\/qingdaohf.com\/product\/g2169-s2169-galvanized-shackle\/\",\"name\":\"G2169 S2169 Galvanized Shackle\",\"isPartOf\":{\"@id\":\"https:\/\/qingdaohf.com\/bg\/#website\"},\"primaryImageOfPage\":{\"@id\":\"https:\/\/qingdaohf.com\/product\/g2169-s2169-galvanized-shackle\/#primaryimage\"},\"image\":{\"@id\":\"https:\/\/qingdaohf.com\/product\/g2169-s2169-galvanized-shackle\/#primaryimage\"},\"thumbnailUrl\":\"https:\/\/qingdaohf.com\/wp-content\/uploads\/2023\/05\/1-3.jpg\",\"datePublished\":\"2023-05-19T09:13:42+00:00\",\"dateModified\":\"2025-11-13T01:05:10+00:00\",\"description\":\"G2169 S2169 Galvanized ShackleG2169 & S2169 Wide body screw pin lifting bow shackles.Wll range from 7000kg to 18,000kg\",\"breadcrumb\":{\"@id\":\"https:\/\/qingdaohf.com\/product\/g2169-s2169-galvanized-shackle\/#breadcrumb\"},\"inLanguage\":\"lv-LV\",\"potentialAction\":[{\"@type\":\"ReadAction\",\"target\":[\"https:\/\/qingdaohf.com\/product\/g2169-s2169-galvanized-shackle\/\"]}]},{\"@type\":\"ImageObject\",\"inLanguage\":\"lv-LV\",\"@id\":\"https:\/\/qingdaohf.com\/product\/g2169-s2169-galvanized-shackle\/#primaryimage\",\"url\":\"https:\/\/qingdaohf.com\/wp-content\/uploads\/2023\/05\/1-3.jpg\",\"contentUrl\":\"https:\/\/qingdaohf.com\/wp-content\/uploads\/2023\/05\/1-3.jpg\",\"width\":1000,\"height\":1000,\"caption\":\"G2169\"},{\"@type\":\"BreadcrumbList\",\"@id\":\"https:\/\/qingdaohf.com\/product\/g2169-s2169-galvanized-shackle\/#breadcrumb\",\"itemListElement\":[{\"@type\":\"ListItem\",\"position\":1,\"name\":\"Home\",\"item\":\"https:\/\/qingdaohf.com\/\"},{\"@type\":\"ListItem\",\"position\":2,\"name\":\"Concrete Forming Accessories and Rigging Hardware\",\"item\":\"https:\/\/qingdaohf.com\/bg\/?page_id=944\"},{\"@type\":\"ListItem\",\"position\":3,\"name\":\"G2169 S2169 Galvanized Shackle\"}]},{\"@type\":\"WebSite\",\"@id\":\"https:\/\/qingdaohf.com\/bg\/#website\",\"url\":\"https:\/\/qingdaohf.com\/bg\/\",\"name\":\"Concrete Form & Rigging Hardware Supplier\",\"description\":\"\",\"publisher\":{\"@id\":\"https:\/\/qingdaohf.com\/bg\/#organization\"},\"potentialAction\":[{\"@type\":\"SearchAction\",\"target\":{\"@type\":\"EntryPoint\",\"urlTemplate\":\"https:\/\/qingdaohf.com\/bg\/?s={search_term_string}\"},\"query-input\":{\"@type\":\"PropertyValueSpecification\",\"valueRequired\":true,\"valueName\":\"search_term_string\"}}],\"inLanguage\":\"lv-LV\"},{\"@type\":\"Organization\",\"@id\":\"https:\/\/qingdaohf.com\/bg\/#organization\",\"name\":\"Qingdao H&F\",\"url\":\"https:\/\/qingdaohf.com\/bg\/\",\"logo\":{\"@type\":\"ImageObject\",\"inLanguage\":\"lv-LV\",\"@id\":\"https:\/\/qingdaohf.com\/bg\/#\/schema\/logo\/image\/\",\"url\":\"https:\/\/qingdaohf.com\/wp-content\/uploads\/2022\/12\/cropped-HF-LOGO.png\",\"contentUrl\":\"https:\/\/qingdaohf.com\/wp-content\/uploads\/2022\/12\/cropped-HF-LOGO.png\",\"width\":391,\"height\":249,\"caption\":\"Qingdao H&F\"},\"image\":{\"@id\":\"https:\/\/qingdaohf.com\/bg\/#\/schema\/logo\/image\/\"},\"sameAs\":[\"https:\/\/www.facebook.com\/qingdaohf\"]}]}<\/script>\n<!-- \/ Yoast SEO plugin. -->","yoast_head_json":{"title":"G2169 S2169 Galvanized Shackle","description":"G2169 S2169 Galvanized ShackleG2169 & S2169 Wide body screw pin lifting bow shackles.Wll range from 7000kg to 18,000kg","robots":{"index":"index","follow":"follow","max-snippet":"max-snippet:-1","max-image-preview":"max-image-preview:large","max-video-preview":"max-video-preview:-1"},"canonical":"https:\/\/qingdaohf.com\/lv\/products\/g2169-s2169-cinkota-skava\/","og_locale":"lv_LV","og_type":"article","og_title":"G2169 S2169 Galvanized Shackle","og_description":"G2169 S2169 Galvanized ShackleG2169 & S2169 Wide body screw pin lifting bow shackles.Wll range from 7000kg to 18,000kg","og_url":"https:\/\/qingdaohf.com\/lv\/products\/g2169-s2169-cinkota-skava\/","og_site_name":"Concrete Form &amp; Rigging Hardware Supplier","article_publisher":"https:\/\/www.facebook.com\/qingdaohf","article_modified_time":"2025-11-13T01:05:10+00:00","og_image":[{"width":1000,"height":1000,"url":"https:\/\/qingdaohf.com\/wp-content\/uploads\/2023\/05\/1-3.jpg","type":"image\/jpeg"}],"twitter_card":"summary_large_image","twitter_misc":{"Est. reading time":"1 min\u016bte"},"schema":{"@context":"https:\/\/schema.org","@graph":[{"@type":"WebPage","@id":"https:\/\/qingdaohf.com\/product\/g2169-s2169-galvanized-shackle\/","url":"https:\/\/qingdaohf.com\/product\/g2169-s2169-galvanized-shackle\/","name":"G2169 S2169 Galvanized Shackle","isPartOf":{"@id":"https:\/\/qingdaohf.com\/bg\/#website"},"primaryImageOfPage":{"@id":"https:\/\/qingdaohf.com\/product\/g2169-s2169-galvanized-shackle\/#primaryimage"},"image":{"@id":"https:\/\/qingdaohf.com\/product\/g2169-s2169-galvanized-shackle\/#primaryimage"},"thumbnailUrl":"https:\/\/qingdaohf.com\/wp-content\/uploads\/2023\/05\/1-3.jpg","datePublished":"2023-05-19T09:13:42+00:00","dateModified":"2025-11-13T01:05:10+00:00","description":"G2169 S2169 Galvanized ShackleG2169 & S2169 Wide body screw pin lifting bow shackles.Wll range from 7000kg to 18,000kg","breadcrumb":{"@id":"https:\/\/qingdaohf.com\/product\/g2169-s2169-galvanized-shackle\/#breadcrumb"},"inLanguage":"lv-LV","potentialAction":[{"@type":"ReadAction","target":["https:\/\/qingdaohf.com\/product\/g2169-s2169-galvanized-shackle\/"]}]},{"@type":"ImageObject","inLanguage":"lv-LV","@id":"https:\/\/qingdaohf.com\/product\/g2169-s2169-galvanized-shackle\/#primaryimage","url":"https:\/\/qingdaohf.com\/wp-content\/uploads\/2023\/05\/1-3.jpg","contentUrl":"https:\/\/qingdaohf.com\/wp-content\/uploads\/2023\/05\/1-3.jpg","width":1000,"height":1000,"caption":"G2169"},{"@type":"BreadcrumbList","@id":"https:\/\/qingdaohf.com\/product\/g2169-s2169-galvanized-shackle\/#breadcrumb","itemListElement":[{"@type":"ListItem","position":1,"name":"Home","item":"https:\/\/qingdaohf.com\/"},{"@type":"ListItem","position":2,"name":"Concrete Forming Accessories and Rigging Hardware","item":"https:\/\/qingdaohf.com\/bg\/?page_id=944"},{"@type":"ListItem","position":3,"name":"G2169 S2169 Galvanized Shackle"}]},{"@type":"WebSite","@id":"https:\/\/qingdaohf.com\/bg\/#website","url":"https:\/\/qingdaohf.com\/bg\/","name":"Concrete Form & Rigging Hardware Supplier","description":"","publisher":{"@id":"https:\/\/qingdaohf.com\/bg\/#organization"},"potentialAction":[{"@type":"SearchAction","target":{"@type":"EntryPoint","urlTemplate":"https:\/\/qingdaohf.com\/bg\/?s={search_term_string}"},"query-input":{"@type":"PropertyValueSpecification","valueRequired":true,"valueName":"search_term_string"}}],"inLanguage":"lv-LV"},{"@type":"Organization","@id":"https:\/\/qingdaohf.com\/bg\/#organization","name":"Qingdao H&F","url":"https:\/\/qingdaohf.com\/bg\/","logo":{"@type":"ImageObject","inLanguage":"lv-LV","@id":"https:\/\/qingdaohf.com\/bg\/#\/schema\/logo\/image\/","url":"https:\/\/qingdaohf.com\/wp-content\/uploads\/2022\/12\/cropped-HF-LOGO.png","contentUrl":"https:\/\/qingdaohf.com\/wp-content\/uploads\/2022\/12\/cropped-HF-LOGO.png","width":391,"height":249,"caption":"Qingdao H&F"},"image":{"@id":"https:\/\/qingdaohf.com\/bg\/#\/schema\/logo\/image\/"},"sameAs":["https:\/\/www.facebook.com\/qingdaohf"]}]}},"_links":{"self":[{"href":"https:\/\/qingdaohf.com\/lv\/wp-json\/wp\/v2\/product\/3844","targetHints":{"allow":["GET"]}}],"collection":[{"href":"https:\/\/qingdaohf.com\/lv\/wp-json\/wp\/v2\/product"}],"about":[{"href":"https:\/\/qingdaohf.com\/lv\/wp-json\/wp\/v2\/types\/product"}],"replies":[{"embeddable":true,"href":"https:\/\/qingdaohf.com\/lv\/wp-json\/wp\/v2\/comments?post=3844"}],"version-history":[{"count":3,"href":"https:\/\/qingdaohf.com\/lv\/wp-json\/wp\/v2\/product\/3844\/revisions"}],"predecessor-version":[{"id":6335,"href":"https:\/\/qingdaohf.com\/lv\/wp-json\/wp\/v2\/product\/3844\/revisions\/6335"}],"wp:featuredmedia":[{"embeddable":true,"href":"https:\/\/qingdaohf.com\/lv\/wp-json\/wp\/v2\/media\/3846"}],"wp:attachment":[{"href":"https:\/\/qingdaohf.com\/lv\/wp-json\/wp\/v2\/media?parent=3844"}],"wp:term":[{"taxonomy":"product_brand","embeddable":true,"href":"https:\/\/qingdaohf.com\/lv\/wp-json\/wp\/v2\/product_brand?post=3844"},{"taxonomy":"product_cat","embeddable":true,"href":"https:\/\/qingdaohf.com\/lv\/wp-json\/wp\/v2\/product_cat?post=3844"},{"taxonomy":"product_tag","embeddable":true,"href":"https:\/\/qingdaohf.com\/lv\/wp-json\/wp\/v2\/product_tag?post=3844"}],"curies":[{"name":"wp","href":"https:\/\/api.w.org\/{rel}","templated":true}]}}