{"id":4003,"date":"2023-05-25T16:09:31","date_gmt":"2023-05-25T08:09:31","guid":{"rendered":"http:\/\/qingdaohf.com\/?post_type=product&#038;p=4003"},"modified":"2025-11-13T09:04:44","modified_gmt":"2025-11-13T01:04:44","slug":"jaw-eye-turnbuckle","status":"publish","type":"product","link":"https:\/\/qingdaohf.com\/lv\/products\/zokla-acs-spriegotajs\/","title":{"rendered":"\u017dok\u013ca un acs spriegot\u0101js"},"content":{"rendered":"<p>\u017dok\u013ca un acs spriegot\u0101ju veido met\u0101la korpuss ar iek\u0161\u0113jiem v\u012bt\u0146iem vien\u0101 gal\u0101 un \u017eokli otr\u0101 gal\u0101, k\u0101 ar\u012b cilpas stiprin\u0101juma punkts. Sp\u012b\u013cu gal\u0101 ir satver\u0161anas meh\u0101nisms, parasti sp\u012b\u013cu vai skavu veid\u0101, kas paredz\u0113ts dro\u0161ai priek\u0161metu notur\u0113\u0161anai. Uz \u0101\u0137a ir cilpa vai gredzens, kas paredz\u0113ts virvju, tro\u0161u vai citu stiprin\u0101juma punktu piestiprin\u0101\u0161anai. Iek\u0161\u0113jais v\u012btnis \u013cauj spriegot\u0101ju pagarin\u0101t vai savilkt, pagrie\u017eot korpusu, t\u0101d\u0113j\u0101di nodro\u0161inot prec\u012bzu spriego\u0161anu un regul\u0113\u0161anu.<\/p>\n<p>\u017dok\u013ca un acs spriegot\u0101ja galven\u0101 funkcija ir rad\u012bt spriegojumu vai regul\u0113t savienojuma garumu starp \u017eok\u013ca satv\u0113r\u0113ju un acs stiprin\u0101juma punktu. Pagrie\u017eot spriegot\u0101ja korpusu, v\u012bt\u0146otais gals p\u0101rvietojas, efekt\u012bvi palielinot vai samazinot att\u0101lumu starp sp\u012bl\u0113m un cilpu. \u0160is meh\u0101nisms \u013cauj prec\u012bzi nospriegot un regul\u0113t savienotos objektus.<\/p>\n<p>Lai nodro\u0161in\u0101tu iztur\u012bbu, ilgm\u016b\u017e\u012bbu un iztur\u012bbu pret koroziju, \u017eok\u013ca-acs spriegot\u0101ja konstrukcij\u0101 parasti tiek izmantoti iztur\u012bgi materi\u0101li, piem\u0113ram, t\u0113rauds vai ner\u016bs\u0113jo\u0161ais t\u0113rauds. T\u0101 ir pieejama da\u017e\u0101dos izm\u0113ros un svara kategorij\u0101s, lai piel\u0101gotos da\u017e\u0101diem lietojumiem un pras\u012bb\u0101m.<\/p>\n<p><img fetchpriority=\"high\" decoding=\"async\" class=\"alignnone wp-image-4574 size-full\" src=\"http:\/\/qingdaohf.com\/wp-content\/uploads\/2023\/05\/jaweye.webp\" alt=\"\u017eok\u013ca un acu spriegot\u0101js\" width=\"1000\" height=\"1298\" srcset=\"https:\/\/qingdaohf.com\/wp-content\/uploads\/2023\/05\/jaweye.webp 1000w, https:\/\/qingdaohf.com\/wp-content\/uploads\/2023\/05\/jaweye-231x300.webp 231w, https:\/\/qingdaohf.com\/wp-content\/uploads\/2023\/05\/jaweye-789x1024.webp 789w, https:\/\/qingdaohf.com\/wp-content\/uploads\/2023\/05\/jaweye-768x997.webp 768w\" sizes=\"(max-width: 1000px) 100vw, 1000px\" \/><\/p>","protected":false},"excerpt":{"rendered":"<p>Sp\u012b\u013cu-acu spriegot\u0101js ir aparat\u016bras komponents, ko parasti izmanto lietojumos, kuros nepiecie\u0161ams spriegot, regul\u0113t vai savienot divus objektus ar da\u017e\u0101diem stiprin\u0101juma punktiem. T\u0101 nodro\u0161ina dro\u0161u un regul\u0113jamu savienojumu, vienlaikus \u013caujot to pagarin\u0101t vai sa\u012bsin\u0101t.<\/p>","protected":false},"featured_media":3974,"comment_status":"open","ping_status":"closed","template":"","meta":{"site-sidebar-layout":"default","site-content-layout":"default","ast-site-content-layout":"default","site-content-style":"default","site-sidebar-style":"default","ast-global-header-display":"","ast-banner-title-visibility":"","ast-main-header-display":"","ast-hfb-above-header-display":"","ast-hfb-below-header-display":"","ast-hfb-mobile-header-display":"","site-post-title":"","ast-breadcrumbs-content":"","ast-featured-img":"","footer-sml-layout":"","theme-transparent-header-meta":"default","adv-header-id-meta":"","stick-header-meta":"default","header-above-stick-meta":"","header-main-stick-meta":"","header-below-stick-meta":"","astra-migrate-meta-layouts":"set","ast-page-background-enabled":"default","ast-page-background-meta":{"desktop":{"background-color":"","background-image":"","background-repeat":"repeat","background-position":"center center","background-size":"auto","background-attachment":"scroll","background-type":"","background-media":"","overlay-type":"","overlay-color":"","overlay-opacity":"","overlay-gradient":""},"tablet":{"background-color":"","background-image":"","background-repeat":"repeat","background-position":"center center","background-size":"auto","background-attachment":"scroll","background-type":"","background-media":"","overlay-type":"","overlay-color":"","overlay-opacity":"","overlay-gradient":""},"mobile":{"background-color":"","background-image":"","background-repeat":"repeat","background-position":"center center","background-size":"auto","background-attachment":"scroll","background-type":"","background-media":"","overlay-type":"","overlay-color":"","overlay-opacity":"","overlay-gradient":""}},"ast-content-background-meta":{"desktop":{"background-color":"var(--ast-global-color-5)","background-image":"","background-repeat":"repeat","background-position":"center center","background-size":"auto","background-attachment":"scroll","background-type":"","background-media":"","overlay-type":"","overlay-color":"","overlay-opacity":"","overlay-gradient":""},"tablet":{"background-color":"var(--ast-global-color-5)","background-image":"","background-repeat":"repeat","background-position":"center center","background-size":"auto","background-attachment":"scroll","background-type":"","background-media":"","overlay-type":"","overlay-color":"","overlay-opacity":"","overlay-gradient":""},"mobile":{"background-color":"var(--ast-global-color-5)","background-image":"","background-repeat":"repeat","background-position":"center center","background-size":"auto","background-attachment":"scroll","background-type":"","background-media":"","overlay-type":"","overlay-color":"","overlay-opacity":"","overlay-gradient":""}}},"product_brand":[],"product_cat":[56],"product_tag":[],"class_list":{"0":"post-4003","1":"product","2":"type-product","3":"status-publish","4":"has-post-thumbnail","6":"product_cat-turnbuckle","7":"desktop-align-left","8":"tablet-align-left","9":"mobile-align-left","10":"ast-product-gallery-layout-horizontal-slider","11":"ast-product-gallery-with-no-image","12":"ast-product-tabs-layout-horizontal","14":"first","15":"instock","16":"shipping-taxable","17":"purchasable","18":"product-type-simple"},"yoast_head":"<!-- This site is optimized with the Yoast SEO plugin v25.2 - https:\/\/yoast.com\/wordpress\/plugins\/seo\/ -->\n<title>Jaw &amp; Eye Turnbuckle<\/title>\n<meta name=\"description\" content=\"A Jaw-Eye Turnbuckle is a hardware component commonly used in applications that require tensioning, adjusting, or connecting two objects with different attachment points.\" \/>\n<meta name=\"robots\" content=\"index, follow, max-snippet:-1, max-image-preview:large, max-video-preview:-1\" \/>\n<link rel=\"canonical\" href=\"https:\/\/qingdaohf.com\/lv\/products\/zokla-acs-spriegotajs\/\" \/>\n<meta property=\"og:locale\" content=\"lv_LV\" \/>\n<meta property=\"og:type\" content=\"article\" \/>\n<meta property=\"og:title\" content=\"Jaw &amp; Eye Turnbuckle\" \/>\n<meta property=\"og:description\" content=\"A Jaw-Eye Turnbuckle is a hardware component commonly used in applications that require tensioning, adjusting, or connecting two objects with different attachment points.\" \/>\n<meta property=\"og:url\" content=\"https:\/\/qingdaohf.com\/lv\/products\/zokla-acs-spriegotajs\/\" \/>\n<meta property=\"og:site_name\" content=\"Concrete Form &amp; Rigging Hardware Supplier\" \/>\n<meta property=\"article:publisher\" content=\"https:\/\/www.facebook.com\/qingdaohf\" \/>\n<meta property=\"article:modified_time\" content=\"2025-11-13T01:04:44+00:00\" \/>\n<meta property=\"og:image\" content=\"https:\/\/qingdaohf.com\/wp-content\/uploads\/2023\/05\/turnbuckle-1.jpg\" \/>\n\t<meta property=\"og:image:width\" content=\"1000\" \/>\n\t<meta property=\"og:image:height\" content=\"1000\" \/>\n\t<meta property=\"og:image:type\" content=\"image\/jpeg\" \/>\n<meta name=\"twitter:card\" content=\"summary_large_image\" \/>\n<meta name=\"twitter:label1\" content=\"Est. reading time\" \/>\n\t<meta name=\"twitter:data1\" content=\"2 min\u016btes\" \/>\n<script type=\"application\/ld+json\" class=\"yoast-schema-graph\">{\"@context\":\"https:\/\/schema.org\",\"@graph\":[{\"@type\":\"WebPage\",\"@id\":\"https:\/\/qingdaohf.com\/product\/jaw-eye-turnbuckle\/\",\"url\":\"https:\/\/qingdaohf.com\/product\/jaw-eye-turnbuckle\/\",\"name\":\"Jaw & Eye Turnbuckle\",\"isPartOf\":{\"@id\":\"https:\/\/qingdaohf.com\/bg\/#website\"},\"primaryImageOfPage\":{\"@id\":\"https:\/\/qingdaohf.com\/product\/jaw-eye-turnbuckle\/#primaryimage\"},\"image\":{\"@id\":\"https:\/\/qingdaohf.com\/product\/jaw-eye-turnbuckle\/#primaryimage\"},\"thumbnailUrl\":\"https:\/\/qingdaohf.com\/wp-content\/uploads\/2023\/05\/turnbuckle-1.jpg\",\"datePublished\":\"2023-05-25T08:09:31+00:00\",\"dateModified\":\"2025-11-13T01:04:44+00:00\",\"description\":\"A Jaw-Eye Turnbuckle is a hardware component commonly used in applications that require tensioning, adjusting, or connecting two objects with different attachment points.\",\"breadcrumb\":{\"@id\":\"https:\/\/qingdaohf.com\/product\/jaw-eye-turnbuckle\/#breadcrumb\"},\"inLanguage\":\"lv-LV\",\"potentialAction\":[{\"@type\":\"ReadAction\",\"target\":[\"https:\/\/qingdaohf.com\/product\/jaw-eye-turnbuckle\/\"]}]},{\"@type\":\"ImageObject\",\"inLanguage\":\"lv-LV\",\"@id\":\"https:\/\/qingdaohf.com\/product\/jaw-eye-turnbuckle\/#primaryimage\",\"url\":\"https:\/\/qingdaohf.com\/wp-content\/uploads\/2023\/05\/turnbuckle-1.jpg\",\"contentUrl\":\"https:\/\/qingdaohf.com\/wp-content\/uploads\/2023\/05\/turnbuckle-1.jpg\",\"width\":1000,\"height\":1000,\"caption\":\"JAW&Eye Turnbuckle\"},{\"@type\":\"BreadcrumbList\",\"@id\":\"https:\/\/qingdaohf.com\/product\/jaw-eye-turnbuckle\/#breadcrumb\",\"itemListElement\":[{\"@type\":\"ListItem\",\"position\":1,\"name\":\"Home\",\"item\":\"https:\/\/qingdaohf.com\/\"},{\"@type\":\"ListItem\",\"position\":2,\"name\":\"Concrete Forming Accessories and Rigging Hardware\",\"item\":\"https:\/\/qingdaohf.com\/bg\/?page_id=944\"},{\"@type\":\"ListItem\",\"position\":3,\"name\":\"Jaw &#038; Eye Turnbuckle\"}]},{\"@type\":\"WebSite\",\"@id\":\"https:\/\/qingdaohf.com\/bg\/#website\",\"url\":\"https:\/\/qingdaohf.com\/bg\/\",\"name\":\"Concrete Form & Rigging Hardware Supplier\",\"description\":\"\",\"publisher\":{\"@id\":\"https:\/\/qingdaohf.com\/bg\/#organization\"},\"potentialAction\":[{\"@type\":\"SearchAction\",\"target\":{\"@type\":\"EntryPoint\",\"urlTemplate\":\"https:\/\/qingdaohf.com\/bg\/?s={search_term_string}\"},\"query-input\":{\"@type\":\"PropertyValueSpecification\",\"valueRequired\":true,\"valueName\":\"search_term_string\"}}],\"inLanguage\":\"lv-LV\"},{\"@type\":\"Organization\",\"@id\":\"https:\/\/qingdaohf.com\/bg\/#organization\",\"name\":\"Qingdao H&F\",\"url\":\"https:\/\/qingdaohf.com\/bg\/\",\"logo\":{\"@type\":\"ImageObject\",\"inLanguage\":\"lv-LV\",\"@id\":\"https:\/\/qingdaohf.com\/bg\/#\/schema\/logo\/image\/\",\"url\":\"https:\/\/qingdaohf.com\/wp-content\/uploads\/2022\/12\/cropped-HF-LOGO.png\",\"contentUrl\":\"https:\/\/qingdaohf.com\/wp-content\/uploads\/2022\/12\/cropped-HF-LOGO.png\",\"width\":391,\"height\":249,\"caption\":\"Qingdao H&F\"},\"image\":{\"@id\":\"https:\/\/qingdaohf.com\/bg\/#\/schema\/logo\/image\/\"},\"sameAs\":[\"https:\/\/www.facebook.com\/qingdaohf\"]}]}<\/script>\n<!-- \/ Yoast SEO plugin. -->","yoast_head_json":{"title":"Jaw & Eye Turnbuckle","description":"A Jaw-Eye Turnbuckle is a hardware component commonly used in applications that require tensioning, adjusting, or connecting two objects with different attachment points.","robots":{"index":"index","follow":"follow","max-snippet":"max-snippet:-1","max-image-preview":"max-image-preview:large","max-video-preview":"max-video-preview:-1"},"canonical":"https:\/\/qingdaohf.com\/lv\/products\/zokla-acs-spriegotajs\/","og_locale":"lv_LV","og_type":"article","og_title":"Jaw & Eye Turnbuckle","og_description":"A Jaw-Eye Turnbuckle is a hardware component commonly used in applications that require tensioning, adjusting, or connecting two objects with different attachment points.","og_url":"https:\/\/qingdaohf.com\/lv\/products\/zokla-acs-spriegotajs\/","og_site_name":"Concrete Form &amp; Rigging Hardware Supplier","article_publisher":"https:\/\/www.facebook.com\/qingdaohf","article_modified_time":"2025-11-13T01:04:44+00:00","og_image":[{"width":1000,"height":1000,"url":"https:\/\/qingdaohf.com\/wp-content\/uploads\/2023\/05\/turnbuckle-1.jpg","type":"image\/jpeg"}],"twitter_card":"summary_large_image","twitter_misc":{"Est. reading time":"2 min\u016btes"},"schema":{"@context":"https:\/\/schema.org","@graph":[{"@type":"WebPage","@id":"https:\/\/qingdaohf.com\/product\/jaw-eye-turnbuckle\/","url":"https:\/\/qingdaohf.com\/product\/jaw-eye-turnbuckle\/","name":"Jaw & Eye Turnbuckle","isPartOf":{"@id":"https:\/\/qingdaohf.com\/bg\/#website"},"primaryImageOfPage":{"@id":"https:\/\/qingdaohf.com\/product\/jaw-eye-turnbuckle\/#primaryimage"},"image":{"@id":"https:\/\/qingdaohf.com\/product\/jaw-eye-turnbuckle\/#primaryimage"},"thumbnailUrl":"https:\/\/qingdaohf.com\/wp-content\/uploads\/2023\/05\/turnbuckle-1.jpg","datePublished":"2023-05-25T08:09:31+00:00","dateModified":"2025-11-13T01:04:44+00:00","description":"A Jaw-Eye Turnbuckle is a hardware component commonly used in applications that require tensioning, adjusting, or connecting two objects with different attachment points.","breadcrumb":{"@id":"https:\/\/qingdaohf.com\/product\/jaw-eye-turnbuckle\/#breadcrumb"},"inLanguage":"lv-LV","potentialAction":[{"@type":"ReadAction","target":["https:\/\/qingdaohf.com\/product\/jaw-eye-turnbuckle\/"]}]},{"@type":"ImageObject","inLanguage":"lv-LV","@id":"https:\/\/qingdaohf.com\/product\/jaw-eye-turnbuckle\/#primaryimage","url":"https:\/\/qingdaohf.com\/wp-content\/uploads\/2023\/05\/turnbuckle-1.jpg","contentUrl":"https:\/\/qingdaohf.com\/wp-content\/uploads\/2023\/05\/turnbuckle-1.jpg","width":1000,"height":1000,"caption":"JAW&Eye Turnbuckle"},{"@type":"BreadcrumbList","@id":"https:\/\/qingdaohf.com\/product\/jaw-eye-turnbuckle\/#breadcrumb","itemListElement":[{"@type":"ListItem","position":1,"name":"Home","item":"https:\/\/qingdaohf.com\/"},{"@type":"ListItem","position":2,"name":"Concrete Forming Accessories and Rigging Hardware","item":"https:\/\/qingdaohf.com\/bg\/?page_id=944"},{"@type":"ListItem","position":3,"name":"Jaw &#038; Eye Turnbuckle"}]},{"@type":"WebSite","@id":"https:\/\/qingdaohf.com\/bg\/#website","url":"https:\/\/qingdaohf.com\/bg\/","name":"Concrete Form & Rigging Hardware Supplier","description":"","publisher":{"@id":"https:\/\/qingdaohf.com\/bg\/#organization"},"potentialAction":[{"@type":"SearchAction","target":{"@type":"EntryPoint","urlTemplate":"https:\/\/qingdaohf.com\/bg\/?s={search_term_string}"},"query-input":{"@type":"PropertyValueSpecification","valueRequired":true,"valueName":"search_term_string"}}],"inLanguage":"lv-LV"},{"@type":"Organization","@id":"https:\/\/qingdaohf.com\/bg\/#organization","name":"Qingdao H&F","url":"https:\/\/qingdaohf.com\/bg\/","logo":{"@type":"ImageObject","inLanguage":"lv-LV","@id":"https:\/\/qingdaohf.com\/bg\/#\/schema\/logo\/image\/","url":"https:\/\/qingdaohf.com\/wp-content\/uploads\/2022\/12\/cropped-HF-LOGO.png","contentUrl":"https:\/\/qingdaohf.com\/wp-content\/uploads\/2022\/12\/cropped-HF-LOGO.png","width":391,"height":249,"caption":"Qingdao H&F"},"image":{"@id":"https:\/\/qingdaohf.com\/bg\/#\/schema\/logo\/image\/"},"sameAs":["https:\/\/www.facebook.com\/qingdaohf"]}]}},"_links":{"self":[{"href":"https:\/\/qingdaohf.com\/lv\/wp-json\/wp\/v2\/product\/4003","targetHints":{"allow":["GET"]}}],"collection":[{"href":"https:\/\/qingdaohf.com\/lv\/wp-json\/wp\/v2\/product"}],"about":[{"href":"https:\/\/qingdaohf.com\/lv\/wp-json\/wp\/v2\/types\/product"}],"replies":[{"embeddable":true,"href":"https:\/\/qingdaohf.com\/lv\/wp-json\/wp\/v2\/comments?post=4003"}],"version-history":[{"count":2,"href":"https:\/\/qingdaohf.com\/lv\/wp-json\/wp\/v2\/product\/4003\/revisions"}],"predecessor-version":[{"id":8699,"href":"https:\/\/qingdaohf.com\/lv\/wp-json\/wp\/v2\/product\/4003\/revisions\/8699"}],"wp:featuredmedia":[{"embeddable":true,"href":"https:\/\/qingdaohf.com\/lv\/wp-json\/wp\/v2\/media\/3974"}],"wp:attachment":[{"href":"https:\/\/qingdaohf.com\/lv\/wp-json\/wp\/v2\/media?parent=4003"}],"wp:term":[{"taxonomy":"product_brand","embeddable":true,"href":"https:\/\/qingdaohf.com\/lv\/wp-json\/wp\/v2\/product_brand?post=4003"},{"taxonomy":"product_cat","embeddable":true,"href":"https:\/\/qingdaohf.com\/lv\/wp-json\/wp\/v2\/product_cat?post=4003"},{"taxonomy":"product_tag","embeddable":true,"href":"https:\/\/qingdaohf.com\/lv\/wp-json\/wp\/v2\/product_tag?post=4003"}],"curies":[{"name":"wp","href":"https:\/\/api.w.org\/{rel}","templated":true}]}}