{"id":4030,"date":"2023-05-25T17:44:11","date_gmt":"2023-05-25T09:44:11","guid":{"rendered":"http:\/\/qingdaohf.com\/?post_type=product&#038;p=4030"},"modified":"2025-11-13T09:04:43","modified_gmt":"2025-11-13T01:04:43","slug":"snap-hook-with-screw","status":"publish","type":"product","link":"https:\/\/qingdaohf.com\/lv\/products\/karabine-ar-skruvi\/","title":{"rendered":"Snap \u0101\u0137is ar skr\u016bv\u0113jamu uzgriezni"},"content":{"rendered":"<p class=\"whitespace-pre-wrap break-words\">\u013baujiet man p\u0101rrakst\u012bt \u0161o saturu, saglab\u0101jot t\u0101 strukt\u016bru un noz\u012bmi, bet padarot to dabisk\u0101ku un maz\u0101k l\u012bdz\u012bgu m\u0101ksl\u012bgajam intelektam. Es attiec\u012bgi atz\u012bm\u0113\u0161u virsrakstus.<\/p>\n<div class=\"ast-oembed-container\" style=\"height: 100%;\"><iframe title=\"Iepaz\u012bstin\u0101m ar Qingdao H&amp;F Premium Snap Hooks &amp; Snap Shackles!\" width=\"500\" height=\"281\" src=\"https:\/\/www.youtube.com\/embed\/TgMZvUdEwY8?feature=oembed\" frameborder=\"0\" allow=\"accelerometer; autoplay; clipboard-write; encrypted-media; gyroscope; picture-in-picture; web-share\" referrerpolicy=\"strict-origin-when-cross-origin\" allowfullscreen><\/iframe><\/div>\n<h2 class=\"text-2xl font-bold mt-1 text-text-200\">Fiks\u0113tas fiks\u0101cijas va\u017eas: Svar\u012bg\u0101k\u0101 aparat\u016bra izmanto\u0161anai j\u016br\u0101 un r\u016bpniec\u012bb\u0101<\/h2>\n<p class=\"whitespace-pre-wrap break-words\">Neatkar\u012bgi no t\u0101, vai atrodaties uz \u016bdens vai str\u0101d\u0101jat smagaj\u0101 r\u016bpniec\u012bb\u0101, fiks\u0113t\u0101s spr\u0101dzes ir kas vair\u0101k nek\u0101 tikai vienk\u0101r\u0161a aparat\u016bra - t\u0101s ir b\u016btiskas dro\u0161\u012bbas sast\u0101vda\u013cas, uz kur\u0101m nevar at\u013cauties taup\u012bt. \u0160ie stiprin\u0101jumi izce\u013cas ar to \u0101tr\u0101s atbr\u012bvo\u0161anas funkcionalit\u0101tes un stingr\u0101s dro\u0161\u012bbas kombin\u0101ciju, jo \u012bpa\u0161i, ja tie ir izgatavoti no ner\u016bs\u0113jo\u0161\u0101 t\u0113rauda, kas piem\u0113rots izmanto\u0161anai j\u016br\u0101. Apskat\u012bsim, k\u0101p\u0113c tie\u0161i \u0161\u012bs va\u017eas ir k\u013cuvu\u0161as par visizplat\u012bt\u0101ko izv\u0113li da\u017e\u0101d\u0101s nozar\u0113s.<\/p>\n<h2 class=\"text-xl font-bold text-text-200 mt-1 -mb-0.5\">Ar ko at\u0161\u0137iras fiks\u0113tie fiksatori Snap Shackles<\/h2>\n<p class=\"whitespace-pre-wrap break-words\">At\u0161\u0137ir\u012bb\u0101 no to tradicion\u0101laj\u0101m radniec\u012bgaj\u0101m konstrukcij\u0101m fiks\u0113t\u0101s spr\u0101dzes nodro\u0161ina pat\u012bkamu dro\u0161\u012bbas klik\u0161\u0137i, un jums nav j\u0101\u0137eras pie darbar\u012bkiem vai j\u0101c\u012bn\u0101s ar iestr\u0113gu\u0161\u0101m tap\u0101m. \u0160\u012b \u0101tr\u0101s atbr\u012bvo\u0161anas funkcija nav tikai \u0113rt\u012bbas nodro\u0161in\u0101\u0161ana - t\u0101 var b\u016bt gl\u0101b\u0113ja, kad ir svar\u012bgas sekundes, neatkar\u012bgi no t\u0101, vai j\u016bs regul\u0113jat takel\u0101\u017eu uz buru laivas vai nostiprinat apr\u012bkojumu milit\u0101r\u0101s oper\u0101cij\u0101s.<\/p>\n<p class=\"whitespace-pre-wrap break-words\">Padom\u0101jiet par m\u0113\u0123in\u0101jumiem attais\u012bt parasto va\u017eas va\u017eas v\u0113train\u0101 j\u016br\u0101 vai ar aukst\u0101m rok\u0101m. Nav jautri, vai ne? Tie\u0161i \u0161eit ir fiks\u0113t\u0101s spr\u0101dzes konstrukcijas \u0123enialit\u0101te. Kad tas ir nepiecie\u0161ams, t\u0101 paliek blo\u0137\u0113ta, pat ja ir liels spiediens, bet, kad v\u0113laties, t\u0101 nekav\u0113joties atlai\u017eas.<\/p>\n<p><img fetchpriority=\"high\" decoding=\"async\" class=\"alignnone wp-image-4035 size-full\" src=\"http:\/\/qingdaohf.com\/wp-content\/uploads\/2023\/05\/123.jpg\" alt=\"karab\u012bnes \u0101\u0137is\" width=\"1000\" height=\"1124\" srcset=\"https:\/\/qingdaohf.com\/wp-content\/uploads\/2023\/05\/123.jpg 1000w, https:\/\/qingdaohf.com\/wp-content\/uploads\/2023\/05\/123-267x300.jpg 267w, https:\/\/qingdaohf.com\/wp-content\/uploads\/2023\/05\/123-911x1024.jpg 911w, https:\/\/qingdaohf.com\/wp-content\/uploads\/2023\/05\/123-768x863.jpg 768w\" sizes=\"(max-width: 1000px) 100vw, 1000px\" \/><\/p>\n<h2 class=\"text-xl font-bold text-text-200 mt-1 -mb-0.5\">Ner\u016bs\u0113jo\u0161\u0101 t\u0113rauda priek\u0161roc\u012bbas<\/h2>\n<h3 class=\"text-lg font-bold text-text-200 mt-1 -mb-1.5\">K\u0101p\u0113c 304 un 316 t\u0113rauds ir at\u0161\u0137ir\u012bgs<\/h3>\n<p class=\"whitespace-pre-wrap break-words\">Izv\u0113loties spr\u0101dzes, materi\u0101ls, no kura t\u0101 ir izgatavota, nav tikai tehnisks aspekts - tas ir viss. Nozar\u0113 domin\u0113 divu veidu ner\u016bs\u0113jo\u0161ais t\u0113rauds: 304 un 316. Dom\u0101jiet par 304 k\u0101 par uzticamu univers\u0101lo stiprin\u0101jumu. Tas ir iztur\u012bgs, c\u012bn\u0101s pret r\u016bsu k\u0101 \u010dempions un nesaboj\u0101s banku. Tas ir ide\u0101li piem\u0113rots liel\u0101kajai da\u013cai ikdienas lietojumu, kur nepiecie\u0161ama uzticama veiktsp\u0113ja bez p\u0101rm\u0113r\u012bgas p\u0101rsp\u012bl\u0113t\u012bbas.<\/p>\n<p class=\"whitespace-pre-wrap break-words\">Ta\u010du da\u017ek\u0101rt ir j\u0101izmanto lielie iero\u010di. \u0160aj\u0101 situ\u0101cij\u0101 noder 316 ner\u016bs\u0113jo\u0161ais t\u0113rauds. Ja saskaraties ar s\u0101ls\u016bdeni vai as\u0101m \u0137imik\u0101lij\u0101m, 316 ir j\u016bsu lab\u0101kais draugs. Tas ir k\u0101 iztur\u012bg\u0101ks 304 vec\u0101kais br\u0101lis - iztur\u012bg\u0101ks pret koroziju, iztur\u012bg\u0101ks pret koroziju, iztur\u012bg\u0101ks pret bedr\u012b\u0161u veido\u0161anos un konstru\u0113ts t\u0101, lai iztur\u0113tu dabas stihiju iedarb\u012bbu.<\/p>\n<h2 class=\"text-xl font-bold text-text-200 mt-1 -mb-0.5\">K\u0101p\u0113c sadarboties ar mums?<\/h2>\n<p class=\"whitespace-pre-wrap break-words\">M\u0113s neesam tikai k\u0101rt\u0113jais aparat\u016bras pieg\u0101d\u0101t\u0101js. M\u016bsu pieeja ir vienk\u0101r\u0161a: pied\u0101v\u0101jam augst\u0101k\u0101s kvalit\u0101tes va\u017eas, ko papildina patiesa, personiska apkalpo\u0161ana. Neatkar\u012bgi no t\u0101, vai jums nepiecie\u0161amas divas va\u017eas vai divi simti va\u017eu, j\u016bs sa\u0146emsiet t\u0101du pa\u0161u uzman\u012bgu atbalstu vis\u0101 pas\u016bt\u012bjuma izpildes laik\u0101.<\/p>\n<p class=\"whitespace-pre-wrap break-words\">M\u0113s zin\u0101m, ka deta\u013cu gaid\u012b\u0161ana var izjaukt j\u016bsu pl\u0101nus. T\u0101p\u0113c esam racionaliz\u0113ju\u0161i pieg\u0101des procesu, lai j\u016bsu aparat\u016bru sa\u0146emtu p\u0113c iesp\u0113jas \u0101tr\u0101k. Ta\u010du \u0101trums nenoz\u012bm\u0113, ka m\u0113s samazin\u0101m izmaksas - katrs kron\u0161teins tiek pak\u013cauts stingrai kvalit\u0101tes p\u0101rbaudei, un mums ir p\u0101rbaudes zi\u0146ojumi, kas to apliecina.<\/p>\n<h2 class=\"text-xl font-bold text-text-200 mt-1 -mb-0.5\">Pielietojumi da\u017e\u0101d\u0101s nozar\u0113s<\/h2>\n<p class=\"whitespace-pre-wrap break-words\">Tie nav vienreiz\u0113ji poniji. No bur\u0101\u0161anas apr\u012bkojuma nostiprin\u0101\u0161anas l\u012bdz b\u016bvniec\u012bbas projektu atvieglo\u0161anai - fiks\u0113t\u0101s spr\u0101dzes ir noder\u012bgas visda\u017e\u0101d\u0101kajos apst\u0101k\u013cos. To lietot\u0101jam draudz\u012bg\u0101 konstrukcija padara t\u0101s \u012bpa\u0161i v\u0113rt\u012bgas, kad nepiecie\u0161ama \u0101tra regul\u0113\u0161ana, jo \u012bpa\u0161i sare\u017e\u0123\u012btos apst\u0101k\u013cos, kad sare\u017e\u0123\u012bti stiprin\u0101jumi b\u016btu apgr\u016btin\u0101jums.<\/p>\n<h2 class=\"text-xl font-bold text-text-200 mt-1 -mb-0.5\">J\u016bsu ieguld\u012bjuma uztur\u0113\u0161ana<\/h2>\n<p class=\"whitespace-pre-wrap break-words\">Pat visstingr\u0101kajam ner\u016bs\u0113jo\u0161ajam t\u0113raudam ir nepiecie\u0161ama neliela kop\u0161ana, lai tas saglab\u0101tu vislab\u0101ko st\u0101vokli. Neliela apkope ir \u013coti noder\u012bga - regul\u0101ra t\u012br\u012b\u0161ana, jo \u012bpa\u0161i p\u0113c s\u016bra \u016bdens iedarb\u012bbas, var nov\u0113rst korozijas veido\u0161anos. Piev\u0113rsiet uzman\u012bbu nolietojumam un nevilcinieties nomain\u012bt va\u017eas, ja paman\u0101t boj\u0101jumus. Atcerieties, ka, run\u0101jot par dro\u0161\u012bbas apr\u012bkojumu, profilakse vienm\u0113r ir lab\u0101ka par \u0101rst\u0113\u0161anu.<\/p>\n<h2 class=\"text-xl font-bold text-text-200 mt-1 -mb-0.5\">Apak\u0161\u0113j\u0101 l\u012bnija: Kvalit\u0101te, kas atmaks\u0101jas<\/h2>\n<p class=\"whitespace-pre-wrap break-words\">Ieguld\u012bjums kvalitat\u012bv\u0101s fiks\u0113taj\u0101s fiks\u0101cijas va\u017e\u0101s nav tikai naudas t\u0113r\u0113\u0161ana - tas noz\u012bm\u0113, ka ieg\u0101d\u0101jaties sirdsmieru. Neatkar\u012bgi no t\u0101, vai apr\u012bkojat jahtu vai uzst\u0101d\u0101t r\u016bpniecisk\u0101s iek\u0101rtas, pareizas aparat\u016bras izv\u0113le ir \u013coti svar\u012bga. M\u016bsu ap\u0146em\u0161an\u0101s nodro\u0161in\u0101t augst\u0101k\u0101s kvalit\u0101tes produktus, ko papildina visaptvero\u0161a test\u0113\u0161ana un \u0101tra pieg\u0101de, noz\u012bm\u0113, ka j\u016bs varat koncentr\u0113ties uz darbu, zinot, ka j\u016bsu aparat\u016bra j\u016bs nepievils.<\/p>\n<p>&nbsp;<\/p>","protected":false},"excerpt":{"rendered":"<p>Aizdares \u0101\u0137is ar skr\u016bvi DIN5299 D forma ir iztur\u012bgs univers\u0101ls izstr\u0101d\u0101jums, ko var izmantot r\u016bpniec\u012bb\u0101, j\u016brniec\u012bb\u0101 un b\u016bvniec\u012bb\u0101. Pirc\u0113jiem, kuriem nepiecie\u0161ama dro\u0161a met\u0101lizstr\u0101d\u0101jumu dro\u0161\u012bba, \u012bpa\u0161i noder\u012bga b\u016bs t\u0101 dro\u0161\u0101 skr\u016bvju blo\u0137\u0113\u0161anas sist\u0113ma, kas nodro\u0161ina stingru satv\u0113rienu un nepie\u013cauj nejau\u0161u atbr\u012bvo\u0161anos. \u0100\u0137is ir izgatavots no augstas kvalit\u0101tes t\u0113rauda, tam ir liela kravnes\u012bba un laba nodilumiztur\u012bba. Uz\u0146\u0113mum\u0101 H&amp;F m\u0113s ne tikai pieg\u0101d\u0101jam produktus, bet ar\u012b nodro\u0161in\u0101m individu\u0101lu klientu apkalpo\u0161anu, katru pas\u016bt\u012bjumu izgatavojot p\u0113c individu\u0101l\u0101m specifik\u0101cij\u0101m. Pateicoties \u0101tram pieg\u0101des ciklam un piln\u012bgai kvalit\u0101tes p\u0101rbaudes zi\u0146o\u0161anai, m\u0113s nodro\u0161in\u0101m, ka katrs \u0101\u0137is ir izgatavots atbilsto\u0161i augstiem veiktsp\u0113jas standartiem.<\/p>","protected":false},"featured_media":4031,"comment_status":"open","ping_status":"closed","template":"","meta":{"site-sidebar-layout":"default","site-content-layout":"default","ast-site-content-layout":"default","site-content-style":"default","site-sidebar-style":"default","ast-global-header-display":"","ast-banner-title-visibility":"","ast-main-header-display":"","ast-hfb-above-header-display":"","ast-hfb-below-header-display":"","ast-hfb-mobile-header-display":"","site-post-title":"","ast-breadcrumbs-content":"","ast-featured-img":"","footer-sml-layout":"","theme-transparent-header-meta":"default","adv-header-id-meta":"","stick-header-meta":"default","header-above-stick-meta":"","header-main-stick-meta":"","header-below-stick-meta":"","astra-migrate-meta-layouts":"set","ast-page-background-enabled":"default","ast-page-background-meta":{"desktop":{"background-color":"","background-image":"","background-repeat":"repeat","background-position":"center center","background-size":"auto","background-attachment":"scroll","background-type":"","background-media":"","overlay-type":"","overlay-color":"","overlay-opacity":"","overlay-gradient":""},"tablet":{"background-color":"","background-image":"","background-repeat":"repeat","background-position":"center center","background-size":"auto","background-attachment":"scroll","background-type":"","background-media":"","overlay-type":"","overlay-color":"","overlay-opacity":"","overlay-gradient":""},"mobile":{"background-color":"","background-image":"","background-repeat":"repeat","background-position":"center center","background-size":"auto","background-attachment":"scroll","background-type":"","background-media":"","overlay-type":"","overlay-color":"","overlay-opacity":"","overlay-gradient":""}},"ast-content-background-meta":{"desktop":{"background-color":"var(--ast-global-color-5)","background-image":"","background-repeat":"repeat","background-position":"center center","background-size":"auto","background-attachment":"scroll","background-type":"","background-media":"","overlay-type":"","overlay-color":"","overlay-opacity":"","overlay-gradient":""},"tablet":{"background-color":"var(--ast-global-color-5)","background-image":"","background-repeat":"repeat","background-position":"center center","background-size":"auto","background-attachment":"scroll","background-type":"","background-media":"","overlay-type":"","overlay-color":"","overlay-opacity":"","overlay-gradient":""},"mobile":{"background-color":"var(--ast-global-color-5)","background-image":"","background-repeat":"repeat","background-position":"center center","background-size":"auto","background-attachment":"scroll","background-type":"","background-media":"","overlay-type":"","overlay-color":"","overlay-opacity":"","overlay-gradient":""}}},"product_brand":[],"product_cat":[80,44],"product_tag":[],"class_list":{"0":"post-4030","1":"product","2":"type-product","3":"status-publish","4":"has-post-thumbnail","6":"product_cat-carabiner","7":"product_cat-stainless-steel-poduct","8":"desktop-align-left","9":"tablet-align-left","10":"mobile-align-left","11":"ast-product-gallery-layout-horizontal-slider","12":"ast-product-tabs-layout-horizontal","14":"first","15":"instock","16":"shipping-taxable","17":"purchasable","18":"product-type-simple"},"yoast_head":"<!-- This site is optimized with the Yoast SEO plugin v25.2 - https:\/\/yoast.com\/wordpress\/plugins\/seo\/ -->\n<title>Snap Hook with Screw Nut<\/title>\n<meta name=\"description\" content=\"The Snap Hook with Screw DIN5299 Form D is a heavy-duty general-purpose product that finds applications in industrial, marine, and construction uses.\" \/>\n<meta name=\"robots\" content=\"index, follow, max-snippet:-1, max-image-preview:large, max-video-preview:-1\" \/>\n<link rel=\"canonical\" href=\"https:\/\/qingdaohf.com\/lv\/products\/karabine-ar-skruvi\/\" \/>\n<meta property=\"og:locale\" content=\"lv_LV\" \/>\n<meta property=\"og:type\" content=\"article\" \/>\n<meta property=\"og:title\" content=\"Snap Hook with Screw Nut\" \/>\n<meta property=\"og:description\" content=\"The Snap Hook with Screw DIN5299 Form D is a heavy-duty general-purpose product that finds applications in industrial, marine, and construction uses.\" \/>\n<meta property=\"og:url\" content=\"https:\/\/qingdaohf.com\/lv\/products\/karabine-ar-skruvi\/\" \/>\n<meta property=\"og:site_name\" content=\"Concrete Form &amp; Rigging Hardware Supplier\" \/>\n<meta property=\"article:publisher\" content=\"https:\/\/www.facebook.com\/qingdaohf\" \/>\n<meta property=\"article:modified_time\" content=\"2025-11-13T01:04:43+00:00\" \/>\n<meta property=\"og:image\" content=\"https:\/\/qingdaohf.com\/wp-content\/uploads\/2023\/05\/snap-hook-with-screw-1.jpg\" \/>\n\t<meta property=\"og:image:width\" content=\"1000\" \/>\n\t<meta property=\"og:image:height\" content=\"1000\" \/>\n\t<meta property=\"og:image:type\" content=\"image\/jpeg\" \/>\n<meta name=\"twitter:card\" content=\"summary_large_image\" \/>\n<meta name=\"twitter:label1\" content=\"Est. reading time\" \/>\n\t<meta name=\"twitter:data1\" content=\"4 min\u016btes\" \/>\n<script type=\"application\/ld+json\" class=\"yoast-schema-graph\">{\"@context\":\"https:\/\/schema.org\",\"@graph\":[{\"@type\":\"WebPage\",\"@id\":\"https:\/\/qingdaohf.com\/product\/snap-hook-with-screw\/\",\"url\":\"https:\/\/qingdaohf.com\/product\/snap-hook-with-screw\/\",\"name\":\"Snap Hook with Screw Nut\",\"isPartOf\":{\"@id\":\"https:\/\/qingdaohf.com\/bg\/#website\"},\"primaryImageOfPage\":{\"@id\":\"https:\/\/qingdaohf.com\/product\/snap-hook-with-screw\/#primaryimage\"},\"image\":{\"@id\":\"https:\/\/qingdaohf.com\/product\/snap-hook-with-screw\/#primaryimage\"},\"thumbnailUrl\":\"https:\/\/qingdaohf.com\/wp-content\/uploads\/2023\/05\/snap-hook-with-screw-1.jpg\",\"datePublished\":\"2023-05-25T09:44:11+00:00\",\"dateModified\":\"2025-11-13T01:04:43+00:00\",\"description\":\"The Snap Hook with Screw DIN5299 Form D is a heavy-duty general-purpose product that finds applications in industrial, marine, and construction uses.\",\"breadcrumb\":{\"@id\":\"https:\/\/qingdaohf.com\/product\/snap-hook-with-screw\/#breadcrumb\"},\"inLanguage\":\"lv-LV\",\"potentialAction\":[{\"@type\":\"ReadAction\",\"target\":[\"https:\/\/qingdaohf.com\/product\/snap-hook-with-screw\/\"]}]},{\"@type\":\"ImageObject\",\"inLanguage\":\"lv-LV\",\"@id\":\"https:\/\/qingdaohf.com\/product\/snap-hook-with-screw\/#primaryimage\",\"url\":\"https:\/\/qingdaohf.com\/wp-content\/uploads\/2023\/05\/snap-hook-with-screw-1.jpg\",\"contentUrl\":\"https:\/\/qingdaohf.com\/wp-content\/uploads\/2023\/05\/snap-hook-with-screw-1.jpg\",\"width\":1000,\"height\":1000,\"caption\":\"snap hook with scre\"},{\"@type\":\"BreadcrumbList\",\"@id\":\"https:\/\/qingdaohf.com\/product\/snap-hook-with-screw\/#breadcrumb\",\"itemListElement\":[{\"@type\":\"ListItem\",\"position\":1,\"name\":\"Home\",\"item\":\"https:\/\/qingdaohf.com\/\"},{\"@type\":\"ListItem\",\"position\":2,\"name\":\"Concrete Forming Accessories and Rigging Hardware\",\"item\":\"https:\/\/qingdaohf.com\/bg\/?page_id=944\"},{\"@type\":\"ListItem\",\"position\":3,\"name\":\"Snap Hook with Screw Nut\"}]},{\"@type\":\"WebSite\",\"@id\":\"https:\/\/qingdaohf.com\/bg\/#website\",\"url\":\"https:\/\/qingdaohf.com\/bg\/\",\"name\":\"Concrete Form & Rigging Hardware Supplier\",\"description\":\"\",\"publisher\":{\"@id\":\"https:\/\/qingdaohf.com\/bg\/#organization\"},\"potentialAction\":[{\"@type\":\"SearchAction\",\"target\":{\"@type\":\"EntryPoint\",\"urlTemplate\":\"https:\/\/qingdaohf.com\/bg\/?s={search_term_string}\"},\"query-input\":{\"@type\":\"PropertyValueSpecification\",\"valueRequired\":true,\"valueName\":\"search_term_string\"}}],\"inLanguage\":\"lv-LV\"},{\"@type\":\"Organization\",\"@id\":\"https:\/\/qingdaohf.com\/bg\/#organization\",\"name\":\"Qingdao H&F\",\"url\":\"https:\/\/qingdaohf.com\/bg\/\",\"logo\":{\"@type\":\"ImageObject\",\"inLanguage\":\"lv-LV\",\"@id\":\"https:\/\/qingdaohf.com\/bg\/#\/schema\/logo\/image\/\",\"url\":\"https:\/\/qingdaohf.com\/wp-content\/uploads\/2022\/12\/cropped-HF-LOGO.png\",\"contentUrl\":\"https:\/\/qingdaohf.com\/wp-content\/uploads\/2022\/12\/cropped-HF-LOGO.png\",\"width\":391,\"height\":249,\"caption\":\"Qingdao H&F\"},\"image\":{\"@id\":\"https:\/\/qingdaohf.com\/bg\/#\/schema\/logo\/image\/\"},\"sameAs\":[\"https:\/\/www.facebook.com\/qingdaohf\"]}]}<\/script>\n<!-- \/ Yoast SEO plugin. -->","yoast_head_json":{"title":"Snap Hook with Screw Nut","description":"The Snap Hook with Screw DIN5299 Form D is a heavy-duty general-purpose product that finds applications in industrial, marine, and construction uses.","robots":{"index":"index","follow":"follow","max-snippet":"max-snippet:-1","max-image-preview":"max-image-preview:large","max-video-preview":"max-video-preview:-1"},"canonical":"https:\/\/qingdaohf.com\/lv\/products\/karabine-ar-skruvi\/","og_locale":"lv_LV","og_type":"article","og_title":"Snap Hook with Screw Nut","og_description":"The Snap Hook with Screw DIN5299 Form D is a heavy-duty general-purpose product that finds applications in industrial, marine, and construction uses.","og_url":"https:\/\/qingdaohf.com\/lv\/products\/karabine-ar-skruvi\/","og_site_name":"Concrete Form &amp; Rigging Hardware Supplier","article_publisher":"https:\/\/www.facebook.com\/qingdaohf","article_modified_time":"2025-11-13T01:04:43+00:00","og_image":[{"width":1000,"height":1000,"url":"https:\/\/qingdaohf.com\/wp-content\/uploads\/2023\/05\/snap-hook-with-screw-1.jpg","type":"image\/jpeg"}],"twitter_card":"summary_large_image","twitter_misc":{"Est. reading time":"4 min\u016btes"},"schema":{"@context":"https:\/\/schema.org","@graph":[{"@type":"WebPage","@id":"https:\/\/qingdaohf.com\/product\/snap-hook-with-screw\/","url":"https:\/\/qingdaohf.com\/product\/snap-hook-with-screw\/","name":"Snap Hook with Screw Nut","isPartOf":{"@id":"https:\/\/qingdaohf.com\/bg\/#website"},"primaryImageOfPage":{"@id":"https:\/\/qingdaohf.com\/product\/snap-hook-with-screw\/#primaryimage"},"image":{"@id":"https:\/\/qingdaohf.com\/product\/snap-hook-with-screw\/#primaryimage"},"thumbnailUrl":"https:\/\/qingdaohf.com\/wp-content\/uploads\/2023\/05\/snap-hook-with-screw-1.jpg","datePublished":"2023-05-25T09:44:11+00:00","dateModified":"2025-11-13T01:04:43+00:00","description":"The Snap Hook with Screw DIN5299 Form D is a heavy-duty general-purpose product that finds applications in industrial, marine, and construction uses.","breadcrumb":{"@id":"https:\/\/qingdaohf.com\/product\/snap-hook-with-screw\/#breadcrumb"},"inLanguage":"lv-LV","potentialAction":[{"@type":"ReadAction","target":["https:\/\/qingdaohf.com\/product\/snap-hook-with-screw\/"]}]},{"@type":"ImageObject","inLanguage":"lv-LV","@id":"https:\/\/qingdaohf.com\/product\/snap-hook-with-screw\/#primaryimage","url":"https:\/\/qingdaohf.com\/wp-content\/uploads\/2023\/05\/snap-hook-with-screw-1.jpg","contentUrl":"https:\/\/qingdaohf.com\/wp-content\/uploads\/2023\/05\/snap-hook-with-screw-1.jpg","width":1000,"height":1000,"caption":"snap hook with scre"},{"@type":"BreadcrumbList","@id":"https:\/\/qingdaohf.com\/product\/snap-hook-with-screw\/#breadcrumb","itemListElement":[{"@type":"ListItem","position":1,"name":"Home","item":"https:\/\/qingdaohf.com\/"},{"@type":"ListItem","position":2,"name":"Concrete Forming Accessories and Rigging Hardware","item":"https:\/\/qingdaohf.com\/bg\/?page_id=944"},{"@type":"ListItem","position":3,"name":"Snap Hook with Screw Nut"}]},{"@type":"WebSite","@id":"https:\/\/qingdaohf.com\/bg\/#website","url":"https:\/\/qingdaohf.com\/bg\/","name":"Concrete Form & Rigging Hardware Supplier","description":"","publisher":{"@id":"https:\/\/qingdaohf.com\/bg\/#organization"},"potentialAction":[{"@type":"SearchAction","target":{"@type":"EntryPoint","urlTemplate":"https:\/\/qingdaohf.com\/bg\/?s={search_term_string}"},"query-input":{"@type":"PropertyValueSpecification","valueRequired":true,"valueName":"search_term_string"}}],"inLanguage":"lv-LV"},{"@type":"Organization","@id":"https:\/\/qingdaohf.com\/bg\/#organization","name":"Qingdao H&F","url":"https:\/\/qingdaohf.com\/bg\/","logo":{"@type":"ImageObject","inLanguage":"lv-LV","@id":"https:\/\/qingdaohf.com\/bg\/#\/schema\/logo\/image\/","url":"https:\/\/qingdaohf.com\/wp-content\/uploads\/2022\/12\/cropped-HF-LOGO.png","contentUrl":"https:\/\/qingdaohf.com\/wp-content\/uploads\/2022\/12\/cropped-HF-LOGO.png","width":391,"height":249,"caption":"Qingdao H&F"},"image":{"@id":"https:\/\/qingdaohf.com\/bg\/#\/schema\/logo\/image\/"},"sameAs":["https:\/\/www.facebook.com\/qingdaohf"]}]}},"_links":{"self":[{"href":"https:\/\/qingdaohf.com\/lv\/wp-json\/wp\/v2\/product\/4030","targetHints":{"allow":["GET"]}}],"collection":[{"href":"https:\/\/qingdaohf.com\/lv\/wp-json\/wp\/v2\/product"}],"about":[{"href":"https:\/\/qingdaohf.com\/lv\/wp-json\/wp\/v2\/types\/product"}],"replies":[{"embeddable":true,"href":"https:\/\/qingdaohf.com\/lv\/wp-json\/wp\/v2\/comments?post=4030"}],"version-history":[{"count":6,"href":"https:\/\/qingdaohf.com\/lv\/wp-json\/wp\/v2\/product\/4030\/revisions"}],"predecessor-version":[{"id":9511,"href":"https:\/\/qingdaohf.com\/lv\/wp-json\/wp\/v2\/product\/4030\/revisions\/9511"}],"wp:featuredmedia":[{"embeddable":true,"href":"https:\/\/qingdaohf.com\/lv\/wp-json\/wp\/v2\/media\/4031"}],"wp:attachment":[{"href":"https:\/\/qingdaohf.com\/lv\/wp-json\/wp\/v2\/media?parent=4030"}],"wp:term":[{"taxonomy":"product_brand","embeddable":true,"href":"https:\/\/qingdaohf.com\/lv\/wp-json\/wp\/v2\/product_brand?post=4030"},{"taxonomy":"product_cat","embeddable":true,"href":"https:\/\/qingdaohf.com\/lv\/wp-json\/wp\/v2\/product_cat?post=4030"},{"taxonomy":"product_tag","embeddable":true,"href":"https:\/\/qingdaohf.com\/lv\/wp-json\/wp\/v2\/product_tag?post=4030"}],"curies":[{"name":"wp","href":"https:\/\/api.w.org\/{rel}","templated":true}]}}