{"id":4078,"date":"2024-01-19T09:59:32","date_gmt":"2024-01-19T01:59:32","guid":{"rendered":"http:\/\/qingdaohf.com\/?post_type=product&#038;p=4078"},"modified":"2025-11-13T09:03:39","modified_gmt":"2025-11-13T01:03:39","slug":"fist-grip","status":"publish","type":"product","link":"https:\/\/qingdaohf.com\/lv\/products\/satveriens-ar-duri\/","title":{"rendered":"Piecu rokturu skavas"},"content":{"rendered":"<p><img fetchpriority=\"high\" decoding=\"async\" class=\"alignnone size-full wp-image-6350\" src=\"http:\/\/qingdaohf.com\/wp-content\/uploads\/2023\/05\/fist-grip.jpg\" alt=\"\" width=\"302\" height=\"298\" srcset=\"https:\/\/qingdaohf.com\/wp-content\/uploads\/2023\/05\/fist-grip.jpg 302w, https:\/\/qingdaohf.com\/wp-content\/uploads\/2023\/05\/fist-grip-300x296.jpg 300w, https:\/\/qingdaohf.com\/wp-content\/uploads\/2023\/05\/fist-grip-100x100.jpg 100w\" sizes=\"(max-width: 302px) 100vw, 302px\" \/> <img decoding=\"async\" class=\"alignnone size-full wp-image-6351\" src=\"http:\/\/qingdaohf.com\/wp-content\/uploads\/2023\/05\/fist-grip-2.jpg\" alt=\"fist-grip\" width=\"273\" height=\"186\" \/><\/p>\n<p><img decoding=\"async\" class=\"alignnone size-full wp-image-6606\" src=\"http:\/\/qingdaohf.com\/wp-content\/uploads\/2024\/01\/Fist-Grip-Clamps-1.png\" alt=\"Piecu rokturu skavas\" width=\"1011\" height=\"276\" srcset=\"https:\/\/qingdaohf.com\/wp-content\/uploads\/2024\/01\/Fist-Grip-Clamps-1.png 1011w, https:\/\/qingdaohf.com\/wp-content\/uploads\/2024\/01\/Fist-Grip-Clamps-1-300x82.png 300w, https:\/\/qingdaohf.com\/wp-content\/uploads\/2024\/01\/Fist-Grip-Clamps-1-768x210.png 768w, https:\/\/qingdaohf.com\/wp-content\/uploads\/2024\/01\/Fist-Grip-Clamps-1-1000x273.png 1000w\" sizes=\"(max-width: 1011px) 100vw, 1011px\" \/><\/p>\n<p data-sourcepos=\"3:1-3:294\">K\u0101 pieredz\u0113jis stiep\u013cu tro\u0161u un stiep\u013cu tro\u0161u skavu pieg\u0101d\u0101t\u0101js H&amp;F izprot, cik svar\u012bga noz\u012bme dro\u0161\u012bbas un efektivit\u0101tes nodro\u0161in\u0101\u0161an\u0101 ir stipriem un uzticamiem savienojumiem. T\u0101p\u0113c m\u0113s ar lepnumu iepaz\u012bstin\u0101m ar Fist Grips - n\u0101kam\u0101s paaudzes troses dro\u0161\u012bbas sist\u0113mu, kas ir izstr\u0101d\u0101ta, lai paceltu j\u016bsu takel\u0101\u017eas sp\u0113li jaun\u0101 l\u012bmen\u012b.<\/p>\n<p data-sourcepos=\"5:1-5:116\">Ta\u010du, pirms iepaz\u012bstin\u0101mies ar Fist Grips iesp\u0113j\u0101m, iepaz\u012bstin\u0101sim j\u016bs ar \u0161\u012bs sp\u0113c\u012bg\u0101s ekosist\u0113mas galvenajiem dal\u012bbniekiem:<\/p>\n<h3 data-sourcepos=\"7:1-7:222\"><strong>1. <a href=\"https:\/\/qingdaohf.com\/lv\/products\/stieplu-troses\/\">Stiep\u013cu troses<\/a>:<\/strong><\/h3>\n<p data-sourcepos=\"7:1-7:222\">Stiep\u013cu troses, kas ir jebkuras takel\u0101\u017eas sist\u0113mas pamat\u0101, nodro\u0161ina izcilu iztur\u012bbu un elast\u012bbu sare\u017e\u0123\u012btiem pacel\u0161anas, pacel\u0161anas un nostiprin\u0101\u0161anas lietojumiem. Iedom\u0101jieties, ka tas ir j\u016bsu darb\u012bbas stingrais mugurkauls.<\/p>\n<p data-sourcepos=\"7:1-7:222\"><img loading=\"lazy\" decoding=\"async\" class=\"alignnone wp-image-3905 size-medium\" src=\"http:\/\/qingdaohf.com\/wp-content\/uploads\/2023\/04\/wire-rope-1-300x300.jpg\" alt=\"stiep\u013cu troses\" width=\"300\" height=\"300\" srcset=\"https:\/\/qingdaohf.com\/wp-content\/uploads\/2023\/04\/wire-rope-1-300x300.jpg 300w, https:\/\/qingdaohf.com\/wp-content\/uploads\/2023\/04\/wire-rope-1-150x150.jpg 150w, https:\/\/qingdaohf.com\/wp-content\/uploads\/2023\/04\/wire-rope-1-768x768.jpg 768w, https:\/\/qingdaohf.com\/wp-content\/uploads\/2023\/04\/wire-rope-1-500x500.jpg 500w, https:\/\/qingdaohf.com\/wp-content\/uploads\/2023\/04\/wire-rope-1-100x100.jpg 100w, https:\/\/qingdaohf.com\/wp-content\/uploads\/2023\/04\/wire-rope-1.jpg 1000w\" sizes=\"(max-width: 300px) 100vw, 300px\" \/><\/p>\n<h3 data-sourcepos=\"9:1-9:224\"><strong>2. <a href=\"https:\/\/qingdaohf.com\/lv\/products\/stieplu-trosu-skava\/\">Stiep\u013cu virves klips<\/a>:<\/strong><\/h3>\n<p data-sourcepos=\"9:1-9:224\">\u0160ie univers\u0101lie darba zirgi pied\u0101v\u0101 vienk\u0101r\u0161u un efekt\u012bvu veidu, k\u0101 veidot cilpas vai savienot stiep\u013cu trosi ar citiem komponentiem. Dom\u0101jiet par tiem k\u0101 par uzticam\u0101m rok\u0101m, kas stingri satver un notur virvi viet\u0101.<\/p>\n<p data-sourcepos=\"9:1-9:224\"><img loading=\"lazy\" decoding=\"async\" class=\"alignnone wp-image-6176 size-medium\" src=\"http:\/\/qingdaohf.com\/wp-content\/uploads\/2023\/05\/wire-rope-clip-9-300x300.jpg\" alt=\"stiep\u013cu tro\u0161u skava\" width=\"300\" height=\"300\" srcset=\"https:\/\/qingdaohf.com\/wp-content\/uploads\/2023\/05\/wire-rope-clip-9-300x300.jpg 300w, https:\/\/qingdaohf.com\/wp-content\/uploads\/2023\/05\/wire-rope-clip-9-150x150.jpg 150w, https:\/\/qingdaohf.com\/wp-content\/uploads\/2023\/05\/wire-rope-clip-9-768x768.jpg 768w, https:\/\/qingdaohf.com\/wp-content\/uploads\/2023\/05\/wire-rope-clip-9-500x500.jpg 500w, https:\/\/qingdaohf.com\/wp-content\/uploads\/2023\/05\/wire-rope-clip-9-100x100.jpg 100w, https:\/\/qingdaohf.com\/wp-content\/uploads\/2023\/05\/wire-rope-clip-9.jpg 1000w\" sizes=\"(max-width: 300px) 100vw, 300px\" \/><\/p>\n<h3 data-sourcepos=\"11:1-11:287\"><strong>3. C\u012b\u0146a ar d\u016brienu:<\/strong><\/h3>\n<p data-sourcepos=\"11:1-11:287\">\u0160ie revolucion\u0101rie klip\u0161i no jauna defin\u0113 virvju dro\u0161\u012bbu, pied\u0101v\u0101jot nep\u0101rsp\u0113jamu \u0101trumu, vieglumu un efektivit\u0101ti. Iedom\u0101jieties, ka t\u0101s ir n\u0101kam\u0101s paaudzes rokas, kas apr\u012bkotas ar dzel\u017eainu satv\u0113rienu un racion\u0101lu darb\u012bbu.<\/p>\n<p data-sourcepos=\"11:1-11:287\"><img loading=\"lazy\" decoding=\"async\" class=\"alignnone size-full wp-image-6350\" src=\"http:\/\/qingdaohf.com\/wp-content\/uploads\/2023\/05\/fist-grip.jpg\" alt=\"fist-grip\" width=\"302\" height=\"298\" srcset=\"https:\/\/qingdaohf.com\/wp-content\/uploads\/2023\/05\/fist-grip.jpg 302w, https:\/\/qingdaohf.com\/wp-content\/uploads\/2023\/05\/fist-grip-300x296.jpg 300w, https:\/\/qingdaohf.com\/wp-content\/uploads\/2023\/05\/fist-grip-100x100.jpg 100w\" sizes=\"(max-width: 302px) 100vw, 302px\" \/><\/p>\n<h3 data-sourcepos=\"13:1-13:188\"><strong>4. <a href=\"https:\/\/qingdaohf.com\/lv\/products\/uzpirkstenis\/\">Stiep\u013cu virves uzpirkstenis<\/a>:<\/strong><\/h3>\n<p data-sourcepos=\"13:1-13:188\">\u0160is nenopietnais varonis pasarg\u0101 virves neaizsarg\u0101to acti\u0146u (cilpas galu) no nodiluma un nodiluma. Iedom\u0101jieties to k\u0101 aizsarg\u0101jo\u0161u bru\u0146inieka \u0137iveri, kas pasarg\u0101 virves svar\u012bgo punktu.<\/p>\n<p data-sourcepos=\"13:1-13:188\"><img loading=\"lazy\" decoding=\"async\" class=\"alignnone wp-image-6352 size-full\" src=\"http:\/\/qingdaohf.com\/wp-content\/uploads\/2023\/05\/Wire-rope-thimble-installation-step-1-1.jpg\" alt=\"Stiep\u013cu troses un uzpirkstenis\" width=\"600\" height=\"163\" srcset=\"https:\/\/qingdaohf.com\/wp-content\/uploads\/2023\/05\/Wire-rope-thimble-installation-step-1-1.jpg 600w, https:\/\/qingdaohf.com\/wp-content\/uploads\/2023\/05\/Wire-rope-thimble-installation-step-1-1-300x82.jpg 300w\" sizes=\"(max-width: 600px) 100vw, 600px\" \/><\/p>\n<h3 data-sourcepos=\"15:1-15:182\"><strong>5. <a href=\"https:\/\/qingdaohf.com\/lv\/products\/aluminija-stieplu-troses-uzmava\/\">Stiep\u013cu virves uzmavi\u0146a<\/a>:<\/strong><\/h3>\n<p data-sourcepos=\"15:1-15:182\">L\u012bdz\u012bgi k\u0101 uzpirkstenis, uzmavi\u0146a darbojas k\u0101 iztur\u012bgs v\u0101ci\u0146\u0161, kas nostiprina virves galu un nov\u0113r\u0161 t\u0101s izpl\u016b\u0161anu. Iedom\u0101jieties to k\u0101 t\u0113rauda \u0137iveri virves galam.<\/p>\n<p data-sourcepos=\"15:1-15:182\"><img loading=\"lazy\" decoding=\"async\" class=\"alignnone wp-image-6353 size-medium\" src=\"http:\/\/qingdaohf.com\/wp-content\/uploads\/2023\/05\/Ferrule-247x300.jpg\" alt=\"Uzmava\" width=\"247\" height=\"300\" srcset=\"https:\/\/qingdaohf.com\/wp-content\/uploads\/2023\/05\/Ferrule-247x300.jpg 247w, https:\/\/qingdaohf.com\/wp-content\/uploads\/2023\/05\/Ferrule.jpg 636w\" sizes=\"(max-width: 247px) 100vw, 247px\" \/><\/p>\n<h3 data-sourcepos=\"15:1-15:182\"><strong>6. <a href=\"https:\/\/qingdaohf.com\/lv\/products\/dupleksa-stieplu-trosu-skava\/\">Divpus\u0113j\u0101 stiep\u013cu tro\u0161u skava<\/a><\/strong><strong>:<\/strong><\/h3>\n<p data-sourcepos=\"15:1-15:182\">Divpus\u0113j\u0101 stiep\u013cu tro\u0161u skava ir specializ\u0113ta stiprin\u0101juma ier\u012bce, kas paredz\u0113ta divu stiep\u013cu tro\u0161u sekciju savieno\u0161anai. Tai ir iz\u0161\u0137iro\u0161a noz\u012bme uzticama savienojuma izveid\u0113, jo \u012bpa\u0161i situ\u0101cij\u0101s, kad stiep\u013cu tros\u0113 ir nepiecie\u0161ama cilpa vai acs.<\/p>\n<p data-sourcepos=\"15:1-15:182\"><img loading=\"lazy\" decoding=\"async\" class=\"alignnone wp-image-6354 size-medium\" src=\"http:\/\/qingdaohf.com\/wp-content\/uploads\/2023\/05\/Stainless-Steel-Duplex-300x300.jpg\" alt=\"Ner\u016bs\u0113jo\u0161\u0101 t\u0113rauda duplekss\" width=\"300\" height=\"300\" srcset=\"https:\/\/qingdaohf.com\/wp-content\/uploads\/2023\/05\/Stainless-Steel-Duplex-300x300.jpg 300w, https:\/\/qingdaohf.com\/wp-content\/uploads\/2023\/05\/Stainless-Steel-Duplex-150x150.jpg 150w, https:\/\/qingdaohf.com\/wp-content\/uploads\/2023\/05\/Stainless-Steel-Duplex-768x768.jpg 768w, https:\/\/qingdaohf.com\/wp-content\/uploads\/2023\/05\/Stainless-Steel-Duplex-500x500.jpg 500w, https:\/\/qingdaohf.com\/wp-content\/uploads\/2023\/05\/Stainless-Steel-Duplex-100x100.jpg 100w, https:\/\/qingdaohf.com\/wp-content\/uploads\/2023\/05\/Stainless-Steel-Duplex.jpg 1000w\" sizes=\"(max-width: 300px) 100vw, 300px\" \/><\/p>\n<h3 data-sourcepos=\"17:1-17:39\"><strong>Piecu satv\u0113rienu priek\u0161roc\u012bbu atbr\u012bvo\u0161ana:<\/strong><\/h3>\n<p data-sourcepos=\"19:1-19:84\">H&amp;F's Fist Grips izce\u013cas no citiem ar sav\u0101m sp\u0113kratu main\u012b\u0161anas iesp\u0113j\u0101m:<\/p>\n<ul data-sourcepos=\"21:1-25:0\">\n<li data-sourcepos=\"21:1-21:153\"><strong>\u0100tra izvieto\u0161ana:<\/strong>\u00a0To konstrukcija ar vienu skr\u016bvi nov\u0113r\u0161 nepiecie\u0161am\u012bbu p\u0113c vair\u0101k\u0101m apgr\u016btino\u0161\u0101m U veida skr\u016bv\u0113m, iev\u0113rojami samazinot uzst\u0101d\u012b\u0161anas laiku un p\u016bles.<\/li>\n<li data-sourcepos=\"22:1-22:139\"><strong>Viegla griezes momenta grie\u0161ana:<\/strong>\u00a0Integr\u0113tie uzgrie\u017e\u0146i nodro\u0161ina izcilu piek\u013cuvi un sviras efektu, padarot procesu vienm\u0113r\u012bgu un efekt\u012bvu.<\/li>\n<li data-sourcepos=\"23:1-23:143\"><strong>Nemain\u012bga dro\u0161\u012bba:<\/strong>\u00a0To kalt\u0101 t\u0113rauda konstrukcija un izcilais satv\u0113riens nodro\u0161ina nep\u0101rsp\u0113jamu sa\u0137eri, sniedzot jums piln\u012bgu p\u0101rliec\u012bbu.<\/li>\n<li data-sourcepos=\"24:1-25:0\"><strong>Pagarin\u0101ts virves kalpo\u0161anas laiks:<\/strong>\u00a0Gludais, noapa\u013cotais profils samazina stiep\u013cu tro\u0161u berzi un nodilumu, pagarinot to kalpo\u0161anas laiku un palielinot v\u0113rt\u012bbu.<\/li>\n<\/ul>\n<h3 data-sourcepos=\"26:1-26:24\"><strong>Piecu roku satv\u0113riens darb\u012bb\u0101:<\/strong><\/h3>\n<p data-sourcepos=\"28:1-28:51\">H&amp;F's Fist Grips darbojas bez piep\u016bles:<\/p>\n<ol data-sourcepos=\"30:1-33:0\">\n<li data-sourcepos=\"30:1-30:85\"><strong>Viegla v\u012bt\u0146u v\u012bt\u0146o\u0161ana:<\/strong>\u00a0Vienk\u0101r\u0161i izvelciet stiep\u013cu virvi caur Fist Grip sedlu.<\/li>\n<li data-sourcepos=\"31:1-31:116\"><strong>\u0100tra skr\u016bvju ievieto\u0161ana:<\/strong>\u00a0Ievelciet skr\u016bvi caur segla atveri, p\u0101rliecinoties, ka U veida skr\u016bve dro\u0161i balst\u0101s uz virves.<\/li>\n<li data-sourcepos=\"32:1-33:0\"><strong>Viegla pievilk\u0161an\u0101s:<\/strong>\u00a0Pagrieziet uzgriezni pulkste\u0146r\u0101d\u012bt\u0101ja kust\u012bbas virzien\u0101 ar uzgrie\u017e\u0146u atsl\u0113gu, l\u012bdz virve ir stingri satverta.<\/li>\n<\/ol>\n<h3 data-sourcepos=\"34:1-34:28\"><strong>Sp\u0113ka siner\u0123ija:<\/strong><\/h3>\n<p data-sourcepos=\"36:1-36:77\">H&amp;F's Fist Grips ir nevainojami savienoti ar cit\u0101m svar\u012bg\u0101m stiep\u013cu tro\u0161u sast\u0101vda\u013c\u0101m:<\/p>\n<ul data-sourcepos=\"38:1-41:0\">\n<li data-sourcepos=\"38:1-38:151\"><strong>Stiep\u013cu tro\u0161u skavas:<\/strong>\u00a0Lai gan Fist Grips nodro\u0161ina lielisku \u0101trumu un efektivit\u0101ti, tradicion\u0101l\u0101s spailes joproj\u0101m ir v\u0113rt\u012bgas specifiskiem lietojumiem vai k\u0101 rezerves.<\/li>\n<li data-sourcepos=\"39:1-39:136\"><strong>Stiep\u013cu virves uzpirkst\u012btes:<\/strong>\u00a0Veidojot cilpu, vienm\u0113r izmantojiet uzpirksteni, lai pasarg\u0101tu virves aci no saspie\u0161anas un nodro\u0161in\u0101tu optim\u0101lu kalpo\u0161anas ilgumu.<\/li>\n<li data-sourcepos=\"40:1-41:0\"><strong>Stiep\u013cu tro\u0161u uzmavas:<\/strong>\u00a0Apsveriet iesp\u0113ju izmantot uzmavas, lai nodro\u0161in\u0101tu papildu aizsardz\u012bbu pret l\u016b\u0161anu virves gal\u0101, \u012bpa\u0161i sint\u0113tiskaj\u0101m virv\u0113m.<\/li>\n<\/ul>\n<p>&nbsp;<\/p>","protected":false},"excerpt":{"rendered":"<p>Fist Grip ir pla\u0161i izmantota aparat\u016bras sast\u0101vda\u013ca takel\u0101\u017eas un pacel\u0161anas lietojumos. T\u0101 ir \u012bpa\u0161i izstr\u0101d\u0101ta stiep\u013cu tro\u0161u vai tauvu galu savieno\u0161anai, nodro\u0161inot dro\u0161u un uzticamu savienojumu.<\/p>\n<p>Piecu rokturis parasti sast\u0101v no met\u0101la korpusa ar U veida rievu vai seglu, k\u0101 ar\u012b skr\u016bves ar v\u012btni vai vair\u0101k\u0101m skr\u016bv\u0113m un uzgrie\u017e\u0146iem. Stiep\u013cu trosi ievieto U veida grop\u0113, un skr\u016bves tiek pievilktas, lai saspiestu rokturi ap stiep\u013cu trosi, radot dro\u0161u un stingru satv\u0113rienu.<\/p>\n<p>Fist Grip konstrukcija nodro\u0161ina, ka stiep\u013cu virve paliek sav\u0101 viet\u0101 un nov\u0113r\u0161 t\u0101s sl\u012bd\u0113\u0161anu vai atsl\u0101b\u0161anu spriegojuma ietekm\u0113. To parasti izmanto cilpu veido\u0161anai, stiep\u013cu tro\u0161u galu nosl\u0113g\u0161anai vai divu stiep\u013cu tro\u0161u posmu savieno\u0161anai.<\/p>","protected":false},"featured_media":4079,"comment_status":"open","ping_status":"closed","template":"","meta":{"site-sidebar-layout":"default","site-content-layout":"default","ast-site-content-layout":"default","site-content-style":"default","site-sidebar-style":"default","ast-global-header-display":"","ast-banner-title-visibility":"","ast-main-header-display":"","ast-hfb-above-header-display":"","ast-hfb-below-header-display":"","ast-hfb-mobile-header-display":"","site-post-title":"","ast-breadcrumbs-content":"","ast-featured-img":"","footer-sml-layout":"","theme-transparent-header-meta":"default","adv-header-id-meta":"","stick-header-meta":"default","header-above-stick-meta":"","header-main-stick-meta":"","header-below-stick-meta":"","astra-migrate-meta-layouts":"set","ast-page-background-enabled":"default","ast-page-background-meta":{"desktop":{"background-color":"","background-image":"","background-repeat":"repeat","background-position":"center center","background-size":"auto","background-attachment":"scroll","background-type":"","background-media":"","overlay-type":"","overlay-color":"","overlay-opacity":"","overlay-gradient":""},"tablet":{"background-color":"","background-image":"","background-repeat":"repeat","background-position":"center center","background-size":"auto","background-attachment":"scroll","background-type":"","background-media":"","overlay-type":"","overlay-color":"","overlay-opacity":"","overlay-gradient":""},"mobile":{"background-color":"","background-image":"","background-repeat":"repeat","background-position":"center center","background-size":"auto","background-attachment":"scroll","background-type":"","background-media":"","overlay-type":"","overlay-color":"","overlay-opacity":"","overlay-gradient":""}},"ast-content-background-meta":{"desktop":{"background-color":"var(--ast-global-color-5)","background-image":"","background-repeat":"repeat","background-position":"center center","background-size":"auto","background-attachment":"scroll","background-type":"","background-media":"","overlay-type":"","overlay-color":"","overlay-opacity":"","overlay-gradient":""},"tablet":{"background-color":"var(--ast-global-color-5)","background-image":"","background-repeat":"repeat","background-position":"center center","background-size":"auto","background-attachment":"scroll","background-type":"","background-media":"","overlay-type":"","overlay-color":"","overlay-opacity":"","overlay-gradient":""},"mobile":{"background-color":"var(--ast-global-color-5)","background-image":"","background-repeat":"repeat","background-position":"center center","background-size":"auto","background-attachment":"scroll","background-type":"","background-media":"","overlay-type":"","overlay-color":"","overlay-opacity":"","overlay-gradient":""}}},"product_brand":[],"product_cat":[37,43],"product_tag":[],"class_list":{"0":"post-4078","1":"product","2":"type-product","3":"status-publish","4":"has-post-thumbnail","6":"product_cat-wire-rope","7":"product_cat-rigging-hardware","8":"desktop-align-left","9":"tablet-align-left","10":"mobile-align-left","11":"ast-product-gallery-layout-horizontal-slider","12":"ast-product-tabs-layout-horizontal","14":"first","15":"instock","16":"shipping-taxable","17":"purchasable","18":"product-type-simple"},"yoast_head":"<!-- This site is optimized with the Yoast SEO plugin v25.2 - https:\/\/yoast.com\/wordpress\/plugins\/seo\/ -->\n<title>Fist Grip Clamps<\/title>\n<meta name=\"description\" content=\"The Fist Grip, also known as a wire rope grip or wire rope clip, is a commonly used hardware component in rigging and lifting applications.\" \/>\n<meta name=\"robots\" content=\"index, follow, max-snippet:-1, max-image-preview:large, max-video-preview:-1\" \/>\n<link rel=\"canonical\" href=\"https:\/\/qingdaohf.com\/lv\/products\/satveriens-ar-duri\/\" \/>\n<meta property=\"og:locale\" content=\"lv_LV\" \/>\n<meta property=\"og:type\" content=\"article\" \/>\n<meta property=\"og:title\" content=\"Fist Grip Clamps\" \/>\n<meta property=\"og:description\" content=\"The Fist Grip, also known as a wire rope grip or wire rope clip, is a commonly used hardware component in rigging and lifting applications.\" \/>\n<meta property=\"og:url\" content=\"https:\/\/qingdaohf.com\/lv\/products\/satveriens-ar-duri\/\" \/>\n<meta property=\"og:site_name\" content=\"Concrete Form &amp; Rigging Hardware Supplier\" \/>\n<meta property=\"article:publisher\" content=\"https:\/\/www.facebook.com\/qingdaohf\" \/>\n<meta property=\"article:modified_time\" content=\"2025-11-13T01:03:39+00:00\" \/>\n<meta property=\"og:image\" content=\"https:\/\/qingdaohf.com\/wp-content\/uploads\/2023\/05\/fist-clip-1.jpg\" \/>\n\t<meta property=\"og:image:width\" content=\"1000\" \/>\n\t<meta property=\"og:image:height\" content=\"1000\" \/>\n\t<meta property=\"og:image:type\" content=\"image\/jpeg\" \/>\n<meta name=\"twitter:card\" content=\"summary_large_image\" \/>\n<meta name=\"twitter:label1\" content=\"Est. reading time\" \/>\n\t<meta name=\"twitter:data1\" content=\"5 min\u016btes\" \/>\n<script type=\"application\/ld+json\" class=\"yoast-schema-graph\">{\"@context\":\"https:\/\/schema.org\",\"@graph\":[{\"@type\":\"WebPage\",\"@id\":\"https:\/\/qingdaohf.com\/product\/fist-grip\/\",\"url\":\"https:\/\/qingdaohf.com\/product\/fist-grip\/\",\"name\":\"Fist Grip Clamps\",\"isPartOf\":{\"@id\":\"https:\/\/qingdaohf.com\/bg\/#website\"},\"primaryImageOfPage\":{\"@id\":\"https:\/\/qingdaohf.com\/product\/fist-grip\/#primaryimage\"},\"image\":{\"@id\":\"https:\/\/qingdaohf.com\/product\/fist-grip\/#primaryimage\"},\"thumbnailUrl\":\"https:\/\/qingdaohf.com\/wp-content\/uploads\/2023\/05\/fist-clip-1.jpg\",\"datePublished\":\"2024-01-19T01:59:32+00:00\",\"dateModified\":\"2025-11-13T01:03:39+00:00\",\"description\":\"The Fist Grip, also known as a wire rope grip or wire rope clip, is a commonly used hardware component in rigging and lifting applications.\",\"breadcrumb\":{\"@id\":\"https:\/\/qingdaohf.com\/product\/fist-grip\/#breadcrumb\"},\"inLanguage\":\"lv-LV\",\"potentialAction\":[{\"@type\":\"ReadAction\",\"target\":[\"https:\/\/qingdaohf.com\/product\/fist-grip\/\"]}]},{\"@type\":\"ImageObject\",\"inLanguage\":\"lv-LV\",\"@id\":\"https:\/\/qingdaohf.com\/product\/fist-grip\/#primaryimage\",\"url\":\"https:\/\/qingdaohf.com\/wp-content\/uploads\/2023\/05\/fist-clip-1.jpg\",\"contentUrl\":\"https:\/\/qingdaohf.com\/wp-content\/uploads\/2023\/05\/fist-clip-1.jpg\",\"width\":1000,\"height\":1000,\"caption\":\"fist clip\"},{\"@type\":\"BreadcrumbList\",\"@id\":\"https:\/\/qingdaohf.com\/product\/fist-grip\/#breadcrumb\",\"itemListElement\":[{\"@type\":\"ListItem\",\"position\":1,\"name\":\"Home\",\"item\":\"https:\/\/qingdaohf.com\/\"},{\"@type\":\"ListItem\",\"position\":2,\"name\":\"Concrete Forming Accessories and Rigging Hardware\",\"item\":\"https:\/\/qingdaohf.com\/bg\/?page_id=944\"},{\"@type\":\"ListItem\",\"position\":3,\"name\":\"Fist Grip Clamps\"}]},{\"@type\":\"WebSite\",\"@id\":\"https:\/\/qingdaohf.com\/bg\/#website\",\"url\":\"https:\/\/qingdaohf.com\/bg\/\",\"name\":\"Concrete Form & Rigging Hardware Supplier\",\"description\":\"\",\"publisher\":{\"@id\":\"https:\/\/qingdaohf.com\/bg\/#organization\"},\"potentialAction\":[{\"@type\":\"SearchAction\",\"target\":{\"@type\":\"EntryPoint\",\"urlTemplate\":\"https:\/\/qingdaohf.com\/bg\/?s={search_term_string}\"},\"query-input\":{\"@type\":\"PropertyValueSpecification\",\"valueRequired\":true,\"valueName\":\"search_term_string\"}}],\"inLanguage\":\"lv-LV\"},{\"@type\":\"Organization\",\"@id\":\"https:\/\/qingdaohf.com\/bg\/#organization\",\"name\":\"Qingdao H&F\",\"url\":\"https:\/\/qingdaohf.com\/bg\/\",\"logo\":{\"@type\":\"ImageObject\",\"inLanguage\":\"lv-LV\",\"@id\":\"https:\/\/qingdaohf.com\/bg\/#\/schema\/logo\/image\/\",\"url\":\"https:\/\/qingdaohf.com\/wp-content\/uploads\/2022\/12\/cropped-HF-LOGO.png\",\"contentUrl\":\"https:\/\/qingdaohf.com\/wp-content\/uploads\/2022\/12\/cropped-HF-LOGO.png\",\"width\":391,\"height\":249,\"caption\":\"Qingdao H&F\"},\"image\":{\"@id\":\"https:\/\/qingdaohf.com\/bg\/#\/schema\/logo\/image\/\"},\"sameAs\":[\"https:\/\/www.facebook.com\/qingdaohf\"]}]}<\/script>\n<!-- \/ Yoast SEO plugin. -->","yoast_head_json":{"title":"Fist Grip Clamps","description":"The Fist Grip, also known as a wire rope grip or wire rope clip, is a commonly used hardware component in rigging and lifting applications.","robots":{"index":"index","follow":"follow","max-snippet":"max-snippet:-1","max-image-preview":"max-image-preview:large","max-video-preview":"max-video-preview:-1"},"canonical":"https:\/\/qingdaohf.com\/lv\/products\/satveriens-ar-duri\/","og_locale":"lv_LV","og_type":"article","og_title":"Fist Grip Clamps","og_description":"The Fist Grip, also known as a wire rope grip or wire rope clip, is a commonly used hardware component in rigging and lifting applications.","og_url":"https:\/\/qingdaohf.com\/lv\/products\/satveriens-ar-duri\/","og_site_name":"Concrete Form &amp; Rigging Hardware Supplier","article_publisher":"https:\/\/www.facebook.com\/qingdaohf","article_modified_time":"2025-11-13T01:03:39+00:00","og_image":[{"width":1000,"height":1000,"url":"https:\/\/qingdaohf.com\/wp-content\/uploads\/2023\/05\/fist-clip-1.jpg","type":"image\/jpeg"}],"twitter_card":"summary_large_image","twitter_misc":{"Est. reading time":"5 min\u016btes"},"schema":{"@context":"https:\/\/schema.org","@graph":[{"@type":"WebPage","@id":"https:\/\/qingdaohf.com\/product\/fist-grip\/","url":"https:\/\/qingdaohf.com\/product\/fist-grip\/","name":"Fist Grip Clamps","isPartOf":{"@id":"https:\/\/qingdaohf.com\/bg\/#website"},"primaryImageOfPage":{"@id":"https:\/\/qingdaohf.com\/product\/fist-grip\/#primaryimage"},"image":{"@id":"https:\/\/qingdaohf.com\/product\/fist-grip\/#primaryimage"},"thumbnailUrl":"https:\/\/qingdaohf.com\/wp-content\/uploads\/2023\/05\/fist-clip-1.jpg","datePublished":"2024-01-19T01:59:32+00:00","dateModified":"2025-11-13T01:03:39+00:00","description":"The Fist Grip, also known as a wire rope grip or wire rope clip, is a commonly used hardware component in rigging and lifting applications.","breadcrumb":{"@id":"https:\/\/qingdaohf.com\/product\/fist-grip\/#breadcrumb"},"inLanguage":"lv-LV","potentialAction":[{"@type":"ReadAction","target":["https:\/\/qingdaohf.com\/product\/fist-grip\/"]}]},{"@type":"ImageObject","inLanguage":"lv-LV","@id":"https:\/\/qingdaohf.com\/product\/fist-grip\/#primaryimage","url":"https:\/\/qingdaohf.com\/wp-content\/uploads\/2023\/05\/fist-clip-1.jpg","contentUrl":"https:\/\/qingdaohf.com\/wp-content\/uploads\/2023\/05\/fist-clip-1.jpg","width":1000,"height":1000,"caption":"fist clip"},{"@type":"BreadcrumbList","@id":"https:\/\/qingdaohf.com\/product\/fist-grip\/#breadcrumb","itemListElement":[{"@type":"ListItem","position":1,"name":"Home","item":"https:\/\/qingdaohf.com\/"},{"@type":"ListItem","position":2,"name":"Concrete Forming Accessories and Rigging Hardware","item":"https:\/\/qingdaohf.com\/bg\/?page_id=944"},{"@type":"ListItem","position":3,"name":"Fist Grip Clamps"}]},{"@type":"WebSite","@id":"https:\/\/qingdaohf.com\/bg\/#website","url":"https:\/\/qingdaohf.com\/bg\/","name":"Concrete Form & Rigging Hardware Supplier","description":"","publisher":{"@id":"https:\/\/qingdaohf.com\/bg\/#organization"},"potentialAction":[{"@type":"SearchAction","target":{"@type":"EntryPoint","urlTemplate":"https:\/\/qingdaohf.com\/bg\/?s={search_term_string}"},"query-input":{"@type":"PropertyValueSpecification","valueRequired":true,"valueName":"search_term_string"}}],"inLanguage":"lv-LV"},{"@type":"Organization","@id":"https:\/\/qingdaohf.com\/bg\/#organization","name":"Qingdao H&F","url":"https:\/\/qingdaohf.com\/bg\/","logo":{"@type":"ImageObject","inLanguage":"lv-LV","@id":"https:\/\/qingdaohf.com\/bg\/#\/schema\/logo\/image\/","url":"https:\/\/qingdaohf.com\/wp-content\/uploads\/2022\/12\/cropped-HF-LOGO.png","contentUrl":"https:\/\/qingdaohf.com\/wp-content\/uploads\/2022\/12\/cropped-HF-LOGO.png","width":391,"height":249,"caption":"Qingdao H&F"},"image":{"@id":"https:\/\/qingdaohf.com\/bg\/#\/schema\/logo\/image\/"},"sameAs":["https:\/\/www.facebook.com\/qingdaohf"]}]}},"_links":{"self":[{"href":"https:\/\/qingdaohf.com\/lv\/wp-json\/wp\/v2\/product\/4078","targetHints":{"allow":["GET"]}}],"collection":[{"href":"https:\/\/qingdaohf.com\/lv\/wp-json\/wp\/v2\/product"}],"about":[{"href":"https:\/\/qingdaohf.com\/lv\/wp-json\/wp\/v2\/types\/product"}],"replies":[{"embeddable":true,"href":"https:\/\/qingdaohf.com\/lv\/wp-json\/wp\/v2\/comments?post=4078"}],"version-history":[{"count":8,"href":"https:\/\/qingdaohf.com\/lv\/wp-json\/wp\/v2\/product\/4078\/revisions"}],"predecessor-version":[{"id":7402,"href":"https:\/\/qingdaohf.com\/lv\/wp-json\/wp\/v2\/product\/4078\/revisions\/7402"}],"wp:featuredmedia":[{"embeddable":true,"href":"https:\/\/qingdaohf.com\/lv\/wp-json\/wp\/v2\/media\/4079"}],"wp:attachment":[{"href":"https:\/\/qingdaohf.com\/lv\/wp-json\/wp\/v2\/media?parent=4078"}],"wp:term":[{"taxonomy":"product_brand","embeddable":true,"href":"https:\/\/qingdaohf.com\/lv\/wp-json\/wp\/v2\/product_brand?post=4078"},{"taxonomy":"product_cat","embeddable":true,"href":"https:\/\/qingdaohf.com\/lv\/wp-json\/wp\/v2\/product_cat?post=4078"},{"taxonomy":"product_tag","embeddable":true,"href":"https:\/\/qingdaohf.com\/lv\/wp-json\/wp\/v2\/product_tag?post=4078"}],"curies":[{"name":"wp","href":"https:\/\/api.w.org\/{rel}","templated":true}]}}