{"id":4087,"date":"2023-05-26T13:55:19","date_gmt":"2023-05-26T05:55:19","guid":{"rendered":"http:\/\/qingdaohf.com\/?post_type=product&#038;p=4087"},"modified":"2025-11-13T09:04:25","modified_gmt":"2025-11-13T01:04:25","slug":"wire-tensioner-ratchet","status":"publish","type":"product","link":"https:\/\/qingdaohf.com\/lv\/products\/stieples-spriegotaja-sprudrats\/","title":{"rendered":"Stieples spriegot\u0101ja spr\u016bdrats"},"content":{"rendered":"<h2 class=\"text-xl font-bold text-text-200 mt-1 -mb-0.5\">Darba s\u0101k\u0161ana ar stiep\u013cu spriegot\u0101jiem<\/h2>\n<p class=\"whitespace-pre-wrap break-words\">Atz\u012bsim - pareizs stieples spriegojums var iz\u0161\u0137irt vai izjaukt j\u016bsu projektu. Neatkar\u012bgi no t\u0101, vai veidojat \u017eoga l\u012bniju vai str\u0101d\u0101jat pie elektroinstal\u0101cij\u0101m, pareizais darbar\u012bks ir ne tikai \u0113rts, bet ar\u012b b\u016btisks. Tie\u0161i \u0161eit noder stiep\u013cu spriegot\u0101ja spr\u016bdrats. \u0160is darbar\u012bks ne tikai pievelk stieples, bet ar\u012b nodro\u0161ina prec\u012bzu kontroli, kas nepiecie\u0161ama, lai darbs tiktu paveikts pareizi.<\/p>\n<p class=\"whitespace-pre-wrap break-words\">M\u0113s saprotam - ieg\u0101d\u0101ties r\u012bkus tie\u0161saist\u0113 var b\u016bt sare\u017e\u0123\u012bti. J\u016bs v\u0113laties kvalit\u0101ti, bet jums ir nepiecie\u0161ams ar\u012b atbalsts, ja kaut kas neizdodas. T\u0101p\u0113c m\u0113s esam izveidoju\u0161i savu uz\u0146\u0113m\u0113jdarb\u012bbu, balstoties uz personaliz\u0113tu apkalpo\u0161anu. Katrs klients sa\u0146em tie\u0161u piek\u013cuvi m\u016bsu produktu ekspertiem, \u0101tru pieg\u0101di un detaliz\u0113tus kvalit\u0101tes p\u0101rskatus. \u0160eit nav visp\u0101r\u012bgu atbil\u017eu vai automatiz\u0113tu sist\u0113mu - tikai re\u0101la pal\u012bdz\u012bba, kad jums t\u0101 nepiecie\u0161ama.<\/p>\n<h2 class=\"text-xl font-bold text-text-200 mt-1 -mb-0.5\">K\u0101p\u0113c ir svar\u012bgs stieples spriegojums<\/h2>\n<p class=\"whitespace-pre-wrap break-words\">Ja izlaid\u012bsiet pareizu spriegojumu, varat sag\u0101d\u0101t probl\u0113mas. P\u0101r\u0101k va\u013c\u012bgs? J\u016bsu \u017eogs var sag\u0101zties vai piln\u012bb\u0101 saboj\u0101ties. P\u0101r\u0101k cie\u0161i? Jums draud l\u016bzu\u0161i vadi un d\u0101rgi remontdarbi. T\u0101 nav tikai teorija - m\u0113s esam pieredz\u0113ju\u0161i, ka tas notiek da\u017e\u0101d\u0101s nozar\u0113s, s\u0101kot no b\u016bvlaukumiem un beidzot ar fermu \u017eogiem.<\/p>\n<p class=\"whitespace-pre-wrap break-words\">M\u016bsu stiep\u013cu spriegot\u0101ja spr\u016bdrata skaistums sl\u0113pjas t\u0101 precizit\u0101t\u0113. J\u016bs varat soli pa solim noteikt prec\u012bzi pareizo spriegojumu, bez min\u0113jumiem. Jums vairs nav j\u0101\u0137eras p\u0101ri pirkstiem, cerot, ka stieple nenopl\u012bs\u012bs vai nenovilks - j\u016bs zin\u0101siet, ka spriegojums ir pareizs, jo j\u016bs to pareizi iestat\u012bj\u0101t.<\/p>\n<h2 class=\"text-xl font-bold text-text-200 mt-1 -mb-0.5\">Kas \u0161o r\u012bku padara at\u0161\u0137ir\u012bgu<\/h2>\n<h3 class=\"text-lg font-bold text-text-200 mt-1 -mb-1.5\">Izgatavots, lai kalpotu ilgi<\/h3>\n<p class=\"whitespace-pre-wrap break-words\">\u0160is nav parasts darbar\u012bks no datortehnikas veikala. M\u0113s esam izstr\u0101d\u0101ju\u0161i stiep\u013cu spriegot\u0101ju spr\u016bdrata spr\u016bdrata konstrukciju, lai tas iztur\u0113tu slodzi un turpin\u0101tu str\u0101d\u0101t. Spr\u016bdrata meh\u0101nisms ir gluds, bet iztur\u012bgs, \u013caujot jums veikt s\u012bkas korekcijas, kas ir \u013coti svar\u012bgas. Un vislab\u0101k\u0101 da\u013ca? Tas faktiski samazina darba veik\u0161anai nepiecie\u0161amo musku\u013cu daudzumu.<\/p>\n<h3 class=\"text-lg font-bold text-text-200 mt-1 -mb-1.5\">Daudzpus\u012bba, kas darbojas<\/h3>\n<p class=\"whitespace-pre-wrap break-words\">Neatkar\u012bgi no t\u0101, vai str\u0101d\u0101jat ar dzelo\u0146stiepl\u0113m vai kabe\u013ciem, \u0161is r\u012bks piel\u0101gojas j\u016bsu vajadz\u012bb\u0101m. M\u0113s to esam izstr\u0101d\u0101ju\u0161i t\u0101, lai tas var\u0113tu str\u0101d\u0101t ar gandr\u012bz jebkura veida stiepl\u0113m. T\u0101 k\u0101 tas ir izgatavots no materi\u0101liem, kas ir iztur\u012bgi pret r\u016bsu un koroziju, tas b\u016bs j\u016bsu instrumentu kast\u0113 gadiem ilgi.<\/p>\n<h2 class=\"text-xl font-bold text-text-200 mt-1 -mb-0.5\">Nodro\u0161iniet, lai tas darbotos j\u016bsu lab\u0101<\/h2>\n<h3 class=\"text-lg font-bold text-text-200 mt-1 -mb-1.5\">Pamata darb\u012bba<\/h3>\n<p class=\"whitespace-pre-wrap break-words\">Darba s\u0101k\u0161ana nevar b\u016bt vienk\u0101r\u0161\u0101ka. Vienk\u0101r\u0161i nostipriniet vadu, iesl\u0113dziet spr\u016bdratu un s\u0101ciet pievilkt. Meh\u0101nisms veic smagos darbus, \u013caujot jums koncentr\u0113ties uz pareizu spriegojumu. Ar\u012b rokturis ir veidots t\u0101, lai tas b\u016btu \u0113rts - p\u0113c garas darba dienas vairs neb\u016bs saspr\u0113g\u0101ju\u0161as rokas.<\/p>\n<p class=\"whitespace-pre-wrap break-words\">\u0160\u012bs sist\u0113mas skaistums ir tas, ka t\u0101 nodro\u0161ina sasprindzin\u0101juma fiks\u0101ciju. Tikl\u012bdz esat to novietojis vajadz\u012bgaj\u0101 viet\u0101, t\u0101 paliek nemain\u012bga. Veicot liel\u0101kus darbus, tas noz\u012bm\u0113 stabilu rezult\u0101tu, nenogurdinot sevi.<\/p>\n<h2 class=\"text-xl font-bold text-text-200 mt-1 -mb-0.5\">K\u0101p\u0113c izv\u0113l\u0113ties m\u016bs<\/h2>\n<p class=\"whitespace-pre-wrap break-words\">Skatieties, instrumenti ir ieguld\u012bjums. P\u0113rkot no mums, j\u016bs sa\u0146emat vair\u0101k nek\u0101 tikai aparat\u016bru. M\u016bsu komanda patie\u0161\u0101m atbild uz j\u016bsu zvanu. Nepiecie\u0161ams padoms? Jums ir jaut\u0101jumi? M\u0113s esam \u0161eit. Un m\u0113s ne tikai pieg\u0101d\u0101jam r\u012bkus - m\u0113s tos vispirms test\u0113jam. Katra ier\u012bce pirms izve\u0161anas no m\u016bsu noliktavas tiek p\u0101rbaud\u012bta.<\/p>\n<p class=\"whitespace-pre-wrap break-words\">Turkl\u0101t m\u0113s zin\u0101m, ka jums ir daudz dar\u0101m\u0101. T\u0101p\u0113c m\u0113s pie\u0161\u0137iram priorit\u0101ti \u0101trai pieg\u0101dei - jo \u0101tr\u0101k sa\u0146emat savu r\u012bku, jo \u0101tr\u0101k varat atgriezties pie darba.<\/p>\n<h2 class=\"text-xl font-bold text-text-200 mt-1 -mb-0.5\">Pabeig\u0161ana<\/h2>\n<p class=\"whitespace-pre-wrap break-words\">Apak\u0161\u0113j\u0101 l\u012bnija? Stiep\u013cu spriegot\u0101ja spr\u016bdrats nav tikai v\u0113l viens r\u012bks - tas ir risin\u0101jums probl\u0113mai, kas skar stiep\u013cu darbu da\u017e\u0101d\u0101s nozar\u0113s. Neatkar\u012bgi no t\u0101, vai esat profesion\u0101lis, kuram ikdien\u0101 nepiecie\u0161ama uzticam\u012bba, vai m\u0101jra\u017eot\u0101js, kas veic ned\u0113\u013cas nogales projektus, \u0161is r\u012bks nodro\u0161ina nepiecie\u0161amo precizit\u0101ti un kontroli.<\/p>\n<p class=\"whitespace-pre-wrap break-words\">\u0160o kvalit\u0101ti m\u0113s nodro\u0161in\u0101m ar re\u0101lu atbalstu, \u0101tru pieg\u0101di un r\u016bp\u012bgu test\u0113\u0161anu. Jo galu gal\u0101 j\u016bsu pan\u0101kumi ir m\u016bsu pan\u0101kumi. Vai esat gatavi vadu spriego\u0161anas galvass\u0101pes padar\u012bt par pag\u0101tni? Nodro\u0161in\u0101sim, lai j\u016bs var\u0113tu uzst\u0101d\u012bt pareizo darbar\u012bku \u0161im darbam.<\/p>","protected":false},"excerpt":{"rendered":"<p>Stiep\u013cu spriegot\u0101ja spr\u016bdrats ir iztur\u012bgs, augstas kvalit\u0101tes r\u012bks, kas paredz\u0113ts stiep\u013cu kabe\u013cu savilk\u0161anai un dro\u0161ai nostiprin\u0101\u0161anai, lai nodro\u0161in\u0101tu jebkuras instal\u0101cijas iztur\u012bbu un iztur\u012bbu. Neatkar\u012bgi no t\u0101, vai tie ir kabe\u013ci un stiep\u013cu troses vai \u017eogi, ar \u0161o r\u012bku var prec\u012bzi iestat\u012bt spriegojumu, nov\u0113r\u0161ot va\u013c\u012bgumu un garant\u0113jot maksim\u0101lu veiktsp\u0113ju. Tiek nodro\u0161in\u0101ta individu\u0101la klientu apkalpo\u0161ana, \u0101trs pieg\u0101des laiks un detaliz\u0113ti kvalit\u0101tes p\u0101rbaudes zi\u0146ojumi, lai garant\u0113tu, ka katrs jums pieg\u0101d\u0101tais izstr\u0101d\u0101jums darbojas, k\u0101 paredz\u0113ts, un ir uzticams.<\/p>","protected":false},"featured_media":4088,"comment_status":"open","ping_status":"closed","template":"","meta":{"site-sidebar-layout":"default","site-content-layout":"default","ast-site-content-layout":"default","site-content-style":"default","site-sidebar-style":"default","ast-global-header-display":"","ast-banner-title-visibility":"","ast-main-header-display":"","ast-hfb-above-header-display":"","ast-hfb-below-header-display":"","ast-hfb-mobile-header-display":"","site-post-title":"","ast-breadcrumbs-content":"","ast-featured-img":"","footer-sml-layout":"","theme-transparent-header-meta":"default","adv-header-id-meta":"","stick-header-meta":"default","header-above-stick-meta":"","header-main-stick-meta":"","header-below-stick-meta":"","astra-migrate-meta-layouts":"set","ast-page-background-enabled":"default","ast-page-background-meta":{"desktop":{"background-color":"","background-image":"","background-repeat":"repeat","background-position":"center center","background-size":"auto","background-attachment":"scroll","background-type":"","background-media":"","overlay-type":"","overlay-color":"","overlay-opacity":"","overlay-gradient":""},"tablet":{"background-color":"","background-image":"","background-repeat":"repeat","background-position":"center center","background-size":"auto","background-attachment":"scroll","background-type":"","background-media":"","overlay-type":"","overlay-color":"","overlay-opacity":"","overlay-gradient":""},"mobile":{"background-color":"","background-image":"","background-repeat":"repeat","background-position":"center center","background-size":"auto","background-attachment":"scroll","background-type":"","background-media":"","overlay-type":"","overlay-color":"","overlay-opacity":"","overlay-gradient":""}},"ast-content-background-meta":{"desktop":{"background-color":"var(--ast-global-color-5)","background-image":"","background-repeat":"repeat","background-position":"center center","background-size":"auto","background-attachment":"scroll","background-type":"","background-media":"","overlay-type":"","overlay-color":"","overlay-opacity":"","overlay-gradient":""},"tablet":{"background-color":"var(--ast-global-color-5)","background-image":"","background-repeat":"repeat","background-position":"center center","background-size":"auto","background-attachment":"scroll","background-type":"","background-media":"","overlay-type":"","overlay-color":"","overlay-opacity":"","overlay-gradient":""},"mobile":{"background-color":"var(--ast-global-color-5)","background-image":"","background-repeat":"repeat","background-position":"center center","background-size":"auto","background-attachment":"scroll","background-type":"","background-media":"","overlay-type":"","overlay-color":"","overlay-opacity":"","overlay-gradient":""}}},"product_brand":[],"product_cat":[44],"product_tag":[],"class_list":{"0":"post-4087","1":"product","2":"type-product","3":"status-publish","4":"has-post-thumbnail","6":"product_cat-stainless-steel-poduct","7":"desktop-align-left","8":"tablet-align-left","9":"mobile-align-left","10":"ast-product-gallery-layout-horizontal-slider","11":"ast-product-gallery-with-no-image","12":"ast-product-tabs-layout-horizontal","14":"first","15":"instock","16":"shipping-taxable","17":"purchasable","18":"product-type-simple"},"yoast_head":"<!-- This site is optimized with the Yoast SEO plugin v25.2 - https:\/\/yoast.com\/wordpress\/plugins\/seo\/ -->\n<title>Wire Tensioner Ratchet<\/title>\n<meta name=\"description\" content=\"The Wire Tensioner Ratchet, also known as a ratchet tensioner or wire rope tensioner, is a mechanical device used to tighten and tension wire ropes or cables.\" \/>\n<meta name=\"robots\" content=\"index, follow, max-snippet:-1, max-image-preview:large, max-video-preview:-1\" \/>\n<link rel=\"canonical\" href=\"https:\/\/qingdaohf.com\/lv\/products\/stieples-spriegotaja-sprudrats\/\" \/>\n<meta property=\"og:locale\" content=\"lv_LV\" \/>\n<meta property=\"og:type\" content=\"article\" \/>\n<meta property=\"og:title\" content=\"Wire Tensioner Ratchet\" \/>\n<meta property=\"og:description\" content=\"The Wire Tensioner Ratchet, also known as a ratchet tensioner or wire rope tensioner, is a mechanical device used to tighten and tension wire ropes or cables.\" \/>\n<meta property=\"og:url\" content=\"https:\/\/qingdaohf.com\/lv\/products\/stieples-spriegotaja-sprudrats\/\" \/>\n<meta property=\"og:site_name\" content=\"Concrete Form &amp; Rigging Hardware Supplier\" \/>\n<meta property=\"article:publisher\" content=\"https:\/\/www.facebook.com\/qingdaohf\" \/>\n<meta property=\"article:modified_time\" content=\"2025-11-13T01:04:25+00:00\" \/>\n<meta property=\"og:image\" content=\"https:\/\/qingdaohf.com\/wp-content\/uploads\/2023\/05\/Wire-ratchet-9.jpg\" \/>\n\t<meta property=\"og:image:width\" content=\"1000\" \/>\n\t<meta property=\"og:image:height\" content=\"1000\" \/>\n\t<meta property=\"og:image:type\" content=\"image\/jpeg\" \/>\n<meta name=\"twitter:card\" content=\"summary_large_image\" \/>\n<meta name=\"twitter:label1\" content=\"Est. reading time\" \/>\n\t<meta name=\"twitter:data1\" content=\"3 min\u016btes\" \/>\n<script type=\"application\/ld+json\" class=\"yoast-schema-graph\">{\"@context\":\"https:\/\/schema.org\",\"@graph\":[{\"@type\":\"WebPage\",\"@id\":\"https:\/\/qingdaohf.com\/product\/wire-tensioner-ratchet\/\",\"url\":\"https:\/\/qingdaohf.com\/product\/wire-tensioner-ratchet\/\",\"name\":\"Wire Tensioner Ratchet\",\"isPartOf\":{\"@id\":\"https:\/\/qingdaohf.com\/bg\/#website\"},\"primaryImageOfPage\":{\"@id\":\"https:\/\/qingdaohf.com\/product\/wire-tensioner-ratchet\/#primaryimage\"},\"image\":{\"@id\":\"https:\/\/qingdaohf.com\/product\/wire-tensioner-ratchet\/#primaryimage\"},\"thumbnailUrl\":\"https:\/\/qingdaohf.com\/wp-content\/uploads\/2023\/05\/Wire-ratchet-9.jpg\",\"datePublished\":\"2023-05-26T05:55:19+00:00\",\"dateModified\":\"2025-11-13T01:04:25+00:00\",\"description\":\"The Wire Tensioner Ratchet, also known as a ratchet tensioner or wire rope tensioner, is a mechanical device used to tighten and tension wire ropes or cables.\",\"breadcrumb\":{\"@id\":\"https:\/\/qingdaohf.com\/product\/wire-tensioner-ratchet\/#breadcrumb\"},\"inLanguage\":\"lv-LV\",\"potentialAction\":[{\"@type\":\"ReadAction\",\"target\":[\"https:\/\/qingdaohf.com\/product\/wire-tensioner-ratchet\/\"]}]},{\"@type\":\"ImageObject\",\"inLanguage\":\"lv-LV\",\"@id\":\"https:\/\/qingdaohf.com\/product\/wire-tensioner-ratchet\/#primaryimage\",\"url\":\"https:\/\/qingdaohf.com\/wp-content\/uploads\/2023\/05\/Wire-ratchet-9.jpg\",\"contentUrl\":\"https:\/\/qingdaohf.com\/wp-content\/uploads\/2023\/05\/Wire-ratchet-9.jpg\",\"width\":1000,\"height\":1000,\"caption\":\"Wire ratchet\"},{\"@type\":\"BreadcrumbList\",\"@id\":\"https:\/\/qingdaohf.com\/product\/wire-tensioner-ratchet\/#breadcrumb\",\"itemListElement\":[{\"@type\":\"ListItem\",\"position\":1,\"name\":\"Home\",\"item\":\"https:\/\/qingdaohf.com\/\"},{\"@type\":\"ListItem\",\"position\":2,\"name\":\"Concrete Forming Accessories and Rigging Hardware\",\"item\":\"https:\/\/qingdaohf.com\/bg\/?page_id=944\"},{\"@type\":\"ListItem\",\"position\":3,\"name\":\"Wire Tensioner Ratchet\"}]},{\"@type\":\"WebSite\",\"@id\":\"https:\/\/qingdaohf.com\/bg\/#website\",\"url\":\"https:\/\/qingdaohf.com\/bg\/\",\"name\":\"Concrete Form & Rigging Hardware Supplier\",\"description\":\"\",\"publisher\":{\"@id\":\"https:\/\/qingdaohf.com\/bg\/#organization\"},\"potentialAction\":[{\"@type\":\"SearchAction\",\"target\":{\"@type\":\"EntryPoint\",\"urlTemplate\":\"https:\/\/qingdaohf.com\/bg\/?s={search_term_string}\"},\"query-input\":{\"@type\":\"PropertyValueSpecification\",\"valueRequired\":true,\"valueName\":\"search_term_string\"}}],\"inLanguage\":\"lv-LV\"},{\"@type\":\"Organization\",\"@id\":\"https:\/\/qingdaohf.com\/bg\/#organization\",\"name\":\"Qingdao H&F\",\"url\":\"https:\/\/qingdaohf.com\/bg\/\",\"logo\":{\"@type\":\"ImageObject\",\"inLanguage\":\"lv-LV\",\"@id\":\"https:\/\/qingdaohf.com\/bg\/#\/schema\/logo\/image\/\",\"url\":\"https:\/\/qingdaohf.com\/wp-content\/uploads\/2022\/12\/cropped-HF-LOGO.png\",\"contentUrl\":\"https:\/\/qingdaohf.com\/wp-content\/uploads\/2022\/12\/cropped-HF-LOGO.png\",\"width\":391,\"height\":249,\"caption\":\"Qingdao H&F\"},\"image\":{\"@id\":\"https:\/\/qingdaohf.com\/bg\/#\/schema\/logo\/image\/\"},\"sameAs\":[\"https:\/\/www.facebook.com\/qingdaohf\"]}]}<\/script>\n<!-- \/ Yoast SEO plugin. -->","yoast_head_json":{"title":"Wire Tensioner Ratchet","description":"The Wire Tensioner Ratchet, also known as a ratchet tensioner or wire rope tensioner, is a mechanical device used to tighten and tension wire ropes or cables.","robots":{"index":"index","follow":"follow","max-snippet":"max-snippet:-1","max-image-preview":"max-image-preview:large","max-video-preview":"max-video-preview:-1"},"canonical":"https:\/\/qingdaohf.com\/lv\/products\/stieples-spriegotaja-sprudrats\/","og_locale":"lv_LV","og_type":"article","og_title":"Wire Tensioner Ratchet","og_description":"The Wire Tensioner Ratchet, also known as a ratchet tensioner or wire rope tensioner, is a mechanical device used to tighten and tension wire ropes or cables.","og_url":"https:\/\/qingdaohf.com\/lv\/products\/stieples-spriegotaja-sprudrats\/","og_site_name":"Concrete Form &amp; Rigging Hardware Supplier","article_publisher":"https:\/\/www.facebook.com\/qingdaohf","article_modified_time":"2025-11-13T01:04:25+00:00","og_image":[{"width":1000,"height":1000,"url":"https:\/\/qingdaohf.com\/wp-content\/uploads\/2023\/05\/Wire-ratchet-9.jpg","type":"image\/jpeg"}],"twitter_card":"summary_large_image","twitter_misc":{"Est. reading time":"3 min\u016btes"},"schema":{"@context":"https:\/\/schema.org","@graph":[{"@type":"WebPage","@id":"https:\/\/qingdaohf.com\/product\/wire-tensioner-ratchet\/","url":"https:\/\/qingdaohf.com\/product\/wire-tensioner-ratchet\/","name":"Wire Tensioner Ratchet","isPartOf":{"@id":"https:\/\/qingdaohf.com\/bg\/#website"},"primaryImageOfPage":{"@id":"https:\/\/qingdaohf.com\/product\/wire-tensioner-ratchet\/#primaryimage"},"image":{"@id":"https:\/\/qingdaohf.com\/product\/wire-tensioner-ratchet\/#primaryimage"},"thumbnailUrl":"https:\/\/qingdaohf.com\/wp-content\/uploads\/2023\/05\/Wire-ratchet-9.jpg","datePublished":"2023-05-26T05:55:19+00:00","dateModified":"2025-11-13T01:04:25+00:00","description":"The Wire Tensioner Ratchet, also known as a ratchet tensioner or wire rope tensioner, is a mechanical device used to tighten and tension wire ropes or cables.","breadcrumb":{"@id":"https:\/\/qingdaohf.com\/product\/wire-tensioner-ratchet\/#breadcrumb"},"inLanguage":"lv-LV","potentialAction":[{"@type":"ReadAction","target":["https:\/\/qingdaohf.com\/product\/wire-tensioner-ratchet\/"]}]},{"@type":"ImageObject","inLanguage":"lv-LV","@id":"https:\/\/qingdaohf.com\/product\/wire-tensioner-ratchet\/#primaryimage","url":"https:\/\/qingdaohf.com\/wp-content\/uploads\/2023\/05\/Wire-ratchet-9.jpg","contentUrl":"https:\/\/qingdaohf.com\/wp-content\/uploads\/2023\/05\/Wire-ratchet-9.jpg","width":1000,"height":1000,"caption":"Wire ratchet"},{"@type":"BreadcrumbList","@id":"https:\/\/qingdaohf.com\/product\/wire-tensioner-ratchet\/#breadcrumb","itemListElement":[{"@type":"ListItem","position":1,"name":"Home","item":"https:\/\/qingdaohf.com\/"},{"@type":"ListItem","position":2,"name":"Concrete Forming Accessories and Rigging Hardware","item":"https:\/\/qingdaohf.com\/bg\/?page_id=944"},{"@type":"ListItem","position":3,"name":"Wire Tensioner Ratchet"}]},{"@type":"WebSite","@id":"https:\/\/qingdaohf.com\/bg\/#website","url":"https:\/\/qingdaohf.com\/bg\/","name":"Concrete Form & Rigging Hardware Supplier","description":"","publisher":{"@id":"https:\/\/qingdaohf.com\/bg\/#organization"},"potentialAction":[{"@type":"SearchAction","target":{"@type":"EntryPoint","urlTemplate":"https:\/\/qingdaohf.com\/bg\/?s={search_term_string}"},"query-input":{"@type":"PropertyValueSpecification","valueRequired":true,"valueName":"search_term_string"}}],"inLanguage":"lv-LV"},{"@type":"Organization","@id":"https:\/\/qingdaohf.com\/bg\/#organization","name":"Qingdao H&F","url":"https:\/\/qingdaohf.com\/bg\/","logo":{"@type":"ImageObject","inLanguage":"lv-LV","@id":"https:\/\/qingdaohf.com\/bg\/#\/schema\/logo\/image\/","url":"https:\/\/qingdaohf.com\/wp-content\/uploads\/2022\/12\/cropped-HF-LOGO.png","contentUrl":"https:\/\/qingdaohf.com\/wp-content\/uploads\/2022\/12\/cropped-HF-LOGO.png","width":391,"height":249,"caption":"Qingdao H&F"},"image":{"@id":"https:\/\/qingdaohf.com\/bg\/#\/schema\/logo\/image\/"},"sameAs":["https:\/\/www.facebook.com\/qingdaohf"]}]}},"_links":{"self":[{"href":"https:\/\/qingdaohf.com\/lv\/wp-json\/wp\/v2\/product\/4087","targetHints":{"allow":["GET"]}}],"collection":[{"href":"https:\/\/qingdaohf.com\/lv\/wp-json\/wp\/v2\/product"}],"about":[{"href":"https:\/\/qingdaohf.com\/lv\/wp-json\/wp\/v2\/types\/product"}],"replies":[{"embeddable":true,"href":"https:\/\/qingdaohf.com\/lv\/wp-json\/wp\/v2\/comments?post=4087"}],"version-history":[{"count":1,"href":"https:\/\/qingdaohf.com\/lv\/wp-json\/wp\/v2\/product\/4087\/revisions"}],"predecessor-version":[{"id":8976,"href":"https:\/\/qingdaohf.com\/lv\/wp-json\/wp\/v2\/product\/4087\/revisions\/8976"}],"wp:featuredmedia":[{"embeddable":true,"href":"https:\/\/qingdaohf.com\/lv\/wp-json\/wp\/v2\/media\/4088"}],"wp:attachment":[{"href":"https:\/\/qingdaohf.com\/lv\/wp-json\/wp\/v2\/media?parent=4087"}],"wp:term":[{"taxonomy":"product_brand","embeddable":true,"href":"https:\/\/qingdaohf.com\/lv\/wp-json\/wp\/v2\/product_brand?post=4087"},{"taxonomy":"product_cat","embeddable":true,"href":"https:\/\/qingdaohf.com\/lv\/wp-json\/wp\/v2\/product_cat?post=4087"},{"taxonomy":"product_tag","embeddable":true,"href":"https:\/\/qingdaohf.com\/lv\/wp-json\/wp\/v2\/product_tag?post=4087"}],"curies":[{"name":"wp","href":"https:\/\/api.w.org\/{rel}","templated":true}]}}