{"id":4110,"date":"2023-05-26T16:27:13","date_gmt":"2023-05-26T08:27:13","guid":{"rendered":"http:\/\/qingdaohf.com\/?post_type=product&#038;p=4110"},"modified":"2025-11-13T09:04:24","modified_gmt":"2025-11-13T01:04:24","slug":"eye-sling-hook","status":"publish","type":"product","link":"https:\/\/qingdaohf.com\/lv\/products\/acs-cilpas-akis\/","title":{"rendered":"320 Eye Sling Hook"},"content":{"rendered":"<div class=\"font-claude-message  pr-4  md:pr-9  relative  leading-[1.65rem]  [&amp;_pre&gt;div]:bg-bg-300  [&amp;_.ignore-pre-bg&gt;div]:bg-transparent  [&amp;_pre]:-mr-4  md:[&amp;_pre]:-mr-9\">\n<div>\n<div class=\"grid-cols-1 grid gap-2.5 [&amp;_&gt;_*]:min-w-0\">\n<h2 class=\"font-600 text-2xl font-bold\">320 \u0101\u0137a daudzpus\u012bba un iztur\u012bba: Visaptvero\u0161s p\u0101rskats<\/h2>\n<p class=\"whitespace-pre-wrap break-words\">Atz\u012bsim - ja jums ir nepiecie\u0161ams pacelt vai nostiprin\u0101t smagas kravas, j\u016bsu \u0101\u0137a izv\u0113lei ir \u013coti liela noz\u012bme. Ne velti 320 \u0101\u0137is ir iemantojis savu reput\u0101ciju celtniec\u012bb\u0101, j\u016brniec\u012bb\u0101 un transport\u0101. Tas nav tikai v\u0113l viens aparat\u016bras gabals - \u0161is \u0101\u0137is nodro\u0161ina nepiecie\u0161amo uzticam\u012bbu, kad dro\u0161\u012bba un veiktsp\u0113ja ir neatsverama.<\/p>\n<p class=\"whitespace-pre-wrap break-words\">\u0160eit, Qingdao H&amp;F, m\u0113s esam pavad\u012bju\u0161i vair\u0101k nek\u0101 divas desmitgades tirdzniec\u012bbas biznes\u0101, un m\u0113s paz\u012bstam kvalit\u0101ti, kad to redzam. M\u016bsu 320 \u0101\u0137i atbilst visstingr\u0101kajiem nozares standartiem, un m\u0113s to apliecin\u0101m ar r\u016bp\u012bgiem p\u0101rbaudes zi\u0146ojumiem. Turkl\u0101t m\u0113s lepojamies ar \u0101tru pieg\u0101di un personaliz\u0113tu klientu atbalstu, kas padara visu procesu rait\u0101ku.<\/p>\n<p><img fetchpriority=\"high\" decoding=\"async\" class=\"alignnone size-full wp-image-4115\" src=\"http:\/\/qingdaohf.com\/wp-content\/uploads\/2023\/05\/123123.jpg\" alt=\"Acu cilpas \u0101\u0137is\" width=\"1000\" height=\"1178\" srcset=\"https:\/\/qingdaohf.com\/wp-content\/uploads\/2023\/05\/123123.jpg 1000w, https:\/\/qingdaohf.com\/wp-content\/uploads\/2023\/05\/123123-255x300.jpg 255w, https:\/\/qingdaohf.com\/wp-content\/uploads\/2023\/05\/123123-869x1024.jpg 869w, https:\/\/qingdaohf.com\/wp-content\/uploads\/2023\/05\/123123-768x905.jpg 768w\" sizes=\"(max-width: 1000px) 100vw, 1000px\" \/><\/p>\n<p><img decoding=\"async\" class=\"alignnone size-full wp-image-4116\" src=\"http:\/\/qingdaohf.com\/wp-content\/uploads\/2023\/05\/1231243.jpg\" alt=\"Acu cilpas \u0101\u0137is\" width=\"1000\" height=\"989\" srcset=\"https:\/\/qingdaohf.com\/wp-content\/uploads\/2023\/05\/1231243.jpg 1000w, https:\/\/qingdaohf.com\/wp-content\/uploads\/2023\/05\/1231243-300x297.jpg 300w, https:\/\/qingdaohf.com\/wp-content\/uploads\/2023\/05\/1231243-768x760.jpg 768w, https:\/\/qingdaohf.com\/wp-content\/uploads\/2023\/05\/1231243-100x100.jpg 100w\" sizes=\"(max-width: 1000px) 100vw, 1000px\" \/><\/p>\n<p><img decoding=\"async\" class=\"alignnone size-full wp-image-4118\" src=\"http:\/\/qingdaohf.com\/wp-content\/uploads\/2023\/05\/eye-hook.jpg\" alt=\"acu \u0101\u0137is\" width=\"1000\" height=\"1111\" srcset=\"https:\/\/qingdaohf.com\/wp-content\/uploads\/2023\/05\/eye-hook.jpg 1000w, https:\/\/qingdaohf.com\/wp-content\/uploads\/2023\/05\/eye-hook-270x300.jpg 270w, https:\/\/qingdaohf.com\/wp-content\/uploads\/2023\/05\/eye-hook-922x1024.jpg 922w, https:\/\/qingdaohf.com\/wp-content\/uploads\/2023\/05\/eye-hook-768x853.jpg 768w\" sizes=\"(max-width: 1000px) 100vw, 1000px\" \/><\/p>\n<h2 class=\"font-600 text-2xl font-bold\">Galvenie 320 \u0101\u0137a galvenie ieguvumi pirc\u0113jiem<\/h2>\n<p class=\"whitespace-pre-wrap break-words\">Iepirk\u0161an\u0101s p\u0113c pacel\u0161anas iek\u0101rt\u0101m var b\u016bt p\u0101rsteidzo\u0161a. Jums ir j\u0101dom\u0101 par kravnes\u012bbu, materi\u0101lu kvalit\u0101ti un praktisko lietojam\u012bbu. Lab\u0101s zi\u0146as? 320 \u0101\u0137is atbilst vis\u0101m \u0161\u012bm pras\u012bb\u0101m un v\u0113l vair\u0101k.<\/p>\n<p class=\"whitespace-pre-wrap break-words\">\u0100\u0137a iztur\u012bg\u0101 konstrukcija patie\u0161\u0101m izce\u013cas gr\u016btos apst\u0101k\u013cos. T\u0101 izcil\u0101 stiepes iztur\u012bba noz\u012bm\u0113, ka tam var uztic\u0113t nopietnas slodzes, neaizmirstot par dro\u0161\u012bbas apsv\u0113rumiem. Pla\u0161ais mutes atv\u0113rums ir \u012bsts laika ietaup\u012bjums, jo to ir viegli savienot ar da\u017e\u0101diem takel\u0101\u017eas komponentiem. Neatkar\u012bgi no t\u0101, vai ce\u013cat materi\u0101lus b\u016bvlaukum\u0101 vai nostiprinat kravu uz kl\u0101ja, \u0161is \u0101\u0137is j\u016bs nepievils.<\/p>\n<p class=\"whitespace-pre-wrap break-words\">Qingdao H&amp;F test\u0113\u0161anu m\u0113s uztveram nopietni. Katrs \u0101\u0137is tiek r\u016bp\u012bgi p\u0101rbaud\u012bts, un m\u0113s jums par\u0101d\u012bsim detaliz\u0113tus p\u0101rbaudes rezult\u0101tus, kas to apliecina. Nekas nav slikt\u0101k par to, ja iek\u0101rta saboj\u0101jas br\u012bd\u012b, kad t\u0101 ir visvair\u0101k nepiecie\u0161ama, t\u0101p\u0113c m\u0113s r\u016bp\u0113jamies, lai m\u016bsu \u0101\u0137i darbotos dro\u0161i pat vissare\u017e\u0123\u012bt\u0101kaj\u0101s situ\u0101cij\u0101s.<\/p>\n<h2 class=\"font-600 text-2xl font-bold\">Izpratne par 320 \u0101\u0137i: Konstrukcija, funkcijas un materi\u0101lu apsv\u0113rumi<\/h2>\n<p class=\"whitespace-pre-wrap break-words\">320 \u0101\u0137a veiktsp\u0113jas nosl\u0113pums sl\u0113pjas t\u0101 p\u0101rdom\u0101taj\u0101 konstrukcij\u0101. M\u0113s izgatavojam \u0161os \u0101\u0137us no augst\u0101k\u0101s kvalit\u0101tes le\u0123\u0113t\u0101 t\u0113rauda, radot iztur\u012bgu un ilgm\u016b\u017e\u012bgu instrumentu. \u0160\u0101da materi\u0101la izv\u0113le noz\u012bm\u0113, ka \u0101\u0137is labi turas skarbos apst\u0101k\u013cos, t\u0101p\u0113c tas ir ide\u0101li piem\u0113rots j\u016bras videi, r\u016bpnieciskiem apst\u0101k\u013ciem vai b\u016bvlaukumiem.<\/p>\n<p class=\"whitespace-pre-wrap break-words\">Praktiskie ieguvumi ir skaidri redzami, tikl\u012bdz lietojat vienu no tiem. Pla\u0161ais atv\u0113rums ir ne tikai \u0113rts - tas ir dro\u0161\u012bbas elements, kas atvieglo \u0137\u0113des, siksnas vai troses piestiprin\u0101\u0161anu. \u0100\u0137a forma akt\u012bvi nov\u0113r\u0161 kravas sl\u012bd\u0113\u0161anu, savuk\u0101rt t\u0101 glud\u0101 apdare pasarg\u0101 j\u016bsu p\u0101r\u0113jo apr\u012bkojumu no boj\u0101jumiem.<\/p>\n<p class=\"whitespace-pre-wrap break-words\">\u0160ie \u0101\u0137i k\u0101 \u010dempioni tiek gal\u0101 gan ar statisk\u0101m, gan dinamisk\u0101m slodz\u0113m. Tie ir da\u017e\u0101da izm\u0113ra un ietilp\u012bbas, lai j\u016bs var\u0113tu izv\u0113l\u0113ties tie\u0161i to, kas nepiecie\u0161ams j\u016bsu projektam. Uz katra \u0101\u0137a ir skaidri nor\u0101d\u012bts t\u0101 svara r\u0101d\u012bt\u0101js, t\u0101d\u0113j\u0101di atvieglojot kravas pl\u0101no\u0161anu. Pret koroziju iztur\u012bgais p\u0101rkl\u0101jums ir \u012bpa\u0161i v\u0113rt\u012bgs j\u016bras vai j\u016bras darbiem, jo tas nov\u0113r\u0161 r\u016bsu un iev\u0113rojami pagarina \u0101\u0137a kalpo\u0161anas laiku.<\/p>\n<h2 class=\"font-600 text-2xl font-bold\">K\u0101p\u0113c izv\u0113l\u0113ties Qingdao H&amp;F 320 \u0101\u0137u vajadz\u012bb\u0101m?<\/h2>\n<p class=\"whitespace-pre-wrap break-words\">\u013boti svar\u012bgi ir atrast uzticamu pieg\u0101d\u0101t\u0101ju. Qingdao H&amp;F vair\u0101k nek\u0101 20 gadus esam str\u0101d\u0101ju\u0161i pasaules tirg\u016b, un esam apguvu\u0161i, kas tie\u0161i ir nepiecie\u0161ams m\u016bsu klientiem. M\u0113s ne tikai p\u0101rdodam \u0101\u0137us - m\u0113s nodro\u0161in\u0101m sirdsmieru.<\/p>\n<p class=\"whitespace-pre-wrap break-words\">M\u0113s zin\u0101m, ka pieg\u0101des gaid\u012b\u0161ana var izjaukt j\u016bsu darba grafiku, t\u0101p\u0113c priorit\u0101te ir \u0101tra pieg\u0101de. M\u016bsu lo\u0123istikas komanda c\u012bt\u012bgi str\u0101d\u0101, lai atrastu vis\u0101tr\u0101kos un uzticam\u0101kos pieg\u0101des veidus, nodro\u0161inot, ka j\u016bsu projekti tiek \u012bstenoti. Katram \u0101\u0137im ir pievienota visaptvero\u0161a kvalit\u0101tes p\u0101rbaudes dokument\u0101cija, lai j\u016bs prec\u012bzi zin\u0101tu, ko sa\u0146emat.<\/p>\n<p class=\"whitespace-pre-wrap break-words\">M\u016bsu pieeja klientu apkalpo\u0161anai ir atsvaidzino\u0161i personiska. Nepiecie\u0161ams tehnisks padoms? Jums ir jaut\u0101jumi par specifik\u0101cij\u0101m? M\u0113s esam \u0161eit, lai pal\u012bdz\u0113tu - bez automatiz\u0113t\u0101m atbild\u0113m vai visp\u0101r\u012bgiem risin\u0101jumiem. M\u0113s ticam, ka, sniedzot patiesu atbalstu un zin\u0101\u0161anas, m\u0113s veidojam ilgsto\u0161as attiec\u012bbas ar saviem klientiem.<\/p>\n<h2 class=\"font-600 text-2xl font-bold\">Secin\u0101jums: 320 \u0101\u0137is - oblig\u0101ts pal\u012bgl\u012bdzeklis j\u016bsu takel\u0101\u017eas un pacel\u0161anas vajadz\u012bb\u0101m<\/h2>\n<p class=\"whitespace-pre-wrap break-words\">Kad runa ir par to, ka 320 \u0101\u0137is nav tikai v\u0113l viens apr\u012bkojuma elements - tas ir ieguld\u012bjums dro\u0161\u012bb\u0101 un efektivit\u0101t\u0113. T\u0101 iztur\u012bg\u0101 konstrukcija un daudzpus\u012bba padara to neaizst\u0101jamu da\u017e\u0101d\u0101s nozar\u0113s. Qingdao H&amp;F ar lepnumu pied\u0101v\u0101 320 \u0101\u0137us, kas p\u0101rsniedz kvalit\u0101tes standartus un ko atbalsta m\u016bsu ap\u0146em\u0161an\u0101s nodro\u0161in\u0101t \u0101tru apkalpo\u0161anu un uzticamu pieg\u0101di. Izv\u0113loties m\u016bsu \u0101\u0137us, j\u016bs izv\u0113laties partneri, kas ir uztic\u012bgs j\u016bsu pan\u0101kumiem.<\/p>\n<\/div>\n<\/div>\n<\/div>\n<div class=\"absolute -bottom-0 -right-1.5\">\n<div class=\"border-0.5 border-border-300 flex items-center translate-y-1\/2 rounded-lg shadow-sm transition bg-bg-000 p-1\">\n<div class=\"text-text-400 flex items-stretch justify-between gap-0.5\">\n<div class=\"flex gap-0.5\"><\/div>\n<\/div>\n<\/div>\n<\/div>\n<p>&nbsp;<\/p>\n<p>&nbsp;<\/p>","protected":false},"excerpt":{"rendered":"<p>320 \u0101\u0137is ir daudzpus\u012bgs un uzticams jebkur\u0101 nozar\u0113 - gan dro\u0161ai un efekt\u012bvai pacel\u0161anai, gan noenkuro\u0161anai un nostiprin\u0101\u0161anai. Qingdao H&amp;F ir uzticams tirdzniec\u012bbas uz\u0146\u0113mums, kas nodarbojas ar 320 \u0101\u0137u kl\u0101stu, nodro\u0161inot kvalit\u0101ti, laiku un individu\u0101lu profesion\u0101lu apkalpo\u0161anu. Lai nodro\u0161in\u0101tu, ka tiek iev\u0113roti vislab\u0101kie standarti, uz\u0146\u0113mums var\u0113ja ar\u012b sniegt pirc\u0113jiem detaliz\u0113tu katra izstr\u0101d\u0101juma p\u0101rbaudes zi\u0146ojumu. Neatkar\u012bgi no t\u0101, vai m\u016bsu 320 \u0101\u0137i paredz\u0113ti lieljaudas vai viegl\u0101kiem lietojumiem, tie ir izgatavoti t\u0101, lai nodro\u0161in\u0101tu maksim\u0101lu uzticam\u012bbu, iztur\u012bbu un veiktsp\u0113ju j\u016bsu n\u0101kamajam projektam.<\/p>","protected":false},"featured_media":4111,"comment_status":"open","ping_status":"closed","template":"","meta":{"site-sidebar-layout":"default","site-content-layout":"default","ast-site-content-layout":"default","site-content-style":"default","site-sidebar-style":"default","ast-global-header-display":"","ast-banner-title-visibility":"","ast-main-header-display":"","ast-hfb-above-header-display":"","ast-hfb-below-header-display":"","ast-hfb-mobile-header-display":"","site-post-title":"","ast-breadcrumbs-content":"","ast-featured-img":"","footer-sml-layout":"","theme-transparent-header-meta":"default","adv-header-id-meta":"","stick-header-meta":"default","header-above-stick-meta":"","header-main-stick-meta":"","header-below-stick-meta":"","astra-migrate-meta-layouts":"set","ast-page-background-enabled":"default","ast-page-background-meta":{"desktop":{"background-color":"","background-image":"","background-repeat":"repeat","background-position":"center center","background-size":"auto","background-attachment":"scroll","background-type":"","background-media":"","overlay-type":"","overlay-color":"","overlay-opacity":"","overlay-gradient":""},"tablet":{"background-color":"","background-image":"","background-repeat":"repeat","background-position":"center center","background-size":"auto","background-attachment":"scroll","background-type":"","background-media":"","overlay-type":"","overlay-color":"","overlay-opacity":"","overlay-gradient":""},"mobile":{"background-color":"","background-image":"","background-repeat":"repeat","background-position":"center center","background-size":"auto","background-attachment":"scroll","background-type":"","background-media":"","overlay-type":"","overlay-color":"","overlay-opacity":"","overlay-gradient":""}},"ast-content-background-meta":{"desktop":{"background-color":"var(--ast-global-color-5)","background-image":"","background-repeat":"repeat","background-position":"center center","background-size":"auto","background-attachment":"scroll","background-type":"","background-media":"","overlay-type":"","overlay-color":"","overlay-opacity":"","overlay-gradient":""},"tablet":{"background-color":"var(--ast-global-color-5)","background-image":"","background-repeat":"repeat","background-position":"center center","background-size":"auto","background-attachment":"scroll","background-type":"","background-media":"","overlay-type":"","overlay-color":"","overlay-opacity":"","overlay-gradient":""},"mobile":{"background-color":"var(--ast-global-color-5)","background-image":"","background-repeat":"repeat","background-position":"center center","background-size":"auto","background-attachment":"scroll","background-type":"","background-media":"","overlay-type":"","overlay-color":"","overlay-opacity":"","overlay-gradient":""}}},"product_brand":[],"product_cat":[57,43],"product_tag":[],"class_list":{"0":"post-4110","1":"product","2":"type-product","3":"status-publish","4":"has-post-thumbnail","6":"product_cat-sling-hook","7":"product_cat-rigging-hardware","8":"desktop-align-left","9":"tablet-align-left","10":"mobile-align-left","11":"ast-product-gallery-layout-horizontal-slider","12":"ast-product-tabs-layout-horizontal","14":"first","15":"instock","16":"shipping-taxable","17":"purchasable","18":"product-type-simple"},"yoast_head":"<!-- This site is optimized with the Yoast SEO plugin v25.2 - https:\/\/yoast.com\/wordpress\/plugins\/seo\/ -->\n<title>320 Eye Sling Hook<\/title>\n<meta name=\"description\" content=\"The Eye Sling Hook is a type of lifting hook commonly used in rigging and lifting operations.\" \/>\n<meta name=\"robots\" content=\"index, follow, max-snippet:-1, max-image-preview:large, max-video-preview:-1\" \/>\n<link rel=\"canonical\" href=\"https:\/\/qingdaohf.com\/lv\/products\/acs-cilpas-akis\/\" \/>\n<meta property=\"og:locale\" content=\"lv_LV\" \/>\n<meta property=\"og:type\" content=\"article\" \/>\n<meta property=\"og:title\" content=\"320 Eye Sling Hook\" \/>\n<meta property=\"og:description\" content=\"The Eye Sling Hook is a type of lifting hook commonly used in rigging and lifting operations.\" \/>\n<meta property=\"og:url\" content=\"https:\/\/qingdaohf.com\/lv\/products\/acs-cilpas-akis\/\" \/>\n<meta property=\"og:site_name\" content=\"Concrete Form &amp; Rigging Hardware Supplier\" \/>\n<meta property=\"article:publisher\" content=\"https:\/\/www.facebook.com\/qingdaohf\" \/>\n<meta property=\"article:modified_time\" content=\"2025-11-13T01:04:24+00:00\" \/>\n<meta property=\"og:image\" content=\"https:\/\/qingdaohf.com\/wp-content\/uploads\/2023\/05\/Eye-Sling-Hook-2.jpg\" \/>\n\t<meta property=\"og:image:width\" content=\"1000\" \/>\n\t<meta property=\"og:image:height\" content=\"1000\" \/>\n\t<meta property=\"og:image:type\" content=\"image\/jpeg\" \/>\n<meta name=\"twitter:card\" content=\"summary_large_image\" \/>\n<meta name=\"twitter:label1\" content=\"Est. reading time\" \/>\n\t<meta name=\"twitter:data1\" content=\"4 min\u016btes\" \/>\n<script type=\"application\/ld+json\" class=\"yoast-schema-graph\">{\"@context\":\"https:\/\/schema.org\",\"@graph\":[{\"@type\":\"WebPage\",\"@id\":\"https:\/\/qingdaohf.com\/product\/eye-sling-hook\/\",\"url\":\"https:\/\/qingdaohf.com\/product\/eye-sling-hook\/\",\"name\":\"320 Eye Sling Hook\",\"isPartOf\":{\"@id\":\"https:\/\/qingdaohf.com\/bg\/#website\"},\"primaryImageOfPage\":{\"@id\":\"https:\/\/qingdaohf.com\/product\/eye-sling-hook\/#primaryimage\"},\"image\":{\"@id\":\"https:\/\/qingdaohf.com\/product\/eye-sling-hook\/#primaryimage\"},\"thumbnailUrl\":\"https:\/\/qingdaohf.com\/wp-content\/uploads\/2023\/05\/Eye-Sling-Hook-2.jpg\",\"datePublished\":\"2023-05-26T08:27:13+00:00\",\"dateModified\":\"2025-11-13T01:04:24+00:00\",\"description\":\"The Eye Sling Hook is a type of lifting hook commonly used in rigging and lifting operations.\",\"breadcrumb\":{\"@id\":\"https:\/\/qingdaohf.com\/product\/eye-sling-hook\/#breadcrumb\"},\"inLanguage\":\"lv-LV\",\"potentialAction\":[{\"@type\":\"ReadAction\",\"target\":[\"https:\/\/qingdaohf.com\/product\/eye-sling-hook\/\"]}]},{\"@type\":\"ImageObject\",\"inLanguage\":\"lv-LV\",\"@id\":\"https:\/\/qingdaohf.com\/product\/eye-sling-hook\/#primaryimage\",\"url\":\"https:\/\/qingdaohf.com\/wp-content\/uploads\/2023\/05\/Eye-Sling-Hook-2.jpg\",\"contentUrl\":\"https:\/\/qingdaohf.com\/wp-content\/uploads\/2023\/05\/Eye-Sling-Hook-2.jpg\",\"width\":1000,\"height\":1000,\"caption\":\"Eye Sling Hook\"},{\"@type\":\"BreadcrumbList\",\"@id\":\"https:\/\/qingdaohf.com\/product\/eye-sling-hook\/#breadcrumb\",\"itemListElement\":[{\"@type\":\"ListItem\",\"position\":1,\"name\":\"Home\",\"item\":\"https:\/\/qingdaohf.com\/\"},{\"@type\":\"ListItem\",\"position\":2,\"name\":\"Concrete Forming Accessories and Rigging Hardware\",\"item\":\"https:\/\/qingdaohf.com\/bg\/?page_id=944\"},{\"@type\":\"ListItem\",\"position\":3,\"name\":\"320 Eye Sling Hook\"}]},{\"@type\":\"WebSite\",\"@id\":\"https:\/\/qingdaohf.com\/bg\/#website\",\"url\":\"https:\/\/qingdaohf.com\/bg\/\",\"name\":\"Concrete Form & Rigging Hardware Supplier\",\"description\":\"\",\"publisher\":{\"@id\":\"https:\/\/qingdaohf.com\/bg\/#organization\"},\"potentialAction\":[{\"@type\":\"SearchAction\",\"target\":{\"@type\":\"EntryPoint\",\"urlTemplate\":\"https:\/\/qingdaohf.com\/bg\/?s={search_term_string}\"},\"query-input\":{\"@type\":\"PropertyValueSpecification\",\"valueRequired\":true,\"valueName\":\"search_term_string\"}}],\"inLanguage\":\"lv-LV\"},{\"@type\":\"Organization\",\"@id\":\"https:\/\/qingdaohf.com\/bg\/#organization\",\"name\":\"Qingdao H&F\",\"url\":\"https:\/\/qingdaohf.com\/bg\/\",\"logo\":{\"@type\":\"ImageObject\",\"inLanguage\":\"lv-LV\",\"@id\":\"https:\/\/qingdaohf.com\/bg\/#\/schema\/logo\/image\/\",\"url\":\"https:\/\/qingdaohf.com\/wp-content\/uploads\/2022\/12\/cropped-HF-LOGO.png\",\"contentUrl\":\"https:\/\/qingdaohf.com\/wp-content\/uploads\/2022\/12\/cropped-HF-LOGO.png\",\"width\":391,\"height\":249,\"caption\":\"Qingdao H&F\"},\"image\":{\"@id\":\"https:\/\/qingdaohf.com\/bg\/#\/schema\/logo\/image\/\"},\"sameAs\":[\"https:\/\/www.facebook.com\/qingdaohf\"]}]}<\/script>\n<!-- \/ Yoast SEO plugin. -->","yoast_head_json":{"title":"320 Eye Sling Hook","description":"The Eye Sling Hook is a type of lifting hook commonly used in rigging and lifting operations.","robots":{"index":"index","follow":"follow","max-snippet":"max-snippet:-1","max-image-preview":"max-image-preview:large","max-video-preview":"max-video-preview:-1"},"canonical":"https:\/\/qingdaohf.com\/lv\/products\/acs-cilpas-akis\/","og_locale":"lv_LV","og_type":"article","og_title":"320 Eye Sling Hook","og_description":"The Eye Sling Hook is a type of lifting hook commonly used in rigging and lifting operations.","og_url":"https:\/\/qingdaohf.com\/lv\/products\/acs-cilpas-akis\/","og_site_name":"Concrete Form &amp; Rigging Hardware Supplier","article_publisher":"https:\/\/www.facebook.com\/qingdaohf","article_modified_time":"2025-11-13T01:04:24+00:00","og_image":[{"width":1000,"height":1000,"url":"https:\/\/qingdaohf.com\/wp-content\/uploads\/2023\/05\/Eye-Sling-Hook-2.jpg","type":"image\/jpeg"}],"twitter_card":"summary_large_image","twitter_misc":{"Est. reading time":"4 min\u016btes"},"schema":{"@context":"https:\/\/schema.org","@graph":[{"@type":"WebPage","@id":"https:\/\/qingdaohf.com\/product\/eye-sling-hook\/","url":"https:\/\/qingdaohf.com\/product\/eye-sling-hook\/","name":"320 Eye Sling Hook","isPartOf":{"@id":"https:\/\/qingdaohf.com\/bg\/#website"},"primaryImageOfPage":{"@id":"https:\/\/qingdaohf.com\/product\/eye-sling-hook\/#primaryimage"},"image":{"@id":"https:\/\/qingdaohf.com\/product\/eye-sling-hook\/#primaryimage"},"thumbnailUrl":"https:\/\/qingdaohf.com\/wp-content\/uploads\/2023\/05\/Eye-Sling-Hook-2.jpg","datePublished":"2023-05-26T08:27:13+00:00","dateModified":"2025-11-13T01:04:24+00:00","description":"The Eye Sling Hook is a type of lifting hook commonly used in rigging and lifting operations.","breadcrumb":{"@id":"https:\/\/qingdaohf.com\/product\/eye-sling-hook\/#breadcrumb"},"inLanguage":"lv-LV","potentialAction":[{"@type":"ReadAction","target":["https:\/\/qingdaohf.com\/product\/eye-sling-hook\/"]}]},{"@type":"ImageObject","inLanguage":"lv-LV","@id":"https:\/\/qingdaohf.com\/product\/eye-sling-hook\/#primaryimage","url":"https:\/\/qingdaohf.com\/wp-content\/uploads\/2023\/05\/Eye-Sling-Hook-2.jpg","contentUrl":"https:\/\/qingdaohf.com\/wp-content\/uploads\/2023\/05\/Eye-Sling-Hook-2.jpg","width":1000,"height":1000,"caption":"Eye Sling Hook"},{"@type":"BreadcrumbList","@id":"https:\/\/qingdaohf.com\/product\/eye-sling-hook\/#breadcrumb","itemListElement":[{"@type":"ListItem","position":1,"name":"Home","item":"https:\/\/qingdaohf.com\/"},{"@type":"ListItem","position":2,"name":"Concrete Forming Accessories and Rigging Hardware","item":"https:\/\/qingdaohf.com\/bg\/?page_id=944"},{"@type":"ListItem","position":3,"name":"320 Eye Sling Hook"}]},{"@type":"WebSite","@id":"https:\/\/qingdaohf.com\/bg\/#website","url":"https:\/\/qingdaohf.com\/bg\/","name":"Concrete Form & Rigging Hardware Supplier","description":"","publisher":{"@id":"https:\/\/qingdaohf.com\/bg\/#organization"},"potentialAction":[{"@type":"SearchAction","target":{"@type":"EntryPoint","urlTemplate":"https:\/\/qingdaohf.com\/bg\/?s={search_term_string}"},"query-input":{"@type":"PropertyValueSpecification","valueRequired":true,"valueName":"search_term_string"}}],"inLanguage":"lv-LV"},{"@type":"Organization","@id":"https:\/\/qingdaohf.com\/bg\/#organization","name":"Qingdao H&F","url":"https:\/\/qingdaohf.com\/bg\/","logo":{"@type":"ImageObject","inLanguage":"lv-LV","@id":"https:\/\/qingdaohf.com\/bg\/#\/schema\/logo\/image\/","url":"https:\/\/qingdaohf.com\/wp-content\/uploads\/2022\/12\/cropped-HF-LOGO.png","contentUrl":"https:\/\/qingdaohf.com\/wp-content\/uploads\/2022\/12\/cropped-HF-LOGO.png","width":391,"height":249,"caption":"Qingdao H&F"},"image":{"@id":"https:\/\/qingdaohf.com\/bg\/#\/schema\/logo\/image\/"},"sameAs":["https:\/\/www.facebook.com\/qingdaohf"]}]}},"_links":{"self":[{"href":"https:\/\/qingdaohf.com\/lv\/wp-json\/wp\/v2\/product\/4110","targetHints":{"allow":["GET"]}}],"collection":[{"href":"https:\/\/qingdaohf.com\/lv\/wp-json\/wp\/v2\/product"}],"about":[{"href":"https:\/\/qingdaohf.com\/lv\/wp-json\/wp\/v2\/types\/product"}],"replies":[{"embeddable":true,"href":"https:\/\/qingdaohf.com\/lv\/wp-json\/wp\/v2\/comments?post=4110"}],"version-history":[{"count":3,"href":"https:\/\/qingdaohf.com\/lv\/wp-json\/wp\/v2\/product\/4110\/revisions"}],"predecessor-version":[{"id":4117,"href":"https:\/\/qingdaohf.com\/lv\/wp-json\/wp\/v2\/product\/4110\/revisions\/4117"}],"wp:featuredmedia":[{"embeddable":true,"href":"https:\/\/qingdaohf.com\/lv\/wp-json\/wp\/v2\/media\/4111"}],"wp:attachment":[{"href":"https:\/\/qingdaohf.com\/lv\/wp-json\/wp\/v2\/media?parent=4110"}],"wp:term":[{"taxonomy":"product_brand","embeddable":true,"href":"https:\/\/qingdaohf.com\/lv\/wp-json\/wp\/v2\/product_brand?post=4110"},{"taxonomy":"product_cat","embeddable":true,"href":"https:\/\/qingdaohf.com\/lv\/wp-json\/wp\/v2\/product_cat?post=4110"},{"taxonomy":"product_tag","embeddable":true,"href":"https:\/\/qingdaohf.com\/lv\/wp-json\/wp\/v2\/product_tag?post=4110"}],"curies":[{"name":"wp","href":"https:\/\/api.w.org\/{rel}","templated":true}]}}