{"id":4194,"date":"2023-05-29T14:50:07","date_gmt":"2023-05-29T06:50:07","guid":{"rendered":"http:\/\/qingdaohf.com\/?post_type=product&#038;p=4194"},"modified":"2025-11-13T09:04:23","modified_gmt":"2025-11-13T01:04:23","slug":"clevis-slip-hook","status":"publish","type":"product","link":"https:\/\/qingdaohf.com\/lv\/products\/sarnira-slidesanas-akis\/","title":{"rendered":"Klejvis sl\u012bd\u0113\u0161anas \u0101\u0137is"},"content":{"rendered":"<p>Knaibl\u012b\u0161u \u0101\u0137is sast\u0101v no U-veida knaibles ar caurumu vai spraugu atv\u0113rtaj\u0101 gal\u0101 un \u0101\u0137a, kas piestiprin\u0101ts pie knaibles. At\u0161\u0137ir\u012bb\u0101 no pa\u0161blo\u0137\u0113jo\u0161a \u0101\u0137a sl\u012bdo\u0161ajam \u0101\u0137im nav fiksatora vai blo\u0137\u0113\u0161anas meh\u0101nisma. T\u0101 viet\u0101 tam ir no\u0146emams fiksatora tapa vai knaibles tapa, kas \u013cauj \u0101\u0137im viegli izsl\u012bd\u0113t caur knaibles atveri vai spraugu.<\/p>\n<p>Viena no galvenaj\u0101m sl\u012bpstie\u0146a \u0101\u0137a priek\u0161roc\u012bb\u0101m ir t\u0101 regul\u0113jam\u012bba. Ievietojot fiksatora tapu vai knaibles tapu caur da\u017e\u0101diem caurumiem vai spraug\u0101m knaibl\u012b, var regul\u0113t efekt\u012bvo \u0101\u0137a garumu. \u0160\u012b regul\u0113jam\u012bba \u013cauj elast\u012bgi piel\u0101got da\u017e\u0101du izm\u0113ru un konfigur\u0101ciju kravas.<\/p>\n<p>Klipsveida sl\u012bdo\u0161o \u0101\u0137i parasti izmanto gad\u012bjumos, kad nepiecie\u0161ama \u0101tra kravas piestiprin\u0101\u0161ana un atvieno\u0161ana, piem\u0113ram, materi\u0101lu p\u0101rkrau\u0161anas, vilk\u0161anas vai takel\u0101\u017eas darbos. Tas nodro\u0161ina stipru un uzticamu savienojumu, vienlaikus \u013caujot efekt\u012bvi p\u0101rvietot kravu. \u0100\u0137a forma un konstrukcija ne\u013cauj kravai nejau\u0161i izsl\u012bd\u0113t pacel\u0161anas vai p\u0101rvieto\u0161anas laik\u0101.<\/p>\n<p>Lietojot \u0101\u0137us, dro\u0161\u012bba ir \u013coti svar\u012bga. Ir svar\u012bgi nodro\u0161in\u0101t, lai fiksatora tapa vai knaibles tapa b\u016btu pareizi ievietota un nostiprin\u0101ta caur attiec\u012bgo caurumu vai spraugu knaibl\u012b. J\u0101veic regul\u0101ra \u0101\u0137a p\u0101rbaude un apkope, lai atkl\u0101tu jebk\u0101das nodiluma, boj\u0101jumu vai deform\u0101cijas paz\u012bmes, kas var apdraud\u0113t t\u0101 iztur\u012bbu un integrit\u0101ti. Boj\u0101ti vai nolietoju\u0161ies sl\u012bd\u0113\u0161anas \u0101\u0137i nekav\u0113joties j\u0101nomaina, lai saglab\u0101tu dro\u0161u darba vidi.<\/p>","protected":false},"excerpt":{"rendered":"<p>Klipsveida sl\u012bdo\u0161ais \u0101\u0137is ir \u0101\u0137a veids, ko parasti izmanto pacel\u0161anas un takel\u0101\u017eas darbos. Tas ir paredz\u0113ts, lai nodro\u0161in\u0101tu dro\u0161u un regul\u0113jamu savienojumu kravu piestiprin\u0101\u0161anai pie \u0137\u0113d\u0113m, virv\u0113m vai citiem takel\u0101\u017eas komponentiem.<\/p>","protected":false},"featured_media":4196,"comment_status":"open","ping_status":"closed","template":"","meta":{"site-sidebar-layout":"default","site-content-layout":"default","ast-site-content-layout":"default","site-content-style":"default","site-sidebar-style":"default","ast-global-header-display":"","ast-banner-title-visibility":"","ast-main-header-display":"","ast-hfb-above-header-display":"","ast-hfb-below-header-display":"","ast-hfb-mobile-header-display":"","site-post-title":"","ast-breadcrumbs-content":"","ast-featured-img":"","footer-sml-layout":"","theme-transparent-header-meta":"default","adv-header-id-meta":"","stick-header-meta":"default","header-above-stick-meta":"","header-main-stick-meta":"","header-below-stick-meta":"","astra-migrate-meta-layouts":"set","ast-page-background-enabled":"default","ast-page-background-meta":{"desktop":{"background-color":"","background-image":"","background-repeat":"repeat","background-position":"center center","background-size":"auto","background-attachment":"scroll","background-type":"","background-media":"","overlay-type":"","overlay-color":"","overlay-opacity":"","overlay-gradient":""},"tablet":{"background-color":"","background-image":"","background-repeat":"repeat","background-position":"center center","background-size":"auto","background-attachment":"scroll","background-type":"","background-media":"","overlay-type":"","overlay-color":"","overlay-opacity":"","overlay-gradient":""},"mobile":{"background-color":"","background-image":"","background-repeat":"repeat","background-position":"center center","background-size":"auto","background-attachment":"scroll","background-type":"","background-media":"","overlay-type":"","overlay-color":"","overlay-opacity":"","overlay-gradient":""}},"ast-content-background-meta":{"desktop":{"background-color":"var(--ast-global-color-5)","background-image":"","background-repeat":"repeat","background-position":"center center","background-size":"auto","background-attachment":"scroll","background-type":"","background-media":"","overlay-type":"","overlay-color":"","overlay-opacity":"","overlay-gradient":""},"tablet":{"background-color":"var(--ast-global-color-5)","background-image":"","background-repeat":"repeat","background-position":"center center","background-size":"auto","background-attachment":"scroll","background-type":"","background-media":"","overlay-type":"","overlay-color":"","overlay-opacity":"","overlay-gradient":""},"mobile":{"background-color":"var(--ast-global-color-5)","background-image":"","background-repeat":"repeat","background-position":"center center","background-size":"auto","background-attachment":"scroll","background-type":"","background-media":"","overlay-type":"","overlay-color":"","overlay-opacity":"","overlay-gradient":""}}},"product_brand":[],"product_cat":[57,43],"product_tag":[],"class_list":{"0":"post-4194","1":"product","2":"type-product","3":"status-publish","4":"has-post-thumbnail","6":"product_cat-sling-hook","7":"product_cat-rigging-hardware","8":"desktop-align-left","9":"tablet-align-left","10":"mobile-align-left","11":"ast-product-gallery-layout-horizontal-slider","12":"ast-product-tabs-layout-horizontal","14":"first","15":"instock","16":"shipping-taxable","17":"purchasable","18":"product-type-simple"},"yoast_head":"<!-- This site is optimized with the Yoast SEO plugin v25.2 - https:\/\/yoast.com\/wordpress\/plugins\/seo\/ -->\n<title>Clevis Slip Hook<\/title>\n<meta name=\"description\" content=\"The clevis slip hook is a type of hook commonly used in lifting and rigging applications.\" \/>\n<meta name=\"robots\" content=\"index, follow, max-snippet:-1, max-image-preview:large, max-video-preview:-1\" \/>\n<link rel=\"canonical\" href=\"https:\/\/qingdaohf.com\/lv\/products\/sarnira-slidesanas-akis\/\" \/>\n<meta property=\"og:locale\" content=\"lv_LV\" \/>\n<meta property=\"og:type\" content=\"article\" \/>\n<meta property=\"og:title\" content=\"Clevis Slip Hook\" \/>\n<meta property=\"og:description\" content=\"The clevis slip hook is a type of hook commonly used in lifting and rigging applications.\" \/>\n<meta property=\"og:url\" content=\"https:\/\/qingdaohf.com\/lv\/products\/sarnira-slidesanas-akis\/\" \/>\n<meta property=\"og:site_name\" content=\"Concrete Form &amp; Rigging Hardware Supplier\" \/>\n<meta property=\"article:publisher\" content=\"https:\/\/www.facebook.com\/qingdaohf\" \/>\n<meta property=\"article:modified_time\" content=\"2025-11-13T01:04:23+00:00\" \/>\n<meta property=\"og:image\" content=\"https:\/\/qingdaohf.com\/wp-content\/uploads\/2023\/05\/Clevis-Slip-Hook-13.jpg\" \/>\n\t<meta property=\"og:image:width\" content=\"1000\" \/>\n\t<meta property=\"og:image:height\" content=\"1000\" \/>\n\t<meta property=\"og:image:type\" content=\"image\/jpeg\" \/>\n<meta name=\"twitter:card\" content=\"summary_large_image\" \/>\n<meta name=\"twitter:label1\" content=\"Est. reading time\" \/>\n\t<meta name=\"twitter:data1\" content=\"2 min\u016btes\" \/>\n<script type=\"application\/ld+json\" class=\"yoast-schema-graph\">{\"@context\":\"https:\/\/schema.org\",\"@graph\":[{\"@type\":\"WebPage\",\"@id\":\"https:\/\/qingdaohf.com\/product\/clevis-slip-hook\/\",\"url\":\"https:\/\/qingdaohf.com\/product\/clevis-slip-hook\/\",\"name\":\"Clevis Slip Hook\",\"isPartOf\":{\"@id\":\"https:\/\/qingdaohf.com\/bg\/#website\"},\"primaryImageOfPage\":{\"@id\":\"https:\/\/qingdaohf.com\/product\/clevis-slip-hook\/#primaryimage\"},\"image\":{\"@id\":\"https:\/\/qingdaohf.com\/product\/clevis-slip-hook\/#primaryimage\"},\"thumbnailUrl\":\"https:\/\/qingdaohf.com\/wp-content\/uploads\/2023\/05\/Clevis-Slip-Hook-13.jpg\",\"datePublished\":\"2023-05-29T06:50:07+00:00\",\"dateModified\":\"2025-11-13T01:04:23+00:00\",\"description\":\"The clevis slip hook is a type of hook commonly used in lifting and rigging applications.\",\"breadcrumb\":{\"@id\":\"https:\/\/qingdaohf.com\/product\/clevis-slip-hook\/#breadcrumb\"},\"inLanguage\":\"lv-LV\",\"potentialAction\":[{\"@type\":\"ReadAction\",\"target\":[\"https:\/\/qingdaohf.com\/product\/clevis-slip-hook\/\"]}]},{\"@type\":\"ImageObject\",\"inLanguage\":\"lv-LV\",\"@id\":\"https:\/\/qingdaohf.com\/product\/clevis-slip-hook\/#primaryimage\",\"url\":\"https:\/\/qingdaohf.com\/wp-content\/uploads\/2023\/05\/Clevis-Slip-Hook-13.jpg\",\"contentUrl\":\"https:\/\/qingdaohf.com\/wp-content\/uploads\/2023\/05\/Clevis-Slip-Hook-13.jpg\",\"width\":1000,\"height\":1000,\"caption\":\"Clevis Slip Hook\"},{\"@type\":\"BreadcrumbList\",\"@id\":\"https:\/\/qingdaohf.com\/product\/clevis-slip-hook\/#breadcrumb\",\"itemListElement\":[{\"@type\":\"ListItem\",\"position\":1,\"name\":\"Home\",\"item\":\"https:\/\/qingdaohf.com\/\"},{\"@type\":\"ListItem\",\"position\":2,\"name\":\"Concrete Forming Accessories and Rigging Hardware\",\"item\":\"https:\/\/qingdaohf.com\/bg\/?page_id=944\"},{\"@type\":\"ListItem\",\"position\":3,\"name\":\"Clevis Slip Hook\"}]},{\"@type\":\"WebSite\",\"@id\":\"https:\/\/qingdaohf.com\/bg\/#website\",\"url\":\"https:\/\/qingdaohf.com\/bg\/\",\"name\":\"Concrete Form & Rigging Hardware Supplier\",\"description\":\"\",\"publisher\":{\"@id\":\"https:\/\/qingdaohf.com\/bg\/#organization\"},\"potentialAction\":[{\"@type\":\"SearchAction\",\"target\":{\"@type\":\"EntryPoint\",\"urlTemplate\":\"https:\/\/qingdaohf.com\/bg\/?s={search_term_string}\"},\"query-input\":{\"@type\":\"PropertyValueSpecification\",\"valueRequired\":true,\"valueName\":\"search_term_string\"}}],\"inLanguage\":\"lv-LV\"},{\"@type\":\"Organization\",\"@id\":\"https:\/\/qingdaohf.com\/bg\/#organization\",\"name\":\"Qingdao H&F\",\"url\":\"https:\/\/qingdaohf.com\/bg\/\",\"logo\":{\"@type\":\"ImageObject\",\"inLanguage\":\"lv-LV\",\"@id\":\"https:\/\/qingdaohf.com\/bg\/#\/schema\/logo\/image\/\",\"url\":\"https:\/\/qingdaohf.com\/wp-content\/uploads\/2022\/12\/cropped-HF-LOGO.png\",\"contentUrl\":\"https:\/\/qingdaohf.com\/wp-content\/uploads\/2022\/12\/cropped-HF-LOGO.png\",\"width\":391,\"height\":249,\"caption\":\"Qingdao H&F\"},\"image\":{\"@id\":\"https:\/\/qingdaohf.com\/bg\/#\/schema\/logo\/image\/\"},\"sameAs\":[\"https:\/\/www.facebook.com\/qingdaohf\"]}]}<\/script>\n<!-- \/ Yoast SEO plugin. -->","yoast_head_json":{"title":"Clevis Slip Hook","description":"The clevis slip hook is a type of hook commonly used in lifting and rigging applications.","robots":{"index":"index","follow":"follow","max-snippet":"max-snippet:-1","max-image-preview":"max-image-preview:large","max-video-preview":"max-video-preview:-1"},"canonical":"https:\/\/qingdaohf.com\/lv\/products\/sarnira-slidesanas-akis\/","og_locale":"lv_LV","og_type":"article","og_title":"Clevis Slip Hook","og_description":"The clevis slip hook is a type of hook commonly used in lifting and rigging applications.","og_url":"https:\/\/qingdaohf.com\/lv\/products\/sarnira-slidesanas-akis\/","og_site_name":"Concrete Form &amp; Rigging Hardware Supplier","article_publisher":"https:\/\/www.facebook.com\/qingdaohf","article_modified_time":"2025-11-13T01:04:23+00:00","og_image":[{"width":1000,"height":1000,"url":"https:\/\/qingdaohf.com\/wp-content\/uploads\/2023\/05\/Clevis-Slip-Hook-13.jpg","type":"image\/jpeg"}],"twitter_card":"summary_large_image","twitter_misc":{"Est. reading time":"2 min\u016btes"},"schema":{"@context":"https:\/\/schema.org","@graph":[{"@type":"WebPage","@id":"https:\/\/qingdaohf.com\/product\/clevis-slip-hook\/","url":"https:\/\/qingdaohf.com\/product\/clevis-slip-hook\/","name":"Clevis Slip Hook","isPartOf":{"@id":"https:\/\/qingdaohf.com\/bg\/#website"},"primaryImageOfPage":{"@id":"https:\/\/qingdaohf.com\/product\/clevis-slip-hook\/#primaryimage"},"image":{"@id":"https:\/\/qingdaohf.com\/product\/clevis-slip-hook\/#primaryimage"},"thumbnailUrl":"https:\/\/qingdaohf.com\/wp-content\/uploads\/2023\/05\/Clevis-Slip-Hook-13.jpg","datePublished":"2023-05-29T06:50:07+00:00","dateModified":"2025-11-13T01:04:23+00:00","description":"The clevis slip hook is a type of hook commonly used in lifting and rigging applications.","breadcrumb":{"@id":"https:\/\/qingdaohf.com\/product\/clevis-slip-hook\/#breadcrumb"},"inLanguage":"lv-LV","potentialAction":[{"@type":"ReadAction","target":["https:\/\/qingdaohf.com\/product\/clevis-slip-hook\/"]}]},{"@type":"ImageObject","inLanguage":"lv-LV","@id":"https:\/\/qingdaohf.com\/product\/clevis-slip-hook\/#primaryimage","url":"https:\/\/qingdaohf.com\/wp-content\/uploads\/2023\/05\/Clevis-Slip-Hook-13.jpg","contentUrl":"https:\/\/qingdaohf.com\/wp-content\/uploads\/2023\/05\/Clevis-Slip-Hook-13.jpg","width":1000,"height":1000,"caption":"Clevis Slip Hook"},{"@type":"BreadcrumbList","@id":"https:\/\/qingdaohf.com\/product\/clevis-slip-hook\/#breadcrumb","itemListElement":[{"@type":"ListItem","position":1,"name":"Home","item":"https:\/\/qingdaohf.com\/"},{"@type":"ListItem","position":2,"name":"Concrete Forming Accessories and Rigging Hardware","item":"https:\/\/qingdaohf.com\/bg\/?page_id=944"},{"@type":"ListItem","position":3,"name":"Clevis Slip Hook"}]},{"@type":"WebSite","@id":"https:\/\/qingdaohf.com\/bg\/#website","url":"https:\/\/qingdaohf.com\/bg\/","name":"Concrete Form & Rigging Hardware Supplier","description":"","publisher":{"@id":"https:\/\/qingdaohf.com\/bg\/#organization"},"potentialAction":[{"@type":"SearchAction","target":{"@type":"EntryPoint","urlTemplate":"https:\/\/qingdaohf.com\/bg\/?s={search_term_string}"},"query-input":{"@type":"PropertyValueSpecification","valueRequired":true,"valueName":"search_term_string"}}],"inLanguage":"lv-LV"},{"@type":"Organization","@id":"https:\/\/qingdaohf.com\/bg\/#organization","name":"Qingdao H&F","url":"https:\/\/qingdaohf.com\/bg\/","logo":{"@type":"ImageObject","inLanguage":"lv-LV","@id":"https:\/\/qingdaohf.com\/bg\/#\/schema\/logo\/image\/","url":"https:\/\/qingdaohf.com\/wp-content\/uploads\/2022\/12\/cropped-HF-LOGO.png","contentUrl":"https:\/\/qingdaohf.com\/wp-content\/uploads\/2022\/12\/cropped-HF-LOGO.png","width":391,"height":249,"caption":"Qingdao H&F"},"image":{"@id":"https:\/\/qingdaohf.com\/bg\/#\/schema\/logo\/image\/"},"sameAs":["https:\/\/www.facebook.com\/qingdaohf"]}]}},"_links":{"self":[{"href":"https:\/\/qingdaohf.com\/lv\/wp-json\/wp\/v2\/product\/4194","targetHints":{"allow":["GET"]}}],"collection":[{"href":"https:\/\/qingdaohf.com\/lv\/wp-json\/wp\/v2\/product"}],"about":[{"href":"https:\/\/qingdaohf.com\/lv\/wp-json\/wp\/v2\/types\/product"}],"replies":[{"embeddable":true,"href":"https:\/\/qingdaohf.com\/lv\/wp-json\/wp\/v2\/comments?post=4194"}],"version-history":[{"count":2,"href":"https:\/\/qingdaohf.com\/lv\/wp-json\/wp\/v2\/product\/4194\/revisions"}],"predecessor-version":[{"id":9539,"href":"https:\/\/qingdaohf.com\/lv\/wp-json\/wp\/v2\/product\/4194\/revisions\/9539"}],"wp:featuredmedia":[{"embeddable":true,"href":"https:\/\/qingdaohf.com\/lv\/wp-json\/wp\/v2\/media\/4196"}],"wp:attachment":[{"href":"https:\/\/qingdaohf.com\/lv\/wp-json\/wp\/v2\/media?parent=4194"}],"wp:term":[{"taxonomy":"product_brand","embeddable":true,"href":"https:\/\/qingdaohf.com\/lv\/wp-json\/wp\/v2\/product_brand?post=4194"},{"taxonomy":"product_cat","embeddable":true,"href":"https:\/\/qingdaohf.com\/lv\/wp-json\/wp\/v2\/product_cat?post=4194"},{"taxonomy":"product_tag","embeddable":true,"href":"https:\/\/qingdaohf.com\/lv\/wp-json\/wp\/v2\/product_tag?post=4194"}],"curies":[{"name":"wp","href":"https:\/\/api.w.org\/{rel}","templated":true}]}}