{"id":4217,"date":"2023-05-29T15:55:40","date_gmt":"2023-05-29T07:55:40","guid":{"rendered":"http:\/\/qingdaohf.com\/?post_type=product&#038;p=4217"},"modified":"2025-11-13T09:04:22","modified_gmt":"2025-11-13T01:04:22","slug":"ratchet-straps","status":"publish","type":"product","link":"https:\/\/qingdaohf.com\/lv\/products\/sprudrata-siksnas\/","title":{"rendered":"Lieljaudas spr\u016bdrata siksnas Kravas siksnas dro\u0161ai piesie\u0161anai"},"content":{"rendered":"<p><img fetchpriority=\"high\" decoding=\"async\" class=\"alignnone size-full wp-image-6598\" src=\"http:\/\/qingdaohf.com\/wp-content\/uploads\/2023\/05\/Heavy-Duty-Ratchet-Straps-Cargo-Straps-for-Secure-Tie-Down-1.png\" alt=\"Lieljaudas spr\u016bdrata siksnas Kravas siksnas dro\u0161ai piesie\u0161anai\" width=\"1118\" height=\"681\" srcset=\"https:\/\/qingdaohf.com\/wp-content\/uploads\/2023\/05\/Heavy-Duty-Ratchet-Straps-Cargo-Straps-for-Secure-Tie-Down-1.png 1118w, https:\/\/qingdaohf.com\/wp-content\/uploads\/2023\/05\/Heavy-Duty-Ratchet-Straps-Cargo-Straps-for-Secure-Tie-Down-1-300x183.png 300w, https:\/\/qingdaohf.com\/wp-content\/uploads\/2023\/05\/Heavy-Duty-Ratchet-Straps-Cargo-Straps-for-Secure-Tie-Down-1-1024x624.png 1024w, https:\/\/qingdaohf.com\/wp-content\/uploads\/2023\/05\/Heavy-Duty-Ratchet-Straps-Cargo-Straps-for-Secure-Tie-Down-1-768x468.png 768w, https:\/\/qingdaohf.com\/wp-content\/uploads\/2023\/05\/Heavy-Duty-Ratchet-Straps-Cargo-Straps-for-Secure-Tie-Down-1-1000x609.png 1000w\" sizes=\"(max-width: 1118px) 100vw, 1118px\" \/><\/p>\n<p><strong style=\"font-size: 16px;\">Uzticam\u012bba:<\/strong><span style=\"font-size: 16px;\"> Jums ir nepiecie\u0161amas spr\u016bdrata siksnas, kur\u0101m varat uztic\u0113ties. Qingdao H&amp;F nav tikai pieg\u0101d\u0101t\u0101js, m\u0113s esam ra\u017eot\u0101js. M\u016bsu izstr\u0101d\u0101jumi tiek izgatavoti m\u016bsu pa\u0161u kooperat\u012bvaj\u0101 r\u016bpn\u012bc\u0101, nodro\u0161inot stingru kvalit\u0101tes kontroli un uzticam\u012bbu, kas iztur vissmag\u0101kos apst\u0101k\u013cus.<\/span><\/p>\n<p><strong>Pieejam\u012bba:<\/strong> M\u0113s zin\u0101m, ka j\u016bsu nozar\u0113 laiks ir nauda. T\u0101p\u0113c m\u0113s uzturam labu noliktavas kr\u0101jumu, lai jums nekad neb\u016btu j\u0101gaida. Neatkar\u012bgi no t\u0101, vai jums nepiecie\u0161ama viena vai t\u016bksto\u0161 spr\u016bdrata siksnu, m\u0113s esam gatavi nekav\u0113joties izpild\u012bt j\u016bsu vajadz\u012bbas.<\/p>\n<p><strong>Konkur\u0113tsp\u0113j\u012bgas cenas:<\/strong> M\u0113s saprotam, cik svar\u012bga ir rentabilit\u0101te. K\u0101 tie\u0161ais p\u0101rdev\u0113js, vairumtirgot\u0101js, d\u012bleris un izplat\u012bt\u0101js m\u0113s pied\u0101v\u0101jam konkur\u0113tsp\u0113j\u012bgas cenas, nemazinot kvalit\u0101ti. M\u016bsu produkti n\u0101k tie\u0161i no m\u016bsu r\u016bpn\u012bcas \u0136\u012bn\u0101, un tas noz\u012bm\u0113, ka j\u016bs sa\u0146emat vislab\u0101ko cenu.<\/p>\n<p><strong>Piel\u0101go\u0161ana:<\/strong> J\u016bsu projektiem ir unik\u0101las pras\u012bbas. Qingdao H&amp;F atbalsta piel\u0101go\u0161anu, lai j\u016bs sa\u0146emtu spr\u016bdrata siksnas, kas prec\u012bzi atbilst j\u016bsu pras\u012bb\u0101m. M\u016bsu ekspertu komanda sadarbosies ar jums, lai rad\u012btu perfektu risin\u0101jumu.<\/p>\n<p><strong>Kvalit\u0101tes nodro\u0161in\u0101\u0161ana:<\/strong> M\u0113s ticam p\u0101rredzam\u012bbai. Kop\u0101 ar katru pas\u016bt\u012bjumu m\u0113s sniedzam kvalit\u0101tes kontroles p\u0101rbaudes zi\u0146ojumu, kas nodro\u0161ina, ka m\u016bsu spr\u016bdrata siksnas atbilst visaugst\u0101kajiem kvalit\u0101tes standartiem.<\/p>\n<div class=\"ast-oembed-container\" style=\"height: 100%;\"><iframe title=\"Lieljaudas 2 collu spr\u016bdrata siksnas dro\u0161ai sasie\u0161anai, lai nodro\u0161in\u0101tu uzticamu kravas nostiprin\u0101\u0161anu\" width=\"500\" height=\"375\" src=\"https:\/\/www.youtube.com\/embed\/EjZB2wJBfFY?feature=oembed\" frameborder=\"0\" allow=\"accelerometer; autoplay; clipboard-write; encrypted-media; gyroscope; picture-in-picture; web-share\" referrerpolicy=\"strict-origin-when-cross-origin\" allowfullscreen><\/iframe><\/div>","protected":false},"excerpt":{"rendered":"<p>Laipni l\u016bgti H&amp;F, j\u016bsu galvenaj\u0101 spr\u016bdrata siksnu avot\u0101 B2B vairumtirdzniec\u012bbas tirg\u016b. M\u016bsu r\u016bpes par izcil\u012bbu atspogu\u013cojas m\u016bsu spr\u016bdrata siksn\u0101s, kas ir r\u016bp\u012bgi izstr\u0101d\u0101tas iztur\u012bg\u0101m sasie\u0161anas ier\u012bc\u0113m. K\u0101 j\u016bsu uzticamais vairumtirdzniec\u012bbas partneris H&amp;F garant\u0113 ne tikai augst\u0101k\u0101s kvalit\u0101tes produktus, bet ar\u012b \u0101tru atbildi uz visiem piepras\u012bjumiem, nodro\u0161inot, ka ikviens jaut\u0101jums tiek \u0101tri atrisin\u0101ts 8 stundu laik\u0101.<\/p>","protected":false},"featured_media":6056,"comment_status":"open","ping_status":"closed","template":"","meta":{"site-sidebar-layout":"default","site-content-layout":"default","ast-site-content-layout":"default","site-content-style":"default","site-sidebar-style":"default","ast-global-header-display":"","ast-banner-title-visibility":"","ast-main-header-display":"","ast-hfb-above-header-display":"","ast-hfb-below-header-display":"","ast-hfb-mobile-header-display":"","site-post-title":"","ast-breadcrumbs-content":"","ast-featured-img":"","footer-sml-layout":"","theme-transparent-header-meta":"default","adv-header-id-meta":"","stick-header-meta":"default","header-above-stick-meta":"","header-main-stick-meta":"","header-below-stick-meta":"","astra-migrate-meta-layouts":"set","ast-page-background-enabled":"default","ast-page-background-meta":{"desktop":{"background-color":"","background-image":"","background-repeat":"repeat","background-position":"center center","background-size":"auto","background-attachment":"scroll","background-type":"","background-media":"","overlay-type":"","overlay-color":"","overlay-opacity":"","overlay-gradient":""},"tablet":{"background-color":"","background-image":"","background-repeat":"repeat","background-position":"center center","background-size":"auto","background-attachment":"scroll","background-type":"","background-media":"","overlay-type":"","overlay-color":"","overlay-opacity":"","overlay-gradient":""},"mobile":{"background-color":"","background-image":"","background-repeat":"repeat","background-position":"center center","background-size":"auto","background-attachment":"scroll","background-type":"","background-media":"","overlay-type":"","overlay-color":"","overlay-opacity":"","overlay-gradient":""}},"ast-content-background-meta":{"desktop":{"background-color":"var(--ast-global-color-5)","background-image":"","background-repeat":"repeat","background-position":"center center","background-size":"auto","background-attachment":"scroll","background-type":"","background-media":"","overlay-type":"","overlay-color":"","overlay-opacity":"","overlay-gradient":""},"tablet":{"background-color":"var(--ast-global-color-5)","background-image":"","background-repeat":"repeat","background-position":"center center","background-size":"auto","background-attachment":"scroll","background-type":"","background-media":"","overlay-type":"","overlay-color":"","overlay-opacity":"","overlay-gradient":""},"mobile":{"background-color":"var(--ast-global-color-5)","background-image":"","background-repeat":"repeat","background-position":"center center","background-size":"auto","background-attachment":"scroll","background-type":"","background-media":"","overlay-type":"","overlay-color":"","overlay-opacity":"","overlay-gradient":""}}},"product_brand":[],"product_cat":[51,68,43],"product_tag":[],"class_list":{"0":"post-4217","1":"product","2":"type-product","3":"status-publish","4":"has-post-thumbnail","6":"product_cat-riggging-hardware","7":"product_cat-ratchet-strap","8":"product_cat-rigging-hardware","9":"desktop-align-left","10":"tablet-align-left","11":"mobile-align-left","12":"ast-product-gallery-layout-horizontal-slider","13":"ast-product-tabs-layout-horizontal","15":"first","16":"instock","17":"shipping-taxable","18":"purchasable","19":"product-type-simple"},"yoast_head":"<!-- This site is optimized with the Yoast SEO plugin v25.2 - https:\/\/yoast.com\/wordpress\/plugins\/seo\/ -->\n<title>Heavy Duty Tie Down Ratchet Straps<\/title>\n<meta name=\"description\" content=\"Our commitment to excellence shines through our Ratchet Straps, meticulously designed for robust tie-down applications.\" \/>\n<meta name=\"robots\" content=\"index, follow, max-snippet:-1, max-image-preview:large, max-video-preview:-1\" \/>\n<link rel=\"canonical\" href=\"https:\/\/qingdaohf.com\/lv\/products\/sprudrata-siksnas\/\" \/>\n<meta property=\"og:locale\" content=\"lv_LV\" \/>\n<meta property=\"og:type\" content=\"article\" \/>\n<meta property=\"og:title\" content=\"Heavy Duty Tie Down Ratchet Straps\" \/>\n<meta property=\"og:description\" content=\"Our commitment to excellence shines through our Ratchet Straps, meticulously designed for robust tie-down applications.\" \/>\n<meta property=\"og:url\" content=\"https:\/\/qingdaohf.com\/lv\/products\/sprudrata-siksnas\/\" \/>\n<meta property=\"og:site_name\" content=\"Concrete Form &amp; Rigging Hardware Supplier\" \/>\n<meta property=\"article:publisher\" content=\"https:\/\/www.facebook.com\/qingdaohf\" \/>\n<meta property=\"article:modified_time\" content=\"2025-11-13T01:04:22+00:00\" \/>\n<meta property=\"og:image\" content=\"https:\/\/qingdaohf.com\/wp-content\/uploads\/2023\/05\/ratchet-strap-10_\u526f\u672c.jpg\" \/>\n\t<meta property=\"og:image:width\" content=\"800\" \/>\n\t<meta property=\"og:image:height\" content=\"800\" \/>\n\t<meta property=\"og:image:type\" content=\"image\/jpeg\" \/>\n<meta name=\"twitter:card\" content=\"summary_large_image\" \/>\n<meta name=\"twitter:label1\" content=\"Est. reading time\" \/>\n\t<meta name=\"twitter:data1\" content=\"2 min\u016btes\" \/>\n<script type=\"application\/ld+json\" class=\"yoast-schema-graph\">{\"@context\":\"https:\/\/schema.org\",\"@graph\":[{\"@type\":\"WebPage\",\"@id\":\"https:\/\/qingdaohf.com\/product\/ratchet-straps\/\",\"url\":\"https:\/\/qingdaohf.com\/product\/ratchet-straps\/\",\"name\":\"Heavy Duty Tie Down Ratchet Straps\",\"isPartOf\":{\"@id\":\"https:\/\/qingdaohf.com\/bg\/#website\"},\"primaryImageOfPage\":{\"@id\":\"https:\/\/qingdaohf.com\/product\/ratchet-straps\/#primaryimage\"},\"image\":{\"@id\":\"https:\/\/qingdaohf.com\/product\/ratchet-straps\/#primaryimage\"},\"thumbnailUrl\":\"https:\/\/qingdaohf.com\/wp-content\/uploads\/2023\/05\/ratchet-strap-10_\u526f\u672c.jpg\",\"datePublished\":\"2023-05-29T07:55:40+00:00\",\"dateModified\":\"2025-11-13T01:04:22+00:00\",\"description\":\"Our commitment to excellence shines through our Ratchet Straps, meticulously designed for robust tie-down applications.\",\"breadcrumb\":{\"@id\":\"https:\/\/qingdaohf.com\/product\/ratchet-straps\/#breadcrumb\"},\"inLanguage\":\"lv-LV\",\"potentialAction\":[{\"@type\":\"ReadAction\",\"target\":[\"https:\/\/qingdaohf.com\/product\/ratchet-straps\/\"]}]},{\"@type\":\"ImageObject\",\"inLanguage\":\"lv-LV\",\"@id\":\"https:\/\/qingdaohf.com\/product\/ratchet-straps\/#primaryimage\",\"url\":\"https:\/\/qingdaohf.com\/wp-content\/uploads\/2023\/05\/ratchet-strap-10_\u526f\u672c.jpg\",\"contentUrl\":\"https:\/\/qingdaohf.com\/wp-content\/uploads\/2023\/05\/ratchet-strap-10_\u526f\u672c.jpg\",\"width\":800,\"height\":800,\"caption\":\"ratchet strap\"},{\"@type\":\"BreadcrumbList\",\"@id\":\"https:\/\/qingdaohf.com\/product\/ratchet-straps\/#breadcrumb\",\"itemListElement\":[{\"@type\":\"ListItem\",\"position\":1,\"name\":\"Home\",\"item\":\"https:\/\/qingdaohf.com\/\"},{\"@type\":\"ListItem\",\"position\":2,\"name\":\"Concrete Forming Accessories and Rigging Hardware\",\"item\":\"https:\/\/qingdaohf.com\/bg\/?page_id=944\"},{\"@type\":\"ListItem\",\"position\":3,\"name\":\"Heavy Duty Ratchet Straps Cargo Straps for Secure Tie Down\"}]},{\"@type\":\"WebSite\",\"@id\":\"https:\/\/qingdaohf.com\/bg\/#website\",\"url\":\"https:\/\/qingdaohf.com\/bg\/\",\"name\":\"Concrete Form & Rigging Hardware Supplier\",\"description\":\"\",\"publisher\":{\"@id\":\"https:\/\/qingdaohf.com\/bg\/#organization\"},\"potentialAction\":[{\"@type\":\"SearchAction\",\"target\":{\"@type\":\"EntryPoint\",\"urlTemplate\":\"https:\/\/qingdaohf.com\/bg\/?s={search_term_string}\"},\"query-input\":{\"@type\":\"PropertyValueSpecification\",\"valueRequired\":true,\"valueName\":\"search_term_string\"}}],\"inLanguage\":\"lv-LV\"},{\"@type\":\"Organization\",\"@id\":\"https:\/\/qingdaohf.com\/bg\/#organization\",\"name\":\"Qingdao H&F\",\"url\":\"https:\/\/qingdaohf.com\/bg\/\",\"logo\":{\"@type\":\"ImageObject\",\"inLanguage\":\"lv-LV\",\"@id\":\"https:\/\/qingdaohf.com\/bg\/#\/schema\/logo\/image\/\",\"url\":\"https:\/\/qingdaohf.com\/wp-content\/uploads\/2022\/12\/cropped-HF-LOGO.png\",\"contentUrl\":\"https:\/\/qingdaohf.com\/wp-content\/uploads\/2022\/12\/cropped-HF-LOGO.png\",\"width\":391,\"height\":249,\"caption\":\"Qingdao H&F\"},\"image\":{\"@id\":\"https:\/\/qingdaohf.com\/bg\/#\/schema\/logo\/image\/\"},\"sameAs\":[\"https:\/\/www.facebook.com\/qingdaohf\"]}]}<\/script>\n<!-- \/ Yoast SEO plugin. -->","yoast_head_json":{"title":"Heavy Duty Tie Down Ratchet Straps","description":"Our commitment to excellence shines through our Ratchet Straps, meticulously designed for robust tie-down applications.","robots":{"index":"index","follow":"follow","max-snippet":"max-snippet:-1","max-image-preview":"max-image-preview:large","max-video-preview":"max-video-preview:-1"},"canonical":"https:\/\/qingdaohf.com\/lv\/products\/sprudrata-siksnas\/","og_locale":"lv_LV","og_type":"article","og_title":"Heavy Duty Tie Down Ratchet Straps","og_description":"Our commitment to excellence shines through our Ratchet Straps, meticulously designed for robust tie-down applications.","og_url":"https:\/\/qingdaohf.com\/lv\/products\/sprudrata-siksnas\/","og_site_name":"Concrete Form &amp; Rigging Hardware Supplier","article_publisher":"https:\/\/www.facebook.com\/qingdaohf","article_modified_time":"2025-11-13T01:04:22+00:00","og_image":[{"width":800,"height":800,"url":"https:\/\/qingdaohf.com\/wp-content\/uploads\/2023\/05\/ratchet-strap-10_\u526f\u672c.jpg","type":"image\/jpeg"}],"twitter_card":"summary_large_image","twitter_misc":{"Est. reading time":"2 min\u016btes"},"schema":{"@context":"https:\/\/schema.org","@graph":[{"@type":"WebPage","@id":"https:\/\/qingdaohf.com\/product\/ratchet-straps\/","url":"https:\/\/qingdaohf.com\/product\/ratchet-straps\/","name":"Heavy Duty Tie Down Ratchet Straps","isPartOf":{"@id":"https:\/\/qingdaohf.com\/bg\/#website"},"primaryImageOfPage":{"@id":"https:\/\/qingdaohf.com\/product\/ratchet-straps\/#primaryimage"},"image":{"@id":"https:\/\/qingdaohf.com\/product\/ratchet-straps\/#primaryimage"},"thumbnailUrl":"https:\/\/qingdaohf.com\/wp-content\/uploads\/2023\/05\/ratchet-strap-10_\u526f\u672c.jpg","datePublished":"2023-05-29T07:55:40+00:00","dateModified":"2025-11-13T01:04:22+00:00","description":"Our commitment to excellence shines through our Ratchet Straps, meticulously designed for robust tie-down applications.","breadcrumb":{"@id":"https:\/\/qingdaohf.com\/product\/ratchet-straps\/#breadcrumb"},"inLanguage":"lv-LV","potentialAction":[{"@type":"ReadAction","target":["https:\/\/qingdaohf.com\/product\/ratchet-straps\/"]}]},{"@type":"ImageObject","inLanguage":"lv-LV","@id":"https:\/\/qingdaohf.com\/product\/ratchet-straps\/#primaryimage","url":"https:\/\/qingdaohf.com\/wp-content\/uploads\/2023\/05\/ratchet-strap-10_\u526f\u672c.jpg","contentUrl":"https:\/\/qingdaohf.com\/wp-content\/uploads\/2023\/05\/ratchet-strap-10_\u526f\u672c.jpg","width":800,"height":800,"caption":"ratchet strap"},{"@type":"BreadcrumbList","@id":"https:\/\/qingdaohf.com\/product\/ratchet-straps\/#breadcrumb","itemListElement":[{"@type":"ListItem","position":1,"name":"Home","item":"https:\/\/qingdaohf.com\/"},{"@type":"ListItem","position":2,"name":"Concrete Forming Accessories and Rigging Hardware","item":"https:\/\/qingdaohf.com\/bg\/?page_id=944"},{"@type":"ListItem","position":3,"name":"Heavy Duty Ratchet Straps Cargo Straps for Secure Tie Down"}]},{"@type":"WebSite","@id":"https:\/\/qingdaohf.com\/bg\/#website","url":"https:\/\/qingdaohf.com\/bg\/","name":"Concrete Form & Rigging Hardware Supplier","description":"","publisher":{"@id":"https:\/\/qingdaohf.com\/bg\/#organization"},"potentialAction":[{"@type":"SearchAction","target":{"@type":"EntryPoint","urlTemplate":"https:\/\/qingdaohf.com\/bg\/?s={search_term_string}"},"query-input":{"@type":"PropertyValueSpecification","valueRequired":true,"valueName":"search_term_string"}}],"inLanguage":"lv-LV"},{"@type":"Organization","@id":"https:\/\/qingdaohf.com\/bg\/#organization","name":"Qingdao H&F","url":"https:\/\/qingdaohf.com\/bg\/","logo":{"@type":"ImageObject","inLanguage":"lv-LV","@id":"https:\/\/qingdaohf.com\/bg\/#\/schema\/logo\/image\/","url":"https:\/\/qingdaohf.com\/wp-content\/uploads\/2022\/12\/cropped-HF-LOGO.png","contentUrl":"https:\/\/qingdaohf.com\/wp-content\/uploads\/2022\/12\/cropped-HF-LOGO.png","width":391,"height":249,"caption":"Qingdao H&F"},"image":{"@id":"https:\/\/qingdaohf.com\/bg\/#\/schema\/logo\/image\/"},"sameAs":["https:\/\/www.facebook.com\/qingdaohf"]}]}},"_links":{"self":[{"href":"https:\/\/qingdaohf.com\/lv\/wp-json\/wp\/v2\/product\/4217","targetHints":{"allow":["GET"]}}],"collection":[{"href":"https:\/\/qingdaohf.com\/lv\/wp-json\/wp\/v2\/product"}],"about":[{"href":"https:\/\/qingdaohf.com\/lv\/wp-json\/wp\/v2\/types\/product"}],"replies":[{"embeddable":true,"href":"https:\/\/qingdaohf.com\/lv\/wp-json\/wp\/v2\/comments?post=4217"}],"version-history":[{"count":15,"href":"https:\/\/qingdaohf.com\/lv\/wp-json\/wp\/v2\/product\/4217\/revisions"}],"predecessor-version":[{"id":6599,"href":"https:\/\/qingdaohf.com\/lv\/wp-json\/wp\/v2\/product\/4217\/revisions\/6599"}],"wp:featuredmedia":[{"embeddable":true,"href":"https:\/\/qingdaohf.com\/lv\/wp-json\/wp\/v2\/media\/6056"}],"wp:attachment":[{"href":"https:\/\/qingdaohf.com\/lv\/wp-json\/wp\/v2\/media?parent=4217"}],"wp:term":[{"taxonomy":"product_brand","embeddable":true,"href":"https:\/\/qingdaohf.com\/lv\/wp-json\/wp\/v2\/product_brand?post=4217"},{"taxonomy":"product_cat","embeddable":true,"href":"https:\/\/qingdaohf.com\/lv\/wp-json\/wp\/v2\/product_cat?post=4217"},{"taxonomy":"product_tag","embeddable":true,"href":"https:\/\/qingdaohf.com\/lv\/wp-json\/wp\/v2\/product_tag?post=4217"}],"curies":[{"name":"wp","href":"https:\/\/api.w.org\/{rel}","templated":true}]}}