{"id":4232,"date":"2023-05-29T16:48:33","date_gmt":"2023-05-29T08:48:33","guid":{"rendered":"http:\/\/qingdaohf.com\/?post_type=product&#038;p=4232"},"modified":"2025-11-13T09:04:21","modified_gmt":"2025-11-13T01:04:21","slug":"eye-bolts","status":"publish","type":"product","link":"https:\/\/qingdaohf.com\/lv\/products\/acu-skruves\/","title":{"rendered":"Pacel\u0161anas acs skr\u016bve DIN580 oglek\u013ca t\u0113rauda cinkota"},"content":{"rendered":"<div class=\"ast-oembed-container\" style=\"height: 100%;\"><iframe title=\"Acs uzgrieznis un acs skr\u016bve\" width=\"500\" height=\"281\" src=\"https:\/\/www.youtube.com\/embed\/Cjopwi1wX3I?feature=oembed\" frameborder=\"0\" allow=\"accelerometer; autoplay; clipboard-write; encrypted-media; gyroscope; picture-in-picture; web-share\" referrerpolicy=\"strict-origin-when-cross-origin\" allowfullscreen><\/iframe><\/div>\n<h2 class=\"text-2xl font-bold mt-1 text-text-200\">Cinkotas acu skr\u016bves: Kur iztur\u012bba atbilst veiktsp\u0113jai<\/h2>\n<p class=\"whitespace-pre-wrap break-words\">Vai mekl\u0113jat uzticamu aparat\u016bru, kas sp\u0113j iztur\u0113t skarbus \u0101ra apst\u0101k\u013cus? Cinkotas acu skr\u016bves var\u0113tu b\u016bt tie\u0161i tas, kas jums nepiecie\u0161ams. \u0160ie iztur\u012bgie stiprin\u0101jumi ir iemantoju\u0161i savu reput\u0101ciju b\u016bvlaukumos, ku\u0123u b\u016bvlaukumos un r\u016bpniec\u012bbas objektos vis\u0101 pasaul\u0113. To ilgm\u016b\u017e\u012bbas nosl\u0113pums? Aizsarg\u0101jo\u0161s cinka p\u0101rkl\u0101jums, kas pasarg\u0101 t\u0113rauda serdi no r\u016bsas un korozijas. Lasiet t\u0101l\u0101k, lai uzzin\u0101tu visu par \u0161o daudzpus\u012bgo stiprin\u0101jumu veidiem un praktisko pielietojumu.<\/p>\n<p><img fetchpriority=\"high\" decoding=\"async\" class=\"alignnone wp-image-8959 size-full\" src=\"http:\/\/qingdaohf.com\/wp-content\/uploads\/2025\/02\/eye-bolt-4.webp\" alt=\"acs bultskr\u016bve\" width=\"1920\" height=\"1080\" srcset=\"https:\/\/qingdaohf.com\/wp-content\/uploads\/2025\/02\/eye-bolt-4.webp 1920w, https:\/\/qingdaohf.com\/wp-content\/uploads\/2025\/02\/eye-bolt-4-300x169.webp 300w, https:\/\/qingdaohf.com\/wp-content\/uploads\/2025\/02\/eye-bolt-4-1024x576.webp 1024w, https:\/\/qingdaohf.com\/wp-content\/uploads\/2025\/02\/eye-bolt-4-768x432.webp 768w, https:\/\/qingdaohf.com\/wp-content\/uploads\/2025\/02\/eye-bolt-4-1536x864.webp 1536w, https:\/\/qingdaohf.com\/wp-content\/uploads\/2025\/02\/eye-bolt-4-18x10.webp 18w, https:\/\/qingdaohf.com\/wp-content\/uploads\/2025\/02\/eye-bolt-4-1000x563.webp 1000w\" sizes=\"(max-width: 1920px) 100vw, 1920px\" \/><\/p>\n<h2 class=\"text-xl font-bold text-text-200 mt-1 -mb-0.5\">Cinkotu acu skr\u016bvju pamatojums<\/h2>\n<p class=\"whitespace-pre-wrap break-words\">Tie nav tikai parastie stiprin\u0101jumi. Cinkot\u0101s acs skr\u016bves apvieno izcilu iztur\u012bbu un iev\u0113rojamu uzticam\u012bbu. Cinka p\u0101rkl\u0101juma proces\u0101 parast\u0101s t\u0113rauda skr\u016bves tiek p\u0101rveidotas par korozijiztur\u012bg\u0101m stipr\u0101kaj\u0101m skr\u016bv\u0113m, kas smejas, saskaroties ar mitrumu, s\u0101ls smidzin\u0101jumu un skarbiem laikapst\u0101k\u013ciem. T\u0101p\u0113c t\u0101s ir neaizst\u0101jamas ku\u0123u apr\u012bkojum\u0101, b\u016bvprojektos un smagos cel\u0161anas darbos.<\/p>\n<p class=\"whitespace-pre-wrap break-words\">P\u0101rkl\u0101\u0161anas process ir \u012bpa\u0161i atjaut\u012bgs - cinka p\u0101rkl\u0101jums nav tikai skaisti izskats. Tas akt\u012bvi upur\u0113 sevi, lai aizsarg\u0101tu zem t\u0101 eso\u0161o t\u0113raudu, kas ir \u012bpa\u0161i svar\u012bgi piekrastes re\u0123ionos, kur s\u0101ls gaiss var \u0101tri vien iz\u0101rd\u012bt maz\u0101k iztur\u012bgus materi\u0101lus. T\u0101p\u0113c ku\u0123u b\u016bv\u0113tav\u0101s un oke\u0101na piekrastes celtniec\u012bbas projektos tiek izmantoti \u0161ie stiprin\u0101jumi.<\/p>\n<p class=\"whitespace-pre-wrap break-words\">M\u016bsu tirdzniec\u012bbas uz\u0146\u0113mums uzglab\u0101 tikai augst\u0101k\u0101s kvalit\u0101tes cinkotas acu skr\u016bves, kas atbilst stingriem kvalit\u0101tes krit\u0113rijiem. M\u0113s esam par\u016bp\u0113ju\u0161ies par jums, s\u0101kot no s\u012bk\u0101m M2 skr\u016bv\u0113m, kas paredz\u0113tas prec\u012bzam darbam, l\u012bdz sp\u0113c\u012bg\u0101m M24 versij\u0101m, kas sp\u0113j iztur\u0113t nopietnas slodzes. Neesat p\u0101rliecin\u0101ts, kur\u0161 izm\u0113rs ir piem\u0113rots j\u016bsu projektam? M\u016bsu speci\u0101listi pal\u012bdz\u0113s jums izdar\u012bt pareizo izv\u0113li.<\/p>\n<p><img decoding=\"async\" class=\"alignnone size-full wp-image-4672\" src=\"http:\/\/qingdaohf.com\/wp-content\/uploads\/2023\/05\/eye-bolt-eye-nut.jpg\" alt=\"Pacel\u0161anas_acu_skr\u016bves\" width=\"1090\" height=\"725\" srcset=\"https:\/\/qingdaohf.com\/wp-content\/uploads\/2023\/05\/eye-bolt-eye-nut.jpg 1090w, https:\/\/qingdaohf.com\/wp-content\/uploads\/2023\/05\/eye-bolt-eye-nut-300x200.jpg 300w, https:\/\/qingdaohf.com\/wp-content\/uploads\/2023\/05\/eye-bolt-eye-nut-1024x681.jpg 1024w, https:\/\/qingdaohf.com\/wp-content\/uploads\/2023\/05\/eye-bolt-eye-nut-768x511.jpg 768w, https:\/\/qingdaohf.com\/wp-content\/uploads\/2023\/05\/eye-bolt-eye-nut-1000x665.jpg 1000w\" sizes=\"(max-width: 1090px) 100vw, 1090px\" \/><\/p>\n<h2 class=\"text-xl font-bold text-text-200 mt-1 -mb-0.5\">Cinkotas un ner\u016bs\u0113jo\u0161\u0101 t\u0113rauda acu skr\u016bves: V\u012bt\u0146stiep\u013cu skr\u016bves un v\u012bt\u0146stiep\u013cu mucas.<\/h2>\n<h3 class=\"text-lg font-bold text-text-200 mt-1 -mb-1.5\">Korozijas aizsardz\u012bba<\/h3>\n<ul class=\"[&amp;:not(:last-child)_ul]:pb-1 [&amp;:not(:last-child)_ol]:pb-1 list-disc space-y-1.5 pl-7\">\n<li class=\"whitespace-normal break-words\">Cinkotas acs skr\u016bves aizsarg\u0101 iepriek\u0161 min\u0113t\u0101 cinka vanna. P\u0101rkl\u0101jums veido stingru barjeru pret mitrumu un koroz\u012bviem elementiem, kas ir ide\u0101li piem\u0113rots izmanto\u0161anai \u0101rpus telp\u0101m un j\u016br\u0101.<\/li>\n<li class=\"whitespace-normal break-words\">Ner\u016bs\u0113jo\u0161\u0101 t\u0113rauda acu skr\u016bves pret koroziju c\u012bn\u0101s cit\u0101di - sakaus\u0113juma sast\u0101v\u0101 eso\u0161ais hroms rada neredzamu aizsargu pret r\u016bsu. T\u0101s ir \u012bpa\u0161i piem\u0113rotas lietojumiem, kur aparat\u016brai ir j\u0101izskat\u0101s tikpat labi, cik labi t\u0101 darbojas.<\/li>\n<\/ul>\n<h3 class=\"text-lg font-bold text-text-200 mt-1 -mb-1.5\">Iztur\u012bba un ilgm\u016b\u017e\u012bba<\/h3>\n<ul class=\"[&amp;:not(:last-child)_ul]:pb-1 [&amp;:not(:last-child)_ol]:pb-1 list-disc space-y-1.5 pl-7\">\n<li class=\"whitespace-normal break-words\">Cinkotie varianti ir pietiekami sp\u0113c\u012bgi, lai veiktu liel\u0101ko da\u013cu smagu darbu. Cinka sl\u0101nis palielina iztur\u012bbu, kas izskaidro to popularit\u0101ti b\u016bvniec\u012bb\u0101 un ra\u017eo\u0161an\u0101.<\/li>\n<li class=\"whitespace-normal break-words\">Ner\u016bs\u0113jo\u0161ais t\u0113rauds paaugstina pras\u012bbas v\u0113l augst\u0101k, nodro\u0161inot izcilu iztur\u012bbu un nodilumiztur\u012bbu. Tie ar\u012b lab\u0101k iztur ekstrem\u0101las temperat\u016bras, t\u0101p\u0113c tie ir piem\u0113roti izmanto\u0161anai sare\u017e\u0123\u012bt\u0101s vid\u0113s.<\/li>\n<\/ul>\n<h3 class=\"text-lg font-bold text-text-200 mt-1 -mb-1.5\">Vizu\u0101l\u0101 ietekme<\/h3>\n<ul class=\"[&amp;:not(:last-child)_ul]:pb-1 [&amp;:not(:last-child)_ol]:pb-1 list-disc space-y-1.5 pl-7\">\n<li class=\"whitespace-normal break-words\">Cinkotas bultskr\u016bves ir ar praktisku, r\u016bpniecisku apdari. T\u0101s necen\u0161as uzvar\u0113t skaistumkonkursos - t\u0101s ir \u0161eit, lai str\u0101d\u0101tu.<\/li>\n<li class=\"whitespace-normal break-words\">Ner\u016bs\u0113jo\u0161ais t\u0113rauds ir gan sp\u0113c\u012bgs, gan skaists. To pul\u0113tais izskats padara tos popul\u0101rus arhitekt\u016bras projektos, kur est\u0113tikai ir liela noz\u012bme.<\/li>\n<\/ul>\n<h3 class=\"text-lg font-bold text-text-200 mt-1 -mb-1.5\">V\u0113rt\u012bbas pied\u0101v\u0101jums<\/h3>\n<ul class=\"[&amp;:not(:last-child)_ul]:pb-1 [&amp;:not(:last-child)_ol]:pb-1 list-disc space-y-1.5 pl-7\">\n<li class=\"whitespace-normal break-words\">Cinkotas skr\u016bves nodro\u0161ina stabilu veiktsp\u0113ju, nesamazinot izdevumus. T\u0101s ir gudra izv\u0113le, ja jums nepiecie\u0161ama uzticam\u012bba par nelielu bud\u017eetu.<\/li>\n<li class=\"whitespace-normal break-words\">Ner\u016bs\u0113jo\u0161ais t\u0113rauds maks\u0101 augst\u0101ku cenu, kas atspogu\u013co t\u0101 augst\u0101k\u0101s \u012bpa\u0161\u012bbas. Papildu izmaksas bie\u017ei vien atmaks\u0101jas specializ\u0113t\u0101s lietojumprogramm\u0101s, kur\u0101s nepiecie\u0161ama maksim\u0101la veiktsp\u0113ja.<\/li>\n<\/ul>\n<h2 class=\"text-xl font-bold text-text-200 mt-1 -mb-0.5\">Izm\u0113ram ir noz\u012bme: No M2 l\u012bdz M24<\/h2>\n<p class=\"whitespace-pre-wrap break-words\">M\u016bsu sortiment\u0101 ir viss no M2 l\u012bdz M24, kas nodro\u0161ina, ka atrad\u012bsiet ide\u0101li piem\u0113rotu savam projektam:<\/p>\n<p class=\"whitespace-pre-wrap break-words\">M2 mode\u013ci lieliski tiek izmantoti neliel\u0101m slodz\u0113m, un tie ir ide\u0101li piem\u0113roti maz\u0101k\u0101m ma\u0161\u012bn\u0101m un projektiem, kur izsmalcin\u0101t\u012bba ir svar\u012bg\u0101ka par brut\u0101lu sp\u0113ku.<\/p>\n<p class=\"whitespace-pre-wrap break-words\">Savuk\u0101rt M24 varianti ir \u0161\u012bs saimes smagsvari. \u0160ie iztur\u012bgie savienot\u0101jelementi ir lieliski piem\u0113roti b\u016bvniec\u012bb\u0101, smag\u0101s tehnikas p\u0101rvieto\u0161an\u0101 un visur citur, kur nepiecie\u0161ama nopietna celtsp\u0113ja.<\/p>\n<p class=\"whitespace-pre-wrap break-words\">Atcerieties - pareiz\u0101 izm\u0113ra izv\u0113le nav tikai izv\u0113le, bet ar\u012b dro\u0161\u012bba. M\u016bsu komanda ir gatava pal\u012bdz\u0113t jums pie\u0146emt pamatotu l\u0113mumu, pamatojoties uz j\u016bsu specifiskaj\u0101m pras\u012bb\u0101m.<\/p>\n<h2 class=\"text-xl font-bold text-text-200 mt-1 -mb-0.5\">Pieredzes partneris<\/h2>\n<p class=\"whitespace-pre-wrap break-words\">M\u0113s uzskat\u0101m, ka pieg\u0101d\u0101jam ne tikai aparat\u016bru. M\u016bsu ap\u0146em\u0161an\u0101s ietver:<\/p>\n<p class=\"whitespace-pre-wrap break-words\">Ekspertu ieteikumi: Ieg\u016bstiet personaliz\u0113tu atbalstu, lai atrastu tie\u0161i to, kas jums nepiecie\u0161ams. \u0100tra pieg\u0101de: Jo gaid\u012b\u0161ana nav da\u013ca no j\u016bsu projekta laika grafika. Stingra test\u0113\u0161ana: Katra skr\u016bve pirms izve\u0161anas no m\u016bsu noliktavas iziet stingru kvalit\u0101tes kontroli.<\/p>\n<p class=\"whitespace-pre-wrap break-words\">Izv\u0113loties m\u016bsu uz\u0146\u0113mumu, j\u016bs ieg\u016bstat vair\u0101k nek\u0101 tikai augst\u0101k\u0101s kvalit\u0101tes cinkotas acu skr\u016bves - j\u016bs ieg\u016bstat partneri, kas invest\u0113 j\u016bsu projekta pan\u0101kumos. M\u016bsu produkti ir izstr\u0101d\u0101ti t\u0101, lai tie dro\u0161i darbotos neatkar\u012bgi no t\u0101, k\u0101das probl\u0113mas jums sag\u0101d\u0101 j\u016bsu lietojums.<\/p>","protected":false},"excerpt":{"rendered":"<p>M\u016bsu M2 l\u012bdz M24 cinkot\u0101s acu skr\u016bves ir ide\u0101li piem\u0113rotas da\u017e\u0101diem pacel\u0161anas un stiprin\u0101\u0161anas lietojumiem. M\u016bsu skr\u016bves ir konstru\u0113tas ar augstu stipr\u012bbas un iztur\u012bbas l\u012bmeni, lai nodro\u0161in\u0101tu optim\u0101lu uzticam\u012bbu skarbos apst\u0101k\u013cos. M\u016bsu acu skr\u016bves nodro\u0161ina augstas veiktsp\u0113jas rezult\u0101tus, s\u0101kot no smagas slodzes l\u012bdz r\u016bpnieciskai stiprin\u0101\u0161anai, kur nepiecie\u0161ama dro\u0161a sa\u0137ere. M\u0113s nodro\u0161in\u0101m individu\u0101lu klientu apkalpo\u0161anu, t\u0101p\u0113c uz visiem j\u016bsu jaut\u0101jumiem atbild\u0113sim uzreiz. M\u0113s esam \u0101tri un sniedzam ar\u012b detaliz\u0113tus kvalit\u0101tes p\u0101rbaudes zi\u0146ojumus, lai no pirkuma l\u012bdz pieg\u0101dei b\u016btu bez k\u013c\u016bd\u0101m. N\u0101kamaj\u0101 projekt\u0101 pa\u013caujieties uz m\u016bsu cinkotaj\u0101m acu skr\u016bv\u0113m un esiet p\u0101rliecin\u0101ti, ka sa\u0146emat lab\u0101ko.<\/p>","protected":false},"featured_media":8968,"comment_status":"open","ping_status":"closed","template":"","meta":{"site-sidebar-layout":"default","site-content-layout":"default","ast-site-content-layout":"default","site-content-style":"default","site-sidebar-style":"default","ast-global-header-display":"","ast-banner-title-visibility":"","ast-main-header-display":"","ast-hfb-above-header-display":"","ast-hfb-below-header-display":"","ast-hfb-mobile-header-display":"","site-post-title":"","ast-breadcrumbs-content":"","ast-featured-img":"","footer-sml-layout":"","theme-transparent-header-meta":"default","adv-header-id-meta":"","stick-header-meta":"default","header-above-stick-meta":"","header-main-stick-meta":"","header-below-stick-meta":"","astra-migrate-meta-layouts":"set","ast-page-background-enabled":"default","ast-page-background-meta":{"desktop":{"background-color":"","background-image":"","background-repeat":"repeat","background-position":"center center","background-size":"auto","background-attachment":"scroll","background-type":"","background-media":"","overlay-type":"","overlay-color":"","overlay-opacity":"","overlay-gradient":""},"tablet":{"background-color":"","background-image":"","background-repeat":"repeat","background-position":"center center","background-size":"auto","background-attachment":"scroll","background-type":"","background-media":"","overlay-type":"","overlay-color":"","overlay-opacity":"","overlay-gradient":""},"mobile":{"background-color":"","background-image":"","background-repeat":"repeat","background-position":"center center","background-size":"auto","background-attachment":"scroll","background-type":"","background-media":"","overlay-type":"","overlay-color":"","overlay-opacity":"","overlay-gradient":""}},"ast-content-background-meta":{"desktop":{"background-color":"var(--ast-global-color-5)","background-image":"","background-repeat":"repeat","background-position":"center center","background-size":"auto","background-attachment":"scroll","background-type":"","background-media":"","overlay-type":"","overlay-color":"","overlay-opacity":"","overlay-gradient":""},"tablet":{"background-color":"var(--ast-global-color-5)","background-image":"","background-repeat":"repeat","background-position":"center center","background-size":"auto","background-attachment":"scroll","background-type":"","background-media":"","overlay-type":"","overlay-color":"","overlay-opacity":"","overlay-gradient":""},"mobile":{"background-color":"var(--ast-global-color-5)","background-image":"","background-repeat":"repeat","background-position":"center center","background-size":"auto","background-attachment":"scroll","background-type":"","background-media":"","overlay-type":"","overlay-color":"","overlay-opacity":"","overlay-gradient":""}}},"product_brand":[],"product_cat":[43],"product_tag":[],"class_list":{"0":"post-4232","1":"product","2":"type-product","3":"status-publish","4":"has-post-thumbnail","6":"product_cat-rigging-hardware","7":"desktop-align-left","8":"tablet-align-left","9":"mobile-align-left","10":"ast-product-gallery-layout-horizontal-slider","11":"ast-product-tabs-layout-horizontal","13":"first","14":"instock","15":"shipping-taxable","16":"purchasable","17":"product-type-simple"},"yoast_head":"<!-- This site is optimized with the Yoast SEO plugin v25.2 - https:\/\/yoast.com\/wordpress\/plugins\/seo\/ -->\n<title>Lifting Eye Bolt DIN580 Carbon Steel Galvanized<\/title>\n<meta name=\"description\" content=\"Eye bolts are specialized fasteners designed to provide a secure and reliable anchor point for lifting, rigging, or suspending applications.\" \/>\n<meta name=\"robots\" content=\"index, follow, max-snippet:-1, max-image-preview:large, max-video-preview:-1\" \/>\n<link rel=\"canonical\" href=\"https:\/\/qingdaohf.com\/lv\/products\/acu-skruves\/\" \/>\n<meta property=\"og:locale\" content=\"lv_LV\" \/>\n<meta property=\"og:type\" content=\"article\" \/>\n<meta property=\"og:title\" content=\"Lifting Eye Bolt DIN580 Carbon Steel Galvanized\" \/>\n<meta property=\"og:description\" content=\"Eye bolts are specialized fasteners designed to provide a secure and reliable anchor point for lifting, rigging, or suspending applications.\" \/>\n<meta property=\"og:url\" content=\"https:\/\/qingdaohf.com\/lv\/products\/acu-skruves\/\" \/>\n<meta property=\"og:site_name\" content=\"Concrete Form &amp; Rigging Hardware Supplier\" \/>\n<meta property=\"article:publisher\" content=\"https:\/\/www.facebook.com\/qingdaohf\" \/>\n<meta property=\"article:modified_time\" content=\"2025-11-13T01:04:21+00:00\" \/>\n<meta property=\"og:image\" content=\"https:\/\/qingdaohf.com\/wp-content\/uploads\/2023\/05\/eye-bolt-9.webp\" \/>\n\t<meta property=\"og:image:width\" content=\"1000\" \/>\n\t<meta property=\"og:image:height\" content=\"1000\" \/>\n\t<meta property=\"og:image:type\" content=\"image\/webp\" \/>\n<meta name=\"twitter:card\" content=\"summary_large_image\" \/>\n<meta name=\"twitter:label1\" content=\"Est. reading time\" \/>\n\t<meta name=\"twitter:data1\" content=\"4 min\u016btes\" \/>\n<script type=\"application\/ld+json\" class=\"yoast-schema-graph\">{\"@context\":\"https:\/\/schema.org\",\"@graph\":[{\"@type\":\"WebPage\",\"@id\":\"https:\/\/qingdaohf.com\/product\/eye-bolts\/\",\"url\":\"https:\/\/qingdaohf.com\/product\/eye-bolts\/\",\"name\":\"Lifting Eye Bolt DIN580 Carbon Steel Galvanized\",\"isPartOf\":{\"@id\":\"https:\/\/qingdaohf.com\/bg\/#website\"},\"primaryImageOfPage\":{\"@id\":\"https:\/\/qingdaohf.com\/product\/eye-bolts\/#primaryimage\"},\"image\":{\"@id\":\"https:\/\/qingdaohf.com\/product\/eye-bolts\/#primaryimage\"},\"thumbnailUrl\":\"https:\/\/qingdaohf.com\/wp-content\/uploads\/2023\/05\/eye-bolt-9.webp\",\"datePublished\":\"2023-05-29T08:48:33+00:00\",\"dateModified\":\"2025-11-13T01:04:21+00:00\",\"description\":\"Eye bolts are specialized fasteners designed to provide a secure and reliable anchor point for lifting, rigging, or suspending applications.\",\"breadcrumb\":{\"@id\":\"https:\/\/qingdaohf.com\/product\/eye-bolts\/#breadcrumb\"},\"inLanguage\":\"lv-LV\",\"potentialAction\":[{\"@type\":\"ReadAction\",\"target\":[\"https:\/\/qingdaohf.com\/product\/eye-bolts\/\"]}]},{\"@type\":\"ImageObject\",\"inLanguage\":\"lv-LV\",\"@id\":\"https:\/\/qingdaohf.com\/product\/eye-bolts\/#primaryimage\",\"url\":\"https:\/\/qingdaohf.com\/wp-content\/uploads\/2023\/05\/eye-bolt-9.webp\",\"contentUrl\":\"https:\/\/qingdaohf.com\/wp-content\/uploads\/2023\/05\/eye-bolt-9.webp\",\"width\":1000,\"height\":1000,\"caption\":\"eye bolt\"},{\"@type\":\"BreadcrumbList\",\"@id\":\"https:\/\/qingdaohf.com\/product\/eye-bolts\/#breadcrumb\",\"itemListElement\":[{\"@type\":\"ListItem\",\"position\":1,\"name\":\"Home\",\"item\":\"https:\/\/qingdaohf.com\/\"},{\"@type\":\"ListItem\",\"position\":2,\"name\":\"Concrete Forming Accessories and Rigging Hardware\",\"item\":\"https:\/\/qingdaohf.com\/bg\/?page_id=944\"},{\"@type\":\"ListItem\",\"position\":3,\"name\":\"Lifting Eye Bolt DIN580 Carbon Steel Galvanized\"}]},{\"@type\":\"WebSite\",\"@id\":\"https:\/\/qingdaohf.com\/bg\/#website\",\"url\":\"https:\/\/qingdaohf.com\/bg\/\",\"name\":\"Concrete Form & Rigging Hardware Supplier\",\"description\":\"\",\"publisher\":{\"@id\":\"https:\/\/qingdaohf.com\/bg\/#organization\"},\"potentialAction\":[{\"@type\":\"SearchAction\",\"target\":{\"@type\":\"EntryPoint\",\"urlTemplate\":\"https:\/\/qingdaohf.com\/bg\/?s={search_term_string}\"},\"query-input\":{\"@type\":\"PropertyValueSpecification\",\"valueRequired\":true,\"valueName\":\"search_term_string\"}}],\"inLanguage\":\"lv-LV\"},{\"@type\":\"Organization\",\"@id\":\"https:\/\/qingdaohf.com\/bg\/#organization\",\"name\":\"Qingdao H&F\",\"url\":\"https:\/\/qingdaohf.com\/bg\/\",\"logo\":{\"@type\":\"ImageObject\",\"inLanguage\":\"lv-LV\",\"@id\":\"https:\/\/qingdaohf.com\/bg\/#\/schema\/logo\/image\/\",\"url\":\"https:\/\/qingdaohf.com\/wp-content\/uploads\/2022\/12\/cropped-HF-LOGO.png\",\"contentUrl\":\"https:\/\/qingdaohf.com\/wp-content\/uploads\/2022\/12\/cropped-HF-LOGO.png\",\"width\":391,\"height\":249,\"caption\":\"Qingdao H&F\"},\"image\":{\"@id\":\"https:\/\/qingdaohf.com\/bg\/#\/schema\/logo\/image\/\"},\"sameAs\":[\"https:\/\/www.facebook.com\/qingdaohf\"]}]}<\/script>\n<!-- \/ Yoast SEO plugin. -->","yoast_head_json":{"title":"Lifting Eye Bolt DIN580 Carbon Steel Galvanized","description":"Eye bolts are specialized fasteners designed to provide a secure and reliable anchor point for lifting, rigging, or suspending applications.","robots":{"index":"index","follow":"follow","max-snippet":"max-snippet:-1","max-image-preview":"max-image-preview:large","max-video-preview":"max-video-preview:-1"},"canonical":"https:\/\/qingdaohf.com\/lv\/products\/acu-skruves\/","og_locale":"lv_LV","og_type":"article","og_title":"Lifting Eye Bolt DIN580 Carbon Steel Galvanized","og_description":"Eye bolts are specialized fasteners designed to provide a secure and reliable anchor point for lifting, rigging, or suspending applications.","og_url":"https:\/\/qingdaohf.com\/lv\/products\/acu-skruves\/","og_site_name":"Concrete Form &amp; Rigging Hardware Supplier","article_publisher":"https:\/\/www.facebook.com\/qingdaohf","article_modified_time":"2025-11-13T01:04:21+00:00","og_image":[{"width":1000,"height":1000,"url":"https:\/\/qingdaohf.com\/wp-content\/uploads\/2023\/05\/eye-bolt-9.webp","type":"image\/webp"}],"twitter_card":"summary_large_image","twitter_misc":{"Est. reading time":"4 min\u016btes"},"schema":{"@context":"https:\/\/schema.org","@graph":[{"@type":"WebPage","@id":"https:\/\/qingdaohf.com\/product\/eye-bolts\/","url":"https:\/\/qingdaohf.com\/product\/eye-bolts\/","name":"Lifting Eye Bolt DIN580 Carbon Steel Galvanized","isPartOf":{"@id":"https:\/\/qingdaohf.com\/bg\/#website"},"primaryImageOfPage":{"@id":"https:\/\/qingdaohf.com\/product\/eye-bolts\/#primaryimage"},"image":{"@id":"https:\/\/qingdaohf.com\/product\/eye-bolts\/#primaryimage"},"thumbnailUrl":"https:\/\/qingdaohf.com\/wp-content\/uploads\/2023\/05\/eye-bolt-9.webp","datePublished":"2023-05-29T08:48:33+00:00","dateModified":"2025-11-13T01:04:21+00:00","description":"Eye bolts are specialized fasteners designed to provide a secure and reliable anchor point for lifting, rigging, or suspending applications.","breadcrumb":{"@id":"https:\/\/qingdaohf.com\/product\/eye-bolts\/#breadcrumb"},"inLanguage":"lv-LV","potentialAction":[{"@type":"ReadAction","target":["https:\/\/qingdaohf.com\/product\/eye-bolts\/"]}]},{"@type":"ImageObject","inLanguage":"lv-LV","@id":"https:\/\/qingdaohf.com\/product\/eye-bolts\/#primaryimage","url":"https:\/\/qingdaohf.com\/wp-content\/uploads\/2023\/05\/eye-bolt-9.webp","contentUrl":"https:\/\/qingdaohf.com\/wp-content\/uploads\/2023\/05\/eye-bolt-9.webp","width":1000,"height":1000,"caption":"eye bolt"},{"@type":"BreadcrumbList","@id":"https:\/\/qingdaohf.com\/product\/eye-bolts\/#breadcrumb","itemListElement":[{"@type":"ListItem","position":1,"name":"Home","item":"https:\/\/qingdaohf.com\/"},{"@type":"ListItem","position":2,"name":"Concrete Forming Accessories and Rigging Hardware","item":"https:\/\/qingdaohf.com\/bg\/?page_id=944"},{"@type":"ListItem","position":3,"name":"Lifting Eye Bolt DIN580 Carbon Steel Galvanized"}]},{"@type":"WebSite","@id":"https:\/\/qingdaohf.com\/bg\/#website","url":"https:\/\/qingdaohf.com\/bg\/","name":"Concrete Form & Rigging Hardware Supplier","description":"","publisher":{"@id":"https:\/\/qingdaohf.com\/bg\/#organization"},"potentialAction":[{"@type":"SearchAction","target":{"@type":"EntryPoint","urlTemplate":"https:\/\/qingdaohf.com\/bg\/?s={search_term_string}"},"query-input":{"@type":"PropertyValueSpecification","valueRequired":true,"valueName":"search_term_string"}}],"inLanguage":"lv-LV"},{"@type":"Organization","@id":"https:\/\/qingdaohf.com\/bg\/#organization","name":"Qingdao H&F","url":"https:\/\/qingdaohf.com\/bg\/","logo":{"@type":"ImageObject","inLanguage":"lv-LV","@id":"https:\/\/qingdaohf.com\/bg\/#\/schema\/logo\/image\/","url":"https:\/\/qingdaohf.com\/wp-content\/uploads\/2022\/12\/cropped-HF-LOGO.png","contentUrl":"https:\/\/qingdaohf.com\/wp-content\/uploads\/2022\/12\/cropped-HF-LOGO.png","width":391,"height":249,"caption":"Qingdao H&F"},"image":{"@id":"https:\/\/qingdaohf.com\/bg\/#\/schema\/logo\/image\/"},"sameAs":["https:\/\/www.facebook.com\/qingdaohf"]}]}},"_links":{"self":[{"href":"https:\/\/qingdaohf.com\/lv\/wp-json\/wp\/v2\/product\/4232","targetHints":{"allow":["GET"]}}],"collection":[{"href":"https:\/\/qingdaohf.com\/lv\/wp-json\/wp\/v2\/product"}],"about":[{"href":"https:\/\/qingdaohf.com\/lv\/wp-json\/wp\/v2\/types\/product"}],"replies":[{"embeddable":true,"href":"https:\/\/qingdaohf.com\/lv\/wp-json\/wp\/v2\/comments?post=4232"}],"version-history":[{"count":5,"href":"https:\/\/qingdaohf.com\/lv\/wp-json\/wp\/v2\/product\/4232\/revisions"}],"predecessor-version":[{"id":4561,"href":"https:\/\/qingdaohf.com\/lv\/wp-json\/wp\/v2\/product\/4232\/revisions\/4561"}],"wp:featuredmedia":[{"embeddable":true,"href":"https:\/\/qingdaohf.com\/lv\/wp-json\/wp\/v2\/media\/8968"}],"wp:attachment":[{"href":"https:\/\/qingdaohf.com\/lv\/wp-json\/wp\/v2\/media?parent=4232"}],"wp:term":[{"taxonomy":"product_brand","embeddable":true,"href":"https:\/\/qingdaohf.com\/lv\/wp-json\/wp\/v2\/product_brand?post=4232"},{"taxonomy":"product_cat","embeddable":true,"href":"https:\/\/qingdaohf.com\/lv\/wp-json\/wp\/v2\/product_cat?post=4232"},{"taxonomy":"product_tag","embeddable":true,"href":"https:\/\/qingdaohf.com\/lv\/wp-json\/wp\/v2\/product_tag?post=4232"}],"curies":[{"name":"wp","href":"https:\/\/api.w.org\/{rel}","templated":true}]}}