{"id":4244,"date":"2023-05-29T17:11:01","date_gmt":"2023-05-29T09:11:01","guid":{"rendered":"http:\/\/qingdaohf.com\/?post_type=product&#038;p=4244"},"modified":"2025-11-13T09:04:21","modified_gmt":"2025-11-13T01:04:21","slug":"welded-d-ring","status":"publish","type":"product","link":"https:\/\/qingdaohf.com\/lv\/products\/metinats-d-gredzens\/","title":{"rendered":"Metin\u0101ts D gredzens"},"content":{"rendered":"<div class=\"ast-oembed-container\" style=\"height: 100%;\"><iframe title=\"Metin\u0101ta D gredzena takel\u0101\u017eas aparat\u016bra\" width=\"500\" height=\"281\" src=\"https:\/\/www.youtube.com\/embed\/XeWw4iTp6fE?feature=oembed\" frameborder=\"0\" allow=\"accelerometer; autoplay; clipboard-write; encrypted-media; gyroscope; picture-in-picture; web-share\" referrerpolicy=\"strict-origin-when-cross-origin\" allowfullscreen><\/iframe><\/div>\n<p>Metin\u0101t\u0101 D veida gredzens parasti ir izgatavots no augstas stipr\u012bbas t\u0113rauda vai ner\u016bs\u0113jo\u0161\u0101 t\u0113rauda, kas nodro\u0161ina izcilu iztur\u012bbu un iztur\u012bbu pret koroziju. T\u0101s D formas dizains ir sl\u0113gta cilpa ar plakanu pamatni un div\u0101m noapa\u013cot\u0101m mal\u0101m, kas atg\u0101dina burtu \"D\". D veida gredzenu veido, metinot met\u0101la stie\u0146a galus kop\u0101, t\u0101d\u0113j\u0101di izveidojot stabilu un dro\u0161u savienojumu.<\/p>\n<p>Viena no galvenaj\u0101m metin\u0101to D veida gredzenu priek\u0161roc\u012bb\u0101m ir to iztur\u012bba un nestsp\u0113ja. Metin\u0101\u0161anas process nodro\u0161ina iztur\u012bgu un viengabalainu savienojumu, kas \u013cauj D veida gredzenam iztur\u0113t lielas slodzes un nodro\u0161in\u0101t dro\u0161u stiprin\u0101juma punktu. D-veida gredzena plakan\u0101 pamatne \u013cauj to viegli uzst\u0101d\u012bt vai uzst\u0101d\u012bt uz da\u017e\u0101d\u0101m virsm\u0101m, piem\u0113ram, sien\u0101m, gr\u012bd\u0101m vai iek\u0101rt\u0101m.<\/p>\n<p>Metin\u0101t\u0101s D veida gredzena daudzpus\u012bba padara to piem\u0113rotu visda\u017e\u0101d\u0101kajiem pielietojumiem. To parasti izmanto t\u0101d\u0101s nozar\u0113s k\u0101 b\u016bvniec\u012bba, transports un atp\u016btas pas\u0101kumi. To var atrast kravu nostiprin\u0101\u0161anas sist\u0113m\u0101s, pacel\u0161anas iek\u0101rt\u0101s, dro\u0161\u012bbas jost\u0101s un vilk\u0161anas iek\u0101rt\u0101s. D veida gredzens nodro\u0161ina dro\u0161u savienojuma punktu, kas \u013cauj efekt\u012bvi un dro\u0161i p\u0101rvietot kravas.<\/p>\n<p>Lietojot metin\u0101tas D-veida gredzenus, dro\u0161\u012bba ir vissvar\u012bg\u0101k\u0101. Ir svar\u012bgi nodro\u0161in\u0101t, lai D-veida gredzens b\u016btu pareizi uzst\u0101d\u012bts un dro\u0161i piestiprin\u0101ts pie atbilsto\u0161a stiprin\u0101juma punkta. J\u0101veic regul\u0101ras p\u0101rbaudes, lai atkl\u0101tu jebk\u0101das nodiluma, deform\u0101cijas vai boj\u0101jumu paz\u012bmes, kas var apdraud\u0113t D-veida gredzena integrit\u0101ti. Boj\u0101tas vai nolietotas D-veida gredzeni nekav\u0113joties j\u0101nomaina, lai nodro\u0161in\u0101tu dro\u0161u darb\u012bbu.<\/p>","protected":false},"excerpt":{"rendered":"<p>Metin\u0101t\u0101 D veida gredzens ir daudzpus\u012bgs un iztur\u012bgs aparat\u016bras elements, ko parasti izmanto da\u017e\u0101dos lietojumos, tostarp kravu pacel\u0161anai, takel\u0101\u017eai un nostiprin\u0101\u0161anai. T\u0101 ir izstr\u0101d\u0101ta, lai nodro\u0161in\u0101tu uzticamu stiprin\u0101juma punktu siksnu, virvju, \u0137\u0113\u017eu vai citu piederumu savieno\u0161anai.<\/p>","protected":false},"featured_media":4245,"comment_status":"open","ping_status":"closed","template":"","meta":{"site-sidebar-layout":"default","site-content-layout":"default","ast-site-content-layout":"","site-content-style":"default","site-sidebar-style":"default","ast-global-header-display":"","ast-banner-title-visibility":"","ast-main-header-display":"","ast-hfb-above-header-display":"","ast-hfb-below-header-display":"","ast-hfb-mobile-header-display":"","site-post-title":"","ast-breadcrumbs-content":"","ast-featured-img":"","footer-sml-layout":"","theme-transparent-header-meta":"default","adv-header-id-meta":"","stick-header-meta":"default","header-above-stick-meta":"","header-main-stick-meta":"","header-below-stick-meta":"","astra-migrate-meta-layouts":"default","ast-page-background-enabled":"default","ast-page-background-meta":{"desktop":{"background-color":"","background-image":"","background-repeat":"repeat","background-position":"center center","background-size":"auto","background-attachment":"scroll","background-type":"","background-media":"","overlay-type":"","overlay-color":"","overlay-opacity":"","overlay-gradient":""},"tablet":{"background-color":"","background-image":"","background-repeat":"repeat","background-position":"center center","background-size":"auto","background-attachment":"scroll","background-type":"","background-media":"","overlay-type":"","overlay-color":"","overlay-opacity":"","overlay-gradient":""},"mobile":{"background-color":"","background-image":"","background-repeat":"repeat","background-position":"center center","background-size":"auto","background-attachment":"scroll","background-type":"","background-media":"","overlay-type":"","overlay-color":"","overlay-opacity":"","overlay-gradient":""}},"ast-content-background-meta":{"desktop":{"background-color":"var(--ast-global-color-5)","background-image":"","background-repeat":"repeat","background-position":"center center","background-size":"auto","background-attachment":"scroll","background-type":"","background-media":"","overlay-type":"","overlay-color":"","overlay-opacity":"","overlay-gradient":""},"tablet":{"background-color":"var(--ast-global-color-5)","background-image":"","background-repeat":"repeat","background-position":"center center","background-size":"auto","background-attachment":"scroll","background-type":"","background-media":"","overlay-type":"","overlay-color":"","overlay-opacity":"","overlay-gradient":""},"mobile":{"background-color":"var(--ast-global-color-5)","background-image":"","background-repeat":"repeat","background-position":"center center","background-size":"auto","background-attachment":"scroll","background-type":"","background-media":"","overlay-type":"","overlay-color":"","overlay-opacity":"","overlay-gradient":""}}},"product_brand":[],"product_cat":[43],"product_tag":[],"class_list":{"0":"post-4244","1":"product","2":"type-product","3":"status-publish","4":"has-post-thumbnail","6":"product_cat-rigging-hardware","7":"desktop-align-left","8":"tablet-align-left","9":"mobile-align-left","10":"ast-product-gallery-layout-horizontal-slider","11":"ast-product-tabs-layout-horizontal","13":"first","14":"instock","15":"shipping-taxable","16":"purchasable","17":"product-type-simple"},"yoast_head":"<!-- This site is optimized with the Yoast SEO plugin v25.2 - https:\/\/yoast.com\/wordpress\/plugins\/seo\/ -->\n<title>Welded D Ring<\/title>\n<meta name=\"description\" content=\"The welded D-ring is a versatile and sturdy hardware component commonly used in various applications, including lifting, rigging, and securing loads. It is designed to provide a reliable attachment point for connecting straps, ropes, chains, or other accessories.\" \/>\n<meta name=\"robots\" content=\"index, follow, max-snippet:-1, max-image-preview:large, max-video-preview:-1\" \/>\n<link rel=\"canonical\" href=\"https:\/\/qingdaohf.com\/lv\/products\/metinats-d-gredzens\/\" \/>\n<meta property=\"og:locale\" content=\"lv_LV\" \/>\n<meta property=\"og:type\" content=\"article\" \/>\n<meta property=\"og:title\" content=\"Welded D Ring\" \/>\n<meta property=\"og:description\" content=\"The welded D-ring is a versatile and sturdy hardware component commonly used in various applications, including lifting, rigging, and securing loads. It is designed to provide a reliable attachment point for connecting straps, ropes, chains, or other accessories.\" \/>\n<meta property=\"og:url\" content=\"https:\/\/qingdaohf.com\/lv\/products\/metinats-d-gredzens\/\" \/>\n<meta property=\"og:site_name\" content=\"Concrete Form &amp; Rigging Hardware Supplier\" \/>\n<meta property=\"article:publisher\" content=\"https:\/\/www.facebook.com\/qingdaohf\" \/>\n<meta property=\"article:modified_time\" content=\"2025-11-13T01:04:21+00:00\" \/>\n<meta property=\"og:image\" content=\"https:\/\/qingdaohf.com\/wp-content\/uploads\/2023\/05\/welded-d-ring-1.jpg\" \/>\n\t<meta property=\"og:image:width\" content=\"1000\" \/>\n\t<meta property=\"og:image:height\" content=\"1000\" \/>\n\t<meta property=\"og:image:type\" content=\"image\/jpeg\" \/>\n<meta name=\"twitter:card\" content=\"summary_large_image\" \/>\n<meta name=\"twitter:label1\" content=\"Est. reading time\" \/>\n\t<meta name=\"twitter:data1\" content=\"2 min\u016btes\" \/>\n<script type=\"application\/ld+json\" class=\"yoast-schema-graph\">{\"@context\":\"https:\/\/schema.org\",\"@graph\":[{\"@type\":\"WebPage\",\"@id\":\"https:\/\/qingdaohf.com\/product\/welded-d-ring\/\",\"url\":\"https:\/\/qingdaohf.com\/product\/welded-d-ring\/\",\"name\":\"Welded D Ring\",\"isPartOf\":{\"@id\":\"https:\/\/qingdaohf.com\/bg\/#website\"},\"primaryImageOfPage\":{\"@id\":\"https:\/\/qingdaohf.com\/product\/welded-d-ring\/#primaryimage\"},\"image\":{\"@id\":\"https:\/\/qingdaohf.com\/product\/welded-d-ring\/#primaryimage\"},\"thumbnailUrl\":\"https:\/\/qingdaohf.com\/wp-content\/uploads\/2023\/05\/welded-d-ring-1.jpg\",\"datePublished\":\"2023-05-29T09:11:01+00:00\",\"dateModified\":\"2025-11-13T01:04:21+00:00\",\"description\":\"The welded D-ring is a versatile and sturdy hardware component commonly used in various applications, including lifting, rigging, and securing loads. It is designed to provide a reliable attachment point for connecting straps, ropes, chains, or other accessories.\",\"breadcrumb\":{\"@id\":\"https:\/\/qingdaohf.com\/product\/welded-d-ring\/#breadcrumb\"},\"inLanguage\":\"lv-LV\",\"potentialAction\":[{\"@type\":\"ReadAction\",\"target\":[\"https:\/\/qingdaohf.com\/product\/welded-d-ring\/\"]}]},{\"@type\":\"ImageObject\",\"inLanguage\":\"lv-LV\",\"@id\":\"https:\/\/qingdaohf.com\/product\/welded-d-ring\/#primaryimage\",\"url\":\"https:\/\/qingdaohf.com\/wp-content\/uploads\/2023\/05\/welded-d-ring-1.jpg\",\"contentUrl\":\"https:\/\/qingdaohf.com\/wp-content\/uploads\/2023\/05\/welded-d-ring-1.jpg\",\"width\":1000,\"height\":1000,\"caption\":\"welded d ring\"},{\"@type\":\"BreadcrumbList\",\"@id\":\"https:\/\/qingdaohf.com\/product\/welded-d-ring\/#breadcrumb\",\"itemListElement\":[{\"@type\":\"ListItem\",\"position\":1,\"name\":\"Home\",\"item\":\"https:\/\/qingdaohf.com\/\"},{\"@type\":\"ListItem\",\"position\":2,\"name\":\"Concrete Forming Accessories and Rigging Hardware\",\"item\":\"https:\/\/qingdaohf.com\/bg\/?page_id=944\"},{\"@type\":\"ListItem\",\"position\":3,\"name\":\"Welded D Ring\"}]},{\"@type\":\"WebSite\",\"@id\":\"https:\/\/qingdaohf.com\/bg\/#website\",\"url\":\"https:\/\/qingdaohf.com\/bg\/\",\"name\":\"Concrete Form & Rigging Hardware Supplier\",\"description\":\"\",\"publisher\":{\"@id\":\"https:\/\/qingdaohf.com\/bg\/#organization\"},\"potentialAction\":[{\"@type\":\"SearchAction\",\"target\":{\"@type\":\"EntryPoint\",\"urlTemplate\":\"https:\/\/qingdaohf.com\/bg\/?s={search_term_string}\"},\"query-input\":{\"@type\":\"PropertyValueSpecification\",\"valueRequired\":true,\"valueName\":\"search_term_string\"}}],\"inLanguage\":\"lv-LV\"},{\"@type\":\"Organization\",\"@id\":\"https:\/\/qingdaohf.com\/bg\/#organization\",\"name\":\"Qingdao H&F\",\"url\":\"https:\/\/qingdaohf.com\/bg\/\",\"logo\":{\"@type\":\"ImageObject\",\"inLanguage\":\"lv-LV\",\"@id\":\"https:\/\/qingdaohf.com\/bg\/#\/schema\/logo\/image\/\",\"url\":\"https:\/\/qingdaohf.com\/wp-content\/uploads\/2022\/12\/cropped-HF-LOGO.png\",\"contentUrl\":\"https:\/\/qingdaohf.com\/wp-content\/uploads\/2022\/12\/cropped-HF-LOGO.png\",\"width\":391,\"height\":249,\"caption\":\"Qingdao H&F\"},\"image\":{\"@id\":\"https:\/\/qingdaohf.com\/bg\/#\/schema\/logo\/image\/\"},\"sameAs\":[\"https:\/\/www.facebook.com\/qingdaohf\"]}]}<\/script>\n<!-- \/ Yoast SEO plugin. -->","yoast_head_json":{"title":"Welded D Ring","description":"The welded D-ring is a versatile and sturdy hardware component commonly used in various applications, including lifting, rigging, and securing loads. It is designed to provide a reliable attachment point for connecting straps, ropes, chains, or other accessories.","robots":{"index":"index","follow":"follow","max-snippet":"max-snippet:-1","max-image-preview":"max-image-preview:large","max-video-preview":"max-video-preview:-1"},"canonical":"https:\/\/qingdaohf.com\/lv\/products\/metinats-d-gredzens\/","og_locale":"lv_LV","og_type":"article","og_title":"Welded D Ring","og_description":"The welded D-ring is a versatile and sturdy hardware component commonly used in various applications, including lifting, rigging, and securing loads. It is designed to provide a reliable attachment point for connecting straps, ropes, chains, or other accessories.","og_url":"https:\/\/qingdaohf.com\/lv\/products\/metinats-d-gredzens\/","og_site_name":"Concrete Form &amp; Rigging Hardware Supplier","article_publisher":"https:\/\/www.facebook.com\/qingdaohf","article_modified_time":"2025-11-13T01:04:21+00:00","og_image":[{"width":1000,"height":1000,"url":"https:\/\/qingdaohf.com\/wp-content\/uploads\/2023\/05\/welded-d-ring-1.jpg","type":"image\/jpeg"}],"twitter_card":"summary_large_image","twitter_misc":{"Est. reading time":"2 min\u016btes"},"schema":{"@context":"https:\/\/schema.org","@graph":[{"@type":"WebPage","@id":"https:\/\/qingdaohf.com\/product\/welded-d-ring\/","url":"https:\/\/qingdaohf.com\/product\/welded-d-ring\/","name":"Welded D Ring","isPartOf":{"@id":"https:\/\/qingdaohf.com\/bg\/#website"},"primaryImageOfPage":{"@id":"https:\/\/qingdaohf.com\/product\/welded-d-ring\/#primaryimage"},"image":{"@id":"https:\/\/qingdaohf.com\/product\/welded-d-ring\/#primaryimage"},"thumbnailUrl":"https:\/\/qingdaohf.com\/wp-content\/uploads\/2023\/05\/welded-d-ring-1.jpg","datePublished":"2023-05-29T09:11:01+00:00","dateModified":"2025-11-13T01:04:21+00:00","description":"The welded D-ring is a versatile and sturdy hardware component commonly used in various applications, including lifting, rigging, and securing loads. It is designed to provide a reliable attachment point for connecting straps, ropes, chains, or other accessories.","breadcrumb":{"@id":"https:\/\/qingdaohf.com\/product\/welded-d-ring\/#breadcrumb"},"inLanguage":"lv-LV","potentialAction":[{"@type":"ReadAction","target":["https:\/\/qingdaohf.com\/product\/welded-d-ring\/"]}]},{"@type":"ImageObject","inLanguage":"lv-LV","@id":"https:\/\/qingdaohf.com\/product\/welded-d-ring\/#primaryimage","url":"https:\/\/qingdaohf.com\/wp-content\/uploads\/2023\/05\/welded-d-ring-1.jpg","contentUrl":"https:\/\/qingdaohf.com\/wp-content\/uploads\/2023\/05\/welded-d-ring-1.jpg","width":1000,"height":1000,"caption":"welded d ring"},{"@type":"BreadcrumbList","@id":"https:\/\/qingdaohf.com\/product\/welded-d-ring\/#breadcrumb","itemListElement":[{"@type":"ListItem","position":1,"name":"Home","item":"https:\/\/qingdaohf.com\/"},{"@type":"ListItem","position":2,"name":"Concrete Forming Accessories and Rigging Hardware","item":"https:\/\/qingdaohf.com\/bg\/?page_id=944"},{"@type":"ListItem","position":3,"name":"Welded D Ring"}]},{"@type":"WebSite","@id":"https:\/\/qingdaohf.com\/bg\/#website","url":"https:\/\/qingdaohf.com\/bg\/","name":"Concrete Form & Rigging Hardware Supplier","description":"","publisher":{"@id":"https:\/\/qingdaohf.com\/bg\/#organization"},"potentialAction":[{"@type":"SearchAction","target":{"@type":"EntryPoint","urlTemplate":"https:\/\/qingdaohf.com\/bg\/?s={search_term_string}"},"query-input":{"@type":"PropertyValueSpecification","valueRequired":true,"valueName":"search_term_string"}}],"inLanguage":"lv-LV"},{"@type":"Organization","@id":"https:\/\/qingdaohf.com\/bg\/#organization","name":"Qingdao H&F","url":"https:\/\/qingdaohf.com\/bg\/","logo":{"@type":"ImageObject","inLanguage":"lv-LV","@id":"https:\/\/qingdaohf.com\/bg\/#\/schema\/logo\/image\/","url":"https:\/\/qingdaohf.com\/wp-content\/uploads\/2022\/12\/cropped-HF-LOGO.png","contentUrl":"https:\/\/qingdaohf.com\/wp-content\/uploads\/2022\/12\/cropped-HF-LOGO.png","width":391,"height":249,"caption":"Qingdao H&F"},"image":{"@id":"https:\/\/qingdaohf.com\/bg\/#\/schema\/logo\/image\/"},"sameAs":["https:\/\/www.facebook.com\/qingdaohf"]}]}},"_links":{"self":[{"href":"https:\/\/qingdaohf.com\/lv\/wp-json\/wp\/v2\/product\/4244","targetHints":{"allow":["GET"]}}],"collection":[{"href":"https:\/\/qingdaohf.com\/lv\/wp-json\/wp\/v2\/product"}],"about":[{"href":"https:\/\/qingdaohf.com\/lv\/wp-json\/wp\/v2\/types\/product"}],"replies":[{"embeddable":true,"href":"https:\/\/qingdaohf.com\/lv\/wp-json\/wp\/v2\/comments?post=4244"}],"version-history":[{"count":2,"href":"https:\/\/qingdaohf.com\/lv\/wp-json\/wp\/v2\/product\/4244\/revisions"}],"predecessor-version":[{"id":10419,"href":"https:\/\/qingdaohf.com\/lv\/wp-json\/wp\/v2\/product\/4244\/revisions\/10419"}],"wp:featuredmedia":[{"embeddable":true,"href":"https:\/\/qingdaohf.com\/lv\/wp-json\/wp\/v2\/media\/4245"}],"wp:attachment":[{"href":"https:\/\/qingdaohf.com\/lv\/wp-json\/wp\/v2\/media?parent=4244"}],"wp:term":[{"taxonomy":"product_brand","embeddable":true,"href":"https:\/\/qingdaohf.com\/lv\/wp-json\/wp\/v2\/product_brand?post=4244"},{"taxonomy":"product_cat","embeddable":true,"href":"https:\/\/qingdaohf.com\/lv\/wp-json\/wp\/v2\/product_cat?post=4244"},{"taxonomy":"product_tag","embeddable":true,"href":"https:\/\/qingdaohf.com\/lv\/wp-json\/wp\/v2\/product_tag?post=4244"}],"curies":[{"name":"wp","href":"https:\/\/api.w.org\/{rel}","templated":true}]}}