{"id":4275,"date":"2023-06-01T18:03:32","date_gmt":"2023-06-01T10:03:32","guid":{"rendered":"http:\/\/qingdaohf.com\/?post_type=product&#038;p=4275"},"modified":"2025-11-13T09:04:04","modified_gmt":"2025-11-13T01:04:04","slug":"plastic-strip-nail","status":"publish","type":"product","link":"https:\/\/qingdaohf.com\/lv\/products\/plastmasas-sloksnes-nagla\/","title":{"rendered":"Plastmasas sloksnes nagla"},"content":{"rendered":"<ol>\n<li>Materi\u0101ls: Plastmasas slok\u0161\u0146u naglas parasti ir izgatavotas no augstas kvalit\u0101tes, iztur\u012bgiem plastmasas materi\u0101liem, piem\u0113ram, polietil\u0113na vai polikarbon\u0101ta. \u0160iem materi\u0101liem ir vair\u0101kas priek\u0161roc\u012bbas, tostarp iztur\u012bba pret r\u016bsu, koroziju un \u0137\u012bmisk\u0101m viel\u0101m. Plastmasas slok\u0161\u0146u naglas ir \u012bpa\u0161i piem\u0113rotas gad\u012bjumos, kad met\u0101la naglas var rad\u012bt traipus vai rea\u0123\u0113t ar noteiktiem materi\u0101liem.<\/li>\n<li>Lentes konfigur\u0101cija: At\u0161\u0137ir\u012bb\u0101 no atsevi\u0161\u0137\u0101m lielaj\u0101m naglas vai v\u012bt\u0146u naglas, plastmasas sloksnes naglas ir savienotas kop\u0101 sloksnes vai lentes veid\u0101. \u0160\u0101da sloksnes konfigur\u0101cija \u013cauj viegli ievietot naglu pistol\u0113s un atvieglo \u0101tru un nep\u0101rtrauktu iz\u0161au\u0161anu, samazinot d\u012bkst\u0101ves laiku, kas nepiecie\u0161ams atk\u0101rtotai iel\u0101dei. Naglas ir vienm\u0113r\u012bgi izvietotas uz sloksnes, un t\u0101s kop\u0101 tur elast\u012bga plastmasas sloksne vai l\u012bme.<\/li>\n<li>Smaile un k\u0101ts: Plastmasas slok\u0161\u0146u naglas parasti ir ar asu rombveida vai kaltu smaili prec\u012bzai ievieto\u0161anai da\u017e\u0101dos materi\u0101los. Naglas k\u0101ts (korpuss) parasti ir gluds vai viegli tekstur\u0113ts, lai nodro\u0161in\u0101tu pietiekamu sa\u0137eri un notur\u012bbu.<\/li>\n<li>Izm\u0113ri un lietojumi: Plastmasas slok\u0161\u0146u naglas ir pieejamas da\u017e\u0101da garuma, diametra un izm\u0113ra, lai piel\u0101gotos da\u017e\u0101diem lietojumiem. T\u0101s parasti izmanto b\u016bvniec\u012bb\u0101 karkasa, ap\u0161uvuma, ap\u0161uvuma, ap\u0161uvuma, ap\u0161uvuma un visp\u0101r\u0113jos galdniec\u012bbas darbos. Plastmasas sloksnveida naglas ir piem\u0113rotas ar\u012b gad\u012bjumos, kad nepiecie\u0161ami nemet\u0101la stiprin\u0101jumi, piem\u0113ram, elektroinstal\u0101cij\u0101s vai santehnikas instal\u0101cij\u0101s.<\/li>\n<li>Daudzpus\u012bba: Plastmasas slok\u0161\u0146u naglas var izmantot ar liel\u0101ko da\u013cu pneimatisko vai bezvadu naglu pistoletu, kas ir sader\u012bgi ar slok\u0161\u0146u naglu pistol\u0113m. \u0160\u012bs naglu pistoles ir izstr\u0101d\u0101tas t\u0101, lai efekt\u012bvi iedz\u012btu naglas materi\u0101l\u0101, t\u0101p\u0113c t\u0101s ir ide\u0101li piem\u0113rotas liela apjoma projektiem un samazina manu\u0101lo darbu.<\/li>\n<li>Samazin\u0101ts sadal\u012b\u0161an\u0101s un boj\u0101jumu skaits: Plastmasas materi\u0101ls, ko izmanto slok\u0161\u0146u nagl\u0101m, sniedz da\u017eas priek\u0161roc\u012bbas sal\u012bdzin\u0101jum\u0101 ar met\u0101la nagl\u0101m, jo \u012bpa\u0161i attiec\u012bb\u0101 uz smalkiem vai trausliem materi\u0101liem. Plastmasas slok\u0161\u0146u naglas ret\u0101k \u0161\u0137e\u013c, plais\u0101 vai boj\u0101 stiprin\u0101mo materi\u0101lu, t\u0101p\u0113c t\u0101s ir ieteicama izv\u0113le gad\u012bjumos, kad ir svar\u012bgi saglab\u0101t apstr\u0101d\u0101jam\u0101 materi\u0101la integrit\u0101ti.<\/li>\n<li>Videi draudz\u012bgs: Plastmasas sloksnes naglas bie\u017ei tiek uzskat\u012btas par videi draudz\u012bg\u0101k\u0101m sal\u012bdzin\u0101jum\u0101 ar met\u0101la naglas. Plastmasa ir p\u0101rstr\u0101d\u0101jama, un to var atk\u0101rtoti izmantot vai p\u0101rstr\u0101d\u0101t, t\u0101d\u0113j\u0101di pied\u0101v\u0101jot ilgtsp\u0113j\u012bgu alternat\u012bvu tradicion\u0101lajiem met\u0101la stiprin\u0101jumiem.\n<div class=\"ast-oembed-container\" style=\"height: 100%;\"><iframe title=\"aparat\u016bras karkasa naglas 21 gr\u0101da plastmasas sloksnes nagla\" width=\"500\" height=\"281\" src=\"https:\/\/www.youtube.com\/embed\/Y3yTImnWLqU?feature=oembed\" frameborder=\"0\" allow=\"accelerometer; autoplay; clipboard-write; encrypted-media; gyroscope; picture-in-picture; web-share\" referrerpolicy=\"strict-origin-when-cross-origin\" allowfullscreen><\/iframe><\/div>\n<\/li>\n<\/ol>","protected":false},"excerpt":{"rendered":"<p>Plastmasas lentveida naglas ir uzticams un \u0113rts stiprin\u0101juma risin\u0101jums visda\u017e\u0101d\u0101kajiem lietojumiem. To lent\u012b\u0161u konfigur\u0101cija, sader\u012bba ar naglu pistol\u0113m un daudzpus\u012bba padara t\u0101s popul\u0101ras profesion\u0101\u013cu vid\u016b b\u016bvniec\u012bbas un kokapstr\u0101des nozar\u0113. Turkl\u0101t to nemet\u0101liskais sast\u0101vs un samazin\u0101tais materi\u0101lu boj\u0101jumu risks padara t\u0101s piem\u0113rotas specializ\u0113tiem pielietojumiem, kur met\u0101la naglas var neb\u016bt ide\u0101li piem\u0113rotas.<\/p>","protected":false},"featured_media":4276,"comment_status":"open","ping_status":"closed","template":"","meta":{"site-sidebar-layout":"default","site-content-layout":"default","ast-site-content-layout":"","site-content-style":"default","site-sidebar-style":"default","ast-global-header-display":"","ast-banner-title-visibility":"","ast-main-header-display":"","ast-hfb-above-header-display":"","ast-hfb-below-header-display":"","ast-hfb-mobile-header-display":"","site-post-title":"","ast-breadcrumbs-content":"","ast-featured-img":"","footer-sml-layout":"","theme-transparent-header-meta":"default","adv-header-id-meta":"","stick-header-meta":"default","header-above-stick-meta":"","header-main-stick-meta":"","header-below-stick-meta":"","astra-migrate-meta-layouts":"default","ast-page-background-enabled":"default","ast-page-background-meta":{"desktop":{"background-color":"","background-image":"","background-repeat":"repeat","background-position":"center center","background-size":"auto","background-attachment":"scroll","background-type":"","background-media":"","overlay-type":"","overlay-color":"","overlay-opacity":"","overlay-gradient":""},"tablet":{"background-color":"","background-image":"","background-repeat":"repeat","background-position":"center center","background-size":"auto","background-attachment":"scroll","background-type":"","background-media":"","overlay-type":"","overlay-color":"","overlay-opacity":"","overlay-gradient":""},"mobile":{"background-color":"","background-image":"","background-repeat":"repeat","background-position":"center center","background-size":"auto","background-attachment":"scroll","background-type":"","background-media":"","overlay-type":"","overlay-color":"","overlay-opacity":"","overlay-gradient":""}},"ast-content-background-meta":{"desktop":{"background-color":"var(--ast-global-color-5)","background-image":"","background-repeat":"repeat","background-position":"center center","background-size":"auto","background-attachment":"scroll","background-type":"","background-media":"","overlay-type":"","overlay-color":"","overlay-opacity":"","overlay-gradient":""},"tablet":{"background-color":"var(--ast-global-color-5)","background-image":"","background-repeat":"repeat","background-position":"center center","background-size":"auto","background-attachment":"scroll","background-type":"","background-media":"","overlay-type":"","overlay-color":"","overlay-opacity":"","overlay-gradient":""},"mobile":{"background-color":"var(--ast-global-color-5)","background-image":"","background-repeat":"repeat","background-position":"center center","background-size":"auto","background-attachment":"scroll","background-type":"","background-media":"","overlay-type":"","overlay-color":"","overlay-opacity":"","overlay-gradient":""}}},"product_brand":[],"product_cat":[34,43],"product_tag":[],"class_list":{"0":"post-4275","1":"product","2":"type-product","3":"status-publish","4":"has-post-thumbnail","6":"product_cat-nail","7":"product_cat-rigging-hardware","8":"desktop-align-left","9":"tablet-align-left","10":"mobile-align-left","11":"ast-product-gallery-layout-horizontal-slider","12":"ast-product-tabs-layout-horizontal","14":"first","15":"instock","16":"shipping-taxable","17":"purchasable","18":"product-type-simple"},"yoast_head":"<!-- This site is optimized with the Yoast SEO plugin v25.2 - https:\/\/yoast.com\/wordpress\/plugins\/seo\/ -->\n<title>Plastic Strip Nail<\/title>\n<meta name=\"description\" content=\"Plastic strip nails provide a reliable and convenient fastening solution for a wide range of applications.\" \/>\n<meta name=\"robots\" content=\"index, follow, max-snippet:-1, max-image-preview:large, max-video-preview:-1\" \/>\n<link rel=\"canonical\" href=\"https:\/\/qingdaohf.com\/lv\/products\/plastmasas-sloksnes-nagla\/\" \/>\n<meta property=\"og:locale\" content=\"lv_LV\" \/>\n<meta property=\"og:type\" content=\"article\" \/>\n<meta property=\"og:title\" content=\"Plastic Strip Nail\" \/>\n<meta property=\"og:description\" content=\"Plastic strip nails provide a reliable and convenient fastening solution for a wide range of applications.\" \/>\n<meta property=\"og:url\" content=\"https:\/\/qingdaohf.com\/lv\/products\/plastmasas-sloksnes-nagla\/\" \/>\n<meta property=\"og:site_name\" content=\"Concrete Form &amp; Rigging Hardware Supplier\" \/>\n<meta property=\"article:publisher\" content=\"https:\/\/www.facebook.com\/qingdaohf\" \/>\n<meta property=\"article:modified_time\" content=\"2025-11-13T01:04:04+00:00\" \/>\n<meta property=\"og:image\" content=\"https:\/\/qingdaohf.com\/wp-content\/uploads\/2023\/06\/plastic-nail-1.jpg\" \/>\n\t<meta property=\"og:image:width\" content=\"1000\" \/>\n\t<meta property=\"og:image:height\" content=\"1000\" \/>\n\t<meta property=\"og:image:type\" content=\"image\/jpeg\" \/>\n<meta name=\"twitter:card\" content=\"summary_large_image\" \/>\n<meta name=\"twitter:label1\" content=\"Est. reading time\" \/>\n\t<meta name=\"twitter:data1\" content=\"2 min\u016btes\" \/>\n<script type=\"application\/ld+json\" class=\"yoast-schema-graph\">{\"@context\":\"https:\/\/schema.org\",\"@graph\":[{\"@type\":\"WebPage\",\"@id\":\"https:\/\/qingdaohf.com\/product\/plastic-strip-nail\/\",\"url\":\"https:\/\/qingdaohf.com\/product\/plastic-strip-nail\/\",\"name\":\"Plastic Strip Nail\",\"isPartOf\":{\"@id\":\"https:\/\/qingdaohf.com\/bg\/#website\"},\"primaryImageOfPage\":{\"@id\":\"https:\/\/qingdaohf.com\/product\/plastic-strip-nail\/#primaryimage\"},\"image\":{\"@id\":\"https:\/\/qingdaohf.com\/product\/plastic-strip-nail\/#primaryimage\"},\"thumbnailUrl\":\"https:\/\/qingdaohf.com\/wp-content\/uploads\/2023\/06\/plastic-nail-1.jpg\",\"datePublished\":\"2023-06-01T10:03:32+00:00\",\"dateModified\":\"2025-11-13T01:04:04+00:00\",\"description\":\"Plastic strip nails provide a reliable and convenient fastening solution for a wide range of applications.\",\"breadcrumb\":{\"@id\":\"https:\/\/qingdaohf.com\/product\/plastic-strip-nail\/#breadcrumb\"},\"inLanguage\":\"lv-LV\",\"potentialAction\":[{\"@type\":\"ReadAction\",\"target\":[\"https:\/\/qingdaohf.com\/product\/plastic-strip-nail\/\"]}]},{\"@type\":\"ImageObject\",\"inLanguage\":\"lv-LV\",\"@id\":\"https:\/\/qingdaohf.com\/product\/plastic-strip-nail\/#primaryimage\",\"url\":\"https:\/\/qingdaohf.com\/wp-content\/uploads\/2023\/06\/plastic-nail-1.jpg\",\"contentUrl\":\"https:\/\/qingdaohf.com\/wp-content\/uploads\/2023\/06\/plastic-nail-1.jpg\",\"width\":1000,\"height\":1000,\"caption\":\"plastic strip nail\"},{\"@type\":\"BreadcrumbList\",\"@id\":\"https:\/\/qingdaohf.com\/product\/plastic-strip-nail\/#breadcrumb\",\"itemListElement\":[{\"@type\":\"ListItem\",\"position\":1,\"name\":\"Home\",\"item\":\"https:\/\/qingdaohf.com\/\"},{\"@type\":\"ListItem\",\"position\":2,\"name\":\"Concrete Forming Accessories and Rigging Hardware\",\"item\":\"https:\/\/qingdaohf.com\/bg\/?page_id=944\"},{\"@type\":\"ListItem\",\"position\":3,\"name\":\"Plastic Strip Nail\"}]},{\"@type\":\"WebSite\",\"@id\":\"https:\/\/qingdaohf.com\/bg\/#website\",\"url\":\"https:\/\/qingdaohf.com\/bg\/\",\"name\":\"Concrete Form & Rigging Hardware Supplier\",\"description\":\"\",\"publisher\":{\"@id\":\"https:\/\/qingdaohf.com\/bg\/#organization\"},\"potentialAction\":[{\"@type\":\"SearchAction\",\"target\":{\"@type\":\"EntryPoint\",\"urlTemplate\":\"https:\/\/qingdaohf.com\/bg\/?s={search_term_string}\"},\"query-input\":{\"@type\":\"PropertyValueSpecification\",\"valueRequired\":true,\"valueName\":\"search_term_string\"}}],\"inLanguage\":\"lv-LV\"},{\"@type\":\"Organization\",\"@id\":\"https:\/\/qingdaohf.com\/bg\/#organization\",\"name\":\"Qingdao H&F\",\"url\":\"https:\/\/qingdaohf.com\/bg\/\",\"logo\":{\"@type\":\"ImageObject\",\"inLanguage\":\"lv-LV\",\"@id\":\"https:\/\/qingdaohf.com\/bg\/#\/schema\/logo\/image\/\",\"url\":\"https:\/\/qingdaohf.com\/wp-content\/uploads\/2022\/12\/cropped-HF-LOGO.png\",\"contentUrl\":\"https:\/\/qingdaohf.com\/wp-content\/uploads\/2022\/12\/cropped-HF-LOGO.png\",\"width\":391,\"height\":249,\"caption\":\"Qingdao H&F\"},\"image\":{\"@id\":\"https:\/\/qingdaohf.com\/bg\/#\/schema\/logo\/image\/\"},\"sameAs\":[\"https:\/\/www.facebook.com\/qingdaohf\"]}]}<\/script>\n<!-- \/ Yoast SEO plugin. -->","yoast_head_json":{"title":"Plastic Strip Nail","description":"Plastic strip nails provide a reliable and convenient fastening solution for a wide range of applications.","robots":{"index":"index","follow":"follow","max-snippet":"max-snippet:-1","max-image-preview":"max-image-preview:large","max-video-preview":"max-video-preview:-1"},"canonical":"https:\/\/qingdaohf.com\/lv\/products\/plastmasas-sloksnes-nagla\/","og_locale":"lv_LV","og_type":"article","og_title":"Plastic Strip Nail","og_description":"Plastic strip nails provide a reliable and convenient fastening solution for a wide range of applications.","og_url":"https:\/\/qingdaohf.com\/lv\/products\/plastmasas-sloksnes-nagla\/","og_site_name":"Concrete Form &amp; Rigging Hardware Supplier","article_publisher":"https:\/\/www.facebook.com\/qingdaohf","article_modified_time":"2025-11-13T01:04:04+00:00","og_image":[{"width":1000,"height":1000,"url":"https:\/\/qingdaohf.com\/wp-content\/uploads\/2023\/06\/plastic-nail-1.jpg","type":"image\/jpeg"}],"twitter_card":"summary_large_image","twitter_misc":{"Est. reading time":"2 min\u016btes"},"schema":{"@context":"https:\/\/schema.org","@graph":[{"@type":"WebPage","@id":"https:\/\/qingdaohf.com\/product\/plastic-strip-nail\/","url":"https:\/\/qingdaohf.com\/product\/plastic-strip-nail\/","name":"Plastic Strip Nail","isPartOf":{"@id":"https:\/\/qingdaohf.com\/bg\/#website"},"primaryImageOfPage":{"@id":"https:\/\/qingdaohf.com\/product\/plastic-strip-nail\/#primaryimage"},"image":{"@id":"https:\/\/qingdaohf.com\/product\/plastic-strip-nail\/#primaryimage"},"thumbnailUrl":"https:\/\/qingdaohf.com\/wp-content\/uploads\/2023\/06\/plastic-nail-1.jpg","datePublished":"2023-06-01T10:03:32+00:00","dateModified":"2025-11-13T01:04:04+00:00","description":"Plastic strip nails provide a reliable and convenient fastening solution for a wide range of applications.","breadcrumb":{"@id":"https:\/\/qingdaohf.com\/product\/plastic-strip-nail\/#breadcrumb"},"inLanguage":"lv-LV","potentialAction":[{"@type":"ReadAction","target":["https:\/\/qingdaohf.com\/product\/plastic-strip-nail\/"]}]},{"@type":"ImageObject","inLanguage":"lv-LV","@id":"https:\/\/qingdaohf.com\/product\/plastic-strip-nail\/#primaryimage","url":"https:\/\/qingdaohf.com\/wp-content\/uploads\/2023\/06\/plastic-nail-1.jpg","contentUrl":"https:\/\/qingdaohf.com\/wp-content\/uploads\/2023\/06\/plastic-nail-1.jpg","width":1000,"height":1000,"caption":"plastic strip nail"},{"@type":"BreadcrumbList","@id":"https:\/\/qingdaohf.com\/product\/plastic-strip-nail\/#breadcrumb","itemListElement":[{"@type":"ListItem","position":1,"name":"Home","item":"https:\/\/qingdaohf.com\/"},{"@type":"ListItem","position":2,"name":"Concrete Forming Accessories and Rigging Hardware","item":"https:\/\/qingdaohf.com\/bg\/?page_id=944"},{"@type":"ListItem","position":3,"name":"Plastic Strip Nail"}]},{"@type":"WebSite","@id":"https:\/\/qingdaohf.com\/bg\/#website","url":"https:\/\/qingdaohf.com\/bg\/","name":"Concrete Form & Rigging Hardware Supplier","description":"","publisher":{"@id":"https:\/\/qingdaohf.com\/bg\/#organization"},"potentialAction":[{"@type":"SearchAction","target":{"@type":"EntryPoint","urlTemplate":"https:\/\/qingdaohf.com\/bg\/?s={search_term_string}"},"query-input":{"@type":"PropertyValueSpecification","valueRequired":true,"valueName":"search_term_string"}}],"inLanguage":"lv-LV"},{"@type":"Organization","@id":"https:\/\/qingdaohf.com\/bg\/#organization","name":"Qingdao H&F","url":"https:\/\/qingdaohf.com\/bg\/","logo":{"@type":"ImageObject","inLanguage":"lv-LV","@id":"https:\/\/qingdaohf.com\/bg\/#\/schema\/logo\/image\/","url":"https:\/\/qingdaohf.com\/wp-content\/uploads\/2022\/12\/cropped-HF-LOGO.png","contentUrl":"https:\/\/qingdaohf.com\/wp-content\/uploads\/2022\/12\/cropped-HF-LOGO.png","width":391,"height":249,"caption":"Qingdao H&F"},"image":{"@id":"https:\/\/qingdaohf.com\/bg\/#\/schema\/logo\/image\/"},"sameAs":["https:\/\/www.facebook.com\/qingdaohf"]}]}},"_links":{"self":[{"href":"https:\/\/qingdaohf.com\/lv\/wp-json\/wp\/v2\/product\/4275","targetHints":{"allow":["GET"]}}],"collection":[{"href":"https:\/\/qingdaohf.com\/lv\/wp-json\/wp\/v2\/product"}],"about":[{"href":"https:\/\/qingdaohf.com\/lv\/wp-json\/wp\/v2\/types\/product"}],"replies":[{"embeddable":true,"href":"https:\/\/qingdaohf.com\/lv\/wp-json\/wp\/v2\/comments?post=4275"}],"version-history":[{"count":1,"href":"https:\/\/qingdaohf.com\/lv\/wp-json\/wp\/v2\/product\/4275\/revisions"}],"predecessor-version":[{"id":10417,"href":"https:\/\/qingdaohf.com\/lv\/wp-json\/wp\/v2\/product\/4275\/revisions\/10417"}],"wp:featuredmedia":[{"embeddable":true,"href":"https:\/\/qingdaohf.com\/lv\/wp-json\/wp\/v2\/media\/4276"}],"wp:attachment":[{"href":"https:\/\/qingdaohf.com\/lv\/wp-json\/wp\/v2\/media?parent=4275"}],"wp:term":[{"taxonomy":"product_brand","embeddable":true,"href":"https:\/\/qingdaohf.com\/lv\/wp-json\/wp\/v2\/product_brand?post=4275"},{"taxonomy":"product_cat","embeddable":true,"href":"https:\/\/qingdaohf.com\/lv\/wp-json\/wp\/v2\/product_cat?post=4275"},{"taxonomy":"product_tag","embeddable":true,"href":"https:\/\/qingdaohf.com\/lv\/wp-json\/wp\/v2\/product_tag?post=4275"}],"curies":[{"name":"wp","href":"https:\/\/api.w.org\/{rel}","templated":true}]}}