{"id":4551,"date":"2023-06-25T17:55:26","date_gmt":"2023-06-25T09:55:26","guid":{"rendered":"http:\/\/qingdaohf.com\/?post_type=product&#038;p=4551"},"modified":"2025-11-13T09:04:03","modified_gmt":"2025-11-13T01:04:03","slug":"closed-body-turnbuckle","status":"publish","type":"product","link":"https:\/\/qingdaohf.com\/lv\/products\/slegta-korpusa-spriegotajs\/","title":{"rendered":"Sl\u0113gta korpusa spriegot\u0101js"},"content":{"rendered":"<h2 class=\"text-2xl font-bold mt-1 text-text-200\">Ievads par sl\u0113gta korpusa spriegot\u0101ju<\/h2>\n<p class=\"whitespace-pre-wrap break-words\">Parun\u0101sim par sl\u0113gta korpusa spriegot\u0101jiem - \u0161\u012bm b\u016btiskaj\u0101m meh\u0101niskaj\u0101m ier\u012bc\u0113m, kas atrodamas visur, kur nepiecie\u0161ams prec\u012bzi regul\u0113t spriegojumu. Uzskatiet t\u0101s par troses un tro\u0161u sist\u0113mu varo\u0146iem. At\u0161\u0137ir\u012bb\u0101 no to vienk\u0101r\u0161\u0101kiem br\u0101l\u0113niem, \u0161\u012bm spriegot\u0101jiem ir piln\u012bb\u0101 sl\u0113gta konstrukcija, kas aizsarg\u0101 to darba da\u013cas no elementiem, padarot tos neticami uzticamus visur, s\u0101kot no b\u016bvlaukumiem l\u012bdz buru ku\u0123iem.<\/p>\n<p class=\"whitespace-pre-wrap break-words\">To \u0123enialit\u0101te sl\u0113pjas vienk\u0101r\u0161\u0101, bet efekt\u012bv\u0101 dizain\u0101: divi v\u012bt\u0146otie gali, kas savienoti ar aizsarg\u0101tu iek\u0161\u0113jo meh\u0101nismu. \u0160\u0101ds iestat\u012bjums \u013cauj iestat\u012bt prec\u012bzi pareizo spriegojumu, vienlaikus pasarg\u0101jot visus svar\u012bgos komponentus no laikapst\u0101k\u013ciem un nodiluma. Profesion\u0101\u013ciem, kuri nevar at\u013cauties apr\u012bkojuma boj\u0101jumus, \u0161\u012b papildu aizsardz\u012bba ir ne tikai pat\u012bkama - t\u0101 ir b\u016btiska.<\/p>\n<h2 class=\"text-xl font-bold text-text-200 mt-1 -mb-0.5\">Sl\u0113gta korpusa spriegot\u0101ja lieto\u0161anas priek\u0161roc\u012bbas<\/h2>\n<p class=\"whitespace-pre-wrap break-words\">Iesp\u0113jams, j\u016bs aizdom\u0101jaties, k\u0101p\u0113c sl\u0113gta korpusa spriegot\u0101ji ir k\u013cuvu\u0161i par visizdev\u012bg\u0101ko izv\u0113li sare\u017e\u0123\u012btos lietojumos. Pirmk\u0101rt, t\u0101s ir konstru\u0113tas k\u0101 tanki. Izgatavotas no t\u0101diem iztur\u012bgiem materi\u0101liem k\u0101 ner\u016bs\u0113jo\u0161ais vai oglek\u013ca t\u0113rauds, \u0161\u012bs ier\u012bces smejas, saskaroties ar skarbiem laikapst\u0101k\u013ciem un liel\u0101m slodz\u0113m. Tie ir t\u0101di instrumenti, kas turpina darboties ilgi p\u0113c tam, kad citi ir padevu\u0161ies.<\/p>\n<p class=\"whitespace-pre-wrap break-words\">T\u0101s at\u0161\u0137iras ar to, cik \u0113rtas lietot\u0101jam t\u0101s ir. Nepiecie\u0161ams piel\u0101got spriegojumu? Tas ir tik vienk\u0101r\u0161i - pagrieziet korpusu, l\u012bdz sasniegsiet vajadz\u012bgo punktu. Tas ir \u0101rk\u0101rt\u012bgi svar\u012bgi, ja str\u0101d\u0101jat ar t\u0101d\u0101m liet\u0101m k\u0101 buru laivas takel\u0101\u017ea, kur spriegojuma regul\u0113\u0161ana var b\u016bt j\u0101veic uzreiz.<\/p>\n<p class=\"whitespace-pre-wrap break-words\">Sl\u0113gtais dizains nav tikai priek\u0161nesums. Aizsarg\u0101jot v\u012btni, j\u016bs b\u016bt\u012bb\u0101 paildzin\u0101t spriegot\u0101ja kalpo\u0161anas laiku par vair\u0101kiem gadiem. Sal\u012bdzinot tos ar atv\u0113rt\u0101 korpusa versij\u0101m, tas ir t\u0101pat k\u0101 izv\u0113l\u0113ties starp \u016bdensnecaurlaid\u012bgu pulksteni un parastu pulksteni - protams, abi r\u0101da laiku, bet j\u016bs zin\u0101t, kuru no tiem lab\u0101k izmantot v\u0113tras laik\u0101.<\/p>\n<h2 class=\"text-xl font-bold text-text-200 mt-1 -mb-0.5\">Sl\u0113gta korpusa spriegot\u0101ju lietojumi<\/h2>\n<p class=\"whitespace-pre-wrap break-words\">\u0160ie daudzpus\u012bgie r\u012bki ir izmantoti gandr\u012bz vis\u0101s nozar\u0113s, kur\u0101s svar\u012bga ir spriedze. Celtnieku brig\u0101des pa\u013caujas uz tiem, lai uztur\u0113tu kabe\u013cu spriegojumu tiltos un tor\u0146os, nodro\u0161inot, ka \u0161\u012bs mas\u012bv\u0101s konstrukcijas paliek stingras. Bur\u0101t\u0101ji uz \u016bdens tiem uzticas, lai uztur\u0113tu takel\u0101\u017eu spriegojumu un reakciju, piel\u0101gojoties laikapst\u0101k\u013ciem.<\/p>\n<p class=\"whitespace-pre-wrap break-words\">Pat t\u0101d\u0101s augsto tehnolo\u0123iju jom\u0101s k\u0101 automobi\u013cu un kosmisk\u0101 ra\u017eo\u0161ana sl\u0113gta korpusa spriegot\u0101jiem ir b\u016btiska noz\u012bme. T\u0101s ir b\u016btiskas, lai nostiprin\u0101tu sast\u0101vda\u013cas un uztur\u0113tu prec\u012bzu spriegojumu da\u017e\u0101d\u0101s meh\u0101nisk\u0101s sist\u0113m\u0101s.<\/p>\n<p class=\"whitespace-pre-wrap break-words\">Ar\u012b DIY kopiena tos ir pie\u0146\u0113musi. Neatkar\u012bgi no t\u0101, vai uzst\u0101d\u0101t stiep\u013cu margu kl\u0101jam vai d\u0101rza re\u017e\u0123u sist\u0113mu, \u0161\u012bs spriegot\u0101ji nodro\u0161ina profesion\u0101lu uzticam\u012bbu, kas garant\u0113, ka j\u016bsu projekts iztur\u0113s laika p\u0101rbaudi.<\/p>\n<h2 class=\"text-xl font-bold text-text-200 mt-1 -mb-0.5\">K\u0101p\u0113c izv\u0113l\u0113ties m\u016bs<\/h2>\n<p class=\"whitespace-pre-wrap break-words\">M\u0113s esam izveidoju\u0161i savu reput\u0101ciju, pied\u0101v\u0101jot spriegot\u0101jus, kas konsekventi p\u0101rsniedz cer\u012bbas. M\u016bsu produktu kl\u0101sts aptver visas iesp\u0113jam\u0101s specifik\u0101cijas, nodro\u0161inot, ka j\u016bs atrad\u012bsiet tie\u0161i to, kas nepiecie\u0161ams j\u016bsu projektam. Tom\u0113r m\u016bs patiesi at\u0161\u0137ir m\u016bsu praktisk\u0101 pieeja klientu apkalpo\u0161anai.<\/p>\n<p class=\"whitespace-pre-wrap break-words\">Str\u0101d\u0101jot ar mums, j\u016bs sa\u0146emat vair\u0101k nek\u0101 tikai augstas kvalit\u0101tes spriegot\u0101jus. J\u016bs sa\u0146emat partneri, kas izprot j\u016bsu vajadz\u012bbas un \u0101tri rea\u0123\u0113 uz j\u016bsu piepras\u012bjumiem. M\u0113s zin\u0101m, ka deta\u013cu gaid\u012b\u0161ana var apst\u0101din\u0101t projektu, t\u0101p\u0113c esam optimiz\u0113ju\u0161i savu pieg\u0101des sist\u0113mu, lai sa\u0146emtu jums nepiecie\u0161amo, kad tas nepiecie\u0161ams.<\/p>\n<p class=\"whitespace-pre-wrap break-words\">Katram m\u016bsu pieg\u0101d\u0101tajam spriegot\u0101jam ir pievienoti visaptvero\u0161i kvalit\u0101tes p\u0101rbaudes zi\u0146ojumi. M\u0113s pak\u013caujam savus izstr\u0101d\u0101jumus stingrai test\u0113\u0161anai, jo saprotam, ka j\u016bsu darb\u0101 neveiksmes nav iesp\u0113jamas.<\/p>\n<h2 class=\"text-2xl font-bold mt-1 text-text-200\">Secin\u0101jums<\/h2>\n<p class=\"whitespace-pre-wrap break-words\">Pareiz\u0101 spriegot\u0101ja izv\u0113le var iz\u0161\u0137irt vai izjaukt projektu. Sl\u0113gta korpusa konstrukcija nodro\u0161ina papildu aizsardz\u012bbas un uzticam\u012bbas l\u012bmeni, t\u0101p\u0113c ir v\u0113rts ieguld\u012bt l\u012bdzek\u013cus. Neatkar\u012bgi no t\u0101, vai ce\u013cat \u0113ku vai mont\u0113jat buru laivu, jums ir nepiecie\u0161ams apr\u012bkojums, uz kuru varat pa\u013cauties. Sadarbojieties ar mums, un j\u016bs sa\u0146emsiet ne tikai izcilus produktus, bet ar\u012b atbilsto\u0161u atbalstu un apkalpo\u0161anu. Nepie\u013caujiet kompromisus attiec\u012bb\u0101 uz kvalit\u0101ti - izv\u0113lieties spriegot\u0101jus, kas ir izgatavoti t\u0101, lai nodro\u0161in\u0101tu kvalit\u0101ti.<\/p>","protected":false},"excerpt":{"rendered":"<p>Sl\u0113gta korpusa spriegot\u0101js ir sp\u0113c\u012bgs un piel\u0101gojams apr\u012bkojums, ko izmanto tro\u0161u, virvju vai takel\u0101\u017eas konfigur\u0101ciju spriegojuma regul\u0113\u0161anai. \u0160\u012b spriegot\u0101ja konstrukcija ir iztur\u012bga un prec\u012bza, un to var izmantot da\u017e\u0101diem m\u0113r\u0137iem, s\u0101kot no pa\u0161darba l\u012bdz r\u016bpnieciskiem lietojumiem. M\u016bsu organiz\u0101cija sniedz nep\u0101rsp\u0113jamu priek\u0161roc\u012bbu ar personaliz\u0113tu individu\u0101lu klientu apkalpo\u0161anu, \u0101tru pieg\u0101des ciklu un detaliz\u0113tiem kvalit\u0101tes p\u0101rbaudes zi\u0146ojumiem, lai garant\u0113tu, ka katrs izstr\u0101d\u0101jums ir visaugst\u0101k\u0101s iesp\u0113jam\u0101s kvalit\u0101tes. Pa\u013caujieties uz mums, lai sa\u0146emtu uzticamus risin\u0101jumus sav\u0101m spriegot\u0101ju pras\u012bb\u0101m ar nep\u0101rsp\u0113jamu efektivit\u0101ti un kvalit\u0101ti.<\/p>","protected":false},"featured_media":4552,"comment_status":"open","ping_status":"closed","template":"","meta":{"site-sidebar-layout":"default","site-content-layout":"default","ast-site-content-layout":"default","site-content-style":"default","site-sidebar-style":"default","ast-global-header-display":"","ast-banner-title-visibility":"","ast-main-header-display":"","ast-hfb-above-header-display":"","ast-hfb-below-header-display":"","ast-hfb-mobile-header-display":"","site-post-title":"","ast-breadcrumbs-content":"","ast-featured-img":"","footer-sml-layout":"","theme-transparent-header-meta":"default","adv-header-id-meta":"","stick-header-meta":"default","header-above-stick-meta":"","header-main-stick-meta":"","header-below-stick-meta":"","astra-migrate-meta-layouts":"set","ast-page-background-enabled":"default","ast-page-background-meta":{"desktop":{"background-color":"","background-image":"","background-repeat":"repeat","background-position":"center center","background-size":"auto","background-attachment":"scroll","background-type":"","background-media":"","overlay-type":"","overlay-color":"","overlay-opacity":"","overlay-gradient":""},"tablet":{"background-color":"","background-image":"","background-repeat":"repeat","background-position":"center center","background-size":"auto","background-attachment":"scroll","background-type":"","background-media":"","overlay-type":"","overlay-color":"","overlay-opacity":"","overlay-gradient":""},"mobile":{"background-color":"","background-image":"","background-repeat":"repeat","background-position":"center center","background-size":"auto","background-attachment":"scroll","background-type":"","background-media":"","overlay-type":"","overlay-color":"","overlay-opacity":"","overlay-gradient":""}},"ast-content-background-meta":{"desktop":{"background-color":"var(--ast-global-color-5)","background-image":"","background-repeat":"repeat","background-position":"center center","background-size":"auto","background-attachment":"scroll","background-type":"","background-media":"","overlay-type":"","overlay-color":"","overlay-opacity":"","overlay-gradient":""},"tablet":{"background-color":"var(--ast-global-color-5)","background-image":"","background-repeat":"repeat","background-position":"center center","background-size":"auto","background-attachment":"scroll","background-type":"","background-media":"","overlay-type":"","overlay-color":"","overlay-opacity":"","overlay-gradient":""},"mobile":{"background-color":"var(--ast-global-color-5)","background-image":"","background-repeat":"repeat","background-position":"center center","background-size":"auto","background-attachment":"scroll","background-type":"","background-media":"","overlay-type":"","overlay-color":"","overlay-opacity":"","overlay-gradient":""}}},"product_brand":[],"product_cat":[56,43,44],"product_tag":[],"class_list":{"0":"post-4551","1":"product","2":"type-product","3":"status-publish","4":"has-post-thumbnail","6":"product_cat-turnbuckle","7":"product_cat-rigging-hardware","8":"product_cat-stainless-steel-poduct","9":"desktop-align-left","10":"tablet-align-left","11":"mobile-align-left","12":"ast-product-gallery-layout-horizontal-slider","13":"ast-product-tabs-layout-horizontal","15":"first","16":"instock","17":"shipping-taxable","18":"purchasable","19":"product-type-simple"},"yoast_head":"<!-- This site is optimized with the Yoast SEO plugin v25.2 - https:\/\/yoast.com\/wordpress\/plugins\/seo\/ -->\n<title>Closed Body Turnbuckle<\/title>\n<meta name=\"description\" content=\"A closed body turnbuckle is a mechanical device used to adjust tension or length in a system by utilizing the principle of a screw mechanism.\" \/>\n<meta name=\"robots\" content=\"index, follow, max-snippet:-1, max-image-preview:large, max-video-preview:-1\" \/>\n<link rel=\"canonical\" href=\"https:\/\/qingdaohf.com\/lv\/products\/slegta-korpusa-spriegotajs\/\" \/>\n<meta property=\"og:locale\" content=\"lv_LV\" \/>\n<meta property=\"og:type\" content=\"article\" \/>\n<meta property=\"og:title\" content=\"Closed Body Turnbuckle\" \/>\n<meta property=\"og:description\" content=\"A closed body turnbuckle is a mechanical device used to adjust tension or length in a system by utilizing the principle of a screw mechanism.\" \/>\n<meta property=\"og:url\" content=\"https:\/\/qingdaohf.com\/lv\/products\/slegta-korpusa-spriegotajs\/\" \/>\n<meta property=\"og:site_name\" content=\"Concrete Form &amp; Rigging Hardware Supplier\" \/>\n<meta property=\"article:publisher\" content=\"https:\/\/www.facebook.com\/qingdaohf\" \/>\n<meta property=\"article:modified_time\" content=\"2025-11-13T01:04:03+00:00\" \/>\n<meta property=\"og:image\" content=\"https:\/\/qingdaohf.com\/wp-content\/uploads\/2023\/06\/turnbuckle-9.jpg\" \/>\n\t<meta property=\"og:image:width\" content=\"1000\" \/>\n\t<meta property=\"og:image:height\" content=\"1000\" \/>\n\t<meta property=\"og:image:type\" content=\"image\/jpeg\" \/>\n<meta name=\"twitter:card\" content=\"summary_large_image\" \/>\n<meta name=\"twitter:label1\" content=\"Est. reading time\" \/>\n\t<meta name=\"twitter:data1\" content=\"3 min\u016btes\" \/>\n<script type=\"application\/ld+json\" class=\"yoast-schema-graph\">{\"@context\":\"https:\/\/schema.org\",\"@graph\":[{\"@type\":\"WebPage\",\"@id\":\"https:\/\/qingdaohf.com\/product\/closed-body-turnbuckle\/\",\"url\":\"https:\/\/qingdaohf.com\/product\/closed-body-turnbuckle\/\",\"name\":\"Closed Body Turnbuckle\",\"isPartOf\":{\"@id\":\"https:\/\/qingdaohf.com\/bg\/#website\"},\"primaryImageOfPage\":{\"@id\":\"https:\/\/qingdaohf.com\/product\/closed-body-turnbuckle\/#primaryimage\"},\"image\":{\"@id\":\"https:\/\/qingdaohf.com\/product\/closed-body-turnbuckle\/#primaryimage\"},\"thumbnailUrl\":\"https:\/\/qingdaohf.com\/wp-content\/uploads\/2023\/06\/turnbuckle-9.jpg\",\"datePublished\":\"2023-06-25T09:55:26+00:00\",\"dateModified\":\"2025-11-13T01:04:03+00:00\",\"description\":\"A closed body turnbuckle is a mechanical device used to adjust tension or length in a system by utilizing the principle of a screw mechanism.\",\"breadcrumb\":{\"@id\":\"https:\/\/qingdaohf.com\/product\/closed-body-turnbuckle\/#breadcrumb\"},\"inLanguage\":\"lv-LV\",\"potentialAction\":[{\"@type\":\"ReadAction\",\"target\":[\"https:\/\/qingdaohf.com\/product\/closed-body-turnbuckle\/\"]}]},{\"@type\":\"ImageObject\",\"inLanguage\":\"lv-LV\",\"@id\":\"https:\/\/qingdaohf.com\/product\/closed-body-turnbuckle\/#primaryimage\",\"url\":\"https:\/\/qingdaohf.com\/wp-content\/uploads\/2023\/06\/turnbuckle-9.jpg\",\"contentUrl\":\"https:\/\/qingdaohf.com\/wp-content\/uploads\/2023\/06\/turnbuckle-9.jpg\",\"width\":1000,\"height\":1000,\"caption\":\"turnbuckle\"},{\"@type\":\"BreadcrumbList\",\"@id\":\"https:\/\/qingdaohf.com\/product\/closed-body-turnbuckle\/#breadcrumb\",\"itemListElement\":[{\"@type\":\"ListItem\",\"position\":1,\"name\":\"Home\",\"item\":\"https:\/\/qingdaohf.com\/\"},{\"@type\":\"ListItem\",\"position\":2,\"name\":\"Concrete Forming Accessories and Rigging Hardware\",\"item\":\"https:\/\/qingdaohf.com\/bg\/?page_id=944\"},{\"@type\":\"ListItem\",\"position\":3,\"name\":\"Closed Body Turnbuckle\"}]},{\"@type\":\"WebSite\",\"@id\":\"https:\/\/qingdaohf.com\/bg\/#website\",\"url\":\"https:\/\/qingdaohf.com\/bg\/\",\"name\":\"Concrete Form & Rigging Hardware Supplier\",\"description\":\"\",\"publisher\":{\"@id\":\"https:\/\/qingdaohf.com\/bg\/#organization\"},\"potentialAction\":[{\"@type\":\"SearchAction\",\"target\":{\"@type\":\"EntryPoint\",\"urlTemplate\":\"https:\/\/qingdaohf.com\/bg\/?s={search_term_string}\"},\"query-input\":{\"@type\":\"PropertyValueSpecification\",\"valueRequired\":true,\"valueName\":\"search_term_string\"}}],\"inLanguage\":\"lv-LV\"},{\"@type\":\"Organization\",\"@id\":\"https:\/\/qingdaohf.com\/bg\/#organization\",\"name\":\"Qingdao H&F\",\"url\":\"https:\/\/qingdaohf.com\/bg\/\",\"logo\":{\"@type\":\"ImageObject\",\"inLanguage\":\"lv-LV\",\"@id\":\"https:\/\/qingdaohf.com\/bg\/#\/schema\/logo\/image\/\",\"url\":\"https:\/\/qingdaohf.com\/wp-content\/uploads\/2022\/12\/cropped-HF-LOGO.png\",\"contentUrl\":\"https:\/\/qingdaohf.com\/wp-content\/uploads\/2022\/12\/cropped-HF-LOGO.png\",\"width\":391,\"height\":249,\"caption\":\"Qingdao H&F\"},\"image\":{\"@id\":\"https:\/\/qingdaohf.com\/bg\/#\/schema\/logo\/image\/\"},\"sameAs\":[\"https:\/\/www.facebook.com\/qingdaohf\"]}]}<\/script>\n<!-- \/ Yoast SEO plugin. -->","yoast_head_json":{"title":"Closed Body Turnbuckle","description":"A closed body turnbuckle is a mechanical device used to adjust tension or length in a system by utilizing the principle of a screw mechanism.","robots":{"index":"index","follow":"follow","max-snippet":"max-snippet:-1","max-image-preview":"max-image-preview:large","max-video-preview":"max-video-preview:-1"},"canonical":"https:\/\/qingdaohf.com\/lv\/products\/slegta-korpusa-spriegotajs\/","og_locale":"lv_LV","og_type":"article","og_title":"Closed Body Turnbuckle","og_description":"A closed body turnbuckle is a mechanical device used to adjust tension or length in a system by utilizing the principle of a screw mechanism.","og_url":"https:\/\/qingdaohf.com\/lv\/products\/slegta-korpusa-spriegotajs\/","og_site_name":"Concrete Form &amp; Rigging Hardware Supplier","article_publisher":"https:\/\/www.facebook.com\/qingdaohf","article_modified_time":"2025-11-13T01:04:03+00:00","og_image":[{"width":1000,"height":1000,"url":"https:\/\/qingdaohf.com\/wp-content\/uploads\/2023\/06\/turnbuckle-9.jpg","type":"image\/jpeg"}],"twitter_card":"summary_large_image","twitter_misc":{"Est. reading time":"3 min\u016btes"},"schema":{"@context":"https:\/\/schema.org","@graph":[{"@type":"WebPage","@id":"https:\/\/qingdaohf.com\/product\/closed-body-turnbuckle\/","url":"https:\/\/qingdaohf.com\/product\/closed-body-turnbuckle\/","name":"Closed Body Turnbuckle","isPartOf":{"@id":"https:\/\/qingdaohf.com\/bg\/#website"},"primaryImageOfPage":{"@id":"https:\/\/qingdaohf.com\/product\/closed-body-turnbuckle\/#primaryimage"},"image":{"@id":"https:\/\/qingdaohf.com\/product\/closed-body-turnbuckle\/#primaryimage"},"thumbnailUrl":"https:\/\/qingdaohf.com\/wp-content\/uploads\/2023\/06\/turnbuckle-9.jpg","datePublished":"2023-06-25T09:55:26+00:00","dateModified":"2025-11-13T01:04:03+00:00","description":"A closed body turnbuckle is a mechanical device used to adjust tension or length in a system by utilizing the principle of a screw mechanism.","breadcrumb":{"@id":"https:\/\/qingdaohf.com\/product\/closed-body-turnbuckle\/#breadcrumb"},"inLanguage":"lv-LV","potentialAction":[{"@type":"ReadAction","target":["https:\/\/qingdaohf.com\/product\/closed-body-turnbuckle\/"]}]},{"@type":"ImageObject","inLanguage":"lv-LV","@id":"https:\/\/qingdaohf.com\/product\/closed-body-turnbuckle\/#primaryimage","url":"https:\/\/qingdaohf.com\/wp-content\/uploads\/2023\/06\/turnbuckle-9.jpg","contentUrl":"https:\/\/qingdaohf.com\/wp-content\/uploads\/2023\/06\/turnbuckle-9.jpg","width":1000,"height":1000,"caption":"turnbuckle"},{"@type":"BreadcrumbList","@id":"https:\/\/qingdaohf.com\/product\/closed-body-turnbuckle\/#breadcrumb","itemListElement":[{"@type":"ListItem","position":1,"name":"Home","item":"https:\/\/qingdaohf.com\/"},{"@type":"ListItem","position":2,"name":"Concrete Forming Accessories and Rigging Hardware","item":"https:\/\/qingdaohf.com\/bg\/?page_id=944"},{"@type":"ListItem","position":3,"name":"Closed Body Turnbuckle"}]},{"@type":"WebSite","@id":"https:\/\/qingdaohf.com\/bg\/#website","url":"https:\/\/qingdaohf.com\/bg\/","name":"Concrete Form & Rigging Hardware Supplier","description":"","publisher":{"@id":"https:\/\/qingdaohf.com\/bg\/#organization"},"potentialAction":[{"@type":"SearchAction","target":{"@type":"EntryPoint","urlTemplate":"https:\/\/qingdaohf.com\/bg\/?s={search_term_string}"},"query-input":{"@type":"PropertyValueSpecification","valueRequired":true,"valueName":"search_term_string"}}],"inLanguage":"lv-LV"},{"@type":"Organization","@id":"https:\/\/qingdaohf.com\/bg\/#organization","name":"Qingdao H&F","url":"https:\/\/qingdaohf.com\/bg\/","logo":{"@type":"ImageObject","inLanguage":"lv-LV","@id":"https:\/\/qingdaohf.com\/bg\/#\/schema\/logo\/image\/","url":"https:\/\/qingdaohf.com\/wp-content\/uploads\/2022\/12\/cropped-HF-LOGO.png","contentUrl":"https:\/\/qingdaohf.com\/wp-content\/uploads\/2022\/12\/cropped-HF-LOGO.png","width":391,"height":249,"caption":"Qingdao H&F"},"image":{"@id":"https:\/\/qingdaohf.com\/bg\/#\/schema\/logo\/image\/"},"sameAs":["https:\/\/www.facebook.com\/qingdaohf"]}]}},"_links":{"self":[{"href":"https:\/\/qingdaohf.com\/lv\/wp-json\/wp\/v2\/product\/4551","targetHints":{"allow":["GET"]}}],"collection":[{"href":"https:\/\/qingdaohf.com\/lv\/wp-json\/wp\/v2\/product"}],"about":[{"href":"https:\/\/qingdaohf.com\/lv\/wp-json\/wp\/v2\/types\/product"}],"replies":[{"embeddable":true,"href":"https:\/\/qingdaohf.com\/lv\/wp-json\/wp\/v2\/comments?post=4551"}],"version-history":[{"count":4,"href":"https:\/\/qingdaohf.com\/lv\/wp-json\/wp\/v2\/product\/4551\/revisions"}],"predecessor-version":[{"id":8981,"href":"https:\/\/qingdaohf.com\/lv\/wp-json\/wp\/v2\/product\/4551\/revisions\/8981"}],"wp:featuredmedia":[{"embeddable":true,"href":"https:\/\/qingdaohf.com\/lv\/wp-json\/wp\/v2\/media\/4552"}],"wp:attachment":[{"href":"https:\/\/qingdaohf.com\/lv\/wp-json\/wp\/v2\/media?parent=4551"}],"wp:term":[{"taxonomy":"product_brand","embeddable":true,"href":"https:\/\/qingdaohf.com\/lv\/wp-json\/wp\/v2\/product_brand?post=4551"},{"taxonomy":"product_cat","embeddable":true,"href":"https:\/\/qingdaohf.com\/lv\/wp-json\/wp\/v2\/product_cat?post=4551"},{"taxonomy":"product_tag","embeddable":true,"href":"https:\/\/qingdaohf.com\/lv\/wp-json\/wp\/v2\/product_tag?post=4551"}],"curies":[{"name":"wp","href":"https:\/\/api.w.org\/{rel}","templated":true}]}}