{"id":4622,"date":"2023-07-05T17:16:50","date_gmt":"2023-07-05T09:16:50","guid":{"rendered":"http:\/\/qingdaohf.com\/?post_type=product&#038;p=4622"},"modified":"2025-11-13T09:04:03","modified_gmt":"2025-11-13T01:04:03","slug":"g209-shackle","status":"publish","type":"product","link":"https:\/\/qingdaohf.com\/lv\/products\/g209-kronsteins\/","title":{"rendered":"G209 Loka va\u017eas uzkare S209 Skr\u016bvspraud\u0146a tapa Ancho va\u017eas uzkare"},"content":{"rendered":"<p>Iepaz\u012bstin\u0101m ar G209 cinkotu va\u017eu no m\u016bsu cien\u012bjama B2B tirdzniec\u012bbas uz\u0146\u0113muma! Ar vair\u0101k nek\u0101 20 gadu v\u0113sturi m\u0113s specializ\u0113jamies augst\u0101k\u0101s kvalit\u0101tes betona veid\u0146u piederumu un takel\u0101\u017eas aparat\u016bras ra\u017eo\u0161an\u0101 un p\u0101rdo\u0161an\u0101. M\u016bsu ap\u0146em\u0161an\u0101s sasniegt izcil\u012bbu ir \u013c\u0101vusi mums izveidot kooperat\u012bvu r\u016bpn\u012bcu, nodro\u0161inot, ka m\u016bsu produkti atbilst visaugst\u0101kajiem nozares standartiem. L\u016bk, k\u0101p\u0113c jums vajadz\u0113tu izv\u0113l\u0113ties m\u016bsu G209 cinkoto skavu:<\/p>\n<p>Pla\u0161a pieredze: M\u0113s esam pilnveidoju\u0161i savu pieredzi, lai ra\u017eotu uzticamus un iztur\u012bgus produktus. M\u016bsu ilggad\u0113j\u0101 kl\u0101tb\u016btne ir apliecin\u0101jums tam, ka esam ap\u0146\u0113mu\u0161ies nodro\u0161in\u0101t klientu apmierin\u0101t\u012bbu.<\/p>\n<p>Pla\u0161s produktu kl\u0101sts: Papildus G209 cinkotajai skavai m\u0113s pied\u0101v\u0101jam pla\u0161u betona form\u0113\u0161anas piederumu un takel\u0101\u017eas aparat\u016bras kl\u0101stu. Neatkar\u012bgi no t\u0101, vai jums ir nepiecie\u0161amas skavas, kron\u0161teini, \u0101\u0137i vai citi saist\u012bti produkti, m\u0113s pied\u0101v\u0101jam visu nepiecie\u0161amo.<\/p>\n<p>Lieliska kr\u0101jumu pieejam\u012bba: M\u0113s saprotam, cik svar\u012bga ir savlaic\u012bga pieg\u0101de. T\u0101p\u0113c m\u0113s uzturam labus kr\u0101jumus, nodro\u0161inot, ka m\u016bsu produkti ir viegli pieejami, lai nekav\u0113joties apmierin\u0101tu j\u016bsu projekta vajadz\u012bbas.<\/p>\n<p>Konkur\u0113tsp\u0113j\u012bgas cenas: M\u016bsu sp\u0113c\u012bg\u0101s ra\u017eo\u0161anas sp\u0113jas un tie\u0161ie avoti \u013cauj mums pied\u0101v\u0101t konkur\u0113tsp\u0113j\u012bgas cenas, neapdraudot kvalit\u0101ti. M\u0113s cen\u0161amies nodro\u0161in\u0101t izmaksu zi\u0146\u0101 izdev\u012bgus risin\u0101jumus j\u016bsu uz\u0146\u0113mumam.<\/p>\n<p>Kvalit\u0101tes nodro\u0161in\u0101\u0161ana: M\u0113s nopietni uztveram kvalit\u0101ti un par priorit\u0101ti izvirz\u0101m j\u016bsu apmierin\u0101t\u012bbu. Katrai G209 cinkotajai va\u017eotnei tiek veiktas r\u016bp\u012bgas kvalit\u0101tes kontroles p\u0101rbaudes, un m\u0113s sniedzam visaptvero\u0161u kvalit\u0101tes kontroles p\u0101rbaudes zi\u0146ojumu, lai j\u016bs b\u016btu mier\u012bgs.<\/p>\n<p>Piel\u0101go\u0161anas opcijas: M\u0113s saprotam, ka da\u017e\u0101diem projektiem var b\u016bt nepiecie\u0161amas \u012bpa\u0161as produktu specifik\u0101cijas. T\u0101p\u0113c m\u0113s pied\u0101v\u0101jam piel\u0101go\u0161anas pakalpojumus, piel\u0101gojot m\u016bsu produktus, lai tie atbilstu j\u016bsu unik\u0101laj\u0101m pras\u012bb\u0101m.<\/p>\n<p>Bezmaksas paraugi: Lai p\u0101rliecin\u0101tos, ka esat piln\u012bb\u0101 p\u0101rliecin\u0101ts par m\u016bsu produktiem, p\u0113c piepras\u012bjuma m\u0113s pied\u0101v\u0101jam bezmaksas paraugus. Pirms pirkuma veik\u0161anas j\u016bs varat nov\u0113rt\u0113t m\u016bsu cinkoto va\u017eu G209 kvalit\u0101ti un piem\u0113rot\u012bbu.<\/p>\n<p>Klientu apkalpo\u0161anai velt\u012bts klientu apkalpo\u0161anas dienests: M\u0113s ticam ilgtermi\u0146a attiec\u012bbu veido\u0161anai ar saviem klientiem. M\u016bsu individu\u0101l\u0101 apkalpo\u0161ana nodro\u0161ina, ka j\u016bs sa\u0146emat individu\u0101lu uzman\u012bbu un pal\u012bdz\u012bbu vis\u0101 dar\u012bjuma proces\u0101.<\/p>\n<p>Ap\u0146em\u0161an\u0101s nodro\u0161in\u0101t apmierin\u0101t\u012bbu: J\u016bsu apmierin\u0101t\u012bba ir m\u016bsu galvenais m\u0113r\u0137is. M\u0113s dar\u012bsim visu iesp\u0113jamo, lai nodro\u0161in\u0101tu, ka esat piln\u012bb\u0101 apmierin\u0101ts ar savu pirkumu, s\u0101kot ar s\u0101kotn\u0113jo piepras\u012bjumu un beidzot ar gal\u012bgo pieg\u0101di.<\/p>\n<p>Izv\u0113lieties m\u016bsu B2B tirdzniec\u012bbas uz\u0146\u0113mumu k\u0101 uzticamu partneri augstas kvalit\u0101tes betona veido\u0161anas piederumu un takel\u0101\u017eas aparat\u016bras ieg\u0101dei. Sazinieties ar mums jau \u0161odien, lai piepras\u012btu bezmaksas paraugus un kl\u0101tien\u0113 iepaz\u012btos ar m\u016bsu izcilajiem produktiem un pakalpojumiem. M\u0113s ceram, ka var\u0113sim jums kalpot un apmierin\u0101t j\u016bsu biznesa vajadz\u012bbas ar m\u016bsu cinkoto G209 va\u017eu un citiem uzticamiem risin\u0101jumiem.<\/p>\n<p>Modelis: 1018473, 1018491, 1018455, 1019490, 1018419, 1018507, 1018570, 1017582, 1017516, 1018428, 1018437, 1018525, 1018632, 1017450, 1017494, 1018393, 1018543, 1018552, 1018598, 1018641<\/p>\n<p><img fetchpriority=\"high\" decoding=\"async\" class=\"alignnone size-full wp-image-3813\" src=\"http:\/\/qingdaohf.com\/wp-content\/uploads\/2023\/05\/G209-G210-shackle.jpg\" alt=\"G209 G210 skava\" width=\"1000\" height=\"1296\" srcset=\"https:\/\/qingdaohf.com\/wp-content\/uploads\/2023\/05\/G209-G210-shackle.jpg 1000w, https:\/\/qingdaohf.com\/wp-content\/uploads\/2023\/05\/G209-G210-shackle-231x300.jpg 231w, https:\/\/qingdaohf.com\/wp-content\/uploads\/2023\/05\/G209-G210-shackle-790x1024.jpg 790w, https:\/\/qingdaohf.com\/wp-content\/uploads\/2023\/05\/G209-G210-shackle-768x995.jpg 768w\" sizes=\"(max-width: 1000px) 100vw, 1000px\" \/> <img decoding=\"async\" class=\"alignnone size-full wp-image-3814\" src=\"http:\/\/qingdaohf.com\/wp-content\/uploads\/2023\/05\/S209-T.jpg\" alt=\"S209T\" width=\"1000\" height=\"638\" srcset=\"https:\/\/qingdaohf.com\/wp-content\/uploads\/2023\/05\/S209-T.jpg 1000w, https:\/\/qingdaohf.com\/wp-content\/uploads\/2023\/05\/S209-T-300x191.jpg 300w, https:\/\/qingdaohf.com\/wp-content\/uploads\/2023\/05\/S209-T-768x490.jpg 768w\" sizes=\"(max-width: 1000px) 100vw, 1000px\" \/><\/p>","protected":false},"excerpt":{"rendered":"<p>G209 va\u017eas ir paz\u012bstamas ar savu iztur\u012bbu, iztur\u012bbu un lieto\u0161anas \u0113rtumu, t\u0101p\u0113c t\u0101s ir ieteicama izv\u0113le da\u017e\u0101diem lietojumiem da\u017e\u0101d\u0101s nozar\u0113s.<\/p>\n<p>Augsta iztur\u012bba: Izgatavota no augst\u0101k\u0101s kvalit\u0101tes materi\u0101liem, G209 va\u017eas ir \u012bpa\u0161i iztur\u012bgas, lai iztur\u0113tu lielas slodzes un skarbus apst\u0101k\u013cus.<\/p>\n<p>Univers\u0101ls dizains: G209 va\u017eas ir pieejami da\u017e\u0101di izm\u0113ri un konfigur\u0101cijas, t\u0101p\u0113c t\u0101s ir piel\u0101gojamas da\u017e\u0101diem takel\u0101\u017eas lietojumiem, nodro\u0161inot elast\u012bbu un \u0113rt\u012bbas.<\/p>\n<p>Iztur\u012bga konstrukcija: Lai nodro\u0161in\u0101tu ilgm\u016b\u017e\u012bbu un uzticam\u012bbu, katra G209 skava tiek r\u016bp\u012bgi test\u0113ta, t\u0101d\u0113j\u0101di samazinot d\u012bkst\u0101ves laiku un apkopes izmaksas.<\/p>","protected":false},"featured_media":6311,"comment_status":"open","ping_status":"closed","template":"","meta":{"site-sidebar-layout":"default","site-content-layout":"default","ast-site-content-layout":"default","site-content-style":"default","site-sidebar-style":"default","ast-global-header-display":"","ast-banner-title-visibility":"","ast-main-header-display":"","ast-hfb-above-header-display":"","ast-hfb-below-header-display":"","ast-hfb-mobile-header-display":"","site-post-title":"","ast-breadcrumbs-content":"","ast-featured-img":"","footer-sml-layout":"","theme-transparent-header-meta":"default","adv-header-id-meta":"","stick-header-meta":"default","header-above-stick-meta":"","header-main-stick-meta":"","header-below-stick-meta":"","astra-migrate-meta-layouts":"set","ast-page-background-enabled":"default","ast-page-background-meta":{"desktop":{"background-color":"","background-image":"","background-repeat":"repeat","background-position":"center center","background-size":"auto","background-attachment":"scroll","background-type":"","background-media":"","overlay-type":"","overlay-color":"","overlay-opacity":"","overlay-gradient":""},"tablet":{"background-color":"","background-image":"","background-repeat":"repeat","background-position":"center center","background-size":"auto","background-attachment":"scroll","background-type":"","background-media":"","overlay-type":"","overlay-color":"","overlay-opacity":"","overlay-gradient":""},"mobile":{"background-color":"","background-image":"","background-repeat":"repeat","background-position":"center center","background-size":"auto","background-attachment":"scroll","background-type":"","background-media":"","overlay-type":"","overlay-color":"","overlay-opacity":"","overlay-gradient":""}},"ast-content-background-meta":{"desktop":{"background-color":"var(--ast-global-color-5)","background-image":"","background-repeat":"repeat","background-position":"center center","background-size":"auto","background-attachment":"scroll","background-type":"","background-media":"","overlay-type":"","overlay-color":"","overlay-opacity":"","overlay-gradient":""},"tablet":{"background-color":"var(--ast-global-color-5)","background-image":"","background-repeat":"repeat","background-position":"center center","background-size":"auto","background-attachment":"scroll","background-type":"","background-media":"","overlay-type":"","overlay-color":"","overlay-opacity":"","overlay-gradient":""},"mobile":{"background-color":"var(--ast-global-color-5)","background-image":"","background-repeat":"repeat","background-position":"center center","background-size":"auto","background-attachment":"scroll","background-type":"","background-media":"","overlay-type":"","overlay-color":"","overlay-opacity":"","overlay-gradient":""}}},"product_brand":[],"product_cat":[43,54],"product_tag":[],"class_list":{"0":"post-4622","1":"product","2":"type-product","3":"status-publish","4":"has-post-thumbnail","6":"product_cat-rigging-hardware","7":"product_cat-shackle","8":"desktop-align-left","9":"tablet-align-left","10":"mobile-align-left","11":"ast-product-gallery-layout-horizontal-slider","12":"ast-product-tabs-layout-horizontal","14":"first","15":"instock","16":"shipping-taxable","17":"purchasable","18":"product-type-simple"},"yoast_head":"<!-- This site is optimized with the Yoast SEO plugin v25.2 - https:\/\/yoast.com\/wordpress\/plugins\/seo\/ -->\n<title>G209 Bow Shackle S209 Screw Pin Ancho Shackle<\/title>\n<meta name=\"description\" content=\"The G209 Galvanized Shackle is an essential and reliable hardware component widely used in various industries and applications.\" \/>\n<meta name=\"robots\" content=\"index, follow, max-snippet:-1, max-image-preview:large, max-video-preview:-1\" \/>\n<link rel=\"canonical\" href=\"https:\/\/qingdaohf.com\/lv\/products\/g209-kronsteins\/\" \/>\n<meta property=\"og:locale\" content=\"lv_LV\" \/>\n<meta property=\"og:type\" content=\"article\" \/>\n<meta property=\"og:title\" content=\"G209 Bow Shackle S209 Screw Pin Ancho Shackle\" \/>\n<meta property=\"og:description\" content=\"The G209 Galvanized Shackle is an essential and reliable hardware component widely used in various industries and applications.\" \/>\n<meta property=\"og:url\" content=\"https:\/\/qingdaohf.com\/lv\/products\/g209-kronsteins\/\" \/>\n<meta property=\"og:site_name\" content=\"Concrete Form &amp; Rigging Hardware Supplier\" \/>\n<meta property=\"article:publisher\" content=\"https:\/\/www.facebook.com\/qingdaohf\" \/>\n<meta property=\"article:modified_time\" content=\"2025-11-13T01:04:03+00:00\" \/>\n<meta property=\"og:image\" content=\"https:\/\/qingdaohf.com\/wp-content\/uploads\/2023\/07\/209-shackle-2.jpg\" \/>\n\t<meta property=\"og:image:width\" content=\"1000\" \/>\n\t<meta property=\"og:image:height\" content=\"1000\" \/>\n\t<meta property=\"og:image:type\" content=\"image\/jpeg\" \/>\n<meta name=\"twitter:card\" content=\"summary_large_image\" \/>\n<meta name=\"twitter:label1\" content=\"Est. reading time\" \/>\n\t<meta name=\"twitter:data1\" content=\"3 min\u016btes\" \/>\n<script type=\"application\/ld+json\" class=\"yoast-schema-graph\">{\"@context\":\"https:\/\/schema.org\",\"@graph\":[{\"@type\":\"WebPage\",\"@id\":\"https:\/\/qingdaohf.com\/product\/g209-shackle\/\",\"url\":\"https:\/\/qingdaohf.com\/product\/g209-shackle\/\",\"name\":\"G209 Bow Shackle S209 Screw Pin Ancho Shackle\",\"isPartOf\":{\"@id\":\"https:\/\/qingdaohf.com\/bg\/#website\"},\"primaryImageOfPage\":{\"@id\":\"https:\/\/qingdaohf.com\/product\/g209-shackle\/#primaryimage\"},\"image\":{\"@id\":\"https:\/\/qingdaohf.com\/product\/g209-shackle\/#primaryimage\"},\"thumbnailUrl\":\"https:\/\/qingdaohf.com\/wp-content\/uploads\/2023\/07\/209-shackle-2.jpg\",\"datePublished\":\"2023-07-05T09:16:50+00:00\",\"dateModified\":\"2025-11-13T01:04:03+00:00\",\"description\":\"The G209 Galvanized Shackle is an essential and reliable hardware component widely used in various industries and applications.\",\"breadcrumb\":{\"@id\":\"https:\/\/qingdaohf.com\/product\/g209-shackle\/#breadcrumb\"},\"inLanguage\":\"lv-LV\",\"potentialAction\":[{\"@type\":\"ReadAction\",\"target\":[\"https:\/\/qingdaohf.com\/product\/g209-shackle\/\"]}]},{\"@type\":\"ImageObject\",\"inLanguage\":\"lv-LV\",\"@id\":\"https:\/\/qingdaohf.com\/product\/g209-shackle\/#primaryimage\",\"url\":\"https:\/\/qingdaohf.com\/wp-content\/uploads\/2023\/07\/209-shackle-2.jpg\",\"contentUrl\":\"https:\/\/qingdaohf.com\/wp-content\/uploads\/2023\/07\/209-shackle-2.jpg\",\"width\":1000,\"height\":1000,\"caption\":\"209 shackle\"},{\"@type\":\"BreadcrumbList\",\"@id\":\"https:\/\/qingdaohf.com\/product\/g209-shackle\/#breadcrumb\",\"itemListElement\":[{\"@type\":\"ListItem\",\"position\":1,\"name\":\"Home\",\"item\":\"https:\/\/qingdaohf.com\/\"},{\"@type\":\"ListItem\",\"position\":2,\"name\":\"Concrete Forming Accessories and Rigging Hardware\",\"item\":\"https:\/\/qingdaohf.com\/bg\/?page_id=944\"},{\"@type\":\"ListItem\",\"position\":3,\"name\":\"G209 Bow Shackle S209 Screw Pin Ancho Shackle\"}]},{\"@type\":\"WebSite\",\"@id\":\"https:\/\/qingdaohf.com\/bg\/#website\",\"url\":\"https:\/\/qingdaohf.com\/bg\/\",\"name\":\"Concrete Form & Rigging Hardware Supplier\",\"description\":\"\",\"publisher\":{\"@id\":\"https:\/\/qingdaohf.com\/bg\/#organization\"},\"potentialAction\":[{\"@type\":\"SearchAction\",\"target\":{\"@type\":\"EntryPoint\",\"urlTemplate\":\"https:\/\/qingdaohf.com\/bg\/?s={search_term_string}\"},\"query-input\":{\"@type\":\"PropertyValueSpecification\",\"valueRequired\":true,\"valueName\":\"search_term_string\"}}],\"inLanguage\":\"lv-LV\"},{\"@type\":\"Organization\",\"@id\":\"https:\/\/qingdaohf.com\/bg\/#organization\",\"name\":\"Qingdao H&F\",\"url\":\"https:\/\/qingdaohf.com\/bg\/\",\"logo\":{\"@type\":\"ImageObject\",\"inLanguage\":\"lv-LV\",\"@id\":\"https:\/\/qingdaohf.com\/bg\/#\/schema\/logo\/image\/\",\"url\":\"https:\/\/qingdaohf.com\/wp-content\/uploads\/2022\/12\/cropped-HF-LOGO.png\",\"contentUrl\":\"https:\/\/qingdaohf.com\/wp-content\/uploads\/2022\/12\/cropped-HF-LOGO.png\",\"width\":391,\"height\":249,\"caption\":\"Qingdao H&F\"},\"image\":{\"@id\":\"https:\/\/qingdaohf.com\/bg\/#\/schema\/logo\/image\/\"},\"sameAs\":[\"https:\/\/www.facebook.com\/qingdaohf\"]}]}<\/script>\n<!-- \/ Yoast SEO plugin. -->","yoast_head_json":{"title":"G209 Bow Shackle S209 Screw Pin Ancho Shackle","description":"The G209 Galvanized Shackle is an essential and reliable hardware component widely used in various industries and applications.","robots":{"index":"index","follow":"follow","max-snippet":"max-snippet:-1","max-image-preview":"max-image-preview:large","max-video-preview":"max-video-preview:-1"},"canonical":"https:\/\/qingdaohf.com\/lv\/products\/g209-kronsteins\/","og_locale":"lv_LV","og_type":"article","og_title":"G209 Bow Shackle S209 Screw Pin Ancho Shackle","og_description":"The G209 Galvanized Shackle is an essential and reliable hardware component widely used in various industries and applications.","og_url":"https:\/\/qingdaohf.com\/lv\/products\/g209-kronsteins\/","og_site_name":"Concrete Form &amp; Rigging Hardware Supplier","article_publisher":"https:\/\/www.facebook.com\/qingdaohf","article_modified_time":"2025-11-13T01:04:03+00:00","og_image":[{"width":1000,"height":1000,"url":"https:\/\/qingdaohf.com\/wp-content\/uploads\/2023\/07\/209-shackle-2.jpg","type":"image\/jpeg"}],"twitter_card":"summary_large_image","twitter_misc":{"Est. reading time":"3 min\u016btes"},"schema":{"@context":"https:\/\/schema.org","@graph":[{"@type":"WebPage","@id":"https:\/\/qingdaohf.com\/product\/g209-shackle\/","url":"https:\/\/qingdaohf.com\/product\/g209-shackle\/","name":"G209 Bow Shackle S209 Screw Pin Ancho Shackle","isPartOf":{"@id":"https:\/\/qingdaohf.com\/bg\/#website"},"primaryImageOfPage":{"@id":"https:\/\/qingdaohf.com\/product\/g209-shackle\/#primaryimage"},"image":{"@id":"https:\/\/qingdaohf.com\/product\/g209-shackle\/#primaryimage"},"thumbnailUrl":"https:\/\/qingdaohf.com\/wp-content\/uploads\/2023\/07\/209-shackle-2.jpg","datePublished":"2023-07-05T09:16:50+00:00","dateModified":"2025-11-13T01:04:03+00:00","description":"The G209 Galvanized Shackle is an essential and reliable hardware component widely used in various industries and applications.","breadcrumb":{"@id":"https:\/\/qingdaohf.com\/product\/g209-shackle\/#breadcrumb"},"inLanguage":"lv-LV","potentialAction":[{"@type":"ReadAction","target":["https:\/\/qingdaohf.com\/product\/g209-shackle\/"]}]},{"@type":"ImageObject","inLanguage":"lv-LV","@id":"https:\/\/qingdaohf.com\/product\/g209-shackle\/#primaryimage","url":"https:\/\/qingdaohf.com\/wp-content\/uploads\/2023\/07\/209-shackle-2.jpg","contentUrl":"https:\/\/qingdaohf.com\/wp-content\/uploads\/2023\/07\/209-shackle-2.jpg","width":1000,"height":1000,"caption":"209 shackle"},{"@type":"BreadcrumbList","@id":"https:\/\/qingdaohf.com\/product\/g209-shackle\/#breadcrumb","itemListElement":[{"@type":"ListItem","position":1,"name":"Home","item":"https:\/\/qingdaohf.com\/"},{"@type":"ListItem","position":2,"name":"Concrete Forming Accessories and Rigging Hardware","item":"https:\/\/qingdaohf.com\/bg\/?page_id=944"},{"@type":"ListItem","position":3,"name":"G209 Bow Shackle S209 Screw Pin Ancho Shackle"}]},{"@type":"WebSite","@id":"https:\/\/qingdaohf.com\/bg\/#website","url":"https:\/\/qingdaohf.com\/bg\/","name":"Concrete Form & Rigging Hardware Supplier","description":"","publisher":{"@id":"https:\/\/qingdaohf.com\/bg\/#organization"},"potentialAction":[{"@type":"SearchAction","target":{"@type":"EntryPoint","urlTemplate":"https:\/\/qingdaohf.com\/bg\/?s={search_term_string}"},"query-input":{"@type":"PropertyValueSpecification","valueRequired":true,"valueName":"search_term_string"}}],"inLanguage":"lv-LV"},{"@type":"Organization","@id":"https:\/\/qingdaohf.com\/bg\/#organization","name":"Qingdao H&F","url":"https:\/\/qingdaohf.com\/bg\/","logo":{"@type":"ImageObject","inLanguage":"lv-LV","@id":"https:\/\/qingdaohf.com\/bg\/#\/schema\/logo\/image\/","url":"https:\/\/qingdaohf.com\/wp-content\/uploads\/2022\/12\/cropped-HF-LOGO.png","contentUrl":"https:\/\/qingdaohf.com\/wp-content\/uploads\/2022\/12\/cropped-HF-LOGO.png","width":391,"height":249,"caption":"Qingdao H&F"},"image":{"@id":"https:\/\/qingdaohf.com\/bg\/#\/schema\/logo\/image\/"},"sameAs":["https:\/\/www.facebook.com\/qingdaohf"]}]}},"_links":{"self":[{"href":"https:\/\/qingdaohf.com\/lv\/wp-json\/wp\/v2\/product\/4622","targetHints":{"allow":["GET"]}}],"collection":[{"href":"https:\/\/qingdaohf.com\/lv\/wp-json\/wp\/v2\/product"}],"about":[{"href":"https:\/\/qingdaohf.com\/lv\/wp-json\/wp\/v2\/types\/product"}],"replies":[{"embeddable":true,"href":"https:\/\/qingdaohf.com\/lv\/wp-json\/wp\/v2\/comments?post=4622"}],"version-history":[{"count":7,"href":"https:\/\/qingdaohf.com\/lv\/wp-json\/wp\/v2\/product\/4622\/revisions"}],"predecessor-version":[{"id":6301,"href":"https:\/\/qingdaohf.com\/lv\/wp-json\/wp\/v2\/product\/4622\/revisions\/6301"}],"wp:featuredmedia":[{"embeddable":true,"href":"https:\/\/qingdaohf.com\/lv\/wp-json\/wp\/v2\/media\/6311"}],"wp:attachment":[{"href":"https:\/\/qingdaohf.com\/lv\/wp-json\/wp\/v2\/media?parent=4622"}],"wp:term":[{"taxonomy":"product_brand","embeddable":true,"href":"https:\/\/qingdaohf.com\/lv\/wp-json\/wp\/v2\/product_brand?post=4622"},{"taxonomy":"product_cat","embeddable":true,"href":"https:\/\/qingdaohf.com\/lv\/wp-json\/wp\/v2\/product_cat?post=4622"},{"taxonomy":"product_tag","embeddable":true,"href":"https:\/\/qingdaohf.com\/lv\/wp-json\/wp\/v2\/product_tag?post=4622"}],"curies":[{"name":"wp","href":"https:\/\/api.w.org\/{rel}","templated":true}]}}