{"id":5246,"date":"2023-09-08T14:27:43","date_gmt":"2023-09-08T06:27:43","guid":{"rendered":"http:\/\/qingdaohf.com\/?post_type=product&#038;p=5246"},"modified":"2025-11-13T09:04:02","modified_gmt":"2025-11-13T01:04:02","slug":"flat-tie-wall-tie-for-concrete-formwork","status":"publish","type":"product","link":"https:\/\/qingdaohf.com\/lv\/products\/plakana-sienu-kaklasaite-betona-veidniem\/","title":{"rendered":"Plakana kaklasaite Sienas kaklasaite betona veid\u0146iem"},"content":{"rendered":"<div class=\"ast-oembed-container\" style=\"height: 100%;\"><iframe title=\"H&amp;F plakan\u0101 sienu saite betonam\" width=\"500\" height=\"281\" src=\"https:\/\/www.youtube.com\/embed\/IIGgVYI9kEg?feature=oembed\" frameborder=\"0\" allow=\"accelerometer; autoplay; clipboard-write; encrypted-media; gyroscope; picture-in-picture; web-share\" referrerpolicy=\"strict-origin-when-cross-origin\" allowfullscreen><\/iframe><\/div>\n<p><img fetchpriority=\"high\" decoding=\"async\" class=\"alignnone size-full wp-image-5262\" src=\"http:\/\/qingdaohf.com\/wp-content\/uploads\/2023\/09\/flat-tie-1.png\" alt=\"plakana kaklasaite\" width=\"1544\" height=\"1468\" srcset=\"https:\/\/qingdaohf.com\/wp-content\/uploads\/2023\/09\/flat-tie-1.png 1544w, https:\/\/qingdaohf.com\/wp-content\/uploads\/2023\/09\/flat-tie-1-300x285.png 300w, https:\/\/qingdaohf.com\/wp-content\/uploads\/2023\/09\/flat-tie-1-1024x974.png 1024w, https:\/\/qingdaohf.com\/wp-content\/uploads\/2023\/09\/flat-tie-1-768x730.png 768w, https:\/\/qingdaohf.com\/wp-content\/uploads\/2023\/09\/flat-tie-1-1536x1460.png 1536w, https:\/\/qingdaohf.com\/wp-content\/uploads\/2023\/09\/flat-tie-1-1000x951.png 1000w\" sizes=\"(max-width: 1544px) 100vw, 1544px\" \/><\/p>\n<p><strong>1. Kvalit\u0101te un iztur\u012bba:<\/strong> M\u0113s apzin\u0101mies, ka plakan\u0101s saites ir neat\u0146emama j\u016bsu b\u016bvniec\u012bbas projektu veiksmes sast\u0101vda\u013ca. Kvalit\u0101te un ilgm\u016b\u017e\u012bba ir neatsverama, kad runa ir par \u0161iem b\u016btiskajiem piederumiem. M\u016bsu kooperat\u012bv\u0101 r\u016bpn\u012bca ar 20 gadu pieredzi betona form\u0113\u0161anas piederumu, tostarp plakan\u0101s saites, ra\u017eo\u0161an\u0101 nodro\u0161ina, ka m\u016bsu produkti atbilst un p\u0101rsniedz nozares standartus. Pa\u013caujieties uz mums, ja j\u016bsu betona veid\u0146u konstrukcijas ir iztur\u012bgas un nodro\u0161ina to integrit\u0101ti.<\/p>\n<p><strong>2. Piel\u0101go\u0161anas opcijas:<\/strong> J\u016bsu projekti ir unik\u0101li, un m\u0113s saprotam, ka viens izm\u0113rs nav piem\u0113rots visiem. T\u0101p\u0113c Qingdao H&amp;F pied\u0101v\u0101 daudzveid\u012bgas piel\u0101go\u0161anas iesp\u0113jas. Piel\u0101gojiet savas plakan\u0101s saites prec\u012bz\u0101m specifik\u0101cij\u0101m, nodro\u0161inot nevainojamu integr\u0101ciju j\u016bsu b\u016bvniec\u012bbas procesos. M\u016bsu ap\u0146em\u0161an\u0101s piel\u0101goties \u013cauj jums sasniegt liel\u0101ku efektivit\u0101ti un dro\u0161\u012bbu.<\/p>\n<p><strong>3. Pieejam\u012bba un konkur\u0113tsp\u0113j\u012bgas cenas:<\/strong> B\u016bvniec\u012bbas nozar\u0113 laiks ir \u013coti svar\u012bgs. M\u0113s glab\u0101jam iev\u0113rojamu betona veid\u0146u piederumu, tostarp plakan\u0101s saites, kr\u0101jumu, kas pieejams lielos daudzumos, nodro\u0161inot, ka jums ir pieejami \u0161ie svar\u012bgie komponenti, kad tie ir nepiecie\u0161ami. Esiet dro\u0161i, ka m\u016bsu konkur\u0113tsp\u0113j\u012bg\u0101s cenas nodro\u0161ina rentablus risin\u0101jumus, nemazinot kvalit\u0101ti.<\/p>\n<p><strong>4. Kvalit\u0101tes nodro\u0161in\u0101\u0161ana:<\/strong> J\u016bsu miers mums ir vissvar\u012bg\u0101kais. Kop\u0101 ar katru plakano kaklasaiti m\u0113s sniedzam visaptvero\u0161u kvalit\u0101tes kontroles p\u0101rbaudes zi\u0146ojumu, kas apliecina m\u016bsu nelok\u0101mo uztic\u012bbu kvalit\u0101tei. \u0160is zi\u0146ojums kalpo k\u0101 konkr\u0113ts pier\u0101d\u012bjums m\u016bsu ap\u0146\u0113m\u012bbai pieg\u0101d\u0101t augst\u0101k\u0101s kvalit\u0101tes produktus.<\/p>\n<p><strong>5. Uz klientu orient\u0113ta pieeja:<\/strong> Uz\u0146\u0113mum\u0101 Qingdao H&amp;F m\u0113s augstu v\u0113rt\u0113jam attiec\u012bbas, ko veidojam ar saviem klientiem. M\u016bsu individu\u0101lie pakalpojumi ir paredz\u0113ti, lai sniegtu jums personaliz\u0113tus ieteikumus, pal\u012bdzot izv\u0113l\u0113ties ide\u0101lus plakan\u0101s kaklasaites risin\u0101jumus j\u016bsu projektiem. Turkl\u0101t m\u0113s pied\u0101v\u0101jam bezmaksas paraugus, lai j\u016bs var\u0113tu nov\u0113rt\u0113t m\u016bsu izstr\u0101d\u0101jumu piem\u0113rot\u012bbu j\u016bsu konkr\u0113tajam pielietojumam.<\/p>\n<p><strong>Nobeigum\u0101:<\/strong> J\u016bsu k\u0101 pirc\u0113ja pras\u012bbas p\u0113c kvalit\u0101tes, iztur\u012bbas, piel\u0101go\u0161anas, konkur\u0113tsp\u0113j\u012bg\u0101m cen\u0101m un izcila klientu atbalsta ir m\u016bsu priorit\u0101te. Qingdao H&amp;F, kam ir pla\u0161a pieredze nozar\u0113, sava kooperat\u012bva r\u016bpn\u012bca un sp\u0113c\u012bga kl\u0101tb\u016btne k\u0101 ra\u017eot\u0101jam, pieg\u0101d\u0101t\u0101jam, p\u0101rdev\u0113jam, vairumtirgot\u0101jam, d\u012blerim, izplat\u012bt\u0101jam un uz\u0146\u0113mumam \u0136\u012bn\u0101, ir j\u016bsu ide\u0101lais partneris j\u016bsu betona veid\u0146u vajadz\u012bb\u0101m.<\/p>\n<p>Uzticieties mums, lai izpild\u012btu j\u016bsu plakano kaklasau\u017eu pras\u012bbas, un izbaudiet priek\u0161roc\u012bbas, ko sniedz sadarb\u012bba ar uz\u0146\u0113mumu, kas ir velt\u012bts izcil\u012bbai visos m\u016bsu produktu un pakalpojumu aspektos. J\u016bsu apmierin\u0101t\u012bba ir m\u016bsu priorit\u0101te, un m\u0113s ceram p\u0101rsp\u0113t j\u016bsu cer\u012bbas.<\/p>","protected":false},"excerpt":{"rendered":"<p>Kad mekl\u0113jat plakan\u0101s kaklasaites, m\u0113s saprotam, ka j\u016bsu pras\u012bbas ir specifiskas un j\u016bsu cer\u012bbas ir augstas. J\u016bsu galvenie apsv\u0113rumi ir kvalit\u0101te, iztur\u012bba, piel\u0101go\u0161anas iesp\u0113jas un uzticami avoti. \u0160aj\u0101 v\u0113st\u012bjum\u0101 m\u0113s izp\u0113t\u012bsim, k\u0101 Qingdao H&amp;F ar vair\u0101k nek\u0101 divu gadu desmitu pieredzi un unik\u0101l\u0101m priek\u0161roc\u012bb\u0101m k\u0101 uz\u0146\u0113mums, kas atrodas \u0136\u012bn\u0101, izce\u013cas, apmierinot \u0161\u012bs pras\u012bbas k\u0101 uzticams ra\u017eot\u0101js, r\u016bpn\u012bca, pieg\u0101d\u0101t\u0101js, p\u0101rdev\u0113js, vairumtirgot\u0101js, d\u012bleris, izplat\u012bt\u0101js un uz\u0146\u0113mums, kas specializ\u0113jas betona veid\u0146u piederumu jom\u0101.<\/p>","protected":false},"featured_media":5314,"comment_status":"open","ping_status":"closed","template":"","meta":{"site-sidebar-layout":"default","site-content-layout":"","ast-site-content-layout":"default","site-content-style":"default","site-sidebar-style":"default","ast-global-header-display":"","ast-banner-title-visibility":"","ast-main-header-display":"","ast-hfb-above-header-display":"","ast-hfb-below-header-display":"","ast-hfb-mobile-header-display":"","site-post-title":"","ast-breadcrumbs-content":"","ast-featured-img":"","footer-sml-layout":"","theme-transparent-header-meta":"default","adv-header-id-meta":"","stick-header-meta":"default","header-above-stick-meta":"","header-main-stick-meta":"","header-below-stick-meta":"","astra-migrate-meta-layouts":"set","ast-page-background-enabled":"default","ast-page-background-meta":{"desktop":{"background-color":"","background-image":"","background-repeat":"repeat","background-position":"center center","background-size":"auto","background-attachment":"scroll","background-type":"","background-media":"","overlay-type":"","overlay-color":"","overlay-opacity":"","overlay-gradient":""},"tablet":{"background-color":"","background-image":"","background-repeat":"repeat","background-position":"center center","background-size":"auto","background-attachment":"scroll","background-type":"","background-media":"","overlay-type":"","overlay-color":"","overlay-opacity":"","overlay-gradient":""},"mobile":{"background-color":"","background-image":"","background-repeat":"repeat","background-position":"center center","background-size":"auto","background-attachment":"scroll","background-type":"","background-media":"","overlay-type":"","overlay-color":"","overlay-opacity":"","overlay-gradient":""}},"ast-content-background-meta":{"desktop":{"background-color":"var(--ast-global-color-5)","background-image":"","background-repeat":"repeat","background-position":"center center","background-size":"auto","background-attachment":"scroll","background-type":"","background-media":"","overlay-type":"","overlay-color":"","overlay-opacity":"","overlay-gradient":""},"tablet":{"background-color":"var(--ast-global-color-5)","background-image":"","background-repeat":"repeat","background-position":"center center","background-size":"auto","background-attachment":"scroll","background-type":"","background-media":"","overlay-type":"","overlay-color":"","overlay-opacity":"","overlay-gradient":""},"mobile":{"background-color":"var(--ast-global-color-5)","background-image":"","background-repeat":"repeat","background-position":"center center","background-size":"auto","background-attachment":"scroll","background-type":"","background-media":"","overlay-type":"","overlay-color":"","overlay-opacity":"","overlay-gradient":""}}},"product_brand":[],"product_cat":[50,20,64],"product_tag":[],"class_list":{"0":"post-5246","1":"product","2":"type-product","3":"status-publish","4":"has-post-thumbnail","6":"product_cat-concrete-form-accessories","7":"product_cat-concrete-wall-tie","8":"product_cat-concrete-flat-tie","9":"desktop-align-left","10":"tablet-align-left","11":"mobile-align-left","12":"ast-product-gallery-layout-horizontal-slider","13":"ast-product-tabs-layout-horizontal","15":"first","16":"instock","17":"shipping-taxable","18":"purchasable","19":"product-type-simple"},"yoast_head":"<!-- This site is optimized with the Yoast SEO plugin v25.2 - https:\/\/yoast.com\/wordpress\/plugins\/seo\/ -->\n<title>Flat Tie Wall Tie For Concrete Formwork<\/title>\n<meta name=\"description\" content=\"When it comes to your search for flat ties, we understand that your demands are specific and your expectations are high. Your primary considerations include quality, durability, customization options, and reliable sourcing.\" \/>\n<meta name=\"robots\" content=\"index, follow, max-snippet:-1, max-image-preview:large, max-video-preview:-1\" \/>\n<link rel=\"canonical\" href=\"https:\/\/qingdaohf.com\/lv\/products\/plakana-sienu-kaklasaite-betona-veidniem\/\" \/>\n<meta property=\"og:locale\" content=\"lv_LV\" \/>\n<meta property=\"og:type\" content=\"article\" \/>\n<meta property=\"og:title\" content=\"Flat Tie Wall Tie For Concrete Formwork\" \/>\n<meta property=\"og:description\" content=\"When it comes to your search for flat ties, we understand that your demands are specific and your expectations are high. Your primary considerations include quality, durability, customization options, and reliable sourcing.\" \/>\n<meta property=\"og:url\" content=\"https:\/\/qingdaohf.com\/lv\/products\/plakana-sienu-kaklasaite-betona-veidniem\/\" \/>\n<meta property=\"og:site_name\" content=\"Concrete Form &amp; Rigging Hardware Supplier\" \/>\n<meta property=\"article:publisher\" content=\"https:\/\/www.facebook.com\/qingdaohf\" \/>\n<meta property=\"article:modified_time\" content=\"2025-11-13T01:04:02+00:00\" \/>\n<meta property=\"og:image\" content=\"https:\/\/qingdaohf.com\/wp-content\/uploads\/2023\/09\/flat-tie-2-1.jpg\" \/>\n\t<meta property=\"og:image:width\" content=\"1000\" \/>\n\t<meta property=\"og:image:height\" content=\"1000\" \/>\n\t<meta property=\"og:image:type\" content=\"image\/jpeg\" \/>\n<meta name=\"twitter:card\" content=\"summary_large_image\" \/>\n<meta name=\"twitter:label1\" content=\"Est. reading time\" \/>\n\t<meta name=\"twitter:data1\" content=\"3 min\u016btes\" \/>\n<script type=\"application\/ld+json\" class=\"yoast-schema-graph\">{\"@context\":\"https:\/\/schema.org\",\"@graph\":[{\"@type\":\"WebPage\",\"@id\":\"https:\/\/qingdaohf.com\/product\/flat-tie-wall-tie-for-concrete-formwork\/\",\"url\":\"https:\/\/qingdaohf.com\/product\/flat-tie-wall-tie-for-concrete-formwork\/\",\"name\":\"Flat Tie Wall Tie For Concrete Formwork\",\"isPartOf\":{\"@id\":\"https:\/\/qingdaohf.com\/bg\/#website\"},\"primaryImageOfPage\":{\"@id\":\"https:\/\/qingdaohf.com\/product\/flat-tie-wall-tie-for-concrete-formwork\/#primaryimage\"},\"image\":{\"@id\":\"https:\/\/qingdaohf.com\/product\/flat-tie-wall-tie-for-concrete-formwork\/#primaryimage\"},\"thumbnailUrl\":\"https:\/\/qingdaohf.com\/wp-content\/uploads\/2023\/09\/flat-tie-2-1.jpg\",\"datePublished\":\"2023-09-08T06:27:43+00:00\",\"dateModified\":\"2025-11-13T01:04:02+00:00\",\"description\":\"When it comes to your search for flat ties, we understand that your demands are specific and your expectations are high. Your primary considerations include quality, durability, customization options, and reliable sourcing.\",\"breadcrumb\":{\"@id\":\"https:\/\/qingdaohf.com\/product\/flat-tie-wall-tie-for-concrete-formwork\/#breadcrumb\"},\"inLanguage\":\"lv-LV\",\"potentialAction\":[{\"@type\":\"ReadAction\",\"target\":[\"https:\/\/qingdaohf.com\/product\/flat-tie-wall-tie-for-concrete-formwork\/\"]}]},{\"@type\":\"ImageObject\",\"inLanguage\":\"lv-LV\",\"@id\":\"https:\/\/qingdaohf.com\/product\/flat-tie-wall-tie-for-concrete-formwork\/#primaryimage\",\"url\":\"https:\/\/qingdaohf.com\/wp-content\/uploads\/2023\/09\/flat-tie-2-1.jpg\",\"contentUrl\":\"https:\/\/qingdaohf.com\/wp-content\/uploads\/2023\/09\/flat-tie-2-1.jpg\",\"width\":1000,\"height\":1000,\"caption\":\"flat tie\"},{\"@type\":\"BreadcrumbList\",\"@id\":\"https:\/\/qingdaohf.com\/product\/flat-tie-wall-tie-for-concrete-formwork\/#breadcrumb\",\"itemListElement\":[{\"@type\":\"ListItem\",\"position\":1,\"name\":\"Home\",\"item\":\"https:\/\/qingdaohf.com\/\"},{\"@type\":\"ListItem\",\"position\":2,\"name\":\"Concrete Forming Accessories and Rigging Hardware\",\"item\":\"https:\/\/qingdaohf.com\/bg\/?page_id=944\"},{\"@type\":\"ListItem\",\"position\":3,\"name\":\"Flat Tie Wall Tie For Concrete Formwork\"}]},{\"@type\":\"WebSite\",\"@id\":\"https:\/\/qingdaohf.com\/bg\/#website\",\"url\":\"https:\/\/qingdaohf.com\/bg\/\",\"name\":\"Concrete Form & Rigging Hardware Supplier\",\"description\":\"\",\"publisher\":{\"@id\":\"https:\/\/qingdaohf.com\/bg\/#organization\"},\"potentialAction\":[{\"@type\":\"SearchAction\",\"target\":{\"@type\":\"EntryPoint\",\"urlTemplate\":\"https:\/\/qingdaohf.com\/bg\/?s={search_term_string}\"},\"query-input\":{\"@type\":\"PropertyValueSpecification\",\"valueRequired\":true,\"valueName\":\"search_term_string\"}}],\"inLanguage\":\"lv-LV\"},{\"@type\":\"Organization\",\"@id\":\"https:\/\/qingdaohf.com\/bg\/#organization\",\"name\":\"Qingdao H&F\",\"url\":\"https:\/\/qingdaohf.com\/bg\/\",\"logo\":{\"@type\":\"ImageObject\",\"inLanguage\":\"lv-LV\",\"@id\":\"https:\/\/qingdaohf.com\/bg\/#\/schema\/logo\/image\/\",\"url\":\"https:\/\/qingdaohf.com\/wp-content\/uploads\/2022\/12\/cropped-HF-LOGO.png\",\"contentUrl\":\"https:\/\/qingdaohf.com\/wp-content\/uploads\/2022\/12\/cropped-HF-LOGO.png\",\"width\":391,\"height\":249,\"caption\":\"Qingdao H&F\"},\"image\":{\"@id\":\"https:\/\/qingdaohf.com\/bg\/#\/schema\/logo\/image\/\"},\"sameAs\":[\"https:\/\/www.facebook.com\/qingdaohf\"]}]}<\/script>\n<!-- \/ Yoast SEO plugin. -->","yoast_head_json":{"title":"Flat Tie Wall Tie For Concrete Formwork","description":"When it comes to your search for flat ties, we understand that your demands are specific and your expectations are high. Your primary considerations include quality, durability, customization options, and reliable sourcing.","robots":{"index":"index","follow":"follow","max-snippet":"max-snippet:-1","max-image-preview":"max-image-preview:large","max-video-preview":"max-video-preview:-1"},"canonical":"https:\/\/qingdaohf.com\/lv\/products\/plakana-sienu-kaklasaite-betona-veidniem\/","og_locale":"lv_LV","og_type":"article","og_title":"Flat Tie Wall Tie For Concrete Formwork","og_description":"When it comes to your search for flat ties, we understand that your demands are specific and your expectations are high. Your primary considerations include quality, durability, customization options, and reliable sourcing.","og_url":"https:\/\/qingdaohf.com\/lv\/products\/plakana-sienu-kaklasaite-betona-veidniem\/","og_site_name":"Concrete Form &amp; Rigging Hardware Supplier","article_publisher":"https:\/\/www.facebook.com\/qingdaohf","article_modified_time":"2025-11-13T01:04:02+00:00","og_image":[{"width":1000,"height":1000,"url":"https:\/\/qingdaohf.com\/wp-content\/uploads\/2023\/09\/flat-tie-2-1.jpg","type":"image\/jpeg"}],"twitter_card":"summary_large_image","twitter_misc":{"Est. reading time":"3 min\u016btes"},"schema":{"@context":"https:\/\/schema.org","@graph":[{"@type":"WebPage","@id":"https:\/\/qingdaohf.com\/product\/flat-tie-wall-tie-for-concrete-formwork\/","url":"https:\/\/qingdaohf.com\/product\/flat-tie-wall-tie-for-concrete-formwork\/","name":"Flat Tie Wall Tie For Concrete Formwork","isPartOf":{"@id":"https:\/\/qingdaohf.com\/bg\/#website"},"primaryImageOfPage":{"@id":"https:\/\/qingdaohf.com\/product\/flat-tie-wall-tie-for-concrete-formwork\/#primaryimage"},"image":{"@id":"https:\/\/qingdaohf.com\/product\/flat-tie-wall-tie-for-concrete-formwork\/#primaryimage"},"thumbnailUrl":"https:\/\/qingdaohf.com\/wp-content\/uploads\/2023\/09\/flat-tie-2-1.jpg","datePublished":"2023-09-08T06:27:43+00:00","dateModified":"2025-11-13T01:04:02+00:00","description":"When it comes to your search for flat ties, we understand that your demands are specific and your expectations are high. Your primary considerations include quality, durability, customization options, and reliable sourcing.","breadcrumb":{"@id":"https:\/\/qingdaohf.com\/product\/flat-tie-wall-tie-for-concrete-formwork\/#breadcrumb"},"inLanguage":"lv-LV","potentialAction":[{"@type":"ReadAction","target":["https:\/\/qingdaohf.com\/product\/flat-tie-wall-tie-for-concrete-formwork\/"]}]},{"@type":"ImageObject","inLanguage":"lv-LV","@id":"https:\/\/qingdaohf.com\/product\/flat-tie-wall-tie-for-concrete-formwork\/#primaryimage","url":"https:\/\/qingdaohf.com\/wp-content\/uploads\/2023\/09\/flat-tie-2-1.jpg","contentUrl":"https:\/\/qingdaohf.com\/wp-content\/uploads\/2023\/09\/flat-tie-2-1.jpg","width":1000,"height":1000,"caption":"flat tie"},{"@type":"BreadcrumbList","@id":"https:\/\/qingdaohf.com\/product\/flat-tie-wall-tie-for-concrete-formwork\/#breadcrumb","itemListElement":[{"@type":"ListItem","position":1,"name":"Home","item":"https:\/\/qingdaohf.com\/"},{"@type":"ListItem","position":2,"name":"Concrete Forming Accessories and Rigging Hardware","item":"https:\/\/qingdaohf.com\/bg\/?page_id=944"},{"@type":"ListItem","position":3,"name":"Flat Tie Wall Tie For Concrete Formwork"}]},{"@type":"WebSite","@id":"https:\/\/qingdaohf.com\/bg\/#website","url":"https:\/\/qingdaohf.com\/bg\/","name":"Concrete Form & Rigging Hardware Supplier","description":"","publisher":{"@id":"https:\/\/qingdaohf.com\/bg\/#organization"},"potentialAction":[{"@type":"SearchAction","target":{"@type":"EntryPoint","urlTemplate":"https:\/\/qingdaohf.com\/bg\/?s={search_term_string}"},"query-input":{"@type":"PropertyValueSpecification","valueRequired":true,"valueName":"search_term_string"}}],"inLanguage":"lv-LV"},{"@type":"Organization","@id":"https:\/\/qingdaohf.com\/bg\/#organization","name":"Qingdao H&F","url":"https:\/\/qingdaohf.com\/bg\/","logo":{"@type":"ImageObject","inLanguage":"lv-LV","@id":"https:\/\/qingdaohf.com\/bg\/#\/schema\/logo\/image\/","url":"https:\/\/qingdaohf.com\/wp-content\/uploads\/2022\/12\/cropped-HF-LOGO.png","contentUrl":"https:\/\/qingdaohf.com\/wp-content\/uploads\/2022\/12\/cropped-HF-LOGO.png","width":391,"height":249,"caption":"Qingdao H&F"},"image":{"@id":"https:\/\/qingdaohf.com\/bg\/#\/schema\/logo\/image\/"},"sameAs":["https:\/\/www.facebook.com\/qingdaohf"]}]}},"_links":{"self":[{"href":"https:\/\/qingdaohf.com\/lv\/wp-json\/wp\/v2\/product\/5246","targetHints":{"allow":["GET"]}}],"collection":[{"href":"https:\/\/qingdaohf.com\/lv\/wp-json\/wp\/v2\/product"}],"about":[{"href":"https:\/\/qingdaohf.com\/lv\/wp-json\/wp\/v2\/types\/product"}],"replies":[{"embeddable":true,"href":"https:\/\/qingdaohf.com\/lv\/wp-json\/wp\/v2\/comments?post=5246"}],"version-history":[{"count":4,"href":"https:\/\/qingdaohf.com\/lv\/wp-json\/wp\/v2\/product\/5246\/revisions"}],"predecessor-version":[{"id":5317,"href":"https:\/\/qingdaohf.com\/lv\/wp-json\/wp\/v2\/product\/5246\/revisions\/5317"}],"wp:featuredmedia":[{"embeddable":true,"href":"https:\/\/qingdaohf.com\/lv\/wp-json\/wp\/v2\/media\/5314"}],"wp:attachment":[{"href":"https:\/\/qingdaohf.com\/lv\/wp-json\/wp\/v2\/media?parent=5246"}],"wp:term":[{"taxonomy":"product_brand","embeddable":true,"href":"https:\/\/qingdaohf.com\/lv\/wp-json\/wp\/v2\/product_brand?post=5246"},{"taxonomy":"product_cat","embeddable":true,"href":"https:\/\/qingdaohf.com\/lv\/wp-json\/wp\/v2\/product_cat?post=5246"},{"taxonomy":"product_tag","embeddable":true,"href":"https:\/\/qingdaohf.com\/lv\/wp-json\/wp\/v2\/product_tag?post=5246"}],"curies":[{"name":"wp","href":"https:\/\/api.w.org\/{rel}","templated":true}]}}