{"id":5473,"date":"2023-10-23T14:14:46","date_gmt":"2023-10-23T06:14:46","guid":{"rendered":"http:\/\/qingdaohf.com\/?post_type=product&#038;p=5473"},"modified":"2025-11-13T09:04:02","modified_gmt":"2025-11-13T01:04:02","slug":"webbing-sling-oem","status":"publish","type":"product","link":"https:\/\/qingdaohf.com\/lv\/products\/siksnu-siksna-oem\/","title":{"rendered":"Troses slings OEM"},"content":{"rendered":"<p><img fetchpriority=\"high\" decoding=\"async\" class=\"alignnone wp-image-5962 size-full\" src=\"http:\/\/qingdaohf.com\/wp-content\/uploads\/2023\/10\/HF-SLINGS-1-scaled.jpg\" alt=\"HF SLINGS \" width=\"1686\" height=\"1920\" srcset=\"https:\/\/qingdaohf.com\/wp-content\/uploads\/2023\/10\/HF-SLINGS-1-scaled.jpg 1686w, https:\/\/qingdaohf.com\/wp-content\/uploads\/2023\/10\/HF-SLINGS-1-264x300.jpg 264w, https:\/\/qingdaohf.com\/wp-content\/uploads\/2023\/10\/HF-SLINGS-1-899x1024.jpg 899w, https:\/\/qingdaohf.com\/wp-content\/uploads\/2023\/10\/HF-SLINGS-1-768x874.jpg 768w, https:\/\/qingdaohf.com\/wp-content\/uploads\/2023\/10\/HF-SLINGS-1-1349x1536.jpg 1349w, https:\/\/qingdaohf.com\/wp-content\/uploads\/2023\/10\/HF-SLINGS-1-1799x2048.jpg 1799w, https:\/\/qingdaohf.com\/wp-content\/uploads\/2023\/10\/HF-SLINGS-1-1000x1139.jpg 1000w\" sizes=\"(max-width: 1686px) 100vw, 1686px\" \/><\/p>\n<h3><strong>Kvalit\u0101tes nodro\u0161in\u0101\u0161ana:<\/strong><\/h3>\n<p>augst\u0101k\u0101s kvalit\u0101tes siksnu siksnas ir \u013coti svar\u012bgas dro\u0161\u012bbai un uzticam\u012bbai da\u017e\u0101dos lietojumos.<\/p>\n<p>Risin\u0101jums: Ieviest stingrus kvalit\u0101tes kontroles procesus, tostarp materi\u0101lu p\u0101rbaudes, ra\u017eo\u0161anas p\u0101rbaudes un tre\u0161o pu\u0161u sertifik\u0101ciju.<\/p>\n<h3><strong>Piel\u0101go\u0161anas opcijas:<\/strong><\/h3>\n<p>Jaut\u0101jums: Lai izpild\u012btu \u012bpa\u0161as projekta pras\u012bbas un nozares standartus, ir svar\u012bgi piel\u0101gotus risin\u0101jumus.<\/p>\n<p>Risin\u0101jums: Pied\u0101v\u0101jiet pla\u0161u piel\u0101go\u0161anas iesp\u0113ju kl\u0101stu, tostarp izm\u0113ru, garumu, kravnes\u012bbu un kr\u0101su kod\u0113jumu, lai apmierin\u0101tu da\u017e\u0101das klientu vajadz\u012bbas.<\/p>\n<h3><strong>Izmaksu konkur\u0113tsp\u0113ja:<\/strong><\/h3>\n<p>Jaut\u0101jums: Lai saglab\u0101tu konkur\u0113tsp\u0113ju tirg\u016b, ir svar\u012bgi atrast pareizo l\u012bdzsvaru starp kvalit\u0101ti un izmaks\u0101m.<\/p>\n<p>Risin\u0101jums: Risin\u0101jums: optimiz\u0113t ra\u017eo\u0161anas procesus, risin\u0101t sarunas ar pieg\u0101d\u0101t\u0101jiem un izmantot apjomrad\u012btus ietaup\u012bjumus, lai nodro\u0161in\u0101tu rentablus siksnu siksnu OEM risin\u0101jumus.<\/p>\n<h3><strong>Savlaic\u012bga pieg\u0101de:<\/strong><\/h3>\n<p>Jaut\u0101jums: Projekta termi\u0146u iev\u0113ro\u0161ana ir \u013coti svar\u012bga; pieg\u0101des kav\u0113jumi var trauc\u0113t darb\u012bbu un ietekm\u0113t klientu apmierin\u0101t\u012bbu.<\/p>\n<p>Risin\u0101jums: Risin\u0101jums: Racionaliz\u0113t ra\u017eo\u0161anas grafikus, uztur\u0113t pietiekamus kr\u0101jumus un izveidot efekt\u012bvu lo\u0123istiku, lai nodro\u0161in\u0101tu savlaic\u012bgu pieg\u0101di.<\/p>\n<h3><strong>Inov\u0101cijas un tehnolo\u0123ijas:<\/strong><\/h3>\n<p>Jaut\u0101jums: Lai nodro\u0161in\u0101tu progres\u012bvus risin\u0101jumus, ir b\u016btiski sekot l\u012bdzi tehnolo\u0123iskajiem sasniegumiem un nozares inov\u0101cij\u0101m.<\/p>\n<p>Risin\u0101jums: Risin\u0101jums: Ieguld\u012bt p\u0113tniec\u012bb\u0101 un att\u012bst\u012bb\u0101, sadarboties ar nozares ekspertiem un nep\u0101rtraukti moderniz\u0113t ra\u017eo\u0161anas procesus, lai tajos izmantotu jaun\u0101k\u0101s tehnolo\u0123ijas.<\/p>\n<h3><strong>Vides ilgtsp\u0113j\u012bba:<\/strong><\/h3>\n<p>Jaut\u0101jums: Arvien liel\u0101ks uzsvars uz ilgtsp\u0113j\u012bgu praksi prasa ap\u0146em\u0161anos izmantot videi draudz\u012bgus ra\u017eo\u0161anas procesus un materi\u0101lus.<\/p>\n<p>Risin\u0101jums: Pie\u0146emt videi draudz\u012bgu iepirk\u0161anas, ra\u017eo\u0161anas un izn\u012bcin\u0101\u0161anas praksi un ieg\u016bt attiec\u012bgus sertifik\u0101tus, lai apliecin\u0101tu ap\u0146em\u0161anos iev\u0113rot ilgtsp\u0113j\u012bbu.<\/p>\n<p>&nbsp;<\/p>\n<h2><strong>K\u0101 m\u016bsu uz\u0146\u0113mums apmierina Webbing Sling OEM vajadz\u012bbas:<\/strong><\/h2>\n<p>M\u016bsu uz\u0146\u0113mums atbalsta OEM un ODM pakalpojumus. Atbilst vis\u0101m j\u016bsu vajadz\u012bb\u0101m.<\/p>\n<h3><strong>Stingra kvalit\u0101tes kontrole:<\/strong><\/h3>\n<p>M\u016bsu uz\u0146\u0113mums iev\u0113ro stingrus kvalit\u0101tes kontroles procesus, veicot r\u016bp\u012bgas materi\u0101lu p\u0101rbaudes, p\u0101rbaudes ra\u017eo\u0161anas proces\u0101 un ieg\u016bstot sertifik\u0101tus no atz\u012bt\u0101m tre\u0161o pu\u0161u organiz\u0101cij\u0101m.<\/p>\n<h3><strong>Daudzpus\u012bga piel\u0101go\u0161ana:<\/strong><\/h3>\n<p>M\u0113s pied\u0101v\u0101jam daudzveid\u012bgas piel\u0101go\u0161anas iesp\u0113jas, \u013caujot klientiem nor\u0101d\u012bt izm\u0113rus, kravnes\u012bbu un citus parametrus, t\u0101d\u0113j\u0101di nodro\u0161inot, ka m\u016bsu siksnu stropes piln\u012bb\u0101 atbilst vi\u0146u unik\u0101laj\u0101m pras\u012bb\u0101m.<\/p>\n<h3><strong>Rentabli risin\u0101jumi:<\/strong><\/h3>\n<p>Veicot strat\u0113\u0123iskas sarunas ar pieg\u0101d\u0101t\u0101jiem, optimiz\u0113jot procesus un izmantojot apjomrad\u012btus ietaup\u012bjumus, m\u0113s past\u0101v\u012bgi nodro\u0161in\u0101m izmaksu zi\u0146\u0101 konkur\u0113tsp\u0113j\u012bgus siksnu siksnu OEM risin\u0101jumus, nemazinot kvalit\u0101ti.<\/p>\n<h3><strong>Savlaic\u012bga un uzticama pieg\u0101de:<\/strong><\/h3>\n<p>M\u016bsu racionaliz\u0113tie ra\u017eo\u0161anas grafiki, pla\u0161a kr\u0101jumu p\u0101rvald\u012bba un efekt\u012bva lo\u0123istika nodro\u0161ina, ka m\u016bsu klienti savlaic\u012bgi sa\u0146em siksnu slingu pas\u016bt\u012bjumus, t\u0101d\u0113j\u0101di veicinot vi\u0146u projektu pan\u0101kumus.<\/p>\n<h3><strong>ap\u0146em\u0161an\u0101s ieviest inov\u0101cijas:<\/strong><\/h3>\n<p>M\u016bsu uz\u0146\u0113muma priorit\u0101te ir inov\u0101cijas, ieguldot l\u012bdzek\u013cus p\u0113tniec\u012bb\u0101 un att\u012bst\u012bb\u0101, sadarbojoties ar nozares ekspertiem un regul\u0101ri atjauninot ra\u017eo\u0161anas procesus, lai tajos tiktu izmantoti jaun\u0101kie tehnolo\u0123iskie sasniegumi.<\/p>\n<h3><strong>Atbild\u012bba par vidi:<\/strong><\/h3>\n<p>M\u0113s esam ap\u0146\u0113mu\u0161ies iev\u0113rot vides ilgtsp\u0113ju, ievie\u0161ot videi draudz\u012bgu pieg\u0101des praksi, \u012bstenojot videi draudz\u012bgus ra\u017eo\u0161anas procesus un ieg\u016bstot atbilsto\u0161us sertifik\u0101tus, lai apliecin\u0101tu savu ap\u0146em\u0161anos veidot videi draudz\u012bg\u0101ku n\u0101kotni.<\/p>\n<h3><strong>Savlaic\u012bga pieg\u0101de:<\/strong><\/h3>\n<p>T\u012bmek\u013ca vietn\u0113 tiks uzsv\u0113rta m\u016bsu ap\u0146em\u0161an\u0101s nodro\u0161in\u0101t savlaic\u012bgu pieg\u0101di, izmantojot efekt\u012bvu ra\u017eo\u0161anas pl\u0101no\u0161anu, kr\u0101jumu p\u0101rvald\u012bbu un uzticamu lo\u0123istikas t\u012bklu, k\u0101 ar\u012b tiks demonstr\u0113ti pag\u0101tnes piem\u0113ri, kuros veiksm\u012bgi iev\u0113roti stingri projektu termi\u0146i.<\/p>\n<h3><strong>Inov\u0101cijas un tehnolo\u0123ijas:<\/strong><\/h3>\n<p>T\u012bmek\u013ca vietn\u0113 tiks atspogu\u013cota m\u016bsu uztic\u012bba inov\u0101cij\u0101m, detaliz\u0113ti aprakst\u012bti m\u016bsu ieguld\u012bjumi p\u0113tniec\u012bb\u0101 un izstr\u0101d\u0113, sadarb\u012bba ar nozares ekspertiem un regul\u0101ra m\u016bsu ra\u017eo\u0161anas procesu atjaunin\u0101\u0161ana, lai iek\u013cautu jaun\u0101k\u0101s tehnolo\u0123ijas.<\/p>\n<h3><strong>Vides ilgtsp\u0113j\u012bba:<\/strong><\/h3>\n<p>M\u0101jaslap\u0101 tiks uzsv\u0113rta m\u016bsu ap\u0146em\u0161an\u0101s uz\u0146emties atbild\u012bbu par vidi, detaliz\u0113ti aprakstot m\u016bsu videi draudz\u012bgo iepirk\u0161an\u0101s praksi, videi draudz\u012bgos ra\u017eo\u0161anas procesus un ieg\u016btos sertifik\u0101tus, lai par\u0101d\u012btu m\u016bsu ap\u0146em\u0161anos iev\u0113rot ilgtsp\u0113j\u012bbu.<\/p>\n<p>Risinot \u0161os b\u016btiskos jaut\u0101jumus un p\u0101rredzami atspogu\u013cojot m\u016bsu risin\u0101jumus t\u012bmek\u013ca vietn\u0113, m\u016bsu uz\u0146\u0113mums efekt\u012bvi demonstr\u0113s savas sp\u0113jas apmierin\u0101t siksnu siksnu OEM pirc\u0113ju vajadz\u012bbas.<\/p>","protected":false},"excerpt":{"rendered":"<p>M\u016bsu OEM pakalpojumi \u013cauj jums prec\u012bzi noteikt kravnes\u012bbu, garumu, platumu, materi\u0101lu, kr\u0101su kod\u0113jumu un citus b\u016btiskus parametrus. M\u0113s cie\u0161i sadarbojamies ar jums, lai nodro\u0161in\u0101tu, ka m\u016bsu pied\u0101v\u0101t\u0101s siksnu siksnas ir ide\u0101li piem\u0113rotas j\u016bsu paredz\u0113tajam lietojumam. Neatkar\u012bgi no t\u0101, vai jums ir nepiecie\u0161amas lielas slodzes r\u016bpniecisk\u0101s stropes vai specializ\u0113ts risin\u0101jums, m\u0113s varam attiec\u012bgi piel\u0101got m\u016bsu izstr\u0101d\u0101jumus.<\/p>","protected":false},"featured_media":5232,"comment_status":"open","ping_status":"closed","template":"","meta":{"site-sidebar-layout":"default","site-content-layout":"","ast-site-content-layout":"default","site-content-style":"default","site-sidebar-style":"default","ast-global-header-display":"","ast-banner-title-visibility":"","ast-main-header-display":"","ast-hfb-above-header-display":"","ast-hfb-below-header-display":"","ast-hfb-mobile-header-display":"","site-post-title":"","ast-breadcrumbs-content":"","ast-featured-img":"","footer-sml-layout":"","theme-transparent-header-meta":"default","adv-header-id-meta":"","stick-header-meta":"default","header-above-stick-meta":"","header-main-stick-meta":"","header-below-stick-meta":"","astra-migrate-meta-layouts":"set","ast-page-background-enabled":"default","ast-page-background-meta":{"desktop":{"background-color":"","background-image":"","background-repeat":"repeat","background-position":"center center","background-size":"auto","background-attachment":"scroll","background-type":"","background-media":"","overlay-type":"","overlay-color":"","overlay-opacity":"","overlay-gradient":""},"tablet":{"background-color":"","background-image":"","background-repeat":"repeat","background-position":"center center","background-size":"auto","background-attachment":"scroll","background-type":"","background-media":"","overlay-type":"","overlay-color":"","overlay-opacity":"","overlay-gradient":""},"mobile":{"background-color":"","background-image":"","background-repeat":"repeat","background-position":"center center","background-size":"auto","background-attachment":"scroll","background-type":"","background-media":"","overlay-type":"","overlay-color":"","overlay-opacity":"","overlay-gradient":""}},"ast-content-background-meta":{"desktop":{"background-color":"var(--ast-global-color-5)","background-image":"","background-repeat":"repeat","background-position":"center center","background-size":"auto","background-attachment":"scroll","background-type":"","background-media":"","overlay-type":"","overlay-color":"","overlay-opacity":"","overlay-gradient":""},"tablet":{"background-color":"var(--ast-global-color-5)","background-image":"","background-repeat":"repeat","background-position":"center center","background-size":"auto","background-attachment":"scroll","background-type":"","background-media":"","overlay-type":"","overlay-color":"","overlay-opacity":"","overlay-gradient":""},"mobile":{"background-color":"var(--ast-global-color-5)","background-image":"","background-repeat":"repeat","background-position":"center center","background-size":"auto","background-attachment":"scroll","background-type":"","background-media":"","overlay-type":"","overlay-color":"","overlay-opacity":"","overlay-gradient":""}}},"product_brand":[],"product_cat":[51,39],"product_tag":[],"class_list":{"0":"post-5473","1":"product","2":"type-product","3":"status-publish","4":"has-post-thumbnail","6":"product_cat-riggging-hardware","7":"product_cat-webbing-sling","8":"desktop-align-left","9":"tablet-align-left","10":"mobile-align-left","11":"ast-product-gallery-layout-horizontal-slider","12":"ast-product-tabs-layout-horizontal","14":"first","15":"instock","16":"shipping-taxable","17":"purchasable","18":"product-type-simple"},"yoast_head":"<!-- This site is optimized with the Yoast SEO plugin v25.2 - https:\/\/yoast.com\/wordpress\/plugins\/seo\/ -->\n<title>Webbing Sling OEM<\/title>\n<meta name=\"description\" content=\"Our OEM services allow you to define the precise load capacity, length, width, material, color coding, and any other essential parameters.\" \/>\n<meta name=\"robots\" content=\"index, follow, max-snippet:-1, max-image-preview:large, max-video-preview:-1\" \/>\n<link rel=\"canonical\" href=\"https:\/\/qingdaohf.com\/lv\/products\/siksnu-siksna-oem\/\" \/>\n<meta property=\"og:locale\" content=\"lv_LV\" \/>\n<meta property=\"og:type\" content=\"article\" \/>\n<meta property=\"og:title\" content=\"Webbing Sling OEM\" \/>\n<meta property=\"og:description\" content=\"Our OEM services allow you to define the precise load capacity, length, width, material, color coding, and any other essential parameters.\" \/>\n<meta property=\"og:url\" content=\"https:\/\/qingdaohf.com\/lv\/products\/siksnu-siksna-oem\/\" \/>\n<meta property=\"og:site_name\" content=\"Concrete Form &amp; Rigging Hardware Supplier\" \/>\n<meta property=\"article:publisher\" content=\"https:\/\/www.facebook.com\/qingdaohf\" \/>\n<meta property=\"article:modified_time\" content=\"2025-11-13T01:04:02+00:00\" \/>\n<meta property=\"og:image\" content=\"https:\/\/qingdaohf.com\/wp-content\/uploads\/2023\/10\/sling.jpg\" \/>\n\t<meta property=\"og:image:width\" content=\"1019\" \/>\n\t<meta property=\"og:image:height\" content=\"563\" \/>\n\t<meta property=\"og:image:type\" content=\"image\/jpeg\" \/>\n<meta name=\"twitter:card\" content=\"summary_large_image\" \/>\n<meta name=\"twitter:label1\" content=\"Est. reading time\" \/>\n\t<meta name=\"twitter:data1\" content=\"3 min\u016btes\" \/>\n<script type=\"application\/ld+json\" class=\"yoast-schema-graph\">{\"@context\":\"https:\/\/schema.org\",\"@graph\":[{\"@type\":\"WebPage\",\"@id\":\"https:\/\/qingdaohf.com\/product\/webbing-sling-oem\/\",\"url\":\"https:\/\/qingdaohf.com\/product\/webbing-sling-oem\/\",\"name\":\"Webbing Sling OEM\",\"isPartOf\":{\"@id\":\"https:\/\/qingdaohf.com\/bg\/#website\"},\"primaryImageOfPage\":{\"@id\":\"https:\/\/qingdaohf.com\/product\/webbing-sling-oem\/#primaryimage\"},\"image\":{\"@id\":\"https:\/\/qingdaohf.com\/product\/webbing-sling-oem\/#primaryimage\"},\"thumbnailUrl\":\"https:\/\/qingdaohf.com\/wp-content\/uploads\/2023\/04\/webbling-sling-2-1.jpg\",\"datePublished\":\"2023-10-23T06:14:46+00:00\",\"dateModified\":\"2025-11-13T01:04:02+00:00\",\"description\":\"Our OEM services allow you to define the precise load capacity, length, width, material, color coding, and any other essential parameters.\",\"breadcrumb\":{\"@id\":\"https:\/\/qingdaohf.com\/product\/webbing-sling-oem\/#breadcrumb\"},\"inLanguage\":\"lv-LV\",\"potentialAction\":[{\"@type\":\"ReadAction\",\"target\":[\"https:\/\/qingdaohf.com\/product\/webbing-sling-oem\/\"]}]},{\"@type\":\"ImageObject\",\"inLanguage\":\"lv-LV\",\"@id\":\"https:\/\/qingdaohf.com\/product\/webbing-sling-oem\/#primaryimage\",\"url\":\"https:\/\/qingdaohf.com\/wp-content\/uploads\/2023\/04\/webbling-sling-2-1.jpg\",\"contentUrl\":\"https:\/\/qingdaohf.com\/wp-content\/uploads\/2023\/04\/webbling-sling-2-1.jpg\",\"width\":1000,\"height\":1000,\"caption\":\"webbling sling\"},{\"@type\":\"BreadcrumbList\",\"@id\":\"https:\/\/qingdaohf.com\/product\/webbing-sling-oem\/#breadcrumb\",\"itemListElement\":[{\"@type\":\"ListItem\",\"position\":1,\"name\":\"Home\",\"item\":\"https:\/\/qingdaohf.com\/\"},{\"@type\":\"ListItem\",\"position\":2,\"name\":\"Concrete Forming Accessories and Rigging Hardware\",\"item\":\"https:\/\/qingdaohf.com\/bg\/?page_id=944\"},{\"@type\":\"ListItem\",\"position\":3,\"name\":\"Webbing Sling OEM\"}]},{\"@type\":\"WebSite\",\"@id\":\"https:\/\/qingdaohf.com\/bg\/#website\",\"url\":\"https:\/\/qingdaohf.com\/bg\/\",\"name\":\"Concrete Form & Rigging Hardware Supplier\",\"description\":\"\",\"publisher\":{\"@id\":\"https:\/\/qingdaohf.com\/bg\/#organization\"},\"potentialAction\":[{\"@type\":\"SearchAction\",\"target\":{\"@type\":\"EntryPoint\",\"urlTemplate\":\"https:\/\/qingdaohf.com\/bg\/?s={search_term_string}\"},\"query-input\":{\"@type\":\"PropertyValueSpecification\",\"valueRequired\":true,\"valueName\":\"search_term_string\"}}],\"inLanguage\":\"lv-LV\"},{\"@type\":\"Organization\",\"@id\":\"https:\/\/qingdaohf.com\/bg\/#organization\",\"name\":\"Qingdao H&F\",\"url\":\"https:\/\/qingdaohf.com\/bg\/\",\"logo\":{\"@type\":\"ImageObject\",\"inLanguage\":\"lv-LV\",\"@id\":\"https:\/\/qingdaohf.com\/bg\/#\/schema\/logo\/image\/\",\"url\":\"https:\/\/qingdaohf.com\/wp-content\/uploads\/2022\/12\/cropped-HF-LOGO.png\",\"contentUrl\":\"https:\/\/qingdaohf.com\/wp-content\/uploads\/2022\/12\/cropped-HF-LOGO.png\",\"width\":391,\"height\":249,\"caption\":\"Qingdao H&F\"},\"image\":{\"@id\":\"https:\/\/qingdaohf.com\/bg\/#\/schema\/logo\/image\/\"},\"sameAs\":[\"https:\/\/www.facebook.com\/qingdaohf\"]}]}<\/script>\n<!-- \/ Yoast SEO plugin. -->","yoast_head_json":{"title":"Webbing Sling OEM","description":"Our OEM services allow you to define the precise load capacity, length, width, material, color coding, and any other essential parameters.","robots":{"index":"index","follow":"follow","max-snippet":"max-snippet:-1","max-image-preview":"max-image-preview:large","max-video-preview":"max-video-preview:-1"},"canonical":"https:\/\/qingdaohf.com\/lv\/products\/siksnu-siksna-oem\/","og_locale":"lv_LV","og_type":"article","og_title":"Webbing Sling OEM","og_description":"Our OEM services allow you to define the precise load capacity, length, width, material, color coding, and any other essential parameters.","og_url":"https:\/\/qingdaohf.com\/lv\/products\/siksnu-siksna-oem\/","og_site_name":"Concrete Form &amp; Rigging Hardware Supplier","article_publisher":"https:\/\/www.facebook.com\/qingdaohf","article_modified_time":"2025-11-13T01:04:02+00:00","og_image":[{"width":1019,"height":563,"url":"https:\/\/qingdaohf.com\/wp-content\/uploads\/2023\/10\/sling.jpg","type":"image\/jpeg"}],"twitter_card":"summary_large_image","twitter_misc":{"Est. reading time":"3 min\u016btes"},"schema":{"@context":"https:\/\/schema.org","@graph":[{"@type":"WebPage","@id":"https:\/\/qingdaohf.com\/product\/webbing-sling-oem\/","url":"https:\/\/qingdaohf.com\/product\/webbing-sling-oem\/","name":"Webbing Sling OEM","isPartOf":{"@id":"https:\/\/qingdaohf.com\/bg\/#website"},"primaryImageOfPage":{"@id":"https:\/\/qingdaohf.com\/product\/webbing-sling-oem\/#primaryimage"},"image":{"@id":"https:\/\/qingdaohf.com\/product\/webbing-sling-oem\/#primaryimage"},"thumbnailUrl":"https:\/\/qingdaohf.com\/wp-content\/uploads\/2023\/04\/webbling-sling-2-1.jpg","datePublished":"2023-10-23T06:14:46+00:00","dateModified":"2025-11-13T01:04:02+00:00","description":"Our OEM services allow you to define the precise load capacity, length, width, material, color coding, and any other essential parameters.","breadcrumb":{"@id":"https:\/\/qingdaohf.com\/product\/webbing-sling-oem\/#breadcrumb"},"inLanguage":"lv-LV","potentialAction":[{"@type":"ReadAction","target":["https:\/\/qingdaohf.com\/product\/webbing-sling-oem\/"]}]},{"@type":"ImageObject","inLanguage":"lv-LV","@id":"https:\/\/qingdaohf.com\/product\/webbing-sling-oem\/#primaryimage","url":"https:\/\/qingdaohf.com\/wp-content\/uploads\/2023\/04\/webbling-sling-2-1.jpg","contentUrl":"https:\/\/qingdaohf.com\/wp-content\/uploads\/2023\/04\/webbling-sling-2-1.jpg","width":1000,"height":1000,"caption":"webbling sling"},{"@type":"BreadcrumbList","@id":"https:\/\/qingdaohf.com\/product\/webbing-sling-oem\/#breadcrumb","itemListElement":[{"@type":"ListItem","position":1,"name":"Home","item":"https:\/\/qingdaohf.com\/"},{"@type":"ListItem","position":2,"name":"Concrete Forming Accessories and Rigging Hardware","item":"https:\/\/qingdaohf.com\/bg\/?page_id=944"},{"@type":"ListItem","position":3,"name":"Webbing Sling OEM"}]},{"@type":"WebSite","@id":"https:\/\/qingdaohf.com\/bg\/#website","url":"https:\/\/qingdaohf.com\/bg\/","name":"Concrete Form & Rigging Hardware Supplier","description":"","publisher":{"@id":"https:\/\/qingdaohf.com\/bg\/#organization"},"potentialAction":[{"@type":"SearchAction","target":{"@type":"EntryPoint","urlTemplate":"https:\/\/qingdaohf.com\/bg\/?s={search_term_string}"},"query-input":{"@type":"PropertyValueSpecification","valueRequired":true,"valueName":"search_term_string"}}],"inLanguage":"lv-LV"},{"@type":"Organization","@id":"https:\/\/qingdaohf.com\/bg\/#organization","name":"Qingdao H&F","url":"https:\/\/qingdaohf.com\/bg\/","logo":{"@type":"ImageObject","inLanguage":"lv-LV","@id":"https:\/\/qingdaohf.com\/bg\/#\/schema\/logo\/image\/","url":"https:\/\/qingdaohf.com\/wp-content\/uploads\/2022\/12\/cropped-HF-LOGO.png","contentUrl":"https:\/\/qingdaohf.com\/wp-content\/uploads\/2022\/12\/cropped-HF-LOGO.png","width":391,"height":249,"caption":"Qingdao H&F"},"image":{"@id":"https:\/\/qingdaohf.com\/bg\/#\/schema\/logo\/image\/"},"sameAs":["https:\/\/www.facebook.com\/qingdaohf"]}]}},"_links":{"self":[{"href":"https:\/\/qingdaohf.com\/lv\/wp-json\/wp\/v2\/product\/5473","targetHints":{"allow":["GET"]}}],"collection":[{"href":"https:\/\/qingdaohf.com\/lv\/wp-json\/wp\/v2\/product"}],"about":[{"href":"https:\/\/qingdaohf.com\/lv\/wp-json\/wp\/v2\/types\/product"}],"replies":[{"embeddable":true,"href":"https:\/\/qingdaohf.com\/lv\/wp-json\/wp\/v2\/comments?post=5473"}],"version-history":[{"count":8,"href":"https:\/\/qingdaohf.com\/lv\/wp-json\/wp\/v2\/product\/5473\/revisions"}],"predecessor-version":[{"id":6943,"href":"https:\/\/qingdaohf.com\/lv\/wp-json\/wp\/v2\/product\/5473\/revisions\/6943"}],"wp:featuredmedia":[{"embeddable":true,"href":"https:\/\/qingdaohf.com\/lv\/wp-json\/wp\/v2\/media\/5232"}],"wp:attachment":[{"href":"https:\/\/qingdaohf.com\/lv\/wp-json\/wp\/v2\/media?parent=5473"}],"wp:term":[{"taxonomy":"product_brand","embeddable":true,"href":"https:\/\/qingdaohf.com\/lv\/wp-json\/wp\/v2\/product_brand?post=5473"},{"taxonomy":"product_cat","embeddable":true,"href":"https:\/\/qingdaohf.com\/lv\/wp-json\/wp\/v2\/product_cat?post=5473"},{"taxonomy":"product_tag","embeddable":true,"href":"https:\/\/qingdaohf.com\/lv\/wp-json\/wp\/v2\/product_tag?post=5473"}],"curies":[{"name":"wp","href":"https:\/\/api.w.org\/{rel}","templated":true}]}}