{"id":5799,"date":"2023-11-23T11:35:43","date_gmt":"2023-11-23T03:35:43","guid":{"rendered":"http:\/\/qingdaohf.com\/?post_type=product&#038;p=5799"},"modified":"2025-11-13T09:04:01","modified_gmt":"2025-11-13T01:04:01","slug":"towing-shackle","status":"publish","type":"product","link":"https:\/\/qingdaohf.com\/lv\/products\/vilksanas-sakabe\/","title":{"rendered":"Vilk\u0161anas sakabe"},"content":{"rendered":"<h2>M\u016bsu vilk\u0161anas va\u017eas priek\u0161roc\u012bbas:<\/h2>\n<h3>Augsta stiepes iztur\u012bba:<\/h3>\n<p>M\u016bsu vilk\u0161anas va\u017eas var lepoties ar izcilu stiepes iztur\u012bbu, kas nodro\u0161ina uzticamu veiktsp\u0113ju lielu slod\u017eu apst\u0101k\u013cos. J\u016bsu klienti pieprasa kvalit\u0101ti, un m\u0113s to nodro\u0161in\u0101m.<\/p>\n<h3>Iztur\u012bba pret koroziju:<\/h3>\n<p>Izcila m\u016bsu va\u017eu \u012bpa\u0161\u012bba ir to \u0101rk\u0101rt\u012bg\u0101 iztur\u012bba pret koroziju. Izmantojot inovat\u012bvus materi\u0101lus un p\u0101rkl\u0101jumus, m\u0113s nodro\u0161in\u0101m ilg\u0101ku kalpo\u0161anas laiku, padarot t\u0101s ide\u0101li piem\u0113rotas da\u017e\u0101d\u0101m vid\u0113m - no j\u016bras lietojumiem l\u012bdz skarbiem r\u016bpnieciskiem apst\u0101k\u013ciem.<\/p>\n<h3>Prec\u012bzijas in\u017eenierija:<\/h3>\n<p>Katra skava ir r\u016bp\u012bgi izstr\u0101d\u0101ta, lai nodro\u0161in\u0101tu precizit\u0101ti. Tas nodro\u0161ina perfektu mont\u0101\u017eu, samazinot nodilumu un nolietojumu un uzlabojot visp\u0101r\u0113jo dro\u0161\u012bbu vilk\u0161anas oper\u0101ciju laik\u0101.<\/p>\n<h3>Lietojumprogrammu daudzpus\u012bba:<\/h3>\n<p>M\u016bsu vilk\u0161anas va\u017eas ir izstr\u0101d\u0101tas, dom\u0101jot par daudzpus\u012bbu. Neatkar\u012bgi no t\u0101, vai tie paredz\u0113ti lielas slodzes komerci\u0101lai vilk\u0161anai vai specializ\u0113tiem r\u016bpnieciskiem lietojumiem, m\u016bsu izstr\u0101d\u0101jumi atbilst visda\u017e\u0101d\u0101kaj\u0101m vajadz\u012bb\u0101m, padarot tos par risin\u0101jumu da\u017e\u0101d\u0101m nozar\u0113m.<\/p>\n<h3>Atbilst\u012bba nozares standartiem:<\/h3>\n<p>M\u0113s lepojamies ar to, ka p\u0101rsniedzam nozares standartus. M\u016bsu vilk\u0161anas va\u017eas ir ne tikai atbilsto\u0161as, bet ar\u012b p\u0101rsp\u0113j un p\u0101rsniedz noteikumus, lai nodro\u0161in\u0101tu visaugst\u0101ko dro\u0161\u012bbas un uzticam\u012bbas l\u012bmeni.<\/p>\n<h2>J\u016bsu probl\u0113mas, m\u016bsu risin\u0101jumi:<\/h2>\n<h3>Produktu kvalit\u0101tes nodro\u0161in\u0101\u0161ana:<\/h3>\n<p>M\u016bsu vilk\u0161anas va\u017eas tiek pak\u013cautas stingr\u0101m kvalit\u0101tes p\u0101rbaud\u0113m, kas atbilst un p\u0101rsniedz nozares standartus. Augsta stiepes iztur\u012bba un iztur\u012bba pret koroziju ir galvenie elementi, kas izce\u013c m\u016bsu produktus.<\/p>\n<h3>Pieg\u0101d\u0101t\u0101ja uzticam\u012bba:<\/h3>\n<p>Ar 20 gadu pieredzi esam k\u013cuvu\u0161i par uzticamu \u0101r\u0113j\u0101s tirdzniec\u012bbas uz\u0146\u0113mumu ar savu r\u016bpn\u012bcu. M\u016bsu va\u017eas ir prec\u012bzi izstr\u0101d\u0101tas, un tas atspogu\u013co m\u016bsu uzticam\u012bbu un izcil\u012bbu.<\/p>\n<h3>Cenu konkur\u0113tsp\u0113ja:<\/h3>\n<p>M\u0113s pied\u0101v\u0101jam konkur\u0113tsp\u0113j\u012bgas cenas, neapdraudot m\u016bsu vilk\u0161anas va\u017eas kvalit\u0101ti. To sniegt\u0101 v\u0113rt\u012bba, jo \u012bpa\u0161i to daudzpus\u012bba un atbilst\u012bba nozares standartiem, nodro\u0161ina, ka j\u016bs sa\u0146emat maksim\u0101lu labumu no saviem ieguld\u012bjumiem.<\/p>\n<h3>Pieg\u0101de un pieg\u0101de:<\/h3>\n<p>M\u016bsu efekt\u012bv\u0101 lo\u0123istika nodro\u0161ina savlaic\u012bgu pieg\u0101di, un m\u016bsu va\u017eas ir iztur\u012bgas pret koroziju, kas garant\u0113, ka t\u0101s tiek pieg\u0101d\u0101tas lab\u0101kaj\u0101 st\u0101vokl\u012b.<\/p>\n<h3>Piel\u0101go\u0161anas opcijas:<\/h3>\n<p>M\u016bsu vilk\u0161anas va\u017eas var piel\u0101got j\u016bsu \u012bpa\u0161aj\u0101m vajadz\u012bb\u0101m. Neatkar\u012bgi no t\u0101, vai t\u0101 ir stiepes iztur\u012bbas vai citu specifik\u0101ciju piel\u0101go\u0161ana, m\u016bsu prec\u012bz\u0101 in\u017eenierija nodro\u0161ina piel\u0101gotus risin\u0101jumus.<\/p>\n<h3>Maks\u0101juma noteikumi:<\/h3>\n<p>P\u0101rrun\u0101jiet maks\u0101jumu noteikumus, kas atbilst j\u016bsu finansi\u0101laj\u0101m iesp\u0113j\u0101m. M\u016bsu ap\u0146em\u0161an\u0101s nodro\u0161in\u0101t kvalit\u0101ti un atbilst\u012bbu garant\u0113, ka j\u016bsu ieguld\u012bjums ir dro\u0161s.<\/p>\n<h3>Komunik\u0101cija un atsauc\u012bba:<\/h3>\n<p>M\u016bsu individu\u0101lais klientu apkalpo\u0161anas dienests nodro\u0161ina \u0101tru un efekt\u012bvu sazi\u0146u vis\u0101 pirk\u0161anas proces\u0101. Visi jaut\u0101jumi vai probl\u0113mas tiek risin\u0101tas ar precizit\u0101ti, kas atspogu\u013co m\u016bsu produktu izstr\u0101di.<\/p>\n<h3>P\u0113cp\u0101rdo\u0161anas atbalsts:<\/h3>\n<p>Noskaidrojiet, k\u0101da ir pieg\u0101d\u0101t\u0101ja p\u0113cp\u0101rdo\u0161anas atbalsta un garantijas politika. M\u016bsu nep\u0101rtrauktas uzlabo\u0161anas filozofija nodro\u0161ina nep\u0101rtrauktu atbalstu, l\u012bdz preces tiek pieg\u0101d\u0101tas un atbilst vai p\u0101rsniedz j\u016bsu cer\u012bbas.<\/p>\n<p>Uzlabojiet savu B2B sp\u0113li ar H&amp;F. M\u0113s pied\u0101v\u0101jam kvalit\u0101ti, uzticam\u012bbu un nevainojamus dar\u012bjumus. Sazinieties ar mums, lai sa\u0146emtu pied\u0101v\u0101jumu vai apspriestu savas vajadz\u012bbas p\u0113c liela apjoma vilk\u0161anas va\u017eas. Izveidosim ilgsto\u0161u sadarb\u012bbu!<\/p>","protected":false},"excerpt":{"rendered":"<p>Tagad esat pirc\u0113js ar 20 gadu darba pieredzi. Specializ\u0113jies vilk\u0161anas sakabes ieg\u0101d\u0113. Tagad esat gatavs ieg\u0101d\u0101ties produktus Google.<br \/>\nParun\u0101sim par jaut\u0101jumiem, kas pirc\u0113jus uztrauc visvair\u0101k.<br \/>\nRea\u0123\u0113jot uz iepriek\u0161 min\u0113taj\u0101m probl\u0113m\u0101m, m\u0113s pied\u0101v\u0101jam sapr\u0101t\u012bg\u0101kos risin\u0101jumus, lai pirc\u0113ji var\u0113tu dro\u0161i s\u016bt\u012bt piepras\u012bjumus.<\/p>","protected":false},"featured_media":5806,"comment_status":"open","ping_status":"closed","template":"","meta":{"site-sidebar-layout":"default","site-content-layout":"","ast-site-content-layout":"default","site-content-style":"default","site-sidebar-style":"default","ast-global-header-display":"","ast-banner-title-visibility":"","ast-main-header-display":"","ast-hfb-above-header-display":"","ast-hfb-below-header-display":"","ast-hfb-mobile-header-display":"","site-post-title":"","ast-breadcrumbs-content":"","ast-featured-img":"","footer-sml-layout":"","theme-transparent-header-meta":"default","adv-header-id-meta":"","stick-header-meta":"default","header-above-stick-meta":"","header-main-stick-meta":"","header-below-stick-meta":"","astra-migrate-meta-layouts":"set","ast-page-background-enabled":"default","ast-page-background-meta":{"desktop":{"background-color":"","background-image":"","background-repeat":"repeat","background-position":"center center","background-size":"auto","background-attachment":"scroll","background-type":"","background-media":"","overlay-type":"","overlay-color":"","overlay-opacity":"","overlay-gradient":""},"tablet":{"background-color":"","background-image":"","background-repeat":"repeat","background-position":"center center","background-size":"auto","background-attachment":"scroll","background-type":"","background-media":"","overlay-type":"","overlay-color":"","overlay-opacity":"","overlay-gradient":""},"mobile":{"background-color":"","background-image":"","background-repeat":"repeat","background-position":"center center","background-size":"auto","background-attachment":"scroll","background-type":"","background-media":"","overlay-type":"","overlay-color":"","overlay-opacity":"","overlay-gradient":""}},"ast-content-background-meta":{"desktop":{"background-color":"var(--ast-global-color-5)","background-image":"","background-repeat":"repeat","background-position":"center center","background-size":"auto","background-attachment":"scroll","background-type":"","background-media":"","overlay-type":"","overlay-color":"","overlay-opacity":"","overlay-gradient":""},"tablet":{"background-color":"var(--ast-global-color-5)","background-image":"","background-repeat":"repeat","background-position":"center center","background-size":"auto","background-attachment":"scroll","background-type":"","background-media":"","overlay-type":"","overlay-color":"","overlay-opacity":"","overlay-gradient":""},"mobile":{"background-color":"var(--ast-global-color-5)","background-image":"","background-repeat":"repeat","background-position":"center center","background-size":"auto","background-attachment":"scroll","background-type":"","background-media":"","overlay-type":"","overlay-color":"","overlay-opacity":"","overlay-gradient":""}}},"product_brand":[],"product_cat":[51,54],"product_tag":[],"class_list":{"0":"post-5799","1":"product","2":"type-product","3":"status-publish","4":"has-post-thumbnail","6":"product_cat-riggging-hardware","7":"product_cat-shackle","8":"desktop-align-left","9":"tablet-align-left","10":"mobile-align-left","11":"ast-product-gallery-layout-horizontal-slider","12":"ast-product-tabs-layout-horizontal","14":"first","15":"instock","16":"shipping-taxable","17":"purchasable","18":"product-type-simple"},"yoast_head":"<!-- This site is optimized with the Yoast SEO plugin v25.2 - https:\/\/yoast.com\/wordpress\/plugins\/seo\/ -->\n<title>Towing Shackle<\/title>\n<meta name=\"description\" content=\"Our Towing Shackles boast superior tensile strength, ensuring reliable performance under heavy loads. Your clients demand quality, and we deliver\" \/>\n<meta name=\"robots\" content=\"index, follow, max-snippet:-1, max-image-preview:large, max-video-preview:-1\" \/>\n<link rel=\"canonical\" href=\"https:\/\/qingdaohf.com\/lv\/products\/vilksanas-sakabe\/\" \/>\n<meta property=\"og:locale\" content=\"lv_LV\" \/>\n<meta property=\"og:type\" content=\"article\" \/>\n<meta property=\"og:title\" content=\"Towing Shackle\" \/>\n<meta property=\"og:description\" content=\"Our Towing Shackles boast superior tensile strength, ensuring reliable performance under heavy loads. Your clients demand quality, and we deliver\" \/>\n<meta property=\"og:url\" content=\"https:\/\/qingdaohf.com\/lv\/products\/vilksanas-sakabe\/\" \/>\n<meta property=\"og:site_name\" content=\"Concrete Form &amp; Rigging Hardware Supplier\" \/>\n<meta property=\"article:publisher\" content=\"https:\/\/www.facebook.com\/qingdaohf\" \/>\n<meta property=\"article:modified_time\" content=\"2025-11-13T01:04:01+00:00\" \/>\n<meta property=\"og:image\" content=\"https:\/\/qingdaohf.com\/wp-content\/uploads\/2023\/11\/Towing-shackle-9.jpg\" \/>\n\t<meta property=\"og:image:width\" content=\"800\" \/>\n\t<meta property=\"og:image:height\" content=\"800\" \/>\n\t<meta property=\"og:image:type\" content=\"image\/jpeg\" \/>\n<meta name=\"twitter:card\" content=\"summary_large_image\" \/>\n<meta name=\"twitter:label1\" content=\"Est. reading time\" \/>\n\t<meta name=\"twitter:data1\" content=\"2 min\u016btes\" \/>\n<script type=\"application\/ld+json\" class=\"yoast-schema-graph\">{\"@context\":\"https:\/\/schema.org\",\"@graph\":[{\"@type\":\"WebPage\",\"@id\":\"https:\/\/qingdaohf.com\/product\/towing-shackle\/\",\"url\":\"https:\/\/qingdaohf.com\/product\/towing-shackle\/\",\"name\":\"Towing Shackle\",\"isPartOf\":{\"@id\":\"https:\/\/qingdaohf.com\/bg\/#website\"},\"primaryImageOfPage\":{\"@id\":\"https:\/\/qingdaohf.com\/product\/towing-shackle\/#primaryimage\"},\"image\":{\"@id\":\"https:\/\/qingdaohf.com\/product\/towing-shackle\/#primaryimage\"},\"thumbnailUrl\":\"https:\/\/qingdaohf.com\/wp-content\/uploads\/2023\/11\/Towing-shackle-9.jpg\",\"datePublished\":\"2023-11-23T03:35:43+00:00\",\"dateModified\":\"2025-11-13T01:04:01+00:00\",\"description\":\"Our Towing Shackles boast superior tensile strength, ensuring reliable performance under heavy loads. Your clients demand quality, and we deliver\",\"breadcrumb\":{\"@id\":\"https:\/\/qingdaohf.com\/product\/towing-shackle\/#breadcrumb\"},\"inLanguage\":\"lv-LV\",\"potentialAction\":[{\"@type\":\"ReadAction\",\"target\":[\"https:\/\/qingdaohf.com\/product\/towing-shackle\/\"]}]},{\"@type\":\"ImageObject\",\"inLanguage\":\"lv-LV\",\"@id\":\"https:\/\/qingdaohf.com\/product\/towing-shackle\/#primaryimage\",\"url\":\"https:\/\/qingdaohf.com\/wp-content\/uploads\/2023\/11\/Towing-shackle-9.jpg\",\"contentUrl\":\"https:\/\/qingdaohf.com\/wp-content\/uploads\/2023\/11\/Towing-shackle-9.jpg\",\"width\":800,\"height\":800,\"caption\":\"Towing shackle\"},{\"@type\":\"BreadcrumbList\",\"@id\":\"https:\/\/qingdaohf.com\/product\/towing-shackle\/#breadcrumb\",\"itemListElement\":[{\"@type\":\"ListItem\",\"position\":1,\"name\":\"Home\",\"item\":\"https:\/\/qingdaohf.com\/\"},{\"@type\":\"ListItem\",\"position\":2,\"name\":\"Concrete Forming Accessories and Rigging Hardware\",\"item\":\"https:\/\/qingdaohf.com\/bg\/?page_id=944\"},{\"@type\":\"ListItem\",\"position\":3,\"name\":\"Towing Shackle\"}]},{\"@type\":\"WebSite\",\"@id\":\"https:\/\/qingdaohf.com\/bg\/#website\",\"url\":\"https:\/\/qingdaohf.com\/bg\/\",\"name\":\"Concrete Form & Rigging Hardware Supplier\",\"description\":\"\",\"publisher\":{\"@id\":\"https:\/\/qingdaohf.com\/bg\/#organization\"},\"potentialAction\":[{\"@type\":\"SearchAction\",\"target\":{\"@type\":\"EntryPoint\",\"urlTemplate\":\"https:\/\/qingdaohf.com\/bg\/?s={search_term_string}\"},\"query-input\":{\"@type\":\"PropertyValueSpecification\",\"valueRequired\":true,\"valueName\":\"search_term_string\"}}],\"inLanguage\":\"lv-LV\"},{\"@type\":\"Organization\",\"@id\":\"https:\/\/qingdaohf.com\/bg\/#organization\",\"name\":\"Qingdao H&F\",\"url\":\"https:\/\/qingdaohf.com\/bg\/\",\"logo\":{\"@type\":\"ImageObject\",\"inLanguage\":\"lv-LV\",\"@id\":\"https:\/\/qingdaohf.com\/bg\/#\/schema\/logo\/image\/\",\"url\":\"https:\/\/qingdaohf.com\/wp-content\/uploads\/2022\/12\/cropped-HF-LOGO.png\",\"contentUrl\":\"https:\/\/qingdaohf.com\/wp-content\/uploads\/2022\/12\/cropped-HF-LOGO.png\",\"width\":391,\"height\":249,\"caption\":\"Qingdao H&F\"},\"image\":{\"@id\":\"https:\/\/qingdaohf.com\/bg\/#\/schema\/logo\/image\/\"},\"sameAs\":[\"https:\/\/www.facebook.com\/qingdaohf\"]}]}<\/script>\n<!-- \/ Yoast SEO plugin. -->","yoast_head_json":{"title":"Towing Shackle","description":"Our Towing Shackles boast superior tensile strength, ensuring reliable performance under heavy loads. Your clients demand quality, and we deliver","robots":{"index":"index","follow":"follow","max-snippet":"max-snippet:-1","max-image-preview":"max-image-preview:large","max-video-preview":"max-video-preview:-1"},"canonical":"https:\/\/qingdaohf.com\/lv\/products\/vilksanas-sakabe\/","og_locale":"lv_LV","og_type":"article","og_title":"Towing Shackle","og_description":"Our Towing Shackles boast superior tensile strength, ensuring reliable performance under heavy loads. Your clients demand quality, and we deliver","og_url":"https:\/\/qingdaohf.com\/lv\/products\/vilksanas-sakabe\/","og_site_name":"Concrete Form &amp; Rigging Hardware Supplier","article_publisher":"https:\/\/www.facebook.com\/qingdaohf","article_modified_time":"2025-11-13T01:04:01+00:00","og_image":[{"width":800,"height":800,"url":"https:\/\/qingdaohf.com\/wp-content\/uploads\/2023\/11\/Towing-shackle-9.jpg","type":"image\/jpeg"}],"twitter_card":"summary_large_image","twitter_misc":{"Est. reading time":"2 min\u016btes"},"schema":{"@context":"https:\/\/schema.org","@graph":[{"@type":"WebPage","@id":"https:\/\/qingdaohf.com\/product\/towing-shackle\/","url":"https:\/\/qingdaohf.com\/product\/towing-shackle\/","name":"Towing Shackle","isPartOf":{"@id":"https:\/\/qingdaohf.com\/bg\/#website"},"primaryImageOfPage":{"@id":"https:\/\/qingdaohf.com\/product\/towing-shackle\/#primaryimage"},"image":{"@id":"https:\/\/qingdaohf.com\/product\/towing-shackle\/#primaryimage"},"thumbnailUrl":"https:\/\/qingdaohf.com\/wp-content\/uploads\/2023\/11\/Towing-shackle-9.jpg","datePublished":"2023-11-23T03:35:43+00:00","dateModified":"2025-11-13T01:04:01+00:00","description":"Our Towing Shackles boast superior tensile strength, ensuring reliable performance under heavy loads. Your clients demand quality, and we deliver","breadcrumb":{"@id":"https:\/\/qingdaohf.com\/product\/towing-shackle\/#breadcrumb"},"inLanguage":"lv-LV","potentialAction":[{"@type":"ReadAction","target":["https:\/\/qingdaohf.com\/product\/towing-shackle\/"]}]},{"@type":"ImageObject","inLanguage":"lv-LV","@id":"https:\/\/qingdaohf.com\/product\/towing-shackle\/#primaryimage","url":"https:\/\/qingdaohf.com\/wp-content\/uploads\/2023\/11\/Towing-shackle-9.jpg","contentUrl":"https:\/\/qingdaohf.com\/wp-content\/uploads\/2023\/11\/Towing-shackle-9.jpg","width":800,"height":800,"caption":"Towing shackle"},{"@type":"BreadcrumbList","@id":"https:\/\/qingdaohf.com\/product\/towing-shackle\/#breadcrumb","itemListElement":[{"@type":"ListItem","position":1,"name":"Home","item":"https:\/\/qingdaohf.com\/"},{"@type":"ListItem","position":2,"name":"Concrete Forming Accessories and Rigging Hardware","item":"https:\/\/qingdaohf.com\/bg\/?page_id=944"},{"@type":"ListItem","position":3,"name":"Towing Shackle"}]},{"@type":"WebSite","@id":"https:\/\/qingdaohf.com\/bg\/#website","url":"https:\/\/qingdaohf.com\/bg\/","name":"Concrete Form & Rigging Hardware Supplier","description":"","publisher":{"@id":"https:\/\/qingdaohf.com\/bg\/#organization"},"potentialAction":[{"@type":"SearchAction","target":{"@type":"EntryPoint","urlTemplate":"https:\/\/qingdaohf.com\/bg\/?s={search_term_string}"},"query-input":{"@type":"PropertyValueSpecification","valueRequired":true,"valueName":"search_term_string"}}],"inLanguage":"lv-LV"},{"@type":"Organization","@id":"https:\/\/qingdaohf.com\/bg\/#organization","name":"Qingdao H&F","url":"https:\/\/qingdaohf.com\/bg\/","logo":{"@type":"ImageObject","inLanguage":"lv-LV","@id":"https:\/\/qingdaohf.com\/bg\/#\/schema\/logo\/image\/","url":"https:\/\/qingdaohf.com\/wp-content\/uploads\/2022\/12\/cropped-HF-LOGO.png","contentUrl":"https:\/\/qingdaohf.com\/wp-content\/uploads\/2022\/12\/cropped-HF-LOGO.png","width":391,"height":249,"caption":"Qingdao H&F"},"image":{"@id":"https:\/\/qingdaohf.com\/bg\/#\/schema\/logo\/image\/"},"sameAs":["https:\/\/www.facebook.com\/qingdaohf"]}]}},"_links":{"self":[{"href":"https:\/\/qingdaohf.com\/lv\/wp-json\/wp\/v2\/product\/5799","targetHints":{"allow":["GET"]}}],"collection":[{"href":"https:\/\/qingdaohf.com\/lv\/wp-json\/wp\/v2\/product"}],"about":[{"href":"https:\/\/qingdaohf.com\/lv\/wp-json\/wp\/v2\/types\/product"}],"replies":[{"embeddable":true,"href":"https:\/\/qingdaohf.com\/lv\/wp-json\/wp\/v2\/comments?post=5799"}],"version-history":[{"count":3,"href":"https:\/\/qingdaohf.com\/lv\/wp-json\/wp\/v2\/product\/5799\/revisions"}],"predecessor-version":[{"id":5824,"href":"https:\/\/qingdaohf.com\/lv\/wp-json\/wp\/v2\/product\/5799\/revisions\/5824"}],"wp:featuredmedia":[{"embeddable":true,"href":"https:\/\/qingdaohf.com\/lv\/wp-json\/wp\/v2\/media\/5806"}],"wp:attachment":[{"href":"https:\/\/qingdaohf.com\/lv\/wp-json\/wp\/v2\/media?parent=5799"}],"wp:term":[{"taxonomy":"product_brand","embeddable":true,"href":"https:\/\/qingdaohf.com\/lv\/wp-json\/wp\/v2\/product_brand?post=5799"},{"taxonomy":"product_cat","embeddable":true,"href":"https:\/\/qingdaohf.com\/lv\/wp-json\/wp\/v2\/product_cat?post=5799"},{"taxonomy":"product_tag","embeddable":true,"href":"https:\/\/qingdaohf.com\/lv\/wp-json\/wp\/v2\/product_tag?post=5799"}],"curies":[{"name":"wp","href":"https:\/\/api.w.org\/{rel}","templated":true}]}}