{"id":6109,"date":"2023-12-22T16:01:59","date_gmt":"2023-12-22T08:01:59","guid":{"rendered":"http:\/\/qingdaohf.com\/?post_type=product&#038;p=6109"},"modified":"2025-11-13T09:04:00","modified_gmt":"2025-11-13T01:04:00","slug":"utility-lifting-anchors","status":"publish","type":"product","link":"https:\/\/qingdaohf.com\/lv\/products\/komunalo-pakalpojumu-pacelsanas-enkuri\/","title":{"rendered":"Komun\u0101lo pakalpojumu enkuri betonam"},"content":{"rendered":"<p><strong>1. Produkta specifik\u0101cijas un kvalit\u0101te:<\/strong><\/p>\n<ul>\n<li>H&amp;F komun\u0101lo pakalpojumu enkuri atbilst stingr\u0101m specifik\u0101cij\u0101m, nodro\u0161inot, ka tie atbilst un p\u0101rsniedz nozares standartus. Vis\u0101 ra\u017eo\u0161anas proces\u0101 tiek \u012bstenoti stingri kvalit\u0101tes kontroles pas\u0101kumi, kas garant\u0113 katra enkura iztur\u012bbu un uzticam\u012bbu.<\/li>\n<\/ul>\n<p><strong>2. Pieg\u0101d\u0101t\u0101ja reput\u0101cija un uzticam\u012bba:<\/strong><\/p>\n<ul>\n<li>H&amp;F var lepoties ar izcilu reput\u0101ciju nozar\u0113, kas balst\u012bta uz vair\u0101k nek\u0101 divu gadu desmitu pieredzi. M\u016bsu komun\u0101lo pakalpojumu enkuri ir past\u0101v\u012bgi sa\u0146\u0113mu\u0161i augstu nov\u0113rt\u0113jumu un pozit\u012bvas atsauksmes, kas apliecina to uzticam\u012bbu un veiktsp\u0113ju.<\/li>\n<\/ul>\n<p><strong>3. Atbilst\u012bba un sertifik\u0101cija:<\/strong><\/p>\n<ul>\n<li>Esiet dro\u0161i, ka H&amp;F komun\u0101lo pakalpojumu enkuri ir ne tikai uzticami, bet ar\u012b atbilst nozares noteikumiem. M\u016bsu priorit\u0101te ir dro\u0161\u012bba un kvalit\u0101te, un m\u016bsu enkuri ir sertific\u0113ti, lai atbilstu vai p\u0101rsniegtu visus attiec\u012bgos standartus.<\/li>\n<\/ul>\n<p><strong>4. Izmaksas un cenas un v\u0113rt\u012bbas attiec\u012bba:<\/strong><\/p>\n<ul>\n<li>H&amp;F saprot, cik svar\u012bga ir rentabilit\u0101te, nemazinot kvalit\u0101ti. M\u016bsu komun\u0101lo pakalpojumu enkuri pied\u0101v\u0101 izcilu cenas un v\u0113rt\u012bbas attiec\u012bbu, apvienojot konkur\u0113tsp\u0113j\u012bgu cenu un stabilu veiktsp\u0113ju, kas nodro\u0161ina stabilu ilgtermi\u0146a ieguld\u012bjumu.<\/li>\n<\/ul>\n<p><strong>5. Pieg\u0101de un lo\u0123istika:<\/strong><\/p>\n<ul>\n<li>Uz\u0146\u0113mum\u0101 H&amp;F m\u0113s dar\u0101m visu iesp\u0113jamo, lai nodro\u0161in\u0101tu, ka j\u016bsu komun\u0101lo pakalpojumu enkuri tiek nog\u0101d\u0101ti neskarti un savlaic\u012bgi. M\u016bsu dro\u0161ais iepakojums un efekt\u012bvie lo\u0123istikas risin\u0101jumi garant\u0113 dro\u0161u un savlaic\u012bgu pieg\u0101di, l\u012bdz minimumam samazinot iesp\u0113jamos trauc\u0113jumus j\u016bsu projekta termi\u0146os.<\/li>\n<\/ul>\n<p><strong>6. Klientu atbalsts un komunik\u0101cija:<\/strong><\/p>\n<ul>\n<li>H&amp;F augstu v\u0113rt\u0113 p\u0101rredzamu un atsauc\u012bgu sazi\u0146u. M\u016bsu \u012bpa\u0161\u0101 klientu atbalsta komanda ir gatava nekav\u0113joties atbild\u0113t uz j\u016bsu jaut\u0101jumiem un ba\u017e\u0101m. Gaidiet skaidru inform\u0101ciju par j\u016bsu pas\u016bt\u012bjuma statusu un proakt\u012bvu sazi\u0146u visa procesa laik\u0101.<\/li>\n<\/ul>\n<p><strong>7. Garantija un p\u0113cp\u0101rdo\u0161anas serviss:<\/strong><\/p>\n<ul>\n<li>Baudiet mieru ar H&amp;F visaptvero\u0161o garantijas segumu. M\u016bsu ap\u0146em\u0161an\u0101s nodro\u0161in\u0101t klientu apmierin\u0101t\u012bbu sniedzas ar\u012b p\u0113c pirkuma. Retos defektu vai probl\u0113mu gad\u012bjumos m\u016bsu p\u0113cp\u0101rdo\u0161anas serviss nodro\u0161ina \u0101tru un \u0113rtu risin\u0101jumu.<\/li>\n<\/ul>\n<p><strong>8. Maks\u0101juma noteikumi un iesp\u0113jas:<\/strong><\/p>\n<ul>\n<li>Vienojieties ar H&amp;F par elast\u012bgiem maks\u0101jumu noteikumiem, lai tie atbilstu j\u016bsu bud\u017eeta ierobe\u017eojumiem. M\u016bsu dro\u0161\u0101s maks\u0101jumu iesp\u0113jas nodro\u0161ina netrauc\u0113tu un dro\u0161u dar\u012bjuma procesu, sniedzot jums nepiecie\u0161amo elast\u012bbu.<\/li>\n<\/ul>\n<p><strong>9. Vides ilgtsp\u0113j\u012bba:<\/strong><\/p>\n<ul>\n<li>H&amp;F ir ap\u0146\u0113musies iev\u0113rot vides ilgtsp\u0113ju. M\u016bsu komun\u0101lo pakalpojumu enkuri tiek ra\u017eoti, izmantojot videi draudz\u012bgus procesus un materi\u0101lus, t\u0101d\u0113j\u0101di veicinot videi draudz\u012bg\u0101ku un ilgtsp\u0113j\u012bg\u0101ku n\u0101kotni.<\/li>\n<\/ul>\n<p><strong>10. Inov\u0101cijas un tehnolo\u0123ijas:<\/strong><\/p>\n<ul>\n<li>Izmantojiet H&amp;F komun\u0101lo pakalpojumu enkurus, kas ietver jaun\u0101kos sasniegumus enkuru tehnolo\u0123iju jom\u0101. M\u016bsu enkuri ir izstr\u0101d\u0101ti t\u0101, lai uzlabotu j\u016bsu projektu veiktsp\u0113ju un ilgm\u016b\u017e\u012bbu, s\u0101kot ar inovat\u012bv\u0101m konstrukcijas funkcij\u0101m un beidzot ar jaun\u0101kajiem materi\u0101liem.<\/li>\n<\/ul>\n<p>Vai esat gatavs uzlabot savu komun\u0101lo pakalpojumu enkuru iepirkuma pieredzi? Nos\u016btiet mums piepras\u012bjumu un \u013caujiet H&amp;F k\u013c\u016bt par j\u016bsu uzticamu partneri, lai g\u016btu pan\u0101kumus!<\/p>","protected":false},"excerpt":{"rendered":"<p>In\u017eenierkomunik\u0101ciju enkuri, kas ir prec\u012bzi izstr\u0101d\u0101ti, lai atbilstu da\u017e\u0101d\u0101m infrastrukt\u016bras projektu pras\u012bb\u0101m. M\u016bsu enkuri ir b\u016bvniec\u012bbas, telekomunik\u0101ciju un ener\u0123\u0113tikas pamatu pamats, pied\u0101v\u0101jot nep\u0101rsp\u0113jamu iztur\u012bbu, uzticam\u012bbu un piel\u0101gojam\u012bbu.<\/p>\n<p><strong>Augsta stiepes iztur\u012bba:<\/strong> H&amp;F komun\u0101lo pakalpojumu enkuri ir izgatavoti no augst\u0101k\u0101s kvalit\u0101tes materi\u0101liem, kas nodro\u0161ina izcilu stiepes iztur\u012bbu, lai nodro\u0161in\u0101tu stabilu darb\u012bbu sare\u017e\u0123\u012bt\u0101s vid\u0113s.<\/p>\n<p><strong>Iztur\u012bba pret koroziju:<\/strong> M\u016bsu enkuri ir izstr\u0101d\u0101ti t\u0101, lai iztur\u0113tu koroziju, nodro\u0161inot ilgm\u016b\u017e\u012bbu un uzticam\u012bbu da\u017e\u0101dos apst\u0101k\u013cos.<\/p>\n<p><strong>Daudzpus\u012bgi lietojumi:<\/strong> H&amp;F komun\u0101lo pakalpojumu enkuri nodro\u0161ina izcilu daudzpus\u012bbu - no konstrukciju nostiprin\u0101\u0161anas b\u016bvniec\u012bb\u0101 l\u012bdz kritisk\u0101s infrastrukt\u016bras atbalstam telekomunik\u0101ciju un ener\u0123\u0113tikas jom\u0101.<\/p>","protected":false},"featured_media":6137,"comment_status":"open","ping_status":"closed","template":"","meta":{"site-sidebar-layout":"default","site-content-layout":"","ast-site-content-layout":"default","site-content-style":"default","site-sidebar-style":"default","ast-global-header-display":"","ast-banner-title-visibility":"","ast-main-header-display":"","ast-hfb-above-header-display":"","ast-hfb-below-header-display":"","ast-hfb-mobile-header-display":"","site-post-title":"","ast-breadcrumbs-content":"","ast-featured-img":"","footer-sml-layout":"","theme-transparent-header-meta":"default","adv-header-id-meta":"","stick-header-meta":"default","header-above-stick-meta":"","header-main-stick-meta":"","header-below-stick-meta":"","astra-migrate-meta-layouts":"set","ast-page-background-enabled":"default","ast-page-background-meta":{"desktop":{"background-color":"","background-image":"","background-repeat":"repeat","background-position":"center center","background-size":"auto","background-attachment":"scroll","background-type":"","background-media":"","overlay-type":"","overlay-color":"","overlay-opacity":"","overlay-gradient":""},"tablet":{"background-color":"","background-image":"","background-repeat":"repeat","background-position":"center center","background-size":"auto","background-attachment":"scroll","background-type":"","background-media":"","overlay-type":"","overlay-color":"","overlay-opacity":"","overlay-gradient":""},"mobile":{"background-color":"","background-image":"","background-repeat":"repeat","background-position":"center center","background-size":"auto","background-attachment":"scroll","background-type":"","background-media":"","overlay-type":"","overlay-color":"","overlay-opacity":"","overlay-gradient":""}},"ast-content-background-meta":{"desktop":{"background-color":"var(--ast-global-color-5)","background-image":"","background-repeat":"repeat","background-position":"center center","background-size":"auto","background-attachment":"scroll","background-type":"","background-media":"","overlay-type":"","overlay-color":"","overlay-opacity":"","overlay-gradient":""},"tablet":{"background-color":"var(--ast-global-color-5)","background-image":"","background-repeat":"repeat","background-position":"center center","background-size":"auto","background-attachment":"scroll","background-type":"","background-media":"","overlay-type":"","overlay-color":"","overlay-opacity":"","overlay-gradient":""},"mobile":{"background-color":"var(--ast-global-color-5)","background-image":"","background-repeat":"repeat","background-position":"center center","background-size":"auto","background-attachment":"scroll","background-type":"","background-media":"","overlay-type":"","overlay-color":"","overlay-opacity":"","overlay-gradient":""}}},"product_brand":[],"product_cat":[50,30],"product_tag":[],"class_list":{"0":"post-6109","1":"product","2":"type-product","3":"status-publish","4":"has-post-thumbnail","6":"product_cat-concrete-form-accessories","7":"product_cat-lifting-anchor","8":"desktop-align-left","9":"tablet-align-left","10":"mobile-align-left","11":"ast-product-gallery-layout-horizontal-slider","12":"ast-product-tabs-layout-horizontal","14":"first","15":"instock","16":"shipping-taxable","17":"purchasable","18":"product-type-simple"},"yoast_head":"<!-- This site is optimized with the Yoast SEO plugin v25.2 - https:\/\/yoast.com\/wordpress\/plugins\/seo\/ -->\n<title>Utility Lifting Anchors for Concrete<\/title>\n<meta name=\"robots\" content=\"index, follow, max-snippet:-1, max-image-preview:large, max-video-preview:-1\" \/>\n<link rel=\"canonical\" href=\"https:\/\/qingdaohf.com\/lv\/products\/komunalo-pakalpojumu-pacelsanas-enkuri\/\" \/>\n<meta property=\"og:locale\" content=\"lv_LV\" \/>\n<meta property=\"og:type\" content=\"article\" \/>\n<meta property=\"og:title\" content=\"Utility Lifting Anchors for Concrete\" \/>\n<meta property=\"og:description\" content=\"Utility Anchors, precision-engineered to meet the diverse demands of infrastructure projects. Our anchors are the backbone of construction, telecommunications, and energy applications, offering unparalleled strength, reliability, and adaptability.  High Tensile Strength: H&amp;F Utility Anchors are crafted with top-grade materials, ensuring superior tensile strength for robust performance in demanding environments.  Corrosion Resistance: Our anchors are designed to withstand corrosion, providing longevity and reliability in a variety of settings.  Versatile Applications: From securing structures in construction to supporting critical infrastructure in telecommunications and energy, H&amp;F Utility Anchors deliver exceptional versatility.\" \/>\n<meta property=\"og:url\" content=\"https:\/\/qingdaohf.com\/lv\/products\/komunalo-pakalpojumu-pacelsanas-enkuri\/\" \/>\n<meta property=\"og:site_name\" content=\"Concrete Form &amp; Rigging Hardware Supplier\" \/>\n<meta property=\"article:publisher\" content=\"https:\/\/www.facebook.com\/qingdaohf\" \/>\n<meta property=\"article:modified_time\" content=\"2025-11-13T01:04:00+00:00\" \/>\n<meta property=\"og:image\" content=\"https:\/\/qingdaohf.com\/wp-content\/uploads\/2023\/12\/lifting-anchor-43.jpg\" \/>\n\t<meta property=\"og:image:width\" content=\"1000\" \/>\n\t<meta property=\"og:image:height\" content=\"1000\" \/>\n\t<meta property=\"og:image:type\" content=\"image\/jpeg\" \/>\n<meta name=\"twitter:card\" content=\"summary_large_image\" \/>\n<meta name=\"twitter:label1\" content=\"Est. reading time\" \/>\n\t<meta name=\"twitter:data1\" content=\"2 min\u016btes\" \/>\n<script type=\"application\/ld+json\" class=\"yoast-schema-graph\">{\"@context\":\"https:\/\/schema.org\",\"@graph\":[{\"@type\":\"WebPage\",\"@id\":\"https:\/\/qingdaohf.com\/product\/utility-lifting-anchors\/\",\"url\":\"https:\/\/qingdaohf.com\/product\/utility-lifting-anchors\/\",\"name\":\"Utility Lifting Anchors for Concrete\",\"isPartOf\":{\"@id\":\"https:\/\/qingdaohf.com\/bg\/#website\"},\"primaryImageOfPage\":{\"@id\":\"https:\/\/qingdaohf.com\/product\/utility-lifting-anchors\/#primaryimage\"},\"image\":{\"@id\":\"https:\/\/qingdaohf.com\/product\/utility-lifting-anchors\/#primaryimage\"},\"thumbnailUrl\":\"https:\/\/qingdaohf.com\/wp-content\/uploads\/2023\/12\/lifting-anchor-43.jpg\",\"datePublished\":\"2023-12-22T08:01:59+00:00\",\"dateModified\":\"2025-11-13T01:04:00+00:00\",\"breadcrumb\":{\"@id\":\"https:\/\/qingdaohf.com\/product\/utility-lifting-anchors\/#breadcrumb\"},\"inLanguage\":\"lv-LV\",\"potentialAction\":[{\"@type\":\"ReadAction\",\"target\":[\"https:\/\/qingdaohf.com\/product\/utility-lifting-anchors\/\"]}]},{\"@type\":\"ImageObject\",\"inLanguage\":\"lv-LV\",\"@id\":\"https:\/\/qingdaohf.com\/product\/utility-lifting-anchors\/#primaryimage\",\"url\":\"https:\/\/qingdaohf.com\/wp-content\/uploads\/2023\/12\/lifting-anchor-43.jpg\",\"contentUrl\":\"https:\/\/qingdaohf.com\/wp-content\/uploads\/2023\/12\/lifting-anchor-43.jpg\",\"width\":1000,\"height\":1000,\"caption\":\"Utility lifting anchor\"},{\"@type\":\"BreadcrumbList\",\"@id\":\"https:\/\/qingdaohf.com\/product\/utility-lifting-anchors\/#breadcrumb\",\"itemListElement\":[{\"@type\":\"ListItem\",\"position\":1,\"name\":\"Home\",\"item\":\"https:\/\/qingdaohf.com\/\"},{\"@type\":\"ListItem\",\"position\":2,\"name\":\"Concrete Forming Accessories and Rigging Hardware\",\"item\":\"https:\/\/qingdaohf.com\/bg\/?page_id=944\"},{\"@type\":\"ListItem\",\"position\":3,\"name\":\"Utility Lifting Anchors for Concrete\"}]},{\"@type\":\"WebSite\",\"@id\":\"https:\/\/qingdaohf.com\/bg\/#website\",\"url\":\"https:\/\/qingdaohf.com\/bg\/\",\"name\":\"Concrete Form & Rigging Hardware Supplier\",\"description\":\"\",\"publisher\":{\"@id\":\"https:\/\/qingdaohf.com\/bg\/#organization\"},\"potentialAction\":[{\"@type\":\"SearchAction\",\"target\":{\"@type\":\"EntryPoint\",\"urlTemplate\":\"https:\/\/qingdaohf.com\/bg\/?s={search_term_string}\"},\"query-input\":{\"@type\":\"PropertyValueSpecification\",\"valueRequired\":true,\"valueName\":\"search_term_string\"}}],\"inLanguage\":\"lv-LV\"},{\"@type\":\"Organization\",\"@id\":\"https:\/\/qingdaohf.com\/bg\/#organization\",\"name\":\"Qingdao H&F\",\"url\":\"https:\/\/qingdaohf.com\/bg\/\",\"logo\":{\"@type\":\"ImageObject\",\"inLanguage\":\"lv-LV\",\"@id\":\"https:\/\/qingdaohf.com\/bg\/#\/schema\/logo\/image\/\",\"url\":\"https:\/\/qingdaohf.com\/wp-content\/uploads\/2022\/12\/cropped-HF-LOGO.png\",\"contentUrl\":\"https:\/\/qingdaohf.com\/wp-content\/uploads\/2022\/12\/cropped-HF-LOGO.png\",\"width\":391,\"height\":249,\"caption\":\"Qingdao H&F\"},\"image\":{\"@id\":\"https:\/\/qingdaohf.com\/bg\/#\/schema\/logo\/image\/\"},\"sameAs\":[\"https:\/\/www.facebook.com\/qingdaohf\"]}]}<\/script>\n<!-- \/ Yoast SEO plugin. -->","yoast_head_json":{"title":"Utility Lifting Anchors for Concrete","robots":{"index":"index","follow":"follow","max-snippet":"max-snippet:-1","max-image-preview":"max-image-preview:large","max-video-preview":"max-video-preview:-1"},"canonical":"https:\/\/qingdaohf.com\/lv\/products\/komunalo-pakalpojumu-pacelsanas-enkuri\/","og_locale":"lv_LV","og_type":"article","og_title":"Utility Lifting Anchors for Concrete","og_description":"Utility Anchors, precision-engineered to meet the diverse demands of infrastructure projects. Our anchors are the backbone of construction, telecommunications, and energy applications, offering unparalleled strength, reliability, and adaptability.  High Tensile Strength: H&amp;F Utility Anchors are crafted with top-grade materials, ensuring superior tensile strength for robust performance in demanding environments.  Corrosion Resistance: Our anchors are designed to withstand corrosion, providing longevity and reliability in a variety of settings.  Versatile Applications: From securing structures in construction to supporting critical infrastructure in telecommunications and energy, H&amp;F Utility Anchors deliver exceptional versatility.","og_url":"https:\/\/qingdaohf.com\/lv\/products\/komunalo-pakalpojumu-pacelsanas-enkuri\/","og_site_name":"Concrete Form &amp; Rigging Hardware Supplier","article_publisher":"https:\/\/www.facebook.com\/qingdaohf","article_modified_time":"2025-11-13T01:04:00+00:00","og_image":[{"width":1000,"height":1000,"url":"https:\/\/qingdaohf.com\/wp-content\/uploads\/2023\/12\/lifting-anchor-43.jpg","type":"image\/jpeg"}],"twitter_card":"summary_large_image","twitter_misc":{"Est. reading time":"2 min\u016btes"},"schema":{"@context":"https:\/\/schema.org","@graph":[{"@type":"WebPage","@id":"https:\/\/qingdaohf.com\/product\/utility-lifting-anchors\/","url":"https:\/\/qingdaohf.com\/product\/utility-lifting-anchors\/","name":"Utility Lifting Anchors for Concrete","isPartOf":{"@id":"https:\/\/qingdaohf.com\/bg\/#website"},"primaryImageOfPage":{"@id":"https:\/\/qingdaohf.com\/product\/utility-lifting-anchors\/#primaryimage"},"image":{"@id":"https:\/\/qingdaohf.com\/product\/utility-lifting-anchors\/#primaryimage"},"thumbnailUrl":"https:\/\/qingdaohf.com\/wp-content\/uploads\/2023\/12\/lifting-anchor-43.jpg","datePublished":"2023-12-22T08:01:59+00:00","dateModified":"2025-11-13T01:04:00+00:00","breadcrumb":{"@id":"https:\/\/qingdaohf.com\/product\/utility-lifting-anchors\/#breadcrumb"},"inLanguage":"lv-LV","potentialAction":[{"@type":"ReadAction","target":["https:\/\/qingdaohf.com\/product\/utility-lifting-anchors\/"]}]},{"@type":"ImageObject","inLanguage":"lv-LV","@id":"https:\/\/qingdaohf.com\/product\/utility-lifting-anchors\/#primaryimage","url":"https:\/\/qingdaohf.com\/wp-content\/uploads\/2023\/12\/lifting-anchor-43.jpg","contentUrl":"https:\/\/qingdaohf.com\/wp-content\/uploads\/2023\/12\/lifting-anchor-43.jpg","width":1000,"height":1000,"caption":"Utility lifting anchor"},{"@type":"BreadcrumbList","@id":"https:\/\/qingdaohf.com\/product\/utility-lifting-anchors\/#breadcrumb","itemListElement":[{"@type":"ListItem","position":1,"name":"Home","item":"https:\/\/qingdaohf.com\/"},{"@type":"ListItem","position":2,"name":"Concrete Forming Accessories and Rigging Hardware","item":"https:\/\/qingdaohf.com\/bg\/?page_id=944"},{"@type":"ListItem","position":3,"name":"Utility Lifting Anchors for Concrete"}]},{"@type":"WebSite","@id":"https:\/\/qingdaohf.com\/bg\/#website","url":"https:\/\/qingdaohf.com\/bg\/","name":"Concrete Form & Rigging Hardware Supplier","description":"","publisher":{"@id":"https:\/\/qingdaohf.com\/bg\/#organization"},"potentialAction":[{"@type":"SearchAction","target":{"@type":"EntryPoint","urlTemplate":"https:\/\/qingdaohf.com\/bg\/?s={search_term_string}"},"query-input":{"@type":"PropertyValueSpecification","valueRequired":true,"valueName":"search_term_string"}}],"inLanguage":"lv-LV"},{"@type":"Organization","@id":"https:\/\/qingdaohf.com\/bg\/#organization","name":"Qingdao H&F","url":"https:\/\/qingdaohf.com\/bg\/","logo":{"@type":"ImageObject","inLanguage":"lv-LV","@id":"https:\/\/qingdaohf.com\/bg\/#\/schema\/logo\/image\/","url":"https:\/\/qingdaohf.com\/wp-content\/uploads\/2022\/12\/cropped-HF-LOGO.png","contentUrl":"https:\/\/qingdaohf.com\/wp-content\/uploads\/2022\/12\/cropped-HF-LOGO.png","width":391,"height":249,"caption":"Qingdao H&F"},"image":{"@id":"https:\/\/qingdaohf.com\/bg\/#\/schema\/logo\/image\/"},"sameAs":["https:\/\/www.facebook.com\/qingdaohf"]}]}},"_links":{"self":[{"href":"https:\/\/qingdaohf.com\/lv\/wp-json\/wp\/v2\/product\/6109","targetHints":{"allow":["GET"]}}],"collection":[{"href":"https:\/\/qingdaohf.com\/lv\/wp-json\/wp\/v2\/product"}],"about":[{"href":"https:\/\/qingdaohf.com\/lv\/wp-json\/wp\/v2\/types\/product"}],"replies":[{"embeddable":true,"href":"https:\/\/qingdaohf.com\/lv\/wp-json\/wp\/v2\/comments?post=6109"}],"version-history":[{"count":10,"href":"https:\/\/qingdaohf.com\/lv\/wp-json\/wp\/v2\/product\/6109\/revisions"}],"predecessor-version":[{"id":6276,"href":"https:\/\/qingdaohf.com\/lv\/wp-json\/wp\/v2\/product\/6109\/revisions\/6276"}],"wp:featuredmedia":[{"embeddable":true,"href":"https:\/\/qingdaohf.com\/lv\/wp-json\/wp\/v2\/media\/6137"}],"wp:attachment":[{"href":"https:\/\/qingdaohf.com\/lv\/wp-json\/wp\/v2\/media?parent=6109"}],"wp:term":[{"taxonomy":"product_brand","embeddable":true,"href":"https:\/\/qingdaohf.com\/lv\/wp-json\/wp\/v2\/product_brand?post=6109"},{"taxonomy":"product_cat","embeddable":true,"href":"https:\/\/qingdaohf.com\/lv\/wp-json\/wp\/v2\/product_cat?post=6109"},{"taxonomy":"product_tag","embeddable":true,"href":"https:\/\/qingdaohf.com\/lv\/wp-json\/wp\/v2\/product_tag?post=6109"}],"curies":[{"name":"wp","href":"https:\/\/api.w.org\/{rel}","templated":true}]}}