{"id":6226,"date":"2024-01-03T15:51:23","date_gmt":"2024-01-03T07:51:23","guid":{"rendered":"http:\/\/qingdaohf.com\/?post_type=product&#038;p=6226"},"modified":"2025-11-13T09:03:39","modified_gmt":"2025-11-13T01:03:39","slug":"woven-cord-strap","status":"publish","type":"product","link":"https:\/\/qingdaohf.com\/lv\/products\/sasiesana-ar-siksnam\/","title":{"rendered":"Auduma poliestera auklas siksnu lentes iesai\u0146o\u0161anai"},"content":{"rendered":"<div class=\"ast-oembed-container\" style=\"height: 100%;\"><iframe title=\"Polipropil\u0113na siksnas\" width=\"500\" height=\"281\" src=\"https:\/\/www.youtube.com\/embed\/Bi0Ct6OI134?feature=oembed\" frameborder=\"0\" allow=\"accelerometer; autoplay; clipboard-write; encrypted-media; gyroscope; picture-in-picture; web-share\" referrerpolicy=\"strict-origin-when-cross-origin\" allowfullscreen><\/iframe><\/div>\n<h3>Zinot austu poliestera auklu siksnu kritisk\u0101s \u012bpa\u0161\u012bbas<\/h3>\n<p>Austas poliestera auklas lentes ir ikviena dro\u0161a iepakojuma risin\u0101juma pamat\u0101. Zinot to iztur\u012bbu un daudzpus\u012bbu, nozar\u0113s, kur\u0101s ir nepiecie\u0161ama uzticama smagu kravu vai neregul\u0101ras formas kravu nostiprin\u0101\u0161ana, \u0161\u012bs lentes tiek izmantotas daudzos veidos. \u0160\u012bs lentes, kas izgatavotas no cie\u0161i saaust\u0101m poliestera \u0161\u0137iedr\u0101m, nodro\u0161ina iespaid\u012bgu stiepes iztur\u012bbu, vienlaikus saglab\u0101jot elast\u012bbu. At\u0161\u0137ir\u012bb\u0101 no tradicion\u0101laj\u0101m t\u0113rauda lent\u0113m, kas var b\u016bt pak\u013cautas r\u016bsas veido\u0161an\u0101s tendencei vai pat boj\u0101t jut\u012bgas virsmas, \u0161\u0101da veida poliestera lentes ir gluda, bet iztur\u012bga alternat\u012bva, kas lieliski nodro\u0161ina pre\u010du integrit\u0101tes dro\u0161\u012bbu.<\/p>\n<p>\u0160is materi\u0101ls ir k\u013cuvis iecien\u012bts vair\u0101k\u0101s vado\u0161aj\u0101s nozar\u0113s, tostarp lo\u0123istik\u0101, b\u016bvniec\u012bb\u0101 un ra\u017eo\u0161an\u0101, kur produkti tiek pak\u013cauti smag\u0101m darb\u012bb\u0101m, nemazinot dro\u0161\u012bbu un stabilit\u0101ti. Pirc\u0113ji nov\u0113rt\u0113 savus ieguld\u012bjumus iepakojum\u0101, t\u0101p\u0113c vi\u0146iem ir nepiecie\u0161amas siksnu lentes, kas prec\u012bzi atbilstu to darb\u012bbas pras\u012bb\u0101m un vienlaikus b\u016btu patie\u0161\u0101m efekt\u012bvas un rentablas.<\/p>\n<h3>Augstas stipr\u012bbas poliestera auklas siksnu priek\u0161roc\u012bbas<\/h3>\n<p>Aust\u0101s poliestera auklas lentes ir vislab\u0101k\u0101s iztur\u012bbas zi\u0146\u0101, t\u0101p\u0113c t\u0101s ir lieliski piem\u0113rotas kravu nostiprin\u0101\u0161anai dinamiskos apst\u0101k\u013cos. To \u012bpa\u0161\u0101 aust\u0101 strukt\u016bra noz\u012bm\u0113, ka t\u0101s sp\u0113j absorb\u0113t triecienus un vibr\u0101cijas, kas ir \u013coti svar\u012bgi, transport\u0113jot trauslas vai smagas preces lielos att\u0101lumos. Lent\u0101m piem\u012bt ar\u012b elast\u012bba; tas ir svar\u012bgi, jo pat tad, ja p\u0101rvad\u0101\u0161anas laik\u0101 krava ir nedaudz p\u0101rvietojusies, t\u0101 joproj\u0101m b\u016bs stingri nostiprin\u0101ta.<\/p>\n<p>Turkl\u0101t poliestera lentu vieglums atvieglo p\u0101rvieto\u0161anu. T\u0101 ir daudz viegl\u0101k lietojama sal\u012bdzin\u0101jum\u0101 ar t\u0113rauda analogiem; t\u0101d\u0113j\u0101di p\u0101rvieto\u0161ana nerada lielu darba slodzi un uzlabo darb\u012bbas efektivit\u0101ti. V\u0113l viena b\u016btiska priek\u0161roc\u012bba ir t\u0101s iztur\u012bba pret apk\u0101rt\u0113j\u0101s vides iedarb\u012bbu; poliestera lentes ir notur\u012bgas pret degrad\u0101ciju, ja t\u0101s tiek pak\u013cautas mitruma, UV staru vai temperat\u016bras mai\u0146as iedarb\u012bbai, t\u0101d\u0113j\u0101di nodro\u0161inot teicamus rezult\u0101tus, ja t\u0101s tiek izmantotas uzglab\u0101\u0161anai \u0101rpus telp\u0101m vai tranz\u012bta vajadz\u012bb\u0101m.<br \/>\nUz\u0146\u0113mum\u0101 Qingdao H&amp;F m\u0113s stingri p\u0101rbaud\u0101m m\u016bsu poliestera siksnu lentes, lai t\u0101s atbilstu augst\u0101kajiem nozares standartiem. Pirc\u0113ji var sagaid\u012bt detaliz\u0113tus kvalit\u0101tes p\u0101rbaudes zi\u0146ojumus par katru partiju, t\u0101d\u0113j\u0101di nodro\u0161inot piln\u012bgu p\u0101rredzam\u012bbu par izstr\u0101d\u0101jumu uzticam\u012bbu. Tas apvienojum\u0101 ar \u0101triem pieg\u0101des termi\u0146iem nodro\u0161ina, ka j\u016bsu uz\u0146\u0113m\u0113jdarb\u012bba norit bez kav\u0113\u0161an\u0101s.<\/p>\n<h3>K\u0101p\u0113c izv\u0113l\u0113ties Qingdao H&amp;F j\u016bsu poliestera siksnu sav\u0101k\u0161anas vajadz\u012bb\u0101m?<\/h3>\n<p>Pareizais pieg\u0101d\u0101t\u0101js ir tikpat svar\u012bgs k\u0101 pa\u0161a produkta izv\u0113le. \u0160aj\u0101 zi\u0146\u0101 Qingdao H&amp;F ir nep\u0101rsp\u0113jams, piln\u012bb\u0101 atbilstot pirc\u0113ju vajadz\u012bb\u0101m. Ar 20 gadu \u0101r\u0113j\u0101s tirdzniec\u012bbas pieredzi m\u0113s apzin\u0101mies tos b\u016btiskos faktorus, kas nosaka pirkuma l\u0113mumu pie\u0146em\u0161anu: s\u0101kot no produkta ilgm\u016b\u017e\u012bbas un rentabilit\u0101tes l\u012bdz savlaic\u012bgai pieg\u0101dei un piel\u0101gotam atbalstam, izcil\u012bbu katr\u0101 s\u012bkum\u0101. M\u016bs at\u0161\u0137ir ap\u0146em\u0161an\u0101s nodro\u0161in\u0101t individu\u0101lu klientu apkalpo\u0161anu. Katram klientam tiek nodro\u0161in\u0101ts viens kontaktpunkts, kas pal\u012bdz atrisin\u0101t visus jaut\u0101jumus vai sniedz atjaunin\u0101tu pal\u012bdz\u012bbu, piel\u0101gojot risin\u0101jumus konkr\u0113taj\u0101m pras\u012bb\u0101m. \u0160\u012b personaliz\u0113t\u0101 pieeja nodro\u0161ina, ka pirkums tiek veikts nevainojami. Turkl\u0101t m\u016bsu sp\u0113c\u012bg\u0101 pieg\u0101des \u0137\u0113des p\u0101rvald\u012bbas sist\u0113ma \u013cauj mums laic\u012bgi veikt pieg\u0101des pat projektos ar stingriem termi\u0146iem, nekait\u0113jot kvalit\u0101tei. Pirc\u0113jiem, kas r\u016bp\u0113jas par kvalit\u0101ti, m\u0113s sniedzam detaliz\u0113tus p\u0101rbaudes zi\u0146ojumus, lai vi\u0146i b\u016btu dro\u0161i, ka katra izstr\u0101d\u0101jumu partija atbilst noteiktajiem standartiem. Zi\u0146ojumi vairo uztic\u012bbu un \u013cauj klientiem pie\u0146emt p\u0101rliecino\u0161us, uz inform\u0101ciju balst\u012btus l\u0113mumus.<\/p>\n<p>Tas pier\u0101da, ka augstas stipr\u012bbas austas poliestera auklas lentes noteikti ir inovat\u012bvs produkts nozar\u0113m, kur\u0101m nepiecie\u0161ami uzticami iepakojuma materi\u0101li. Uzsvars \u0161aj\u0101s lent\u0113s tiek likts uz iztur\u012bbu, elast\u012bbu un piel\u0101gojam\u012bbu da\u017e\u0101diem m\u0113r\u0137iem, vienlaikus samazinot ar kravas nostiprin\u0101\u0161anu saist\u012btos riskus. Kop\u0101 ar Qingdao H&amp;F t\u0101 var nodro\u0161in\u0101t pirc\u0113jiem augst\u0101k\u0101s kvalit\u0101tes produktus, ko papildina nozares pieredze, \u0101trs pieg\u0101des cikls un nemain\u012bgs klientu atbalsts. Neatkar\u012bgi no t\u0101, vai j\u016bs str\u0101d\u0101jat ar sare\u017e\u0123\u012btu lo\u0123istiku vai m\u0113\u0123in\u0101t atrisin\u0101t konkr\u0113tas darb\u012bbas probl\u0113mas, m\u016bsu individualiz\u0113tie risin\u0101jumi un padzi\u013cin\u0101t\u0101 izpratne ir pamats, uz kura balst\u0101s j\u016bsu iepakojuma pan\u0101kumi.<\/p>","protected":false},"excerpt":{"rendered":"<p>Augstas stipr\u012bbas austas poliestera auklas lentes nodro\u0161ina nozares ar efekt\u012bviem un uzticamiem iepakojuma risin\u0101jumiem. \u0160\u012bs lentes, kas paz\u012bstamas ar savu iztur\u012bbu, nodro\u0161ina efekt\u012bvu smagu kravu nostiprin\u0101\u0161anu un ir \u013coti iztur\u012bgas pret pl\u012bsumiem un izstiep\u0161anos transport\u0113\u0161anas laik\u0101. Liel\u0101k\u0101 da\u013ca pirc\u0113ju, ieg\u0101d\u0101joties uzticamus iesai\u0146ojuma materi\u0101lus, \u0146em v\u0113r\u0101 produkta veiktsp\u0113ju, sader\u012bbu ar visu veidu stiprin\u0101\u0161anas instrumentiem un sp\u0113ju pretoties vides faktoriem, piem\u0113ram, mitrumam. M\u0113s esam uzticams tirdzniec\u012bbas uz\u0146\u0113mums jau 20 gadus. Qingdao H&amp;F ir izc\u0113lies ar to, ka klientiem pied\u0101v\u0101 piel\u0101gotus, individu\u0101lus pakalpojumus, kas garant\u0113, ka katrs klients sa\u0146em pien\u0101c\u012bgu laiku. \u0100tri pieg\u0101des cikli un visaptvero\u0161i kvalit\u0101tes p\u0101rbaudes zi\u0146ojumi vairos j\u016bsu p\u0101rliec\u012bbu, izv\u0113loties m\u016bs saviem iepakojuma risin\u0101jumiem.<\/p>","protected":false},"featured_media":6225,"comment_status":"open","ping_status":"closed","template":"","meta":{"site-sidebar-layout":"default","site-content-layout":"","ast-site-content-layout":"default","site-content-style":"default","site-sidebar-style":"default","ast-global-header-display":"","ast-banner-title-visibility":"","ast-main-header-display":"","ast-hfb-above-header-display":"","ast-hfb-below-header-display":"","ast-hfb-mobile-header-display":"","site-post-title":"","ast-breadcrumbs-content":"","ast-featured-img":"","footer-sml-layout":"","theme-transparent-header-meta":"default","adv-header-id-meta":"","stick-header-meta":"default","header-above-stick-meta":"","header-main-stick-meta":"","header-below-stick-meta":"","astra-migrate-meta-layouts":"set","ast-page-background-enabled":"default","ast-page-background-meta":{"desktop":{"background-color":"","background-image":"","background-repeat":"repeat","background-position":"center center","background-size":"auto","background-attachment":"scroll","background-type":"","background-media":"","overlay-type":"","overlay-color":"","overlay-opacity":"","overlay-gradient":""},"tablet":{"background-color":"","background-image":"","background-repeat":"repeat","background-position":"center center","background-size":"auto","background-attachment":"scroll","background-type":"","background-media":"","overlay-type":"","overlay-color":"","overlay-opacity":"","overlay-gradient":""},"mobile":{"background-color":"","background-image":"","background-repeat":"repeat","background-position":"center center","background-size":"auto","background-attachment":"scroll","background-type":"","background-media":"","overlay-type":"","overlay-color":"","overlay-opacity":"","overlay-gradient":""}},"ast-content-background-meta":{"desktop":{"background-color":"var(--ast-global-color-5)","background-image":"","background-repeat":"repeat","background-position":"center center","background-size":"auto","background-attachment":"scroll","background-type":"","background-media":"","overlay-type":"","overlay-color":"","overlay-opacity":"","overlay-gradient":""},"tablet":{"background-color":"var(--ast-global-color-5)","background-image":"","background-repeat":"repeat","background-position":"center center","background-size":"auto","background-attachment":"scroll","background-type":"","background-media":"","overlay-type":"","overlay-color":"","overlay-opacity":"","overlay-gradient":""},"mobile":{"background-color":"var(--ast-global-color-5)","background-image":"","background-repeat":"repeat","background-position":"center center","background-size":"auto","background-attachment":"scroll","background-type":"","background-media":"","overlay-type":"","overlay-color":"","overlay-opacity":"","overlay-gradient":""}}},"product_brand":[],"product_cat":[51,69],"product_tag":[],"class_list":{"0":"post-6226","1":"product","2":"type-product","3":"status-publish","4":"has-post-thumbnail","6":"product_cat-riggging-hardware","7":"product_cat-strapping","8":"desktop-align-left","9":"tablet-align-left","10":"mobile-align-left","11":"ast-product-gallery-layout-horizontal-slider","12":"ast-product-tabs-layout-horizontal","14":"first","15":"instock","16":"shipping-taxable","17":"purchasable","18":"product-type-simple"},"yoast_head":"<!-- This site is optimized with the Yoast SEO plugin v25.2 - https:\/\/yoast.com\/wordpress\/plugins\/seo\/ -->\n<title>Woven Polyester Cord Strapping Band for Packaging<\/title>\n<meta name=\"description\" content=\"High-strength woven polyester cord strapping bands provide industries with efficient and trustworthy packaging solutions.\" \/>\n<meta name=\"robots\" content=\"index, follow, max-snippet:-1, max-image-preview:large, max-video-preview:-1\" \/>\n<link rel=\"canonical\" href=\"https:\/\/qingdaohf.com\/lv\/products\/sasiesana-ar-siksnam\/\" \/>\n<meta property=\"og:locale\" content=\"lv_LV\" \/>\n<meta property=\"og:type\" content=\"article\" \/>\n<meta property=\"og:title\" content=\"Woven Polyester Cord Strapping Band for Packaging\" \/>\n<meta property=\"og:description\" content=\"High-strength woven polyester cord strapping bands provide industries with efficient and trustworthy packaging solutions.\" \/>\n<meta property=\"og:url\" content=\"https:\/\/qingdaohf.com\/lv\/products\/sasiesana-ar-siksnam\/\" \/>\n<meta property=\"og:site_name\" content=\"Concrete Form &amp; Rigging Hardware Supplier\" \/>\n<meta property=\"article:publisher\" content=\"https:\/\/www.facebook.com\/qingdaohf\" \/>\n<meta property=\"article:modified_time\" content=\"2025-11-13T01:03:39+00:00\" \/>\n<meta property=\"og:image\" content=\"https:\/\/qingdaohf.com\/wp-content\/uploads\/2024\/01\/strapping-roll-2.webp\" \/>\n\t<meta property=\"og:image:width\" content=\"1000\" \/>\n\t<meta property=\"og:image:height\" content=\"1000\" \/>\n\t<meta property=\"og:image:type\" content=\"image\/webp\" \/>\n<meta name=\"twitter:card\" content=\"summary_large_image\" \/>\n<meta name=\"twitter:label1\" content=\"Est. reading time\" \/>\n\t<meta name=\"twitter:data1\" content=\"3 min\u016btes\" \/>\n<script type=\"application\/ld+json\" class=\"yoast-schema-graph\">{\"@context\":\"https:\/\/schema.org\",\"@graph\":[{\"@type\":\"WebPage\",\"@id\":\"https:\/\/qingdaohf.com\/product\/woven-cord-strap\/\",\"url\":\"https:\/\/qingdaohf.com\/product\/woven-cord-strap\/\",\"name\":\"Woven Polyester Cord Strapping Band for Packaging\",\"isPartOf\":{\"@id\":\"https:\/\/qingdaohf.com\/bg\/#website\"},\"primaryImageOfPage\":{\"@id\":\"https:\/\/qingdaohf.com\/product\/woven-cord-strap\/#primaryimage\"},\"image\":{\"@id\":\"https:\/\/qingdaohf.com\/product\/woven-cord-strap\/#primaryimage\"},\"thumbnailUrl\":\"https:\/\/qingdaohf.com\/wp-content\/uploads\/2024\/01\/strapping-roll-2.webp\",\"datePublished\":\"2024-01-03T07:51:23+00:00\",\"dateModified\":\"2025-11-13T01:03:39+00:00\",\"description\":\"High-strength woven polyester cord strapping bands provide industries with efficient and trustworthy packaging solutions.\",\"breadcrumb\":{\"@id\":\"https:\/\/qingdaohf.com\/product\/woven-cord-strap\/#breadcrumb\"},\"inLanguage\":\"lv-LV\",\"potentialAction\":[{\"@type\":\"ReadAction\",\"target\":[\"https:\/\/qingdaohf.com\/product\/woven-cord-strap\/\"]}]},{\"@type\":\"ImageObject\",\"inLanguage\":\"lv-LV\",\"@id\":\"https:\/\/qingdaohf.com\/product\/woven-cord-strap\/#primaryimage\",\"url\":\"https:\/\/qingdaohf.com\/wp-content\/uploads\/2024\/01\/strapping-roll-2.webp\",\"contentUrl\":\"https:\/\/qingdaohf.com\/wp-content\/uploads\/2024\/01\/strapping-roll-2.webp\",\"width\":1000,\"height\":1000,\"caption\":\"strapping roll\"},{\"@type\":\"BreadcrumbList\",\"@id\":\"https:\/\/qingdaohf.com\/product\/woven-cord-strap\/#breadcrumb\",\"itemListElement\":[{\"@type\":\"ListItem\",\"position\":1,\"name\":\"Home\",\"item\":\"https:\/\/qingdaohf.com\/\"},{\"@type\":\"ListItem\",\"position\":2,\"name\":\"Concrete Forming Accessories and Rigging Hardware\",\"item\":\"https:\/\/qingdaohf.com\/bg\/?page_id=944\"},{\"@type\":\"ListItem\",\"position\":3,\"name\":\"Woven Polyester Cord Strapping Band for Packaging\"}]},{\"@type\":\"WebSite\",\"@id\":\"https:\/\/qingdaohf.com\/bg\/#website\",\"url\":\"https:\/\/qingdaohf.com\/bg\/\",\"name\":\"Concrete Form & Rigging Hardware Supplier\",\"description\":\"\",\"publisher\":{\"@id\":\"https:\/\/qingdaohf.com\/bg\/#organization\"},\"potentialAction\":[{\"@type\":\"SearchAction\",\"target\":{\"@type\":\"EntryPoint\",\"urlTemplate\":\"https:\/\/qingdaohf.com\/bg\/?s={search_term_string}\"},\"query-input\":{\"@type\":\"PropertyValueSpecification\",\"valueRequired\":true,\"valueName\":\"search_term_string\"}}],\"inLanguage\":\"lv-LV\"},{\"@type\":\"Organization\",\"@id\":\"https:\/\/qingdaohf.com\/bg\/#organization\",\"name\":\"Qingdao H&F\",\"url\":\"https:\/\/qingdaohf.com\/bg\/\",\"logo\":{\"@type\":\"ImageObject\",\"inLanguage\":\"lv-LV\",\"@id\":\"https:\/\/qingdaohf.com\/bg\/#\/schema\/logo\/image\/\",\"url\":\"https:\/\/qingdaohf.com\/wp-content\/uploads\/2022\/12\/cropped-HF-LOGO.png\",\"contentUrl\":\"https:\/\/qingdaohf.com\/wp-content\/uploads\/2022\/12\/cropped-HF-LOGO.png\",\"width\":391,\"height\":249,\"caption\":\"Qingdao H&F\"},\"image\":{\"@id\":\"https:\/\/qingdaohf.com\/bg\/#\/schema\/logo\/image\/\"},\"sameAs\":[\"https:\/\/www.facebook.com\/qingdaohf\"]}]}<\/script>\n<!-- \/ Yoast SEO plugin. -->","yoast_head_json":{"title":"Woven Polyester Cord Strapping Band for Packaging","description":"High-strength woven polyester cord strapping bands provide industries with efficient and trustworthy packaging solutions.","robots":{"index":"index","follow":"follow","max-snippet":"max-snippet:-1","max-image-preview":"max-image-preview:large","max-video-preview":"max-video-preview:-1"},"canonical":"https:\/\/qingdaohf.com\/lv\/products\/sasiesana-ar-siksnam\/","og_locale":"lv_LV","og_type":"article","og_title":"Woven Polyester Cord Strapping Band for Packaging","og_description":"High-strength woven polyester cord strapping bands provide industries with efficient and trustworthy packaging solutions.","og_url":"https:\/\/qingdaohf.com\/lv\/products\/sasiesana-ar-siksnam\/","og_site_name":"Concrete Form &amp; Rigging Hardware Supplier","article_publisher":"https:\/\/www.facebook.com\/qingdaohf","article_modified_time":"2025-11-13T01:03:39+00:00","og_image":[{"width":1000,"height":1000,"url":"https:\/\/qingdaohf.com\/wp-content\/uploads\/2024\/01\/strapping-roll-2.webp","type":"image\/webp"}],"twitter_card":"summary_large_image","twitter_misc":{"Est. reading time":"3 min\u016btes"},"schema":{"@context":"https:\/\/schema.org","@graph":[{"@type":"WebPage","@id":"https:\/\/qingdaohf.com\/product\/woven-cord-strap\/","url":"https:\/\/qingdaohf.com\/product\/woven-cord-strap\/","name":"Woven Polyester Cord Strapping Band for Packaging","isPartOf":{"@id":"https:\/\/qingdaohf.com\/bg\/#website"},"primaryImageOfPage":{"@id":"https:\/\/qingdaohf.com\/product\/woven-cord-strap\/#primaryimage"},"image":{"@id":"https:\/\/qingdaohf.com\/product\/woven-cord-strap\/#primaryimage"},"thumbnailUrl":"https:\/\/qingdaohf.com\/wp-content\/uploads\/2024\/01\/strapping-roll-2.webp","datePublished":"2024-01-03T07:51:23+00:00","dateModified":"2025-11-13T01:03:39+00:00","description":"High-strength woven polyester cord strapping bands provide industries with efficient and trustworthy packaging solutions.","breadcrumb":{"@id":"https:\/\/qingdaohf.com\/product\/woven-cord-strap\/#breadcrumb"},"inLanguage":"lv-LV","potentialAction":[{"@type":"ReadAction","target":["https:\/\/qingdaohf.com\/product\/woven-cord-strap\/"]}]},{"@type":"ImageObject","inLanguage":"lv-LV","@id":"https:\/\/qingdaohf.com\/product\/woven-cord-strap\/#primaryimage","url":"https:\/\/qingdaohf.com\/wp-content\/uploads\/2024\/01\/strapping-roll-2.webp","contentUrl":"https:\/\/qingdaohf.com\/wp-content\/uploads\/2024\/01\/strapping-roll-2.webp","width":1000,"height":1000,"caption":"strapping roll"},{"@type":"BreadcrumbList","@id":"https:\/\/qingdaohf.com\/product\/woven-cord-strap\/#breadcrumb","itemListElement":[{"@type":"ListItem","position":1,"name":"Home","item":"https:\/\/qingdaohf.com\/"},{"@type":"ListItem","position":2,"name":"Concrete Forming Accessories and Rigging Hardware","item":"https:\/\/qingdaohf.com\/bg\/?page_id=944"},{"@type":"ListItem","position":3,"name":"Woven Polyester Cord Strapping Band for Packaging"}]},{"@type":"WebSite","@id":"https:\/\/qingdaohf.com\/bg\/#website","url":"https:\/\/qingdaohf.com\/bg\/","name":"Concrete Form & Rigging Hardware Supplier","description":"","publisher":{"@id":"https:\/\/qingdaohf.com\/bg\/#organization"},"potentialAction":[{"@type":"SearchAction","target":{"@type":"EntryPoint","urlTemplate":"https:\/\/qingdaohf.com\/bg\/?s={search_term_string}"},"query-input":{"@type":"PropertyValueSpecification","valueRequired":true,"valueName":"search_term_string"}}],"inLanguage":"lv-LV"},{"@type":"Organization","@id":"https:\/\/qingdaohf.com\/bg\/#organization","name":"Qingdao H&F","url":"https:\/\/qingdaohf.com\/bg\/","logo":{"@type":"ImageObject","inLanguage":"lv-LV","@id":"https:\/\/qingdaohf.com\/bg\/#\/schema\/logo\/image\/","url":"https:\/\/qingdaohf.com\/wp-content\/uploads\/2022\/12\/cropped-HF-LOGO.png","contentUrl":"https:\/\/qingdaohf.com\/wp-content\/uploads\/2022\/12\/cropped-HF-LOGO.png","width":391,"height":249,"caption":"Qingdao H&F"},"image":{"@id":"https:\/\/qingdaohf.com\/bg\/#\/schema\/logo\/image\/"},"sameAs":["https:\/\/www.facebook.com\/qingdaohf"]}]}},"_links":{"self":[{"href":"https:\/\/qingdaohf.com\/lv\/wp-json\/wp\/v2\/product\/6226","targetHints":{"allow":["GET"]}}],"collection":[{"href":"https:\/\/qingdaohf.com\/lv\/wp-json\/wp\/v2\/product"}],"about":[{"href":"https:\/\/qingdaohf.com\/lv\/wp-json\/wp\/v2\/types\/product"}],"replies":[{"embeddable":true,"href":"https:\/\/qingdaohf.com\/lv\/wp-json\/wp\/v2\/comments?post=6226"}],"version-history":[{"count":11,"href":"https:\/\/qingdaohf.com\/lv\/wp-json\/wp\/v2\/product\/6226\/revisions"}],"predecessor-version":[{"id":8881,"href":"https:\/\/qingdaohf.com\/lv\/wp-json\/wp\/v2\/product\/6226\/revisions\/8881"}],"wp:featuredmedia":[{"embeddable":true,"href":"https:\/\/qingdaohf.com\/lv\/wp-json\/wp\/v2\/media\/6225"}],"wp:attachment":[{"href":"https:\/\/qingdaohf.com\/lv\/wp-json\/wp\/v2\/media?parent=6226"}],"wp:term":[{"taxonomy":"product_brand","embeddable":true,"href":"https:\/\/qingdaohf.com\/lv\/wp-json\/wp\/v2\/product_brand?post=6226"},{"taxonomy":"product_cat","embeddable":true,"href":"https:\/\/qingdaohf.com\/lv\/wp-json\/wp\/v2\/product_cat?post=6226"},{"taxonomy":"product_tag","embeddable":true,"href":"https:\/\/qingdaohf.com\/lv\/wp-json\/wp\/v2\/product_tag?post=6226"}],"curies":[{"name":"wp","href":"https:\/\/api.w.org\/{rel}","templated":true}]}}