{"id":6447,"date":"2024-02-01T17:45:13","date_gmt":"2024-02-01T09:45:13","guid":{"rendered":"http:\/\/qingdaohf.com\/?post_type=product&#038;p=6447"},"modified":"2025-11-13T09:03:39","modified_gmt":"2025-11-13T01:03:39","slug":"bow-shackle-anchor-shackle-for-lifting","status":"publish","type":"product","link":"https:\/\/qingdaohf.com\/lv\/products\/prieksgala-vazas-enkura-vazas-pacelsanai\/","title":{"rendered":"Lieljaudas priek\u0161gala va\u017eas va\u017eas | Enkura va\u017eas pacel\u0161anai"},"content":{"rendered":"<p>Laipni l\u016bdzam H&amp;F, j\u016bsu galvenaj\u0101 galam\u0113r\u0137\u012b, kur ieg\u0101d\u0101ties augstas kvalit\u0101tes cinkotas priek\u0161gala un enkura va\u017eas, kas paredz\u0113tas, lai atbilstu vis\u0101m j\u016bsu pacel\u0161anas, vilk\u0161anas un takel\u0101\u017eas pras\u012bb\u0101m. K\u0101 vado\u0161ais va\u017eu pieg\u0101d\u0101t\u0101js, kas specializ\u0113jas vairumtirdzniec\u012bbas izplat\u012b\u0161an\u0101, m\u0113s lepojamies ar to, ka varam pied\u0101v\u0101t pla\u0161u priek\u0161gala un enkuru va\u017eu kl\u0101stu, kas izgatavotas no augst\u0101k\u0101s kvalit\u0101tes materi\u0101liem, lai nodro\u0161in\u0101tu izcilu veiktsp\u0113ju un iztur\u012bbu visos lietojumos.<\/p>\n<ol>\n<li>Premium kvalit\u0101tes cinkots materi\u0101ls: M\u016bsu priek\u0161gala un enkura va\u017eas ir r\u016bp\u012bgi izgatavotas no augstas kvalit\u0101tes cinkota t\u0113rauda, kas nodro\u0161ina izcilu iztur\u012bbu pret koroziju un ilgsto\u0161u iztur\u012bbu pat vispras\u012bg\u0101kaj\u0101 vid\u0113.<\/li>\n<li>Daudzfunkcion\u0101li lietojumi: Neatkar\u012bgi no t\u0101, vai j\u016bs ce\u013cat smagas kravas, velkat iek\u0101rtas vai stiprin\u0101t da\u017e\u0101dus komponentus, m\u016bsu priek\u0161gala un enkura va\u017eas ir konstru\u0113tas t\u0101, lai nodro\u0161in\u0101tu uzticamu darb\u012bbu visda\u017e\u0101d\u0101kajos lietojumos.<\/li>\n<li>Pla\u0161s mode\u013cu kl\u0101sts: Izv\u0113lieties no m\u016bsu pla\u0161\u0101 priek\u0161gala un enkura va\u017eu kl\u0101sta, ieskaitot popul\u0101r\u0101kos mode\u013cus, piem\u0113ram, G209, G213, G2140, G2160 un G2169. Katrs no tiem ir izstr\u0101d\u0101ts, lai atbilstu konkr\u0113tiem nozares standartiem un pras\u012bb\u0101m.<\/li>\n<li>Vairumtirdzniec\u012bbas cenas: M\u0113s pied\u0101v\u0101jam konkur\u0113tsp\u0113j\u012bgas cenas lielgabar\u012bta pas\u016bt\u012bjumiem, kas \u013cauj jums maksim\u0101li ietaup\u012bt izmaksas, vienlaikus nodro\u0161inot augst\u0101k\u0101s kvalit\u0101tes produktus j\u016bsu biznesa vajadz\u012bb\u0101m.<\/li>\n<\/ol>\n<p>Risin\u0101jumi bie\u017e\u0101k sastopamaj\u0101m pirc\u0113ju ba\u017e\u0101m:<\/p>\n<ol>\n<li>Kvalit\u0101tes nodro\u0161in\u0101\u0161ana: M\u0113s saprotam, ka pirc\u0113ji, kas ieg\u0101d\u0101jas va\u017eas lielos daudzumos, ir noba\u017e\u012bju\u0161ies par produkta kvalit\u0101ti. Esiet dro\u0161i, ka m\u016bsu priek\u0161gala un enkuru va\u017eas tiek pak\u013cautas stingriem kvalit\u0101tes kontroles pas\u0101kumiem katr\u0101 ra\u017eo\u0161anas posm\u0101, lai nodro\u0161in\u0101tu, ka t\u0101s atbilst vai p\u0101rsniedz nozares uzticam\u012bbas un veiktsp\u0113jas standartus.<\/li>\n<li>Savietojam\u012bba un mont\u0101\u017ea: M\u0113s pied\u0101v\u0101jam detaliz\u0113tu inform\u0101ciju par katra priek\u0161gala un enkura va\u017eas specifik\u0101ciju un sader\u012bbu, lai pirc\u0113jiem b\u016btu viegli izv\u0113l\u0113ties piem\u0113rotu produktu konkr\u0113tajam pielietojumam.<\/li>\n<li>Vairumtirdzniec\u012bbas cenas un atlaides: M\u0113s pied\u0101v\u0101jam konkur\u0113tsp\u0113j\u012bgas vairumtirdzniec\u012bbas cenas un pievilc\u012bgas atlaides liela apjoma pas\u016bt\u012bjumiem, \u013caujot pirc\u0113jiem optimiz\u0113t iepirkuma izmaksas, nemazinot kvalit\u0101ti.<\/li>\n<li>Savlaic\u012bga pieg\u0101de: M\u016bsu efekt\u012bv\u0101 pieg\u0101des \u0137\u0113des p\u0101rvald\u012bba nodro\u0161ina savlaic\u012bgu liela apjoma pas\u016bt\u012bjumu pieg\u0101di, l\u012bdz minimumam samazinot d\u012bkst\u0101ves laiku un nodro\u0161inot nep\u0101rtrauktu darb\u012bbu m\u016bsu klientiem.<\/li>\n<li>Specializ\u0113ts klientu atbalsts: M\u016bsu pieredz\u0113ju\u0161u profesion\u0101\u013cu komanda ir ap\u0146\u0113musies nodro\u0161in\u0101t izcilu klientu atbalstu, pal\u012bdzot pirc\u0113jiem ar produktu izv\u0113li, piel\u0101go\u0161anas iesp\u0113j\u0101m un \u0101tri un efekt\u012bvi risinot visus jaut\u0101jumus vai probl\u0113mas.<\/li>\n<\/ol>\n<p>Parastie darba slodzes limiti (WLL) un priek\u0161gala va\u017eu izm\u0113ri:<\/p>\n<p><strong>WLLs<\/strong>: 0,33 tonnas, 0,5 tonnas, 0,75 tonnas, 1 tonna, 1,5 tonnas, 2 tonnas, 3,25 tonnas, 4,75 tonnas, 6,5 tonnas, 8,5 tonnas, 9,5 tonnas, 12 tonnas, 13,5 tonnas, 17 tonnas, 25 tonnas, 35 tonnas, 55 tonnas, 85 tonnas, 120 tonnas, 150 tonnas.<\/p>\n<p><strong>Izm\u0113ri<\/strong>: 1\/4 collas, 3\/8 collas, 1\/2 collas, 5\/8 collas, 3\/4 collas, 7\/8 collas, 1 collas, 1-1\/4 collas, 1-1\/2 collas, 1-3\/4 collas, 2 collas, 2-1\/2 collas, 3 collas.<\/p>\n<p><img fetchpriority=\"high\" decoding=\"async\" class=\"alignnone size-full wp-image-6475\" src=\"http:\/\/qingdaohf.com\/wp-content\/uploads\/2024\/02\/shackle-collection-4.jpg\" alt=\"Smag\u0101s darba slodzes va\u017eas\" width=\"1000\" height=\"559\" srcset=\"https:\/\/qingdaohf.com\/wp-content\/uploads\/2024\/02\/shackle-collection-4.jpg 1000w, https:\/\/qingdaohf.com\/wp-content\/uploads\/2024\/02\/shackle-collection-4-300x168.jpg 300w, https:\/\/qingdaohf.com\/wp-content\/uploads\/2024\/02\/shackle-collection-4-768x429.jpg 768w\" sizes=\"(max-width: 1000px) 100vw, 1000px\" \/><\/p>","protected":false},"excerpt":{"rendered":"<p>M\u016bsu priek\u0161gala enkuru va\u017e\u0101m ir iztur\u012bgs, noapa\u013cots dizains, kas nodro\u0161ina optim\u0101lu slodzes sadal\u012bjumu un samazina slodzi, padarot t\u0101s ide\u0101li piem\u0113rotas da\u017e\u0101diem pielietojumiem da\u017e\u0101d\u0101s nozar\u0113s. \u0160\u012bs va\u017eas ir konstru\u0113tas no augstas kvalit\u0101tes materi\u0101liem un prec\u012bzas izgatavo\u0161anas, nodro\u0161inot izcilu iztur\u012bbu un veiktsp\u0113ju pat vispras\u012bg\u0101kaj\u0101s vid\u0113s. Uzticieties m\u016bsu priek\u0161gala enkuru va\u017e\u0101m, lai uzlabotu savu darb\u012bbu efektivit\u0101ti, dro\u0161\u012bbu un produktivit\u0101ti.<\/p>","protected":false},"featured_media":6465,"comment_status":"open","ping_status":"closed","template":"","meta":{"site-sidebar-layout":"default","site-content-layout":"","ast-site-content-layout":"default","site-content-style":"default","site-sidebar-style":"default","ast-global-header-display":"","ast-banner-title-visibility":"","ast-main-header-display":"","ast-hfb-above-header-display":"","ast-hfb-below-header-display":"","ast-hfb-mobile-header-display":"","site-post-title":"","ast-breadcrumbs-content":"","ast-featured-img":"","footer-sml-layout":"","theme-transparent-header-meta":"default","adv-header-id-meta":"","stick-header-meta":"default","header-above-stick-meta":"","header-main-stick-meta":"","header-below-stick-meta":"","astra-migrate-meta-layouts":"set","ast-page-background-enabled":"default","ast-page-background-meta":{"desktop":{"background-color":"","background-image":"","background-repeat":"repeat","background-position":"center center","background-size":"auto","background-attachment":"scroll","background-type":"","background-media":"","overlay-type":"","overlay-color":"","overlay-opacity":"","overlay-gradient":""},"tablet":{"background-color":"","background-image":"","background-repeat":"repeat","background-position":"center center","background-size":"auto","background-attachment":"scroll","background-type":"","background-media":"","overlay-type":"","overlay-color":"","overlay-opacity":"","overlay-gradient":""},"mobile":{"background-color":"","background-image":"","background-repeat":"repeat","background-position":"center center","background-size":"auto","background-attachment":"scroll","background-type":"","background-media":"","overlay-type":"","overlay-color":"","overlay-opacity":"","overlay-gradient":""}},"ast-content-background-meta":{"desktop":{"background-color":"var(--ast-global-color-5)","background-image":"","background-repeat":"repeat","background-position":"center center","background-size":"auto","background-attachment":"scroll","background-type":"","background-media":"","overlay-type":"","overlay-color":"","overlay-opacity":"","overlay-gradient":""},"tablet":{"background-color":"var(--ast-global-color-5)","background-image":"","background-repeat":"repeat","background-position":"center center","background-size":"auto","background-attachment":"scroll","background-type":"","background-media":"","overlay-type":"","overlay-color":"","overlay-opacity":"","overlay-gradient":""},"mobile":{"background-color":"var(--ast-global-color-5)","background-image":"","background-repeat":"repeat","background-position":"center center","background-size":"auto","background-attachment":"scroll","background-type":"","background-media":"","overlay-type":"","overlay-color":"","overlay-opacity":"","overlay-gradient":""}}},"product_brand":[],"product_cat":[51,54],"product_tag":[],"class_list":{"0":"post-6447","1":"product","2":"type-product","3":"status-publish","4":"has-post-thumbnail","6":"product_cat-riggging-hardware","7":"product_cat-shackle","8":"desktop-align-left","9":"tablet-align-left","10":"mobile-align-left","11":"ast-product-gallery-layout-horizontal-slider","12":"ast-product-tabs-layout-horizontal","14":"first","15":"instock","16":"shipping-taxable","17":"purchasable","18":"product-type-simple"},"yoast_head":"<!-- This site is optimized with the Yoast SEO plugin v25.2 - https:\/\/yoast.com\/wordpress\/plugins\/seo\/ -->\n<title>Heavy Duty Bow Shackle | Anchor Shackle for Lifting<\/title>\n<meta name=\"description\" content=\"Bow shackles feature a robust, rounded design that ensures optimal load distribution and reduced stress, making them ideal for various applications across industries.\" \/>\n<meta name=\"robots\" content=\"index, follow, max-snippet:-1, max-image-preview:large, max-video-preview:-1\" \/>\n<link rel=\"canonical\" href=\"https:\/\/qingdaohf.com\/lv\/products\/prieksgala-vazas-enkura-vazas-pacelsanai\/\" \/>\n<meta property=\"og:locale\" content=\"lv_LV\" \/>\n<meta property=\"og:type\" content=\"article\" \/>\n<meta property=\"og:title\" content=\"Heavy Duty Bow Shackle | Anchor Shackle for Lifting\" \/>\n<meta property=\"og:description\" content=\"Bow shackles feature a robust, rounded design that ensures optimal load distribution and reduced stress, making them ideal for various applications across industries.\" \/>\n<meta property=\"og:url\" content=\"https:\/\/qingdaohf.com\/lv\/products\/prieksgala-vazas-enkura-vazas-pacelsanai\/\" \/>\n<meta property=\"og:site_name\" content=\"Concrete Form &amp; Rigging Hardware Supplier\" \/>\n<meta property=\"article:publisher\" content=\"https:\/\/www.facebook.com\/qingdaohf\" \/>\n<meta property=\"article:modified_time\" content=\"2025-11-13T01:03:39+00:00\" \/>\n<meta property=\"og:image\" content=\"https:\/\/qingdaohf.com\/wp-content\/uploads\/2024\/02\/HF-SHACKLE-1.jpg\" \/>\n\t<meta property=\"og:image:width\" content=\"1000\" \/>\n\t<meta property=\"og:image:height\" content=\"1000\" \/>\n\t<meta property=\"og:image:type\" content=\"image\/jpeg\" \/>\n<meta name=\"twitter:card\" content=\"summary_large_image\" \/>\n<meta name=\"twitter:label1\" content=\"Est. reading time\" \/>\n\t<meta name=\"twitter:data1\" content=\"3 min\u016btes\" \/>\n<script type=\"application\/ld+json\" class=\"yoast-schema-graph\">{\"@context\":\"https:\/\/schema.org\",\"@graph\":[{\"@type\":\"WebPage\",\"@id\":\"https:\/\/qingdaohf.com\/product\/bow-shackle-anchor-shackle-for-lifting\/\",\"url\":\"https:\/\/qingdaohf.com\/product\/bow-shackle-anchor-shackle-for-lifting\/\",\"name\":\"Heavy Duty Bow Shackle | Anchor Shackle for Lifting\",\"isPartOf\":{\"@id\":\"https:\/\/qingdaohf.com\/bg\/#website\"},\"primaryImageOfPage\":{\"@id\":\"https:\/\/qingdaohf.com\/product\/bow-shackle-anchor-shackle-for-lifting\/#primaryimage\"},\"image\":{\"@id\":\"https:\/\/qingdaohf.com\/product\/bow-shackle-anchor-shackle-for-lifting\/#primaryimage\"},\"thumbnailUrl\":\"https:\/\/qingdaohf.com\/wp-content\/uploads\/2024\/02\/HF-SHACKLE-1.jpg\",\"datePublished\":\"2024-02-01T09:45:13+00:00\",\"dateModified\":\"2025-11-13T01:03:39+00:00\",\"description\":\"Bow shackles feature a robust, rounded design that ensures optimal load distribution and reduced stress, making them ideal for various applications across industries.\",\"breadcrumb\":{\"@id\":\"https:\/\/qingdaohf.com\/product\/bow-shackle-anchor-shackle-for-lifting\/#breadcrumb\"},\"inLanguage\":\"lv-LV\",\"potentialAction\":[{\"@type\":\"ReadAction\",\"target\":[\"https:\/\/qingdaohf.com\/product\/bow-shackle-anchor-shackle-for-lifting\/\"]}]},{\"@type\":\"ImageObject\",\"inLanguage\":\"lv-LV\",\"@id\":\"https:\/\/qingdaohf.com\/product\/bow-shackle-anchor-shackle-for-lifting\/#primaryimage\",\"url\":\"https:\/\/qingdaohf.com\/wp-content\/uploads\/2024\/02\/HF-SHACKLE-1.jpg\",\"contentUrl\":\"https:\/\/qingdaohf.com\/wp-content\/uploads\/2024\/02\/HF-SHACKLE-1.jpg\",\"width\":1000,\"height\":1000,\"caption\":\"Anchor SHACKLE\"},{\"@type\":\"BreadcrumbList\",\"@id\":\"https:\/\/qingdaohf.com\/product\/bow-shackle-anchor-shackle-for-lifting\/#breadcrumb\",\"itemListElement\":[{\"@type\":\"ListItem\",\"position\":1,\"name\":\"Home\",\"item\":\"https:\/\/qingdaohf.com\/\"},{\"@type\":\"ListItem\",\"position\":2,\"name\":\"Concrete Forming Accessories and Rigging Hardware\",\"item\":\"https:\/\/qingdaohf.com\/bg\/?page_id=944\"},{\"@type\":\"ListItem\",\"position\":3,\"name\":\"Heavy Duty Bow Shackle | Anchor Shackle for Lifting\"}]},{\"@type\":\"WebSite\",\"@id\":\"https:\/\/qingdaohf.com\/bg\/#website\",\"url\":\"https:\/\/qingdaohf.com\/bg\/\",\"name\":\"Concrete Form & Rigging Hardware Supplier\",\"description\":\"\",\"publisher\":{\"@id\":\"https:\/\/qingdaohf.com\/bg\/#organization\"},\"potentialAction\":[{\"@type\":\"SearchAction\",\"target\":{\"@type\":\"EntryPoint\",\"urlTemplate\":\"https:\/\/qingdaohf.com\/bg\/?s={search_term_string}\"},\"query-input\":{\"@type\":\"PropertyValueSpecification\",\"valueRequired\":true,\"valueName\":\"search_term_string\"}}],\"inLanguage\":\"lv-LV\"},{\"@type\":\"Organization\",\"@id\":\"https:\/\/qingdaohf.com\/bg\/#organization\",\"name\":\"Qingdao H&F\",\"url\":\"https:\/\/qingdaohf.com\/bg\/\",\"logo\":{\"@type\":\"ImageObject\",\"inLanguage\":\"lv-LV\",\"@id\":\"https:\/\/qingdaohf.com\/bg\/#\/schema\/logo\/image\/\",\"url\":\"https:\/\/qingdaohf.com\/wp-content\/uploads\/2022\/12\/cropped-HF-LOGO.png\",\"contentUrl\":\"https:\/\/qingdaohf.com\/wp-content\/uploads\/2022\/12\/cropped-HF-LOGO.png\",\"width\":391,\"height\":249,\"caption\":\"Qingdao H&F\"},\"image\":{\"@id\":\"https:\/\/qingdaohf.com\/bg\/#\/schema\/logo\/image\/\"},\"sameAs\":[\"https:\/\/www.facebook.com\/qingdaohf\"]}]}<\/script>\n<!-- \/ Yoast SEO plugin. -->","yoast_head_json":{"title":"Heavy Duty Bow Shackle | Anchor Shackle for Lifting","description":"Bow shackles feature a robust, rounded design that ensures optimal load distribution and reduced stress, making them ideal for various applications across industries.","robots":{"index":"index","follow":"follow","max-snippet":"max-snippet:-1","max-image-preview":"max-image-preview:large","max-video-preview":"max-video-preview:-1"},"canonical":"https:\/\/qingdaohf.com\/lv\/products\/prieksgala-vazas-enkura-vazas-pacelsanai\/","og_locale":"lv_LV","og_type":"article","og_title":"Heavy Duty Bow Shackle | Anchor Shackle for Lifting","og_description":"Bow shackles feature a robust, rounded design that ensures optimal load distribution and reduced stress, making them ideal for various applications across industries.","og_url":"https:\/\/qingdaohf.com\/lv\/products\/prieksgala-vazas-enkura-vazas-pacelsanai\/","og_site_name":"Concrete Form &amp; Rigging Hardware Supplier","article_publisher":"https:\/\/www.facebook.com\/qingdaohf","article_modified_time":"2025-11-13T01:03:39+00:00","og_image":[{"width":1000,"height":1000,"url":"https:\/\/qingdaohf.com\/wp-content\/uploads\/2024\/02\/HF-SHACKLE-1.jpg","type":"image\/jpeg"}],"twitter_card":"summary_large_image","twitter_misc":{"Est. reading time":"3 min\u016btes"},"schema":{"@context":"https:\/\/schema.org","@graph":[{"@type":"WebPage","@id":"https:\/\/qingdaohf.com\/product\/bow-shackle-anchor-shackle-for-lifting\/","url":"https:\/\/qingdaohf.com\/product\/bow-shackle-anchor-shackle-for-lifting\/","name":"Heavy Duty Bow Shackle | Anchor Shackle for Lifting","isPartOf":{"@id":"https:\/\/qingdaohf.com\/bg\/#website"},"primaryImageOfPage":{"@id":"https:\/\/qingdaohf.com\/product\/bow-shackle-anchor-shackle-for-lifting\/#primaryimage"},"image":{"@id":"https:\/\/qingdaohf.com\/product\/bow-shackle-anchor-shackle-for-lifting\/#primaryimage"},"thumbnailUrl":"https:\/\/qingdaohf.com\/wp-content\/uploads\/2024\/02\/HF-SHACKLE-1.jpg","datePublished":"2024-02-01T09:45:13+00:00","dateModified":"2025-11-13T01:03:39+00:00","description":"Bow shackles feature a robust, rounded design that ensures optimal load distribution and reduced stress, making them ideal for various applications across industries.","breadcrumb":{"@id":"https:\/\/qingdaohf.com\/product\/bow-shackle-anchor-shackle-for-lifting\/#breadcrumb"},"inLanguage":"lv-LV","potentialAction":[{"@type":"ReadAction","target":["https:\/\/qingdaohf.com\/product\/bow-shackle-anchor-shackle-for-lifting\/"]}]},{"@type":"ImageObject","inLanguage":"lv-LV","@id":"https:\/\/qingdaohf.com\/product\/bow-shackle-anchor-shackle-for-lifting\/#primaryimage","url":"https:\/\/qingdaohf.com\/wp-content\/uploads\/2024\/02\/HF-SHACKLE-1.jpg","contentUrl":"https:\/\/qingdaohf.com\/wp-content\/uploads\/2024\/02\/HF-SHACKLE-1.jpg","width":1000,"height":1000,"caption":"Anchor SHACKLE"},{"@type":"BreadcrumbList","@id":"https:\/\/qingdaohf.com\/product\/bow-shackle-anchor-shackle-for-lifting\/#breadcrumb","itemListElement":[{"@type":"ListItem","position":1,"name":"Home","item":"https:\/\/qingdaohf.com\/"},{"@type":"ListItem","position":2,"name":"Concrete Forming Accessories and Rigging Hardware","item":"https:\/\/qingdaohf.com\/bg\/?page_id=944"},{"@type":"ListItem","position":3,"name":"Heavy Duty Bow Shackle | Anchor Shackle for Lifting"}]},{"@type":"WebSite","@id":"https:\/\/qingdaohf.com\/bg\/#website","url":"https:\/\/qingdaohf.com\/bg\/","name":"Concrete Form & Rigging Hardware Supplier","description":"","publisher":{"@id":"https:\/\/qingdaohf.com\/bg\/#organization"},"potentialAction":[{"@type":"SearchAction","target":{"@type":"EntryPoint","urlTemplate":"https:\/\/qingdaohf.com\/bg\/?s={search_term_string}"},"query-input":{"@type":"PropertyValueSpecification","valueRequired":true,"valueName":"search_term_string"}}],"inLanguage":"lv-LV"},{"@type":"Organization","@id":"https:\/\/qingdaohf.com\/bg\/#organization","name":"Qingdao H&F","url":"https:\/\/qingdaohf.com\/bg\/","logo":{"@type":"ImageObject","inLanguage":"lv-LV","@id":"https:\/\/qingdaohf.com\/bg\/#\/schema\/logo\/image\/","url":"https:\/\/qingdaohf.com\/wp-content\/uploads\/2022\/12\/cropped-HF-LOGO.png","contentUrl":"https:\/\/qingdaohf.com\/wp-content\/uploads\/2022\/12\/cropped-HF-LOGO.png","width":391,"height":249,"caption":"Qingdao H&F"},"image":{"@id":"https:\/\/qingdaohf.com\/bg\/#\/schema\/logo\/image\/"},"sameAs":["https:\/\/www.facebook.com\/qingdaohf"]}]}},"_links":{"self":[{"href":"https:\/\/qingdaohf.com\/lv\/wp-json\/wp\/v2\/product\/6447","targetHints":{"allow":["GET"]}}],"collection":[{"href":"https:\/\/qingdaohf.com\/lv\/wp-json\/wp\/v2\/product"}],"about":[{"href":"https:\/\/qingdaohf.com\/lv\/wp-json\/wp\/v2\/types\/product"}],"replies":[{"embeddable":true,"href":"https:\/\/qingdaohf.com\/lv\/wp-json\/wp\/v2\/comments?post=6447"}],"version-history":[{"count":6,"href":"https:\/\/qingdaohf.com\/lv\/wp-json\/wp\/v2\/product\/6447\/revisions"}],"predecessor-version":[{"id":6486,"href":"https:\/\/qingdaohf.com\/lv\/wp-json\/wp\/v2\/product\/6447\/revisions\/6486"}],"wp:featuredmedia":[{"embeddable":true,"href":"https:\/\/qingdaohf.com\/lv\/wp-json\/wp\/v2\/media\/6465"}],"wp:attachment":[{"href":"https:\/\/qingdaohf.com\/lv\/wp-json\/wp\/v2\/media?parent=6447"}],"wp:term":[{"taxonomy":"product_brand","embeddable":true,"href":"https:\/\/qingdaohf.com\/lv\/wp-json\/wp\/v2\/product_brand?post=6447"},{"taxonomy":"product_cat","embeddable":true,"href":"https:\/\/qingdaohf.com\/lv\/wp-json\/wp\/v2\/product_cat?post=6447"},{"taxonomy":"product_tag","embeddable":true,"href":"https:\/\/qingdaohf.com\/lv\/wp-json\/wp\/v2\/product_tag?post=6447"}],"curies":[{"name":"wp","href":"https:\/\/api.w.org\/{rel}","templated":true}]}}