{"id":6490,"date":"2024-02-02T16:39:40","date_gmt":"2024-02-02T08:39:40","guid":{"rendered":"http:\/\/qingdaohf.com\/?post_type=product&#038;p=6490"},"modified":"2025-11-13T09:03:38","modified_gmt":"2025-11-13T01:03:38","slug":"bolt-type-shackle","status":"publish","type":"product","link":"https:\/\/qingdaohf.com\/lv\/products\/skruvju-tipa-vazas\/","title":{"rendered":"Skr\u016bves tipa skava"},"content":{"rendered":"<h3>Izpratne par skr\u016bvju tipa va\u017eu noz\u012bmi un specifik\u0101cij\u0101m<\/h3>\n<p>Skr\u016bvju tipa va\u017eas, kas bie\u017ei paz\u012bstamas ar t\u0101diem mode\u013ciem k\u0101 G2130 un G2140, ir pamatinstrumenti takel\u0101\u017eas, vilk\u0161anas un pacel\u0161anas darbiem. To iztur\u012bg\u0101 konstrukcija ir paredz\u0113ta savienojumu dro\u0161ai nostiprin\u0101\u0161anai un iev\u0113rojamu kravu dro\u0161ai atbalst\u012b\u0161anai. Skr\u016bvju tipa konstrukcija, \u012bpa\u0161i sal\u012bdzin\u0101jum\u0101 ar citiem va\u017eu tipiem, nodro\u0161ina papildu dro\u0161\u012bbu, t\u0101p\u0113c t\u0101s ir \u013coti piem\u0113rotas ilgtermi\u0146a vai da\u013c\u0113ji past\u0101v\u012bg\u0101m instal\u0101cij\u0101m, kur ir b\u016btiska liel\u0101ka stabilit\u0101te.<\/p>\n<p>Skr\u016bvju tipa va\u017eas at\u0161\u0137iras ar to sp\u0113ju dro\u0161i iztur\u0113t lielas darba slodzes, un t\u0101di mode\u013ci k\u0101 G2130 un G2140 pied\u0101v\u0101 pla\u0161u izm\u0113ru un WLL iesp\u0113ju spektru. \u0160\u012b daudzpus\u012bba \u013cauj lietot\u0101jiem da\u017e\u0101d\u0101s nozar\u0113s - b\u016bvniec\u012bb\u0101, j\u016brniec\u012bb\u0101 vai ra\u017eo\u0161an\u0101 - izv\u0113l\u0113ties prec\u012bzu va\u017eas skavu, kas atbilst vi\u0146u projekta specifik\u0101cij\u0101m. Izv\u0113loties va\u017eas, WLL un izm\u0113rs ir vieni no galvenajiem apsv\u0113rumiem, jo tie tie\u0161i ietekm\u0113 va\u017eas sp\u0113ju darboties pie da\u017e\u0101da svara slodz\u0113m. \u0160o skr\u016bvju tipa skavu WLL parasti sv\u0101rst\u0101s no 0,33 l\u012bdz 150 tonn\u0101m, bet izm\u0113rs ir no 1\/4 collas l\u012bdz 3 coll\u0101m, nodro\u0161inot iesp\u0113jas, kas atbilst da\u017e\u0101d\u0101m takel\u0101\u017eas pras\u012bb\u0101m un vides apst\u0101k\u013ciem.<\/p>\n<p>Papildus to izm\u0113ram un iztur\u012bbai v\u0113l viena iev\u0113rojama G2130 un G2140 skr\u016bvju tipa va\u017eu priek\u0161roc\u012bba ir to konstrukcija, kas \u013cauj viegli un dro\u0161i nostiprin\u0101t tapas. \u0160is aspekts ir \u013coti svar\u012bgs, jo skr\u016bves un uzgrie\u017e\u0146a konfigur\u0101cija nov\u0113r\u0161 nejau\u0161u atvieno\u0161anos, t\u0101d\u0113j\u0101di pasarg\u0101jot gan kravu, gan takel\u0101\u017eas apkalpi. \u0160\u012bs va\u017eas ir izgatavotas no augstas kvalit\u0101tes augstas stiepes iztur\u012bbas t\u0113rauda un bie\u017ei ir cinkotas, lai nodro\u0161in\u0101tu iztur\u012bbu pret koroziju, t\u0101p\u0113c t\u0101s ir ilgsto\u0161i iztur\u012bgas gan telp\u0101s, gan \u0101rpus telp\u0101m.<\/p>\n<h3>Priek\u0161roc\u012bbas, izv\u0113loties augstas kvalit\u0101tes skr\u016bvju tipa va\u017eas no uzticama pieg\u0101d\u0101t\u0101ja<\/h3>\n<p>Ieg\u0101d\u0101joties skr\u016bvju tipa va\u017eas, ir b\u016btiski nodro\u0161in\u0101t kvalit\u0101ti. Qingdao H&amp;F izce\u013cas ar stingriem kvalit\u0101tes standartiem, jo m\u0113s saprotam, ka pirc\u0113jiem ir j\u0101b\u016bt dro\u0161iem, ka vi\u0146u produkti atbilst dro\u0161\u012bbas pras\u012bb\u0101m. Pirms nos\u016bt\u012b\u0161anas m\u016bsu va\u017eas tiek pak\u013cautas vair\u0101kk\u0101rt\u0113j\u0101m kvalit\u0101tes p\u0101rbaud\u0113m, un tiek sniegti detaliz\u0113ti p\u0101rbaudes zi\u0146ojumi. \u0160ie zi\u0146ojumi nodro\u0161ina, ka katrs izstr\u0101d\u0101jums atbilst nepiecie\u0161amajiem iztur\u012bbas un elast\u012bbas standartiem, pal\u012bdzot pirc\u0113jiem izdar\u012bt apzin\u0101tu izv\u0113li, pamatojoties uz p\u0101rbaud\u012btiem datiem.<\/p>\n<p>Papildus stingrai kvalit\u0101tes p\u0101rbaudei m\u0113s nodro\u0161in\u0101m individu\u0101lu klientu apkalpo\u0161anu, lai pal\u012bdz\u0113tu pirc\u0113jiem atrast vi\u0146u vajadz\u012bb\u0101m vispiem\u0113rot\u0101ko va\u017eu. Pateicoties m\u016bsu \u0101trajam pieg\u0101des ciklam, Qingdao H&amp;F samazina gaid\u012b\u0161anas laiku, nodro\u0161inot, ka pirc\u0113ji sa\u0146em savus produktus nekav\u0113joties, pat tad, ja ir saspringts projektu grafiks. \u0160\u012b \u0101tro un uzticamo pakalpojumu kombin\u0101cija ar uzsvaru uz kvalit\u0101ti padara m\u016bs par v\u0113lamo partneri augstas veiktsp\u0113jas G2130 un G2140 skr\u016bvju tipa va\u017eu liela apjoma iepirkumiem.<\/p>\n<p>M\u016bsu ap\u0146em\u0161an\u0101s nodro\u0161in\u0101t klientu apmierin\u0101t\u012bbu ir balst\u012bta uz p\u0101rredzam\u012bbas, uzticam\u012bbas un ekspertu ieteikumu snieg\u0161anu, lai nodro\u0161in\u0101tu netrauc\u0113tu iepirkuma procesu. Katra mijiedarb\u012bba ir veidota t\u0101, lai sniegtu klientiem v\u0113rt\u012bgu inform\u0101ciju par produktu sader\u012bbu, uzst\u0101d\u012b\u0161anas proced\u016br\u0101m un apkopes praksi. \u0160is individu\u0101lais pakalpojums ir \u012bpa\u0161i izdev\u012bgs klientiem, kas mekl\u0113 piel\u0101gotus risin\u0101jumus, jo m\u016bsu komanda var sniegt padomus, pamatojoties uz konkr\u0113t\u0101 projekta pras\u012bb\u0101m.<\/p>\n<h3>Galvenie apsv\u0113rumi, izv\u0113loties un lietojot skr\u016bvju tipa va\u017eas<\/h3>\n<p>Pareizas skr\u016bv\u0113jam\u0101s va\u017eas izv\u0113le ir atkar\u012bga no da\u017e\u0101diem faktoriem, un dro\u0161ai lieto\u0161anai iz\u0161\u0137iro\u0161a noz\u012bme ir WLL un va\u017eas izm\u0113ram. WLL nosaka maksim\u0101lo slodzi, ko skava var iztur\u0113t, savuk\u0101rt izm\u0113rs ietekm\u0113 stiprin\u0101juma komplekta atbilst\u012bbu un sader\u012bbu. Neatbilsto\u0161s izm\u0113rs vai slodzes iztur\u012bba var apdraud\u0113t dro\u0161\u012bbu, izraisot iesp\u0113jamu apr\u012bkojuma boj\u0101jumu. T\u0101d\u0113j\u0101di, lai nodro\u0161in\u0101tu dro\u0161u un efekt\u012bvu darb\u012bbu, ir \u013coti svar\u012bgi pareizi saska\u0146ot WLL un izm\u0113ru ar paredz\u0113to lietojumu.<\/p>\n<p>Izpratne par da\u017e\u0101du materi\u0101lu un apdares materi\u0101lu at\u0161\u0137ir\u012bgaj\u0101m priek\u0161roc\u012bb\u0101m var pal\u012bdz\u0113t viegl\u0101k izv\u0113l\u0113ties. Piem\u0113ram, cinkota t\u0113rauda skr\u016bvju tipa va\u017eas ir iztur\u012bg\u0101kas pret koroziju, t\u0101p\u0113c t\u0101s ir ide\u0101li piem\u0113rotas skarbai vai j\u016bras videi. Turkl\u0101t skr\u016bves un uzgrie\u017e\u0146a konstrukcija, k\u0101 redzams G2130 un G2140 mode\u013cos, nodro\u0161ina stabilit\u0101tes un dro\u0161\u012bbas l\u012bmeni, k\u0101ds nav rakstur\u012bgs citiem va\u017eu tipiem. \u0160\u0101da konfigur\u0101cija samazina tapu izsl\u012bd\u0113\u0161anas iesp\u0113jam\u012bbu, t\u0101p\u0113c \u0161\u012bs va\u017eas ir piem\u0113rotas lietojumiem, kur slodzes var main\u012bties vai vibr\u0113t, piem\u0113ram, transport\u0101 vai smag\u0101s r\u016bpniecisk\u0101s kravnes\u012bb\u0101s.<\/p>\n<p>Uztur\u0113\u0161ana ir v\u0113l viens faktors, kas ietekm\u0113 skr\u016bvju tipa va\u017eu ilgm\u016b\u017e\u012bbu un veiktsp\u0113ju. Regul\u0101ra p\u0101rbaude ir b\u016btiska, lai nodro\u0161in\u0101tu, ka va\u017eas nav pak\u013cautas korozijai, deform\u0101cijai vai nogurumam. Klientiem, kuri ieg\u0101d\u0101jas no Qingdao H&amp;F, m\u0113s pied\u0101v\u0101jam lieto\u0161anas vadl\u012bnijas un apkopes padomus, kas piel\u0101goti da\u017e\u0101d\u0101m nozares vajadz\u012bb\u0101m, pal\u012bdzot pagarin\u0101t izstr\u0101d\u0101jumu kalpo\u0161anas ilgumu un palielin\u0101t to v\u0113rt\u012bbu. M\u016bsu komanda var pal\u012bdz\u0113t pirc\u0113jiem ar tehnisk\u0101s apkopes metod\u0113m, kas nodro\u0161ina dro\u0161u un uzticamu katras va\u017eas darb\u012bbu, t\u0101d\u0113j\u0101di pastiprinot m\u016bsu ap\u0146em\u0161anos nodro\u0161in\u0101t klientu apmierin\u0101t\u012bbu un darb\u012bbas dro\u0161\u012bbu.<\/p>\n<p>Rezum\u0113jot, t\u0101d\u0101m skr\u016bvju tipa va\u017e\u0101m k\u0101 G2130 un G2140 ir neaizst\u0101jama loma da\u017e\u0101dos r\u016bpnieciskos lietojumos. To unik\u0101l\u0101 konstrukcija un daudzpus\u012bba \u013cauj t\u0101m piel\u0101goties liel\u0101m slodz\u0113m, vienlaikus nodro\u0161inot dro\u0161\u012bbu ar skr\u016bvju un uzgrie\u017e\u0146u stiprin\u0101juma meh\u0101nismu. Pirc\u0113jiem ir svar\u012bgi izv\u0113l\u0113ties uzticamu pieg\u0101d\u0101t\u0101ju, lai ieg\u016btu produktus, kas atbilst stingriem kvalit\u0101tes standartiem. Qingdao H&amp;F pied\u0101v\u0101 \u0101tru pieg\u0101di, pla\u0161as kvalit\u0101tes p\u0101rbaudes un individu\u0101lu apkalpo\u0161anu, nodro\u0161inot, ka katrs pirkums uzlabo produktivit\u0101ti, dro\u0161\u012bbu un lieto\u0161anas \u0113rtumu katram klientam.<\/p>\n<p>M\u016bsu m\u0113r\u0137is ir k\u013c\u016bt par uzticamu partneri pirc\u0113jiem, kuri mekl\u0113 augstas veiktsp\u0113jas skr\u016bvju tipa va\u017eas, kas ir izgatavotas t\u0101, lai iztur\u0113tu sare\u017e\u0123\u012btas vides apst\u0101k\u013cus.<\/p>\n<p><strong>G2130 skava<\/strong><\/p>\n<p><img fetchpriority=\"high\" decoding=\"async\" class=\"alignnone size-full wp-image-3831\" src=\"http:\/\/qingdaohf.com\/wp-content\/uploads\/2023\/05\/G2130.jpg\" alt=\"G2130 skava\" width=\"1000\" height=\"1158\" srcset=\"https:\/\/qingdaohf.com\/wp-content\/uploads\/2023\/05\/G2130.jpg 1000w, https:\/\/qingdaohf.com\/wp-content\/uploads\/2023\/05\/G2130-259x300.jpg 259w, https:\/\/qingdaohf.com\/wp-content\/uploads\/2023\/05\/G2130-884x1024.jpg 884w, https:\/\/qingdaohf.com\/wp-content\/uploads\/2023\/05\/G2130-768x889.jpg 768w\" sizes=\"(max-width: 1000px) 100vw, 1000px\" \/><\/p>\n<p><strong>G2130A skava<\/strong><\/p>\n<p><img decoding=\"async\" class=\"alignnone size-full wp-image-3832\" src=\"http:\/\/qingdaohf.com\/wp-content\/uploads\/2023\/05\/G2130A.jpg\" alt=\"G2130A skava\" width=\"1000\" height=\"783\" srcset=\"https:\/\/qingdaohf.com\/wp-content\/uploads\/2023\/05\/G2130A.jpg 1000w, https:\/\/qingdaohf.com\/wp-content\/uploads\/2023\/05\/G2130A-300x235.jpg 300w, https:\/\/qingdaohf.com\/wp-content\/uploads\/2023\/05\/G2130A-768x601.jpg 768w\" sizes=\"(max-width: 1000px) 100vw, 1000px\" \/><\/p>\n<p><strong>G2140 skava<\/strong><\/p>\n<p><img decoding=\"async\" class=\"alignnone size-full wp-image-3833\" src=\"http:\/\/qingdaohf.com\/wp-content\/uploads\/2023\/05\/G2140.jpg\" alt=\"G2140 skava\" width=\"1000\" height=\"1202\" srcset=\"https:\/\/qingdaohf.com\/wp-content\/uploads\/2023\/05\/G2140.jpg 1000w, https:\/\/qingdaohf.com\/wp-content\/uploads\/2023\/05\/G2140-250x300.jpg 250w, https:\/\/qingdaohf.com\/wp-content\/uploads\/2023\/05\/G2140-852x1024.jpg 852w, https:\/\/qingdaohf.com\/wp-content\/uploads\/2023\/05\/G2140-768x923.jpg 768w\" sizes=\"(max-width: 1000px) 100vw, 1000px\" \/><\/p>","protected":false},"excerpt":{"rendered":"<p>Skr\u016bvju tipa va\u017eas, piem\u0113ram, popul\u0101rie G2130 un G2140 mode\u013ci, ir svar\u012bgas takel\u0101\u017eas sast\u0101vda\u013cas, kas paredz\u0113tas smagu kravu cel\u0161anai, vilk\u0161anai un nostiprin\u0101\u0161anai. \u0160o va\u017eas ir \u013coti da\u017e\u0101das - to kravnes\u012bba ir no 0,33 l\u012bdz 150 tonn\u0101m, un to izm\u0113ri parasti ir no 1\/4 collas l\u012bdz 3 coll\u0101m. Pirc\u0113ji bie\u017ei vien par priorit\u0101ti izvirza iztur\u012bbu, iztur\u012bbu un dro\u0161\u012bbas garantijas, t\u0101p\u0113c kvalit\u0101tes p\u0101rbaudes zi\u0146ojumi ir galvenais faktors, pie\u0146emot l\u0113mumu par pirkumu. Qingdao H&amp;F uzlabo \u0161o pieredzi, pied\u0101v\u0101jot \u0101tru pieg\u0101des ciklu, individu\u0101lu klientu atbalstu un visaptvero\u0161u kvalit\u0101tes p\u0101rbaudi, izmantojot p\u0101rbaudes zi\u0146ojumus. \u0160ie pakalpojumi uzsver m\u016bsu ap\u0146em\u0161anos nodro\u0161in\u0101t, ka pirc\u0113ji sa\u0146em uzticamus, augstas veiktsp\u0113jas va\u017eas, kas piel\u0101gotas vi\u0146u pras\u012bb\u0101m.<\/p>","protected":false},"featured_media":6468,"comment_status":"open","ping_status":"closed","template":"","meta":{"site-sidebar-layout":"default","site-content-layout":"","ast-site-content-layout":"default","site-content-style":"default","site-sidebar-style":"default","ast-global-header-display":"","ast-banner-title-visibility":"","ast-main-header-display":"","ast-hfb-above-header-display":"","ast-hfb-below-header-display":"","ast-hfb-mobile-header-display":"","site-post-title":"","ast-breadcrumbs-content":"","ast-featured-img":"","footer-sml-layout":"","theme-transparent-header-meta":"default","adv-header-id-meta":"","stick-header-meta":"default","header-above-stick-meta":"","header-main-stick-meta":"","header-below-stick-meta":"","astra-migrate-meta-layouts":"set","ast-page-background-enabled":"default","ast-page-background-meta":{"desktop":{"background-color":"","background-image":"","background-repeat":"repeat","background-position":"center center","background-size":"auto","background-attachment":"scroll","background-type":"","background-media":"","overlay-type":"","overlay-color":"","overlay-opacity":"","overlay-gradient":""},"tablet":{"background-color":"","background-image":"","background-repeat":"repeat","background-position":"center center","background-size":"auto","background-attachment":"scroll","background-type":"","background-media":"","overlay-type":"","overlay-color":"","overlay-opacity":"","overlay-gradient":""},"mobile":{"background-color":"","background-image":"","background-repeat":"repeat","background-position":"center center","background-size":"auto","background-attachment":"scroll","background-type":"","background-media":"","overlay-type":"","overlay-color":"","overlay-opacity":"","overlay-gradient":""}},"ast-content-background-meta":{"desktop":{"background-color":"var(--ast-global-color-5)","background-image":"","background-repeat":"repeat","background-position":"center center","background-size":"auto","background-attachment":"scroll","background-type":"","background-media":"","overlay-type":"","overlay-color":"","overlay-opacity":"","overlay-gradient":""},"tablet":{"background-color":"var(--ast-global-color-5)","background-image":"","background-repeat":"repeat","background-position":"center center","background-size":"auto","background-attachment":"scroll","background-type":"","background-media":"","overlay-type":"","overlay-color":"","overlay-opacity":"","overlay-gradient":""},"mobile":{"background-color":"var(--ast-global-color-5)","background-image":"","background-repeat":"repeat","background-position":"center center","background-size":"auto","background-attachment":"scroll","background-type":"","background-media":"","overlay-type":"","overlay-color":"","overlay-opacity":"","overlay-gradient":""}}},"product_brand":[],"product_cat":[51,54],"product_tag":[],"class_list":{"0":"post-6490","1":"product","2":"type-product","3":"status-publish","4":"has-post-thumbnail","6":"product_cat-riggging-hardware","7":"product_cat-shackle","8":"desktop-align-left","9":"tablet-align-left","10":"mobile-align-left","11":"ast-product-gallery-layout-horizontal-slider","12":"ast-product-tabs-layout-horizontal","14":"first","15":"instock","16":"shipping-taxable","17":"purchasable","18":"product-type-simple"},"yoast_head":"<!-- This site is optimized with the Yoast SEO plugin v25.2 - https:\/\/yoast.com\/wordpress\/plugins\/seo\/ -->\n<title>Bolt Type Shackle<\/title>\n<meta name=\"description\" content=\"A bolt-type shackle is a type of hardware that is used to connect chains, ropes, or cables together.\" \/>\n<meta name=\"robots\" content=\"index, follow, max-snippet:-1, max-image-preview:large, max-video-preview:-1\" \/>\n<link rel=\"canonical\" href=\"https:\/\/qingdaohf.com\/lv\/products\/skruvju-tipa-vazas\/\" \/>\n<meta property=\"og:locale\" content=\"lv_LV\" \/>\n<meta property=\"og:type\" content=\"article\" \/>\n<meta property=\"og:title\" content=\"Bolt Type Shackle\" \/>\n<meta property=\"og:description\" content=\"A bolt-type shackle is a type of hardware that is used to connect chains, ropes, or cables together.\" \/>\n<meta property=\"og:url\" content=\"https:\/\/qingdaohf.com\/lv\/products\/skruvju-tipa-vazas\/\" \/>\n<meta property=\"og:site_name\" content=\"Concrete Form &amp; Rigging Hardware Supplier\" \/>\n<meta property=\"article:publisher\" content=\"https:\/\/www.facebook.com\/qingdaohf\" \/>\n<meta property=\"article:modified_time\" content=\"2025-11-13T01:03:38+00:00\" \/>\n<meta property=\"og:image\" content=\"https:\/\/qingdaohf.com\/wp-content\/uploads\/2024\/02\/HF-SHACKLE-4.jpg\" \/>\n\t<meta property=\"og:image:width\" content=\"1000\" \/>\n\t<meta property=\"og:image:height\" content=\"1000\" \/>\n\t<meta property=\"og:image:type\" content=\"image\/jpeg\" \/>\n<meta name=\"twitter:card\" content=\"summary_large_image\" \/>\n<meta name=\"twitter:label1\" content=\"Est. reading time\" \/>\n\t<meta name=\"twitter:data1\" content=\"5 min\u016btes\" \/>\n<script type=\"application\/ld+json\" class=\"yoast-schema-graph\">{\"@context\":\"https:\/\/schema.org\",\"@graph\":[{\"@type\":\"WebPage\",\"@id\":\"https:\/\/qingdaohf.com\/product\/bolt-type-shackle\/\",\"url\":\"https:\/\/qingdaohf.com\/product\/bolt-type-shackle\/\",\"name\":\"Bolt Type Shackle\",\"isPartOf\":{\"@id\":\"https:\/\/qingdaohf.com\/bg\/#website\"},\"primaryImageOfPage\":{\"@id\":\"https:\/\/qingdaohf.com\/product\/bolt-type-shackle\/#primaryimage\"},\"image\":{\"@id\":\"https:\/\/qingdaohf.com\/product\/bolt-type-shackle\/#primaryimage\"},\"thumbnailUrl\":\"https:\/\/qingdaohf.com\/wp-content\/uploads\/2024\/02\/HF-SHACKLE-4.jpg\",\"datePublished\":\"2024-02-02T08:39:40+00:00\",\"dateModified\":\"2025-11-13T01:03:38+00:00\",\"description\":\"A bolt-type shackle is a type of hardware that is used to connect chains, ropes, or cables together.\",\"breadcrumb\":{\"@id\":\"https:\/\/qingdaohf.com\/product\/bolt-type-shackle\/#breadcrumb\"},\"inLanguage\":\"lv-LV\",\"potentialAction\":[{\"@type\":\"ReadAction\",\"target\":[\"https:\/\/qingdaohf.com\/product\/bolt-type-shackle\/\"]}]},{\"@type\":\"ImageObject\",\"inLanguage\":\"lv-LV\",\"@id\":\"https:\/\/qingdaohf.com\/product\/bolt-type-shackle\/#primaryimage\",\"url\":\"https:\/\/qingdaohf.com\/wp-content\/uploads\/2024\/02\/HF-SHACKLE-4.jpg\",\"contentUrl\":\"https:\/\/qingdaohf.com\/wp-content\/uploads\/2024\/02\/HF-SHACKLE-4.jpg\",\"width\":1000,\"height\":1000,\"caption\":\"bolt type SHACKLE\"},{\"@type\":\"BreadcrumbList\",\"@id\":\"https:\/\/qingdaohf.com\/product\/bolt-type-shackle\/#breadcrumb\",\"itemListElement\":[{\"@type\":\"ListItem\",\"position\":1,\"name\":\"Home\",\"item\":\"https:\/\/qingdaohf.com\/\"},{\"@type\":\"ListItem\",\"position\":2,\"name\":\"Concrete Forming Accessories and Rigging Hardware\",\"item\":\"https:\/\/qingdaohf.com\/bg\/?page_id=944\"},{\"@type\":\"ListItem\",\"position\":3,\"name\":\"Bolt Type Shackle\"}]},{\"@type\":\"WebSite\",\"@id\":\"https:\/\/qingdaohf.com\/bg\/#website\",\"url\":\"https:\/\/qingdaohf.com\/bg\/\",\"name\":\"Concrete Form & Rigging Hardware Supplier\",\"description\":\"\",\"publisher\":{\"@id\":\"https:\/\/qingdaohf.com\/bg\/#organization\"},\"potentialAction\":[{\"@type\":\"SearchAction\",\"target\":{\"@type\":\"EntryPoint\",\"urlTemplate\":\"https:\/\/qingdaohf.com\/bg\/?s={search_term_string}\"},\"query-input\":{\"@type\":\"PropertyValueSpecification\",\"valueRequired\":true,\"valueName\":\"search_term_string\"}}],\"inLanguage\":\"lv-LV\"},{\"@type\":\"Organization\",\"@id\":\"https:\/\/qingdaohf.com\/bg\/#organization\",\"name\":\"Qingdao H&F\",\"url\":\"https:\/\/qingdaohf.com\/bg\/\",\"logo\":{\"@type\":\"ImageObject\",\"inLanguage\":\"lv-LV\",\"@id\":\"https:\/\/qingdaohf.com\/bg\/#\/schema\/logo\/image\/\",\"url\":\"https:\/\/qingdaohf.com\/wp-content\/uploads\/2022\/12\/cropped-HF-LOGO.png\",\"contentUrl\":\"https:\/\/qingdaohf.com\/wp-content\/uploads\/2022\/12\/cropped-HF-LOGO.png\",\"width\":391,\"height\":249,\"caption\":\"Qingdao H&F\"},\"image\":{\"@id\":\"https:\/\/qingdaohf.com\/bg\/#\/schema\/logo\/image\/\"},\"sameAs\":[\"https:\/\/www.facebook.com\/qingdaohf\"]}]}<\/script>\n<!-- \/ Yoast SEO plugin. -->","yoast_head_json":{"title":"Bolt Type Shackle","description":"A bolt-type shackle is a type of hardware that is used to connect chains, ropes, or cables together.","robots":{"index":"index","follow":"follow","max-snippet":"max-snippet:-1","max-image-preview":"max-image-preview:large","max-video-preview":"max-video-preview:-1"},"canonical":"https:\/\/qingdaohf.com\/lv\/products\/skruvju-tipa-vazas\/","og_locale":"lv_LV","og_type":"article","og_title":"Bolt Type Shackle","og_description":"A bolt-type shackle is a type of hardware that is used to connect chains, ropes, or cables together.","og_url":"https:\/\/qingdaohf.com\/lv\/products\/skruvju-tipa-vazas\/","og_site_name":"Concrete Form &amp; Rigging Hardware Supplier","article_publisher":"https:\/\/www.facebook.com\/qingdaohf","article_modified_time":"2025-11-13T01:03:38+00:00","og_image":[{"width":1000,"height":1000,"url":"https:\/\/qingdaohf.com\/wp-content\/uploads\/2024\/02\/HF-SHACKLE-4.jpg","type":"image\/jpeg"}],"twitter_card":"summary_large_image","twitter_misc":{"Est. reading time":"5 min\u016btes"},"schema":{"@context":"https:\/\/schema.org","@graph":[{"@type":"WebPage","@id":"https:\/\/qingdaohf.com\/product\/bolt-type-shackle\/","url":"https:\/\/qingdaohf.com\/product\/bolt-type-shackle\/","name":"Bolt Type Shackle","isPartOf":{"@id":"https:\/\/qingdaohf.com\/bg\/#website"},"primaryImageOfPage":{"@id":"https:\/\/qingdaohf.com\/product\/bolt-type-shackle\/#primaryimage"},"image":{"@id":"https:\/\/qingdaohf.com\/product\/bolt-type-shackle\/#primaryimage"},"thumbnailUrl":"https:\/\/qingdaohf.com\/wp-content\/uploads\/2024\/02\/HF-SHACKLE-4.jpg","datePublished":"2024-02-02T08:39:40+00:00","dateModified":"2025-11-13T01:03:38+00:00","description":"A bolt-type shackle is a type of hardware that is used to connect chains, ropes, or cables together.","breadcrumb":{"@id":"https:\/\/qingdaohf.com\/product\/bolt-type-shackle\/#breadcrumb"},"inLanguage":"lv-LV","potentialAction":[{"@type":"ReadAction","target":["https:\/\/qingdaohf.com\/product\/bolt-type-shackle\/"]}]},{"@type":"ImageObject","inLanguage":"lv-LV","@id":"https:\/\/qingdaohf.com\/product\/bolt-type-shackle\/#primaryimage","url":"https:\/\/qingdaohf.com\/wp-content\/uploads\/2024\/02\/HF-SHACKLE-4.jpg","contentUrl":"https:\/\/qingdaohf.com\/wp-content\/uploads\/2024\/02\/HF-SHACKLE-4.jpg","width":1000,"height":1000,"caption":"bolt type SHACKLE"},{"@type":"BreadcrumbList","@id":"https:\/\/qingdaohf.com\/product\/bolt-type-shackle\/#breadcrumb","itemListElement":[{"@type":"ListItem","position":1,"name":"Home","item":"https:\/\/qingdaohf.com\/"},{"@type":"ListItem","position":2,"name":"Concrete Forming Accessories and Rigging Hardware","item":"https:\/\/qingdaohf.com\/bg\/?page_id=944"},{"@type":"ListItem","position":3,"name":"Bolt Type Shackle"}]},{"@type":"WebSite","@id":"https:\/\/qingdaohf.com\/bg\/#website","url":"https:\/\/qingdaohf.com\/bg\/","name":"Concrete Form & Rigging Hardware Supplier","description":"","publisher":{"@id":"https:\/\/qingdaohf.com\/bg\/#organization"},"potentialAction":[{"@type":"SearchAction","target":{"@type":"EntryPoint","urlTemplate":"https:\/\/qingdaohf.com\/bg\/?s={search_term_string}"},"query-input":{"@type":"PropertyValueSpecification","valueRequired":true,"valueName":"search_term_string"}}],"inLanguage":"lv-LV"},{"@type":"Organization","@id":"https:\/\/qingdaohf.com\/bg\/#organization","name":"Qingdao H&F","url":"https:\/\/qingdaohf.com\/bg\/","logo":{"@type":"ImageObject","inLanguage":"lv-LV","@id":"https:\/\/qingdaohf.com\/bg\/#\/schema\/logo\/image\/","url":"https:\/\/qingdaohf.com\/wp-content\/uploads\/2022\/12\/cropped-HF-LOGO.png","contentUrl":"https:\/\/qingdaohf.com\/wp-content\/uploads\/2022\/12\/cropped-HF-LOGO.png","width":391,"height":249,"caption":"Qingdao H&F"},"image":{"@id":"https:\/\/qingdaohf.com\/bg\/#\/schema\/logo\/image\/"},"sameAs":["https:\/\/www.facebook.com\/qingdaohf"]}]}},"_links":{"self":[{"href":"https:\/\/qingdaohf.com\/lv\/wp-json\/wp\/v2\/product\/6490","targetHints":{"allow":["GET"]}}],"collection":[{"href":"https:\/\/qingdaohf.com\/lv\/wp-json\/wp\/v2\/product"}],"about":[{"href":"https:\/\/qingdaohf.com\/lv\/wp-json\/wp\/v2\/types\/product"}],"replies":[{"embeddable":true,"href":"https:\/\/qingdaohf.com\/lv\/wp-json\/wp\/v2\/comments?post=6490"}],"version-history":[{"count":9,"href":"https:\/\/qingdaohf.com\/lv\/wp-json\/wp\/v2\/product\/6490\/revisions"}],"predecessor-version":[{"id":8214,"href":"https:\/\/qingdaohf.com\/lv\/wp-json\/wp\/v2\/product\/6490\/revisions\/8214"}],"wp:featuredmedia":[{"embeddable":true,"href":"https:\/\/qingdaohf.com\/lv\/wp-json\/wp\/v2\/media\/6468"}],"wp:attachment":[{"href":"https:\/\/qingdaohf.com\/lv\/wp-json\/wp\/v2\/media?parent=6490"}],"wp:term":[{"taxonomy":"product_brand","embeddable":true,"href":"https:\/\/qingdaohf.com\/lv\/wp-json\/wp\/v2\/product_brand?post=6490"},{"taxonomy":"product_cat","embeddable":true,"href":"https:\/\/qingdaohf.com\/lv\/wp-json\/wp\/v2\/product_cat?post=6490"},{"taxonomy":"product_tag","embeddable":true,"href":"https:\/\/qingdaohf.com\/lv\/wp-json\/wp\/v2\/product_tag?post=6490"}],"curies":[{"name":"wp","href":"https:\/\/api.w.org\/{rel}","templated":true}]}}