{"id":6504,"date":"2024-02-05T09:54:52","date_gmt":"2024-02-05T01:54:52","guid":{"rendered":"http:\/\/qingdaohf.com\/?post_type=product&#038;p=6504"},"modified":"2025-11-13T09:03:38","modified_gmt":"2025-11-13T01:03:38","slug":"bent-eye-bolt","status":"publish","type":"product","link":"https:\/\/qingdaohf.com\/lv\/products\/saliekta-acs-skruve\/","title":{"rendered":"Izliekta acs skr\u016bve"},"content":{"rendered":"<h2 class=\"text-2xl font-bold mt-1 text-text-200\">In\u017eeniertehnisk\u0101 izcil\u012bba: Izliekt\u0101 acs skr\u016bve<\/h2>\n<p class=\"whitespace-pre-wrap break-words\">Izliekt\u0101 acs skr\u016bve ir lab\u0101kais praktisk\u0101s in\u017eenierijas piem\u0113rs. T\u0101 viet\u0101, lai sekotu tradicion\u0101lajai stiprin\u0101jumu konstrukcijai, t\u0101s izliekt\u0101 forma revolucion\u0101ri izmaina slodzes sadal\u012bjumu, padarot to b\u016btisku lielas slodzes lietojumiem takel\u0101\u017eas, vilk\u0161anas un ma\u0161\u012bnu nostiprin\u0101\u0161anas jom\u0101.<\/p>\n<div class=\"ast-oembed-container\" style=\"height: 100%;\"><iframe title=\"Uzlabojiet savus takel\u0101\u017eas risin\u0101jumus ar m\u016bsu liektaj\u0101m acu skr\u016bv\u0113m!\" width=\"500\" height=\"281\" src=\"https:\/\/www.youtube.com\/embed\/hRsRZXPqmSo?feature=oembed\" frameborder=\"0\" allow=\"accelerometer; autoplay; clipboard-write; encrypted-media; gyroscope; picture-in-picture; web-share\" referrerpolicy=\"strict-origin-when-cross-origin\" allowfullscreen><\/iframe><\/div>\n<h2 class=\"text-xl font-bold text-text-200 mt-1 -mb-0.5\">Pamata in\u017eenierzin\u0101tnes un materi\u0101li<\/h2>\n<p class=\"whitespace-pre-wrap break-words\">In\u017eenieri r\u016bp\u012bgi izv\u0113las augst\u0101k\u0101s kvalit\u0101tes met\u0101lus, kas aizsarg\u0101 pret koroziju, vienlaikus izturot intens\u012bvu meh\u0101nisko slodzi. Strat\u0113\u0123iskais lieces process samazina sprieguma koncentr\u0101cijas punktus, kas ir tipisks tradicion\u0101lo acu skr\u016bvju tr\u016bkums. \u0160\u012b p\u0101rdom\u0101t\u0101 in\u017eenierija nodro\u0161ina iespaid\u012bgu iztur\u012bbu pat sare\u017e\u0123\u012btos apst\u0101k\u013cos. Katra deta\u013ca tiek prec\u012bzi apstr\u0101d\u0101ta, lai saglab\u0101tu stabilit\u0101ti dinamisku darb\u012bbu laik\u0101.<\/p>\n<p class=\"whitespace-pre-wrap break-words\">M\u016bsu ra\u017eo\u0161an\u0101 tiek izmantoti jaun\u0101kie pa\u0146\u0113mieni, vienlaikus saglab\u0101jot stingrus kvalit\u0101tes standartus. Pirms nos\u016bt\u012b\u0161anas katra skr\u016bve tiek r\u016bp\u012bgi test\u0113ta, lai noteiktu izm\u0113ru precizit\u0101ti, materi\u0101la iztur\u012bbu un slodzes iztur\u012bbu. \u0160ie visaptvero\u0161ie nov\u0113rt\u0113jumi, kas ir m\u016bsu kvalit\u0101tes sist\u0113mas centr\u0101lais elements, par\u0101da, k\u0101 m\u016bsu produkti past\u0101v\u012bgi p\u0101rsp\u0113j nozares pras\u012bbas. M\u0113s nodro\u0161in\u0101m piln\u012bgu p\u0101rredzam\u012bbu, s\u016bt\u012bjumiem pievienojot detaliz\u0113tu p\u0101rbaudes dokument\u0101ciju.<\/p>\n<h2 class=\"text-xl font-bold text-text-200 mt-1 -mb-0.5\">Re\u0101las lietojumprogrammas un iestat\u012b\u0161ana<\/h2>\n<h3 class=\"text-lg font-bold text-text-200 mt-1 -mb-1.5\">\u012asteno\u0161ana nozar\u0113<\/h3>\n<p class=\"whitespace-pre-wrap break-words\">No b\u016bvlaukumiem l\u012bdz oke\u0101na ku\u0123iem profesion\u0101\u013ci pa\u013caujas uz izliekt\u0101m acu skr\u016bv\u0113m, lai aizsarg\u0101tu v\u0113rt\u012bgu apr\u012bkojumu. Konstrukcijas daudzpus\u012bba \u013cauj piel\u0101goties da\u017e\u0101diem scen\u0101rijiem, kuros nepiecie\u0161ama gan elast\u012bba, gan konstrukcijas integrit\u0101te. Neatkar\u012bgi no t\u0101, vai tiek celtas smagas kravas, nostiprin\u0101tas iek\u0101rtas nelabv\u0113l\u012bgos laika apst\u0101k\u013cos vai savienoti r\u016bpniecisko iek\u0101rtu komponenti, \u0161\u012bs skr\u016bves ir neaizst\u0101jamas. To specializ\u0113t\u0101 forma nodro\u0161ina optim\u0101lu sp\u0113ka sadal\u012bjumu, saglab\u0101jot l\u012bdzsvaru slod\u017eu darb\u012bbas laik\u0101.<\/p>\n<h3 class=\"text-lg font-bold text-text-200 mt-1 -mb-1.5\">Lietot\u0101jam draudz\u012bga uzst\u0101d\u012b\u0161ana<\/h3>\n<p class=\"whitespace-pre-wrap break-words\">Darbinieki \u0101tri apg\u016bst vienk\u0101r\u0161o uzst\u0101d\u012b\u0161anas procesu, pateicoties intuit\u012bvajam dizainam, kas samazina apm\u0101c\u012bbas laiku. Bultskr\u016bves unik\u0101lais izliekums \u013cauj dro\u0161i piestiprin\u0101t pie da\u017e\u0101diem materi\u0101liem - no t\u0113rauda sij\u0101m l\u012bdz betonam. \u0160\u012b piel\u0101gojam\u012bba racionaliz\u0113 mont\u0101\u017eu un samazina apkopes d\u012bkst\u0101ves laiku, tie\u0161i uzlabojot darb\u012bbas efektivit\u0101ti un samazinot izmaksas.<\/p>\n<h3 class=\"text-lg font-bold text-text-200 mt-1 -mb-1.5\">Uzlabotas dro\u0161\u012bbas funkcijas<\/h3>\n<p class=\"whitespace-pre-wrap break-words\">Izliekt\u0101 acs skr\u016bve risina galven\u0101s dro\u0161\u012bbas probl\u0113mas, izmantojot p\u0101rdom\u0101tu in\u017eeniertehnisko risin\u0101jumu. Lietot\u0101ji uzticas t\u0101s sp\u0113jai nov\u0113rst sl\u012bd\u0113\u0161anu vai nepareizu izl\u012bdzin\u0101\u0161anu slodzes ietekm\u0113. Apr\u0113\u0137in\u0101t\u0101 acs l\u012bkne novirza sp\u0113kus prom no iesp\u0113jamiem boj\u0101jumu punktiem, l\u012bdz minimumam samazinot boj\u0101juma risku kritiski svar\u012bgu uzdevumu veik\u0161anas laik\u0101. Uz\u0146\u0113mumi, kas izmanto \u0161\u012bs skr\u016bves, parasti zi\u0146o par maz\u0101ku negad\u012bjumu skaitu un uzlabotu uzticam\u012bbu.<\/p>\n<h2 class=\"text-xl font-bold text-text-200 mt-1 -mb-0.5\">Kvalit\u0101tes nodro\u0161in\u0101\u0161ana un atbalsts<\/h2>\n<h3 class=\"text-lg font-bold text-text-200 mt-1 -mb-1.5\">Stingrs test\u0113\u0161anas protokols<\/h3>\n<p class=\"whitespace-pre-wrap break-words\">Katram skr\u016bv\u012bt\u0113 pirms izve\u0161anas no m\u016bsu iest\u0101des tiek veikta visaptvero\u0161a nov\u0113rt\u0113\u0161ana. Izprotot dro\u0161\u012bbai kritiski svar\u012bgus lietojumus, m\u0113s saglab\u0101jam detaliz\u0113tu veiktsp\u0113jas dokument\u0101ciju. M\u016bsu kvalit\u0101tes zi\u0146ojumos aprakst\u012bti konkr\u0113ti r\u0101d\u012bt\u0101ji un materi\u0101lu \u012bpa\u0161\u012bbas, kas apliecina ilgtermi\u0146a uzticam\u012bbu skarbos apst\u0101k\u013cos.<\/p>\n<h3 class=\"text-lg font-bold text-text-200 mt-1 -mb-1.5\">Uz klientu orient\u0113ts serviss<\/h3>\n<p class=\"whitespace-pre-wrap break-words\">M\u0113s apvienojam tehnisk\u0101s zin\u0101\u0161anas ar individu\u0101lu uzman\u012bbu. Klienti sa\u0146em \u012bpa\u0161u atbalstu gan pirms ieg\u0101des, gan ar\u012b past\u0101v\u012bgas pal\u012bdz\u012bbas jaut\u0101jumos. M\u016bsu komanda sniedz detaliz\u0113tus nor\u0101d\u012bjumus par uzst\u0101d\u012b\u0161anu, apkopi un probl\u0113mu nov\u0113r\u0161anu. \u0160\u0101da pieeja nodro\u0161ina visaptvero\u0161u atbalstu vis\u0101 produkta dz\u012bves cikl\u0101. \u0100tra pieg\u0101de v\u0113l vair\u0101k palielina apmierin\u0101t\u012bbu, samazinot projekta kav\u0113\u0161anos.<\/p>\n<h3 class=\"text-lg font-bold text-text-200 mt-1 -mb-1.5\">Nep\u0101rtraukta inov\u0101cija<\/h3>\n<p class=\"whitespace-pre-wrap break-words\">Regul\u0101ri ieguld\u012bjumi p\u0113tniec\u012bb\u0101 nodro\u0161ina, ka m\u016bsu produkti ir tehnolo\u0123iju avangard\u0101. M\u0113s sadarbojamies ar nozares ekspertiem, lai uzlabotu dizainu un ra\u017eo\u0161anas metodes. \u0160\u012b ap\u0146em\u0161an\u0101s paaugstina nozares standartus, vienlaikus nodro\u0161inot rentablus risin\u0101jumus. M\u0113s koncentr\u0113jamies uz progresu no in\u017eenierijas l\u012bdz pat klientu atbalstam, katr\u0101 posm\u0101 par priorit\u0101ti izvirzot izcil\u012bbu.<\/p>\n<h3 class=\"text-lg font-bold text-text-200 mt-1 -mb-1.5\">Uzticama pieg\u0101de<\/h3>\n<p class=\"whitespace-pre-wrap break-words\">Saprotot, ka oper\u0101cijas ir atkar\u012bgas no laika, m\u0113s uzturam efekt\u012bvas pieg\u0101des sist\u0113mas, kas atbilst sare\u017e\u0123\u012btiem grafikiem. M\u016bsu lo\u0123istikas komanda nodro\u0161ina \u0101tru pas\u016bt\u012bjumu apstr\u0101di un nos\u016bt\u012b\u0161anu. Ja rodas probl\u0113mas, m\u0113s akt\u012bvi sazin\u0101mies un pied\u0101v\u0101jam alternat\u012bvas, lai l\u012bdz minimumam samazin\u0101tu trauc\u0113jumus.<\/p>\n<h2 class=\"text-xl font-bold text-text-200 mt-1 -mb-0.5\">Izgl\u012bt\u012bbas atbalsts un tehnisk\u0101 izcil\u012bba<\/h2>\n<p class=\"whitespace-pre-wrap break-words\">Kop\u0101 ar aparat\u016bru m\u0113s nodro\u0161in\u0101m visaptvero\u0161u tehnisko dokument\u0101ciju un m\u0101c\u012bbu materi\u0101lus. Izmantojot detaliz\u0113tus ce\u013cve\u017eus un konsult\u0101cijas, klienti apg\u016bst pareizas lieto\u0161anas metodes. \u0160\u0101da zin\u0101\u0161anu apmai\u0146a nov\u0113r\u0161 bie\u017ei sastopamas probl\u0113mas un pagarina produkta kalpo\u0161anas laiku, veicot pareizu apkopi.<\/p>\n<p class=\"whitespace-pre-wrap break-words\">Katras skr\u016bves precizit\u0101te atspogu\u013co m\u016bsu uztic\u012bbu veiktsp\u0113jas nodro\u0161in\u0101\u0161anai. Kritisk\u0101s vid\u0113s \u0161\u012bs skr\u016bves nodro\u0161ina dro\u0161us savienojumus, kas samazina apstr\u0101des riskus. \u0160\u012b uzticam\u012bba ir iz\u0161\u0137iro\u0161i svar\u012bga gad\u012bjumos, kad apr\u012bkojuma k\u013c\u016bme var rad\u012bt nopietnas sekas.<\/p>\n<p class=\"whitespace-pre-wrap break-words\">M\u016bsu kvalit\u0101tes pas\u0101kumi optimiz\u0113 visus aspektus, lai nodro\u0161in\u0101tu maksim\u0101lu veiktsp\u0113ju. Apvienojot progres\u012bvu materi\u0101lzin\u0101tni un prec\u012bzu in\u017eenierzin\u0101tni, tiek sasniegti past\u0101v\u012bgi izcili rezult\u0101ti. \u0160\u012b uztic\u012bba izcil\u012bbai noz\u012bm\u0113 minim\u0101lu nomai\u0146as nepiecie\u0161am\u012bbu un ilgsto\u0161u darb\u012bbas efektivit\u0101ti.<\/p>\n<p class=\"whitespace-pre-wrap break-words\">Klientu atsauksmes veicina nep\u0101rtrauktus uzlabojumus, un g\u016bt\u0101s atzi\u0146as nosaka turpm\u0101ko att\u012bst\u012bbu. \u0160\u012b sadarb\u012bbas pieeja \u013cauj praktiski uzlabot gan dro\u0161\u012bbu, gan veiktsp\u0113ju. Past\u0101v\u012bgais dialogs stiprina attiec\u012bbas, vienlaikus att\u012bstot produktu iesp\u0113jas.<\/p>\n<h2 class=\"text-xl font-bold text-text-200 mt-1 -mb-0.5\">Secin\u0101jums<\/h2>\n<p class=\"whitespace-pre-wrap break-words\">Izliekt\u0101 acs bultskr\u016bve ir in\u017eeniertehnisk\u0101s izcil\u012bbas un praktisko dro\u0161\u012bbas elementu apvienojums. T\u0101s novatorisk\u0101 konstrukcija nodro\u0161ina optim\u0101lu slodzes vad\u012bbu un ilgsto\u0161u iztur\u012bbu, ko nodro\u0161ina r\u016bp\u012bga kvalit\u0101tes kontrole. Apvienojum\u0101 ar atsauc\u012bgu klientu apkalpo\u0161anu un uzticamu pieg\u0101di tas kalpo k\u0101 ide\u0101ls risin\u0101jums darbiem, kuros nepiecie\u0161ama nemain\u012bga veiktsp\u0113ja. M\u0113s turpin\u0101m pilnveidot savu dizainu, pied\u0101v\u0101jot produktus, kas uzlabo darb\u012bbas efektivit\u0101ti un dro\u0161\u012bbu.<\/p>\n<p class=\"whitespace-pre-wrap break-words\">M\u016bsu visaptvero\u0161\u0101 pieeja - no s\u0101kotn\u0113j\u0101s projekt\u0113\u0161anas l\u012bdz pat past\u0101v\u012bgajam atbalstam - apliecina ap\u0146em\u0161anos rast ilgtsp\u0113j\u012bgus risin\u0101jumus. Izv\u0113loties m\u016bsu liekt\u0101s acs skr\u016bves, tas noz\u012bm\u0113 invest\u0113t praks\u0113 p\u0101rbaud\u012bt\u0101 uzticam\u012bb\u0101 ar ekspertu atbalstu. Izbaudiet at\u0161\u0137ir\u012bbu, ko j\u016bsu darb\u012bbai sniedz p\u0101rdom\u0101ta projekt\u0113\u0161ana un uzticams atbalsts.<\/p>","protected":false},"excerpt":{"rendered":"<p data-sourcepos=\"5:1-5:37\">\u0160eit ir m\u016bsu r\u016bp\u012bgi izstr\u0101d\u0101t\u0101 izliekt\u0101 acs skr\u016bve, kas ir \u012bpa\u0161i rad\u012bta lielas slodzes stiprin\u0101jumiem un visp\u0101r\u0113jiem takel\u0101\u017eas lietojumiem. M\u016bsu izstr\u0101d\u0101jums atbilst pirc\u0113ju galvenaj\u0101m ba\u017e\u0101m par izcilu iztur\u012bbu, vienk\u0101r\u0161u uzst\u0101d\u012b\u0161anu un bezkompromisa dro\u0161\u012bbu smagos vides apst\u0101k\u013cos. K\u0101 uzticams tirdzniec\u012bbas uz\u0146\u0113mums m\u0113s nodro\u0161in\u0101m individu\u0101lu klientu apkalpo\u0161anu, savlaic\u012bgu pieg\u0101di un detaliz\u0113tus kvalit\u0101tes p\u0101rbaudes zi\u0146ojumus, lai ikviens klients var\u0113tu b\u016bt p\u0101rliecin\u0101ts, ka sa\u0146ems uzticamu, augstas kvalit\u0101tes aparat\u016bru atbilsto\u0161i sav\u0101m konkr\u0113taj\u0101m pras\u012bb\u0101m.<\/p>","protected":false},"featured_media":6506,"comment_status":"open","ping_status":"closed","template":"","meta":{"site-sidebar-layout":"default","site-content-layout":"","ast-site-content-layout":"default","site-content-style":"default","site-sidebar-style":"default","ast-global-header-display":"","ast-banner-title-visibility":"","ast-main-header-display":"","ast-hfb-above-header-display":"","ast-hfb-below-header-display":"","ast-hfb-mobile-header-display":"","site-post-title":"","ast-breadcrumbs-content":"","ast-featured-img":"","footer-sml-layout":"","theme-transparent-header-meta":"default","adv-header-id-meta":"","stick-header-meta":"default","header-above-stick-meta":"","header-main-stick-meta":"","header-below-stick-meta":"","astra-migrate-meta-layouts":"set","ast-page-background-enabled":"default","ast-page-background-meta":{"desktop":{"background-color":"","background-image":"","background-repeat":"repeat","background-position":"center center","background-size":"auto","background-attachment":"scroll","background-type":"","background-media":"","overlay-type":"","overlay-color":"","overlay-opacity":"","overlay-gradient":""},"tablet":{"background-color":"","background-image":"","background-repeat":"repeat","background-position":"center center","background-size":"auto","background-attachment":"scroll","background-type":"","background-media":"","overlay-type":"","overlay-color":"","overlay-opacity":"","overlay-gradient":""},"mobile":{"background-color":"","background-image":"","background-repeat":"repeat","background-position":"center center","background-size":"auto","background-attachment":"scroll","background-type":"","background-media":"","overlay-type":"","overlay-color":"","overlay-opacity":"","overlay-gradient":""}},"ast-content-background-meta":{"desktop":{"background-color":"var(--ast-global-color-5)","background-image":"","background-repeat":"repeat","background-position":"center center","background-size":"auto","background-attachment":"scroll","background-type":"","background-media":"","overlay-type":"","overlay-color":"","overlay-opacity":"","overlay-gradient":""},"tablet":{"background-color":"var(--ast-global-color-5)","background-image":"","background-repeat":"repeat","background-position":"center center","background-size":"auto","background-attachment":"scroll","background-type":"","background-media":"","overlay-type":"","overlay-color":"","overlay-opacity":"","overlay-gradient":""},"mobile":{"background-color":"var(--ast-global-color-5)","background-image":"","background-repeat":"repeat","background-position":"center center","background-size":"auto","background-attachment":"scroll","background-type":"","background-media":"","overlay-type":"","overlay-color":"","overlay-opacity":"","overlay-gradient":""}}},"product_brand":[],"product_cat":[44],"product_tag":[],"class_list":{"0":"post-6504","1":"product","2":"type-product","3":"status-publish","4":"has-post-thumbnail","6":"product_cat-stainless-steel-poduct","7":"desktop-align-left","8":"tablet-align-left","9":"mobile-align-left","10":"ast-product-gallery-layout-horizontal-slider","11":"ast-product-tabs-layout-horizontal","13":"first","14":"instock","15":"shipping-taxable","16":"purchasable","17":"product-type-simple"},"yoast_head":"<!-- This site is optimized with the Yoast SEO plugin v25.2 - https:\/\/yoast.com\/wordpress\/plugins\/seo\/ -->\n<title>Bent Eye Bolt<\/title>\n<meta name=\"description\" content=\"Qingdao H&amp;F, your reliable supplier for over 20 years, offers top-quality bent eye bolts for diverse lifting and rigging applications.\" \/>\n<meta name=\"robots\" content=\"index, follow, max-snippet:-1, max-image-preview:large, max-video-preview:-1\" \/>\n<link rel=\"canonical\" href=\"https:\/\/qingdaohf.com\/lv\/products\/saliekta-acs-skruve\/\" \/>\n<meta property=\"og:locale\" content=\"lv_LV\" \/>\n<meta property=\"og:type\" content=\"article\" \/>\n<meta property=\"og:title\" content=\"Bent Eye Bolt\" \/>\n<meta property=\"og:description\" content=\"Qingdao H&amp;F, your reliable supplier for over 20 years, offers top-quality bent eye bolts for diverse lifting and rigging applications.\" \/>\n<meta property=\"og:url\" content=\"https:\/\/qingdaohf.com\/lv\/products\/saliekta-acs-skruve\/\" \/>\n<meta property=\"og:site_name\" content=\"Concrete Form &amp; Rigging Hardware Supplier\" \/>\n<meta property=\"article:publisher\" content=\"https:\/\/www.facebook.com\/qingdaohf\" \/>\n<meta property=\"article:modified_time\" content=\"2025-11-13T01:03:38+00:00\" \/>\n<meta property=\"og:image\" content=\"https:\/\/qingdaohf.com\/wp-content\/uploads\/2024\/02\/HF-BENT-EYE-BOLT-1.jpg\" \/>\n\t<meta property=\"og:image:width\" content=\"1000\" \/>\n\t<meta property=\"og:image:height\" content=\"1000\" \/>\n\t<meta property=\"og:image:type\" content=\"image\/jpeg\" \/>\n<meta name=\"twitter:card\" content=\"summary_large_image\" \/>\n<meta name=\"twitter:label1\" content=\"Est. reading time\" \/>\n\t<meta name=\"twitter:data1\" content=\"4 min\u016btes\" \/>\n<script type=\"application\/ld+json\" class=\"yoast-schema-graph\">{\"@context\":\"https:\/\/schema.org\",\"@graph\":[{\"@type\":\"WebPage\",\"@id\":\"https:\/\/qingdaohf.com\/product\/bent-eye-bolt\/\",\"url\":\"https:\/\/qingdaohf.com\/product\/bent-eye-bolt\/\",\"name\":\"Bent Eye Bolt\",\"isPartOf\":{\"@id\":\"https:\/\/qingdaohf.com\/bg\/#website\"},\"primaryImageOfPage\":{\"@id\":\"https:\/\/qingdaohf.com\/product\/bent-eye-bolt\/#primaryimage\"},\"image\":{\"@id\":\"https:\/\/qingdaohf.com\/product\/bent-eye-bolt\/#primaryimage\"},\"thumbnailUrl\":\"https:\/\/qingdaohf.com\/wp-content\/uploads\/2024\/02\/HF-BENT-EYE-BOLT-1.jpg\",\"datePublished\":\"2024-02-05T01:54:52+00:00\",\"dateModified\":\"2025-11-13T01:03:38+00:00\",\"description\":\"Qingdao H&F, your reliable supplier for over 20 years, offers top-quality bent eye bolts for diverse lifting and rigging applications.\",\"breadcrumb\":{\"@id\":\"https:\/\/qingdaohf.com\/product\/bent-eye-bolt\/#breadcrumb\"},\"inLanguage\":\"lv-LV\",\"potentialAction\":[{\"@type\":\"ReadAction\",\"target\":[\"https:\/\/qingdaohf.com\/product\/bent-eye-bolt\/\"]}]},{\"@type\":\"ImageObject\",\"inLanguage\":\"lv-LV\",\"@id\":\"https:\/\/qingdaohf.com\/product\/bent-eye-bolt\/#primaryimage\",\"url\":\"https:\/\/qingdaohf.com\/wp-content\/uploads\/2024\/02\/HF-BENT-EYE-BOLT-1.jpg\",\"contentUrl\":\"https:\/\/qingdaohf.com\/wp-content\/uploads\/2024\/02\/HF-BENT-EYE-BOLT-1.jpg\",\"width\":1000,\"height\":1000,\"caption\":\"H&F BENT EYE BOLT\"},{\"@type\":\"BreadcrumbList\",\"@id\":\"https:\/\/qingdaohf.com\/product\/bent-eye-bolt\/#breadcrumb\",\"itemListElement\":[{\"@type\":\"ListItem\",\"position\":1,\"name\":\"Home\",\"item\":\"https:\/\/qingdaohf.com\/\"},{\"@type\":\"ListItem\",\"position\":2,\"name\":\"Concrete Forming Accessories and Rigging Hardware\",\"item\":\"https:\/\/qingdaohf.com\/bg\/?page_id=944\"},{\"@type\":\"ListItem\",\"position\":3,\"name\":\"Bent Eye Bolt\"}]},{\"@type\":\"WebSite\",\"@id\":\"https:\/\/qingdaohf.com\/bg\/#website\",\"url\":\"https:\/\/qingdaohf.com\/bg\/\",\"name\":\"Concrete Form & Rigging Hardware Supplier\",\"description\":\"\",\"publisher\":{\"@id\":\"https:\/\/qingdaohf.com\/bg\/#organization\"},\"potentialAction\":[{\"@type\":\"SearchAction\",\"target\":{\"@type\":\"EntryPoint\",\"urlTemplate\":\"https:\/\/qingdaohf.com\/bg\/?s={search_term_string}\"},\"query-input\":{\"@type\":\"PropertyValueSpecification\",\"valueRequired\":true,\"valueName\":\"search_term_string\"}}],\"inLanguage\":\"lv-LV\"},{\"@type\":\"Organization\",\"@id\":\"https:\/\/qingdaohf.com\/bg\/#organization\",\"name\":\"Qingdao H&F\",\"url\":\"https:\/\/qingdaohf.com\/bg\/\",\"logo\":{\"@type\":\"ImageObject\",\"inLanguage\":\"lv-LV\",\"@id\":\"https:\/\/qingdaohf.com\/bg\/#\/schema\/logo\/image\/\",\"url\":\"https:\/\/qingdaohf.com\/wp-content\/uploads\/2022\/12\/cropped-HF-LOGO.png\",\"contentUrl\":\"https:\/\/qingdaohf.com\/wp-content\/uploads\/2022\/12\/cropped-HF-LOGO.png\",\"width\":391,\"height\":249,\"caption\":\"Qingdao H&F\"},\"image\":{\"@id\":\"https:\/\/qingdaohf.com\/bg\/#\/schema\/logo\/image\/\"},\"sameAs\":[\"https:\/\/www.facebook.com\/qingdaohf\"]}]}<\/script>\n<!-- \/ Yoast SEO plugin. -->","yoast_head_json":{"title":"Bent Eye Bolt","description":"Qingdao H&F, your reliable supplier for over 20 years, offers top-quality bent eye bolts for diverse lifting and rigging applications.","robots":{"index":"index","follow":"follow","max-snippet":"max-snippet:-1","max-image-preview":"max-image-preview:large","max-video-preview":"max-video-preview:-1"},"canonical":"https:\/\/qingdaohf.com\/lv\/products\/saliekta-acs-skruve\/","og_locale":"lv_LV","og_type":"article","og_title":"Bent Eye Bolt","og_description":"Qingdao H&F, your reliable supplier for over 20 years, offers top-quality bent eye bolts for diverse lifting and rigging applications.","og_url":"https:\/\/qingdaohf.com\/lv\/products\/saliekta-acs-skruve\/","og_site_name":"Concrete Form &amp; Rigging Hardware Supplier","article_publisher":"https:\/\/www.facebook.com\/qingdaohf","article_modified_time":"2025-11-13T01:03:38+00:00","og_image":[{"width":1000,"height":1000,"url":"https:\/\/qingdaohf.com\/wp-content\/uploads\/2024\/02\/HF-BENT-EYE-BOLT-1.jpg","type":"image\/jpeg"}],"twitter_card":"summary_large_image","twitter_misc":{"Est. reading time":"4 min\u016btes"},"schema":{"@context":"https:\/\/schema.org","@graph":[{"@type":"WebPage","@id":"https:\/\/qingdaohf.com\/product\/bent-eye-bolt\/","url":"https:\/\/qingdaohf.com\/product\/bent-eye-bolt\/","name":"Bent Eye Bolt","isPartOf":{"@id":"https:\/\/qingdaohf.com\/bg\/#website"},"primaryImageOfPage":{"@id":"https:\/\/qingdaohf.com\/product\/bent-eye-bolt\/#primaryimage"},"image":{"@id":"https:\/\/qingdaohf.com\/product\/bent-eye-bolt\/#primaryimage"},"thumbnailUrl":"https:\/\/qingdaohf.com\/wp-content\/uploads\/2024\/02\/HF-BENT-EYE-BOLT-1.jpg","datePublished":"2024-02-05T01:54:52+00:00","dateModified":"2025-11-13T01:03:38+00:00","description":"Qingdao H&F, your reliable supplier for over 20 years, offers top-quality bent eye bolts for diverse lifting and rigging applications.","breadcrumb":{"@id":"https:\/\/qingdaohf.com\/product\/bent-eye-bolt\/#breadcrumb"},"inLanguage":"lv-LV","potentialAction":[{"@type":"ReadAction","target":["https:\/\/qingdaohf.com\/product\/bent-eye-bolt\/"]}]},{"@type":"ImageObject","inLanguage":"lv-LV","@id":"https:\/\/qingdaohf.com\/product\/bent-eye-bolt\/#primaryimage","url":"https:\/\/qingdaohf.com\/wp-content\/uploads\/2024\/02\/HF-BENT-EYE-BOLT-1.jpg","contentUrl":"https:\/\/qingdaohf.com\/wp-content\/uploads\/2024\/02\/HF-BENT-EYE-BOLT-1.jpg","width":1000,"height":1000,"caption":"H&F BENT EYE BOLT"},{"@type":"BreadcrumbList","@id":"https:\/\/qingdaohf.com\/product\/bent-eye-bolt\/#breadcrumb","itemListElement":[{"@type":"ListItem","position":1,"name":"Home","item":"https:\/\/qingdaohf.com\/"},{"@type":"ListItem","position":2,"name":"Concrete Forming Accessories and Rigging Hardware","item":"https:\/\/qingdaohf.com\/bg\/?page_id=944"},{"@type":"ListItem","position":3,"name":"Bent Eye Bolt"}]},{"@type":"WebSite","@id":"https:\/\/qingdaohf.com\/bg\/#website","url":"https:\/\/qingdaohf.com\/bg\/","name":"Concrete Form & Rigging Hardware Supplier","description":"","publisher":{"@id":"https:\/\/qingdaohf.com\/bg\/#organization"},"potentialAction":[{"@type":"SearchAction","target":{"@type":"EntryPoint","urlTemplate":"https:\/\/qingdaohf.com\/bg\/?s={search_term_string}"},"query-input":{"@type":"PropertyValueSpecification","valueRequired":true,"valueName":"search_term_string"}}],"inLanguage":"lv-LV"},{"@type":"Organization","@id":"https:\/\/qingdaohf.com\/bg\/#organization","name":"Qingdao H&F","url":"https:\/\/qingdaohf.com\/bg\/","logo":{"@type":"ImageObject","inLanguage":"lv-LV","@id":"https:\/\/qingdaohf.com\/bg\/#\/schema\/logo\/image\/","url":"https:\/\/qingdaohf.com\/wp-content\/uploads\/2022\/12\/cropped-HF-LOGO.png","contentUrl":"https:\/\/qingdaohf.com\/wp-content\/uploads\/2022\/12\/cropped-HF-LOGO.png","width":391,"height":249,"caption":"Qingdao H&F"},"image":{"@id":"https:\/\/qingdaohf.com\/bg\/#\/schema\/logo\/image\/"},"sameAs":["https:\/\/www.facebook.com\/qingdaohf"]}]}},"_links":{"self":[{"href":"https:\/\/qingdaohf.com\/lv\/wp-json\/wp\/v2\/product\/6504","targetHints":{"allow":["GET"]}}],"collection":[{"href":"https:\/\/qingdaohf.com\/lv\/wp-json\/wp\/v2\/product"}],"about":[{"href":"https:\/\/qingdaohf.com\/lv\/wp-json\/wp\/v2\/types\/product"}],"replies":[{"embeddable":true,"href":"https:\/\/qingdaohf.com\/lv\/wp-json\/wp\/v2\/comments?post=6504"}],"version-history":[{"count":3,"href":"https:\/\/qingdaohf.com\/lv\/wp-json\/wp\/v2\/product\/6504\/revisions"}],"predecessor-version":[{"id":8947,"href":"https:\/\/qingdaohf.com\/lv\/wp-json\/wp\/v2\/product\/6504\/revisions\/8947"}],"wp:featuredmedia":[{"embeddable":true,"href":"https:\/\/qingdaohf.com\/lv\/wp-json\/wp\/v2\/media\/6506"}],"wp:attachment":[{"href":"https:\/\/qingdaohf.com\/lv\/wp-json\/wp\/v2\/media?parent=6504"}],"wp:term":[{"taxonomy":"product_brand","embeddable":true,"href":"https:\/\/qingdaohf.com\/lv\/wp-json\/wp\/v2\/product_brand?post=6504"},{"taxonomy":"product_cat","embeddable":true,"href":"https:\/\/qingdaohf.com\/lv\/wp-json\/wp\/v2\/product_cat?post=6504"},{"taxonomy":"product_tag","embeddable":true,"href":"https:\/\/qingdaohf.com\/lv\/wp-json\/wp\/v2\/product_tag?post=6504"}],"curies":[{"name":"wp","href":"https:\/\/api.w.org\/{rel}","templated":true}]}}