{"id":7015,"date":"2024-05-09T11:37:00","date_gmt":"2024-05-09T03:37:00","guid":{"rendered":"http:\/\/qingdaohf.com\/?post_type=product&#038;p=7015"},"modified":"2025-11-13T09:03:36","modified_gmt":"2025-11-13T01:03:36","slug":"plastic-foundation-vent-expandable-air-bent","status":"publish","type":"product","link":"https:\/\/qingdaohf.com\/lv\/products\/plastmasas-pamatu-ventilacijas-atveres-izvelkamais-gaiss-izliekts\/","title":{"rendered":"Plastmasas pamatu ventil\u0101cijas atveres izvelkamais gaisa aizb\u012bdnis"},"content":{"rendered":"<p>Plastmasas pamatu ventil\u0101cijas sist\u0113ma ir j\u016bsu risin\u0101jums, lai veicin\u0101tu vesel\u012bgu gaisa pl\u016bsmu un p\u0101rvald\u012btu mitruma l\u012bmeni j\u016bsu k\u0101p\u0146u telp\u0101 vai pagrab\u0101. Tas ir pieejams praktiskos izm\u0113ros no 6\u2033 l\u012bdz 8\u2033, lai atbilstu vispla\u0161\u0101k izplat\u012btajam lietojumam, k\u0101 ar\u012b pied\u0101v\u0101 piel\u0101go\u0161anas iesp\u0113jas, lai nodro\u0161in\u0101tu liel\u0101ku daudzpus\u012bbu. L\u016bk, k\u0101p\u0113c tas ir lab\u0101k\u0101 izv\u0113le:<\/p>\n<p>Aizsarg\u0101 no mitruma: Neatkar\u012bgi no izv\u0113l\u0113t\u0101 ventil\u0101cijas atveres izm\u0113ra, nov\u0113r\u0161ot mitruma uzkr\u0101\u0161anos, varat atvad\u012bties no pel\u0113juma, pel\u0113juma un pamatiem.<\/p>\n<p>Viegli uzst\u0101d\u0101ms: Viegla un vienk\u0101r\u0161a uzst\u0101d\u012b\u0161ana, kas ietaupa j\u016bsu laiku un gr\u016bt\u012bbas neatkar\u012bgi no ventil\u0101cijas atveres izm\u0113ra.<\/p>\n<p>Izgatavots t\u0101, lai kalpotu ilgi: izgatavots no laikapst\u0101k\u013cu iztur\u012bgas plastmasas, tas ir konstru\u0113ts t\u0101, lai iztur\u0113tu laikapst\u0101k\u013cus un nodro\u0161in\u0101tu ilgsto\u0161u darb\u012bbu visos ventil\u0101cijas atveru izm\u0113ros.<\/p>\n<p>Uzlabota gaisa pl\u016bsma: Veicina pareizu ventil\u0101ciju, radot vesel\u012bg\u0101ku iek\u0161telpu vidi. Izv\u0113lieties izm\u0113ru, kas vislab\u0101k atbilst j\u016bsu konkr\u0113taj\u0101m gaisa pl\u016bsmas vajadz\u012bb\u0101m.<\/p>\n<p>Uzlabojiet savu pagrabu ar plastmasas pamatu ventil\u0101cijas sist\u0113mu, lai nodro\u0161in\u0101tu optim\u0101lu gaisa pl\u016bsmu un mitruma kontroli.<\/p>","protected":false},"excerpt":{"rendered":"<p>Plastmasas pamatu ventil\u0101cijas sist\u0113ma ir j\u016bsu risin\u0101jums vesel\u012bgai gaisa pl\u016bsmai un mitruma kontrolei j\u016bsu puspagrab\u0101 vai pagrab\u0101. Tas ir pieejams da\u017e\u0101dos izm\u0113ros, lai atbilstu j\u016bsu \u012bpa\u0161aj\u0101m vajadz\u012bb\u0101m, un ir pieejamas piel\u0101go\u0161anas iesp\u0113jas, kas nodro\u0161ina v\u0113l liel\u0101ku elast\u012bbu.<\/p>","protected":false},"featured_media":7016,"comment_status":"open","ping_status":"closed","template":"","meta":{"site-sidebar-layout":"default","site-content-layout":"","ast-site-content-layout":"default","site-content-style":"default","site-sidebar-style":"default","ast-global-header-display":"","ast-banner-title-visibility":"","ast-main-header-display":"","ast-hfb-above-header-display":"","ast-hfb-below-header-display":"","ast-hfb-mobile-header-display":"","site-post-title":"","ast-breadcrumbs-content":"","ast-featured-img":"","footer-sml-layout":"","theme-transparent-header-meta":"default","adv-header-id-meta":"","stick-header-meta":"default","header-above-stick-meta":"","header-main-stick-meta":"","header-below-stick-meta":"","astra-migrate-meta-layouts":"set","ast-page-background-enabled":"default","ast-page-background-meta":{"desktop":{"background-color":"","background-image":"","background-repeat":"repeat","background-position":"center center","background-size":"auto","background-attachment":"scroll","background-type":"","background-media":"","overlay-type":"","overlay-color":"","overlay-opacity":"","overlay-gradient":""},"tablet":{"background-color":"","background-image":"","background-repeat":"repeat","background-position":"center center","background-size":"auto","background-attachment":"scroll","background-type":"","background-media":"","overlay-type":"","overlay-color":"","overlay-opacity":"","overlay-gradient":""},"mobile":{"background-color":"","background-image":"","background-repeat":"repeat","background-position":"center center","background-size":"auto","background-attachment":"scroll","background-type":"","background-media":"","overlay-type":"","overlay-color":"","overlay-opacity":"","overlay-gradient":""}},"ast-content-background-meta":{"desktop":{"background-color":"var(--ast-global-color-5)","background-image":"","background-repeat":"repeat","background-position":"center center","background-size":"auto","background-attachment":"scroll","background-type":"","background-media":"","overlay-type":"","overlay-color":"","overlay-opacity":"","overlay-gradient":""},"tablet":{"background-color":"var(--ast-global-color-5)","background-image":"","background-repeat":"repeat","background-position":"center center","background-size":"auto","background-attachment":"scroll","background-type":"","background-media":"","overlay-type":"","overlay-color":"","overlay-opacity":"","overlay-gradient":""},"mobile":{"background-color":"var(--ast-global-color-5)","background-image":"","background-repeat":"repeat","background-position":"center center","background-size":"auto","background-attachment":"scroll","background-type":"","background-media":"","overlay-type":"","overlay-color":"","overlay-opacity":"","overlay-gradient":""}}},"product_brand":[],"product_cat":[50],"product_tag":[],"class_list":{"0":"post-7015","1":"product","2":"type-product","3":"status-publish","4":"has-post-thumbnail","6":"product_cat-concrete-form-accessories","7":"desktop-align-left","8":"tablet-align-left","9":"mobile-align-left","10":"ast-product-gallery-layout-horizontal-slider","11":"ast-product-tabs-layout-horizontal","13":"first","14":"instock","15":"shipping-taxable","16":"purchasable","17":"product-type-simple"},"yoast_head":"<!-- This site is optimized with the Yoast SEO plugin v25.2 - https:\/\/yoast.com\/wordpress\/plugins\/seo\/ -->\n<title>Plastic Foundation Vent Expandable Air Bent<\/title>\n<meta name=\"description\" content=\"The Plastic Foundation Vent is your go-to solution for healthy airflow and moisture control in your crawlspace or basement.\" \/>\n<meta name=\"robots\" content=\"index, follow, max-snippet:-1, max-image-preview:large, max-video-preview:-1\" \/>\n<link rel=\"canonical\" href=\"https:\/\/qingdaohf.com\/lv\/products\/plastmasas-pamatu-ventilacijas-atveres-izvelkamais-gaiss-izliekts\/\" \/>\n<meta property=\"og:locale\" content=\"lv_LV\" \/>\n<meta property=\"og:type\" content=\"article\" \/>\n<meta property=\"og:title\" content=\"Plastic Foundation Vent Expandable Air Bent\" \/>\n<meta property=\"og:description\" content=\"The Plastic Foundation Vent is your go-to solution for healthy airflow and moisture control in your crawlspace or basement.\" \/>\n<meta property=\"og:url\" content=\"https:\/\/qingdaohf.com\/lv\/products\/plastmasas-pamatu-ventilacijas-atveres-izvelkamais-gaiss-izliekts\/\" \/>\n<meta property=\"og:site_name\" content=\"Concrete Form &amp; Rigging Hardware Supplier\" \/>\n<meta property=\"article:publisher\" content=\"https:\/\/www.facebook.com\/qingdaohf\" \/>\n<meta property=\"article:modified_time\" content=\"2025-11-13T01:03:36+00:00\" \/>\n<meta property=\"og:image\" content=\"https:\/\/qingdaohf.com\/wp-content\/uploads\/2024\/05\/plastic-vent-1.jpg\" \/>\n\t<meta property=\"og:image:width\" content=\"1000\" \/>\n\t<meta property=\"og:image:height\" content=\"1000\" \/>\n\t<meta property=\"og:image:type\" content=\"image\/jpeg\" \/>\n<meta name=\"twitter:card\" content=\"summary_large_image\" \/>\n<meta name=\"twitter:label1\" content=\"Est. reading time\" \/>\n\t<meta name=\"twitter:data1\" content=\"1 min\u016bte\" \/>\n<script type=\"application\/ld+json\" class=\"yoast-schema-graph\">{\"@context\":\"https:\/\/schema.org\",\"@graph\":[{\"@type\":\"WebPage\",\"@id\":\"https:\/\/qingdaohf.com\/product\/plastic-foundation-vent-expandable-air-bent\/\",\"url\":\"https:\/\/qingdaohf.com\/product\/plastic-foundation-vent-expandable-air-bent\/\",\"name\":\"Plastic Foundation Vent Expandable Air Bent\",\"isPartOf\":{\"@id\":\"https:\/\/qingdaohf.com\/bg\/#website\"},\"primaryImageOfPage\":{\"@id\":\"https:\/\/qingdaohf.com\/product\/plastic-foundation-vent-expandable-air-bent\/#primaryimage\"},\"image\":{\"@id\":\"https:\/\/qingdaohf.com\/product\/plastic-foundation-vent-expandable-air-bent\/#primaryimage\"},\"thumbnailUrl\":\"https:\/\/qingdaohf.com\/wp-content\/uploads\/2024\/05\/plastic-vent-1.jpg\",\"datePublished\":\"2024-05-09T03:37:00+00:00\",\"dateModified\":\"2025-11-13T01:03:36+00:00\",\"description\":\"The Plastic Foundation Vent is your go-to solution for healthy airflow and moisture control in your crawlspace or basement.\",\"breadcrumb\":{\"@id\":\"https:\/\/qingdaohf.com\/product\/plastic-foundation-vent-expandable-air-bent\/#breadcrumb\"},\"inLanguage\":\"lv-LV\",\"potentialAction\":[{\"@type\":\"ReadAction\",\"target\":[\"https:\/\/qingdaohf.com\/product\/plastic-foundation-vent-expandable-air-bent\/\"]}]},{\"@type\":\"ImageObject\",\"inLanguage\":\"lv-LV\",\"@id\":\"https:\/\/qingdaohf.com\/product\/plastic-foundation-vent-expandable-air-bent\/#primaryimage\",\"url\":\"https:\/\/qingdaohf.com\/wp-content\/uploads\/2024\/05\/plastic-vent-1.jpg\",\"contentUrl\":\"https:\/\/qingdaohf.com\/wp-content\/uploads\/2024\/05\/plastic-vent-1.jpg\",\"width\":1000,\"height\":1000,\"caption\":\"plastic vent\"},{\"@type\":\"BreadcrumbList\",\"@id\":\"https:\/\/qingdaohf.com\/product\/plastic-foundation-vent-expandable-air-bent\/#breadcrumb\",\"itemListElement\":[{\"@type\":\"ListItem\",\"position\":1,\"name\":\"Home\",\"item\":\"https:\/\/qingdaohf.com\/\"},{\"@type\":\"ListItem\",\"position\":2,\"name\":\"Concrete Forming Accessories and Rigging Hardware\",\"item\":\"https:\/\/qingdaohf.com\/bg\/?page_id=944\"},{\"@type\":\"ListItem\",\"position\":3,\"name\":\"Plastic Foundation Vent Expandable Air Bent\"}]},{\"@type\":\"WebSite\",\"@id\":\"https:\/\/qingdaohf.com\/bg\/#website\",\"url\":\"https:\/\/qingdaohf.com\/bg\/\",\"name\":\"Concrete Form & Rigging Hardware Supplier\",\"description\":\"\",\"publisher\":{\"@id\":\"https:\/\/qingdaohf.com\/bg\/#organization\"},\"potentialAction\":[{\"@type\":\"SearchAction\",\"target\":{\"@type\":\"EntryPoint\",\"urlTemplate\":\"https:\/\/qingdaohf.com\/bg\/?s={search_term_string}\"},\"query-input\":{\"@type\":\"PropertyValueSpecification\",\"valueRequired\":true,\"valueName\":\"search_term_string\"}}],\"inLanguage\":\"lv-LV\"},{\"@type\":\"Organization\",\"@id\":\"https:\/\/qingdaohf.com\/bg\/#organization\",\"name\":\"Qingdao H&F\",\"url\":\"https:\/\/qingdaohf.com\/bg\/\",\"logo\":{\"@type\":\"ImageObject\",\"inLanguage\":\"lv-LV\",\"@id\":\"https:\/\/qingdaohf.com\/bg\/#\/schema\/logo\/image\/\",\"url\":\"https:\/\/qingdaohf.com\/wp-content\/uploads\/2022\/12\/cropped-HF-LOGO.png\",\"contentUrl\":\"https:\/\/qingdaohf.com\/wp-content\/uploads\/2022\/12\/cropped-HF-LOGO.png\",\"width\":391,\"height\":249,\"caption\":\"Qingdao H&F\"},\"image\":{\"@id\":\"https:\/\/qingdaohf.com\/bg\/#\/schema\/logo\/image\/\"},\"sameAs\":[\"https:\/\/www.facebook.com\/qingdaohf\"]}]}<\/script>\n<!-- \/ Yoast SEO plugin. -->","yoast_head_json":{"title":"Plastic Foundation Vent Expandable Air Bent","description":"The Plastic Foundation Vent is your go-to solution for healthy airflow and moisture control in your crawlspace or basement.","robots":{"index":"index","follow":"follow","max-snippet":"max-snippet:-1","max-image-preview":"max-image-preview:large","max-video-preview":"max-video-preview:-1"},"canonical":"https:\/\/qingdaohf.com\/lv\/products\/plastmasas-pamatu-ventilacijas-atveres-izvelkamais-gaiss-izliekts\/","og_locale":"lv_LV","og_type":"article","og_title":"Plastic Foundation Vent Expandable Air Bent","og_description":"The Plastic Foundation Vent is your go-to solution for healthy airflow and moisture control in your crawlspace or basement.","og_url":"https:\/\/qingdaohf.com\/lv\/products\/plastmasas-pamatu-ventilacijas-atveres-izvelkamais-gaiss-izliekts\/","og_site_name":"Concrete Form &amp; Rigging Hardware Supplier","article_publisher":"https:\/\/www.facebook.com\/qingdaohf","article_modified_time":"2025-11-13T01:03:36+00:00","og_image":[{"width":1000,"height":1000,"url":"https:\/\/qingdaohf.com\/wp-content\/uploads\/2024\/05\/plastic-vent-1.jpg","type":"image\/jpeg"}],"twitter_card":"summary_large_image","twitter_misc":{"Est. reading time":"1 min\u016bte"},"schema":{"@context":"https:\/\/schema.org","@graph":[{"@type":"WebPage","@id":"https:\/\/qingdaohf.com\/product\/plastic-foundation-vent-expandable-air-bent\/","url":"https:\/\/qingdaohf.com\/product\/plastic-foundation-vent-expandable-air-bent\/","name":"Plastic Foundation Vent Expandable Air Bent","isPartOf":{"@id":"https:\/\/qingdaohf.com\/bg\/#website"},"primaryImageOfPage":{"@id":"https:\/\/qingdaohf.com\/product\/plastic-foundation-vent-expandable-air-bent\/#primaryimage"},"image":{"@id":"https:\/\/qingdaohf.com\/product\/plastic-foundation-vent-expandable-air-bent\/#primaryimage"},"thumbnailUrl":"https:\/\/qingdaohf.com\/wp-content\/uploads\/2024\/05\/plastic-vent-1.jpg","datePublished":"2024-05-09T03:37:00+00:00","dateModified":"2025-11-13T01:03:36+00:00","description":"The Plastic Foundation Vent is your go-to solution for healthy airflow and moisture control in your crawlspace or basement.","breadcrumb":{"@id":"https:\/\/qingdaohf.com\/product\/plastic-foundation-vent-expandable-air-bent\/#breadcrumb"},"inLanguage":"lv-LV","potentialAction":[{"@type":"ReadAction","target":["https:\/\/qingdaohf.com\/product\/plastic-foundation-vent-expandable-air-bent\/"]}]},{"@type":"ImageObject","inLanguage":"lv-LV","@id":"https:\/\/qingdaohf.com\/product\/plastic-foundation-vent-expandable-air-bent\/#primaryimage","url":"https:\/\/qingdaohf.com\/wp-content\/uploads\/2024\/05\/plastic-vent-1.jpg","contentUrl":"https:\/\/qingdaohf.com\/wp-content\/uploads\/2024\/05\/plastic-vent-1.jpg","width":1000,"height":1000,"caption":"plastic vent"},{"@type":"BreadcrumbList","@id":"https:\/\/qingdaohf.com\/product\/plastic-foundation-vent-expandable-air-bent\/#breadcrumb","itemListElement":[{"@type":"ListItem","position":1,"name":"Home","item":"https:\/\/qingdaohf.com\/"},{"@type":"ListItem","position":2,"name":"Concrete Forming Accessories and Rigging Hardware","item":"https:\/\/qingdaohf.com\/bg\/?page_id=944"},{"@type":"ListItem","position":3,"name":"Plastic Foundation Vent Expandable Air Bent"}]},{"@type":"WebSite","@id":"https:\/\/qingdaohf.com\/bg\/#website","url":"https:\/\/qingdaohf.com\/bg\/","name":"Concrete Form & Rigging Hardware Supplier","description":"","publisher":{"@id":"https:\/\/qingdaohf.com\/bg\/#organization"},"potentialAction":[{"@type":"SearchAction","target":{"@type":"EntryPoint","urlTemplate":"https:\/\/qingdaohf.com\/bg\/?s={search_term_string}"},"query-input":{"@type":"PropertyValueSpecification","valueRequired":true,"valueName":"search_term_string"}}],"inLanguage":"lv-LV"},{"@type":"Organization","@id":"https:\/\/qingdaohf.com\/bg\/#organization","name":"Qingdao H&F","url":"https:\/\/qingdaohf.com\/bg\/","logo":{"@type":"ImageObject","inLanguage":"lv-LV","@id":"https:\/\/qingdaohf.com\/bg\/#\/schema\/logo\/image\/","url":"https:\/\/qingdaohf.com\/wp-content\/uploads\/2022\/12\/cropped-HF-LOGO.png","contentUrl":"https:\/\/qingdaohf.com\/wp-content\/uploads\/2022\/12\/cropped-HF-LOGO.png","width":391,"height":249,"caption":"Qingdao H&F"},"image":{"@id":"https:\/\/qingdaohf.com\/bg\/#\/schema\/logo\/image\/"},"sameAs":["https:\/\/www.facebook.com\/qingdaohf"]}]}},"_links":{"self":[{"href":"https:\/\/qingdaohf.com\/lv\/wp-json\/wp\/v2\/product\/7015","targetHints":{"allow":["GET"]}}],"collection":[{"href":"https:\/\/qingdaohf.com\/lv\/wp-json\/wp\/v2\/product"}],"about":[{"href":"https:\/\/qingdaohf.com\/lv\/wp-json\/wp\/v2\/types\/product"}],"replies":[{"embeddable":true,"href":"https:\/\/qingdaohf.com\/lv\/wp-json\/wp\/v2\/comments?post=7015"}],"version-history":[{"count":1,"href":"https:\/\/qingdaohf.com\/lv\/wp-json\/wp\/v2\/product\/7015\/revisions"}],"predecessor-version":[{"id":7022,"href":"https:\/\/qingdaohf.com\/lv\/wp-json\/wp\/v2\/product\/7015\/revisions\/7022"}],"wp:featuredmedia":[{"embeddable":true,"href":"https:\/\/qingdaohf.com\/lv\/wp-json\/wp\/v2\/media\/7016"}],"wp:attachment":[{"href":"https:\/\/qingdaohf.com\/lv\/wp-json\/wp\/v2\/media?parent=7015"}],"wp:term":[{"taxonomy":"product_brand","embeddable":true,"href":"https:\/\/qingdaohf.com\/lv\/wp-json\/wp\/v2\/product_brand?post=7015"},{"taxonomy":"product_cat","embeddable":true,"href":"https:\/\/qingdaohf.com\/lv\/wp-json\/wp\/v2\/product_cat?post=7015"},{"taxonomy":"product_tag","embeddable":true,"href":"https:\/\/qingdaohf.com\/lv\/wp-json\/wp\/v2\/product_tag?post=7015"}],"curies":[{"name":"wp","href":"https:\/\/api.w.org\/{rel}","templated":true}]}}