{"id":7163,"date":"2024-05-20T13:42:36","date_gmt":"2024-05-20T05:42:36","guid":{"rendered":"http:\/\/qingdaohf.com\/?post_type=product&#038;p=7163"},"modified":"2025-11-13T09:03:16","modified_gmt":"2025-11-13T01:03:16","slug":"aluminum-form-wall-ties","status":"publish","type":"product","link":"https:\/\/qingdaohf.com\/lv\/products\/aluminija-formas-sienu-saites\/","title":{"rendered":"Alum\u012bnija formas sienu saites"},"content":{"rendered":"<p>Alum\u012bnija veid\u0146u sait\u0113m ir iz\u0161\u0137iro\u0161a noz\u012bme betona veid\u0146u konstrukcij\u0101s, \u012bpa\u0161i tad, kad ir svar\u012bga precizit\u0101te un iztur\u012bba. \u0160\u012bs saites notur veid\u0146us viet\u0101 betona lie\u0161anas procesa laik\u0101, nodro\u0161inot, ka veidnes saglab\u0101 paredz\u0113to formu un izl\u012bdzin\u0101jumu. T\u0101d\u0113j\u0101di t\u0101s pal\u012bdz nodro\u0161in\u0101t betona sienu un kolonnu konstrukcijas viengabalain\u012bbu un viendab\u012bgumu. Veid\u0146u saites var b\u016bt izgatavotas no da\u017e\u0101diem materi\u0101liem, ta\u010du alum\u012bnija materi\u0101ls izce\u013cas ar savu iztur\u012bbu, vieglo svaru un iztur\u012bbu pret koroziju. Qingdao H&amp;F pied\u0101v\u0101 augstas kvalit\u0101tes alum\u012bnija veid\u0146u saites, kas piel\u0101gotas b\u016bvniec\u012bbas nozares vajadz\u012bb\u0101m, nodro\u0161inot efekt\u012bvu un dro\u0161u j\u016bsu projektu pabeig\u0161anu.<\/p>\n<h3><strong>K\u0101p\u0113c alum\u012bnijs veid\u0146u sait\u0113m?<\/strong><\/h3>\n<p>Alum\u012bnija izmanto\u0161ana veid\u0146u sait\u0113s ir strauji pieaugusi, pateicoties t\u0101 unik\u0101laj\u0101m \u012bpa\u0161\u012bb\u0101m, kas to padara piem\u0113rotu sare\u017e\u0123\u012bt\u0101m b\u016bvniec\u012bbas vid\u0113m. Alum\u012bnijs ir viegls, bet iztur\u012bgs, t\u0101p\u0113c ar to ir viegli str\u0101d\u0101t b\u016bvlaukum\u0101, neapdraudot veiktsp\u0113ju. Tas ir \u012bpa\u0161i izdev\u012bgi, ja ir nepiecie\u0161ams liels sai\u0161u apjoms vai ja str\u0101dniekiem j\u0101str\u0101d\u0101 ar lielu darba slodzi. At\u0161\u0137ir\u012bb\u0101 no citiem materi\u0101liem, piem\u0113ram, t\u0113rauda, alum\u012bnija vieglums samazina slodzi p\u0101rvieto\u0161anas un mont\u0101\u017eas laik\u0101.<\/p>\n<p>V\u0113l viena b\u016btiska priek\u0161roc\u012bba ir iztur\u012bba pret koroziju. Veid\u0146u saites ir pak\u013cautas mitruma un da\u017e\u0101du \u0137\u012bmisko vielu iedarb\u012bbai betona mais\u012bjum\u0101. Alum\u012bnijs ir dabiski iztur\u012bgs pret r\u016bsu un citiem korozijas veidiem, kas paildzina veid\u0146u sai\u0161u kalpo\u0161anas laiku un samazina bie\u017eas nomai\u0146as nepiecie\u0161am\u012bbu. \u0160\u012b iztur\u012bba noz\u012bm\u0113 ilgtermi\u0146a izmaksu ietaup\u012bjumu uz\u0146\u0113mumiem, jo \u012bpa\u0161i liela m\u0113roga projektos, kur ir \u013coti svar\u012bgi l\u012bdz minimumam samazin\u0101t d\u012bkst\u0101ves un apkopes laiku.<\/p>\n<h3><strong>B\u016bvniec\u012bbas efektivit\u0101te un izmaksu lietder\u012bba<\/strong><\/h3>\n<p>Efektivit\u0101te ir veiksm\u012bgu b\u016bvniec\u012bbas projektu st\u016brakmens, un veid\u0146u saites pal\u012bdz sasniegt \u0161o m\u0113r\u0137i, jo nodro\u0161ina, ka veid\u0146i paliek sav\u0101 viet\u0101, nov\u0113r\u0161ot d\u0101rgi izmaks\u0101jo\u0161as k\u013c\u016bdas. Nepareizi izl\u012bdzin\u0101ti vai v\u0101ji nostiprin\u0101ti veid\u0146i var rad\u012bt struktur\u0101las probl\u0113mas betona konstrukcij\u0101, kas var izrais\u012bt kav\u0113\u0161anos, materi\u0101lu iz\u0161\u0137\u0113rd\u0113\u0161anu un potenci\u0101li nedro\u0161us rezult\u0101tus. Alum\u012bnija veid\u0146u saites ne tikai nodro\u0161ina dro\u0161us veid\u0146us, bet ar\u012b vienk\u0101r\u0161o mont\u0101\u017eas un demont\u0101\u017eas procesus.<\/p>\n<p>T\u0101 k\u0101 alum\u012bnija veid\u0146u saites ir atk\u0101rtoti lietojamas, laika gait\u0101 t\u0101s nodro\u0161ina iev\u0113rojamu izmaksu ietaup\u012bjumu. B\u016bvuz\u0146\u0113m\u0113ji bie\u017ei saskaras ar dilemmu, k\u0101 sabalans\u0113t \u012bstermi\u0146a izmaksas ar ilgtermi\u0146a ieguvumiem, un ieguld\u012bjumi iztur\u012bg\u0101s, atk\u0101rtoti lietojam\u0101s veid\u0146u sait\u0113s var samazin\u0101t bie\u017eas nomai\u0146as nepiecie\u0161am\u012bbu un samazin\u0101t kop\u0113j\u0101s projekta izmaksas. Turkl\u0101t, t\u0101 k\u0101 alum\u012bnija saites ir viegl\u0101kas un viegl\u0101k transport\u0113jamas, t\u0101s samazina lo\u0123istikas izmaksas un padara b\u016bvlaukuma darb\u012bbu efekt\u012bv\u0101ku.<\/p>\n<div class=\"ast-oembed-container\" style=\"height: 100%;\"><iframe title=\"Betona form\u0113\u0161anas piederumi Izliekts \u0137\u012blis un taisns \u0137\u012blis\" width=\"500\" height=\"281\" src=\"https:\/\/www.youtube.com\/embed\/_He4pUDjl1U?feature=oembed\" frameborder=\"0\" allow=\"accelerometer; autoplay; clipboard-write; encrypted-media; gyroscope; picture-in-picture; web-share\" referrerpolicy=\"strict-origin-when-cross-origin\" allowfullscreen><\/iframe><\/div>\n<h3><strong>Ilgtsp\u0113ja un ietekme uz vidi<\/strong><\/h3>\n<p>M\u016bsdienu b\u016bvniec\u012bbas nozar\u0113 ilgtsp\u0113j\u012bba k\u013c\u016bst aizvien svar\u012bg\u0101ka, un alum\u012bnija veid\u0146u saites atbilst videi draudz\u012bgai praksei. Alum\u012bnijs ir viegli p\u0101rstr\u0101d\u0101jams, un daudzi alum\u012bnija izstr\u0101d\u0101jumi ir izgatavoti no p\u0101rstr\u0101d\u0101tiem materi\u0101liem. Tas samazina piepras\u012bjumu p\u0113c jaun\u0101m izejviel\u0101m un l\u012bdz minimumam samazina ietekmi uz vidi. Alum\u012bnija veid\u0146u saites to aprites cikla beig\u0101s var p\u0101rkaus\u0113t un atk\u0101rtoti izmantot, nezaud\u0113jot to rakstur\u012bg\u0101s \u012bpa\u0161\u012bbas, t\u0101d\u0113j\u0101di t\u0101s ir ilgtsp\u0113j\u012bga izv\u0113le b\u016bvniec\u012bbas profesion\u0101\u013ciem, kas koncentr\u0113jas uz oglek\u013ca dioks\u012bda emisijas samazin\u0101\u0161anu.<\/p>\n<p>Turkl\u0101t, izmantojot iztur\u012bgus, atk\u0101rtoti lietojamus materi\u0101lus, piem\u0113ram, alum\u012bniju, tiek samazin\u0101ts uz vietas rad\u012bto atkritumu daudzums. B\u016bvuz\u0146\u0113m\u0113ji var atk\u0101rtoti izmantot alum\u012bnija veid\u0146u saites vair\u0101kos projektos, iev\u0113rojami samazinot izmesto materi\u0101lu daudzumu, kas cit\u0101di non\u0101ktu izg\u0101ztuv\u0113s. Tas pal\u012bdz b\u016bvniec\u012bbas uz\u0146\u0113mumiem sasniegt glob\u0101los ilgtsp\u0113jas m\u0113r\u0137us un piesaist\u012bt klientus, kuri par priorit\u0101ti izvirza videi draudz\u012bgu praksi.<\/p>\n<h3><strong>Qingdao H&amp;F ap\u0146em\u0161an\u0101s nodro\u0161in\u0101t kvalit\u0101ti un servisu<\/strong><\/h3>\n<p>Qingdao H&amp;F saprot, ka b\u016bvniec\u012bbas profesion\u0101\u013ciem ir nepiecie\u0161ami uzticami materi\u0101li un izcila apkalpo\u0161ana, lai savlaic\u012bgi un bud\u017eeta ietvaros pabeigtu savus projektus. M\u016bsu alum\u012bnija veid\u0146u saites tiek ra\u017eotas, iev\u0113rojot stingrus kvalit\u0101tes kontroles standartus, kas nodro\u0161ina nemain\u012bgu veiktsp\u0113ju un iztur\u012bbu. M\u0113s lepojamies ar to, ka pied\u0101v\u0101jam ne tikai augstas kvalit\u0101tes produktus, bet ar\u012b konkur\u0113tsp\u0113j\u012bgas cenas, kas \u013cauj m\u016bsu klientiem g\u016bt labumu gan no pieejam\u012bbas, gan izcil\u012bbas.<\/p>\n<p>M\u0113s apzin\u0101mies, ka katrs projekts ir unik\u0101ls, un m\u016bsu komanda nodro\u0161ina individu\u0101lu klientu apkalpo\u0161anu, lai nodro\u0161in\u0101tu, ka j\u016bs sa\u0146emat vislab\u0101kos produktus j\u016bsu konkr\u0113taj\u0101m vajadz\u012bb\u0101m. Pal\u012bdzot jums izv\u0113l\u0113ties pareizo alum\u012bnija veid\u0146u saik\u0146u veidu un sniedzot past\u0101v\u012bgu atbalstu visa projekta laik\u0101, m\u0113s cen\u0161amies, lai j\u016bsu pirkuma pieredze b\u016btu vienm\u0113r\u012bga un efekt\u012bva. Qingdao H&amp;F, kas jau 20 gadus apkalpo b\u016bvniec\u012bbas nozari, ir ieguvis reput\u0101ciju k\u0101 uzticams, uzticams un klientu apmierin\u0101ts uz\u0146\u0113mums.<\/p>\n<h3><strong>Secin\u0101jums: K\u0101p\u0113c Alum\u012bnija veid\u0146u saites no Qingdao H&amp;F?<\/strong><\/h3>\n<p>Pareizo veid\u0146u sai\u0161u izv\u0113le ir b\u016btiska, lai nodro\u0161in\u0101tu j\u016bsu b\u016bvniec\u012bbas projektu pan\u0101kumus, un alum\u012bnija veid\u0146u saites pied\u0101v\u0101 t\u0101du iztur\u012bbas, ilgm\u016b\u017e\u012bbas un izmaksu efektivit\u0101tes kombin\u0101ciju, k\u0101du sp\u0113j nodro\u0161in\u0101t tikai da\u017ei citi materi\u0101li. Qingdao H&amp;F pied\u0101v\u0101 augst\u0101k\u0101s klases alum\u012bnija veid\u0146u saites, kas atbilst m\u016bsdienu b\u016bvniec\u012bbas vajadz\u012bb\u0101m, nodro\u0161inot, ka j\u016bsu projekti tiek \u012bstenoti ilgsto\u0161i. M\u0113s koncentr\u0113jamies uz kvalit\u0101ti, konkur\u0113tsp\u0113j\u012bg\u0101m cen\u0101m un nep\u0101rsp\u0113jamu klientu apkalpo\u0161anu, t\u0101p\u0113c esam j\u016bsu uzticams partneris b\u016bvniec\u012bbas izcil\u012bbas sasnieg\u0161an\u0101. Neatkar\u012bgi no t\u0101, vai str\u0101d\u0101jat pie maza m\u0113roga projekta vai liela infrastrukt\u016bras objekta, m\u016bsu alum\u012bnija veid\u0146u saites pal\u012bdz\u0113s jums vienm\u0113r sasniegt optim\u0101lus rezult\u0101tus.<\/p>","protected":false},"excerpt":{"rendered":"<p><strong>Prec\u012bzu betona sienu izm\u0113ru sasnieg\u0161ana un struktur\u0101l\u0101s integrit\u0101tes nodro\u0161in\u0101\u0161ana<\/strong> ar alum\u012bnija veid\u0146u sienu sait\u0113m, kas ir b\u016btiska alum\u012bnija veid\u0146u sist\u0113mu sast\u0101vda\u013ca. \u0160\u012bs saites darbojas kop\u0101 ar alum\u012bnija veid\u0146u tap\u0101m un alum\u012bnija veid\u0146u \u0137\u012b\u013ciem, lai izveidotu iztur\u012bgu un efekt\u012bvu sienu veid\u0146u sist\u0113mu.Alum\u012bnija veid\u0146u sienu saites ir pieejamas da\u017e\u0101dos izm\u0113ros. <strong>Sienas biezuma izm\u0113ri<\/strong> lai piel\u0101gotos da\u017e\u0101d\u0101m betona sienu konstrukcij\u0101m. Bie\u017e\u0101k sastopamie izm\u0113ri ir \u0161\u0101di. <strong>6\" - 24\"<\/strong>, kas \u013cauj viegli b\u016bv\u0113t da\u017e\u0101da biezuma sienas.<\/p>","protected":false},"featured_media":7168,"comment_status":"open","ping_status":"closed","template":"","meta":{"site-sidebar-layout":"default","site-content-layout":"","ast-site-content-layout":"default","site-content-style":"default","site-sidebar-style":"default","ast-global-header-display":"","ast-banner-title-visibility":"","ast-main-header-display":"","ast-hfb-above-header-display":"","ast-hfb-below-header-display":"","ast-hfb-mobile-header-display":"","site-post-title":"","ast-breadcrumbs-content":"","ast-featured-img":"","footer-sml-layout":"","theme-transparent-header-meta":"default","adv-header-id-meta":"","stick-header-meta":"default","header-above-stick-meta":"","header-main-stick-meta":"","header-below-stick-meta":"","astra-migrate-meta-layouts":"set","ast-page-background-enabled":"default","ast-page-background-meta":{"desktop":{"background-color":"","background-image":"","background-repeat":"repeat","background-position":"center center","background-size":"auto","background-attachment":"scroll","background-type":"","background-media":"","overlay-type":"","overlay-color":"","overlay-opacity":"","overlay-gradient":""},"tablet":{"background-color":"","background-image":"","background-repeat":"repeat","background-position":"center center","background-size":"auto","background-attachment":"scroll","background-type":"","background-media":"","overlay-type":"","overlay-color":"","overlay-opacity":"","overlay-gradient":""},"mobile":{"background-color":"","background-image":"","background-repeat":"repeat","background-position":"center center","background-size":"auto","background-attachment":"scroll","background-type":"","background-media":"","overlay-type":"","overlay-color":"","overlay-opacity":"","overlay-gradient":""}},"ast-content-background-meta":{"desktop":{"background-color":"var(--ast-global-color-5)","background-image":"","background-repeat":"repeat","background-position":"center center","background-size":"auto","background-attachment":"scroll","background-type":"","background-media":"","overlay-type":"","overlay-color":"","overlay-opacity":"","overlay-gradient":""},"tablet":{"background-color":"var(--ast-global-color-5)","background-image":"","background-repeat":"repeat","background-position":"center center","background-size":"auto","background-attachment":"scroll","background-type":"","background-media":"","overlay-type":"","overlay-color":"","overlay-opacity":"","overlay-gradient":""},"mobile":{"background-color":"var(--ast-global-color-5)","background-image":"","background-repeat":"repeat","background-position":"center center","background-size":"auto","background-attachment":"scroll","background-type":"","background-media":"","overlay-type":"","overlay-color":"","overlay-opacity":"","overlay-gradient":""}}},"product_brand":[],"product_cat":[65],"product_tag":[],"class_list":{"0":"post-7163","1":"product","2":"type-product","3":"status-publish","4":"has-post-thumbnail","6":"product_cat-aluminum-form-tie","7":"desktop-align-left","8":"tablet-align-left","9":"mobile-align-left","10":"ast-product-gallery-layout-horizontal-slider","11":"ast-product-tabs-layout-horizontal","13":"first","14":"instock","15":"shipping-taxable","16":"purchasable","17":"product-type-simple"},"yoast_head":"<!-- This site is optimized with the Yoast SEO plugin v25.2 - https:\/\/yoast.com\/wordpress\/plugins\/seo\/ -->\n<title>Aluminum Form Wall Ties<\/title>\n<meta name=\"description\" content=\"Aluminum Form Wall Ties are available in a range of Wall Thickness Sizes to accommodate various concrete wall designs. Common sizes include 6\u201d - 24\u201d.\" \/>\n<meta name=\"robots\" content=\"index, follow, max-snippet:-1, max-image-preview:large, max-video-preview:-1\" \/>\n<link rel=\"canonical\" href=\"https:\/\/qingdaohf.com\/lv\/products\/aluminija-formas-sienu-saites\/\" \/>\n<meta property=\"og:locale\" content=\"lv_LV\" \/>\n<meta property=\"og:type\" content=\"article\" \/>\n<meta property=\"og:title\" content=\"Aluminum Form Wall Ties\" \/>\n<meta property=\"og:description\" content=\"Aluminum Form Wall Ties are available in a range of Wall Thickness Sizes to accommodate various concrete wall designs. Common sizes include 6\u201d - 24\u201d.\" \/>\n<meta property=\"og:url\" content=\"https:\/\/qingdaohf.com\/lv\/products\/aluminija-formas-sienu-saites\/\" \/>\n<meta property=\"og:site_name\" content=\"Concrete Form &amp; Rigging Hardware Supplier\" \/>\n<meta property=\"article:publisher\" content=\"https:\/\/www.facebook.com\/qingdaohf\" \/>\n<meta property=\"article:modified_time\" content=\"2025-11-13T01:03:16+00:00\" \/>\n<meta property=\"og:image\" content=\"https:\/\/qingdaohf.com\/wp-content\/uploads\/2024\/05\/Aluminum-Form-Wall-Ties-1.jpg\" \/>\n\t<meta property=\"og:image:width\" content=\"1000\" \/>\n\t<meta property=\"og:image:height\" content=\"1000\" \/>\n\t<meta property=\"og:image:type\" content=\"image\/jpeg\" \/>\n<meta name=\"twitter:card\" content=\"summary_large_image\" \/>\n<meta name=\"twitter:label1\" content=\"Est. reading time\" \/>\n\t<meta name=\"twitter:data1\" content=\"4 min\u016btes\" \/>\n<script type=\"application\/ld+json\" class=\"yoast-schema-graph\">{\"@context\":\"https:\/\/schema.org\",\"@graph\":[{\"@type\":\"WebPage\",\"@id\":\"https:\/\/qingdaohf.com\/product\/aluminum-form-wall-ties\/\",\"url\":\"https:\/\/qingdaohf.com\/product\/aluminum-form-wall-ties\/\",\"name\":\"Aluminum Form Wall Ties\",\"isPartOf\":{\"@id\":\"https:\/\/qingdaohf.com\/bg\/#website\"},\"primaryImageOfPage\":{\"@id\":\"https:\/\/qingdaohf.com\/product\/aluminum-form-wall-ties\/#primaryimage\"},\"image\":{\"@id\":\"https:\/\/qingdaohf.com\/product\/aluminum-form-wall-ties\/#primaryimage\"},\"thumbnailUrl\":\"https:\/\/qingdaohf.com\/wp-content\/uploads\/2024\/05\/Aluminum-Form-Wall-Ties-1.jpg\",\"datePublished\":\"2024-05-20T05:42:36+00:00\",\"dateModified\":\"2025-11-13T01:03:16+00:00\",\"description\":\"Aluminum Form Wall Ties are available in a range of Wall Thickness Sizes to accommodate various concrete wall designs. Common sizes include 6\u201d - 24\u201d.\",\"breadcrumb\":{\"@id\":\"https:\/\/qingdaohf.com\/product\/aluminum-form-wall-ties\/#breadcrumb\"},\"inLanguage\":\"lv-LV\",\"potentialAction\":[{\"@type\":\"ReadAction\",\"target\":[\"https:\/\/qingdaohf.com\/product\/aluminum-form-wall-ties\/\"]}]},{\"@type\":\"ImageObject\",\"inLanguage\":\"lv-LV\",\"@id\":\"https:\/\/qingdaohf.com\/product\/aluminum-form-wall-ties\/#primaryimage\",\"url\":\"https:\/\/qingdaohf.com\/wp-content\/uploads\/2024\/05\/Aluminum-Form-Wall-Ties-1.jpg\",\"contentUrl\":\"https:\/\/qingdaohf.com\/wp-content\/uploads\/2024\/05\/Aluminum-Form-Wall-Ties-1.jpg\",\"width\":1000,\"height\":1000,\"caption\":\"Aluminum Form Wall Ties\"},{\"@type\":\"BreadcrumbList\",\"@id\":\"https:\/\/qingdaohf.com\/product\/aluminum-form-wall-ties\/#breadcrumb\",\"itemListElement\":[{\"@type\":\"ListItem\",\"position\":1,\"name\":\"Home\",\"item\":\"https:\/\/qingdaohf.com\/\"},{\"@type\":\"ListItem\",\"position\":2,\"name\":\"Concrete Forming Accessories and Rigging Hardware\",\"item\":\"https:\/\/qingdaohf.com\/bg\/?page_id=944\"},{\"@type\":\"ListItem\",\"position\":3,\"name\":\"Aluminum Form Wall Ties\"}]},{\"@type\":\"WebSite\",\"@id\":\"https:\/\/qingdaohf.com\/bg\/#website\",\"url\":\"https:\/\/qingdaohf.com\/bg\/\",\"name\":\"Concrete Form & Rigging Hardware Supplier\",\"description\":\"\",\"publisher\":{\"@id\":\"https:\/\/qingdaohf.com\/bg\/#organization\"},\"potentialAction\":[{\"@type\":\"SearchAction\",\"target\":{\"@type\":\"EntryPoint\",\"urlTemplate\":\"https:\/\/qingdaohf.com\/bg\/?s={search_term_string}\"},\"query-input\":{\"@type\":\"PropertyValueSpecification\",\"valueRequired\":true,\"valueName\":\"search_term_string\"}}],\"inLanguage\":\"lv-LV\"},{\"@type\":\"Organization\",\"@id\":\"https:\/\/qingdaohf.com\/bg\/#organization\",\"name\":\"Qingdao H&F\",\"url\":\"https:\/\/qingdaohf.com\/bg\/\",\"logo\":{\"@type\":\"ImageObject\",\"inLanguage\":\"lv-LV\",\"@id\":\"https:\/\/qingdaohf.com\/bg\/#\/schema\/logo\/image\/\",\"url\":\"https:\/\/qingdaohf.com\/wp-content\/uploads\/2022\/12\/cropped-HF-LOGO.png\",\"contentUrl\":\"https:\/\/qingdaohf.com\/wp-content\/uploads\/2022\/12\/cropped-HF-LOGO.png\",\"width\":391,\"height\":249,\"caption\":\"Qingdao H&F\"},\"image\":{\"@id\":\"https:\/\/qingdaohf.com\/bg\/#\/schema\/logo\/image\/\"},\"sameAs\":[\"https:\/\/www.facebook.com\/qingdaohf\"]}]}<\/script>\n<!-- \/ Yoast SEO plugin. -->","yoast_head_json":{"title":"Aluminum Form Wall Ties","description":"Aluminum Form Wall Ties are available in a range of Wall Thickness Sizes to accommodate various concrete wall designs. Common sizes include 6\u201d - 24\u201d.","robots":{"index":"index","follow":"follow","max-snippet":"max-snippet:-1","max-image-preview":"max-image-preview:large","max-video-preview":"max-video-preview:-1"},"canonical":"https:\/\/qingdaohf.com\/lv\/products\/aluminija-formas-sienu-saites\/","og_locale":"lv_LV","og_type":"article","og_title":"Aluminum Form Wall Ties","og_description":"Aluminum Form Wall Ties are available in a range of Wall Thickness Sizes to accommodate various concrete wall designs. Common sizes include 6\u201d - 24\u201d.","og_url":"https:\/\/qingdaohf.com\/lv\/products\/aluminija-formas-sienu-saites\/","og_site_name":"Concrete Form &amp; Rigging Hardware Supplier","article_publisher":"https:\/\/www.facebook.com\/qingdaohf","article_modified_time":"2025-11-13T01:03:16+00:00","og_image":[{"width":1000,"height":1000,"url":"https:\/\/qingdaohf.com\/wp-content\/uploads\/2024\/05\/Aluminum-Form-Wall-Ties-1.jpg","type":"image\/jpeg"}],"twitter_card":"summary_large_image","twitter_misc":{"Est. reading time":"4 min\u016btes"},"schema":{"@context":"https:\/\/schema.org","@graph":[{"@type":"WebPage","@id":"https:\/\/qingdaohf.com\/product\/aluminum-form-wall-ties\/","url":"https:\/\/qingdaohf.com\/product\/aluminum-form-wall-ties\/","name":"Aluminum Form Wall Ties","isPartOf":{"@id":"https:\/\/qingdaohf.com\/bg\/#website"},"primaryImageOfPage":{"@id":"https:\/\/qingdaohf.com\/product\/aluminum-form-wall-ties\/#primaryimage"},"image":{"@id":"https:\/\/qingdaohf.com\/product\/aluminum-form-wall-ties\/#primaryimage"},"thumbnailUrl":"https:\/\/qingdaohf.com\/wp-content\/uploads\/2024\/05\/Aluminum-Form-Wall-Ties-1.jpg","datePublished":"2024-05-20T05:42:36+00:00","dateModified":"2025-11-13T01:03:16+00:00","description":"Aluminum Form Wall Ties are available in a range of Wall Thickness Sizes to accommodate various concrete wall designs. Common sizes include 6\u201d - 24\u201d.","breadcrumb":{"@id":"https:\/\/qingdaohf.com\/product\/aluminum-form-wall-ties\/#breadcrumb"},"inLanguage":"lv-LV","potentialAction":[{"@type":"ReadAction","target":["https:\/\/qingdaohf.com\/product\/aluminum-form-wall-ties\/"]}]},{"@type":"ImageObject","inLanguage":"lv-LV","@id":"https:\/\/qingdaohf.com\/product\/aluminum-form-wall-ties\/#primaryimage","url":"https:\/\/qingdaohf.com\/wp-content\/uploads\/2024\/05\/Aluminum-Form-Wall-Ties-1.jpg","contentUrl":"https:\/\/qingdaohf.com\/wp-content\/uploads\/2024\/05\/Aluminum-Form-Wall-Ties-1.jpg","width":1000,"height":1000,"caption":"Aluminum Form Wall Ties"},{"@type":"BreadcrumbList","@id":"https:\/\/qingdaohf.com\/product\/aluminum-form-wall-ties\/#breadcrumb","itemListElement":[{"@type":"ListItem","position":1,"name":"Home","item":"https:\/\/qingdaohf.com\/"},{"@type":"ListItem","position":2,"name":"Concrete Forming Accessories and Rigging Hardware","item":"https:\/\/qingdaohf.com\/bg\/?page_id=944"},{"@type":"ListItem","position":3,"name":"Aluminum Form Wall Ties"}]},{"@type":"WebSite","@id":"https:\/\/qingdaohf.com\/bg\/#website","url":"https:\/\/qingdaohf.com\/bg\/","name":"Concrete Form & Rigging Hardware Supplier","description":"","publisher":{"@id":"https:\/\/qingdaohf.com\/bg\/#organization"},"potentialAction":[{"@type":"SearchAction","target":{"@type":"EntryPoint","urlTemplate":"https:\/\/qingdaohf.com\/bg\/?s={search_term_string}"},"query-input":{"@type":"PropertyValueSpecification","valueRequired":true,"valueName":"search_term_string"}}],"inLanguage":"lv-LV"},{"@type":"Organization","@id":"https:\/\/qingdaohf.com\/bg\/#organization","name":"Qingdao H&F","url":"https:\/\/qingdaohf.com\/bg\/","logo":{"@type":"ImageObject","inLanguage":"lv-LV","@id":"https:\/\/qingdaohf.com\/bg\/#\/schema\/logo\/image\/","url":"https:\/\/qingdaohf.com\/wp-content\/uploads\/2022\/12\/cropped-HF-LOGO.png","contentUrl":"https:\/\/qingdaohf.com\/wp-content\/uploads\/2022\/12\/cropped-HF-LOGO.png","width":391,"height":249,"caption":"Qingdao H&F"},"image":{"@id":"https:\/\/qingdaohf.com\/bg\/#\/schema\/logo\/image\/"},"sameAs":["https:\/\/www.facebook.com\/qingdaohf"]}]}},"_links":{"self":[{"href":"https:\/\/qingdaohf.com\/lv\/wp-json\/wp\/v2\/product\/7163","targetHints":{"allow":["GET"]}}],"collection":[{"href":"https:\/\/qingdaohf.com\/lv\/wp-json\/wp\/v2\/product"}],"about":[{"href":"https:\/\/qingdaohf.com\/lv\/wp-json\/wp\/v2\/types\/product"}],"replies":[{"embeddable":true,"href":"https:\/\/qingdaohf.com\/lv\/wp-json\/wp\/v2\/comments?post=7163"}],"version-history":[{"count":3,"href":"https:\/\/qingdaohf.com\/lv\/wp-json\/wp\/v2\/product\/7163\/revisions"}],"predecessor-version":[{"id":8094,"href":"https:\/\/qingdaohf.com\/lv\/wp-json\/wp\/v2\/product\/7163\/revisions\/8094"}],"wp:featuredmedia":[{"embeddable":true,"href":"https:\/\/qingdaohf.com\/lv\/wp-json\/wp\/v2\/media\/7168"}],"wp:attachment":[{"href":"https:\/\/qingdaohf.com\/lv\/wp-json\/wp\/v2\/media?parent=7163"}],"wp:term":[{"taxonomy":"product_brand","embeddable":true,"href":"https:\/\/qingdaohf.com\/lv\/wp-json\/wp\/v2\/product_brand?post=7163"},{"taxonomy":"product_cat","embeddable":true,"href":"https:\/\/qingdaohf.com\/lv\/wp-json\/wp\/v2\/product_cat?post=7163"},{"taxonomy":"product_tag","embeddable":true,"href":"https:\/\/qingdaohf.com\/lv\/wp-json\/wp\/v2\/product_tag?post=7163"}],"curies":[{"name":"wp","href":"https:\/\/api.w.org\/{rel}","templated":true}]}}