{"id":7352,"date":"2024-05-27T11:44:05","date_gmt":"2024-05-27T03:44:05","guid":{"rendered":"http:\/\/qingdaohf.com\/?post_type=product&#038;p=7352"},"modified":"2025-11-13T09:03:16","modified_gmt":"2025-11-13T01:03:16","slug":"concrete-forming-stake","status":"publish","type":"product","link":"https:\/\/qingdaohf.com\/lv\/products\/betona-veidojosais-stabs\/","title":{"rendered":"Betona veidojot Stake apa\u013ca t\u0113rauda Stake"},"content":{"rendered":"<h2>Betona veid\u0146u veidi<\/h2>\n<p>Betona veid\u0146u mieti ir da\u017e\u0101du formu un materi\u0101lu, un katrs no tiem ir paredz\u0113ts konkr\u0113t\u0101m b\u016bvniec\u012bbas vajadz\u012bb\u0101m. Galvenie betona veid\u0146u mietu veidi ir apa\u013cie t\u0113rauda mieti, kvadr\u0101tveida t\u0113rauda mieti, plakani I-veida siju mieti un plakani t\u0113rauda mieti. Katram tipam ir unik\u0101las \u012bpa\u0161\u012bbas, kas to padara piem\u0113rotu konkr\u0113tiem lietojumiem.<\/p>\n<h3>Apa\u013c\u0161 t\u0113rauda miets<\/h3>\n<p>Apa\u013cie t\u0113rauda mieti ir visizplat\u012bt\u0101kais betona veid\u0146u mietu veids, ko izmanto b\u016bvniec\u012bb\u0101. Tie ir paz\u012bstami ar savu iztur\u012bbu un iztur\u012bbu, t\u0101p\u0113c tie ir ide\u0101li piem\u0113roti smagiem darbiem. Ra\u017eot\u0101ji parasti izgatavo \u0161os mieti\u0146us no augstas kvalit\u0101tes t\u0113rauda, kas nodro\u0161ina izcilu iztur\u012bbu pret lieci un l\u016b\u0161anu spiediena ietekm\u0113.<\/p>\n<h3>Kvadr\u0101tveida t\u0113rauda miets<\/h3>\n<p>Kvadr\u0101tveida t\u0113rauda mieti ir alternat\u012bva apa\u013cajiem t\u0113rauda mietiem, pied\u0101v\u0101jot at\u0161\u0137ir\u012bgu formu, kas var b\u016bt izdev\u012bga noteikt\u0101s situ\u0101cij\u0101s. Kvadr\u0101tveida forma nodro\u0161ina papildu virsmas laukumu lab\u0101kai sa\u0137erei un stabilit\u0101tei augsn\u0113. Tas padara tos \u012bpa\u0161i noder\u012bgus m\u012bkst\u0101k\u0101 augsn\u0113, kur nepiecie\u0161ama papildu notur\u012bbas sp\u0113ja.<\/p>\n<h3>Plakan\u0101 I-sijas statnis<\/h3>\n<p>Plakanie I-veida siju mieti, paz\u012bstami ar\u012b k\u0101 I-veida siju formas mieti, ir paredz\u0113ti maksim\u0101lam stiprumam un stabilit\u0101tei. To unik\u0101l\u0101 I-veida sijas forma \u013cauj tiem iztur\u0113t liel\u0101kas slodzes un nodro\u0161in\u0101t iztur\u012bbu pret saliek\u0161anos. Liela m\u0113roga b\u016bvprojektos, kur stabilit\u0101te un iztur\u012bba ir \u013coti svar\u012bga, bie\u017ei tiek izmantoti \u0161ie mieti.<\/p>\n<h3>Plakan\u0101 t\u0113rauda miets<\/h3>\n<p>Plakanie t\u0113rauda mieti ir v\u0113l viena popul\u0101ra izv\u0113le betona form\u0113\u0161anai. To plakanais dizains \u013cauj tos viegli iedz\u012bt zem\u0113 un nodro\u0161ina pla\u0161u virsmas laukumu veid\u0146u nostiprin\u0101\u0161anai. \u0160ie mieti ir daudzpus\u012bgi un izmantojami da\u017e\u0101dos b\u016bvniec\u012bbas veido\u0161anas veidos, t\u0101p\u0113c tie ir daudzu celtniec\u012bbas darbar\u012bku komplektu neat\u0146emama sast\u0101vda\u013ca.<\/p>\n<h2>Bie\u017e\u0101k sastopamie betona veidojo\u0161\u0101 mieta izm\u0113ri<\/h2>\n<p>Betona veid\u0146i ir da\u017e\u0101da izm\u0113ra, lai tos var\u0113tu piel\u0101got da\u017e\u0101d\u0101m b\u016bvniec\u012bbas vajadz\u012bb\u0101m. Izplat\u012bt\u0101kie izm\u0113ri ir 18 collas, 24 collas un 36 collas. Katrs izm\u0113rs kalpo konkr\u0113tiem m\u0113r\u0137iem un nodro\u0161ina at\u0161\u0137ir\u012bgu atbalsta l\u012bmeni veid\u0146iem.<\/p>\n<h3>18 collu mieti<\/h3>\n<p>18 collu mieti parasti tiek izmantoti maz\u0101kos projektos vai situ\u0101cij\u0101s, kad veid\u0146us nav nepiecie\u0161ams nostiprin\u0101t dzi\u013ci zem\u0113. Tie ir viegli lietojami un uzst\u0101d\u0101mi, t\u0101p\u0113c ir ide\u0101li piem\u0113roti \u0101trai un vienk\u0101r\u0161ai betona ielej\u0161anai. Neraugoties uz to maz\u0101ko izm\u0113ru, tie joproj\u0101m nodro\u0161ina iev\u0113rojamu tur\u0113\u0161anas sp\u0113ku liel\u0101kajai da\u013cai nelielas slodzes darbu.<\/p>\n<h3>24 collu mieti<\/h3>\n<p>24 collu mieti ir univers\u0101ls risin\u0101jums, ko var izmantot da\u017e\u0101dos b\u016bvniec\u012bbas projektos. Tie nodro\u0161ina labu l\u012bdzsvaru starp lieto\u0161anas \u0113rtumu un tur\u0113\u0161anas sp\u0113ku, t\u0101p\u0113c ir piem\u0113roti vid\u0113ja izm\u0113ra ielejumiem un visp\u0101r\u0113jiem celtniec\u012bbas darbiem. B\u016bvuz\u0146\u0113m\u0113ji bie\u017ei dod priek\u0161roku \u0161iem mieti\u0146iem, jo tie ir piel\u0101gojami un efekt\u012bvi da\u017e\u0101dos augsnes apst\u0101k\u013cos.<\/p>\n<h3>36 collu mieti<\/h3>\n<p>36 collu mieti ir paredz\u0113ti smagiem pielietojumiem, kad nepiecie\u0161ama dzi\u013ca iespie\u0161an\u0101s zem\u0113. \u0160ie mieti nodro\u0161ina maksim\u0101lu stabilit\u0101ti un atbalstu liela izm\u0113ra veid\u0146iem un betona l\u0113jumiem. Tie ir ide\u0101li piem\u0113roti lieto\u0161anai sare\u017e\u0123\u012btos augsnes apst\u0101k\u013cos vai str\u0101d\u0101jot ar liela apjoma betona l\u0113jumiem, kam nepiecie\u0161ams papildu pastiprin\u0101jums.<\/p>\n<h2>Betona veidojo\u0161\u0101s likmes pielietojums<\/h2>\n<p>Betona veid\u0146iem ir iz\u0161\u0137iro\u0161a noz\u012bme da\u017e\u0101dos b\u016bvniec\u012bbas veidos. To galven\u0101 funkcija ir notur\u0113t veid\u0146us viet\u0101, nodro\u0161inot, ka betons nost\u0101jas pareizi un saglab\u0101 v\u0113lamo formu. \u0160eit ir min\u0113ti da\u017ei bie\u017e\u0101k sastopamie betona veid\u0146u mieti:<\/p>\n<h3>Fonda darbi<\/h3>\n<p>Betona veid\u0146u mieti ir \u013coti svar\u012bgi pamatu darbos, kur ir svar\u012bgi prec\u012bzi un stabili veid\u0146i. Tie nostiprina koka vai met\u0101la veidnes, kas veido \u0113ku betona pamatus, nodro\u0161inot, ka pamati ir l\u012bdzeni un pareizi izl\u012bdzin\u0101ti.<\/p>\n<h3>Piebraucamie ce\u013ci un ietves<\/h3>\n<p>Dz\u012bvojamo un komerci\u0101lo \u0113ku projektos betona veid\u0146u mieti tiek izmantoti, lai izveidotu gludus un iztur\u012bgus piebraucamos ce\u013cus un ietves. Pieturot veid\u0146us viet\u0101, \u0161ie mieti pal\u012bdz nodro\u0161in\u0101t, ka betons tiek izliets pareizos izm\u0113ros un ka gatav\u0101 virsma ir vienm\u0113r\u012bga un pareizi \u0161\u0137irota.<\/p>\n<h3>Balstu sienas<\/h3>\n<p>Balstu sien\u0101m ir nepiecie\u0161ami stingri un stabili veid\u0146i, kas notur betonu t\u0101 saciet\u0113\u0161anas laik\u0101. Betona veid\u0146u mieti nodro\u0161ina nepiecie\u0161amo atbalstu, lai ne\u013cautu veid\u0146iem nob\u012bd\u012bties vai sabrukt, t\u0101d\u0113j\u0101di veidojot iztur\u012bgu un stabilu atbalsta sienu, kas sp\u0113j iztur\u0113t augsnes rad\u012bto spiedienu.<\/p>\n<h3>Pl\u0101tnes un gr\u012bdas<\/h3>\n<p>Liekot betona pl\u0101tnes un gr\u012bdas, prec\u012bzi un stabili veid\u0146i nodro\u0161ina l\u012bdzenu virsmu. Betona veid\u0146u mieti pal\u012bdz uztur\u0113t veid\u0146u st\u0101vokli, nov\u0113r\u0161ot jebk\u0101du kust\u012bbu, kas var\u0113tu rad\u012bt nevienm\u0113r\u012bgu vai nepareizi saciet\u0113ju\u0161u betonu.<\/p>\n<h3>Borturi un notekcaurules<\/h3>\n<p>Betona veid\u0146u mieti tiek izmantoti ar\u012b apmales un notekcauru\u013cu b\u016bvniec\u012bb\u0101, kur ir nepiecie\u0161ami prec\u012bzi veid\u0146i, lai izveidotu v\u0113lam\u0101s formas un le\u0146\u0137us. Nodro\u0161inot veid\u0146us, \u0161ie mieti pal\u012bdz nodro\u0161in\u0101t pareizu betona saciet\u0113\u0161anu un to, ka galaprodukts ir gan funkcion\u0101ls, gan est\u0113tiski pievilc\u012bgs.<\/p>\n<h3>Tilti un p\u0101rvadi<\/h3>\n<p>Lieliem infrastrukt\u016bras projektiem, piem\u0113ram, tiltiem un estak\u0101d\u0113m, ir nepiecie\u0161ami iztur\u012bgi veid\u0146i, lai iztur\u0113tu lielu betona svaru un apjomu. Betona veid\u0146u mieti nodro\u0161ina nepiecie\u0161amo atbalstu, lai notur\u0113tu veid\u0146us sav\u0101 viet\u0101, nodro\u0161inot, ka betons pien\u0101c\u012bgi nost\u0101jas un ka pabeigt\u0101 konstrukcija ir stipra un stabila.<\/p>\n<h3>Kolonas un sijas<\/h3>\n<p>Kolonnu un siju b\u016bvniec\u012bb\u0101 ar betona veid\u0146iem nostiprina vertik\u0101los un horizont\u0101los veid\u0146us, kas veido \u0161os konstrukcijas elementus. Uzturot veid\u0146u st\u0101vokli, \u0161ie mieti pal\u012bdz nodro\u0161in\u0101t pareizu betona saciet\u0113\u0161anu un to, ka kolonnas un sijas ir stipras un pareizi izl\u012bdzin\u0101tas.<\/p>\n<h3>Dekorat\u012bvie betona darbi<\/h3>\n<p>Betona veid\u0146us izmanto ar\u012b dekorat\u012bv\u0101 betona darbos, piem\u0113ram, \u0161tanc\u0113t\u0101m vai kr\u0101sot\u0101m betona virsm\u0101m. \u0160ie mieti, nostiprinot veid\u0146us, pal\u012bdz nodro\u0161in\u0101t, ka dekorat\u012bvie elementi ir prec\u012bzi veidoti un ka gatav\u0101 virsma atbilst v\u0113lamajiem est\u0113tiskajiem standartiem.<\/p>\n<h2>Secin\u0101jums<\/h2>\n<p>Betona veid\u0146u mieti ir neaizst\u0101jams pal\u012bgr\u012bks b\u016bvniec\u012bbas nozar\u0113, kas nodro\u0161ina nepiecie\u0161amo atbalstu un stabilit\u0101ti veid\u0146iem visda\u017e\u0101d\u0101kajos lietojumos. Neatkar\u012bgi no t\u0101, vai str\u0101d\u0101jat pie neliela dz\u012bvojam\u0101 projekta vai lielas komerci\u0101las infrastrukt\u016bras, pareizais betona veid\u0146u mietu veids un izm\u0113rs var b\u016btiski ietekm\u0113t j\u016bsu betona konstrukciju kvalit\u0101ti un stabilit\u0101ti. Izpratne par da\u017e\u0101diem mietu veidiem un to pielietojumu pal\u012bdz\u0113s jums izv\u0113l\u0113ties lab\u0101kos variantus sav\u0101m konkr\u0113taj\u0101m b\u016bvniec\u012bbas vajadz\u012bb\u0101m.<\/p>","protected":false},"excerpt":{"rendered":"<p>Betona veid\u0146u mieti ir b\u016btiski instrumenti b\u016bvniec\u012bbas nozar\u0113, ko izmanto, lai nostiprin\u0101tu un stabiliz\u0113tu betona beton\u0113\u0161anas veid\u0146us. \u0160ie mieti nodro\u0161ina pareizu betona saciet\u0113\u0161anu, nodro\u0161inot nepiecie\u0161amo formu un atbalstu da\u017e\u0101diem b\u016bvniec\u012bbas projektiem. \u0160aj\u0101 rokasgr\u0101mat\u0101 apl\u016bkosim da\u017e\u0101dus betona veid\u0146u mietu veid\u0146u veid\u0146u veidus, to izplat\u012bt\u0101kos izm\u0113rus un daudzveid\u012bgo pielietojumu b\u016bvniec\u012bb\u0101.<\/p>","protected":false},"featured_media":7353,"comment_status":"open","ping_status":"closed","template":"","meta":{"site-sidebar-layout":"default","site-content-layout":"","ast-site-content-layout":"default","site-content-style":"default","site-sidebar-style":"default","ast-global-header-display":"","ast-banner-title-visibility":"","ast-main-header-display":"","ast-hfb-above-header-display":"","ast-hfb-below-header-display":"","ast-hfb-mobile-header-display":"","site-post-title":"","ast-breadcrumbs-content":"","ast-featured-img":"","footer-sml-layout":"","theme-transparent-header-meta":"default","adv-header-id-meta":"","stick-header-meta":"default","header-above-stick-meta":"","header-main-stick-meta":"","header-below-stick-meta":"","astra-migrate-meta-layouts":"set","ast-page-background-enabled":"default","ast-page-background-meta":{"desktop":{"background-color":"","background-image":"","background-repeat":"repeat","background-position":"center center","background-size":"auto","background-attachment":"scroll","background-type":"","background-media":"","overlay-type":"","overlay-color":"","overlay-opacity":"","overlay-gradient":""},"tablet":{"background-color":"","background-image":"","background-repeat":"repeat","background-position":"center center","background-size":"auto","background-attachment":"scroll","background-type":"","background-media":"","overlay-type":"","overlay-color":"","overlay-opacity":"","overlay-gradient":""},"mobile":{"background-color":"","background-image":"","background-repeat":"repeat","background-position":"center center","background-size":"auto","background-attachment":"scroll","background-type":"","background-media":"","overlay-type":"","overlay-color":"","overlay-opacity":"","overlay-gradient":""}},"ast-content-background-meta":{"desktop":{"background-color":"var(--ast-global-color-5)","background-image":"","background-repeat":"repeat","background-position":"center center","background-size":"auto","background-attachment":"scroll","background-type":"","background-media":"","overlay-type":"","overlay-color":"","overlay-opacity":"","overlay-gradient":""},"tablet":{"background-color":"var(--ast-global-color-5)","background-image":"","background-repeat":"repeat","background-position":"center center","background-size":"auto","background-attachment":"scroll","background-type":"","background-media":"","overlay-type":"","overlay-color":"","overlay-opacity":"","overlay-gradient":""},"mobile":{"background-color":"var(--ast-global-color-5)","background-image":"","background-repeat":"repeat","background-position":"center center","background-size":"auto","background-attachment":"scroll","background-type":"","background-media":"","overlay-type":"","overlay-color":"","overlay-opacity":"","overlay-gradient":""}}},"product_brand":[],"product_cat":[53],"product_tag":[],"class_list":{"0":"post-7352","1":"product","2":"type-product","3":"status-publish","4":"has-post-thumbnail","6":"product_cat-steel-stake","7":"desktop-align-left","8":"tablet-align-left","9":"mobile-align-left","10":"ast-product-gallery-layout-horizontal-slider","11":"ast-product-tabs-layout-horizontal","13":"first","14":"instock","15":"featured","16":"shipping-taxable","17":"purchasable","18":"product-type-simple"},"yoast_head":"<!-- This site is optimized with the Yoast SEO plugin v25.2 - https:\/\/yoast.com\/wordpress\/plugins\/seo\/ -->\n<title>Concrete Forming Stake Round Steel Stake<\/title>\n<meta name=\"description\" content=\"Concrete forming stakes are essential tools in the construction industry, used to secure and stabilize formwork for concrete pours.\" \/>\n<meta name=\"robots\" content=\"index, follow, max-snippet:-1, max-image-preview:large, max-video-preview:-1\" \/>\n<link rel=\"canonical\" href=\"https:\/\/qingdaohf.com\/lv\/products\/betona-veidojosais-stabs\/\" \/>\n<meta property=\"og:locale\" content=\"lv_LV\" \/>\n<meta property=\"og:type\" content=\"article\" \/>\n<meta property=\"og:title\" content=\"Concrete Forming Stake Round Steel Stake\" \/>\n<meta property=\"og:description\" content=\"Concrete forming stakes are essential tools in the construction industry, used to secure and stabilize formwork for concrete pours.\" \/>\n<meta property=\"og:url\" content=\"https:\/\/qingdaohf.com\/lv\/products\/betona-veidojosais-stabs\/\" \/>\n<meta property=\"og:site_name\" content=\"Concrete Form &amp; Rigging Hardware Supplier\" \/>\n<meta property=\"article:publisher\" content=\"https:\/\/www.facebook.com\/qingdaohf\" \/>\n<meta property=\"article:modified_time\" content=\"2025-11-13T01:03:16+00:00\" \/>\n<meta property=\"og:image\" content=\"https:\/\/qingdaohf.com\/wp-content\/uploads\/2024\/05\/Concrete-Forming-Stake.jpg\" \/>\n\t<meta property=\"og:image:width\" content=\"1000\" \/>\n\t<meta property=\"og:image:height\" content=\"1000\" \/>\n\t<meta property=\"og:image:type\" content=\"image\/jpeg\" \/>\n<meta name=\"twitter:card\" content=\"summary_large_image\" \/>\n<meta name=\"twitter:label1\" content=\"Est. reading time\" \/>\n\t<meta name=\"twitter:data1\" content=\"5 min\u016btes\" \/>\n<script type=\"application\/ld+json\" class=\"yoast-schema-graph\">{\"@context\":\"https:\/\/schema.org\",\"@graph\":[{\"@type\":\"WebPage\",\"@id\":\"https:\/\/qingdaohf.com\/product\/concrete-forming-stake\/\",\"url\":\"https:\/\/qingdaohf.com\/product\/concrete-forming-stake\/\",\"name\":\"Concrete Forming Stake Round Steel Stake\",\"isPartOf\":{\"@id\":\"https:\/\/qingdaohf.com\/bg\/#website\"},\"primaryImageOfPage\":{\"@id\":\"https:\/\/qingdaohf.com\/product\/concrete-forming-stake\/#primaryimage\"},\"image\":{\"@id\":\"https:\/\/qingdaohf.com\/product\/concrete-forming-stake\/#primaryimage\"},\"thumbnailUrl\":\"https:\/\/qingdaohf.com\/wp-content\/uploads\/2024\/05\/Concrete-Forming-Stake.jpg\",\"datePublished\":\"2024-05-27T03:44:05+00:00\",\"dateModified\":\"2025-11-13T01:03:16+00:00\",\"description\":\"Concrete forming stakes are essential tools in the construction industry, used to secure and stabilize formwork for concrete pours.\",\"breadcrumb\":{\"@id\":\"https:\/\/qingdaohf.com\/product\/concrete-forming-stake\/#breadcrumb\"},\"inLanguage\":\"lv-LV\",\"potentialAction\":[{\"@type\":\"ReadAction\",\"target\":[\"https:\/\/qingdaohf.com\/product\/concrete-forming-stake\/\"]}]},{\"@type\":\"ImageObject\",\"inLanguage\":\"lv-LV\",\"@id\":\"https:\/\/qingdaohf.com\/product\/concrete-forming-stake\/#primaryimage\",\"url\":\"https:\/\/qingdaohf.com\/wp-content\/uploads\/2024\/05\/Concrete-Forming-Stake.jpg\",\"contentUrl\":\"https:\/\/qingdaohf.com\/wp-content\/uploads\/2024\/05\/Concrete-Forming-Stake.jpg\",\"width\":1000,\"height\":1000},{\"@type\":\"BreadcrumbList\",\"@id\":\"https:\/\/qingdaohf.com\/product\/concrete-forming-stake\/#breadcrumb\",\"itemListElement\":[{\"@type\":\"ListItem\",\"position\":1,\"name\":\"Home\",\"item\":\"https:\/\/qingdaohf.com\/\"},{\"@type\":\"ListItem\",\"position\":2,\"name\":\"Concrete Forming Accessories and Rigging Hardware\",\"item\":\"https:\/\/qingdaohf.com\/bg\/?page_id=944\"},{\"@type\":\"ListItem\",\"position\":3,\"name\":\"Concrete Forming Stake Round Steel Stake\"}]},{\"@type\":\"WebSite\",\"@id\":\"https:\/\/qingdaohf.com\/bg\/#website\",\"url\":\"https:\/\/qingdaohf.com\/bg\/\",\"name\":\"Concrete Form & Rigging Hardware Supplier\",\"description\":\"\",\"publisher\":{\"@id\":\"https:\/\/qingdaohf.com\/bg\/#organization\"},\"potentialAction\":[{\"@type\":\"SearchAction\",\"target\":{\"@type\":\"EntryPoint\",\"urlTemplate\":\"https:\/\/qingdaohf.com\/bg\/?s={search_term_string}\"},\"query-input\":{\"@type\":\"PropertyValueSpecification\",\"valueRequired\":true,\"valueName\":\"search_term_string\"}}],\"inLanguage\":\"lv-LV\"},{\"@type\":\"Organization\",\"@id\":\"https:\/\/qingdaohf.com\/bg\/#organization\",\"name\":\"Qingdao H&F\",\"url\":\"https:\/\/qingdaohf.com\/bg\/\",\"logo\":{\"@type\":\"ImageObject\",\"inLanguage\":\"lv-LV\",\"@id\":\"https:\/\/qingdaohf.com\/bg\/#\/schema\/logo\/image\/\",\"url\":\"https:\/\/qingdaohf.com\/wp-content\/uploads\/2022\/12\/cropped-HF-LOGO.png\",\"contentUrl\":\"https:\/\/qingdaohf.com\/wp-content\/uploads\/2022\/12\/cropped-HF-LOGO.png\",\"width\":391,\"height\":249,\"caption\":\"Qingdao H&F\"},\"image\":{\"@id\":\"https:\/\/qingdaohf.com\/bg\/#\/schema\/logo\/image\/\"},\"sameAs\":[\"https:\/\/www.facebook.com\/qingdaohf\"]}]}<\/script>\n<!-- \/ Yoast SEO plugin. -->","yoast_head_json":{"title":"Concrete Forming Stake Round Steel Stake","description":"Concrete forming stakes are essential tools in the construction industry, used to secure and stabilize formwork for concrete pours.","robots":{"index":"index","follow":"follow","max-snippet":"max-snippet:-1","max-image-preview":"max-image-preview:large","max-video-preview":"max-video-preview:-1"},"canonical":"https:\/\/qingdaohf.com\/lv\/products\/betona-veidojosais-stabs\/","og_locale":"lv_LV","og_type":"article","og_title":"Concrete Forming Stake Round Steel Stake","og_description":"Concrete forming stakes are essential tools in the construction industry, used to secure and stabilize formwork for concrete pours.","og_url":"https:\/\/qingdaohf.com\/lv\/products\/betona-veidojosais-stabs\/","og_site_name":"Concrete Form &amp; Rigging Hardware Supplier","article_publisher":"https:\/\/www.facebook.com\/qingdaohf","article_modified_time":"2025-11-13T01:03:16+00:00","og_image":[{"width":1000,"height":1000,"url":"https:\/\/qingdaohf.com\/wp-content\/uploads\/2024\/05\/Concrete-Forming-Stake.jpg","type":"image\/jpeg"}],"twitter_card":"summary_large_image","twitter_misc":{"Est. reading time":"5 min\u016btes"},"schema":{"@context":"https:\/\/schema.org","@graph":[{"@type":"WebPage","@id":"https:\/\/qingdaohf.com\/product\/concrete-forming-stake\/","url":"https:\/\/qingdaohf.com\/product\/concrete-forming-stake\/","name":"Concrete Forming Stake Round Steel Stake","isPartOf":{"@id":"https:\/\/qingdaohf.com\/bg\/#website"},"primaryImageOfPage":{"@id":"https:\/\/qingdaohf.com\/product\/concrete-forming-stake\/#primaryimage"},"image":{"@id":"https:\/\/qingdaohf.com\/product\/concrete-forming-stake\/#primaryimage"},"thumbnailUrl":"https:\/\/qingdaohf.com\/wp-content\/uploads\/2024\/05\/Concrete-Forming-Stake.jpg","datePublished":"2024-05-27T03:44:05+00:00","dateModified":"2025-11-13T01:03:16+00:00","description":"Concrete forming stakes are essential tools in the construction industry, used to secure and stabilize formwork for concrete pours.","breadcrumb":{"@id":"https:\/\/qingdaohf.com\/product\/concrete-forming-stake\/#breadcrumb"},"inLanguage":"lv-LV","potentialAction":[{"@type":"ReadAction","target":["https:\/\/qingdaohf.com\/product\/concrete-forming-stake\/"]}]},{"@type":"ImageObject","inLanguage":"lv-LV","@id":"https:\/\/qingdaohf.com\/product\/concrete-forming-stake\/#primaryimage","url":"https:\/\/qingdaohf.com\/wp-content\/uploads\/2024\/05\/Concrete-Forming-Stake.jpg","contentUrl":"https:\/\/qingdaohf.com\/wp-content\/uploads\/2024\/05\/Concrete-Forming-Stake.jpg","width":1000,"height":1000},{"@type":"BreadcrumbList","@id":"https:\/\/qingdaohf.com\/product\/concrete-forming-stake\/#breadcrumb","itemListElement":[{"@type":"ListItem","position":1,"name":"Home","item":"https:\/\/qingdaohf.com\/"},{"@type":"ListItem","position":2,"name":"Concrete Forming Accessories and Rigging Hardware","item":"https:\/\/qingdaohf.com\/bg\/?page_id=944"},{"@type":"ListItem","position":3,"name":"Concrete Forming Stake Round Steel Stake"}]},{"@type":"WebSite","@id":"https:\/\/qingdaohf.com\/bg\/#website","url":"https:\/\/qingdaohf.com\/bg\/","name":"Concrete Form & Rigging Hardware Supplier","description":"","publisher":{"@id":"https:\/\/qingdaohf.com\/bg\/#organization"},"potentialAction":[{"@type":"SearchAction","target":{"@type":"EntryPoint","urlTemplate":"https:\/\/qingdaohf.com\/bg\/?s={search_term_string}"},"query-input":{"@type":"PropertyValueSpecification","valueRequired":true,"valueName":"search_term_string"}}],"inLanguage":"lv-LV"},{"@type":"Organization","@id":"https:\/\/qingdaohf.com\/bg\/#organization","name":"Qingdao H&F","url":"https:\/\/qingdaohf.com\/bg\/","logo":{"@type":"ImageObject","inLanguage":"lv-LV","@id":"https:\/\/qingdaohf.com\/bg\/#\/schema\/logo\/image\/","url":"https:\/\/qingdaohf.com\/wp-content\/uploads\/2022\/12\/cropped-HF-LOGO.png","contentUrl":"https:\/\/qingdaohf.com\/wp-content\/uploads\/2022\/12\/cropped-HF-LOGO.png","width":391,"height":249,"caption":"Qingdao H&F"},"image":{"@id":"https:\/\/qingdaohf.com\/bg\/#\/schema\/logo\/image\/"},"sameAs":["https:\/\/www.facebook.com\/qingdaohf"]}]}},"_links":{"self":[{"href":"https:\/\/qingdaohf.com\/lv\/wp-json\/wp\/v2\/product\/7352","targetHints":{"allow":["GET"]}}],"collection":[{"href":"https:\/\/qingdaohf.com\/lv\/wp-json\/wp\/v2\/product"}],"about":[{"href":"https:\/\/qingdaohf.com\/lv\/wp-json\/wp\/v2\/types\/product"}],"replies":[{"embeddable":true,"href":"https:\/\/qingdaohf.com\/lv\/wp-json\/wp\/v2\/comments?post=7352"}],"version-history":[{"count":6,"href":"https:\/\/qingdaohf.com\/lv\/wp-json\/wp\/v2\/product\/7352\/revisions"}],"predecessor-version":[{"id":10342,"href":"https:\/\/qingdaohf.com\/lv\/wp-json\/wp\/v2\/product\/7352\/revisions\/10342"}],"wp:featuredmedia":[{"embeddable":true,"href":"https:\/\/qingdaohf.com\/lv\/wp-json\/wp\/v2\/media\/7353"}],"wp:attachment":[{"href":"https:\/\/qingdaohf.com\/lv\/wp-json\/wp\/v2\/media?parent=7352"}],"wp:term":[{"taxonomy":"product_brand","embeddable":true,"href":"https:\/\/qingdaohf.com\/lv\/wp-json\/wp\/v2\/product_brand?post=7352"},{"taxonomy":"product_cat","embeddable":true,"href":"https:\/\/qingdaohf.com\/lv\/wp-json\/wp\/v2\/product_cat?post=7352"},{"taxonomy":"product_tag","embeddable":true,"href":"https:\/\/qingdaohf.com\/lv\/wp-json\/wp\/v2\/product_tag?post=7352"}],"curies":[{"name":"wp","href":"https:\/\/api.w.org\/{rel}","templated":true}]}}