{"id":7473,"date":"2024-06-19T11:36:36","date_gmt":"2024-06-19T03:36:36","guid":{"rendered":"http:\/\/qingdaohf.com\/?post_type=product&#038;p=7473"},"modified":"2025-11-13T09:03:15","modified_gmt":"2025-11-13T01:03:15","slug":"plastic-groud-stake","status":"publish","type":"product","link":"https:\/\/qingdaohf.com\/lv\/products\/plastmasas-grodu-stabs\/","title":{"rendered":"Plastmasas Groud Stake"},"content":{"rendered":"<h4>Univers\u0101ls un iztur\u012bgs plastmasas zem\u0113juma miets<\/h4>\n<p>Plastmasas zem\u0113juma mieti ir univers\u0101ls risin\u0101jums da\u017e\u0101du \u0101ra konstrukciju un apr\u012bkojuma nostiprin\u0101\u0161anai. Neatkar\u012bgi no t\u0101, vai uzce\u013cat telti, nostiprinat nojumi vai enkuru t\u012bklam, \u0161is mieti\u0146\u0161 ir uzticams un iztur\u012bgs, lai notur\u0113tu visu sav\u0101 viet\u0101. Izgatavots no augstas kvalit\u0101tes plastmasas, kas ir iztur\u012bga pret UV starojumu, tas ilgsto\u0161i ir pak\u013cauts saules gaismas iedarb\u012bbai un nesaboj\u0101jas, nodro\u0161inot ilgsto\u0161u lieto\u0161anu.<\/p>\n<p>Viena no \u0161\u012b zemessarga izcil\u0101kaj\u0101m \u012bpa\u0161\u012bb\u0101m ir t\u0101 vienk\u0101r\u0161\u0101 ievieto\u0161ana zem\u0113. Smailais gals \u013cauj bez piep\u016bles iespiesties da\u017e\u0101dos augsnes veidos, bet iztur\u012bg\u0101 konstrukcija nodro\u0161ina, ka tas stabili turas sav\u0101 viet\u0101. At\u0161\u0137ir\u012bb\u0101 no met\u0101la mieti\u0146iem, kas var sar\u016bs\u0113t vai saliekties, \u0161is plastmasas mieti\u0146\u0161 saglab\u0101 savu integrit\u0101ti, nodro\u0161inot uzticamu stiprin\u0101juma risin\u0101jumu da\u017e\u0101diem lietojumiem.<\/p>\n<h4>Praktisks dizains da\u017e\u0101diem lietojumiem<\/h4>\n<p>Plastmasas zem\u0113juma miets ir izstr\u0101d\u0101ts, dom\u0101jot par praktiskumu, un t\u0101 aug\u0161da\u013c\u0101 ir viens caurums, kas \u013cauj dro\u0161i piestiprin\u0101t virvi. \u0160\u012b funkcija ir \u012bpa\u0161i noder\u012bga brezentu, nojumju un citu priek\u0161metu, kuriem nepiecie\u0161ams stabils stiprin\u0101juma punkts, piesie\u0161anai. Pie aug\u0161da\u013cas eso\u0161ais \u0101\u0137is nodro\u0161ina papildu nostiprin\u0101\u0161anas iesp\u0113ju, \u013caujot jums elast\u012bgi izv\u0113l\u0113ties, k\u0101 izmantot mietu. \u0160is p\u0101rdom\u0101tais dizains nodro\u0161ina, ka j\u016bsu konstrukcijas paliek dro\u0161as pat v\u0113jainos apst\u0101k\u013cos, padarot to par b\u016btisku r\u012bku gan \u0101ra entuziastiem, gan profesion\u0101\u013ciem.<\/p>\n<p>D\u0101rzkop\u012bb\u0101 un ainavu veido\u0161an\u0101 \u0161is miets ir neatsverams da\u017e\u0101du konstrukciju un dekor\u0101ciju balsts. Tas ir iztur\u012bgs un viegli lietojams, t\u0101p\u0113c to iecien\u012bju\u0161i d\u0101rznieki, kas v\u0113las nostiprin\u0101t re\u017e\u0123us, d\u0101rza t\u012bklus vai pat dekorat\u012bvus priek\u0161metus. UV starojuma iztur\u012bg\u0101 plastmasa nodro\u0161ina, ka tas laika gait\u0101 nek\u013c\u016bst trausls un nesal\u016bst, nodro\u0161inot nemain\u012bgu veiktsp\u0113ju sezonu p\u0113c sezonas.<\/p>\n<h4>Zemes mietu noz\u012bme b\u016bvniec\u012bb\u0101 un \u0101ra aktivit\u0101t\u0113s<\/h4>\n<p>Zemes stabiem, tostarp plastmasas variantiem, ir b\u016btiska noz\u012bme gan b\u016bvniec\u012bb\u0101, gan br\u012bvdabas aktivit\u0101t\u0113s. B\u016bvniec\u012bb\u0101 tos izmanto, lai nostiprin\u0101tu pagaidu konstrukcijas, piem\u0113ram, teltis un nojumes, nodro\u0161inot stabilu pamatu, kas nov\u0113r\u0161 kust\u012bbu vai sabruk\u0161anu. Tas ir \u012bpa\u0161i svar\u012bgi situ\u0101cij\u0101s, kad dro\u0161\u012bba un stabilit\u0101te ir \u013coti svar\u012bga. Viegla uzst\u0101d\u012b\u0161ana un no\u0146em\u0161ana padara plastmasas zem\u0113juma mieti\u0146us par \u0113rtu izv\u0113li pagaidu konstrukcij\u0101m, \u013caujot p\u0113c vajadz\u012bbas \u0101tri veikt piel\u0101gojumus.<\/p>\n<p>\u0100ra aktivit\u0101\u0161u jom\u0101 zemes mieti ir neaizst\u0101jami kemping\u0101, p\u0101rg\u0101jienos un cit\u0101s atp\u016btas aktivit\u0101t\u0113s. Dro\u0161a telts vai nojume var noz\u012bm\u0113t at\u0161\u0137ir\u012bbu starp komfortablu pieredzi un katastrofu. Plastmasas zem\u0113 ievietotie mieti\u0146i nodro\u0161ina sirdsmieru, zinot, ka j\u016bsu nojume stabili tur\u0113sies sav\u0101 viet\u0101 neatkar\u012bgi no apst\u0101k\u013ciem. T\u0101 vieglais svars atvieglo transport\u0113\u0161anu, palielinot j\u016bsu apr\u012bkojuma svaru l\u012bdz minimumam un vienlaikus nodro\u0161inot maksim\u0101lu stabilit\u0101ti.<\/p>\n<h4>Iepaz\u012bstin\u0101m ar pamatu skr\u016bv\u0113m un to noz\u012bmi b\u016bvniec\u012bb\u0101<\/h4>\n<p>Pamatu bultskr\u016bves ir b\u016btiskas sast\u0101vda\u013cas b\u016bvniec\u012bb\u0101, kur\u0101m ir iz\u0161\u0137iro\u0161a noz\u012bme konstrukciju nostiprin\u0101\u0161an\u0101 pie to pamatiem. \u0160\u012bs skr\u016bves parasti ir izgatavotas no augstas stipr\u012bbas t\u0113rauda un tiek izmantotas \u0113ku, tiltu, ma\u0161\u012bnu un citu smagu konstrukciju stiprin\u0101\u0161anai. Pamatu skr\u016bvju galvenais m\u0113r\u0137is ir nodro\u0161in\u0101t dro\u0161u savienojumu starp konstrukciju un t\u0101s pamatu, nodro\u0161inot stabilit\u0101ti un iztur\u012bbu pret da\u017e\u0101diem sp\u0113kiem, tostarp v\u0113ju, seismisko aktivit\u0101ti un citiem vides faktoriem.<\/p>\n<p>B\u016bvniec\u012bb\u0101 pamatu bultskr\u016bves tiek iestr\u0101d\u0101tas betona pamatos, pirms betons saciet\u0113, radot stipru saiti, kas sp\u0113j iztur\u0113t iev\u0113rojamas slodzes. Tie ir da\u017e\u0101du izm\u0113ru un veidu, un katrs no tiem ir paredz\u0113ts konkr\u0113tiem pielietojumiem un slodzes pras\u012bb\u0101m. Pareiza pamatu skr\u016bvju izv\u0113le un uzst\u0101d\u012b\u0161ana ir \u013coti svar\u012bga jebkura b\u016bvprojekta konstrukcijas integrit\u0101tei un dro\u0161\u012bbai.<\/p>\n<p>Viena no galvenaj\u0101m pamatskr\u016bvju priek\u0161roc\u012bb\u0101m ir to sp\u0113ja nodro\u0161in\u0101t dro\u0161u enkurpunktu smag\u0101m konstrukcij\u0101m. Tas ir \u012bpa\u0161i svar\u012bgi r\u016bpnieciskos objektos, kur ma\u0161\u012bn\u0101m un iek\u0101rt\u0101m ekspluat\u0101cijas laik\u0101 j\u0101saglab\u0101 stabilit\u0101te. Pamatu skr\u016bves nov\u0113r\u0161 kust\u012bbu un vibr\u0101ciju, kas cit\u0101di var\u0113tu izrais\u012bt iek\u0101rtu darb\u012bbas trauc\u0113jumus vai konstrukcijas boj\u0101jumus. Piestiprinot iek\u0101rtas pie stabila pamata, \u0161\u012bs skr\u016bves nodro\u0161ina vienm\u0113r\u012bgu un dro\u0161u darb\u012bbu.<\/p>\n<p>Pamatu bultskr\u016bv\u0113m ir b\u016btiska noz\u012bme ar\u012b tiltu un citu lielu infrastrukt\u016bras projektu b\u016bvniec\u012bb\u0101. \u0160o skr\u016bvju nodro\u0161in\u0101t\u0101 stabilit\u0101te pal\u012bdz vienm\u0113r\u012bgi sadal\u012bt slodzi, t\u0101d\u0113j\u0101di samazinot slodzi uz atsevi\u0161\u0137iem komponentiem un pagarinot konstrukcijas kalpo\u0161anas laiku. To sp\u0113ja pretoties dinamiskajiem sp\u0113kiem, piem\u0113ram, satiksmes vai dabas stihiju rad\u012btajiem sp\u0113kiem, padara tos neaizst\u0101jamus tiltu un l\u012bdz\u012bgu konstrukciju dro\u0161\u012bbas un ilgm\u016b\u017e\u012bbas nodro\u0161in\u0101\u0161an\u0101.<\/p>\n<p>Rezum\u0113jot var teikt, ka pamatu skr\u016bves ir m\u016bsdienu b\u016bvniec\u012bbas st\u016brakmens, kas nodro\u0161ina nepiecie\u0161amo stabilit\u0101ti un dro\u0161\u012bbu da\u017e\u0101d\u0101m konstrukcij\u0101m. To loma \u0113ku un ma\u0161\u012bnu nostiprin\u0101\u0161an\u0101 ir b\u016btiska, lai uztur\u0113tu b\u016bvniec\u012bbas projektu integrit\u0101ti un dro\u0161\u012bbu, t\u0101p\u0113c t\u0101s ir nenov\u0113rt\u0113jama sast\u0101vda\u013ca \u0161aj\u0101 jom\u0101.<\/p>\n<div class=\"ast-oembed-container\" style=\"height: 100%;\"><iframe title=\"Plastmasas zemes mieti\" width=\"500\" height=\"281\" src=\"https:\/\/www.youtube.com\/embed\/XXn9suyaFmM?feature=oembed\" frameborder=\"0\" allow=\"accelerometer; autoplay; clipboard-write; encrypted-media; gyroscope; picture-in-picture; web-share\" referrerpolicy=\"strict-origin-when-cross-origin\" allowfullscreen><\/iframe><\/div>","protected":false},"excerpt":{"rendered":"<p>Plastmasas zem\u0113juma mieti\u0146\u0161 ir lieliski piem\u0113rots enkuru, tel\u0161u, t\u012bklu, brezentu, nojumju un d\u0101rza vai terases konstrukciju nostiprin\u0101\u0161anai. Izgatavots no augstas kvalit\u0101tes plastmasas, kas iztur\u012bga pret UV starojumu, \u0161is iztur\u012bgais miets ir viegli iestr\u0101d\u0101jams zem\u0113. T\u0101 aug\u0161da\u013c\u0101 ir caurums virves piesie\u0161anai, kas nodro\u0161ina dro\u0161u stiprin\u0101jumu da\u017e\u0101diem pielietojumiem.<\/p>","protected":false},"featured_media":7475,"comment_status":"open","ping_status":"closed","template":"","meta":{"site-sidebar-layout":"default","site-content-layout":"","ast-site-content-layout":"default","site-content-style":"default","site-sidebar-style":"default","ast-global-header-display":"","ast-banner-title-visibility":"","ast-main-header-display":"","ast-hfb-above-header-display":"","ast-hfb-below-header-display":"","ast-hfb-mobile-header-display":"","site-post-title":"","ast-breadcrumbs-content":"","ast-featured-img":"","footer-sml-layout":"","theme-transparent-header-meta":"default","adv-header-id-meta":"","stick-header-meta":"default","header-above-stick-meta":"","header-main-stick-meta":"","header-below-stick-meta":"","astra-migrate-meta-layouts":"set","ast-page-background-enabled":"default","ast-page-background-meta":{"desktop":{"background-color":"","background-image":"","background-repeat":"repeat","background-position":"center center","background-size":"auto","background-attachment":"scroll","background-type":"","background-media":"","overlay-type":"","overlay-color":"","overlay-opacity":"","overlay-gradient":""},"tablet":{"background-color":"","background-image":"","background-repeat":"repeat","background-position":"center center","background-size":"auto","background-attachment":"scroll","background-type":"","background-media":"","overlay-type":"","overlay-color":"","overlay-opacity":"","overlay-gradient":""},"mobile":{"background-color":"","background-image":"","background-repeat":"repeat","background-position":"center center","background-size":"auto","background-attachment":"scroll","background-type":"","background-media":"","overlay-type":"","overlay-color":"","overlay-opacity":"","overlay-gradient":""}},"ast-content-background-meta":{"desktop":{"background-color":"var(--ast-global-color-5)","background-image":"","background-repeat":"repeat","background-position":"center center","background-size":"auto","background-attachment":"scroll","background-type":"","background-media":"","overlay-type":"","overlay-color":"","overlay-opacity":"","overlay-gradient":""},"tablet":{"background-color":"var(--ast-global-color-5)","background-image":"","background-repeat":"repeat","background-position":"center center","background-size":"auto","background-attachment":"scroll","background-type":"","background-media":"","overlay-type":"","overlay-color":"","overlay-opacity":"","overlay-gradient":""},"mobile":{"background-color":"var(--ast-global-color-5)","background-image":"","background-repeat":"repeat","background-position":"center center","background-size":"auto","background-attachment":"scroll","background-type":"","background-media":"","overlay-type":"","overlay-color":"","overlay-opacity":"","overlay-gradient":""}}},"product_brand":[],"product_cat":[75],"product_tag":[],"class_list":{"0":"post-7473","1":"product","2":"type-product","3":"status-publish","4":"has-post-thumbnail","6":"product_cat-plastic-and-rubber-product","7":"desktop-align-left","8":"tablet-align-left","9":"mobile-align-left","10":"ast-product-gallery-layout-horizontal-slider","11":"ast-product-tabs-layout-horizontal","13":"first","14":"instock","15":"shipping-taxable","16":"purchasable","17":"product-type-simple"},"yoast_head":"<!-- This site is optimized with the Yoast SEO plugin v25.2 - https:\/\/yoast.com\/wordpress\/plugins\/seo\/ -->\n<title>Plastic Groud Stake<\/title>\n<meta name=\"description\" content=\"The plastic ground stake is perfect for securing anchors, tents, nets, tarps, canopies, and garden or patio structures.\" \/>\n<meta name=\"robots\" content=\"index, follow, max-snippet:-1, max-image-preview:large, max-video-preview:-1\" \/>\n<link rel=\"canonical\" href=\"https:\/\/qingdaohf.com\/lv\/products\/plastmasas-grodu-stabs\/\" \/>\n<meta property=\"og:locale\" content=\"lv_LV\" \/>\n<meta property=\"og:type\" content=\"article\" \/>\n<meta property=\"og:title\" content=\"Plastic Groud Stake\" \/>\n<meta property=\"og:description\" content=\"The plastic ground stake is perfect for securing anchors, tents, nets, tarps, canopies, and garden or patio structures.\" \/>\n<meta property=\"og:url\" content=\"https:\/\/qingdaohf.com\/lv\/products\/plastmasas-grodu-stabs\/\" \/>\n<meta property=\"og:site_name\" content=\"Concrete Form &amp; Rigging Hardware Supplier\" \/>\n<meta property=\"article:publisher\" content=\"https:\/\/www.facebook.com\/qingdaohf\" \/>\n<meta property=\"article:modified_time\" content=\"2025-11-13T01:03:15+00:00\" \/>\n<meta property=\"og:image\" content=\"https:\/\/qingdaohf.com\/wp-content\/uploads\/2024\/06\/plastic-groud-stake-1.webp\" \/>\n\t<meta property=\"og:image:width\" content=\"1000\" \/>\n\t<meta property=\"og:image:height\" content=\"1000\" \/>\n\t<meta property=\"og:image:type\" content=\"image\/webp\" \/>\n<meta name=\"twitter:card\" content=\"summary_large_image\" \/>\n<meta name=\"twitter:label1\" content=\"Est. reading time\" \/>\n\t<meta name=\"twitter:data1\" content=\"4 min\u016btes\" \/>\n<script type=\"application\/ld+json\" class=\"yoast-schema-graph\">{\"@context\":\"https:\/\/schema.org\",\"@graph\":[{\"@type\":\"WebPage\",\"@id\":\"https:\/\/qingdaohf.com\/product\/plastic-groud-stake\/\",\"url\":\"https:\/\/qingdaohf.com\/product\/plastic-groud-stake\/\",\"name\":\"Plastic Groud Stake\",\"isPartOf\":{\"@id\":\"https:\/\/qingdaohf.com\/bg\/#website\"},\"primaryImageOfPage\":{\"@id\":\"https:\/\/qingdaohf.com\/product\/plastic-groud-stake\/#primaryimage\"},\"image\":{\"@id\":\"https:\/\/qingdaohf.com\/product\/plastic-groud-stake\/#primaryimage\"},\"thumbnailUrl\":\"https:\/\/qingdaohf.com\/wp-content\/uploads\/2024\/06\/plastic-groud-stake-1.webp\",\"datePublished\":\"2024-06-19T03:36:36+00:00\",\"dateModified\":\"2025-11-13T01:03:15+00:00\",\"description\":\"The plastic ground stake is perfect for securing anchors, tents, nets, tarps, canopies, and garden or patio structures.\",\"breadcrumb\":{\"@id\":\"https:\/\/qingdaohf.com\/product\/plastic-groud-stake\/#breadcrumb\"},\"inLanguage\":\"lv-LV\",\"potentialAction\":[{\"@type\":\"ReadAction\",\"target\":[\"https:\/\/qingdaohf.com\/product\/plastic-groud-stake\/\"]}]},{\"@type\":\"ImageObject\",\"inLanguage\":\"lv-LV\",\"@id\":\"https:\/\/qingdaohf.com\/product\/plastic-groud-stake\/#primaryimage\",\"url\":\"https:\/\/qingdaohf.com\/wp-content\/uploads\/2024\/06\/plastic-groud-stake-1.webp\",\"contentUrl\":\"https:\/\/qingdaohf.com\/wp-content\/uploads\/2024\/06\/plastic-groud-stake-1.webp\",\"width\":1000,\"height\":1000,\"caption\":\"plastic groud stake\"},{\"@type\":\"BreadcrumbList\",\"@id\":\"https:\/\/qingdaohf.com\/product\/plastic-groud-stake\/#breadcrumb\",\"itemListElement\":[{\"@type\":\"ListItem\",\"position\":1,\"name\":\"Home\",\"item\":\"https:\/\/qingdaohf.com\/\"},{\"@type\":\"ListItem\",\"position\":2,\"name\":\"Concrete Forming Accessories and Rigging Hardware\",\"item\":\"https:\/\/qingdaohf.com\/bg\/?page_id=944\"},{\"@type\":\"ListItem\",\"position\":3,\"name\":\"Plastic Groud Stake\"}]},{\"@type\":\"WebSite\",\"@id\":\"https:\/\/qingdaohf.com\/bg\/#website\",\"url\":\"https:\/\/qingdaohf.com\/bg\/\",\"name\":\"Concrete Form & Rigging Hardware Supplier\",\"description\":\"\",\"publisher\":{\"@id\":\"https:\/\/qingdaohf.com\/bg\/#organization\"},\"potentialAction\":[{\"@type\":\"SearchAction\",\"target\":{\"@type\":\"EntryPoint\",\"urlTemplate\":\"https:\/\/qingdaohf.com\/bg\/?s={search_term_string}\"},\"query-input\":{\"@type\":\"PropertyValueSpecification\",\"valueRequired\":true,\"valueName\":\"search_term_string\"}}],\"inLanguage\":\"lv-LV\"},{\"@type\":\"Organization\",\"@id\":\"https:\/\/qingdaohf.com\/bg\/#organization\",\"name\":\"Qingdao H&F\",\"url\":\"https:\/\/qingdaohf.com\/bg\/\",\"logo\":{\"@type\":\"ImageObject\",\"inLanguage\":\"lv-LV\",\"@id\":\"https:\/\/qingdaohf.com\/bg\/#\/schema\/logo\/image\/\",\"url\":\"https:\/\/qingdaohf.com\/wp-content\/uploads\/2022\/12\/cropped-HF-LOGO.png\",\"contentUrl\":\"https:\/\/qingdaohf.com\/wp-content\/uploads\/2022\/12\/cropped-HF-LOGO.png\",\"width\":391,\"height\":249,\"caption\":\"Qingdao H&F\"},\"image\":{\"@id\":\"https:\/\/qingdaohf.com\/bg\/#\/schema\/logo\/image\/\"},\"sameAs\":[\"https:\/\/www.facebook.com\/qingdaohf\"]}]}<\/script>\n<!-- \/ Yoast SEO plugin. -->","yoast_head_json":{"title":"Plastic Groud Stake","description":"The plastic ground stake is perfect for securing anchors, tents, nets, tarps, canopies, and garden or patio structures.","robots":{"index":"index","follow":"follow","max-snippet":"max-snippet:-1","max-image-preview":"max-image-preview:large","max-video-preview":"max-video-preview:-1"},"canonical":"https:\/\/qingdaohf.com\/lv\/products\/plastmasas-grodu-stabs\/","og_locale":"lv_LV","og_type":"article","og_title":"Plastic Groud Stake","og_description":"The plastic ground stake is perfect for securing anchors, tents, nets, tarps, canopies, and garden or patio structures.","og_url":"https:\/\/qingdaohf.com\/lv\/products\/plastmasas-grodu-stabs\/","og_site_name":"Concrete Form &amp; Rigging Hardware Supplier","article_publisher":"https:\/\/www.facebook.com\/qingdaohf","article_modified_time":"2025-11-13T01:03:15+00:00","og_image":[{"width":1000,"height":1000,"url":"https:\/\/qingdaohf.com\/wp-content\/uploads\/2024\/06\/plastic-groud-stake-1.webp","type":"image\/webp"}],"twitter_card":"summary_large_image","twitter_misc":{"Est. reading time":"4 min\u016btes"},"schema":{"@context":"https:\/\/schema.org","@graph":[{"@type":"WebPage","@id":"https:\/\/qingdaohf.com\/product\/plastic-groud-stake\/","url":"https:\/\/qingdaohf.com\/product\/plastic-groud-stake\/","name":"Plastic Groud Stake","isPartOf":{"@id":"https:\/\/qingdaohf.com\/bg\/#website"},"primaryImageOfPage":{"@id":"https:\/\/qingdaohf.com\/product\/plastic-groud-stake\/#primaryimage"},"image":{"@id":"https:\/\/qingdaohf.com\/product\/plastic-groud-stake\/#primaryimage"},"thumbnailUrl":"https:\/\/qingdaohf.com\/wp-content\/uploads\/2024\/06\/plastic-groud-stake-1.webp","datePublished":"2024-06-19T03:36:36+00:00","dateModified":"2025-11-13T01:03:15+00:00","description":"The plastic ground stake is perfect for securing anchors, tents, nets, tarps, canopies, and garden or patio structures.","breadcrumb":{"@id":"https:\/\/qingdaohf.com\/product\/plastic-groud-stake\/#breadcrumb"},"inLanguage":"lv-LV","potentialAction":[{"@type":"ReadAction","target":["https:\/\/qingdaohf.com\/product\/plastic-groud-stake\/"]}]},{"@type":"ImageObject","inLanguage":"lv-LV","@id":"https:\/\/qingdaohf.com\/product\/plastic-groud-stake\/#primaryimage","url":"https:\/\/qingdaohf.com\/wp-content\/uploads\/2024\/06\/plastic-groud-stake-1.webp","contentUrl":"https:\/\/qingdaohf.com\/wp-content\/uploads\/2024\/06\/plastic-groud-stake-1.webp","width":1000,"height":1000,"caption":"plastic groud stake"},{"@type":"BreadcrumbList","@id":"https:\/\/qingdaohf.com\/product\/plastic-groud-stake\/#breadcrumb","itemListElement":[{"@type":"ListItem","position":1,"name":"Home","item":"https:\/\/qingdaohf.com\/"},{"@type":"ListItem","position":2,"name":"Concrete Forming Accessories and Rigging Hardware","item":"https:\/\/qingdaohf.com\/bg\/?page_id=944"},{"@type":"ListItem","position":3,"name":"Plastic Groud Stake"}]},{"@type":"WebSite","@id":"https:\/\/qingdaohf.com\/bg\/#website","url":"https:\/\/qingdaohf.com\/bg\/","name":"Concrete Form & Rigging Hardware Supplier","description":"","publisher":{"@id":"https:\/\/qingdaohf.com\/bg\/#organization"},"potentialAction":[{"@type":"SearchAction","target":{"@type":"EntryPoint","urlTemplate":"https:\/\/qingdaohf.com\/bg\/?s={search_term_string}"},"query-input":{"@type":"PropertyValueSpecification","valueRequired":true,"valueName":"search_term_string"}}],"inLanguage":"lv-LV"},{"@type":"Organization","@id":"https:\/\/qingdaohf.com\/bg\/#organization","name":"Qingdao H&F","url":"https:\/\/qingdaohf.com\/bg\/","logo":{"@type":"ImageObject","inLanguage":"lv-LV","@id":"https:\/\/qingdaohf.com\/bg\/#\/schema\/logo\/image\/","url":"https:\/\/qingdaohf.com\/wp-content\/uploads\/2022\/12\/cropped-HF-LOGO.png","contentUrl":"https:\/\/qingdaohf.com\/wp-content\/uploads\/2022\/12\/cropped-HF-LOGO.png","width":391,"height":249,"caption":"Qingdao H&F"},"image":{"@id":"https:\/\/qingdaohf.com\/bg\/#\/schema\/logo\/image\/"},"sameAs":["https:\/\/www.facebook.com\/qingdaohf"]}]}},"_links":{"self":[{"href":"https:\/\/qingdaohf.com\/lv\/wp-json\/wp\/v2\/product\/7473","targetHints":{"allow":["GET"]}}],"collection":[{"href":"https:\/\/qingdaohf.com\/lv\/wp-json\/wp\/v2\/product"}],"about":[{"href":"https:\/\/qingdaohf.com\/lv\/wp-json\/wp\/v2\/types\/product"}],"replies":[{"embeddable":true,"href":"https:\/\/qingdaohf.com\/lv\/wp-json\/wp\/v2\/comments?post=7473"}],"version-history":[{"count":2,"href":"https:\/\/qingdaohf.com\/lv\/wp-json\/wp\/v2\/product\/7473\/revisions"}],"predecessor-version":[{"id":7479,"href":"https:\/\/qingdaohf.com\/lv\/wp-json\/wp\/v2\/product\/7473\/revisions\/7479"}],"wp:featuredmedia":[{"embeddable":true,"href":"https:\/\/qingdaohf.com\/lv\/wp-json\/wp\/v2\/media\/7475"}],"wp:attachment":[{"href":"https:\/\/qingdaohf.com\/lv\/wp-json\/wp\/v2\/media?parent=7473"}],"wp:term":[{"taxonomy":"product_brand","embeddable":true,"href":"https:\/\/qingdaohf.com\/lv\/wp-json\/wp\/v2\/product_brand?post=7473"},{"taxonomy":"product_cat","embeddable":true,"href":"https:\/\/qingdaohf.com\/lv\/wp-json\/wp\/v2\/product_cat?post=7473"},{"taxonomy":"product_tag","embeddable":true,"href":"https:\/\/qingdaohf.com\/lv\/wp-json\/wp\/v2\/product_tag?post=7473"}],"curies":[{"name":"wp","href":"https:\/\/api.w.org\/{rel}","templated":true}]}}