{"id":7535,"date":"2024-06-28T14:33:31","date_gmt":"2024-06-28T06:33:31","guid":{"rendered":"http:\/\/qingdaohf.com\/?post_type=product&#038;p=7535"},"modified":"2025-11-13T09:03:14","modified_gmt":"2025-11-13T01:03:14","slug":"j-hook-tow-chain","status":"publish","type":"product","link":"https:\/\/qingdaohf.com\/lv\/products\/j-aka-vilksanas-kede\/","title":{"rendered":"J \u0101\u0137a vilk\u0161anas \u0137\u0113de"},"content":{"rendered":"<h3><strong>Iepaz\u012bstin\u0101m ar J \u0101\u0137a vilk\u0161anas \u0137\u0113di<\/strong><\/h3>\n<p>J \u0101\u0137a vilk\u0161anas \u0137\u0113de ir svar\u012bgs elements vilk\u0161anas un gl\u0101b\u0161anas nozar\u0113, kas paz\u012bstams ar savu iztur\u012bbu un daudzpus\u012bbu. \u0160\u012b \u0137\u0113de ir izgatavota no augstas stipr\u012bbas t\u0113rauda, un t\u0101 ir izstr\u0101d\u0101ta t\u0101, lai ar vieglumu tiktu gal\u0101 ar vispras\u012bg\u0101kajiem vilk\u0161anas uzdevumiem. Neatkar\u012bgi no t\u0101, vai esat profesion\u0101ls velko\u0146a operators vai pa\u0161darin\u0101ts entuziasts, J Hook vilk\u0161anas \u0137\u0113de ir b\u016btisks r\u012bks, lai nodro\u0161in\u0101tu dro\u0161u un efekt\u012bvu transportl\u012bdzek\u013cu un smagu kravu transport\u0113\u0161anu.<\/p>\n<p><img fetchpriority=\"high\" decoding=\"async\" class=\"alignnone size-full wp-image-7518\" src=\"http:\/\/qingdaohf.com\/wp-content\/uploads\/2024\/06\/G70-TOW-CHAIN-3.webp\" alt=\"J \u0101\u0137a \u0137\u0113d\u012bte\" width=\"1000\" height=\"1000\" srcset=\"https:\/\/qingdaohf.com\/wp-content\/uploads\/2024\/06\/G70-TOW-CHAIN-3.webp 1000w, https:\/\/qingdaohf.com\/wp-content\/uploads\/2024\/06\/G70-TOW-CHAIN-3-300x300.webp 300w, https:\/\/qingdaohf.com\/wp-content\/uploads\/2024\/06\/G70-TOW-CHAIN-3-150x150.webp 150w, https:\/\/qingdaohf.com\/wp-content\/uploads\/2024\/06\/G70-TOW-CHAIN-3-768x768.webp 768w, https:\/\/qingdaohf.com\/wp-content\/uploads\/2024\/06\/G70-TOW-CHAIN-3-12x12.webp 12w, https:\/\/qingdaohf.com\/wp-content\/uploads\/2024\/06\/G70-TOW-CHAIN-3-500x500.webp 500w, https:\/\/qingdaohf.com\/wp-content\/uploads\/2024\/06\/G70-TOW-CHAIN-3-100x100.webp 100w\" sizes=\"(max-width: 1000px) 100vw, 1000px\" \/><\/p>\n<h3><strong>J \u0101\u0137a vilk\u0161anas \u0137\u0113des pielietojums<\/strong><\/h3>\n<p>J \u0101\u0137a vilk\u0161anas \u0137\u0113de ir lieliski piem\u0113rota da\u017e\u0101diem lietojumiem. To parasti izmanto transportl\u012bdzek\u013cu atg\u016b\u0161anas oper\u0101cij\u0101s, kur t\u0101s iztur\u012bbai un uzticam\u012bbai ir iz\u0161\u0137iro\u0161a noz\u012bme. J \u0101\u0137a konstrukcija \u013cauj dro\u0161i piestiprin\u0101t pie transportl\u012bdzek\u013ca r\u0101mjiem, as\u012bm un citiem stiprin\u0101juma punktiem, nodro\u0161inot, ka krava p\u0101rvad\u0101\u0161anas laik\u0101 tiek stingri notur\u0113ta sav\u0101 viet\u0101. \u0160\u012b \u0137\u0113de ir neaizst\u0101jama ar\u012b kravu nostiprin\u0101\u0161anai uz piekab\u0113m, nodro\u0161inot papildu dro\u0161\u012bbas l\u012bmeni transport\u0113\u0161anas laik\u0101.<\/p>\n<p>J \u0101\u0137a vilk\u0161anas \u0137\u0113de ir ide\u0101li piem\u0113rota ne tikai transportl\u012bdzek\u013ca atg\u016b\u0161anai, bet ar\u012b da\u017e\u0101diem smagajiem darbiem. B\u016bvniec\u012bbas profesion\u0101\u013ci to izmanto, lai nostiprin\u0101tu iek\u0101rtas un materi\u0101lus, savuk\u0101rt lauksaimnieki un ran\u010do \u012bpa\u0161nieki to uzskata par nenov\u0113rt\u0113jamu, lai vilktu un nostiprin\u0101tu smagus objektus. T\u0101s daudzpus\u012bba padara to par risin\u0101jumu jebkuram uzdevumam, kam nepiecie\u0161amas sp\u0113c\u012bgas un uzticamas \u0137\u0113des.<\/p>\n<h3><strong>Funkcijas un priek\u0161roc\u012bbas<\/strong><\/h3>\n<p>Viena no izcil\u0101kaj\u0101m J Hook vilk\u0161anas \u0137\u0113des \u012bpa\u0161\u012bb\u0101m ir t\u0101s iztur\u012bba. T\u0101 ir izgatavota no augstas kvalit\u0101tes t\u0113rauda, un t\u0101 ir izstr\u0101d\u0101ta t\u0101, lai iztur\u0113tu \u0101rk\u0101rt\u0113ju slodzi un lielas slodzes, nesaliecoties un nesal\u016bstot. \u0136\u0113de ir ar\u012b p\u0101rkl\u0101ta ar korozijiztur\u012bgu p\u0101rkl\u0101jumu, kas nodro\u0161ina ilgm\u016b\u017e\u012bbu pat skarbos vides apst\u0101k\u013cos. \u0160\u012b iztur\u012bba noz\u012bm\u0113 ilgtermi\u0146a uzticam\u012bbu, padarot J Hook vilk\u0161anas \u0137\u0113di par rentablu ieguld\u012bjumu gan profesion\u0101\u013ciem, gan hobijiem.<\/p>\n<p>V\u0113l viena b\u016btiska J \u0101\u0137a vilk\u0161anas \u0137\u0113des priek\u0161roc\u012bba ir t\u0101s vienk\u0101r\u0161a lieto\u0161ana. J \u0101\u0137a konstrukcija \u013cauj \u0101tri un dro\u0161i piestiprin\u0101t \u0137\u0113di pie da\u017e\u0101diem stiprin\u0101juma punktiem, t\u0101d\u0113j\u0101di samazinot uzst\u0101d\u012b\u0161anas laiku un palielinot efektivit\u0101ti. \u0136\u0113de ir pieejama da\u017e\u0101da garuma un kravnes\u012bbas, \u013caujot lietot\u0101jiem izv\u0113l\u0113ties sav\u0101m vajadz\u012bb\u0101m vispiem\u0113rot\u0101ko. \u0160\u012b elast\u012bba nodro\u0161ina, ka J Hook vilk\u0161anas \u0137\u0113de var veikt visda\u017e\u0101d\u0101kos vilk\u0161anas un nostiprin\u0101\u0161anas uzdevumus.<\/p>\n<h3><strong>K\u0101p\u0113c izv\u0113l\u0113ties J \u0101\u0137a vilk\u0161anas \u0137\u0113di?<\/strong><\/h3>\n<p>Dro\u0161\u012bba ir galven\u0101 priorit\u0101te, kad runa ir par vilk\u0161anu un kravas nostiprin\u0101\u0161anu, un J Hook vilk\u0161anas \u0137\u0113de to nodro\u0161ina. T\u0101s iztur\u012bg\u0101 konstrukcija un dro\u0161as stiprin\u0101\u0161anas iesp\u0113jas nodro\u0161ina sirdsmieru, zinot, ka j\u016bsu krava ir dro\u0161i nostiprin\u0101ta. \u0136\u0113des liel\u0101 kravnes\u012bba noz\u012bm\u0113, ka t\u0101 sp\u0113j iztur\u0113t pat vissmag\u0101kos transportl\u012bdzek\u013cus un apr\u012bkojumu, padarot to par uzticamu izv\u0113li sare\u017e\u0123\u012btiem darbiem.<\/p>\n<p>Turkl\u0101t J \u0101\u0137a vilk\u0161anas \u0137\u0113de ir izstr\u0101d\u0101ta, dom\u0101jot par daudzpus\u012bbu. T\u0101s sp\u0113ja piel\u0101goties da\u017e\u0101diem lietojumiem padara to par v\u0113rt\u012bgu instrumentu da\u017e\u0101d\u0101s nozar\u0113s. Neatkar\u012bgi no t\u0101, vai nodarbojaties ar transportl\u012bdzek\u013cu atg\u016b\u0161anu, b\u016bvniec\u012bbu, lauksaimniec\u012bbu vai visp\u0101r\u0113jiem smagajiem darbiem, J Hook vilk\u0161anas \u0137\u0113de pied\u0101v\u0101 nepiecie\u0161amo veiktsp\u0113ju un uzticam\u012bbu.<\/p>\n<p>J Hook vilk\u0161anas \u0137\u0113de ir lieliska izv\u0113le ikvienam, kam nepiecie\u0161ams sp\u0113c\u012bgs, iztur\u012bgs un daudzpus\u012bgs vilk\u0161anas un nostiprin\u0101\u0161anas risin\u0101jums. T\u0101s augstas kvalit\u0101tes konstrukcija, vienk\u0101r\u0161\u0101 lieto\u0161ana un pla\u0161ais pielietojuma spektrs padara to par neaizst\u0101jamu r\u012bku gan profesion\u0101\u013ciem, gan entuziastiem. Ieguldiet J Hook vilk\u0161anas \u0137\u0113d\u0113 jau \u0161odien un izbaudiet mieru, ko sniedz apzi\u0146a, ka j\u016bsu vilk\u0161anas un nostiprin\u0101\u0161anas uzdevumi tiek veikti ar visliel\u0101ko uzticam\u012bbu un dro\u0161\u012bbu.<\/p>","protected":false},"excerpt":{"rendered":"<p>J Hook vilk\u0161anas \u0137\u0113de ir iztur\u012bgs un univers\u0101ls r\u012bks, kas paredz\u0113ts lielas slodzes vilk\u0161anas darbiem. T\u0101 ir izgatavota no augstas kvalit\u0101tes t\u0113rauda un nodro\u0161ina izcilu iztur\u012bbu un uzticam\u012bbu. J Hook vilk\u0161anas \u0137\u0113de ir ide\u0101li piem\u0113rota transportl\u012bdzek\u013cu vilk\u0161anai, kravu nostiprin\u0101\u0161anai un citiem m\u0113r\u0137iem, nodro\u0161inot dro\u0161\u012bbu un efektivit\u0101ti. T\u0101 ir pieejama da\u017e\u0101da garuma un ietilp\u012bbas \u0137\u0113des, kas atbilst visda\u017e\u0101d\u0101kaj\u0101m vilk\u0161anas vajadz\u012bb\u0101m.<\/p>","protected":false},"featured_media":8183,"comment_status":"open","ping_status":"closed","template":"","meta":{"site-sidebar-layout":"default","site-content-layout":"","ast-site-content-layout":"default","site-content-style":"default","site-sidebar-style":"default","ast-global-header-display":"","ast-banner-title-visibility":"","ast-main-header-display":"","ast-hfb-above-header-display":"","ast-hfb-below-header-display":"","ast-hfb-mobile-header-display":"","site-post-title":"","ast-breadcrumbs-content":"","ast-featured-img":"","footer-sml-layout":"","theme-transparent-header-meta":"default","adv-header-id-meta":"","stick-header-meta":"default","header-above-stick-meta":"","header-main-stick-meta":"","header-below-stick-meta":"","astra-migrate-meta-layouts":"set","ast-page-background-enabled":"default","ast-page-background-meta":{"desktop":{"background-color":"","background-image":"","background-repeat":"repeat","background-position":"center center","background-size":"auto","background-attachment":"scroll","background-type":"","background-media":"","overlay-type":"","overlay-color":"","overlay-opacity":"","overlay-gradient":""},"tablet":{"background-color":"","background-image":"","background-repeat":"repeat","background-position":"center center","background-size":"auto","background-attachment":"scroll","background-type":"","background-media":"","overlay-type":"","overlay-color":"","overlay-opacity":"","overlay-gradient":""},"mobile":{"background-color":"","background-image":"","background-repeat":"repeat","background-position":"center center","background-size":"auto","background-attachment":"scroll","background-type":"","background-media":"","overlay-type":"","overlay-color":"","overlay-opacity":"","overlay-gradient":""}},"ast-content-background-meta":{"desktop":{"background-color":"var(--ast-global-color-5)","background-image":"","background-repeat":"repeat","background-position":"center center","background-size":"auto","background-attachment":"scroll","background-type":"","background-media":"","overlay-type":"","overlay-color":"","overlay-opacity":"","overlay-gradient":""},"tablet":{"background-color":"var(--ast-global-color-5)","background-image":"","background-repeat":"repeat","background-position":"center center","background-size":"auto","background-attachment":"scroll","background-type":"","background-media":"","overlay-type":"","overlay-color":"","overlay-opacity":"","overlay-gradient":""},"mobile":{"background-color":"var(--ast-global-color-5)","background-image":"","background-repeat":"repeat","background-position":"center center","background-size":"auto","background-attachment":"scroll","background-type":"","background-media":"","overlay-type":"","overlay-color":"","overlay-opacity":"","overlay-gradient":""}}},"product_brand":[],"product_cat":[51,38],"product_tag":[],"class_list":{"0":"post-7535","1":"product","2":"type-product","3":"status-publish","4":"has-post-thumbnail","6":"product_cat-riggging-hardware","7":"product_cat-chain","8":"desktop-align-left","9":"tablet-align-left","10":"mobile-align-left","11":"ast-product-gallery-layout-horizontal-slider","12":"ast-product-tabs-layout-horizontal","14":"first","15":"instock","16":"shipping-taxable","17":"purchasable","18":"product-type-simple"},"yoast_head":"<!-- This site is optimized with the Yoast SEO plugin v25.2 - https:\/\/yoast.com\/wordpress\/plugins\/seo\/ -->\n<title>J Hook Tow Chain<\/title>\n<meta name=\"description\" content=\"J Hook Tow Chain is a durable and versatile tool designed for heavy-duty towing applications. Constructed from high-quality steel, it offers exceptional strength and reliability.\" \/>\n<meta name=\"robots\" content=\"index, follow, max-snippet:-1, max-image-preview:large, max-video-preview:-1\" \/>\n<link rel=\"canonical\" href=\"https:\/\/qingdaohf.com\/lv\/products\/j-aka-vilksanas-kede\/\" \/>\n<meta property=\"og:locale\" content=\"lv_LV\" \/>\n<meta property=\"og:type\" content=\"article\" \/>\n<meta property=\"og:title\" content=\"J Hook Tow Chain\" \/>\n<meta property=\"og:description\" content=\"J Hook Tow Chain is a durable and versatile tool designed for heavy-duty towing applications. Constructed from high-quality steel, it offers exceptional strength and reliability.\" \/>\n<meta property=\"og:url\" content=\"https:\/\/qingdaohf.com\/lv\/products\/j-aka-vilksanas-kede\/\" \/>\n<meta property=\"og:site_name\" content=\"Concrete Form &amp; Rigging Hardware Supplier\" \/>\n<meta property=\"article:publisher\" content=\"https:\/\/www.facebook.com\/qingdaohf\" \/>\n<meta property=\"article:modified_time\" content=\"2025-11-13T01:03:14+00:00\" \/>\n<meta property=\"og:image\" content=\"https:\/\/qingdaohf.com\/wp-content\/uploads\/2024\/06\/J-hook-chain-5.webp\" \/>\n\t<meta property=\"og:image:width\" content=\"1000\" \/>\n\t<meta property=\"og:image:height\" content=\"1000\" \/>\n\t<meta property=\"og:image:type\" content=\"image\/webp\" \/>\n<meta name=\"twitter:card\" content=\"summary_large_image\" \/>\n<meta name=\"twitter:label1\" content=\"Est. reading time\" \/>\n\t<meta name=\"twitter:data1\" content=\"3 min\u016btes\" \/>\n<script type=\"application\/ld+json\" class=\"yoast-schema-graph\">{\"@context\":\"https:\/\/schema.org\",\"@graph\":[{\"@type\":\"WebPage\",\"@id\":\"https:\/\/qingdaohf.com\/product\/j-hook-tow-chain\/\",\"url\":\"https:\/\/qingdaohf.com\/product\/j-hook-tow-chain\/\",\"name\":\"J Hook Tow Chain\",\"isPartOf\":{\"@id\":\"https:\/\/qingdaohf.com\/bg\/#website\"},\"primaryImageOfPage\":{\"@id\":\"https:\/\/qingdaohf.com\/product\/j-hook-tow-chain\/#primaryimage\"},\"image\":{\"@id\":\"https:\/\/qingdaohf.com\/product\/j-hook-tow-chain\/#primaryimage\"},\"thumbnailUrl\":\"https:\/\/qingdaohf.com\/wp-content\/uploads\/2024\/06\/J-hook-chain-5.webp\",\"datePublished\":\"2024-06-28T06:33:31+00:00\",\"dateModified\":\"2025-11-13T01:03:14+00:00\",\"description\":\"J Hook Tow Chain is a durable and versatile tool designed for heavy-duty towing applications. Constructed from high-quality steel, it offers exceptional strength and reliability.\",\"breadcrumb\":{\"@id\":\"https:\/\/qingdaohf.com\/product\/j-hook-tow-chain\/#breadcrumb\"},\"inLanguage\":\"lv-LV\",\"potentialAction\":[{\"@type\":\"ReadAction\",\"target\":[\"https:\/\/qingdaohf.com\/product\/j-hook-tow-chain\/\"]}]},{\"@type\":\"ImageObject\",\"inLanguage\":\"lv-LV\",\"@id\":\"https:\/\/qingdaohf.com\/product\/j-hook-tow-chain\/#primaryimage\",\"url\":\"https:\/\/qingdaohf.com\/wp-content\/uploads\/2024\/06\/J-hook-chain-5.webp\",\"contentUrl\":\"https:\/\/qingdaohf.com\/wp-content\/uploads\/2024\/06\/J-hook-chain-5.webp\",\"width\":1000,\"height\":1000,\"caption\":\"J hook chain\"},{\"@type\":\"BreadcrumbList\",\"@id\":\"https:\/\/qingdaohf.com\/product\/j-hook-tow-chain\/#breadcrumb\",\"itemListElement\":[{\"@type\":\"ListItem\",\"position\":1,\"name\":\"Home\",\"item\":\"https:\/\/qingdaohf.com\/\"},{\"@type\":\"ListItem\",\"position\":2,\"name\":\"Concrete Forming Accessories and Rigging Hardware\",\"item\":\"https:\/\/qingdaohf.com\/bg\/?page_id=944\"},{\"@type\":\"ListItem\",\"position\":3,\"name\":\"J Hook Tow Chain\"}]},{\"@type\":\"WebSite\",\"@id\":\"https:\/\/qingdaohf.com\/bg\/#website\",\"url\":\"https:\/\/qingdaohf.com\/bg\/\",\"name\":\"Concrete Form & Rigging Hardware Supplier\",\"description\":\"\",\"publisher\":{\"@id\":\"https:\/\/qingdaohf.com\/bg\/#organization\"},\"potentialAction\":[{\"@type\":\"SearchAction\",\"target\":{\"@type\":\"EntryPoint\",\"urlTemplate\":\"https:\/\/qingdaohf.com\/bg\/?s={search_term_string}\"},\"query-input\":{\"@type\":\"PropertyValueSpecification\",\"valueRequired\":true,\"valueName\":\"search_term_string\"}}],\"inLanguage\":\"lv-LV\"},{\"@type\":\"Organization\",\"@id\":\"https:\/\/qingdaohf.com\/bg\/#organization\",\"name\":\"Qingdao H&F\",\"url\":\"https:\/\/qingdaohf.com\/bg\/\",\"logo\":{\"@type\":\"ImageObject\",\"inLanguage\":\"lv-LV\",\"@id\":\"https:\/\/qingdaohf.com\/bg\/#\/schema\/logo\/image\/\",\"url\":\"https:\/\/qingdaohf.com\/wp-content\/uploads\/2022\/12\/cropped-HF-LOGO.png\",\"contentUrl\":\"https:\/\/qingdaohf.com\/wp-content\/uploads\/2022\/12\/cropped-HF-LOGO.png\",\"width\":391,\"height\":249,\"caption\":\"Qingdao H&F\"},\"image\":{\"@id\":\"https:\/\/qingdaohf.com\/bg\/#\/schema\/logo\/image\/\"},\"sameAs\":[\"https:\/\/www.facebook.com\/qingdaohf\"]}]}<\/script>\n<!-- \/ Yoast SEO plugin. -->","yoast_head_json":{"title":"J Hook Tow Chain","description":"J Hook Tow Chain is a durable and versatile tool designed for heavy-duty towing applications. Constructed from high-quality steel, it offers exceptional strength and reliability.","robots":{"index":"index","follow":"follow","max-snippet":"max-snippet:-1","max-image-preview":"max-image-preview:large","max-video-preview":"max-video-preview:-1"},"canonical":"https:\/\/qingdaohf.com\/lv\/products\/j-aka-vilksanas-kede\/","og_locale":"lv_LV","og_type":"article","og_title":"J Hook Tow Chain","og_description":"J Hook Tow Chain is a durable and versatile tool designed for heavy-duty towing applications. Constructed from high-quality steel, it offers exceptional strength and reliability.","og_url":"https:\/\/qingdaohf.com\/lv\/products\/j-aka-vilksanas-kede\/","og_site_name":"Concrete Form &amp; Rigging Hardware Supplier","article_publisher":"https:\/\/www.facebook.com\/qingdaohf","article_modified_time":"2025-11-13T01:03:14+00:00","og_image":[{"width":1000,"height":1000,"url":"https:\/\/qingdaohf.com\/wp-content\/uploads\/2024\/06\/J-hook-chain-5.webp","type":"image\/webp"}],"twitter_card":"summary_large_image","twitter_misc":{"Est. reading time":"3 min\u016btes"},"schema":{"@context":"https:\/\/schema.org","@graph":[{"@type":"WebPage","@id":"https:\/\/qingdaohf.com\/product\/j-hook-tow-chain\/","url":"https:\/\/qingdaohf.com\/product\/j-hook-tow-chain\/","name":"J Hook Tow Chain","isPartOf":{"@id":"https:\/\/qingdaohf.com\/bg\/#website"},"primaryImageOfPage":{"@id":"https:\/\/qingdaohf.com\/product\/j-hook-tow-chain\/#primaryimage"},"image":{"@id":"https:\/\/qingdaohf.com\/product\/j-hook-tow-chain\/#primaryimage"},"thumbnailUrl":"https:\/\/qingdaohf.com\/wp-content\/uploads\/2024\/06\/J-hook-chain-5.webp","datePublished":"2024-06-28T06:33:31+00:00","dateModified":"2025-11-13T01:03:14+00:00","description":"J Hook Tow Chain is a durable and versatile tool designed for heavy-duty towing applications. Constructed from high-quality steel, it offers exceptional strength and reliability.","breadcrumb":{"@id":"https:\/\/qingdaohf.com\/product\/j-hook-tow-chain\/#breadcrumb"},"inLanguage":"lv-LV","potentialAction":[{"@type":"ReadAction","target":["https:\/\/qingdaohf.com\/product\/j-hook-tow-chain\/"]}]},{"@type":"ImageObject","inLanguage":"lv-LV","@id":"https:\/\/qingdaohf.com\/product\/j-hook-tow-chain\/#primaryimage","url":"https:\/\/qingdaohf.com\/wp-content\/uploads\/2024\/06\/J-hook-chain-5.webp","contentUrl":"https:\/\/qingdaohf.com\/wp-content\/uploads\/2024\/06\/J-hook-chain-5.webp","width":1000,"height":1000,"caption":"J hook chain"},{"@type":"BreadcrumbList","@id":"https:\/\/qingdaohf.com\/product\/j-hook-tow-chain\/#breadcrumb","itemListElement":[{"@type":"ListItem","position":1,"name":"Home","item":"https:\/\/qingdaohf.com\/"},{"@type":"ListItem","position":2,"name":"Concrete Forming Accessories and Rigging Hardware","item":"https:\/\/qingdaohf.com\/bg\/?page_id=944"},{"@type":"ListItem","position":3,"name":"J Hook Tow Chain"}]},{"@type":"WebSite","@id":"https:\/\/qingdaohf.com\/bg\/#website","url":"https:\/\/qingdaohf.com\/bg\/","name":"Concrete Form & Rigging Hardware Supplier","description":"","publisher":{"@id":"https:\/\/qingdaohf.com\/bg\/#organization"},"potentialAction":[{"@type":"SearchAction","target":{"@type":"EntryPoint","urlTemplate":"https:\/\/qingdaohf.com\/bg\/?s={search_term_string}"},"query-input":{"@type":"PropertyValueSpecification","valueRequired":true,"valueName":"search_term_string"}}],"inLanguage":"lv-LV"},{"@type":"Organization","@id":"https:\/\/qingdaohf.com\/bg\/#organization","name":"Qingdao H&F","url":"https:\/\/qingdaohf.com\/bg\/","logo":{"@type":"ImageObject","inLanguage":"lv-LV","@id":"https:\/\/qingdaohf.com\/bg\/#\/schema\/logo\/image\/","url":"https:\/\/qingdaohf.com\/wp-content\/uploads\/2022\/12\/cropped-HF-LOGO.png","contentUrl":"https:\/\/qingdaohf.com\/wp-content\/uploads\/2022\/12\/cropped-HF-LOGO.png","width":391,"height":249,"caption":"Qingdao H&F"},"image":{"@id":"https:\/\/qingdaohf.com\/bg\/#\/schema\/logo\/image\/"},"sameAs":["https:\/\/www.facebook.com\/qingdaohf"]}]}},"_links":{"self":[{"href":"https:\/\/qingdaohf.com\/lv\/wp-json\/wp\/v2\/product\/7535","targetHints":{"allow":["GET"]}}],"collection":[{"href":"https:\/\/qingdaohf.com\/lv\/wp-json\/wp\/v2\/product"}],"about":[{"href":"https:\/\/qingdaohf.com\/lv\/wp-json\/wp\/v2\/types\/product"}],"replies":[{"embeddable":true,"href":"https:\/\/qingdaohf.com\/lv\/wp-json\/wp\/v2\/comments?post=7535"}],"version-history":[{"count":3,"href":"https:\/\/qingdaohf.com\/lv\/wp-json\/wp\/v2\/product\/7535\/revisions"}],"predecessor-version":[{"id":7550,"href":"https:\/\/qingdaohf.com\/lv\/wp-json\/wp\/v2\/product\/7535\/revisions\/7550"}],"wp:featuredmedia":[{"embeddable":true,"href":"https:\/\/qingdaohf.com\/lv\/wp-json\/wp\/v2\/media\/8183"}],"wp:attachment":[{"href":"https:\/\/qingdaohf.com\/lv\/wp-json\/wp\/v2\/media?parent=7535"}],"wp:term":[{"taxonomy":"product_brand","embeddable":true,"href":"https:\/\/qingdaohf.com\/lv\/wp-json\/wp\/v2\/product_brand?post=7535"},{"taxonomy":"product_cat","embeddable":true,"href":"https:\/\/qingdaohf.com\/lv\/wp-json\/wp\/v2\/product_cat?post=7535"},{"taxonomy":"product_tag","embeddable":true,"href":"https:\/\/qingdaohf.com\/lv\/wp-json\/wp\/v2\/product_tag?post=7535"}],"curies":[{"name":"wp","href":"https:\/\/api.w.org\/{rel}","templated":true}]}}