{"id":7781,"date":"2024-09-12T10:21:48","date_gmt":"2024-09-12T02:21:48","guid":{"rendered":"http:\/\/qingdaohf.com\/?post_type=product&#038;p=7781"},"modified":"2025-11-13T09:03:14","modified_gmt":"2025-11-13T01:03:14","slug":"heavy-duty-stub-end-k2-b-thimble","status":"publish","type":"product","link":"https:\/\/qingdaohf.com\/lv\/products\/k2-b-uzpirkstenis-ar-lielu-slodzi\/","title":{"rendered":"K2-B uzpirkstenis ar lieljaudas uzmavas galu"},"content":{"rendered":"<p>K2-B uzpirkstenis ar lieljaudas uzmavas galu nodro\u0161ina izcilu veiktsp\u0113ju un uzticam\u012bbu stiep\u013cu tro\u0161u cilpu nostiprin\u0101\u0161anai lieljaudas apst\u0101k\u013cos. Neatkar\u012bgi no t\u0101, vai runa ir par augstsprieguma situ\u0101cij\u0101m, r\u016bpnieciskiem pacel\u0161anas darbiem vai lietojumiem j\u016br\u0101, \u0161is uzpirkstenis ir konstru\u0113ts t\u0101, lai iztur\u0113tu smagus apst\u0101k\u013cus, vienlaikus aizsarg\u0101jot stiep\u013cu tro\u0161u integrit\u0101ti. T\u0101 iztur\u012bg\u0101 konstrukcija un dizains padara to par risin\u0101jumu profesion\u0101\u013ciem, kas mekl\u0113 iztur\u012bbu un aizsardz\u012bbu ikvien\u0101 lieto\u0161anas reiz\u0113.<\/p>\n<h4>K2-B uzpirkst\u012btes K2-B izmanto\u0161anas priek\u0161roc\u012bbas r\u016bpnieciskos apst\u0101k\u013cos<\/h4>\n<p>Viena no izcil\u0101kaj\u0101m K2-B uzpirkst\u012btes ar lieljaudas uzga\u013ca \u012bpa\u0161\u012bb\u0101m ir t\u0101s sp\u0113ja iztur\u0113t \u0101rk\u0101rt\u0113ju slodzi un spiedienu, t\u0101p\u0113c t\u0101 ir ide\u0101li piem\u0113rota nozar\u0113m, kur\u0101s dro\u0161\u012bba un iztur\u012bba ir vissvar\u012bg\u0101k\u0101. B\u016bvniec\u012bbas, takel\u0101\u017eas un j\u016brniec\u012bbas nozar\u0113 stiep\u013cu troses ir pak\u013cautas past\u0101v\u012bgai slodzei, un \u0161is uzpirkstenis darbojas k\u0101 aizsargs pret nodilumu un nodilumu. Stubl\u0101ja gala konstrukcija uzlabo virves cilpas stabilit\u0101ti, nodro\u0161inot papildu dro\u0161\u012bbu, str\u0101d\u0101jot ar liel\u0101m krav\u0101m vai skarb\u0101 vid\u0113.<\/p>\n<p>K2-B uzpirkst\u012btes sader\u012bba ar pla\u0161u stiep\u013cu tro\u0161u izm\u0113ru kl\u0101stu \u013cauj to izmantot daudz\u0101s nozar\u0113s. T\u0101 iztur\u012bg\u0101 konstrukcija nodro\u0161ina ilgsto\u0161u lieto\u0161anu bez bie\u017eas nomai\u0146as, pal\u012bdzot samazin\u0101t uztur\u0113\u0161anas izmaksas. Samazinot tro\u0161u nodilumu, uzpirkstenis pal\u012bdz saglab\u0101t stiep\u013cu tro\u0161u iztur\u012bbu un integrit\u0101ti, padarot to par neaizst\u0101jamu r\u012bku profesion\u0101\u013ciem.<\/p>\n<h4>K\u0101p\u0113c izv\u0113l\u0113ties stub-galu konstrukciju liel\u0101m slodz\u0113m<\/h4>\n<p>K2-B uzpirkst\u012btes uzgalis ir b\u016btiska iez\u012bme, kas to at\u0161\u0137ir no standarta uzpirkst\u012bt\u0113m. \u0160\u012b konstrukcija nodro\u0161ina papildu pastiprin\u0101jumu viet\u0101, kur stiep\u013cu virve veido cilpu, t\u0101d\u0113j\u0101di samazinot sl\u012bd\u0113\u0161anas risku un pagarinot virves kalpo\u0161anas laiku. Augstas spriedzes iek\u0101rt\u0101s pat neliels sl\u012bd\u0113jums var rad\u012bt b\u012bstamas situ\u0101cijas, t\u0101p\u0113c dro\u0161a uzpirkstenis ir b\u016btisks dro\u0161\u012bbas nodro\u0161in\u0101\u0161anai.<\/p>\n<p>K2-B uzpirkstenis ar lielu slodzi ar\u012b samazina virves lieces spriegumu, kas ir \u013coti svar\u012bgi, ja tiek izmantota ar lielu slodzi. Uzpirkst\u012btes glud\u0101 iek\u0161puse nov\u0113r\u0161 nodilumu, kas ir izplat\u012bta probl\u0113ma, kad met\u0101ls saskaras ar stiepli slodzes apst\u0101k\u013cos. Tas ne tikai pagarina virves kalpo\u0161anas laiku, bet ar\u012b nodro\u0161ina vienm\u0113r\u012bg\u0101ku un uzticam\u0101ku darb\u012bbu cel\u0161anas, vilk\u0161anas vai citos r\u016bpnieciskos lietojumos.<\/p>\n<h4>K2-B uzpirkst\u012btes iztur\u012bba un materi\u0101li<\/h4>\n<p>Kad runa ir par iztur\u012bbu, K2-B uzpirkstenis ar lieljaudas stubl\u0101ju ir nep\u0101rsp\u0113jams. Izgatavots no augstas kvalit\u0101tes t\u0113rauda vai citiem iztur\u012bgiem materi\u0101liem, tas ir konstru\u0113ts t\u0101, lai iztur\u0113tu koroziju un stihijas. Tas padara to ide\u0101li piem\u0113rotu lieto\u0161anai \u0101rpus telp\u0101m, jo \u012bpa\u0161i j\u016bras vid\u0113, kur s\u0101ls\u016bdens iedarb\u012bba var izrais\u012bt \u0101tru standarta apr\u012bkojuma nolietojumu.<\/p>\n<p>Uzpirkst\u012btes korozijiztur\u012bg\u0101s \u012bpa\u0161\u012bbas nodro\u0161ina, ka t\u0101 saglab\u0101 struktur\u0101lo integrit\u0101ti pat p\u0113c ilgsto\u0161as pak\u013cau\u0161anas nelabv\u0113l\u012bgiem vides apst\u0101k\u013ciem. Tas padara to par uzticamu izv\u0113li ilgtermi\u0146a projektiem un nozar\u0113m, kur\u0101s nepiecie\u0161ama nep\u0101rtraukta smagumu cel\u0161ana vai spriegojuma pielieto\u0161ana. T\u0101 iztur\u012bg\u0101 konstrukcija ne tikai pagarina pa\u0161a uzpirkst\u012btes kalpo\u0161anas laiku, bet ar\u012b aizsarg\u0101 stiep\u013cu trosi no berzes vai vides nodiluma rad\u012btiem boj\u0101jumiem.<\/p>\n<h4>Secin\u0101jums: B\u016btisks r\u012bks r\u016bpnieciskiem lietojumiem<\/h4>\n<p>Kopsavilkum\u0101, K2-B uzpirkstenis ir svar\u012bgs r\u012bks ikvienam profesion\u0101lim, kas str\u0101d\u0101 ar liel\u0101m slodz\u0113m, augstsprieguma iek\u0101rt\u0101m vai kam nepiecie\u0161ama iztur\u012bga stiep\u013cu tro\u0161u aizsardz\u012bba. T\u0101 iztur\u012bg\u0101 konstrukcija, augstas kvalit\u0101tes materi\u0101li un sp\u0113ja iztur\u0113t ekstrem\u0101lus apst\u0101k\u013cus padara to par izcilu izv\u0113li da\u017e\u0101d\u0101s nozar\u0113s, s\u0101kot no b\u016bvniec\u012bbas l\u012bdz pat j\u016bras darbiem.<\/p>\n<p>Izv\u0113loties K2-B uzpirksteni, j\u016bs nodro\u0161in\u0101siet, ka j\u016bsu stiep\u013cu troses kalpos ilg\u0101k, darbosies lab\u0101k un nodro\u0161in\u0101s nepiecie\u0161amo dro\u0161\u012bbas l\u012bmeni sare\u017e\u0123\u012bt\u0101s vid\u0113s. Ieguld\u012bjumi \u0161\u0101dos kvalitat\u012bvos produktos ne tikai ietaupa laiku un naudu ilgtermi\u0146\u0101, bet ar\u012b garant\u0113 visaugst\u0101ko veiktsp\u0113jas standartu katr\u0101 darb\u0101.<\/p>","protected":false},"excerpt":{"rendered":"<p>K2-B uzpirkstenis ir izstr\u0101d\u0101ts, lai nodro\u0161in\u0101tu izcilu stiprin\u0101jumu un aizsardz\u012bbu stiep\u013cu tro\u0161u un kabe\u013cu cilp\u0101m, nodro\u0161inot maksim\u0101lu iztur\u012bbu sare\u017e\u0123\u012btos apst\u0101k\u013cos. \u0160is uzpirkstenis ir izgatavots no augstas kvalit\u0101tes materi\u0101liem un konstru\u0113ts lieto\u0161anai lielos slodzes slodzes apst\u0101k\u013cos, t\u0101p\u0113c tas ir ide\u0101li piem\u0113rots izmanto\u0161anai r\u016bpniec\u012bb\u0101. T\u0101 uzga\u013ca dizains nodro\u0161ina dro\u0161u stiprin\u0101jumu, samazinot nodilumu un nolietojumu, vienlaikus pagarinot j\u016bsu apr\u012bkojuma kalpo\u0161anas laiku.<\/p>","protected":false},"featured_media":7808,"comment_status":"open","ping_status":"closed","template":"","meta":{"site-sidebar-layout":"default","site-content-layout":"","ast-site-content-layout":"default","site-content-style":"default","site-sidebar-style":"default","ast-global-header-display":"","ast-banner-title-visibility":"","ast-main-header-display":"","ast-hfb-above-header-display":"","ast-hfb-below-header-display":"","ast-hfb-mobile-header-display":"","site-post-title":"","ast-breadcrumbs-content":"","ast-featured-img":"","footer-sml-layout":"","theme-transparent-header-meta":"default","adv-header-id-meta":"","stick-header-meta":"default","header-above-stick-meta":"","header-main-stick-meta":"","header-below-stick-meta":"","astra-migrate-meta-layouts":"set","ast-page-background-enabled":"default","ast-page-background-meta":{"desktop":{"background-color":"","background-image":"","background-repeat":"repeat","background-position":"center center","background-size":"auto","background-attachment":"scroll","background-type":"","background-media":"","overlay-type":"","overlay-color":"","overlay-opacity":"","overlay-gradient":""},"tablet":{"background-color":"","background-image":"","background-repeat":"repeat","background-position":"center center","background-size":"auto","background-attachment":"scroll","background-type":"","background-media":"","overlay-type":"","overlay-color":"","overlay-opacity":"","overlay-gradient":""},"mobile":{"background-color":"","background-image":"","background-repeat":"repeat","background-position":"center center","background-size":"auto","background-attachment":"scroll","background-type":"","background-media":"","overlay-type":"","overlay-color":"","overlay-opacity":"","overlay-gradient":""}},"ast-content-background-meta":{"desktop":{"background-color":"var(--ast-global-color-5)","background-image":"","background-repeat":"repeat","background-position":"center center","background-size":"auto","background-attachment":"scroll","background-type":"","background-media":"","overlay-type":"","overlay-color":"","overlay-opacity":"","overlay-gradient":""},"tablet":{"background-color":"var(--ast-global-color-5)","background-image":"","background-repeat":"repeat","background-position":"center center","background-size":"auto","background-attachment":"scroll","background-type":"","background-media":"","overlay-type":"","overlay-color":"","overlay-opacity":"","overlay-gradient":""},"mobile":{"background-color":"var(--ast-global-color-5)","background-image":"","background-repeat":"repeat","background-position":"center center","background-size":"auto","background-attachment":"scroll","background-type":"","background-media":"","overlay-type":"","overlay-color":"","overlay-opacity":"","overlay-gradient":""}}},"product_brand":[],"product_cat":[37],"product_tag":[],"class_list":{"0":"post-7781","1":"product","2":"type-product","3":"status-publish","4":"has-post-thumbnail","6":"product_cat-wire-rope","7":"desktop-align-left","8":"tablet-align-left","9":"mobile-align-left","10":"ast-product-gallery-layout-horizontal-slider","11":"ast-product-tabs-layout-horizontal","13":"first","14":"instock","15":"shipping-taxable","16":"purchasable","17":"product-type-simple"},"yoast_head":"<!-- This site is optimized with the Yoast SEO plugin v25.2 - https:\/\/yoast.com\/wordpress\/plugins\/seo\/ -->\n<title>Heavy Duty Stub-End K2-B Thimble<\/title>\n<meta name=\"robots\" content=\"index, follow, max-snippet:-1, max-image-preview:large, max-video-preview:-1\" \/>\n<link rel=\"canonical\" href=\"https:\/\/qingdaohf.com\/lv\/products\/k2-b-uzpirkstenis-ar-lielu-slodzi\/\" \/>\n<meta property=\"og:locale\" content=\"lv_LV\" \/>\n<meta property=\"og:type\" content=\"article\" \/>\n<meta property=\"og:title\" content=\"Heavy Duty Stub-End K2-B Thimble\" \/>\n<meta property=\"og:description\" content=\"The Heavy Duty Stub-End K2-B Thimble is designed to provide superior reinforcement and protection to wire rope and cable loops, ensuring maximum durability in demanding conditions. This thimble is crafted from high-quality materials and engineered for heavy-duty use, making it ideal for industrial applications. Its stub-end design allows for a secure fit, reducing wear and tear while extending the life of your equipment.\" \/>\n<meta property=\"og:url\" content=\"https:\/\/qingdaohf.com\/lv\/products\/k2-b-uzpirkstenis-ar-lielu-slodzi\/\" \/>\n<meta property=\"og:site_name\" content=\"Concrete Form &amp; Rigging Hardware Supplier\" \/>\n<meta property=\"article:publisher\" content=\"https:\/\/www.facebook.com\/qingdaohf\" \/>\n<meta property=\"article:modified_time\" content=\"2025-11-13T01:03:14+00:00\" \/>\n<meta property=\"og:image\" content=\"https:\/\/qingdaohf.com\/wp-content\/uploads\/2024\/09\/Heavy-Duty-Stub-End-K2-B-Thimble.jpg\" \/>\n\t<meta property=\"og:image:width\" content=\"1000\" \/>\n\t<meta property=\"og:image:height\" content=\"1000\" \/>\n\t<meta property=\"og:image:type\" content=\"image\/jpeg\" \/>\n<meta name=\"twitter:card\" content=\"summary_large_image\" \/>\n<meta name=\"twitter:label1\" content=\"Est. reading time\" \/>\n\t<meta name=\"twitter:data1\" content=\"3 min\u016btes\" \/>\n<script type=\"application\/ld+json\" class=\"yoast-schema-graph\">{\"@context\":\"https:\/\/schema.org\",\"@graph\":[{\"@type\":\"WebPage\",\"@id\":\"https:\/\/qingdaohf.com\/product\/heavy-duty-stub-end-k2-b-thimble\/\",\"url\":\"https:\/\/qingdaohf.com\/product\/heavy-duty-stub-end-k2-b-thimble\/\",\"name\":\"Heavy Duty Stub-End K2-B Thimble\",\"isPartOf\":{\"@id\":\"https:\/\/qingdaohf.com\/bg\/#website\"},\"primaryImageOfPage\":{\"@id\":\"https:\/\/qingdaohf.com\/product\/heavy-duty-stub-end-k2-b-thimble\/#primaryimage\"},\"image\":{\"@id\":\"https:\/\/qingdaohf.com\/product\/heavy-duty-stub-end-k2-b-thimble\/#primaryimage\"},\"thumbnailUrl\":\"https:\/\/qingdaohf.com\/wp-content\/uploads\/2024\/09\/Heavy-Duty-Stub-End-K2-B-Thimble.jpg\",\"datePublished\":\"2024-09-12T02:21:48+00:00\",\"dateModified\":\"2025-11-13T01:03:14+00:00\",\"breadcrumb\":{\"@id\":\"https:\/\/qingdaohf.com\/product\/heavy-duty-stub-end-k2-b-thimble\/#breadcrumb\"},\"inLanguage\":\"lv-LV\",\"potentialAction\":[{\"@type\":\"ReadAction\",\"target\":[\"https:\/\/qingdaohf.com\/product\/heavy-duty-stub-end-k2-b-thimble\/\"]}]},{\"@type\":\"ImageObject\",\"inLanguage\":\"lv-LV\",\"@id\":\"https:\/\/qingdaohf.com\/product\/heavy-duty-stub-end-k2-b-thimble\/#primaryimage\",\"url\":\"https:\/\/qingdaohf.com\/wp-content\/uploads\/2024\/09\/Heavy-Duty-Stub-End-K2-B-Thimble.jpg\",\"contentUrl\":\"https:\/\/qingdaohf.com\/wp-content\/uploads\/2024\/09\/Heavy-Duty-Stub-End-K2-B-Thimble.jpg\",\"width\":1000,\"height\":1000,\"caption\":\"Heavy Duty Stub-End K2-B Thimble\"},{\"@type\":\"BreadcrumbList\",\"@id\":\"https:\/\/qingdaohf.com\/product\/heavy-duty-stub-end-k2-b-thimble\/#breadcrumb\",\"itemListElement\":[{\"@type\":\"ListItem\",\"position\":1,\"name\":\"Home\",\"item\":\"https:\/\/qingdaohf.com\/\"},{\"@type\":\"ListItem\",\"position\":2,\"name\":\"Concrete Forming Accessories and Rigging Hardware\",\"item\":\"https:\/\/qingdaohf.com\/bg\/?page_id=944\"},{\"@type\":\"ListItem\",\"position\":3,\"name\":\"Heavy Duty Stub-End K2-B Thimble\"}]},{\"@type\":\"WebSite\",\"@id\":\"https:\/\/qingdaohf.com\/bg\/#website\",\"url\":\"https:\/\/qingdaohf.com\/bg\/\",\"name\":\"Concrete Form & Rigging Hardware Supplier\",\"description\":\"\",\"publisher\":{\"@id\":\"https:\/\/qingdaohf.com\/bg\/#organization\"},\"potentialAction\":[{\"@type\":\"SearchAction\",\"target\":{\"@type\":\"EntryPoint\",\"urlTemplate\":\"https:\/\/qingdaohf.com\/bg\/?s={search_term_string}\"},\"query-input\":{\"@type\":\"PropertyValueSpecification\",\"valueRequired\":true,\"valueName\":\"search_term_string\"}}],\"inLanguage\":\"lv-LV\"},{\"@type\":\"Organization\",\"@id\":\"https:\/\/qingdaohf.com\/bg\/#organization\",\"name\":\"Qingdao H&F\",\"url\":\"https:\/\/qingdaohf.com\/bg\/\",\"logo\":{\"@type\":\"ImageObject\",\"inLanguage\":\"lv-LV\",\"@id\":\"https:\/\/qingdaohf.com\/bg\/#\/schema\/logo\/image\/\",\"url\":\"https:\/\/qingdaohf.com\/wp-content\/uploads\/2022\/12\/cropped-HF-LOGO.png\",\"contentUrl\":\"https:\/\/qingdaohf.com\/wp-content\/uploads\/2022\/12\/cropped-HF-LOGO.png\",\"width\":391,\"height\":249,\"caption\":\"Qingdao H&F\"},\"image\":{\"@id\":\"https:\/\/qingdaohf.com\/bg\/#\/schema\/logo\/image\/\"},\"sameAs\":[\"https:\/\/www.facebook.com\/qingdaohf\"]}]}<\/script>\n<!-- \/ Yoast SEO plugin. -->","yoast_head_json":{"title":"Heavy Duty Stub-End K2-B Thimble","robots":{"index":"index","follow":"follow","max-snippet":"max-snippet:-1","max-image-preview":"max-image-preview:large","max-video-preview":"max-video-preview:-1"},"canonical":"https:\/\/qingdaohf.com\/lv\/products\/k2-b-uzpirkstenis-ar-lielu-slodzi\/","og_locale":"lv_LV","og_type":"article","og_title":"Heavy Duty Stub-End K2-B Thimble","og_description":"The Heavy Duty Stub-End K2-B Thimble is designed to provide superior reinforcement and protection to wire rope and cable loops, ensuring maximum durability in demanding conditions. This thimble is crafted from high-quality materials and engineered for heavy-duty use, making it ideal for industrial applications. Its stub-end design allows for a secure fit, reducing wear and tear while extending the life of your equipment.","og_url":"https:\/\/qingdaohf.com\/lv\/products\/k2-b-uzpirkstenis-ar-lielu-slodzi\/","og_site_name":"Concrete Form &amp; Rigging Hardware Supplier","article_publisher":"https:\/\/www.facebook.com\/qingdaohf","article_modified_time":"2025-11-13T01:03:14+00:00","og_image":[{"width":1000,"height":1000,"url":"https:\/\/qingdaohf.com\/wp-content\/uploads\/2024\/09\/Heavy-Duty-Stub-End-K2-B-Thimble.jpg","type":"image\/jpeg"}],"twitter_card":"summary_large_image","twitter_misc":{"Est. reading time":"3 min\u016btes"},"schema":{"@context":"https:\/\/schema.org","@graph":[{"@type":"WebPage","@id":"https:\/\/qingdaohf.com\/product\/heavy-duty-stub-end-k2-b-thimble\/","url":"https:\/\/qingdaohf.com\/product\/heavy-duty-stub-end-k2-b-thimble\/","name":"Heavy Duty Stub-End K2-B Thimble","isPartOf":{"@id":"https:\/\/qingdaohf.com\/bg\/#website"},"primaryImageOfPage":{"@id":"https:\/\/qingdaohf.com\/product\/heavy-duty-stub-end-k2-b-thimble\/#primaryimage"},"image":{"@id":"https:\/\/qingdaohf.com\/product\/heavy-duty-stub-end-k2-b-thimble\/#primaryimage"},"thumbnailUrl":"https:\/\/qingdaohf.com\/wp-content\/uploads\/2024\/09\/Heavy-Duty-Stub-End-K2-B-Thimble.jpg","datePublished":"2024-09-12T02:21:48+00:00","dateModified":"2025-11-13T01:03:14+00:00","breadcrumb":{"@id":"https:\/\/qingdaohf.com\/product\/heavy-duty-stub-end-k2-b-thimble\/#breadcrumb"},"inLanguage":"lv-LV","potentialAction":[{"@type":"ReadAction","target":["https:\/\/qingdaohf.com\/product\/heavy-duty-stub-end-k2-b-thimble\/"]}]},{"@type":"ImageObject","inLanguage":"lv-LV","@id":"https:\/\/qingdaohf.com\/product\/heavy-duty-stub-end-k2-b-thimble\/#primaryimage","url":"https:\/\/qingdaohf.com\/wp-content\/uploads\/2024\/09\/Heavy-Duty-Stub-End-K2-B-Thimble.jpg","contentUrl":"https:\/\/qingdaohf.com\/wp-content\/uploads\/2024\/09\/Heavy-Duty-Stub-End-K2-B-Thimble.jpg","width":1000,"height":1000,"caption":"Heavy Duty Stub-End K2-B Thimble"},{"@type":"BreadcrumbList","@id":"https:\/\/qingdaohf.com\/product\/heavy-duty-stub-end-k2-b-thimble\/#breadcrumb","itemListElement":[{"@type":"ListItem","position":1,"name":"Home","item":"https:\/\/qingdaohf.com\/"},{"@type":"ListItem","position":2,"name":"Concrete Forming Accessories and Rigging Hardware","item":"https:\/\/qingdaohf.com\/bg\/?page_id=944"},{"@type":"ListItem","position":3,"name":"Heavy Duty Stub-End K2-B Thimble"}]},{"@type":"WebSite","@id":"https:\/\/qingdaohf.com\/bg\/#website","url":"https:\/\/qingdaohf.com\/bg\/","name":"Concrete Form & Rigging Hardware Supplier","description":"","publisher":{"@id":"https:\/\/qingdaohf.com\/bg\/#organization"},"potentialAction":[{"@type":"SearchAction","target":{"@type":"EntryPoint","urlTemplate":"https:\/\/qingdaohf.com\/bg\/?s={search_term_string}"},"query-input":{"@type":"PropertyValueSpecification","valueRequired":true,"valueName":"search_term_string"}}],"inLanguage":"lv-LV"},{"@type":"Organization","@id":"https:\/\/qingdaohf.com\/bg\/#organization","name":"Qingdao H&F","url":"https:\/\/qingdaohf.com\/bg\/","logo":{"@type":"ImageObject","inLanguage":"lv-LV","@id":"https:\/\/qingdaohf.com\/bg\/#\/schema\/logo\/image\/","url":"https:\/\/qingdaohf.com\/wp-content\/uploads\/2022\/12\/cropped-HF-LOGO.png","contentUrl":"https:\/\/qingdaohf.com\/wp-content\/uploads\/2022\/12\/cropped-HF-LOGO.png","width":391,"height":249,"caption":"Qingdao H&F"},"image":{"@id":"https:\/\/qingdaohf.com\/bg\/#\/schema\/logo\/image\/"},"sameAs":["https:\/\/www.facebook.com\/qingdaohf"]}]}},"_links":{"self":[{"href":"https:\/\/qingdaohf.com\/lv\/wp-json\/wp\/v2\/product\/7781","targetHints":{"allow":["GET"]}}],"collection":[{"href":"https:\/\/qingdaohf.com\/lv\/wp-json\/wp\/v2\/product"}],"about":[{"href":"https:\/\/qingdaohf.com\/lv\/wp-json\/wp\/v2\/types\/product"}],"replies":[{"embeddable":true,"href":"https:\/\/qingdaohf.com\/lv\/wp-json\/wp\/v2\/comments?post=7781"}],"version-history":[{"count":1,"href":"https:\/\/qingdaohf.com\/lv\/wp-json\/wp\/v2\/product\/7781\/revisions"}],"predecessor-version":[{"id":7786,"href":"https:\/\/qingdaohf.com\/lv\/wp-json\/wp\/v2\/product\/7781\/revisions\/7786"}],"wp:featuredmedia":[{"embeddable":true,"href":"https:\/\/qingdaohf.com\/lv\/wp-json\/wp\/v2\/media\/7808"}],"wp:attachment":[{"href":"https:\/\/qingdaohf.com\/lv\/wp-json\/wp\/v2\/media?parent=7781"}],"wp:term":[{"taxonomy":"product_brand","embeddable":true,"href":"https:\/\/qingdaohf.com\/lv\/wp-json\/wp\/v2\/product_brand?post=7781"},{"taxonomy":"product_cat","embeddable":true,"href":"https:\/\/qingdaohf.com\/lv\/wp-json\/wp\/v2\/product_cat?post=7781"},{"taxonomy":"product_tag","embeddable":true,"href":"https:\/\/qingdaohf.com\/lv\/wp-json\/wp\/v2\/product_tag?post=7781"}],"curies":[{"name":"wp","href":"https:\/\/api.w.org\/{rel}","templated":true}]}}