{"id":7983,"date":"2024-09-30T14:34:11","date_gmt":"2024-09-30T06:34:11","guid":{"rendered":"http:\/\/qingdaohf.com\/?post_type=product&#038;p=7983"},"modified":"2025-11-13T09:03:13","modified_gmt":"2025-11-13T01:03:13","slug":"rebar-individual-high-chair","status":"publish","type":"product","link":"https:\/\/qingdaohf.com\/lv\/products\/armaturas-individuals-augsts-kresls\/","title":{"rendered":"Rebar individu\u0101lais augstais kr\u0113sls"},"content":{"rendered":"<h3>Izpratne par to, cik svar\u012bgi ir armat\u016bras individu\u0101lie augstie kr\u0113sli<\/h3>\n<p>Betona konstrukciju jom\u0101 pareizas armat\u016bras izvieto\u0161anas noz\u012bme ir nep\u0101rv\u0113rt\u0113jama. Armat\u016bra jeb stiegrojums kalpo k\u0101 betona konstrukciju mugurkauls, palielinot to iztur\u012bbu un iztur\u012bbu. Tom\u0113r, lai pan\u0101ktu v\u0113lamo konstrukcijas integrit\u0101ti, ir \u013coti svar\u012bgi, lai armat\u016bra b\u016btu prec\u012bzi novietota. Tie\u0161i \u0161aj\u0101 viet\u0101 ir nepiecie\u0161ams atsevi\u0161\u0137ais armat\u016bras augstk\u0101pjamais kr\u0113sls. \u0160is izstr\u0101d\u0101jums, kas ir \u012bpa\u0161i paredz\u0113ts armat\u016bras stiegru pacel\u0161anai, ne tikai atbalsta armat\u016bras svaru, bet ar\u012b nodro\u0161ina, ka t\u0101 paliek pareiz\u0101 augstum\u0101 vis\u0101 betona lie\u0161anas proces\u0101.<\/p>\n<p>Stiegrojuma stie\u0146u individu\u0101lais augstais kr\u0113sls ir konstru\u0113ts t\u0101, lai nodro\u0161in\u0101tu optim\u0101lu pac\u0113lumu, kas nodro\u0161ina pietiekamu stiegrojuma stie\u0146u piekarin\u0101\u0161anu betona mais\u012bjum\u0101. \u0160\u0101ds pac\u0113lums ir \u013coti svar\u012bgs, jo tas nov\u0113r\u0161 koroziju un veicina pareizu armat\u016bras un betona savieno\u0161anu. Turkl\u0101t, saglab\u0101jot vienm\u0113r\u012bgu att\u0101lumu, augstais kr\u0113sls atvieglo vienm\u0113r\u012bgu sprieguma sadal\u012bjumu pa konstrukciju, iev\u0113rojami palielinot t\u0101s nestsp\u0113ju.<\/p>\n<h3>Rebar individu\u0101lo augsto kr\u0113slu galven\u0101s funkcijas un priek\u0161roc\u012bbas<\/h3>\n<p>Viena no izcil\u0101kaj\u0101m Rebar individu\u0101l\u0101 augst\u0101 kr\u0113sla \u012bpa\u0161\u012bb\u0101m ir t\u0101 iztur\u012bg\u0101 konstrukcija. Tas ir izgatavots no augstas kvalit\u0101tes materi\u0101liem, un tas ir paredz\u0113ts, lai iztur\u0113tu stingras b\u016bvniec\u012bbas vides apst\u0101k\u013cus. T\u0101 iztur\u012bba nodro\u0161ina, ka tas neizlieksies un nesal\u016bz\u012bs spiediena ietekm\u0113, sniedzot uzticamu atbalstu kritiskos b\u016bvniec\u012bbas posmos.<\/p>\n<p>Turkl\u0101t Rebar individu\u0101lais augstais kr\u0113sls ir daudzpus\u012bgs. Tas ir pieejams da\u017e\u0101dos izm\u0113ros un ir piem\u0113rots da\u017e\u0101diem armat\u016bras stie\u0146u diametriem, t\u0101d\u0113j\u0101di tas ir piem\u0113rots da\u017e\u0101diem projektiem. \u0160\u012b piel\u0101gojam\u012bba ir \u012bpa\u0161i izdev\u012bga b\u016bvuz\u0146\u0113m\u0113jiem, kuri bie\u017ei str\u0101d\u0101 da\u017e\u0101dos b\u016bvlaukumos, \u013caujot vi\u0146iem izmantot vienu un to pa\u0161u augsto kr\u0113slu vair\u0101kiem pielietojumiem.<\/p>\n<p>V\u0113l viena noz\u012bm\u012bga Rebar individu\u0101l\u0101 augst\u0101 kr\u0113sla priek\u0161roc\u012bba ir t\u0101 vienk\u0101r\u0161\u0101 uzst\u0101d\u012b\u0161ana. Ar vienk\u0101r\u0161u uzst\u0101d\u012b\u0161anu celtnieku komandas var efekt\u012bvi novietot augstos kr\u0113slus bez liekas laika un p\u016b\u013cu piep\u016bles. \u0160\u012b efektivit\u0101te noz\u012bm\u0113 darbasp\u0113ka ietaup\u012bjumu, \u013caujot komand\u0101m efekt\u012bv\u0101k sadal\u012bt savus resursus.<\/p>\n<p>Turkl\u0101t Rebar individu\u0101l\u0101 augst\u0101 kr\u0113sla konstrukcija veicina dro\u0161\u012bbu darba viet\u0101. Nodro\u0161inot, ka armat\u016bras stie\u0146i ir pareizi novietoti un nostiprin\u0101ti, tas samazina nelaimes gad\u012bjumu risku, kas saist\u012bts ar nepareizi novietotiem armat\u016bras stie\u0146iem. \u0160\u0101da koncentr\u0113\u0161an\u0101s uz dro\u0161\u012bbu ne tikai aizsarg\u0101 str\u0101dniekus, bet ar\u012b uzlabo b\u016bvniec\u012bbas projekta kvalit\u0101ti kopum\u0101.<\/p>\n<h3>Piem\u0113ro\u0161ana re\u0101l\u0101s dz\u012bves scen\u0101rijos<\/h3>\n<p>Lai patiesi nov\u0113rt\u0113tu Rebar individu\u0101l\u0101 augstceltnes kr\u0113sla v\u0113rt\u012bbu, ir svar\u012bgi apsv\u0113rt t\u0101 pielietojumu re\u0101l\u0101s pasaules scen\u0101rijos. Piem\u0113ram, b\u016bv\u0113jot daudzst\u0101vu \u0113ku, katra st\u0101va konstrukcijas integrit\u0101te liel\u0101 m\u0113r\u0101 ir atkar\u012bga no pareizas armat\u016bras izvieto\u0161anas. Izmantojot atsevi\u0161\u0137us augstos stiegrojuma stie\u0146us, darbuz\u0146\u0113m\u0113ji var nodro\u0161in\u0101t, ka stiegrojums paliek vajadz\u012bgaj\u0101 augstum\u0101, veicinot stingru saiti ar betonu.<\/p>\n<p>Ar\u012b infrastrukt\u016bras projektos, piem\u0113ram, tiltu un autoce\u013cu projektos, likmes ir v\u0113l liel\u0101kas. Armat\u016bras stie\u0146u individu\u0101lajam augstajam kr\u0113slam ir iz\u0161\u0137iro\u0161a noz\u012bme, lai nodro\u0161in\u0101tu, ka armat\u016bras stie\u0146i ir pareizi novietoti un sp\u0113j iztur\u0113t milz\u012bg\u0101s slodzes, kas b\u016bs j\u0101uz\u0146emas \u0161\u012bm konstrukcij\u0101m. \u0160\u0101ds uzticam\u012bbas l\u012bmenis ir \u013coti svar\u012bgs, jo tas tie\u0161i ietekm\u0113 infrastrukt\u016bras ilgm\u016b\u017e\u012bbu un dro\u0161\u012bbu.<\/p>\n<p>Turkl\u0101t Rebar individu\u0101lo augsto kr\u0113slu var izmantot da\u017e\u0101dos lietojumos, tostarp dz\u012bvojamo, komerci\u0101lo un r\u016bpniecisko \u0113ku projektos. Neatkar\u012bgi no t\u0101, vai tiek pastiprin\u0101tas pl\u0101tnes, sijas vai kolonnas, \u0161is augstais kr\u0113sls ir nenov\u0113rt\u0113jams instruments augstas kvalit\u0101tes rezult\u0101tu sasnieg\u0161anai.<\/p>\n<h3>Secin\u0101jums: Betona konstrukciju n\u0101kotne ar armat\u016bru Individu\u0101li augstie kr\u0113sli<\/h3>\n<p>Visbeidzot, armat\u016bras individu\u0101lais augstais kr\u0113sls ir kas vair\u0101k nek\u0101 tikai b\u016bvniec\u012bbas piederums; tas ir b\u016btisks komponents, lai nodro\u0161in\u0101tu veiksm\u012bgu betona projektu \u012bsteno\u0161anu. Nodro\u0161inot optim\u0101lu atbalstu un stabilit\u0101ti armat\u016bras stiegru izvieto\u0161anai, tas uzlabo konstrukciju kop\u0113jo integrit\u0101ti. T\u0101 iztur\u012bba, daudzpus\u012bba un lieto\u0161anas \u0113rtums padara to par b\u016btisku r\u012bku celtniec\u012bbas profesion\u0101\u013ciem, kuri par priorit\u0101ti izvirza kvalit\u0101ti un dro\u0161\u012bbu.<\/p>\n<p>T\u0101 k\u0101 b\u016bvniec\u012bbas nozare turpina att\u012bst\u012bties, inovat\u012bvu risin\u0101jumu, piem\u0113ram, armat\u016bras individu\u0101l\u0101 augstceltnes kr\u0113sla, ievie\u0161anai neap\u0161aub\u0101mi b\u016bs iz\u0161\u0137iro\u0161a noz\u012bme betona konstrukciju n\u0101kotnes veido\u0161an\u0101. Ieguldot augstas kvalit\u0101tes apr\u012bkojum\u0101, b\u016bvuz\u0146\u0113m\u0113ji var nodro\u0161in\u0101t, ka vi\u0146u projekti atbilst visaugst\u0101kajiem dro\u0161\u012bbas un veiktsp\u0113jas standartiem.<\/p>\n<p>Galu gal\u0101 Rebar individu\u0101lais augstais kr\u0113sls ir ap\u0146em\u0161an\u0101s sasniegt izcil\u012bbu betona b\u016bvniec\u012bb\u0101, dodot komand\u0101m iesp\u0113ju b\u016bv\u0113t iztur\u012bgas konstrukcijas, kas iztur laika p\u0101rbaudi. Izv\u0113loties \u0161o produktu, b\u016bvniec\u012bbas profesion\u0101\u013ci var paaugstin\u0101t savu projektu kvalit\u0101ti, nodro\u0161inot, ka katrs elements ir veiksm\u012bgi novietots.<\/p>","protected":false},"excerpt":{"rendered":"<p>Armat\u016bras stiegrojuma individu\u0101lais augstais kr\u0113sls ir svar\u012bgs instruments betona konstrukciju nostiprin\u0101\u0161anai, nodro\u0161inot optim\u0101lu atbalstu un stabilit\u0101ti beton\u0113\u0161anas procesa laik\u0101. \u0160is augstais kr\u0113sls ir izstr\u0101d\u0101ts, lai nodro\u0161in\u0101tu efektivit\u0101ti, un nodro\u0161ina prec\u012bzu armat\u016bras stie\u0146u pacel\u0161anu, uzlabojot betona konstrukciju kop\u0113jo integrit\u0101ti. T\u0101 iztur\u012bg\u0101 konstrukcija un vienk\u0101r\u0161\u0101 lieto\u0161ana padara to par nenov\u0113rt\u0113jamu pal\u012bgl\u012bdzekli celtniec\u012bbas profesion\u0101\u013ciem, kas mekl\u0113 uzticamus risin\u0101jumus armat\u016bras stiegru izvieto\u0161anai.<\/p>","protected":false},"featured_media":7984,"comment_status":"open","ping_status":"closed","template":"","meta":{"site-sidebar-layout":"default","site-content-layout":"","ast-site-content-layout":"default","site-content-style":"default","site-sidebar-style":"default","ast-global-header-display":"","ast-banner-title-visibility":"","ast-main-header-display":"","ast-hfb-above-header-display":"","ast-hfb-below-header-display":"","ast-hfb-mobile-header-display":"","site-post-title":"","ast-breadcrumbs-content":"","ast-featured-img":"","footer-sml-layout":"","theme-transparent-header-meta":"default","adv-header-id-meta":"","stick-header-meta":"default","header-above-stick-meta":"","header-main-stick-meta":"","header-below-stick-meta":"","astra-migrate-meta-layouts":"set","ast-page-background-enabled":"default","ast-page-background-meta":{"desktop":{"background-color":"","background-image":"","background-repeat":"repeat","background-position":"center center","background-size":"auto","background-attachment":"scroll","background-type":"","background-media":"","overlay-type":"","overlay-color":"","overlay-opacity":"","overlay-gradient":""},"tablet":{"background-color":"","background-image":"","background-repeat":"repeat","background-position":"center center","background-size":"auto","background-attachment":"scroll","background-type":"","background-media":"","overlay-type":"","overlay-color":"","overlay-opacity":"","overlay-gradient":""},"mobile":{"background-color":"","background-image":"","background-repeat":"repeat","background-position":"center center","background-size":"auto","background-attachment":"scroll","background-type":"","background-media":"","overlay-type":"","overlay-color":"","overlay-opacity":"","overlay-gradient":""}},"ast-content-background-meta":{"desktop":{"background-color":"var(--ast-global-color-5)","background-image":"","background-repeat":"repeat","background-position":"center center","background-size":"auto","background-attachment":"scroll","background-type":"","background-media":"","overlay-type":"","overlay-color":"","overlay-opacity":"","overlay-gradient":""},"tablet":{"background-color":"var(--ast-global-color-5)","background-image":"","background-repeat":"repeat","background-position":"center center","background-size":"auto","background-attachment":"scroll","background-type":"","background-media":"","overlay-type":"","overlay-color":"","overlay-opacity":"","overlay-gradient":""},"mobile":{"background-color":"var(--ast-global-color-5)","background-image":"","background-repeat":"repeat","background-position":"center center","background-size":"auto","background-attachment":"scroll","background-type":"","background-media":"","overlay-type":"","overlay-color":"","overlay-opacity":"","overlay-gradient":""}}},"product_brand":[],"product_cat":[35],"product_tag":[],"class_list":{"0":"post-7983","1":"product","2":"type-product","3":"status-publish","4":"has-post-thumbnail","6":"product_cat-concrete-rebar-support","7":"desktop-align-left","8":"tablet-align-left","9":"mobile-align-left","10":"ast-product-gallery-layout-horizontal-slider","11":"ast-product-tabs-layout-horizontal","13":"first","14":"instock","15":"shipping-taxable","16":"purchasable","17":"product-type-simple"},"yoast_head":"<!-- This site is optimized with the Yoast SEO plugin v25.2 - https:\/\/yoast.com\/wordpress\/plugins\/seo\/ -->\n<title>Rebar Individual High Chair<\/title>\n<meta name=\"robots\" content=\"index, follow, max-snippet:-1, max-image-preview:large, max-video-preview:-1\" \/>\n<link rel=\"canonical\" href=\"https:\/\/qingdaohf.com\/lv\/products\/armaturas-individuals-augsts-kresls\/\" \/>\n<meta property=\"og:locale\" content=\"lv_LV\" \/>\n<meta property=\"og:type\" content=\"article\" \/>\n<meta property=\"og:title\" content=\"Rebar Individual High Chair\" \/>\n<meta property=\"og:description\" content=\"The Rebar Individual High Chair is an essential tool for reinforcing concrete structures, providing optimal support and stability during the pouring process. Engineered for efficiency, this high chair ensures precise elevation of rebar, enhancing the overall integrity of concrete applications. Its durable design and ease of use make it an invaluable asset for construction professionals seeking reliable solutions for rebar placement.\" \/>\n<meta property=\"og:url\" content=\"https:\/\/qingdaohf.com\/lv\/products\/armaturas-individuals-augsts-kresls\/\" \/>\n<meta property=\"og:site_name\" content=\"Concrete Form &amp; Rigging Hardware Supplier\" \/>\n<meta property=\"article:publisher\" content=\"https:\/\/www.facebook.com\/qingdaohf\" \/>\n<meta property=\"article:modified_time\" content=\"2025-11-13T01:03:13+00:00\" \/>\n<meta property=\"og:image\" content=\"https:\/\/qingdaohf.com\/wp-content\/uploads\/2024\/09\/Individual-High-Chair-12.webp\" \/>\n\t<meta property=\"og:image:width\" content=\"1280\" \/>\n\t<meta property=\"og:image:height\" content=\"1280\" \/>\n\t<meta property=\"og:image:type\" content=\"image\/webp\" \/>\n<meta name=\"twitter:card\" content=\"summary_large_image\" \/>\n<meta name=\"twitter:label1\" content=\"Est. reading time\" \/>\n\t<meta name=\"twitter:data1\" content=\"4 min\u016btes\" \/>\n<script type=\"application\/ld+json\" class=\"yoast-schema-graph\">{\"@context\":\"https:\/\/schema.org\",\"@graph\":[{\"@type\":\"WebPage\",\"@id\":\"https:\/\/qingdaohf.com\/product\/rebar-individual-high-chair\/\",\"url\":\"https:\/\/qingdaohf.com\/product\/rebar-individual-high-chair\/\",\"name\":\"Rebar Individual High Chair\",\"isPartOf\":{\"@id\":\"https:\/\/qingdaohf.com\/bg\/#website\"},\"primaryImageOfPage\":{\"@id\":\"https:\/\/qingdaohf.com\/product\/rebar-individual-high-chair\/#primaryimage\"},\"image\":{\"@id\":\"https:\/\/qingdaohf.com\/product\/rebar-individual-high-chair\/#primaryimage\"},\"thumbnailUrl\":\"https:\/\/qingdaohf.com\/wp-content\/uploads\/2024\/09\/Individual-High-Chair-12.webp\",\"datePublished\":\"2024-09-30T06:34:11+00:00\",\"dateModified\":\"2025-11-13T01:03:13+00:00\",\"breadcrumb\":{\"@id\":\"https:\/\/qingdaohf.com\/product\/rebar-individual-high-chair\/#breadcrumb\"},\"inLanguage\":\"lv-LV\",\"potentialAction\":[{\"@type\":\"ReadAction\",\"target\":[\"https:\/\/qingdaohf.com\/product\/rebar-individual-high-chair\/\"]}]},{\"@type\":\"ImageObject\",\"inLanguage\":\"lv-LV\",\"@id\":\"https:\/\/qingdaohf.com\/product\/rebar-individual-high-chair\/#primaryimage\",\"url\":\"https:\/\/qingdaohf.com\/wp-content\/uploads\/2024\/09\/Individual-High-Chair-12.webp\",\"contentUrl\":\"https:\/\/qingdaohf.com\/wp-content\/uploads\/2024\/09\/Individual-High-Chair-12.webp\",\"width\":1280,\"height\":1280,\"caption\":\"Rebar Individual High Chair\"},{\"@type\":\"BreadcrumbList\",\"@id\":\"https:\/\/qingdaohf.com\/product\/rebar-individual-high-chair\/#breadcrumb\",\"itemListElement\":[{\"@type\":\"ListItem\",\"position\":1,\"name\":\"Home\",\"item\":\"https:\/\/qingdaohf.com\/\"},{\"@type\":\"ListItem\",\"position\":2,\"name\":\"Concrete Forming Accessories and Rigging Hardware\",\"item\":\"https:\/\/qingdaohf.com\/bg\/?page_id=944\"},{\"@type\":\"ListItem\",\"position\":3,\"name\":\"Rebar Individual High Chair\"}]},{\"@type\":\"WebSite\",\"@id\":\"https:\/\/qingdaohf.com\/bg\/#website\",\"url\":\"https:\/\/qingdaohf.com\/bg\/\",\"name\":\"Concrete Form & Rigging Hardware Supplier\",\"description\":\"\",\"publisher\":{\"@id\":\"https:\/\/qingdaohf.com\/bg\/#organization\"},\"potentialAction\":[{\"@type\":\"SearchAction\",\"target\":{\"@type\":\"EntryPoint\",\"urlTemplate\":\"https:\/\/qingdaohf.com\/bg\/?s={search_term_string}\"},\"query-input\":{\"@type\":\"PropertyValueSpecification\",\"valueRequired\":true,\"valueName\":\"search_term_string\"}}],\"inLanguage\":\"lv-LV\"},{\"@type\":\"Organization\",\"@id\":\"https:\/\/qingdaohf.com\/bg\/#organization\",\"name\":\"Qingdao H&F\",\"url\":\"https:\/\/qingdaohf.com\/bg\/\",\"logo\":{\"@type\":\"ImageObject\",\"inLanguage\":\"lv-LV\",\"@id\":\"https:\/\/qingdaohf.com\/bg\/#\/schema\/logo\/image\/\",\"url\":\"https:\/\/qingdaohf.com\/wp-content\/uploads\/2022\/12\/cropped-HF-LOGO.png\",\"contentUrl\":\"https:\/\/qingdaohf.com\/wp-content\/uploads\/2022\/12\/cropped-HF-LOGO.png\",\"width\":391,\"height\":249,\"caption\":\"Qingdao H&F\"},\"image\":{\"@id\":\"https:\/\/qingdaohf.com\/bg\/#\/schema\/logo\/image\/\"},\"sameAs\":[\"https:\/\/www.facebook.com\/qingdaohf\"]}]}<\/script>\n<!-- \/ Yoast SEO plugin. -->","yoast_head_json":{"title":"Rebar Individual High Chair","robots":{"index":"index","follow":"follow","max-snippet":"max-snippet:-1","max-image-preview":"max-image-preview:large","max-video-preview":"max-video-preview:-1"},"canonical":"https:\/\/qingdaohf.com\/lv\/products\/armaturas-individuals-augsts-kresls\/","og_locale":"lv_LV","og_type":"article","og_title":"Rebar Individual High Chair","og_description":"The Rebar Individual High Chair is an essential tool for reinforcing concrete structures, providing optimal support and stability during the pouring process. Engineered for efficiency, this high chair ensures precise elevation of rebar, enhancing the overall integrity of concrete applications. Its durable design and ease of use make it an invaluable asset for construction professionals seeking reliable solutions for rebar placement.","og_url":"https:\/\/qingdaohf.com\/lv\/products\/armaturas-individuals-augsts-kresls\/","og_site_name":"Concrete Form &amp; Rigging Hardware Supplier","article_publisher":"https:\/\/www.facebook.com\/qingdaohf","article_modified_time":"2025-11-13T01:03:13+00:00","og_image":[{"width":1280,"height":1280,"url":"https:\/\/qingdaohf.com\/wp-content\/uploads\/2024\/09\/Individual-High-Chair-12.webp","type":"image\/webp"}],"twitter_card":"summary_large_image","twitter_misc":{"Est. reading time":"4 min\u016btes"},"schema":{"@context":"https:\/\/schema.org","@graph":[{"@type":"WebPage","@id":"https:\/\/qingdaohf.com\/product\/rebar-individual-high-chair\/","url":"https:\/\/qingdaohf.com\/product\/rebar-individual-high-chair\/","name":"Rebar Individual High Chair","isPartOf":{"@id":"https:\/\/qingdaohf.com\/bg\/#website"},"primaryImageOfPage":{"@id":"https:\/\/qingdaohf.com\/product\/rebar-individual-high-chair\/#primaryimage"},"image":{"@id":"https:\/\/qingdaohf.com\/product\/rebar-individual-high-chair\/#primaryimage"},"thumbnailUrl":"https:\/\/qingdaohf.com\/wp-content\/uploads\/2024\/09\/Individual-High-Chair-12.webp","datePublished":"2024-09-30T06:34:11+00:00","dateModified":"2025-11-13T01:03:13+00:00","breadcrumb":{"@id":"https:\/\/qingdaohf.com\/product\/rebar-individual-high-chair\/#breadcrumb"},"inLanguage":"lv-LV","potentialAction":[{"@type":"ReadAction","target":["https:\/\/qingdaohf.com\/product\/rebar-individual-high-chair\/"]}]},{"@type":"ImageObject","inLanguage":"lv-LV","@id":"https:\/\/qingdaohf.com\/product\/rebar-individual-high-chair\/#primaryimage","url":"https:\/\/qingdaohf.com\/wp-content\/uploads\/2024\/09\/Individual-High-Chair-12.webp","contentUrl":"https:\/\/qingdaohf.com\/wp-content\/uploads\/2024\/09\/Individual-High-Chair-12.webp","width":1280,"height":1280,"caption":"Rebar Individual High Chair"},{"@type":"BreadcrumbList","@id":"https:\/\/qingdaohf.com\/product\/rebar-individual-high-chair\/#breadcrumb","itemListElement":[{"@type":"ListItem","position":1,"name":"Home","item":"https:\/\/qingdaohf.com\/"},{"@type":"ListItem","position":2,"name":"Concrete Forming Accessories and Rigging Hardware","item":"https:\/\/qingdaohf.com\/bg\/?page_id=944"},{"@type":"ListItem","position":3,"name":"Rebar Individual High Chair"}]},{"@type":"WebSite","@id":"https:\/\/qingdaohf.com\/bg\/#website","url":"https:\/\/qingdaohf.com\/bg\/","name":"Concrete Form & Rigging Hardware Supplier","description":"","publisher":{"@id":"https:\/\/qingdaohf.com\/bg\/#organization"},"potentialAction":[{"@type":"SearchAction","target":{"@type":"EntryPoint","urlTemplate":"https:\/\/qingdaohf.com\/bg\/?s={search_term_string}"},"query-input":{"@type":"PropertyValueSpecification","valueRequired":true,"valueName":"search_term_string"}}],"inLanguage":"lv-LV"},{"@type":"Organization","@id":"https:\/\/qingdaohf.com\/bg\/#organization","name":"Qingdao H&F","url":"https:\/\/qingdaohf.com\/bg\/","logo":{"@type":"ImageObject","inLanguage":"lv-LV","@id":"https:\/\/qingdaohf.com\/bg\/#\/schema\/logo\/image\/","url":"https:\/\/qingdaohf.com\/wp-content\/uploads\/2022\/12\/cropped-HF-LOGO.png","contentUrl":"https:\/\/qingdaohf.com\/wp-content\/uploads\/2022\/12\/cropped-HF-LOGO.png","width":391,"height":249,"caption":"Qingdao H&F"},"image":{"@id":"https:\/\/qingdaohf.com\/bg\/#\/schema\/logo\/image\/"},"sameAs":["https:\/\/www.facebook.com\/qingdaohf"]}]}},"_links":{"self":[{"href":"https:\/\/qingdaohf.com\/lv\/wp-json\/wp\/v2\/product\/7983","targetHints":{"allow":["GET"]}}],"collection":[{"href":"https:\/\/qingdaohf.com\/lv\/wp-json\/wp\/v2\/product"}],"about":[{"href":"https:\/\/qingdaohf.com\/lv\/wp-json\/wp\/v2\/types\/product"}],"replies":[{"embeddable":true,"href":"https:\/\/qingdaohf.com\/lv\/wp-json\/wp\/v2\/comments?post=7983"}],"version-history":[{"count":1,"href":"https:\/\/qingdaohf.com\/lv\/wp-json\/wp\/v2\/product\/7983\/revisions"}],"predecessor-version":[{"id":7994,"href":"https:\/\/qingdaohf.com\/lv\/wp-json\/wp\/v2\/product\/7983\/revisions\/7994"}],"wp:featuredmedia":[{"embeddable":true,"href":"https:\/\/qingdaohf.com\/lv\/wp-json\/wp\/v2\/media\/7984"}],"wp:attachment":[{"href":"https:\/\/qingdaohf.com\/lv\/wp-json\/wp\/v2\/media?parent=7983"}],"wp:term":[{"taxonomy":"product_brand","embeddable":true,"href":"https:\/\/qingdaohf.com\/lv\/wp-json\/wp\/v2\/product_brand?post=7983"},{"taxonomy":"product_cat","embeddable":true,"href":"https:\/\/qingdaohf.com\/lv\/wp-json\/wp\/v2\/product_cat?post=7983"},{"taxonomy":"product_tag","embeddable":true,"href":"https:\/\/qingdaohf.com\/lv\/wp-json\/wp\/v2\/product_tag?post=7983"}],"curies":[{"name":"wp","href":"https:\/\/api.w.org\/{rel}","templated":true}]}}