{"id":8109,"date":"2024-10-24T17:13:03","date_gmt":"2024-10-24T09:13:03","guid":{"rendered":"http:\/\/qingdaohf.com\/?post_type=product&#038;p=8109"},"modified":"2025-11-13T09:02:55","modified_gmt":"2025-11-13T01:02:55","slug":"6x19-wire-rope","status":"publish","type":"product","link":"https:\/\/qingdaohf.com\/lv\/products\/6x19-stieplu-troses\/","title":{"rendered":"6\u00d719 Stiep\u013cu virve"},"content":{"rendered":"<h3>Izpratne par 6\u00d719 stiep\u013cu tro\u0161u strukt\u016bru<\/h3>\n<p>6 \u00d7 19 stiep\u013cu troses ir labi nov\u0113rt\u0113ta izv\u0113le r\u016bpniec\u012bb\u0101 un b\u016bvniec\u012bb\u0101, pateicoties t\u0101s elast\u012bbas un iztur\u012bbas l\u012bdzsvaram. \u0160\u012b virve, kas sast\u0101v no 6 pavedieniem ar 19 stiepl\u0113m katr\u0101, nodro\u0161ina uzticamu veiktsp\u0113ju da\u017e\u0101du smagu uzdevumu veik\u0161anai. Stiep\u013cu troses 6 \u00d7 19 strukt\u016bra nodro\u0161ina iztur\u012bgu, bet nedaudz lokanu izstr\u0101d\u0101jumu, t\u0101p\u0113c t\u0101 ir ide\u0101li piem\u0113rota lietojumiem, kur nepiecie\u0161ama troses iztur\u012bba pret atk\u0101rtotu saliek\u0161anu, vienlaikus saglab\u0101jot iztur\u012bbu. Pateicoties iztur\u012bgajai konstrukcijai un piel\u0101gojam\u012bbai, \u0161\u0101da veida stiep\u013cu troses bie\u017ei tiek izmantotas cel\u0161an\u0101, pacel\u0161an\u0101, j\u016bras darbos un citur.<\/p>\n<p>6 \u00d7 19 stiep\u013cu troses konstrukcija no t\u0113rauda ar augstu oglek\u013ca saturu pie\u0161\u0137ir tai izcilu iztur\u012bbu, kas \u013cauj tai iztur\u0113t iev\u0113rojamas slodzes, neapdraudot t\u0101s struktur\u0101lo integrit\u0101ti. \u0160is izv\u0113l\u0113tais materi\u0101ls nodro\u0161ina izcilu nodilumiztur\u012bbu un nodilumiztur\u012bbu, nodro\u0161inot, ka stiep\u013cu troses var iztur\u0113t skarbas vides apst\u0101k\u013cus, piem\u0113ram, t\u0101dus, k\u0101di sastopami j\u016bras oper\u0101cij\u0101s vai b\u016bvlaukumos. Turkl\u0101t 6 \u00d7 19 stiep\u013cu troses konstrukcija nodro\u0161ina gludu \u0101r\u0113jo virsmu, kas pal\u012bdz samazin\u0101t ma\u0161\u012bnu un citu iek\u0101rtu boj\u0101jumus lieto\u0161anas laik\u0101.<\/p>\n<h3>6\u00d719 stiep\u013cu virves kop\u0113jie izm\u0113ri<\/h3>\n<p>Stiep\u013cu tro\u0161u izm\u0113rs ir b\u016btisks apsv\u0113rums, izv\u0113loties piem\u0113rotu izstr\u0101d\u0101jumu konkr\u0113tiem uzdevumiem, jo da\u017e\u0101die diametri ietekm\u0113 gan iztur\u012bbu, gan elast\u012bbu. Stiep\u013cu troses 6\u00d719 ir pieejamas da\u017e\u0101dos izm\u0113ros, un katrs izm\u0113rs ir piel\u0101gots konkr\u0113tiem izmanto\u0161anas veidiem - b\u016bvniec\u012bb\u0101, transport\u0101 vai j\u016brniec\u012bb\u0101.<\/p>\n<p>Viens no popul\u0101r\u0101kajiem izm\u0113riem ir 1\/8 collas 6 \u00d7 19 stiep\u013cu virve, kas paz\u012bstama ar savu kompakto diametru un elast\u012bbu. \u0160is izm\u0113rs ir labi piem\u0113rots lietojumiem, kur ir ierobe\u017eota vieta, piem\u0113ram, maz\u0101kos takel\u0101\u017eas projektos vai vieglu pacel\u0161anas darbos. Neraugoties uz maz\u0101ku izm\u0113ru, tas saglab\u0101 iev\u0113rojamu stiepes iztur\u012bbu, padarot to par uzticamu izv\u0113li prec\u012bzi orient\u0113tiem darbiem.<\/p>\n<p>Nedaudz smag\u0101kiem uzdevumiem 3\/16 collu 6 \u00d7 19 stiep\u013cu virve nodro\u0161ina liel\u0101ku iztur\u012bbu, vienlaikus saglab\u0101jot pie\u0146emamu elast\u012bbas l\u012bmeni. \u0160is izm\u0113rs bie\u017ei tiek izmantots gad\u012bjumos, kad nepiecie\u0161ams l\u012bdzsvars starp nestsp\u0113ju un vieglu p\u0101rvieto\u0161anu, piem\u0113ram, nelielu iek\u0101rtu pacel\u0161anai vai kravu nostiprin\u0101\u0161anai transport\u0113\u0161anas laik\u0101. T\u0101 vid\u0113jais diametrs padara to par daudzpus\u012bgu izv\u0113li da\u017e\u0101dos apst\u0101k\u013cos.<\/p>\n<p>1\/4 collu 6 \u00d7 19 stiep\u013cu virve ir v\u0113l viens bie\u017ei izv\u0113l\u0113ts izm\u0113rs, kas nodro\u0161ina liel\u0101ku iztur\u012bbu sare\u017e\u0123\u012bt\u0101kiem lietojumiem. \u0160is izm\u0113rs bie\u017ei sastopams r\u016bpnieciskos apst\u0101k\u013cos, kur nepiecie\u0161ams iztur\u012bg\u0101ks atbalsts, piem\u0113ram, celt\u0146os, vin\u010d\u0101s un celtniec\u012bbas pac\u0113l\u0101jos. Pateicoties liel\u0101kam diametram, 1\/4 collas variants nodro\u0161ina liel\u0101ku nestsp\u0113ju, tom\u0113r tas joproj\u0101m ir pietiekami elast\u012bgs visp\u0101r\u0113jiem takel\u0101\u017eas darbiem.<\/p>\n<p>V\u0113l liel\u0101kas iztur\u012bbas nodro\u0161in\u0101\u0161anai var izmantot 5\/16 collu 6 \u00d7 19 stiep\u013cu trosi, kas nodro\u0161ina iztur\u012bbu lietojumiem ar liel\u0101k\u0101m slodz\u0113m vai intens\u012bv\u0101ku izmanto\u0161anu. T\u0101 palielin\u0101tais diametrs padara to ide\u0101li piem\u0113rotu izmanto\u0161anai j\u016bras vid\u0113, piem\u0113ram, k\u0101 pietauvo\u0161anas vai vilk\u0161anas virves. 5\/16 collu izm\u0113rs ir stabila izv\u0113le tiem, kas mekl\u0113 uzticamu stiep\u013cu trosi, kas sp\u0113j iztur\u0113t smagus apst\u0101k\u013cus, nezaud\u0113jot elast\u012bbu.<\/p>\n<h3>Pamata tipu izp\u0113te: FC, IWS un IWRC<\/h3>\n<p><img fetchpriority=\"high\" decoding=\"async\" class=\"alignnone size-full wp-image-8113\" src=\"http:\/\/qingdaohf.com\/wp-content\/uploads\/2024\/10\/6X19-wire-rope.webp\" alt=\"6X19\" width=\"1338\" height=\"412\" srcset=\"https:\/\/qingdaohf.com\/wp-content\/uploads\/2024\/10\/6X19-wire-rope.webp 1338w, https:\/\/qingdaohf.com\/wp-content\/uploads\/2024\/10\/6X19-wire-rope-300x92.webp 300w, https:\/\/qingdaohf.com\/wp-content\/uploads\/2024\/10\/6X19-wire-rope-1024x315.webp 1024w, https:\/\/qingdaohf.com\/wp-content\/uploads\/2024\/10\/6X19-wire-rope-768x236.webp 768w, https:\/\/qingdaohf.com\/wp-content\/uploads\/2024\/10\/6X19-wire-rope-18x6.webp 18w, https:\/\/qingdaohf.com\/wp-content\/uploads\/2024\/10\/6X19-wire-rope-1000x308.webp 1000w\" sizes=\"(max-width: 1338px) 100vw, 1338px\" \/><\/p>\n<p>6 \u00d7 19 stiep\u013cu tros\u0113m ir tr\u012bs serdes varianti, no kuriem katrs pied\u0101v\u0101 at\u0161\u0137ir\u012bgas priek\u0161roc\u012bbas atkar\u012bb\u0101 no paredz\u0113t\u0101 lietojuma. Kodols ir b\u016btiska stiep\u013cu troses sast\u0101vda\u013ca, jo tas nodro\u0161ina atbalstu \u0101r\u0113jiem pavedieniem un ietekm\u0113 troses elast\u012bbu un iztur\u012bbu. Tr\u012bs serde\u0146u veidi, kas pieejami 6 \u00d7 19 stiep\u013cu tros\u0113m, ir \u0161\u0101di: \u0161\u0137iedru serde\u0146i (FC), neatkar\u012bgie stiep\u013cu dz\u012bslu serde\u0146i (IWS) un neatkar\u012bgie stiep\u013cu tro\u0161u serde\u0146i (IWRC).<\/p>\n<p>Fiber Core (FC) variant\u0101 ir no dab\u012bg\u0101m vai sint\u0113tisk\u0101m \u0161\u0137iedr\u0101m izgatavots kodols. \u0160\u012b konstrukcija nodro\u0161ina liel\u0101ku elast\u012bbu, padarot FC variantu piem\u0113rotu lietojumiem, kur stiep\u013cu tros\u0113m bie\u017ei j\u0101loc\u0101s un j\u0101p\u0101rvietojas. T\u0101 elast\u012bgums padara to par v\u0113lamo izv\u0113li scen\u0101rijos, kur ir iesaist\u012btas ma\u0161\u012bnas un iek\u0101rtas, samazinot tr\u012b\u0161u un skrieme\u013cu nodilumu. Tom\u0113r \u0161\u012b papildu lokan\u012bba tiek nodro\u0161in\u0101ta uz samazin\u0101tas iztur\u012bbas r\u0113\u0137ina, sal\u012bdzinot ar t\u0113rauda serdes alternat\u012bv\u0101m, kas noz\u012bm\u0113, ka FC serde ir vislab\u0101k piem\u0113rota viegl\u0101kiem lietojumiem.<\/p>\n<p>Neatkar\u012bgais stiep\u013cu stiep\u013cu dz\u012bslu kodols (IWS) ir vidusce\u013c\u0161 starp FC kodola elast\u012bbu un IWRC iztur\u012bbu. IWS kodols sast\u0101v no atsevi\u0161\u0137a stiep\u013cu vijuma, kas nodro\u0161ina papildu atbalstu virves strukt\u016brai, uzlabojot gan t\u0101s iztur\u012bbu, gan nestsp\u0113ju. \u0160is serdes tips ir \u012bpa\u0161i izdev\u012bgs lietojumos, kur l\u012bdztekus liel\u0101kai iztur\u012bbai ir nepiecie\u0161ama m\u0113rena elast\u012bba, piem\u0113ram, maziem un vid\u0113jiem celt\u0146iem un vin\u010d\u0101m. IWS serde\u0146a l\u012bdzsvars padara to par univers\u0101lu risin\u0101jumu tiem, kas mekl\u0113 uzticamu veiktsp\u0113ju, nemazinot elast\u012bbu.<\/p>\n<p>Lai nodro\u0161in\u0101tu maksim\u0101lu iztur\u012bbu un iztur\u012bbu, vislab\u0101k\u0101 izv\u0113le ir neatkar\u012bga stiep\u013cu tro\u0161u serde (IWRC). IWRC serde ir izgatavota no atsevi\u0161\u0137as stiep\u013cu troses, kas iev\u0113rojami palielina 6 \u00d7 19 stiep\u013cu troses kop\u0113jo iztur\u012bbu un struktur\u0101lo integrit\u0101ti. \u0160is serdes tips ir labi piem\u0113rots lielas slodzes lietojumiem, kur liela stiepes iztur\u012bba ir kritiski svar\u012bga, piem\u0113ram, lielos celtniec\u012bbas celt\u0146os, r\u016bpnieciskaj\u0101s vin\u010d\u0101s un ku\u0123u takel\u0101\u017e\u0101s. Lai gan IWRC serde ir mazliet elast\u012bg\u0101ka nek\u0101 FC un IWS variantu gad\u012bjum\u0101, t\u0101s iztur\u012bba nodro\u0161ina, ka stiep\u013cu troses iztur skarbus apst\u0101k\u013cus un lielas slodzes ilg\u0101ku laiku.<\/p>\n<h3>6\u00d719 stiep\u013cu tro\u0161u lieto\u0161anas ieskats un priek\u0161roc\u012bbas<\/h3>\n<p>6 \u00d7 19 stiep\u013cu troses konstrukcija padara to par popul\u0101ru izv\u0113li da\u017e\u0101d\u0101s nozar\u0113s t\u0101s daudzpus\u012bbas d\u0113\u013c. T\u0101 l\u012bdzsvarot\u0101 konstrukcija nodro\u0161ina efekt\u012bvu kompromisu starp stiepes iztur\u012bbu un elast\u012bbu, padarot to piel\u0101gojamu daudziem uzdevumiem. B\u016bvniec\u012bb\u0101 \u0161\u0101da veida stiep\u013cu troses bie\u017ei izmanto cel\u0161anas darbiem, nodro\u0161inot nepiecie\u0161amo atbalstu dro\u0161ai un efekt\u012bvai materi\u0101lu p\u0101rvieto\u0161anai. Troses glud\u0101 virsma samazina nodilumu, t\u0101d\u0113j\u0101di samazinot tr\u012b\u0161u un celt\u0146u nodilumu, kas pagarina iek\u0101rtu kalpo\u0161anas laiku.<\/p>\n<p>J\u016bras vid\u0113 6 \u00d7 19 stiep\u013cu troses iztur\u012bba pret nodilumu un skarbiem apst\u0101k\u013ciem padara to piem\u0113rotu t\u0101diem lietojumiem k\u0101 pietauvo\u0161ana, vilk\u0161ana un zveja. T\u0101 sp\u0113ja iztur\u0113t s\u0101ls\u016bdens iedarb\u012bbu un main\u012bgu slodzi padara to par uzticamu sast\u0101vda\u013cu izmanto\u0161anai j\u016br\u0101. \u012apa\u0161i IWRC serde ir noder\u012bga j\u016bras lietojumos, nodro\u0161inot iztur\u012bbu, kas nepiecie\u0161ama, lai veiktu sare\u017e\u0123\u012btus uzdevumus, neapdraudot iztur\u012bbu.<\/p>\n<p>Transports un lo\u0123istika ar\u012b g\u016bst labumu no 6\u00d719 stiep\u013cu tro\u0161u izmanto\u0161anas, kur t\u0101s var izmantot kravu nostiprin\u0101\u0161anai, pacel\u0161anas stropu veido\u0161anai vai k\u0101 da\u013cu no iekrau\u0161anas un izkrau\u0161anas sist\u0113m\u0101m. T\u0101 pieejam\u012bba da\u017e\u0101dos izm\u0113ros \u013cauj to piel\u0101got konkr\u0113t\u0101m vajadz\u012bb\u0101m, nodro\u0161inot, ka katr\u0101 unik\u0101l\u0101 situ\u0101cij\u0101 tiek pan\u0101kts pareizais iztur\u012bbas un elast\u012bbas l\u012bdzsvars. 6\u00d719 stiep\u013cu troses piel\u0101gojam\u012bba nodro\u0161ina, ka ar to var veikt gan ikdienas, gan sare\u017e\u0123\u012btus uzdevumus \u0161aj\u0101s jom\u0101s.<\/p>\n<p>Visbeidzot, kodola tipa izv\u0113le - FC, IWS vai IWRC - kop\u0101 ar atbilsto\u0161o izm\u0113ru \u013cauj lietot\u0101jiem piel\u0101got 6 \u00d7 19 stiep\u013cu tro\u0161u izv\u0113li, lai t\u0101 atbilstu prec\u012bz\u0101m pras\u012bb\u0101m. Izprotot katra serde\u0146a un izm\u0113ra unik\u0101l\u0101s \u012bpa\u0161\u012bbas un priek\u0161roc\u012bbas, uz\u0146\u0113mumi var optimiz\u0113t savu darb\u012bbu un nodro\u0161in\u0101t, ka to iek\u0101rtas ir dro\u0161as, efekt\u012bvas un sp\u0113j izpild\u012bt projektu pras\u012bbas. Ar savu elast\u012bbas, iztur\u012bbas un iztur\u012bbas kombin\u0101ciju 6\u00d719 stiep\u013cu troses joproj\u0101m ir st\u016brakmens stiep\u013cu tro\u0161u jom\u0101, nodro\u0161inot uzticamu veiktsp\u0113ju da\u017e\u0101dos lietojumos.<\/p>","protected":false},"excerpt":{"rendered":"<p>6\u00d719 stiep\u013cu troses ir univers\u0101ls un iztur\u012bgs t\u0113rauda stiep\u013cu troses veids, kas pied\u0101v\u0101 elast\u012bbas un iztur\u012bbas kombin\u0101ciju. T\u0101 sast\u0101v no 6 dz\u012bsl\u0101m, no kur\u0101m katr\u0101 ir 19 stieples, t\u0101p\u0113c t\u0101 ir piem\u0113rota da\u017e\u0101diem pacel\u0161anas, takel\u0101\u017eas un pacel\u0161anas darbiem. Parasti ir pieejami t\u0101di izm\u0113ri k\u0101 1\/8 collas, 3\/16 collas un 1\/4 collas. 6 \u00d7 19 stiep\u013cu troses ir izgatavotas no t\u0113rauda ar augstu oglek\u013ca saturu, kas nodro\u0161ina izcilu stiepes iztur\u012bbu un nodilumiztur\u012bbu. Tai ir da\u017e\u0101di serdes veidi, piem\u0113ram, \u0161\u0137iedras serde (FC), neatkar\u012bga stiep\u013cu stieples serde (IWS) un neatkar\u012bga stiep\u013cu virves serde (IWRC), kas atbilst da\u017e\u0101d\u0101m vajadz\u012bb\u0101m un veiktsp\u0113jas pras\u012bb\u0101m.<\/p>","protected":false},"featured_media":8112,"comment_status":"open","ping_status":"closed","template":"","meta":{"site-sidebar-layout":"default","site-content-layout":"","ast-site-content-layout":"default","site-content-style":"default","site-sidebar-style":"default","ast-global-header-display":"","ast-banner-title-visibility":"","ast-main-header-display":"","ast-hfb-above-header-display":"","ast-hfb-below-header-display":"","ast-hfb-mobile-header-display":"","site-post-title":"","ast-breadcrumbs-content":"","ast-featured-img":"","footer-sml-layout":"","theme-transparent-header-meta":"default","adv-header-id-meta":"","stick-header-meta":"default","header-above-stick-meta":"","header-main-stick-meta":"","header-below-stick-meta":"","astra-migrate-meta-layouts":"set","ast-page-background-enabled":"default","ast-page-background-meta":{"desktop":{"background-color":"","background-image":"","background-repeat":"repeat","background-position":"center center","background-size":"auto","background-attachment":"scroll","background-type":"","background-media":"","overlay-type":"","overlay-color":"","overlay-opacity":"","overlay-gradient":""},"tablet":{"background-color":"","background-image":"","background-repeat":"repeat","background-position":"center center","background-size":"auto","background-attachment":"scroll","background-type":"","background-media":"","overlay-type":"","overlay-color":"","overlay-opacity":"","overlay-gradient":""},"mobile":{"background-color":"","background-image":"","background-repeat":"repeat","background-position":"center center","background-size":"auto","background-attachment":"scroll","background-type":"","background-media":"","overlay-type":"","overlay-color":"","overlay-opacity":"","overlay-gradient":""}},"ast-content-background-meta":{"desktop":{"background-color":"var(--ast-global-color-5)","background-image":"","background-repeat":"repeat","background-position":"center center","background-size":"auto","background-attachment":"scroll","background-type":"","background-media":"","overlay-type":"","overlay-color":"","overlay-opacity":"","overlay-gradient":""},"tablet":{"background-color":"var(--ast-global-color-5)","background-image":"","background-repeat":"repeat","background-position":"center center","background-size":"auto","background-attachment":"scroll","background-type":"","background-media":"","overlay-type":"","overlay-color":"","overlay-opacity":"","overlay-gradient":""},"mobile":{"background-color":"var(--ast-global-color-5)","background-image":"","background-repeat":"repeat","background-position":"center center","background-size":"auto","background-attachment":"scroll","background-type":"","background-media":"","overlay-type":"","overlay-color":"","overlay-opacity":"","overlay-gradient":""}}},"product_brand":[],"product_cat":[37],"product_tag":[89],"class_list":{"0":"post-8109","1":"product","2":"type-product","3":"status-publish","4":"has-post-thumbnail","6":"product_cat-wire-rope","7":"product_tag-wire-rope","8":"desktop-align-left","9":"tablet-align-left","10":"mobile-align-left","11":"ast-product-gallery-layout-horizontal-slider","12":"ast-product-gallery-with-no-image","13":"ast-product-tabs-layout-horizontal","15":"first","16":"instock","17":"shipping-taxable","18":"purchasable","19":"product-type-simple"},"yoast_head":"<!-- This site is optimized with the Yoast SEO plugin v25.2 - https:\/\/yoast.com\/wordpress\/plugins\/seo\/ -->\n<title>6x19 Wire Rope<\/title>\n<meta name=\"description\" content=\"6x19 wire rope is a versatile and durable type of steel wire rope, offering a blend of flexibility and strength.\" \/>\n<meta name=\"robots\" content=\"index, follow, max-snippet:-1, max-image-preview:large, max-video-preview:-1\" \/>\n<link rel=\"canonical\" href=\"https:\/\/qingdaohf.com\/lv\/products\/6x19-stieplu-troses\/\" \/>\n<meta property=\"og:locale\" content=\"lv_LV\" \/>\n<meta property=\"og:type\" content=\"article\" \/>\n<meta property=\"og:title\" content=\"6x19 Wire Rope\" \/>\n<meta property=\"og:description\" content=\"6x19 wire rope is a versatile and durable type of steel wire rope, offering a blend of flexibility and strength.\" \/>\n<meta property=\"og:url\" content=\"https:\/\/qingdaohf.com\/lv\/products\/6x19-stieplu-troses\/\" \/>\n<meta property=\"og:site_name\" content=\"Concrete Form &amp; Rigging Hardware Supplier\" \/>\n<meta property=\"article:publisher\" content=\"https:\/\/www.facebook.com\/qingdaohf\" \/>\n<meta property=\"article:modified_time\" content=\"2025-11-13T01:02:55+00:00\" \/>\n<meta property=\"og:image\" content=\"https:\/\/qingdaohf.com\/wp-content\/uploads\/2024\/10\/6x19wrc_2.webp\" \/>\n\t<meta property=\"og:image:width\" content=\"787\" \/>\n\t<meta property=\"og:image:height\" content=\"787\" \/>\n\t<meta property=\"og:image:type\" content=\"image\/webp\" \/>\n<meta name=\"twitter:card\" content=\"summary_large_image\" \/>\n<meta name=\"twitter:label1\" content=\"Est. reading time\" \/>\n\t<meta name=\"twitter:data1\" content=\"6 min\u016btes\" \/>\n<script type=\"application\/ld+json\" class=\"yoast-schema-graph\">{\"@context\":\"https:\/\/schema.org\",\"@graph\":[{\"@type\":\"WebPage\",\"@id\":\"https:\/\/qingdaohf.com\/product\/6x19-wire-rope\/\",\"url\":\"https:\/\/qingdaohf.com\/product\/6x19-wire-rope\/\",\"name\":\"6x19 Wire Rope\",\"isPartOf\":{\"@id\":\"https:\/\/qingdaohf.com\/bg\/#website\"},\"primaryImageOfPage\":{\"@id\":\"https:\/\/qingdaohf.com\/product\/6x19-wire-rope\/#primaryimage\"},\"image\":{\"@id\":\"https:\/\/qingdaohf.com\/product\/6x19-wire-rope\/#primaryimage\"},\"thumbnailUrl\":\"https:\/\/qingdaohf.com\/wp-content\/uploads\/2024\/10\/6x19wrc_2.webp\",\"datePublished\":\"2024-10-24T09:13:03+00:00\",\"dateModified\":\"2025-11-13T01:02:55+00:00\",\"description\":\"6x19 wire rope is a versatile and durable type of steel wire rope, offering a blend of flexibility and strength.\",\"breadcrumb\":{\"@id\":\"https:\/\/qingdaohf.com\/product\/6x19-wire-rope\/#breadcrumb\"},\"inLanguage\":\"lv-LV\",\"potentialAction\":[{\"@type\":\"ReadAction\",\"target\":[\"https:\/\/qingdaohf.com\/product\/6x19-wire-rope\/\"]}]},{\"@type\":\"ImageObject\",\"inLanguage\":\"lv-LV\",\"@id\":\"https:\/\/qingdaohf.com\/product\/6x19-wire-rope\/#primaryimage\",\"url\":\"https:\/\/qingdaohf.com\/wp-content\/uploads\/2024\/10\/6x19wrc_2.webp\",\"contentUrl\":\"https:\/\/qingdaohf.com\/wp-content\/uploads\/2024\/10\/6x19wrc_2.webp\",\"width\":787,\"height\":787,\"caption\":\"6X19 wire rope\"},{\"@type\":\"BreadcrumbList\",\"@id\":\"https:\/\/qingdaohf.com\/product\/6x19-wire-rope\/#breadcrumb\",\"itemListElement\":[{\"@type\":\"ListItem\",\"position\":1,\"name\":\"Home\",\"item\":\"https:\/\/qingdaohf.com\/\"},{\"@type\":\"ListItem\",\"position\":2,\"name\":\"Concrete Forming Accessories and Rigging Hardware\",\"item\":\"https:\/\/qingdaohf.com\/bg\/?page_id=944\"},{\"@type\":\"ListItem\",\"position\":3,\"name\":\"6&#215;19 Wire Rope\"}]},{\"@type\":\"WebSite\",\"@id\":\"https:\/\/qingdaohf.com\/bg\/#website\",\"url\":\"https:\/\/qingdaohf.com\/bg\/\",\"name\":\"Concrete Form & Rigging Hardware Supplier\",\"description\":\"\",\"publisher\":{\"@id\":\"https:\/\/qingdaohf.com\/bg\/#organization\"},\"potentialAction\":[{\"@type\":\"SearchAction\",\"target\":{\"@type\":\"EntryPoint\",\"urlTemplate\":\"https:\/\/qingdaohf.com\/bg\/?s={search_term_string}\"},\"query-input\":{\"@type\":\"PropertyValueSpecification\",\"valueRequired\":true,\"valueName\":\"search_term_string\"}}],\"inLanguage\":\"lv-LV\"},{\"@type\":\"Organization\",\"@id\":\"https:\/\/qingdaohf.com\/bg\/#organization\",\"name\":\"Qingdao H&F\",\"url\":\"https:\/\/qingdaohf.com\/bg\/\",\"logo\":{\"@type\":\"ImageObject\",\"inLanguage\":\"lv-LV\",\"@id\":\"https:\/\/qingdaohf.com\/bg\/#\/schema\/logo\/image\/\",\"url\":\"https:\/\/qingdaohf.com\/wp-content\/uploads\/2022\/12\/cropped-HF-LOGO.png\",\"contentUrl\":\"https:\/\/qingdaohf.com\/wp-content\/uploads\/2022\/12\/cropped-HF-LOGO.png\",\"width\":391,\"height\":249,\"caption\":\"Qingdao H&F\"},\"image\":{\"@id\":\"https:\/\/qingdaohf.com\/bg\/#\/schema\/logo\/image\/\"},\"sameAs\":[\"https:\/\/www.facebook.com\/qingdaohf\"]}]}<\/script>\n<!-- \/ Yoast SEO plugin. -->","yoast_head_json":{"title":"6x19 Wire Rope","description":"6x19 wire rope is a versatile and durable type of steel wire rope, offering a blend of flexibility and strength.","robots":{"index":"index","follow":"follow","max-snippet":"max-snippet:-1","max-image-preview":"max-image-preview:large","max-video-preview":"max-video-preview:-1"},"canonical":"https:\/\/qingdaohf.com\/lv\/products\/6x19-stieplu-troses\/","og_locale":"lv_LV","og_type":"article","og_title":"6x19 Wire Rope","og_description":"6x19 wire rope is a versatile and durable type of steel wire rope, offering a blend of flexibility and strength.","og_url":"https:\/\/qingdaohf.com\/lv\/products\/6x19-stieplu-troses\/","og_site_name":"Concrete Form &amp; Rigging Hardware Supplier","article_publisher":"https:\/\/www.facebook.com\/qingdaohf","article_modified_time":"2025-11-13T01:02:55+00:00","og_image":[{"width":787,"height":787,"url":"https:\/\/qingdaohf.com\/wp-content\/uploads\/2024\/10\/6x19wrc_2.webp","type":"image\/webp"}],"twitter_card":"summary_large_image","twitter_misc":{"Est. reading time":"6 min\u016btes"},"schema":{"@context":"https:\/\/schema.org","@graph":[{"@type":"WebPage","@id":"https:\/\/qingdaohf.com\/product\/6x19-wire-rope\/","url":"https:\/\/qingdaohf.com\/product\/6x19-wire-rope\/","name":"6x19 Wire Rope","isPartOf":{"@id":"https:\/\/qingdaohf.com\/bg\/#website"},"primaryImageOfPage":{"@id":"https:\/\/qingdaohf.com\/product\/6x19-wire-rope\/#primaryimage"},"image":{"@id":"https:\/\/qingdaohf.com\/product\/6x19-wire-rope\/#primaryimage"},"thumbnailUrl":"https:\/\/qingdaohf.com\/wp-content\/uploads\/2024\/10\/6x19wrc_2.webp","datePublished":"2024-10-24T09:13:03+00:00","dateModified":"2025-11-13T01:02:55+00:00","description":"6x19 wire rope is a versatile and durable type of steel wire rope, offering a blend of flexibility and strength.","breadcrumb":{"@id":"https:\/\/qingdaohf.com\/product\/6x19-wire-rope\/#breadcrumb"},"inLanguage":"lv-LV","potentialAction":[{"@type":"ReadAction","target":["https:\/\/qingdaohf.com\/product\/6x19-wire-rope\/"]}]},{"@type":"ImageObject","inLanguage":"lv-LV","@id":"https:\/\/qingdaohf.com\/product\/6x19-wire-rope\/#primaryimage","url":"https:\/\/qingdaohf.com\/wp-content\/uploads\/2024\/10\/6x19wrc_2.webp","contentUrl":"https:\/\/qingdaohf.com\/wp-content\/uploads\/2024\/10\/6x19wrc_2.webp","width":787,"height":787,"caption":"6X19 wire rope"},{"@type":"BreadcrumbList","@id":"https:\/\/qingdaohf.com\/product\/6x19-wire-rope\/#breadcrumb","itemListElement":[{"@type":"ListItem","position":1,"name":"Home","item":"https:\/\/qingdaohf.com\/"},{"@type":"ListItem","position":2,"name":"Concrete Forming Accessories and Rigging Hardware","item":"https:\/\/qingdaohf.com\/bg\/?page_id=944"},{"@type":"ListItem","position":3,"name":"6&#215;19 Wire Rope"}]},{"@type":"WebSite","@id":"https:\/\/qingdaohf.com\/bg\/#website","url":"https:\/\/qingdaohf.com\/bg\/","name":"Concrete Form & Rigging Hardware Supplier","description":"","publisher":{"@id":"https:\/\/qingdaohf.com\/bg\/#organization"},"potentialAction":[{"@type":"SearchAction","target":{"@type":"EntryPoint","urlTemplate":"https:\/\/qingdaohf.com\/bg\/?s={search_term_string}"},"query-input":{"@type":"PropertyValueSpecification","valueRequired":true,"valueName":"search_term_string"}}],"inLanguage":"lv-LV"},{"@type":"Organization","@id":"https:\/\/qingdaohf.com\/bg\/#organization","name":"Qingdao H&F","url":"https:\/\/qingdaohf.com\/bg\/","logo":{"@type":"ImageObject","inLanguage":"lv-LV","@id":"https:\/\/qingdaohf.com\/bg\/#\/schema\/logo\/image\/","url":"https:\/\/qingdaohf.com\/wp-content\/uploads\/2022\/12\/cropped-HF-LOGO.png","contentUrl":"https:\/\/qingdaohf.com\/wp-content\/uploads\/2022\/12\/cropped-HF-LOGO.png","width":391,"height":249,"caption":"Qingdao H&F"},"image":{"@id":"https:\/\/qingdaohf.com\/bg\/#\/schema\/logo\/image\/"},"sameAs":["https:\/\/www.facebook.com\/qingdaohf"]}]}},"_links":{"self":[{"href":"https:\/\/qingdaohf.com\/lv\/wp-json\/wp\/v2\/product\/8109","targetHints":{"allow":["GET"]}}],"collection":[{"href":"https:\/\/qingdaohf.com\/lv\/wp-json\/wp\/v2\/product"}],"about":[{"href":"https:\/\/qingdaohf.com\/lv\/wp-json\/wp\/v2\/types\/product"}],"replies":[{"embeddable":true,"href":"https:\/\/qingdaohf.com\/lv\/wp-json\/wp\/v2\/comments?post=8109"}],"version-history":[{"count":1,"href":"https:\/\/qingdaohf.com\/lv\/wp-json\/wp\/v2\/product\/8109\/revisions"}],"predecessor-version":[{"id":8114,"href":"https:\/\/qingdaohf.com\/lv\/wp-json\/wp\/v2\/product\/8109\/revisions\/8114"}],"wp:featuredmedia":[{"embeddable":true,"href":"https:\/\/qingdaohf.com\/lv\/wp-json\/wp\/v2\/media\/8112"}],"wp:attachment":[{"href":"https:\/\/qingdaohf.com\/lv\/wp-json\/wp\/v2\/media?parent=8109"}],"wp:term":[{"taxonomy":"product_brand","embeddable":true,"href":"https:\/\/qingdaohf.com\/lv\/wp-json\/wp\/v2\/product_brand?post=8109"},{"taxonomy":"product_cat","embeddable":true,"href":"https:\/\/qingdaohf.com\/lv\/wp-json\/wp\/v2\/product_cat?post=8109"},{"taxonomy":"product_tag","embeddable":true,"href":"https:\/\/qingdaohf.com\/lv\/wp-json\/wp\/v2\/product_tag?post=8109"}],"curies":[{"name":"wp","href":"https:\/\/api.w.org\/{rel}","templated":true}]}}