{"id":8119,"date":"2024-10-24T17:32:24","date_gmt":"2024-10-24T09:32:24","guid":{"rendered":"http:\/\/qingdaohf.com\/?post_type=product&#038;p=8119"},"modified":"2025-11-13T09:02:55","modified_gmt":"2025-11-13T01:02:55","slug":"6x36-wire-rope","status":"publish","type":"product","link":"https:\/\/qingdaohf.com\/lv\/products\/6x36-stieplu-troses\/","title":{"rendered":"6\u00d736 stiep\u013cu troses"},"content":{"rendered":"<h3>P\u0101rskats par 6\u00d736 stiep\u013cu tro\u0161u konstrukciju<\/h3>\n<p>6\u00d736 stiep\u013cu troses ir paz\u012bstamas ar savu unik\u0101lo strukt\u016bru, kas apvieno iztur\u012bbu, iztur\u012bbu un elast\u012bbu. \u0160ai virvei ir 6 pavedieni, no kuriem katrs satur 36 atsevi\u0161\u0137as stieples, veidojot bl\u012bvu, bet piel\u0101gojamu konfigur\u0101ciju. T\u0101s konstrukcija nodro\u0161ina lab\u0101ku l\u012bdzsvaru starp elast\u012bbu un iztur\u012bbu nek\u0101 da\u017eas citas stiep\u013cu troses, piem\u0113ram, 6\u00d719 variants. Konstrukcija \u013cauj virvei iztur\u0113t atk\u0101rtotus saliekumus un kust\u012bbas, neapdraudot t\u0101s struktur\u0101lo integrit\u0101ti, padarot to par v\u0113lamo izv\u0113li nozar\u0113s, kur\u0101s nepiecie\u0161ama uzticama cel\u0161anas, pacel\u0161anas un takel\u0101\u017eas sp\u0113ja.<\/p>\n<p>6 \u00d7 36 stiep\u013cu troses, kas izgatavotas no t\u0113rauda ar augstu oglek\u013ca saturu, ir konstru\u0113tas t\u0101, lai iztur\u0113tu smagus apst\u0101k\u013cus, vienlaikus saglab\u0101jot savu pamatstipr\u012bbu. \u0160is augstas kvalit\u0101tes materi\u0101ls uzlabo virves iztur\u012bbu pret nodilumu, koroziju un nodilumu, padarot to piem\u0113rotu da\u017e\u0101d\u0101m sare\u017e\u0123\u012bt\u0101m vid\u0113m. T\u0113rauda dz\u012bslas ir r\u016bp\u012bgi izk\u0101rtotas, lai nodro\u0161in\u0101tu vienm\u0113r\u012bgu slodzes sadal\u012bjumu, un rezult\u0101t\u0101 stiep\u013cu troses iztur lielu svaru un sare\u017e\u0123\u012btus ekspluat\u0101cijas apst\u0101k\u013cus.<\/p>\n<h3>6\u00d736 stiep\u013cu tro\u0161u kop\u0113jie izm\u0113ri<\/h3>\n<p>Stiep\u013cu tro\u0161u izm\u0113ra izv\u0113le tie\u0161i ietekm\u0113 to iztur\u012bbu, elast\u012bbu un piem\u0113rot\u012bbu da\u017e\u0101diem lietojumiem. Stiep\u013cu troses 6\u00d736 ir pieejamas da\u017e\u0101dos izm\u0113ros, kas \u013cauj prec\u012bzi piel\u0101got da\u017e\u0101du nozaru specifiskaj\u0101m vajadz\u012bb\u0101m, s\u0101kot no b\u016bvniec\u012bbas l\u012bdz j\u016brniec\u012bbas darbiem.<\/p>\n<p>3\/16 collu 6\u00d736 stiep\u013cu virve ir daudzpus\u012bgs risin\u0101jums, kas nodro\u0161ina labu l\u012bdzsvaru starp elast\u012bbu un iztur\u012bbu. \u0160is izm\u0113rs bie\u017ei tiek izmantots viegl\u0101kos lietojumos, kur ir ierobe\u017eota telpa, piem\u0113ram, neliela izm\u0113ra takel\u0101\u017eas vai kontrol\u0113tas pacel\u0161anas uzdevumos. T\u0101 kompaktais diametrs \u013cauj to viegli manevr\u0113t, vienlaikus nodro\u0161inot dro\u0161u stiepes iztur\u012bbas l\u012bmeni m\u0113ren\u0101m slodz\u0113m.<\/p>\n<p>Lietojumiem, kur nepiecie\u0161ams iztur\u012bg\u0101ks variants, 1\/4 collu 6 \u00d7 36 stiep\u013cu virve nodro\u0161ina liel\u0101ku iztur\u012bbu, nezaud\u0113jot p\u0101r\u0101k lielu elast\u012bbu. \u0160o izm\u0113ru bie\u017ei izv\u0113las t\u0101diem lietojumiem k\u0101 kravu cel\u0161ana un nostiprin\u0101\u0161ana celtniec\u012bb\u0101 vai transport\u0101. To var labi izmantot ar\u012b vin\u010do\u0161anas darb\u012bb\u0101s, kur efekt\u012bvai darb\u012bbai ir svar\u012bgi, lai iztur\u012bba un vieglums b\u016btu apvienoti.<\/p>\n<p>5\/16 collu 6 \u00d7 36 stiep\u013cu troses ir iztur\u012bg\u0101ka izv\u0113le, kas nodro\u0161ina liel\u0101ku nestsp\u0113ju intens\u012bv\u0101kiem uzdevumiem. \u0160is izm\u0113rs ir ide\u0101li piem\u0113rots lieljaudas lietojumiem, piem\u0113ram, r\u016bpnieciskiem celt\u0146iem, pac\u0113l\u0101jiem un ku\u0123u takel\u0101\u017e\u0101m. T\u0101 biez\u0101kais diametrs \u013cauj iztur\u0113t liel\u0101ku spriegojumu un slodzi, padarot to piem\u0113rotu vid\u0113m, kur ir svar\u012bga gan iztur\u012bba, gan iztur\u012bba.<\/p>\n<p>Tiem, kam nepiecie\u0161ama v\u0113l liel\u0101ka iztur\u012bba, 3\/8 collu 6\u00d736 stiep\u013cu virve var nodro\u0161in\u0101t iev\u0113rojamu atbalstu sare\u017e\u0123\u012btiem projektiem. T\u0101 ir labi piem\u0113rota lieliem b\u016bvniec\u012bbas projektiem un r\u016bpnieciskiem lietojumiem, kur nepiecie\u0161ama liela slodze. Neraugoties uz biez\u0101ko diametru, 3\/8 collu izm\u0113rs saglab\u0101 elast\u012bbu, kas nepiecie\u0161ama noteiktiem lieces darbiem, nodro\u0161inot efekt\u012bvu darb\u012bbu pat dinamiskos apst\u0101k\u013cos.<\/p>\n<h3>Pamatnes veidi: FC, IWS un IWRC 6\u00d736 stiep\u013cu troses.<\/h3>\n<p>Stiep\u013cu troses serde ir b\u016btiska sast\u0101vda\u013ca, kas nosaka t\u0101s elast\u012bbu, iztur\u012bbu un piem\u0113rot\u012bbu da\u017e\u0101diem lietojumiem. 6\u00d736 stiep\u013cu tros\u0113m ir tr\u012bs serde\u0146u veidi: Fiber Core (FC), Independent Wire Strand Core (IWS) un Independent Wire Rope Core (IWRC), un katrs no tiem pied\u0101v\u0101 at\u0161\u0137ir\u012bgas priek\u0161roc\u012bbas da\u017e\u0101diem izmanto\u0161anas veidiem.<\/p>\n<p>Fiber Core (FC) ir viselast\u012bg\u0101k\u0101 serde 6\u00d736 stiep\u013cu tros\u0113m. \u0160\u012b serde ir izgatavota no sint\u0113tisk\u0101m vai dab\u012bg\u0101m \u0161\u0137iedr\u0101m, nodro\u0161inot m\u012bkst\u0101ku un lokan\u0101ku serdes strukt\u016bru. FC variants ir \u012bpa\u0161i izdev\u012bgs gad\u012bjumos, kad stiep\u013cu tros\u0113m bie\u017ei j\u0101brauc ap tr\u012b\u0161iem un skrieme\u013ciem, jo t\u0101s elast\u012bgums samazina gan troses, gan iek\u0101rtu nodilumu. Tom\u0113r m\u012bkst\u0101ka serde noz\u012bm\u0113, ka sal\u012bdzin\u0101jum\u0101 ar t\u0113rauda serdes variantiem t\u0101 ir nedaudz maz\u0101k iztur\u012bga, t\u0101p\u0113c t\u0101 ir piem\u0113rot\u0101ka viegl\u0101kiem uzdevumiem, kuros elast\u012bbai ir liel\u0101ka priorit\u0101te nek\u0101 maksim\u0101lai slodzei.<\/p>\n<p>Neatkar\u012bga stiep\u013cu stiep\u013cu dz\u012bslu serde (IWS) nodro\u0161ina l\u012bdzsvaru starp iztur\u012bbu un elast\u012bbu. IWS serdi veido atsevi\u0161\u0137s stieples pavediens, kas nodro\u0161ina papildu struktur\u0101lo atbalstu, palielinot stiep\u013cu troses iztur\u012bbu un stiepes iztur\u012bbu. \u0160is serdes tips ir labi piem\u0113rots vid\u0113jas slodzes lietojumiem, kur nepiecie\u0161ama m\u0113rena lieces un kust\u012bbas pak\u0101pe, piem\u0113ram, maz\u0101kos celt\u0146os vai vid\u0113ja izm\u0113ra cel\u0161anas iek\u0101rt\u0101s. IWS serde nodro\u0161ina, ka virve saglab\u0101 savu formu slodzes apst\u0101k\u013cos, padarot to par uzticamu izv\u0113li uzdevumiem, kuriem nepiecie\u0161ams nedaudz liel\u0101ks robustums, nezaud\u0113jot p\u0101r\u0101k lielu elast\u012bbu.<\/p>\n<p>Tiem, kas mekl\u0113 maksim\u0101lu iztur\u012bbu, neatkar\u012bga stiep\u013cu tro\u0161u serde (IWRC) nodro\u0161ina visaugst\u0101ko iztur\u012bbu starp serde\u0146u veidiem. IWRC ir izgatavots no atsevi\u0161\u0137as stiep\u013cu troses, kas palielina 6 \u00d7 36 stiep\u013cu troses kop\u0113jo iztur\u012bbu, padarot to ide\u0101li piem\u0113rotu lielas slodzes lietojumiem. \u0160o serdes tipu parasti izmanto vid\u0113s, kur liela stiepes iztur\u012bba ir \u013coti svar\u012bga, piem\u0113ram, lielos celtniec\u012bbas celt\u0146os, r\u016bpnieciskajos pac\u0113l\u0101jos un j\u016bras oper\u0101cij\u0101s, piem\u0113ram, vilk\u0161an\u0101 un pietauvo\u0161an\u0101. Lai gan IWRC serde ir maz\u0101k elast\u012bga nek\u0101 FC vai IWS, t\u0101s sp\u0113ja iztur\u0113t lielas slodzes un deform\u0113ties stresa apst\u0101k\u013cos padara to par v\u0113lamo risin\u0101jumu intens\u012bviem ekspluat\u0101cijas apst\u0101k\u013ciem.<\/p>\n<h3>6\u00d736 stiep\u013cu tro\u0161u pielietojums un priek\u0161roc\u012bbas<\/h3>\n<p>6\u00d736 stiep\u013cu troses unik\u0101lais dizains un daudzpus\u012bba padara to par b\u016btisku izv\u0113li visda\u017e\u0101d\u0101kaj\u0101s nozar\u0113s. T\u0101 sp\u0113ja apvienot iztur\u012bbu un elast\u012bbu nodro\u0161ina, ka to var piel\u0101got da\u017e\u0101diem lietojumiem, vienlaikus nodro\u0161inot nemain\u012bgu veiktsp\u0113ju. Tas padara to par \u013coti efekt\u012bvu instrumentu t\u0101diem uzdevumiem k\u0101 pacel\u0161ana, pacel\u0161ana un takel\u0101\u017ea, kur precizit\u0101te un iztur\u012bba ir \u013coti svar\u012bga.<\/p>\n<p>B\u016bvniec\u012bbas nozar\u0113 6\u00d736 stiep\u013cu tros\u0113m ir iz\u0161\u0137iro\u0161a noz\u012bme darb\u012bb\u0101s, kur\u0101s izmanto celt\u0146us, pac\u0113l\u0101jus un citas smag\u0101s cel\u0161anas iek\u0101rtas. T\u0101 konstrukcija nodro\u0161ina netrauc\u0113tu darb\u012bbu p\u0101ri skrieme\u013ciem un tr\u012b\u0161iem, l\u012bdz minimumam samazinot nodilumu un paildzinot troses kalpo\u0161anas laiku. Da\u017e\u0101du serdes variantu pieejam\u012bba noz\u012bm\u0113, ka lietot\u0101ji var izv\u0113l\u0113ties ide\u0101lo konfigur\u0101ciju, kas atbilst katra projekta specifiskaj\u0101m pras\u012bb\u0101m, neatkar\u012bgi no t\u0101, vai tas noz\u012bm\u0113, ka priorit\u0101te ir elast\u012bba ar FC serdi vai IWRC iztur\u012bba.<\/p>\n<p>J\u016bras lietojumi ar\u012b g\u016bst iev\u0113rojamu labumu no 6\u00d736 stiep\u013cu tro\u0161u izmanto\u0161anas. T\u0101 iztur\u012bba pret nodilumu un sp\u0113ja iztur\u0113t sare\u017e\u0123\u012btas vides apst\u0101k\u013cus padara to piem\u0113rotu t\u0101diem j\u016bras uzdevumiem k\u0101 pietauvo\u0161ana, vilk\u0161ana un zvejas darb\u012bbas. IWRC serde ir \u012bpa\u0161i izdev\u012bga \u0161ajos apst\u0101k\u013cos, jo t\u0101 sp\u0113j iztur\u0113t dinamisk\u0101s slodzes, kas rodas v\u0113train\u0101 j\u016br\u0101 un main\u012bgos apst\u0101k\u013cos. Turkl\u0101t troses konstrukcija no t\u0113rauda ar augstu oglek\u013ca saturu nodro\u0161ina, ka t\u0101 sp\u0113j iztur\u0113t s\u0101ls\u016bdens koroz\u012bvo iedarb\u012bbu, nodro\u0161inot ilglaic\u012bgu uzticam\u012bbu j\u016bras darb\u012bb\u0101s.<\/p>\n<p>Transporta un lo\u0123istikas nozar\u0113 6\u00d736 stiep\u013cu troses tiek izmantotas kravu nostiprin\u0101\u0161anai, smagu materi\u0101lu pacel\u0161anai un da\u017e\u0101du cel\u0161anas meh\u0101nismu atbalstam. T\u0101 sabalans\u0113t\u0101 konstrukcija \u013cauj iztur\u0113t gan statiskas, gan dinamiskas slodzes, nodro\u0161inot nepiecie\u0161amo iztur\u012bbu, lai nodro\u0161in\u0101tu dro\u0161us savienojumus bez p\u0101rm\u0113r\u012bgas slodzes. \u0160\u012b daudzpus\u012bba noz\u012bm\u0113, ka to var izmantot da\u017e\u0101dos transporta lietojumos, s\u0101kot ar kravu nostiprin\u0101\u0161anu uz ku\u0123iem un beidzot ar pal\u012bdz\u012bbu pre\u010du iekrau\u0161an\u0101 un izkrau\u0161an\u0101 noliktav\u0101s.<\/p>\n<p>Izv\u0113loties pareizo serdi un izm\u0113ru 6\u00d736 stiep\u013cu tros\u0113m, uz\u0146\u0113mumi var optimiz\u0113t savu darb\u012bbu, nodro\u0161inot, ka tiek pan\u0101kts ide\u0101ls elast\u012bbas, iztur\u012bbas un ilgm\u016b\u017e\u012bbas apvienojums, kas atbilst to \u012bpa\u0161aj\u0101m vajadz\u012bb\u0101m. Izprotot katra serdes tipa iesp\u0113jas un da\u017e\u0101du izm\u0113ru ietekmi, lietot\u0101ji var pie\u0146emt pamatotus l\u0113mumus, kas maksim\u0101li palielina dro\u0161\u012bbu un efektivit\u0101ti projektos. Stiep\u013cu troses 6\u00d736 ar savu iztur\u012bgo konstrukciju un piel\u0101gojam\u012bbu joproj\u0101m ir ieteicama izv\u0113le tiem, kas mekl\u0113 uzticam\u012bbu un veiktsp\u0113ju savos r\u016bpnieciskajos, j\u016bras un b\u016bvniec\u012bbas pas\u0101kumos.<\/p>","protected":false},"excerpt":{"rendered":"<p>6\u00d736 stiep\u013cu troses ir augstas stipr\u012bbas, elast\u012bgas t\u0113rauda stiep\u013cu troses, kas sast\u0101v no 6 dz\u012bsl\u0101m, no kur\u0101m katr\u0101 ir 36 stieples. T\u0101 ir paz\u012bstama ar savu l\u012bdzsvaru starp iztur\u012bbu un elast\u012bbu, kas to padara piem\u0113rotu t\u0101diem sare\u017e\u0123\u012btiem lietojumiem k\u0101 pacel\u0161ana, takel\u0101\u017ea un izmanto\u0161ana j\u016br\u0101. Parasti ir pieejami t\u0101di izm\u0113ri k\u0101 3\/16 collas, 1\/4 collas un 5\/16 collas. 6\u00d736 stiep\u013cu troses parasti ir izgatavotas no t\u0113rauda ar augstu oglek\u013ca saturu. T\u0101 ir pieejama ar da\u017e\u0101d\u0101m serdes opcij\u0101m, tostarp ar \u0161\u0137iedras serdi (FC), neatkar\u012bgu stiep\u013cu vijumu serdi (IWS) un neatkar\u012bgu stiep\u013cu tro\u0161u serdi (IWRC), kas \u013cauj piel\u0101got t\u0101s veiktsp\u0113ju atkar\u012bb\u0101 no konkr\u0113t\u0101m vajadz\u012bb\u0101m.<\/p>","protected":false},"featured_media":8117,"comment_status":"open","ping_status":"closed","template":"","meta":{"site-sidebar-layout":"default","site-content-layout":"","ast-site-content-layout":"default","site-content-style":"default","site-sidebar-style":"default","ast-global-header-display":"","ast-banner-title-visibility":"","ast-main-header-display":"","ast-hfb-above-header-display":"","ast-hfb-below-header-display":"","ast-hfb-mobile-header-display":"","site-post-title":"","ast-breadcrumbs-content":"","ast-featured-img":"","footer-sml-layout":"","theme-transparent-header-meta":"default","adv-header-id-meta":"","stick-header-meta":"default","header-above-stick-meta":"","header-main-stick-meta":"","header-below-stick-meta":"","astra-migrate-meta-layouts":"set","ast-page-background-enabled":"default","ast-page-background-meta":{"desktop":{"background-color":"","background-image":"","background-repeat":"repeat","background-position":"center center","background-size":"auto","background-attachment":"scroll","background-type":"","background-media":"","overlay-type":"","overlay-color":"","overlay-opacity":"","overlay-gradient":""},"tablet":{"background-color":"","background-image":"","background-repeat":"repeat","background-position":"center center","background-size":"auto","background-attachment":"scroll","background-type":"","background-media":"","overlay-type":"","overlay-color":"","overlay-opacity":"","overlay-gradient":""},"mobile":{"background-color":"","background-image":"","background-repeat":"repeat","background-position":"center center","background-size":"auto","background-attachment":"scroll","background-type":"","background-media":"","overlay-type":"","overlay-color":"","overlay-opacity":"","overlay-gradient":""}},"ast-content-background-meta":{"desktop":{"background-color":"var(--ast-global-color-5)","background-image":"","background-repeat":"repeat","background-position":"center center","background-size":"auto","background-attachment":"scroll","background-type":"","background-media":"","overlay-type":"","overlay-color":"","overlay-opacity":"","overlay-gradient":""},"tablet":{"background-color":"var(--ast-global-color-5)","background-image":"","background-repeat":"repeat","background-position":"center center","background-size":"auto","background-attachment":"scroll","background-type":"","background-media":"","overlay-type":"","overlay-color":"","overlay-opacity":"","overlay-gradient":""},"mobile":{"background-color":"var(--ast-global-color-5)","background-image":"","background-repeat":"repeat","background-position":"center center","background-size":"auto","background-attachment":"scroll","background-type":"","background-media":"","overlay-type":"","overlay-color":"","overlay-opacity":"","overlay-gradient":""}}},"product_brand":[],"product_cat":[37],"product_tag":[89],"class_list":{"0":"post-8119","1":"product","2":"type-product","3":"status-publish","4":"has-post-thumbnail","6":"product_cat-wire-rope","7":"product_tag-wire-rope","8":"desktop-align-left","9":"tablet-align-left","10":"mobile-align-left","11":"ast-product-gallery-layout-horizontal-slider","12":"ast-product-tabs-layout-horizontal","14":"first","15":"instock","16":"shipping-taxable","17":"purchasable","18":"product-type-simple"},"yoast_head":"<!-- This site is optimized with the Yoast SEO plugin v25.2 - https:\/\/yoast.com\/wordpress\/plugins\/seo\/ -->\n<title>6x36 Wire Rope<\/title>\n<meta name=\"description\" content=\"The 6x36 wire rope is a high-strength, flexible steel wire rope consisting of 6 strands, each containing 36 wires.\" \/>\n<meta name=\"robots\" content=\"index, follow, max-snippet:-1, max-image-preview:large, max-video-preview:-1\" \/>\n<link rel=\"canonical\" href=\"https:\/\/qingdaohf.com\/lv\/products\/6x36-stieplu-troses\/\" \/>\n<meta property=\"og:locale\" content=\"lv_LV\" \/>\n<meta property=\"og:type\" content=\"article\" \/>\n<meta property=\"og:title\" content=\"6x36 Wire Rope\" \/>\n<meta property=\"og:description\" content=\"The 6x36 wire rope is a high-strength, flexible steel wire rope consisting of 6 strands, each containing 36 wires.\" \/>\n<meta property=\"og:url\" content=\"https:\/\/qingdaohf.com\/lv\/products\/6x36-stieplu-troses\/\" \/>\n<meta property=\"og:site_name\" content=\"Concrete Form &amp; Rigging Hardware Supplier\" \/>\n<meta property=\"article:publisher\" content=\"https:\/\/www.facebook.com\/qingdaohf\" \/>\n<meta property=\"article:modified_time\" content=\"2025-11-13T01:02:55+00:00\" \/>\n<meta property=\"og:image\" content=\"https:\/\/qingdaohf.com\/wp-content\/uploads\/2024\/10\/6x36-IWRC-Bright-Wire-Rope.webp\" \/>\n\t<meta property=\"og:image:width\" content=\"744\" \/>\n\t<meta property=\"og:image:height\" content=\"744\" \/>\n\t<meta property=\"og:image:type\" content=\"image\/webp\" \/>\n<meta name=\"twitter:card\" content=\"summary_large_image\" \/>\n<meta name=\"twitter:label1\" content=\"Est. reading time\" \/>\n\t<meta name=\"twitter:data1\" content=\"6 min\u016btes\" \/>\n<script type=\"application\/ld+json\" class=\"yoast-schema-graph\">{\"@context\":\"https:\/\/schema.org\",\"@graph\":[{\"@type\":\"WebPage\",\"@id\":\"https:\/\/qingdaohf.com\/product\/6x36-wire-rope\/\",\"url\":\"https:\/\/qingdaohf.com\/product\/6x36-wire-rope\/\",\"name\":\"6x36 Wire Rope\",\"isPartOf\":{\"@id\":\"https:\/\/qingdaohf.com\/bg\/#website\"},\"primaryImageOfPage\":{\"@id\":\"https:\/\/qingdaohf.com\/product\/6x36-wire-rope\/#primaryimage\"},\"image\":{\"@id\":\"https:\/\/qingdaohf.com\/product\/6x36-wire-rope\/#primaryimage\"},\"thumbnailUrl\":\"https:\/\/qingdaohf.com\/wp-content\/uploads\/2024\/10\/6x36-IWRC-Bright-Wire-Rope.webp\",\"datePublished\":\"2024-10-24T09:32:24+00:00\",\"dateModified\":\"2025-11-13T01:02:55+00:00\",\"description\":\"The 6x36 wire rope is a high-strength, flexible steel wire rope consisting of 6 strands, each containing 36 wires.\",\"breadcrumb\":{\"@id\":\"https:\/\/qingdaohf.com\/product\/6x36-wire-rope\/#breadcrumb\"},\"inLanguage\":\"lv-LV\",\"potentialAction\":[{\"@type\":\"ReadAction\",\"target\":[\"https:\/\/qingdaohf.com\/product\/6x36-wire-rope\/\"]}]},{\"@type\":\"ImageObject\",\"inLanguage\":\"lv-LV\",\"@id\":\"https:\/\/qingdaohf.com\/product\/6x36-wire-rope\/#primaryimage\",\"url\":\"https:\/\/qingdaohf.com\/wp-content\/uploads\/2024\/10\/6x36-IWRC-Bright-Wire-Rope.webp\",\"contentUrl\":\"https:\/\/qingdaohf.com\/wp-content\/uploads\/2024\/10\/6x36-IWRC-Bright-Wire-Rope.webp\",\"width\":744,\"height\":744,\"caption\":\"6x36 IWRC Wire Rope\"},{\"@type\":\"BreadcrumbList\",\"@id\":\"https:\/\/qingdaohf.com\/product\/6x36-wire-rope\/#breadcrumb\",\"itemListElement\":[{\"@type\":\"ListItem\",\"position\":1,\"name\":\"Home\",\"item\":\"https:\/\/qingdaohf.com\/\"},{\"@type\":\"ListItem\",\"position\":2,\"name\":\"Concrete Forming Accessories and Rigging Hardware\",\"item\":\"https:\/\/qingdaohf.com\/bg\/?page_id=944\"},{\"@type\":\"ListItem\",\"position\":3,\"name\":\"6&#215;36 Wire Rope\"}]},{\"@type\":\"WebSite\",\"@id\":\"https:\/\/qingdaohf.com\/bg\/#website\",\"url\":\"https:\/\/qingdaohf.com\/bg\/\",\"name\":\"Concrete Form & Rigging Hardware Supplier\",\"description\":\"\",\"publisher\":{\"@id\":\"https:\/\/qingdaohf.com\/bg\/#organization\"},\"potentialAction\":[{\"@type\":\"SearchAction\",\"target\":{\"@type\":\"EntryPoint\",\"urlTemplate\":\"https:\/\/qingdaohf.com\/bg\/?s={search_term_string}\"},\"query-input\":{\"@type\":\"PropertyValueSpecification\",\"valueRequired\":true,\"valueName\":\"search_term_string\"}}],\"inLanguage\":\"lv-LV\"},{\"@type\":\"Organization\",\"@id\":\"https:\/\/qingdaohf.com\/bg\/#organization\",\"name\":\"Qingdao H&F\",\"url\":\"https:\/\/qingdaohf.com\/bg\/\",\"logo\":{\"@type\":\"ImageObject\",\"inLanguage\":\"lv-LV\",\"@id\":\"https:\/\/qingdaohf.com\/bg\/#\/schema\/logo\/image\/\",\"url\":\"https:\/\/qingdaohf.com\/wp-content\/uploads\/2022\/12\/cropped-HF-LOGO.png\",\"contentUrl\":\"https:\/\/qingdaohf.com\/wp-content\/uploads\/2022\/12\/cropped-HF-LOGO.png\",\"width\":391,\"height\":249,\"caption\":\"Qingdao H&F\"},\"image\":{\"@id\":\"https:\/\/qingdaohf.com\/bg\/#\/schema\/logo\/image\/\"},\"sameAs\":[\"https:\/\/www.facebook.com\/qingdaohf\"]}]}<\/script>\n<!-- \/ Yoast SEO plugin. -->","yoast_head_json":{"title":"6x36 Wire Rope","description":"The 6x36 wire rope is a high-strength, flexible steel wire rope consisting of 6 strands, each containing 36 wires.","robots":{"index":"index","follow":"follow","max-snippet":"max-snippet:-1","max-image-preview":"max-image-preview:large","max-video-preview":"max-video-preview:-1"},"canonical":"https:\/\/qingdaohf.com\/lv\/products\/6x36-stieplu-troses\/","og_locale":"lv_LV","og_type":"article","og_title":"6x36 Wire Rope","og_description":"The 6x36 wire rope is a high-strength, flexible steel wire rope consisting of 6 strands, each containing 36 wires.","og_url":"https:\/\/qingdaohf.com\/lv\/products\/6x36-stieplu-troses\/","og_site_name":"Concrete Form &amp; Rigging Hardware Supplier","article_publisher":"https:\/\/www.facebook.com\/qingdaohf","article_modified_time":"2025-11-13T01:02:55+00:00","og_image":[{"width":744,"height":744,"url":"https:\/\/qingdaohf.com\/wp-content\/uploads\/2024\/10\/6x36-IWRC-Bright-Wire-Rope.webp","type":"image\/webp"}],"twitter_card":"summary_large_image","twitter_misc":{"Est. reading time":"6 min\u016btes"},"schema":{"@context":"https:\/\/schema.org","@graph":[{"@type":"WebPage","@id":"https:\/\/qingdaohf.com\/product\/6x36-wire-rope\/","url":"https:\/\/qingdaohf.com\/product\/6x36-wire-rope\/","name":"6x36 Wire Rope","isPartOf":{"@id":"https:\/\/qingdaohf.com\/bg\/#website"},"primaryImageOfPage":{"@id":"https:\/\/qingdaohf.com\/product\/6x36-wire-rope\/#primaryimage"},"image":{"@id":"https:\/\/qingdaohf.com\/product\/6x36-wire-rope\/#primaryimage"},"thumbnailUrl":"https:\/\/qingdaohf.com\/wp-content\/uploads\/2024\/10\/6x36-IWRC-Bright-Wire-Rope.webp","datePublished":"2024-10-24T09:32:24+00:00","dateModified":"2025-11-13T01:02:55+00:00","description":"The 6x36 wire rope is a high-strength, flexible steel wire rope consisting of 6 strands, each containing 36 wires.","breadcrumb":{"@id":"https:\/\/qingdaohf.com\/product\/6x36-wire-rope\/#breadcrumb"},"inLanguage":"lv-LV","potentialAction":[{"@type":"ReadAction","target":["https:\/\/qingdaohf.com\/product\/6x36-wire-rope\/"]}]},{"@type":"ImageObject","inLanguage":"lv-LV","@id":"https:\/\/qingdaohf.com\/product\/6x36-wire-rope\/#primaryimage","url":"https:\/\/qingdaohf.com\/wp-content\/uploads\/2024\/10\/6x36-IWRC-Bright-Wire-Rope.webp","contentUrl":"https:\/\/qingdaohf.com\/wp-content\/uploads\/2024\/10\/6x36-IWRC-Bright-Wire-Rope.webp","width":744,"height":744,"caption":"6x36 IWRC Wire Rope"},{"@type":"BreadcrumbList","@id":"https:\/\/qingdaohf.com\/product\/6x36-wire-rope\/#breadcrumb","itemListElement":[{"@type":"ListItem","position":1,"name":"Home","item":"https:\/\/qingdaohf.com\/"},{"@type":"ListItem","position":2,"name":"Concrete Forming Accessories and Rigging Hardware","item":"https:\/\/qingdaohf.com\/bg\/?page_id=944"},{"@type":"ListItem","position":3,"name":"6&#215;36 Wire Rope"}]},{"@type":"WebSite","@id":"https:\/\/qingdaohf.com\/bg\/#website","url":"https:\/\/qingdaohf.com\/bg\/","name":"Concrete Form & Rigging Hardware Supplier","description":"","publisher":{"@id":"https:\/\/qingdaohf.com\/bg\/#organization"},"potentialAction":[{"@type":"SearchAction","target":{"@type":"EntryPoint","urlTemplate":"https:\/\/qingdaohf.com\/bg\/?s={search_term_string}"},"query-input":{"@type":"PropertyValueSpecification","valueRequired":true,"valueName":"search_term_string"}}],"inLanguage":"lv-LV"},{"@type":"Organization","@id":"https:\/\/qingdaohf.com\/bg\/#organization","name":"Qingdao H&F","url":"https:\/\/qingdaohf.com\/bg\/","logo":{"@type":"ImageObject","inLanguage":"lv-LV","@id":"https:\/\/qingdaohf.com\/bg\/#\/schema\/logo\/image\/","url":"https:\/\/qingdaohf.com\/wp-content\/uploads\/2022\/12\/cropped-HF-LOGO.png","contentUrl":"https:\/\/qingdaohf.com\/wp-content\/uploads\/2022\/12\/cropped-HF-LOGO.png","width":391,"height":249,"caption":"Qingdao H&F"},"image":{"@id":"https:\/\/qingdaohf.com\/bg\/#\/schema\/logo\/image\/"},"sameAs":["https:\/\/www.facebook.com\/qingdaohf"]}]}},"_links":{"self":[{"href":"https:\/\/qingdaohf.com\/lv\/wp-json\/wp\/v2\/product\/8119","targetHints":{"allow":["GET"]}}],"collection":[{"href":"https:\/\/qingdaohf.com\/lv\/wp-json\/wp\/v2\/product"}],"about":[{"href":"https:\/\/qingdaohf.com\/lv\/wp-json\/wp\/v2\/types\/product"}],"replies":[{"embeddable":true,"href":"https:\/\/qingdaohf.com\/lv\/wp-json\/wp\/v2\/comments?post=8119"}],"version-history":[{"count":1,"href":"https:\/\/qingdaohf.com\/lv\/wp-json\/wp\/v2\/product\/8119\/revisions"}],"predecessor-version":[{"id":8120,"href":"https:\/\/qingdaohf.com\/lv\/wp-json\/wp\/v2\/product\/8119\/revisions\/8120"}],"wp:featuredmedia":[{"embeddable":true,"href":"https:\/\/qingdaohf.com\/lv\/wp-json\/wp\/v2\/media\/8117"}],"wp:attachment":[{"href":"https:\/\/qingdaohf.com\/lv\/wp-json\/wp\/v2\/media?parent=8119"}],"wp:term":[{"taxonomy":"product_brand","embeddable":true,"href":"https:\/\/qingdaohf.com\/lv\/wp-json\/wp\/v2\/product_brand?post=8119"},{"taxonomy":"product_cat","embeddable":true,"href":"https:\/\/qingdaohf.com\/lv\/wp-json\/wp\/v2\/product_cat?post=8119"},{"taxonomy":"product_tag","embeddable":true,"href":"https:\/\/qingdaohf.com\/lv\/wp-json\/wp\/v2\/product_tag?post=8119"}],"curies":[{"name":"wp","href":"https:\/\/api.w.org\/{rel}","templated":true}]}}