{"id":8125,"date":"2024-10-24T17:39:48","date_gmt":"2024-10-24T09:39:48","guid":{"rendered":"http:\/\/qingdaohf.com\/?post_type=product&#038;p=8125"},"modified":"2025-11-13T09:02:55","modified_gmt":"2025-11-13T01:02:55","slug":"6x37-wire-rope","status":"publish","type":"product","link":"https:\/\/qingdaohf.com\/lv\/products\/6x37-stieplu-troses\/","title":{"rendered":"6\u00d737 stiep\u013cu virve"},"content":{"rendered":"<h3><strong>Kas ir 6X37 stiep\u013cu virve<\/strong><\/h3>\n<p>6X37 stiep\u013cu troses ir univers\u0101ls un pla\u0161i izmantots stiep\u013cu tro\u0161u veids, ko raksturo se\u0161u dz\u012bslu konstrukcija, kur katru dz\u012bslu veido 37 atsevi\u0161\u0137as stieples. \u0160\u0101da sast\u0101va d\u0113\u013c stiep\u013cu troses ir elast\u012bg\u0101kas sal\u012bdzin\u0101jum\u0101 ar citiem tipiem, piem\u0113ram, 6X19, t\u0101p\u0113c t\u0101s ir ide\u0101li piem\u0113rotas pielietojumiem, kur svar\u012bga ir liece un elast\u012bba. 6X37 konstrukcija \u013cauj virvei iztur\u0113t vair\u0101kk\u0101rt\u0113ju saliek\u0161anu p\u0101ri tr\u012b\u0161iem, kas palielina t\u0101s iztur\u012bbu pret nogurumu. Pateicoties iztur\u012bbas un elast\u012bbas kombin\u0101cijai, 6X37 stiep\u013cu trosi bie\u017ei izmanto t\u0101d\u0101s nozar\u0113s k\u0101 b\u016bvniec\u012bba, ku\u0123niec\u012bba un kalnr\u016bpniec\u012bba.<\/p>\n<p>Virves parasti tiek izgatavotas no t\u0113rauda ar augstu oglek\u013ca saturu, kas paz\u012bstams ar savu iztur\u012bbu un iztur\u012bbu. Da\u017eus variantus atkar\u012bb\u0101 no pielietojuma var izgatavot ar\u012b no ner\u016bs\u0113jo\u0161\u0101 t\u0113rauda vai cinkota t\u0113rauda. Ner\u016bs\u0113jo\u0161ais t\u0113rauds nodro\u0161ina lab\u0101ku iztur\u012bbu pret koroziju, jo \u012bpa\u0161i j\u016bras vid\u0113, savuk\u0101rt cinkotais t\u0113rauds nodro\u0161ina m\u0113renu aizsardz\u012bbu pret r\u016bsu par pieejam\u0101ku cenu.<\/p>\n<h3><strong>Parastie izm\u0113ri un serde\u0146i 6X37 stiep\u013cu virv\u0113s<\/strong><\/h3>\n<p>Stiep\u013cu troses bie\u017ei m\u0113ra p\u0113c diametra, un 6X37 tipa troses ir pieejamas da\u017e\u0101dos izm\u0113ros, kas piem\u0113roti da\u017e\u0101diem lietojumiem. Piem\u0113ram, viegl\u0101kiem lietojumiem var b\u016bt piem\u0113rots 1\/16 collas 6X37 stiep\u013cu troses diametrs. \u0160o izm\u0113ru bie\u017ei izmanto viet\u0101s, kur nepiecie\u0161ama minim\u0101la slodzes iztur\u012bba, bet elast\u012bba un nodilumiztur\u012bba, piem\u0113ram, nelielos pacel\u0161anas darbos vai viegl\u0101s skrieme\u013cu sist\u0113m\u0101s. Palielinot izm\u0113ru, 3\/32 collu 6X37 trosi parasti izmanto vid\u0113s, kur nepiecie\u0161ama nedaudz liel\u0101ka slodzes iztur\u012bba, nezaud\u0113jot elast\u012bbu. To var izmantot sastat\u0146u vai vieglu takel\u0101\u017eas darbu veik\u0161anai.<\/p>\n<p>Palielinoties diametram, palielin\u0101s ar\u012b stiep\u013cu troses nestsp\u0113ja. Piem\u0113ram, 1\/8 collas 6X37 stiep\u013cu troses iztur vid\u0113jas slodzes un bie\u017ei tiek izmantotas r\u016bpnieciskos pacel\u0161anas darbos, pacel\u0161anas iek\u0101rt\u0101s un liftu sist\u0113m\u0101s. Liel\u0101kas slodzes lietojumiem 5\/32 collu 6X37 trose nodro\u0161ina iev\u0113rojamu iztur\u012bbu, vienlaikus saglab\u0101jot elast\u012bbu, t\u0101p\u0113c t\u0101 ir ide\u0101li piem\u0113rota izmanto\u0161anai celt\u0146os, vin\u010d\u0101s vai bagar\u0113\u0161anas iek\u0101rt\u0101s.<\/p>\n<p><img fetchpriority=\"high\" decoding=\"async\" class=\"alignnone size-full wp-image-8129\" src=\"http:\/\/qingdaohf.com\/wp-content\/uploads\/2024\/10\/6X37-wire-rope.webp\" alt=\"6X37 stiep\u013cu troses\" width=\"1338\" height=\"412\" srcset=\"https:\/\/qingdaohf.com\/wp-content\/uploads\/2024\/10\/6X37-wire-rope.webp 1338w, https:\/\/qingdaohf.com\/wp-content\/uploads\/2024\/10\/6X37-wire-rope-300x92.webp 300w, https:\/\/qingdaohf.com\/wp-content\/uploads\/2024\/10\/6X37-wire-rope-1024x315.webp 1024w, https:\/\/qingdaohf.com\/wp-content\/uploads\/2024\/10\/6X37-wire-rope-768x236.webp 768w, https:\/\/qingdaohf.com\/wp-content\/uploads\/2024\/10\/6X37-wire-rope-18x6.webp 18w, https:\/\/qingdaohf.com\/wp-content\/uploads\/2024\/10\/6X37-wire-rope-1000x308.webp 1000w\" sizes=\"(max-width: 1338px) 100vw, 1338px\" \/><\/p>\n<p>Ja runa ir par serde\u0146iem, parasti 6X37 stiep\u013cu troses ir pieejamas ar trim serde\u0146u variantiem:<\/p>\n<p><strong>\u0160\u0137iedras kodols (FC):<\/strong> \u0160\u0137iedru serdes stiep\u013cu tros\u0113s tiek izmantotas dabisk\u0101s vai sint\u0113tisk\u0101s \u0161\u0137iedras, kas virvei nodro\u0161ina papildu elast\u012bbu. Lai gan \u0161\u012bs troses nav tik stipras k\u0101 troses ar stiep\u013cu serdi, t\u0101s ir viegl\u0101kas un lokan\u0101kas, t\u0101p\u0113c ir piem\u0113rotas \u012bpa\u0161iem lietojumiem, kur elast\u012bba ir svar\u012bg\u0101ka par iztur\u012bbu. \u0160\u0137iedras serde var ar\u012b pal\u012bdz\u0113t absorb\u0113t sm\u0113rvielu, kas paildzina virves kalpo\u0161anas laiku, samazinot berzi un nodilumu.<\/p>\n<p><strong>Neatkar\u012bga stiep\u013cu tro\u0161u serde (IWRC):<\/strong> \u0160\u012b serde sast\u0101v no atsevi\u0161\u0137as stiep\u013cu troses, kas iet caur galven\u0101s troses centru. IWRC palielina iztur\u012bbu un uzlabo virves iztur\u012bbu pret saspie\u0161anu un deform\u0101ciju lielu slod\u017eu ietekm\u0113. Tas nodro\u0161ina ar\u012b lab\u0101ku iztur\u012bbu pret augst\u0101m temperat\u016br\u0101m, padarot IWRC 6X37 troses par ieteicamo izv\u0113li sare\u017e\u0123\u012bt\u0101 r\u016bpniecisk\u0101 vid\u0113, piem\u0113ram, kalnr\u016bpniec\u012bb\u0101 vai ku\u0123u takel\u0101\u017eas darbos.<\/p>\n<p><strong>Stiep\u013cu dz\u012bslas (WSC):<\/strong> \u0160aj\u0101 konfigur\u0101cij\u0101 k\u0101 serdi izmanto stieples pavedienu, nevis \u0161\u0137iedru vai neatkar\u012bgu virvi. WSC nodro\u0161ina l\u012bdzsvaru starp \u0161\u0137iedras serdes elast\u012bbu un IWRC iztur\u012bbu. To parasti izmanto lietojumos, kur nepiecie\u0161ama m\u0113rena elast\u012bba un iztur\u012bba, piem\u0113ram, tilta celt\u0146os vai lielas slodzes vin\u010d\u0101s.<\/p>\n<h3><strong>Materi\u0101la un stipr\u012bbas raksturojums<\/strong><\/h3>\n<p>6X37 stiep\u013cu troses parasti ir izgatavotas no t\u0113rauda ar augstu oglek\u013ca saturu, kas nodro\u0161ina t\u0101m nepiecie\u0161amo iztur\u012bbu, lai t\u0101s var\u0113tu darboties smagos apst\u0101k\u013cos. Oglek\u013ca t\u0113rauds, kas ir paz\u012bstams ar savu izcilo stiepes iztur\u012bbu, nodro\u0161ina, ka virve var iztur\u0113t lielas slodzes, nesal\u016bstot un nedeform\u0113joties stresa apst\u0101k\u013cos. Tas tiek ar\u012b termiski apstr\u0101d\u0101ts, lai uzlabotu t\u0101 stingr\u012bbu, kas ir \u012bpa\u0161i svar\u012bgi lietojumiem, kas saist\u012bti ar ekstr\u0113m\u0101m temperat\u016br\u0101m vai skarbiem elementiem.<\/p>\n<p>Gad\u012bjumos, kad galven\u0101 priorit\u0101te ir iztur\u012bba pret koroziju, var izmantot ner\u016bs\u0113jo\u0161\u0101 t\u0113rauda 6X37 stiep\u013cu troses. Ner\u016bs\u0113jo\u0161ais t\u0113rauds ir \u012bpa\u0161i iztur\u012bgs pret r\u016bsu un koroziju, t\u0101p\u0113c tas ir ide\u0101li piem\u0113rots izmanto\u0161anai j\u016br\u0101, kur s\u0101ls\u016bdens iedarb\u012bba var saboj\u0101t citus materi\u0101lus. No otras puses, cinkota t\u0113rauda 6X37 stiep\u013cu troses nodro\u0161ina aizsarg\u0101jo\u0161u cinka p\u0101rkl\u0101jumu, kas pal\u012bdz pretoties r\u016bsas veido\u0161an\u0101s procesiem, lai gan t\u0101s nav tik iztur\u012bgas pret koroziju k\u0101 ner\u016bs\u0113jo\u0161ais t\u0113rauds. Tom\u0113r cinkot\u0101s troses parasti ir rentabl\u0101kas.<\/p>\n<p>Viena no 6X37 stiep\u013cu troses at\u0161\u0137ir\u012bgaj\u0101m \u012bpa\u0161\u012bb\u0101m ir t\u0101s elast\u012bba. Liel\u0101ks stiep\u013cu skaits katr\u0101 dz\u012bsl\u0101 (37) \u013cauj virvei viegl\u0101k saliekties nek\u0101 cit\u0101m konfigur\u0101cij\u0101m, piem\u0113ram, 6X19 stiep\u013cu virvei, kurai ir maz\u0101k stiep\u013cu katr\u0101 dz\u012bsl\u0101. \u0160\u012b elast\u012bba padara to labi piem\u0113rotu lietojumiem, kur virvi bie\u017ei saliek vai kur tai b\u016bs j\u0101ce\u013co p\u0101ri skrieme\u013ciem vai tr\u012b\u0161iem. \u0160\u0101d\u0101s situ\u0101cij\u0101s konstrukcija pal\u012bdz samazin\u0101t nogurumu un pagarin\u0101t troses kalpo\u0161anas laiku.<\/p>\n<h3><strong>6X37 stiep\u013cu troses lietojumprogrammas<\/strong><\/h3>\n<p>Pateicoties t\u0101s daudzpus\u012bbai, 6X37 stiep\u013cu troses tiek izmantotas da\u017e\u0101d\u0101s nozar\u0113s un lietojumos. B\u016bvniec\u012bb\u0101 to var izmantot iek\u0101rtu pacel\u0161anai, sastat\u0146u atbalstam vai celt\u0146u darbiem. T\u0101 elast\u012bba un iztur\u012bba pret nodilumu padara to ide\u0101li piem\u0113rotu atk\u0101rtotiem cel\u0161anas uzdevumiem, kad virve bie\u017ei tiek saliekta un izstiepta. To izmanto ar\u012b transporta nozar\u0113, kur t\u0101 kalpo k\u0101 da\u013ca no ku\u0123u takel\u0101\u017eas vai k\u0101 vilk\u0161anas troses transportl\u012bdzek\u013cos.<\/p>\n<p>J\u016bras industrij\u0101 ner\u016bs\u0113jo\u0161\u0101 t\u0113rauda versijas 6X37 stiep\u013cu troses bie\u017ei izmanto pietauvo\u0161an\u0101s l\u012bnij\u0101m, takel\u0101\u017e\u0101m un citiem lietojumiem, kam nepiecie\u0161ama iztur\u012bba pret koroziju. Troses sp\u0113ja iztur\u0113t skarbu s\u0101ls\u016bdens vidi padara to par lielisku izv\u0113li j\u016bras vajadz\u012bb\u0101m. T\u0101pat t\u0101 pla\u0161i tiek izmantota kalnr\u016bpniec\u012bb\u0101, kur to izmanto pacel\u0161anas iek\u0101rt\u0101s, draglainos un smagu kravu vilk\u0161anai. T\u0113rauda konstrukcija ar augstu oglek\u013ca saturu nodro\u0161ina vajadz\u012bgo iztur\u012bbu un iztur\u012bbu, lai var\u0113tu darboties \u0161\u0101d\u0101 skarb\u0101 vid\u0113.<\/p>\n<p>V\u0113l viens izplat\u012bts 6X37 stiep\u013cu tro\u0161u pielietojums ir lifti un pacel\u0161anas sist\u0113mas. Troses elast\u012bba nodro\u0161ina vienm\u0113r\u012bgu darb\u012bbu, p\u0101rvietojoties pa skrieme\u013ciem un tr\u012b\u0161iem, savuk\u0101rt t\u0101s iztur\u012bba \u013cauj iztur\u0113t gan lifta kab\u012bnes, gan taj\u0101 eso\u0161o cilv\u0113ku svaru. \u0160aj\u0101 kontekst\u0101 bie\u017ei vien priek\u0161roka tiek dota IWRC serdei, jo t\u0101 nodro\u0161ina iztur\u012bbu un iztur\u012bbu, kas nepiecie\u0161ama ilgsto\u0161ai lieto\u0161anai paaugstin\u0101tas spriedzes vid\u0113.<\/p>\n<h3><strong>Iztur\u012bba un apkope<\/strong><\/h3>\n<p>6X37 stiep\u013cu troses ir paredz\u0113tas iztur\u012bbai, jo \u012bpa\u0161i vid\u0113, kur t\u0101s tiek pak\u013cautas atk\u0101rtotai slodzei, lieces un elementu iedarb\u012bbai. Tom\u0113r, t\u0101pat k\u0101 vis\u0101m stiep\u013cu tros\u0113m, ar\u012b tai ir nepiecie\u0161ama regul\u0101ra apkope, lai nodro\u0161in\u0101tu t\u0101s ilgm\u016b\u017e\u012bbu. Pareiza e\u013c\u013co\u0161ana ir \u013coti svar\u012bga, lai nov\u0113rstu iek\u0161\u0113jo berzi starp atsevi\u0161\u0137\u0101m stiepl\u0113m un dz\u012bsl\u0101m, kas var izrais\u012bt priek\u0161laic\u012bgu nodilumu. \u0160\u0137iedras serdes troses \u012bpa\u0161i labi uzs\u016bc sm\u0113rvielu, savuk\u0101rt IWRC un WSC serd\u0113m ir izdev\u012bgi regul\u0101ri lietot \u0101r\u0113j\u0101s sm\u0113rvielas.<\/p>\n<p>Lai saglab\u0101tu dro\u0161\u012bbu un veiktsp\u0113ju, ir svar\u012bgi regul\u0101ri p\u0101rbaud\u012bt stiep\u013cu trosi, lai konstat\u0113tu nodiluma paz\u012bmes, piem\u0113ram, p\u0101rpl\u012bsu\u0161as stieples, koroziju vai saplacin\u0101jumu. Troses elast\u012bba padara to iztur\u012bgu pret nogurumu, ta\u010du laika gait\u0101 pat visiztur\u012bg\u0101k\u0101s stiep\u013cu troses nedaudz pasliktin\u0101s. Ra\u017eot\u0101ja nor\u0101d\u012bjumu iev\u0113ro\u0161ana attiec\u012bb\u0101 uz p\u0101rbaudi un nomai\u0146u pal\u012bdz\u0113s nodro\u0161in\u0101t, ka virve p\u0113c iesp\u0113jas ilg\u0101k saglab\u0101jas optim\u0101l\u0101 st\u0101vokl\u012b.<\/p>\n<h3><strong>Secin\u0101jums<\/strong><\/h3>\n<p>6X37 stiep\u013cu troses ir lieliska izv\u0113le visda\u017e\u0101d\u0101kajiem r\u016bpnieciskiem un komerci\u0101liem lietojumiem, pateicoties to elast\u012bbas, iztur\u012bbas un iztur\u012bbas kombin\u0101cijai. T\u0101 ir pieejama da\u017e\u0101dos izm\u0113ros, piem\u0113ram, 1\/16 collas, 3\/32 collas, 1\/8 collas un 5\/32 collas, un to var piel\u0101got da\u017e\u0101du darb\u012bbu specifiskaj\u0101m vajadz\u012bb\u0101m. Neatkar\u012bgi no t\u0101, vai 6X37 stiep\u013cu troses tiek izmantotas b\u016bvniec\u012bb\u0101, j\u016bras vid\u0113 vai smag\u0101s cel\u0161anas iek\u0101rt\u0101s, t\u0101s nodro\u0161ina veiktsp\u0113ju un uzticam\u012bbu, kas nepiecie\u0161ama dro\u0161ai un efekt\u012bvai darba veik\u0161anai. Ar pareizu serdi un pien\u0101c\u012bgu apkopi tas var nodro\u0161in\u0101t ilgsto\u0161u kalpo\u0161anu pat vissare\u017e\u0123\u012bt\u0101kajos apst\u0101k\u013cos.<\/p>","protected":false},"excerpt":{"rendered":"<p>6X37 stiep\u013cu troses ir elast\u012bgas, daudzpavedienu stiep\u013cu troses, ko parasti izmanto da\u017e\u0101dos r\u016bpnieciskos un komerci\u0101los lietojumos. T\u0101 parasti ir izgatavota no augstas kvalit\u0101tes oglek\u013ca t\u0113rauda un ir pieejama da\u017e\u0101dos izm\u0113ros, piem\u0113ram, 1\/16 collas, 1\/8 collas un 5\/32 collas. \u0160ai virvei ir liel\u0101ks stiep\u013cu skaits katr\u0101 dz\u012bsl\u0101, kas nodro\u0161ina lielisku elast\u012bbu un iztur\u012bbu pret nogurumu. Tai ir da\u017e\u0101da veida serde\u0146i, piem\u0113ram, ar \u0161\u0137iedru serdi (FC), neatkar\u012bgu stiep\u013cu tro\u0161u serdi (IWRC) vai stiep\u013cu vijumu serdi (WSC), un katrs no tiem pied\u0101v\u0101 unik\u0101las priek\u0161roc\u012bbas atkar\u012bb\u0101 no paredz\u0113t\u0101 lietojuma.<\/p>","protected":false},"featured_media":8126,"comment_status":"open","ping_status":"closed","template":"","meta":{"site-sidebar-layout":"default","site-content-layout":"","ast-site-content-layout":"default","site-content-style":"default","site-sidebar-style":"default","ast-global-header-display":"","ast-banner-title-visibility":"","ast-main-header-display":"","ast-hfb-above-header-display":"","ast-hfb-below-header-display":"","ast-hfb-mobile-header-display":"","site-post-title":"","ast-breadcrumbs-content":"","ast-featured-img":"","footer-sml-layout":"","theme-transparent-header-meta":"default","adv-header-id-meta":"","stick-header-meta":"default","header-above-stick-meta":"","header-main-stick-meta":"","header-below-stick-meta":"","astra-migrate-meta-layouts":"set","ast-page-background-enabled":"default","ast-page-background-meta":{"desktop":{"background-color":"","background-image":"","background-repeat":"repeat","background-position":"center center","background-size":"auto","background-attachment":"scroll","background-type":"","background-media":"","overlay-type":"","overlay-color":"","overlay-opacity":"","overlay-gradient":""},"tablet":{"background-color":"","background-image":"","background-repeat":"repeat","background-position":"center center","background-size":"auto","background-attachment":"scroll","background-type":"","background-media":"","overlay-type":"","overlay-color":"","overlay-opacity":"","overlay-gradient":""},"mobile":{"background-color":"","background-image":"","background-repeat":"repeat","background-position":"center center","background-size":"auto","background-attachment":"scroll","background-type":"","background-media":"","overlay-type":"","overlay-color":"","overlay-opacity":"","overlay-gradient":""}},"ast-content-background-meta":{"desktop":{"background-color":"var(--ast-global-color-5)","background-image":"","background-repeat":"repeat","background-position":"center center","background-size":"auto","background-attachment":"scroll","background-type":"","background-media":"","overlay-type":"","overlay-color":"","overlay-opacity":"","overlay-gradient":""},"tablet":{"background-color":"var(--ast-global-color-5)","background-image":"","background-repeat":"repeat","background-position":"center center","background-size":"auto","background-attachment":"scroll","background-type":"","background-media":"","overlay-type":"","overlay-color":"","overlay-opacity":"","overlay-gradient":""},"mobile":{"background-color":"var(--ast-global-color-5)","background-image":"","background-repeat":"repeat","background-position":"center center","background-size":"auto","background-attachment":"scroll","background-type":"","background-media":"","overlay-type":"","overlay-color":"","overlay-opacity":"","overlay-gradient":""}}},"product_brand":[],"product_cat":[37],"product_tag":[89],"class_list":{"0":"post-8125","1":"product","2":"type-product","3":"status-publish","4":"has-post-thumbnail","6":"product_cat-wire-rope","7":"product_tag-wire-rope","8":"desktop-align-left","9":"tablet-align-left","10":"mobile-align-left","11":"ast-product-gallery-layout-horizontal-slider","12":"ast-product-gallery-with-no-image","13":"ast-product-tabs-layout-horizontal","15":"first","16":"instock","17":"shipping-taxable","18":"purchasable","19":"product-type-simple"},"yoast_head":"<!-- This site is optimized with the Yoast SEO plugin v25.2 - https:\/\/yoast.com\/wordpress\/plugins\/seo\/ -->\n<title>6x37 Wire Rope<\/title>\n<meta name=\"description\" content=\"6X37 wire rope is a flexible, multi-strand wire rope commonly used in various industrial and commercial applications.\" \/>\n<meta name=\"robots\" content=\"index, follow, max-snippet:-1, max-image-preview:large, max-video-preview:-1\" \/>\n<link rel=\"canonical\" href=\"https:\/\/qingdaohf.com\/lv\/products\/6x37-stieplu-troses\/\" \/>\n<meta property=\"og:locale\" content=\"lv_LV\" \/>\n<meta property=\"og:type\" content=\"article\" \/>\n<meta property=\"og:title\" content=\"6x37 Wire Rope\" \/>\n<meta property=\"og:description\" content=\"6X37 wire rope is a flexible, multi-strand wire rope commonly used in various industrial and commercial applications.\" \/>\n<meta property=\"og:url\" content=\"https:\/\/qingdaohf.com\/lv\/products\/6x37-stieplu-troses\/\" \/>\n<meta property=\"og:site_name\" content=\"Concrete Form &amp; Rigging Hardware Supplier\" \/>\n<meta property=\"article:publisher\" content=\"https:\/\/www.facebook.com\/qingdaohf\" \/>\n<meta property=\"article:modified_time\" content=\"2025-11-13T01:02:55+00:00\" \/>\n<meta property=\"og:image\" content=\"https:\/\/qingdaohf.com\/wp-content\/uploads\/2024\/10\/6x37-FC-WIRE-ROPE.webp\" \/>\n\t<meta property=\"og:image:width\" content=\"744\" \/>\n\t<meta property=\"og:image:height\" content=\"744\" \/>\n\t<meta property=\"og:image:type\" content=\"image\/webp\" \/>\n<meta name=\"twitter:card\" content=\"summary_large_image\" \/>\n<meta name=\"twitter:label1\" content=\"Est. reading time\" \/>\n\t<meta name=\"twitter:data1\" content=\"6 min\u016btes\" \/>\n<script type=\"application\/ld+json\" class=\"yoast-schema-graph\">{\"@context\":\"https:\/\/schema.org\",\"@graph\":[{\"@type\":\"WebPage\",\"@id\":\"https:\/\/qingdaohf.com\/product\/6x37-wire-rope\/\",\"url\":\"https:\/\/qingdaohf.com\/product\/6x37-wire-rope\/\",\"name\":\"6x37 Wire Rope\",\"isPartOf\":{\"@id\":\"https:\/\/qingdaohf.com\/bg\/#website\"},\"primaryImageOfPage\":{\"@id\":\"https:\/\/qingdaohf.com\/product\/6x37-wire-rope\/#primaryimage\"},\"image\":{\"@id\":\"https:\/\/qingdaohf.com\/product\/6x37-wire-rope\/#primaryimage\"},\"thumbnailUrl\":\"https:\/\/qingdaohf.com\/wp-content\/uploads\/2024\/10\/6x37-FC-WIRE-ROPE.webp\",\"datePublished\":\"2024-10-24T09:39:48+00:00\",\"dateModified\":\"2025-11-13T01:02:55+00:00\",\"description\":\"6X37 wire rope is a flexible, multi-strand wire rope commonly used in various industrial and commercial applications.\",\"breadcrumb\":{\"@id\":\"https:\/\/qingdaohf.com\/product\/6x37-wire-rope\/#breadcrumb\"},\"inLanguage\":\"lv-LV\",\"potentialAction\":[{\"@type\":\"ReadAction\",\"target\":[\"https:\/\/qingdaohf.com\/product\/6x37-wire-rope\/\"]}]},{\"@type\":\"ImageObject\",\"inLanguage\":\"lv-LV\",\"@id\":\"https:\/\/qingdaohf.com\/product\/6x37-wire-rope\/#primaryimage\",\"url\":\"https:\/\/qingdaohf.com\/wp-content\/uploads\/2024\/10\/6x37-FC-WIRE-ROPE.webp\",\"contentUrl\":\"https:\/\/qingdaohf.com\/wp-content\/uploads\/2024\/10\/6x37-FC-WIRE-ROPE.webp\",\"width\":744,\"height\":744,\"caption\":\"6x37 FC WIRE ROPE\"},{\"@type\":\"BreadcrumbList\",\"@id\":\"https:\/\/qingdaohf.com\/product\/6x37-wire-rope\/#breadcrumb\",\"itemListElement\":[{\"@type\":\"ListItem\",\"position\":1,\"name\":\"Home\",\"item\":\"https:\/\/qingdaohf.com\/\"},{\"@type\":\"ListItem\",\"position\":2,\"name\":\"Concrete Forming Accessories and Rigging Hardware\",\"item\":\"https:\/\/qingdaohf.com\/bg\/?page_id=944\"},{\"@type\":\"ListItem\",\"position\":3,\"name\":\"6&#215;37 Wire Rope\"}]},{\"@type\":\"WebSite\",\"@id\":\"https:\/\/qingdaohf.com\/bg\/#website\",\"url\":\"https:\/\/qingdaohf.com\/bg\/\",\"name\":\"Concrete Form & Rigging Hardware Supplier\",\"description\":\"\",\"publisher\":{\"@id\":\"https:\/\/qingdaohf.com\/bg\/#organization\"},\"potentialAction\":[{\"@type\":\"SearchAction\",\"target\":{\"@type\":\"EntryPoint\",\"urlTemplate\":\"https:\/\/qingdaohf.com\/bg\/?s={search_term_string}\"},\"query-input\":{\"@type\":\"PropertyValueSpecification\",\"valueRequired\":true,\"valueName\":\"search_term_string\"}}],\"inLanguage\":\"lv-LV\"},{\"@type\":\"Organization\",\"@id\":\"https:\/\/qingdaohf.com\/bg\/#organization\",\"name\":\"Qingdao H&F\",\"url\":\"https:\/\/qingdaohf.com\/bg\/\",\"logo\":{\"@type\":\"ImageObject\",\"inLanguage\":\"lv-LV\",\"@id\":\"https:\/\/qingdaohf.com\/bg\/#\/schema\/logo\/image\/\",\"url\":\"https:\/\/qingdaohf.com\/wp-content\/uploads\/2022\/12\/cropped-HF-LOGO.png\",\"contentUrl\":\"https:\/\/qingdaohf.com\/wp-content\/uploads\/2022\/12\/cropped-HF-LOGO.png\",\"width\":391,\"height\":249,\"caption\":\"Qingdao H&F\"},\"image\":{\"@id\":\"https:\/\/qingdaohf.com\/bg\/#\/schema\/logo\/image\/\"},\"sameAs\":[\"https:\/\/www.facebook.com\/qingdaohf\"]}]}<\/script>\n<!-- \/ Yoast SEO plugin. -->","yoast_head_json":{"title":"6x37 Wire Rope","description":"6X37 wire rope is a flexible, multi-strand wire rope commonly used in various industrial and commercial applications.","robots":{"index":"index","follow":"follow","max-snippet":"max-snippet:-1","max-image-preview":"max-image-preview:large","max-video-preview":"max-video-preview:-1"},"canonical":"https:\/\/qingdaohf.com\/lv\/products\/6x37-stieplu-troses\/","og_locale":"lv_LV","og_type":"article","og_title":"6x37 Wire Rope","og_description":"6X37 wire rope is a flexible, multi-strand wire rope commonly used in various industrial and commercial applications.","og_url":"https:\/\/qingdaohf.com\/lv\/products\/6x37-stieplu-troses\/","og_site_name":"Concrete Form &amp; Rigging Hardware Supplier","article_publisher":"https:\/\/www.facebook.com\/qingdaohf","article_modified_time":"2025-11-13T01:02:55+00:00","og_image":[{"width":744,"height":744,"url":"https:\/\/qingdaohf.com\/wp-content\/uploads\/2024\/10\/6x37-FC-WIRE-ROPE.webp","type":"image\/webp"}],"twitter_card":"summary_large_image","twitter_misc":{"Est. reading time":"6 min\u016btes"},"schema":{"@context":"https:\/\/schema.org","@graph":[{"@type":"WebPage","@id":"https:\/\/qingdaohf.com\/product\/6x37-wire-rope\/","url":"https:\/\/qingdaohf.com\/product\/6x37-wire-rope\/","name":"6x37 Wire Rope","isPartOf":{"@id":"https:\/\/qingdaohf.com\/bg\/#website"},"primaryImageOfPage":{"@id":"https:\/\/qingdaohf.com\/product\/6x37-wire-rope\/#primaryimage"},"image":{"@id":"https:\/\/qingdaohf.com\/product\/6x37-wire-rope\/#primaryimage"},"thumbnailUrl":"https:\/\/qingdaohf.com\/wp-content\/uploads\/2024\/10\/6x37-FC-WIRE-ROPE.webp","datePublished":"2024-10-24T09:39:48+00:00","dateModified":"2025-11-13T01:02:55+00:00","description":"6X37 wire rope is a flexible, multi-strand wire rope commonly used in various industrial and commercial applications.","breadcrumb":{"@id":"https:\/\/qingdaohf.com\/product\/6x37-wire-rope\/#breadcrumb"},"inLanguage":"lv-LV","potentialAction":[{"@type":"ReadAction","target":["https:\/\/qingdaohf.com\/product\/6x37-wire-rope\/"]}]},{"@type":"ImageObject","inLanguage":"lv-LV","@id":"https:\/\/qingdaohf.com\/product\/6x37-wire-rope\/#primaryimage","url":"https:\/\/qingdaohf.com\/wp-content\/uploads\/2024\/10\/6x37-FC-WIRE-ROPE.webp","contentUrl":"https:\/\/qingdaohf.com\/wp-content\/uploads\/2024\/10\/6x37-FC-WIRE-ROPE.webp","width":744,"height":744,"caption":"6x37 FC WIRE ROPE"},{"@type":"BreadcrumbList","@id":"https:\/\/qingdaohf.com\/product\/6x37-wire-rope\/#breadcrumb","itemListElement":[{"@type":"ListItem","position":1,"name":"Home","item":"https:\/\/qingdaohf.com\/"},{"@type":"ListItem","position":2,"name":"Concrete Forming Accessories and Rigging Hardware","item":"https:\/\/qingdaohf.com\/bg\/?page_id=944"},{"@type":"ListItem","position":3,"name":"6&#215;37 Wire Rope"}]},{"@type":"WebSite","@id":"https:\/\/qingdaohf.com\/bg\/#website","url":"https:\/\/qingdaohf.com\/bg\/","name":"Concrete Form & Rigging Hardware Supplier","description":"","publisher":{"@id":"https:\/\/qingdaohf.com\/bg\/#organization"},"potentialAction":[{"@type":"SearchAction","target":{"@type":"EntryPoint","urlTemplate":"https:\/\/qingdaohf.com\/bg\/?s={search_term_string}"},"query-input":{"@type":"PropertyValueSpecification","valueRequired":true,"valueName":"search_term_string"}}],"inLanguage":"lv-LV"},{"@type":"Organization","@id":"https:\/\/qingdaohf.com\/bg\/#organization","name":"Qingdao H&F","url":"https:\/\/qingdaohf.com\/bg\/","logo":{"@type":"ImageObject","inLanguage":"lv-LV","@id":"https:\/\/qingdaohf.com\/bg\/#\/schema\/logo\/image\/","url":"https:\/\/qingdaohf.com\/wp-content\/uploads\/2022\/12\/cropped-HF-LOGO.png","contentUrl":"https:\/\/qingdaohf.com\/wp-content\/uploads\/2022\/12\/cropped-HF-LOGO.png","width":391,"height":249,"caption":"Qingdao H&F"},"image":{"@id":"https:\/\/qingdaohf.com\/bg\/#\/schema\/logo\/image\/"},"sameAs":["https:\/\/www.facebook.com\/qingdaohf"]}]}},"_links":{"self":[{"href":"https:\/\/qingdaohf.com\/lv\/wp-json\/wp\/v2\/product\/8125","targetHints":{"allow":["GET"]}}],"collection":[{"href":"https:\/\/qingdaohf.com\/lv\/wp-json\/wp\/v2\/product"}],"about":[{"href":"https:\/\/qingdaohf.com\/lv\/wp-json\/wp\/v2\/types\/product"}],"replies":[{"embeddable":true,"href":"https:\/\/qingdaohf.com\/lv\/wp-json\/wp\/v2\/comments?post=8125"}],"version-history":[{"count":4,"href":"https:\/\/qingdaohf.com\/lv\/wp-json\/wp\/v2\/product\/8125\/revisions"}],"predecessor-version":[{"id":8131,"href":"https:\/\/qingdaohf.com\/lv\/wp-json\/wp\/v2\/product\/8125\/revisions\/8131"}],"wp:featuredmedia":[{"embeddable":true,"href":"https:\/\/qingdaohf.com\/lv\/wp-json\/wp\/v2\/media\/8126"}],"wp:attachment":[{"href":"https:\/\/qingdaohf.com\/lv\/wp-json\/wp\/v2\/media?parent=8125"}],"wp:term":[{"taxonomy":"product_brand","embeddable":true,"href":"https:\/\/qingdaohf.com\/lv\/wp-json\/wp\/v2\/product_brand?post=8125"},{"taxonomy":"product_cat","embeddable":true,"href":"https:\/\/qingdaohf.com\/lv\/wp-json\/wp\/v2\/product_cat?post=8125"},{"taxonomy":"product_tag","embeddable":true,"href":"https:\/\/qingdaohf.com\/lv\/wp-json\/wp\/v2\/product_tag?post=8125"}],"curies":[{"name":"wp","href":"https:\/\/api.w.org\/{rel}","templated":true}]}}