{"id":8136,"date":"2024-10-24T18:02:50","date_gmt":"2024-10-24T10:02:50","guid":{"rendered":"http:\/\/qingdaohf.com\/?post_type=product&#038;p=8136"},"modified":"2025-11-13T09:02:54","modified_gmt":"2025-11-13T01:02:54","slug":"7x19-wire-rope","status":"publish","type":"product","link":"https:\/\/qingdaohf.com\/lv\/products\/7x19-stieplu-troses\/","title":{"rendered":"7\u00d719 stiep\u013cu virve"},"content":{"rendered":"<div class=\"flex max-w-full flex-col flex-grow\">\n<div class=\"min-h-8 text-message flex w-full flex-col items-end gap-2 whitespace-normal break-words [.text-message+&amp;]:mt-5\" dir=\"auto\" data-message-author-role=\"assistant\" data-message-id=\"433aa721-79fe-4c11-be83-ec5599ef1987\" data-message-model-slug=\"gpt-4o\">\n<div class=\"flex w-full flex-col gap-1 empty:hidden first:pt-[3px]\">\n<div class=\"markdown prose w-full break-words dark:prose-invert light\">\n<h3>Kas ir 7\u00d719 stiep\u013cu virve?<\/h3>\n<p>7\u00d719 stiep\u013cu troses ir \u013coti elast\u012bgas un iztur\u012bgas troses, kas sast\u0101v galvenok\u0101rt no septi\u0146iem stiep\u013cu sai\u0161\u0137iem, no kuriem katr\u0101 ir 19 atsevi\u0161\u0137as stieples. \u0160\u0101da konstrukcija nodro\u0161ina virvei unik\u0101lu iztur\u012bbas un elast\u012bbas kombin\u0101ciju, padarot to par popul\u0101ru izv\u0113li daudzos lietojumos, s\u0101kot no j\u016bras vides l\u012bdz r\u016bpnieciskaj\u0101m iek\u0101rt\u0101m. \u0160o stiep\u013cu konfigur\u0101cija nodro\u0161ina, ka virve sp\u0113j iztur\u0113t iev\u0113rojamas slodzes, vienlaikus saglab\u0101jot struktur\u0101lo integrit\u0101ti zem spiediena.<\/p>\n<p>Stiep\u013cu tro\u0161u daudzpus\u012bba ir viena no to vispievilc\u012bg\u0101kaj\u0101m \u012bpa\u0161\u012bb\u0101m, jo \u012bpa\u0161i nozar\u0113s, kur kabe\u013ci bie\u017ei j\u0101p\u0101rvieto vai j\u0101noliecina. At\u0161\u0137ir\u012bb\u0101 no stingr\u0101k\u0101m konstrukcij\u0101m, piem\u0113ram, 1 \u00d7 19 stiep\u013cu troses, 7 \u00d7 19 konfigur\u0101cija nodro\u0161ina izcilu elast\u012bbu, nemazinot stiepes iztur\u012bbu. Parasti 7 \u00d7 19 stiep\u013cu troses ir izgatavotas no augstas kvalit\u0101tes materi\u0101liem, piem\u0113ram, ner\u016bs\u0113jo\u0161\u0101 t\u0113rauda vai cinkota t\u0113rauda, un t\u0101s ir iztur\u012bgas pret koroziju, t\u0101p\u0113c ir piem\u0113rotas gan iek\u0161telp\u0101m, gan \u0101ra vajadz\u012bb\u0101m. Neatkar\u012bgi no t\u0101, vai to izmanto vin\u010d\u0101s, celt\u0146os vai lidma\u0161\u012bnu vad\u012bbas kabe\u013cos, 7 \u00d7 19 stiep\u013cu troses izce\u013cas vid\u0113, kur elast\u012bba un iztur\u012bba ir vissvar\u012bg\u0101k\u0101.<\/p>\n<h3>Materi\u0101ls un konstrukcija<\/h3>\n<p>7 \u00d7 19 stiep\u013cu troses parasti ir pieejamas no diviem galvenajiem materi\u0101liem: ner\u016bs\u0113jo\u0161\u0101 t\u0113rauda un cinkota t\u0113rauda. Ner\u016bs\u0113jo\u0161\u0101 t\u0113rauda stiep\u013cu troses ir ieteicamas lietojumiem, kam nepiecie\u0161ama augsta iztur\u012bba pret koroziju, jo \u012bpa\u0161i vid\u0113, kas pak\u013cauta mitruma, \u0137\u012bmisko vielu vai s\u0101ls\u016bdens iedarb\u012bbai. Tas padara to par popul\u0101ru izv\u0113li j\u016bras industrij\u0101, kur r\u016bsas un korozija var \u0101tri saboj\u0101t maz\u0101k iztur\u012bgus materi\u0101lus. Savuk\u0101rt cinkota t\u0113rauda stiep\u013cu virve ir p\u0101rkl\u0101ta ar cinka sl\u0101ni, kas nodro\u0161ina iztur\u012bbu pret koroziju, vienlaikus saglab\u0101jot rentabilit\u0101ti lietojumiem, kas nav pak\u013cauti skarbiem vides apst\u0101k\u013ciem.<\/p>\n<p>7\u00d719 stiep\u013cu troses konstrukcijas konstrukcija sast\u0101v no septi\u0146iem pavedieniem, no kuriem katru veido 19 stieples. \u0160\u0101ds form\u0113jums uzlabo virves elast\u012bbu, nezaud\u0113jot t\u0101s iztur\u012bbu. Sal\u012bdzinot ar t\u0101du konstrukciju k\u0101 1\u00d719, kur viena vijuma elast\u012bba ir ierobe\u017eota, 7\u00d719 nodro\u0161ina liel\u0101ku lokan\u012bbu, padarot to ide\u0101li piem\u0113rotu scen\u0101rijiem, kad virvei ir j\u0101noliecas ap tr\u012b\u0161iem vai j\u0101\u0161\u0137\u0113rso izliektas virsmas. 7\u00d719 stiep\u013cu troses elast\u012bgums ar\u012b samazina iesp\u0113ju, ka virve var\u0113tu sagulties vai ciest no noguruma boj\u0101jumiem, t\u0101d\u0113j\u0101di nodro\u0161inot ilg\u0101ku kalpo\u0161anas laiku dinamiskos lietojumos.<\/p>\n<p>Papildus \u0101r\u0113jai konstrukcijai stiep\u013cu troses serdei ir b\u016btiska noz\u012bme t\u0101s darb\u012bb\u0101. 7 \u00d7 19 stiep\u013cu troses ir pieejamas ar divu veidu serde\u0146iem: \u0161\u0137iedru serde\u0146iem (FC) un neatkar\u012bgiem stiep\u013cu tro\u0161u serde\u0146iem (IWRC). \u0160\u0137iedras serde, ko parasti izgatavo no sint\u0113tisk\u0101m vai dab\u012bg\u0101m \u0161\u0137iedr\u0101m, uzlabo elast\u012bbu, padarot virvi lokan\u0101ku, bet nedaudz v\u0101j\u0101ku. IWRC, kas parasti ir t\u0113rauda stiep\u013cu troses ar mazu diametru, nodro\u0161ina augst\u0101ku iztur\u012bbu un iztur\u012bbu pret saspie\u0161anu, t\u0101p\u0113c t\u0101s ir piem\u0113rot\u0101kas liel\u0101k\u0101m slodz\u0113m. Izv\u0113le starp \u0161\u0137iedras serdi un IWRC ir atkar\u012bga no konkr\u0113t\u0101 pielietojuma - IWRC ir ieteicam\u0101kais variants r\u016bpnieciskai izmanto\u0161anai, bet \u0161\u0137iedras serde ir bie\u017e\u0101k sastopama situ\u0101cij\u0101s, kad nepiecie\u0161ama liel\u0101ka elast\u012bba, nevis iztur\u012bba pret slodzi.<\/p>\n<h3>Bie\u017e\u0101k sastopamie izm\u0113ri un lietojumi<\/h3>\n<p>7\u00d719 stiep\u013cu troses ir pieejamas da\u017e\u0101dos izm\u0113ros, kas piem\u0113roti da\u017e\u0101diem lietojumiem. Da\u017ei no izplat\u012bt\u0101kajiem izm\u0113riem ir \u0161\u0101di:<\/p>\n<p><strong>1\/16 collu 7\u00d719 stiep\u013cu virve:<\/strong> \u0160o izm\u0113ru bie\u017ei izmanto viegliem uzdevumiem. T\u0101 mazais diametrs padara to ide\u0101li piem\u0113rotu prec\u012bziem darbiem, piem\u0113ram, vad\u012bbas kabe\u013ciem, velosip\u0113du kabe\u013ciem un pat da\u017eos lidapar\u0101tu darbos, kur nepiecie\u0161ama smalka kontrole un elast\u012bba. Neraugoties uz nelielo izm\u0113ru, 1\/16 collu 7 \u00d7 19 stiep\u013cu troses stiepes iztur\u012bba ir iespaid\u012bga, pateicoties t\u0101s daudzpavedienu konstrukcijai, kas nodro\u0161ina uzticam\u012bbu uzdevumos, kuros nepiecie\u0161ama gan delik\u0101tums, gan iztur\u012bba.<\/p>\n<p><strong>3\/32 collu 7\u00d719 stiep\u013cu virve:<\/strong> \u0160is nedaudz liel\u0101kais izm\u0113rs ir piem\u0113rots lietojumiem, kur nepiecie\u0161ams l\u012bdzsvars starp elast\u012bbu un iztur\u012bbu. To bie\u017ei izmanto arhitekt\u016br\u0101, piem\u0113ram, marg\u0101m un barjer\u0101m, k\u0101 ar\u012b viegliem takel\u0101\u017eas darbiem j\u016bras vid\u0113. Papildu 3\/32 collu stiep\u013cu troses biezums padara to elast\u012bg\u0101ku nek\u0101 maz\u0101ka diametra troses, tom\u0113r t\u0101 joproj\u0101m nodro\u0161ina lielisku elast\u012bbu tr\u012b\u0161u un l\u012bdz\u012bgu meh\u0101nismu darbin\u0101\u0161anai.<\/p>\n<p><strong>1\/8 collu 7\u00d719 stiep\u013cu virve:<\/strong> 1\/8 collu stiep\u013cu troses ir \u013coti univers\u0101ls izm\u0113rs, ko parasti izmanto visp\u0101r\u0113j\u0101 r\u016bpniec\u012bb\u0101 un j\u016brniec\u012bb\u0101. T\u0101 ir pietiekami iztur\u012bga, lai veiktu m\u0113renus cel\u0161anas uzdevumus, un labi darbojas vin\u010d\u0101s, tros\u0113s un pat piekaramos tiltos un konstrukcij\u0101s. T\u0101 sp\u0113ja pretoties korozijai, jo \u012bpa\u0161i, ja t\u0101 ir izgatavota no ner\u016bs\u0113jo\u0161\u0101 t\u0113rauda, padara to par iecien\u012btu risin\u0101jumu vid\u0113s, kur past\u0101v ba\u017eas par kait\u012bgo elementu iedarb\u012bbu.<\/p>\n<p><strong>5\/32 collu 7\u00d719 stiep\u013cu virve:<\/strong> \u0160is izm\u0113rs nodro\u0161ina v\u0113l liel\u0101ku iztur\u012bbu, vienlaikus saglab\u0101jot elast\u012bbu, t\u0101p\u0113c tas ir ide\u0101li piem\u0113rots smagiem uzdevumiem. To bie\u017ei izmanto celtniec\u012bb\u0101, liftu un celt\u0146u darbos, kur nepiecie\u0161ams pacelt vai p\u0101rvietot lielas kravas. Liel\u0101ks diametrs nodro\u0161ina, ka 5\/32 collu stiep\u013cu troses var iztur\u0113t iev\u0113rojamu spriegojumu, nedeform\u0113joties un priek\u0161laic\u012bgi nenomazinoties, kas ir \u013coti svar\u012bgi dro\u0161\u012bbai augstas slodzes situ\u0101cij\u0101s.<\/p>\n<p>Atbilsto\u0161a 7 \u00d7 19 stiep\u013cu tro\u0161u izm\u0113ra izv\u0113le liel\u0101 m\u0113r\u0101 ir atkar\u012bga no konkr\u0113taj\u0101m slodzes pras\u012bb\u0101m un vides apst\u0101k\u013ciem. Maz\u0101ki izm\u0113ri, piem\u0113ram, 1\/16 collas vai 3\/32 collas, ir piem\u0113roti prec\u012bziem uzdevumiem, savuk\u0101rt liel\u0101ki izm\u0113ri, piem\u0113ram, 1\/8 collas un 5\/32 collas, ir lab\u0101k piem\u0113roti smagu darbu veik\u0161anai, kur nepiecie\u0161ama gan elast\u012bba, gan iztur\u012bba.<\/p>\n<h3>Lieto\u0161anas daudzpus\u012bba<\/h3>\n<p>Viena no b\u016btisk\u0101kaj\u0101m 7 \u00d7 19 stiep\u013cu tro\u0161u priek\u0161roc\u012bb\u0101m ir to piel\u0101gojam\u012bba visda\u017e\u0101d\u0101kaj\u0101s nozar\u0113s. Troses iztur\u012bbas un elast\u012bbas kombin\u0101cija padara to neaizst\u0101jamu t\u0101d\u0101s nozar\u0113s k\u0101 avi\u0101cija, b\u016bvniec\u012bba, j\u016brniec\u012bba un arhitekt\u016bra.<\/p>\n<p>Avi\u0101cij\u0101 7 \u00d7 19 stiep\u013cu troses bie\u017ei izmanto vad\u012bbas kabe\u013cos un gaisa ku\u0123u takel\u0101\u017eas sist\u0113m\u0101s. T\u0101s lielisk\u0101 elast\u012bba \u013cauj tai liekties un vienm\u0113r\u012bgi p\u0101rvietoties cauri tr\u012b\u0161iem un ap st\u016briem, neradot sasitumu vai boj\u0101jumu risku. Materi\u0101la iztur\u012bba nodro\u0161ina, ka tas sp\u0113j iztur\u0113t lielu lidojumu \u0101trumu, vibr\u0101ciju un temperat\u016bras izmai\u0146u rad\u012bto spriedzi un sasprindzin\u0101jumu.<\/p>\n<p>J\u016bras nozar\u0113 ner\u016bs\u0113jo\u0161\u0101 t\u0113rauda 7 \u00d7 19 stiep\u013cu troses ir materi\u0101ls, ko izv\u0113las takel\u0101\u017eas, pietauvo\u0161anas un pacel\u0161anas oper\u0101cij\u0101m. Troses iztur\u012bba pret koroziju apvienojum\u0101 ar t\u0101s sp\u0113ju iztur\u0113t lielas slodzes padara to ide\u0101li piem\u0113rotu lieto\u0161anai skarb\u0101 s\u0101ls\u016bdens vid\u0113. 7\u00d719 konstrukcijas elast\u012bgums ar\u012b samazina tr\u012b\u0161u un citu iek\u0101rtu nodilumu, kas ir \u012bpa\u0161i izdev\u012bgi vid\u0113, kur iek\u0101rtas tiek past\u0101v\u012bgi izmantotas.<\/p>\n<p>B\u016bvniec\u012bb\u0101 7 \u00d7 19 stiep\u013cu troses tiek izmantotas smagu materi\u0101lu pacel\u0161anai un nostiprin\u0101\u0161anai. T\u0101 sp\u0113ja iztur\u0113t lielas slodzes bez deform\u0101cijas padara to par b\u016btisku celt\u0146u, liftu un citu celtniec\u012bbas ma\u0161\u012bnu sast\u0101vda\u013cu. Stiep\u013cu troses elast\u012bba nodro\u0161ina t\u0101s vienm\u0113r\u012bgu p\u0101rvieto\u0161anos pa iek\u0101rt\u0101m, samazinot gan troses, gan ma\u0161\u012bnu, ar kur\u0101m t\u0101 mijiedarbojas, nodilumu.<\/p>\n<p>Visbeidzot, arhitekt\u016bras lietojumos tiek augstu nov\u0113rt\u0113tas 7\u00d719 stiep\u013cu tro\u0161u est\u0113tisk\u0101s un funkcion\u0101l\u0101s \u012bpa\u0161\u012bbas. To bie\u017ei izmanto tro\u0161u margu sist\u0113m\u0101s, spriegojuma konstrukcij\u0101s un piekaramos tiltos, kur t\u0101s t\u012brais, modernais izskats un iztur\u012bba padara to par ide\u0101lu materi\u0101lu. Ner\u016bs\u0113jo\u0161\u0101 t\u0113rauda 7\u00d719 stiep\u013cu troses ir \u012bpa\u0161i nov\u0113rt\u0113tas, jo t\u0101s sp\u0113j saglab\u0101t gl\u012btu, ner\u016bs\u0113jo\u0161u izskatu, vienlaikus nodro\u0161inot nepiecie\u0161amo stiepes iztur\u012bbu, lai dro\u0161i balst\u012btu konstrukcijas.<\/p>\n<h3>Secin\u0101jums<\/h3>\n<p>7 \u00d7 19 stiep\u013cu troses ir izcils in\u017eeniertehnisk\u0101s daudzpus\u012bbas piem\u0113rs. T\u0101 unik\u0101l\u0101 konfigur\u0101cija - septi\u0146as dz\u012bslas, no kur\u0101m katra satur 19 stieples - \u013cauj apvienot iztur\u012bbu, elast\u012bbu un iztur\u012bbu t\u0101, k\u0101 to sp\u0113j nodro\u0161in\u0101t tikai da\u017ei citi materi\u0101li. \u0160\u012b stiep\u013cu virve ir pieejama da\u017e\u0101dos izm\u0113ros, tostarp 1\/16 collas, 3\/32 collas, 1\/8 collas un 5\/32 collas, un pied\u0101v\u0101 da\u017e\u0101dus risin\u0101jumus gan vieglajiem, gan smagajiem lietojumiem da\u017e\u0101d\u0101s nozar\u0113s. Neatkar\u012bgi no t\u0101, vai tas tiek izmantots j\u016bras vid\u0113, r\u016bpnieciskaj\u0101s iek\u0101rt\u0101s vai arhitekt\u016bras projektos, 7\u00d719 stiep\u013cu troses nemain\u012bgi nodro\u0161ina veiktsp\u0113ju, kas nepiecie\u0161ama, lai izpild\u012btu sare\u017e\u0123\u012btas ekspluat\u0101cijas pras\u012bbas.<\/p>\n<\/div>\n<\/div>\n<\/div>\n<\/div>","protected":false},"excerpt":{"rendered":"<p>7\u00d719 stiep\u013cu troses ir univers\u0101ls, elast\u012bgs kabelis, ko bie\u017ei izmanto nozar\u0113s, kur\u0101s nepiecie\u0161ama iztur\u012bba un iztur\u012bba. Izgatavota no septi\u0146\u0101m dz\u012bsl\u0101m, no kur\u0101m katra satur 19 atsevi\u0161\u0137as stieples, \u0161\u012b virve nodro\u0161ina lielisku elast\u012bbu sal\u012bdzin\u0101jum\u0101 ar cit\u0101m stiep\u013cu tro\u0161u konstrukcij\u0101m. T\u0101 parasti ir izgatavota no augstas kvalit\u0101tes ner\u016bs\u0113jo\u0161\u0101 vai cinkot\u0101 t\u0113rauda un ir da\u017e\u0101da izm\u0113ra, piem\u0113ram, 1\/16 collas, 3\/32 collas un 5\/32 collas. Atkar\u012bb\u0101 no \u012bpa\u0161aj\u0101m pras\u012bb\u0101m attiec\u012bb\u0101 uz slodzes iztur\u012bbu, elast\u012bbu un vides apst\u0101k\u013ciem serdes var b\u016bt izgatavotas no t\u0113rauda vai \u0161\u0137iedras.<\/p>","protected":false},"featured_media":8137,"comment_status":"open","ping_status":"closed","template":"","meta":{"site-sidebar-layout":"default","site-content-layout":"","ast-site-content-layout":"default","site-content-style":"default","site-sidebar-style":"default","ast-global-header-display":"","ast-banner-title-visibility":"","ast-main-header-display":"","ast-hfb-above-header-display":"","ast-hfb-below-header-display":"","ast-hfb-mobile-header-display":"","site-post-title":"","ast-breadcrumbs-content":"","ast-featured-img":"","footer-sml-layout":"","theme-transparent-header-meta":"default","adv-header-id-meta":"","stick-header-meta":"default","header-above-stick-meta":"","header-main-stick-meta":"","header-below-stick-meta":"","astra-migrate-meta-layouts":"set","ast-page-background-enabled":"default","ast-page-background-meta":{"desktop":{"background-color":"","background-image":"","background-repeat":"repeat","background-position":"center center","background-size":"auto","background-attachment":"scroll","background-type":"","background-media":"","overlay-type":"","overlay-color":"","overlay-opacity":"","overlay-gradient":""},"tablet":{"background-color":"","background-image":"","background-repeat":"repeat","background-position":"center center","background-size":"auto","background-attachment":"scroll","background-type":"","background-media":"","overlay-type":"","overlay-color":"","overlay-opacity":"","overlay-gradient":""},"mobile":{"background-color":"","background-image":"","background-repeat":"repeat","background-position":"center center","background-size":"auto","background-attachment":"scroll","background-type":"","background-media":"","overlay-type":"","overlay-color":"","overlay-opacity":"","overlay-gradient":""}},"ast-content-background-meta":{"desktop":{"background-color":"var(--ast-global-color-5)","background-image":"","background-repeat":"repeat","background-position":"center center","background-size":"auto","background-attachment":"scroll","background-type":"","background-media":"","overlay-type":"","overlay-color":"","overlay-opacity":"","overlay-gradient":""},"tablet":{"background-color":"var(--ast-global-color-5)","background-image":"","background-repeat":"repeat","background-position":"center center","background-size":"auto","background-attachment":"scroll","background-type":"","background-media":"","overlay-type":"","overlay-color":"","overlay-opacity":"","overlay-gradient":""},"mobile":{"background-color":"var(--ast-global-color-5)","background-image":"","background-repeat":"repeat","background-position":"center center","background-size":"auto","background-attachment":"scroll","background-type":"","background-media":"","overlay-type":"","overlay-color":"","overlay-opacity":"","overlay-gradient":""}}},"product_brand":[],"product_cat":[37],"product_tag":[89],"class_list":{"0":"post-8136","1":"product","2":"type-product","3":"status-publish","4":"has-post-thumbnail","6":"product_cat-wire-rope","7":"product_tag-wire-rope","8":"desktop-align-left","9":"tablet-align-left","10":"mobile-align-left","11":"ast-product-gallery-layout-horizontal-slider","12":"ast-product-gallery-with-no-image","13":"ast-product-tabs-layout-horizontal","15":"first","16":"instock","17":"shipping-taxable","18":"purchasable","19":"product-type-simple"},"yoast_head":"<!-- This site is optimized with the Yoast SEO plugin v25.2 - https:\/\/yoast.com\/wordpress\/plugins\/seo\/ -->\n<title>7x19 Wire Rope<\/title>\n<meta name=\"robots\" content=\"index, follow, max-snippet:-1, max-image-preview:large, max-video-preview:-1\" \/>\n<link rel=\"canonical\" href=\"https:\/\/qingdaohf.com\/lv\/products\/7x19-stieplu-troses\/\" \/>\n<meta property=\"og:locale\" content=\"lv_LV\" \/>\n<meta property=\"og:type\" content=\"article\" \/>\n<meta property=\"og:title\" content=\"7x19 Wire Rope\" \/>\n<meta property=\"og:description\" content=\"7x19 wire rope is a versatile, flexible cable often used in industries requiring strength and durability. Constructed with seven strands, each containing 19 individual wires, this rope offers excellent flexibility compared to other wire rope constructions. It is typically made from high-grade stainless or galvanized steel and comes in various sizes, such as 1\/16 inch, 3\/32 inch, and 5\/32 inch. The cores can be made from steel or fiber, depending on the specific requirements for load strength, flexibility, and environmental conditions.\" \/>\n<meta property=\"og:url\" content=\"https:\/\/qingdaohf.com\/lv\/products\/7x19-stieplu-troses\/\" \/>\n<meta property=\"og:site_name\" content=\"Concrete Form &amp; Rigging Hardware Supplier\" \/>\n<meta property=\"article:publisher\" content=\"https:\/\/www.facebook.com\/qingdaohf\" \/>\n<meta property=\"article:modified_time\" content=\"2025-11-13T01:02:54+00:00\" \/>\n<meta property=\"og:image\" content=\"https:\/\/qingdaohf.com\/wp-content\/uploads\/2024\/10\/7x19.webp\" \/>\n\t<meta property=\"og:image:width\" content=\"787\" \/>\n\t<meta property=\"og:image:height\" content=\"787\" \/>\n\t<meta property=\"og:image:type\" content=\"image\/webp\" \/>\n<meta name=\"twitter:card\" content=\"summary_large_image\" \/>\n<meta name=\"twitter:label1\" content=\"Est. reading time\" \/>\n\t<meta name=\"twitter:data1\" content=\"6 min\u016btes\" \/>\n<script type=\"application\/ld+json\" class=\"yoast-schema-graph\">{\"@context\":\"https:\/\/schema.org\",\"@graph\":[{\"@type\":\"WebPage\",\"@id\":\"https:\/\/qingdaohf.com\/product\/7x19-wire-rope\/\",\"url\":\"https:\/\/qingdaohf.com\/product\/7x19-wire-rope\/\",\"name\":\"7x19 Wire Rope\",\"isPartOf\":{\"@id\":\"https:\/\/qingdaohf.com\/bg\/#website\"},\"primaryImageOfPage\":{\"@id\":\"https:\/\/qingdaohf.com\/product\/7x19-wire-rope\/#primaryimage\"},\"image\":{\"@id\":\"https:\/\/qingdaohf.com\/product\/7x19-wire-rope\/#primaryimage\"},\"thumbnailUrl\":\"https:\/\/qingdaohf.com\/wp-content\/uploads\/2024\/10\/7x19.webp\",\"datePublished\":\"2024-10-24T10:02:50+00:00\",\"dateModified\":\"2025-11-13T01:02:54+00:00\",\"breadcrumb\":{\"@id\":\"https:\/\/qingdaohf.com\/product\/7x19-wire-rope\/#breadcrumb\"},\"inLanguage\":\"lv-LV\",\"potentialAction\":[{\"@type\":\"ReadAction\",\"target\":[\"https:\/\/qingdaohf.com\/product\/7x19-wire-rope\/\"]}]},{\"@type\":\"ImageObject\",\"inLanguage\":\"lv-LV\",\"@id\":\"https:\/\/qingdaohf.com\/product\/7x19-wire-rope\/#primaryimage\",\"url\":\"https:\/\/qingdaohf.com\/wp-content\/uploads\/2024\/10\/7x19.webp\",\"contentUrl\":\"https:\/\/qingdaohf.com\/wp-content\/uploads\/2024\/10\/7x19.webp\",\"width\":787,\"height\":787,\"caption\":\"7x19 wire rope\"},{\"@type\":\"BreadcrumbList\",\"@id\":\"https:\/\/qingdaohf.com\/product\/7x19-wire-rope\/#breadcrumb\",\"itemListElement\":[{\"@type\":\"ListItem\",\"position\":1,\"name\":\"Home\",\"item\":\"https:\/\/qingdaohf.com\/\"},{\"@type\":\"ListItem\",\"position\":2,\"name\":\"Concrete Forming Accessories and Rigging Hardware\",\"item\":\"https:\/\/qingdaohf.com\/bg\/?page_id=944\"},{\"@type\":\"ListItem\",\"position\":3,\"name\":\"7&#215;19 Wire Rope\"}]},{\"@type\":\"WebSite\",\"@id\":\"https:\/\/qingdaohf.com\/bg\/#website\",\"url\":\"https:\/\/qingdaohf.com\/bg\/\",\"name\":\"Concrete Form & Rigging Hardware Supplier\",\"description\":\"\",\"publisher\":{\"@id\":\"https:\/\/qingdaohf.com\/bg\/#organization\"},\"potentialAction\":[{\"@type\":\"SearchAction\",\"target\":{\"@type\":\"EntryPoint\",\"urlTemplate\":\"https:\/\/qingdaohf.com\/bg\/?s={search_term_string}\"},\"query-input\":{\"@type\":\"PropertyValueSpecification\",\"valueRequired\":true,\"valueName\":\"search_term_string\"}}],\"inLanguage\":\"lv-LV\"},{\"@type\":\"Organization\",\"@id\":\"https:\/\/qingdaohf.com\/bg\/#organization\",\"name\":\"Qingdao H&F\",\"url\":\"https:\/\/qingdaohf.com\/bg\/\",\"logo\":{\"@type\":\"ImageObject\",\"inLanguage\":\"lv-LV\",\"@id\":\"https:\/\/qingdaohf.com\/bg\/#\/schema\/logo\/image\/\",\"url\":\"https:\/\/qingdaohf.com\/wp-content\/uploads\/2022\/12\/cropped-HF-LOGO.png\",\"contentUrl\":\"https:\/\/qingdaohf.com\/wp-content\/uploads\/2022\/12\/cropped-HF-LOGO.png\",\"width\":391,\"height\":249,\"caption\":\"Qingdao H&F\"},\"image\":{\"@id\":\"https:\/\/qingdaohf.com\/bg\/#\/schema\/logo\/image\/\"},\"sameAs\":[\"https:\/\/www.facebook.com\/qingdaohf\"]}]}<\/script>\n<!-- \/ Yoast SEO plugin. -->","yoast_head_json":{"title":"7x19 Wire Rope","robots":{"index":"index","follow":"follow","max-snippet":"max-snippet:-1","max-image-preview":"max-image-preview:large","max-video-preview":"max-video-preview:-1"},"canonical":"https:\/\/qingdaohf.com\/lv\/products\/7x19-stieplu-troses\/","og_locale":"lv_LV","og_type":"article","og_title":"7x19 Wire Rope","og_description":"7x19 wire rope is a versatile, flexible cable often used in industries requiring strength and durability. Constructed with seven strands, each containing 19 individual wires, this rope offers excellent flexibility compared to other wire rope constructions. It is typically made from high-grade stainless or galvanized steel and comes in various sizes, such as 1\/16 inch, 3\/32 inch, and 5\/32 inch. The cores can be made from steel or fiber, depending on the specific requirements for load strength, flexibility, and environmental conditions.","og_url":"https:\/\/qingdaohf.com\/lv\/products\/7x19-stieplu-troses\/","og_site_name":"Concrete Form &amp; Rigging Hardware Supplier","article_publisher":"https:\/\/www.facebook.com\/qingdaohf","article_modified_time":"2025-11-13T01:02:54+00:00","og_image":[{"width":787,"height":787,"url":"https:\/\/qingdaohf.com\/wp-content\/uploads\/2024\/10\/7x19.webp","type":"image\/webp"}],"twitter_card":"summary_large_image","twitter_misc":{"Est. reading time":"6 min\u016btes"},"schema":{"@context":"https:\/\/schema.org","@graph":[{"@type":"WebPage","@id":"https:\/\/qingdaohf.com\/product\/7x19-wire-rope\/","url":"https:\/\/qingdaohf.com\/product\/7x19-wire-rope\/","name":"7x19 Wire Rope","isPartOf":{"@id":"https:\/\/qingdaohf.com\/bg\/#website"},"primaryImageOfPage":{"@id":"https:\/\/qingdaohf.com\/product\/7x19-wire-rope\/#primaryimage"},"image":{"@id":"https:\/\/qingdaohf.com\/product\/7x19-wire-rope\/#primaryimage"},"thumbnailUrl":"https:\/\/qingdaohf.com\/wp-content\/uploads\/2024\/10\/7x19.webp","datePublished":"2024-10-24T10:02:50+00:00","dateModified":"2025-11-13T01:02:54+00:00","breadcrumb":{"@id":"https:\/\/qingdaohf.com\/product\/7x19-wire-rope\/#breadcrumb"},"inLanguage":"lv-LV","potentialAction":[{"@type":"ReadAction","target":["https:\/\/qingdaohf.com\/product\/7x19-wire-rope\/"]}]},{"@type":"ImageObject","inLanguage":"lv-LV","@id":"https:\/\/qingdaohf.com\/product\/7x19-wire-rope\/#primaryimage","url":"https:\/\/qingdaohf.com\/wp-content\/uploads\/2024\/10\/7x19.webp","contentUrl":"https:\/\/qingdaohf.com\/wp-content\/uploads\/2024\/10\/7x19.webp","width":787,"height":787,"caption":"7x19 wire rope"},{"@type":"BreadcrumbList","@id":"https:\/\/qingdaohf.com\/product\/7x19-wire-rope\/#breadcrumb","itemListElement":[{"@type":"ListItem","position":1,"name":"Home","item":"https:\/\/qingdaohf.com\/"},{"@type":"ListItem","position":2,"name":"Concrete Forming Accessories and Rigging Hardware","item":"https:\/\/qingdaohf.com\/bg\/?page_id=944"},{"@type":"ListItem","position":3,"name":"7&#215;19 Wire Rope"}]},{"@type":"WebSite","@id":"https:\/\/qingdaohf.com\/bg\/#website","url":"https:\/\/qingdaohf.com\/bg\/","name":"Concrete Form & Rigging Hardware Supplier","description":"","publisher":{"@id":"https:\/\/qingdaohf.com\/bg\/#organization"},"potentialAction":[{"@type":"SearchAction","target":{"@type":"EntryPoint","urlTemplate":"https:\/\/qingdaohf.com\/bg\/?s={search_term_string}"},"query-input":{"@type":"PropertyValueSpecification","valueRequired":true,"valueName":"search_term_string"}}],"inLanguage":"lv-LV"},{"@type":"Organization","@id":"https:\/\/qingdaohf.com\/bg\/#organization","name":"Qingdao H&F","url":"https:\/\/qingdaohf.com\/bg\/","logo":{"@type":"ImageObject","inLanguage":"lv-LV","@id":"https:\/\/qingdaohf.com\/bg\/#\/schema\/logo\/image\/","url":"https:\/\/qingdaohf.com\/wp-content\/uploads\/2022\/12\/cropped-HF-LOGO.png","contentUrl":"https:\/\/qingdaohf.com\/wp-content\/uploads\/2022\/12\/cropped-HF-LOGO.png","width":391,"height":249,"caption":"Qingdao H&F"},"image":{"@id":"https:\/\/qingdaohf.com\/bg\/#\/schema\/logo\/image\/"},"sameAs":["https:\/\/www.facebook.com\/qingdaohf"]}]}},"_links":{"self":[{"href":"https:\/\/qingdaohf.com\/lv\/wp-json\/wp\/v2\/product\/8136","targetHints":{"allow":["GET"]}}],"collection":[{"href":"https:\/\/qingdaohf.com\/lv\/wp-json\/wp\/v2\/product"}],"about":[{"href":"https:\/\/qingdaohf.com\/lv\/wp-json\/wp\/v2\/types\/product"}],"replies":[{"embeddable":true,"href":"https:\/\/qingdaohf.com\/lv\/wp-json\/wp\/v2\/comments?post=8136"}],"version-history":[{"count":1,"href":"https:\/\/qingdaohf.com\/lv\/wp-json\/wp\/v2\/product\/8136\/revisions"}],"predecessor-version":[{"id":8138,"href":"https:\/\/qingdaohf.com\/lv\/wp-json\/wp\/v2\/product\/8136\/revisions\/8138"}],"wp:featuredmedia":[{"embeddable":true,"href":"https:\/\/qingdaohf.com\/lv\/wp-json\/wp\/v2\/media\/8137"}],"wp:attachment":[{"href":"https:\/\/qingdaohf.com\/lv\/wp-json\/wp\/v2\/media?parent=8136"}],"wp:term":[{"taxonomy":"product_brand","embeddable":true,"href":"https:\/\/qingdaohf.com\/lv\/wp-json\/wp\/v2\/product_brand?post=8136"},{"taxonomy":"product_cat","embeddable":true,"href":"https:\/\/qingdaohf.com\/lv\/wp-json\/wp\/v2\/product_cat?post=8136"},{"taxonomy":"product_tag","embeddable":true,"href":"https:\/\/qingdaohf.com\/lv\/wp-json\/wp\/v2\/product_tag?post=8136"}],"curies":[{"name":"wp","href":"https:\/\/api.w.org\/{rel}","templated":true}]}}