{"id":8178,"date":"2024-10-29T16:45:43","date_gmt":"2024-10-29T08:45:43","guid":{"rendered":"http:\/\/qingdaohf.com\/?post_type=product&#038;p=8178"},"modified":"2025-11-13T09:02:54","modified_gmt":"2025-11-13T01:02:54","slug":"studless-anchor-chain","status":"publish","type":"product","link":"https:\/\/qingdaohf.com\/lv\/products\/enkurkede-bez-tapam\/","title":{"rendered":"Enkura \u0137\u0113de bez tap\u0101m"},"content":{"rendered":"<h3>B\u016btisk\u0101k\u0101s \u012bpa\u0161\u012bbas, kas piem\u012bt enkur\u0137\u0113d\u0113m bez tap\u0101m: Izstr\u0101d\u0101tas iztur\u012bbai un iztur\u012bbai<\/h3>\n<p><img fetchpriority=\"high\" decoding=\"async\" class=\"alignnone size-full wp-image-8169\" src=\"http:\/\/qingdaohf.com\/wp-content\/uploads\/2024\/10\/studless-anchor-chain_2.webp\" alt=\"enkur\u0137\u0113de bez tap\u0101m\" width=\"831\" height=\"1087\" srcset=\"https:\/\/qingdaohf.com\/wp-content\/uploads\/2024\/10\/studless-anchor-chain_2.webp 831w, https:\/\/qingdaohf.com\/wp-content\/uploads\/2024\/10\/studless-anchor-chain_2-229x300.webp 229w, https:\/\/qingdaohf.com\/wp-content\/uploads\/2024\/10\/studless-anchor-chain_2-783x1024.webp 783w, https:\/\/qingdaohf.com\/wp-content\/uploads\/2024\/10\/studless-anchor-chain_2-768x1005.webp 768w, https:\/\/qingdaohf.com\/wp-content\/uploads\/2024\/10\/studless-anchor-chain_2-9x12.webp 9w\" sizes=\"(max-width: 831px) 100vw, 831px\" \/><\/p>\n<p>Enkur\u0137\u0113des bez tap\u0101m ir neat\u0146emama j\u016brniec\u012bbas nozares sast\u0101vda\u013ca, jo t\u0101s pilda kritiski svar\u012bgo lomu ku\u0123u nostiprin\u0101\u0161an\u0101 da\u017e\u0101d\u0101s vid\u0113s. To konstrukcijas priorit\u0101te ir iztur\u012bba un funkcionalit\u0101te, nodro\u0161inot, ka t\u0101s sp\u0113j iztur\u0113t stingras pras\u012bbas, kas saist\u012btas ar pietauvo\u0161anos lielos \u016bde\u0146os. At\u0161\u0137ir\u012bb\u0101 no \u0137\u0113d\u0113m ar tap\u0101m bez tap\u0101m to analogiem, \u0137\u0113des posmi ir bez iek\u0161\u0113j\u0101m tap\u0101m, t\u0101p\u0113c t\u0101s ir viegl\u0101kas un bie\u017ei vien elast\u012bg\u0101kas. \u0160\u012b \u012bpa\u0161\u012bba ir \u012bpa\u0161i v\u0113rt\u012bga gad\u012bjumos, kad ir v\u0113lams maz\u0101ks svars un liel\u0101ka elast\u012bba. Neraugoties uz to, ka \u0161\u012bs \u0137\u0113des ir viegl\u0101kas, t\u0101s joproj\u0101m ir \u0101rk\u0101rt\u012bgi iztur\u012bgas, un katrs to posms ir veidots t\u0101, lai iztur\u0113tu milz\u012bgas slodzes un augstus spriegojuma sp\u0113kus, kas rakstur\u012bgi j\u016bras enkurviet\u0101m.<\/p>\n<p>\u0136\u0113des bez tap\u0101m ir daudzpus\u012bgas, t\u0101p\u0113c t\u0101s ir piem\u0113rotas da\u017e\u0101diem j\u016bras lietojumiem, s\u0101kot no mazo laivu pietauvo\u0161anas l\u012bdz smagiem r\u016bpnieciskiem lietojumiem. \u0160\u012bs \u0137\u0113des ir stingri p\u0101rbaud\u012btas, lai atbilstu starptautiskajiem standartiem, jo to uzticam\u012bba ir \u013coti svar\u012bga, lai nodro\u0161in\u0101tu gan ku\u0123u, gan apkalpes dro\u0161\u012bbu. Pateicoties to konstrukcijai, t\u0101s nodro\u0161ina ar\u012b iespaid\u012bgu iztur\u012bbu pret koroziju un nodilumu, kas ir b\u016btiski s\u0101ls\u016bden\u012b un cit\u0101s skarb\u0101s vid\u0113s. Konstrukcija v\u0113l vair\u0101k samazina \u0137\u0113des aiz\u0137er\u0161an\u0101s gad\u012bjumus, jo viendab\u012bg\u0101 konstrukcija samazina v\u0101jos punktus. \u0160\u012b kvalit\u0101te ir veicin\u0101jusi to, ka ku\u0123u in\u017eenieri un ku\u0123u operatori, kas mekl\u0113 iztur\u012bbu un uzticam\u012bbu paaugstin\u0101tas spriedzes apst\u0101k\u013cos, arvien bie\u017e\u0101k izv\u0113las \u0137\u0113des bez tap\u0101m.<\/p>\n<h3>Priek\u0161roc\u012bbas, izv\u0113loties Qingdao H&amp;F enkur\u0137\u0113des bez tap\u0101m<\/h3>\n<p>Qingdao H&amp;F ir ap\u0146\u0113musies saviem klientiem nodro\u0161in\u0101t augstas kvalit\u0101tes bezdak\u0161as enkur\u0137\u0113des, kas atbilst stingriem dro\u0161\u012bbas, iztur\u012bbas un ilgm\u016b\u017e\u012bbas standartiem. M\u016bsu \u0137\u0113d\u0113m tiek veiktas stingras kvalit\u0101tes p\u0101rbaudes, lai nodro\u0161in\u0101tu to optim\u0101lu veiktsp\u0113ju da\u017e\u0101dos apst\u0101k\u013cos. \u0160is process ietver p\u0101rbaudes slodzes test\u0113\u0161anu, kas ir b\u016btiska, lai apstiprin\u0101tu, ka katra \u0137\u0113de var iztur\u0113t maksim\u0101lo slodzi, kas sagaid\u0101ma lieto\u0161anas laik\u0101. Pirc\u0113ji arvien vair\u0101k piev\u0113r\u0161 uzman\u012bbu pier\u0101d\u012bjuma slodzei, jo t\u0101 tie\u0161i ietekm\u0113 \u0137\u0113des uzticam\u012bbu, jo \u012bpa\u0161i sare\u017e\u0123\u012bt\u0101s pietauvo\u0161an\u0101s situ\u0101cij\u0101s.<\/p>\n<p>Qingdao H&amp;F izce\u013cas ar m\u016bsu ap\u0146em\u0161anos nodro\u0161in\u0101t klientu apmierin\u0101t\u012bbu un uzticam\u012bbu. M\u016bsu komanda ar vair\u0101k nek\u0101 20 gadu pieredzi B2B tirdzniec\u012bbas nozar\u0113 pied\u0101v\u0101 individu\u0101lu klientu apkalpo\u0161anu, kas piel\u0101gota katra klienta unik\u0101laj\u0101m vajadz\u012bb\u0101m. M\u016bsu pieredz\u0113ju\u0161ie profesion\u0101\u013ci vada klientus visos pirkuma procesa posmos, nodro\u0161inot, ka vi\u0146i atrod ide\u0101l\u0101s \u0137\u0113des specifik\u0101cijas, kas atbilst vi\u0146u projekta pras\u012bb\u0101m. M\u0113s saprotam, ka \u0161aj\u0101 nozar\u0113 \u013coti svar\u012bga ir \u0101tra pieg\u0101de, t\u0101p\u0113c m\u0113s uzsveram savlaic\u012bgu lo\u0123istiku, lai bez kompromisiem apmierin\u0101tu m\u016bsu klientu grafiku pl\u0101no\u0161anas vajadz\u012bbas.<\/p>\n<p>Papildus m\u016bsu sp\u0113c\u012bgaj\u0101m pieg\u0101des iesp\u0113j\u0101m m\u016bsu produktiem ir pieejami ar\u012b visaptvero\u0161i kvalit\u0101tes p\u0101rbaudes zi\u0146ojumi. \u0160ie zi\u0146ojumi nodro\u0161ina p\u0101rredzam\u012bbu un p\u0101rliec\u012bbu, pal\u012bdzot klientiem pie\u0146emt pamatotus l\u0113mumus par pirkumu. P\u0101rbaudes proces\u0101 tiek nov\u0113rt\u0113ti t\u0101di faktori k\u0101 materi\u0101la sast\u0101vs, stiepes iztur\u012bba un iztur\u012bba pret koroziju, kas ietekm\u0113 \u0137\u0113des kalpo\u0161anas ilgumu un veiktsp\u0113ju. Sniedzot saviem klientiem detaliz\u0113tus p\u0101rbaudes zi\u0146ojumus, m\u0113s \u013caujam vi\u0146iem dro\u0161i ieguld\u012bt l\u012bdzek\u013cus produktos, kas atbilst vi\u0146u stingrajiem standartiem.<\/p>\n<h3>Pareizo specifik\u0101ciju izv\u0113le: K\u0101p\u0113c \u0137\u0113des diametram un pier\u0101d\u012bjuma slodzei ir noz\u012bme<\/h3>\n<p>Izv\u0113loties enkur\u0137\u0113des bez tap\u0101m, \u012bpa\u0161i svar\u012bgas ir divas specifik\u0101cijas: diametrs un iztur\u012bbas slodze. Katra \u0137\u0113des posma diametrs, ko m\u0113ra coll\u0101s, ietekm\u0113 gan \u0137\u0113des svaru, gan t\u0101s nestsp\u0113ju. Pareiza diametra izv\u0113le ir b\u016btiska, jo t\u0101 tie\u0161i ietekm\u0113 \u0137\u0113des veiktsp\u0113ju enkuru nostiprin\u0101\u0161an\u0101. Piem\u0113ram, 1\/2 collas diametrs var b\u016bt piem\u0113rots vieglajiem ku\u0123iem, bet smagiem r\u016bpnieciskiem lietojumiem var b\u016bt nepiecie\u0161amas \u0137\u0113des ar 3\/4 collas vai liel\u0101ku diametru.<\/p>\n<p>P\u0101rbaudes slodze ir v\u0113l viens b\u016btisks faktors, kas atspogu\u013co maksim\u0101lo slodzi, kuru \u0137\u0113de var iztur\u0113t bez palieko\u0161as deform\u0101cijas. \u0160is r\u0101d\u012bt\u0101js ir \u013coti svar\u012bgs klientiem, jo tas skaidri par\u0101da \u0137\u0113des sp\u0113ju iztur\u0113t lielas slodzes re\u0101los apst\u0101k\u013cos. Qingdao H&amp;F pied\u0101v\u0101 \u0137\u0113des, kas ir p\u0101rbaud\u012btas, lai p\u0101rsniegtu nozares standartus, t\u0101d\u0113j\u0101di sniedzot m\u016bsu klientiem papildu p\u0101rliec\u012bbu par to veiktsp\u0113ju. Pier\u0101d\u012bjuma slodzes test\u0113\u0161ana ir ar\u012b v\u0113rt\u012bgs \u0137\u0113des dro\u0161\u012bbas r\u0101d\u012bt\u0101js, jo t\u0101 nodro\u0161ina, ka \u0137\u0113de saglab\u0101s savu integrit\u0101ti pat p\u0113k\u0161\u0146as, intens\u012bvas slodzes apst\u0101k\u013cos.<\/p>\n<p>Izv\u0113loties atbilsto\u0161a diametra un iztur\u012bbas slodzes enkur\u0137\u0113di bez tap\u0101m, pirc\u0113ji var nodro\u0161in\u0101t optim\u0101lu veiktsp\u0113ju sav\u0101m konkr\u0113taj\u0101m pietauvo\u0161an\u0101s vajadz\u012bb\u0101m. M\u016bsu Qingdao H&amp;F komanda ir gatava pal\u012bdz\u0113t klientiem izv\u0113l\u0113ties ide\u0101l\u0101s specifik\u0101cijas, izmantojot padzi\u013cin\u0101tas zin\u0101\u0161anas par nozares standartiem un materi\u0101lu \u012bpa\u0161\u012bb\u0101m, lai ieteiktu produktus, kas atbilst katra klienta darb\u012bbas pras\u012bb\u0101m.<\/p>\n<h3>Uzticieties p\u0101rbaud\u012btam partnerim: K\u0101p\u0113c Qingdao H&amp;F ir lab\u0101k\u0101 izv\u0113le<\/h3>\n<p>Tiem, kas mekl\u0113 enkur\u0137\u0113des bez tap\u0101m, uzticam\u012bba un pieg\u0101d\u0101t\u0101ja pieredze ir vissvar\u012bg\u0101k\u0101. Qingdao H&amp;F, kas jau divus gadu desmitus darbojas B2B nozar\u0113, izprot sare\u017e\u0123\u012bt\u0101s j\u016bras un r\u016bpniec\u012bbas klientu vajadz\u012bbas. M\u016bsu specializ\u0113t\u0101 individu\u0101l\u0101 klientu apkalpo\u0161ana noz\u012bm\u0113, ka katrs klients sa\u0146em personaliz\u0113tu atbalstu, pal\u012bdzot atrast lab\u0101kos risin\u0101jumus sav\u0101m pietauvo\u0161an\u0101s un enkuro\u0161anas pras\u012bb\u0101m. Turkl\u0101t m\u016bsu stingrie test\u0113\u0161anas protokoli nodro\u0161ina, ka katrs produkts atbilst vai p\u0101rsniedz nozares kvalit\u0101tes un iztur\u012bbas standartus.<\/p>\n<p>Kvalit\u0101tes nodro\u0161in\u0101\u0161ana nebeidzas l\u012bdz ar p\u0101rdo\u0161anu. Qingdao H&amp;F pied\u0101v\u0101 p\u0113cp\u0101rdo\u0161anas atbalstu un \u0101tras atbildes uz klientu jaut\u0101jumiem, t\u0101d\u0113j\u0101di v\u0113l vair\u0101k uzlabojot m\u016bsu klientu pieredzi. M\u0113s lepojamies ar savu sp\u0113ju veidot ilgtermi\u0146a attiec\u012bbas, nodro\u0161inot uzticamu augstas kvalit\u0101tes enkur\u0137\u0113\u017eu bez tap\u0101m avotu, uz kuru klienti var pa\u013cauties. Pateicoties m\u016bsu p\u0101rredzamam kvalit\u0101tes p\u0101rbaudes procesam un ap\u0146\u0113m\u012bbai veikt \u0101tras pieg\u0101des, esam ieguvu\u0161i izcil\u012bbas reput\u0101ciju \u0161aj\u0101 nozar\u0113.<\/p>\n<p>Izv\u0113loties Qingdao H&amp;F, klienti g\u016bst labumu ne tikai no augst\u0101k\u0101s produktu kvalit\u0101tes, bet ar\u012b no garantijas, ko sniedz m\u016bsu visaptvero\u0161ie p\u0101rbaudes zi\u0146ojumi un ekspertu ieteikumi. Raugoties n\u0101kotn\u0113, m\u0113s joproj\u0101m koncentr\u0113jamies uz to, lai pal\u012bdz\u0113tu klientiem g\u016bt pan\u0101kumus, nodro\u0161inot augstas kvalit\u0101tes bezdak\u0161u enkur\u0137\u0113des, kas nodro\u0161ina gan veiktsp\u0113ju, gan mieru un p\u0101rliec\u012bbu.<\/p>","protected":false},"excerpt":{"rendered":"<p>Enkur\u0137\u0113des bez tap\u0101m ir uzticama izv\u0113le smagas noslodzes pietauvo\u0161anai un noenkuro\u0161anai, kas paz\u012bstamas ar savu iztur\u012bgo strukt\u016bru un nodilumiztur\u012bbu sare\u017e\u0123\u012btos j\u016bras apst\u0101k\u013cos. Pirc\u0113ji parasti piev\u0113r\u0161 uzman\u012bbu t\u0101diem faktoriem k\u0101 iztur\u012bba, iztur\u012bba pret slodzi un \u0137\u0113des sp\u0113ja ilgsto\u0161i iztur\u0113t augstas slodzes apst\u0101k\u013cus. Qingdao H&amp;F k\u0101 B2B tirdzniec\u012bbas uz\u0146\u0113mums ar 20 gadu pieredzi lepojas ar to, ka pied\u0101v\u0101 konkur\u0113tsp\u0113j\u012bgas cenas, \u0101tru pieg\u0101des ciklu un visaptvero\u0161us kvalit\u0101tes p\u0101rbaudes zi\u0146ojumus. M\u016bsu individu\u0101l\u0101 klientu apkalpo\u0161ana nodro\u0161ina individu\u0101li piel\u0101gotu iepirk\u0161anas pieredzi, padarot m\u016bs par uzticamu partneri augstas kvalit\u0101tes bezdak\u0161u enkur\u0137\u0113\u017eu \u0137\u0113des pieg\u0101d\u0113, kas atbilst stingriem nozares standartiem.<\/p>","protected":false},"featured_media":8171,"comment_status":"open","ping_status":"closed","template":"","meta":{"site-sidebar-layout":"default","site-content-layout":"","ast-site-content-layout":"default","site-content-style":"default","site-sidebar-style":"default","ast-global-header-display":"","ast-banner-title-visibility":"","ast-main-header-display":"","ast-hfb-above-header-display":"","ast-hfb-below-header-display":"","ast-hfb-mobile-header-display":"","site-post-title":"","ast-breadcrumbs-content":"","ast-featured-img":"","footer-sml-layout":"","theme-transparent-header-meta":"default","adv-header-id-meta":"","stick-header-meta":"default","header-above-stick-meta":"","header-main-stick-meta":"","header-below-stick-meta":"","astra-migrate-meta-layouts":"set","ast-page-background-enabled":"default","ast-page-background-meta":{"desktop":{"background-color":"","background-image":"","background-repeat":"repeat","background-position":"center center","background-size":"auto","background-attachment":"scroll","background-type":"","background-media":"","overlay-type":"","overlay-color":"","overlay-opacity":"","overlay-gradient":""},"tablet":{"background-color":"","background-image":"","background-repeat":"repeat","background-position":"center center","background-size":"auto","background-attachment":"scroll","background-type":"","background-media":"","overlay-type":"","overlay-color":"","overlay-opacity":"","overlay-gradient":""},"mobile":{"background-color":"","background-image":"","background-repeat":"repeat","background-position":"center center","background-size":"auto","background-attachment":"scroll","background-type":"","background-media":"","overlay-type":"","overlay-color":"","overlay-opacity":"","overlay-gradient":""}},"ast-content-background-meta":{"desktop":{"background-color":"var(--ast-global-color-5)","background-image":"","background-repeat":"repeat","background-position":"center center","background-size":"auto","background-attachment":"scroll","background-type":"","background-media":"","overlay-type":"","overlay-color":"","overlay-opacity":"","overlay-gradient":""},"tablet":{"background-color":"var(--ast-global-color-5)","background-image":"","background-repeat":"repeat","background-position":"center center","background-size":"auto","background-attachment":"scroll","background-type":"","background-media":"","overlay-type":"","overlay-color":"","overlay-opacity":"","overlay-gradient":""},"mobile":{"background-color":"var(--ast-global-color-5)","background-image":"","background-repeat":"repeat","background-position":"center center","background-size":"auto","background-attachment":"scroll","background-type":"","background-media":"","overlay-type":"","overlay-color":"","overlay-opacity":"","overlay-gradient":""}}},"product_brand":[],"product_cat":[38],"product_tag":[],"class_list":{"0":"post-8178","1":"product","2":"type-product","3":"status-publish","4":"has-post-thumbnail","6":"product_cat-chain","7":"desktop-align-left","8":"tablet-align-left","9":"mobile-align-left","10":"ast-product-gallery-layout-horizontal-slider","11":"ast-product-tabs-layout-horizontal","13":"first","14":"instock","15":"shipping-taxable","16":"purchasable","17":"product-type-simple"},"yoast_head":"<!-- This site is optimized with the Yoast SEO plugin v25.2 - https:\/\/yoast.com\/wordpress\/plugins\/seo\/ -->\n<title>Studless Anchor Chain<\/title>\n<meta name=\"description\" content=\"Studless anchor chains are a dependable choice for heavy-duty mooring and anchoring, known for their robust structure and resistance to wear in demanding marine conditions.\" \/>\n<meta name=\"robots\" content=\"index, follow, max-snippet:-1, max-image-preview:large, max-video-preview:-1\" \/>\n<link rel=\"canonical\" href=\"https:\/\/qingdaohf.com\/lv\/products\/enkurkede-bez-tapam\/\" \/>\n<meta property=\"og:locale\" content=\"lv_LV\" \/>\n<meta property=\"og:type\" content=\"article\" \/>\n<meta property=\"og:title\" content=\"Studless Anchor Chain\" \/>\n<meta property=\"og:description\" content=\"Studless anchor chains are a dependable choice for heavy-duty mooring and anchoring, known for their robust structure and resistance to wear in demanding marine conditions.\" \/>\n<meta property=\"og:url\" content=\"https:\/\/qingdaohf.com\/lv\/products\/enkurkede-bez-tapam\/\" \/>\n<meta property=\"og:site_name\" content=\"Concrete Form &amp; Rigging Hardware Supplier\" \/>\n<meta property=\"article:publisher\" content=\"https:\/\/www.facebook.com\/qingdaohf\" \/>\n<meta property=\"article:modified_time\" content=\"2025-11-13T01:02:54+00:00\" \/>\n<meta property=\"og:image\" content=\"https:\/\/qingdaohf.com\/wp-content\/uploads\/2024\/10\/marine-studless-chain_\u526f\u672c.jpg\" \/>\n\t<meta property=\"og:image:width\" content=\"1000\" \/>\n\t<meta property=\"og:image:height\" content=\"1000\" \/>\n\t<meta property=\"og:image:type\" content=\"image\/jpeg\" \/>\n<meta name=\"twitter:card\" content=\"summary_large_image\" \/>\n<meta name=\"twitter:label1\" content=\"Est. reading time\" \/>\n\t<meta name=\"twitter:data1\" content=\"5 min\u016btes\" \/>\n<script type=\"application\/ld+json\" class=\"yoast-schema-graph\">{\"@context\":\"https:\/\/schema.org\",\"@graph\":[{\"@type\":\"WebPage\",\"@id\":\"https:\/\/qingdaohf.com\/product\/studless-anchor-chain\/\",\"url\":\"https:\/\/qingdaohf.com\/product\/studless-anchor-chain\/\",\"name\":\"Studless Anchor Chain\",\"isPartOf\":{\"@id\":\"https:\/\/qingdaohf.com\/bg\/#website\"},\"primaryImageOfPage\":{\"@id\":\"https:\/\/qingdaohf.com\/product\/studless-anchor-chain\/#primaryimage\"},\"image\":{\"@id\":\"https:\/\/qingdaohf.com\/product\/studless-anchor-chain\/#primaryimage\"},\"thumbnailUrl\":\"https:\/\/qingdaohf.com\/wp-content\/uploads\/2024\/10\/marine-studless-chain_\u526f\u672c.jpg\",\"datePublished\":\"2024-10-29T08:45:43+00:00\",\"dateModified\":\"2025-11-13T01:02:54+00:00\",\"description\":\"Studless anchor chains are a dependable choice for heavy-duty mooring and anchoring, known for their robust structure and resistance to wear in demanding marine conditions.\",\"breadcrumb\":{\"@id\":\"https:\/\/qingdaohf.com\/product\/studless-anchor-chain\/#breadcrumb\"},\"inLanguage\":\"lv-LV\",\"potentialAction\":[{\"@type\":\"ReadAction\",\"target\":[\"https:\/\/qingdaohf.com\/product\/studless-anchor-chain\/\"]}]},{\"@type\":\"ImageObject\",\"inLanguage\":\"lv-LV\",\"@id\":\"https:\/\/qingdaohf.com\/product\/studless-anchor-chain\/#primaryimage\",\"url\":\"https:\/\/qingdaohf.com\/wp-content\/uploads\/2024\/10\/marine-studless-chain_\u526f\u672c.jpg\",\"contentUrl\":\"https:\/\/qingdaohf.com\/wp-content\/uploads\/2024\/10\/marine-studless-chain_\u526f\u672c.jpg\",\"width\":1000,\"height\":1000,\"caption\":\"studless chain\"},{\"@type\":\"BreadcrumbList\",\"@id\":\"https:\/\/qingdaohf.com\/product\/studless-anchor-chain\/#breadcrumb\",\"itemListElement\":[{\"@type\":\"ListItem\",\"position\":1,\"name\":\"Home\",\"item\":\"https:\/\/qingdaohf.com\/\"},{\"@type\":\"ListItem\",\"position\":2,\"name\":\"Concrete Forming Accessories and Rigging Hardware\",\"item\":\"https:\/\/qingdaohf.com\/bg\/?page_id=944\"},{\"@type\":\"ListItem\",\"position\":3,\"name\":\"Studless Anchor Chain\"}]},{\"@type\":\"WebSite\",\"@id\":\"https:\/\/qingdaohf.com\/bg\/#website\",\"url\":\"https:\/\/qingdaohf.com\/bg\/\",\"name\":\"Concrete Form & Rigging Hardware Supplier\",\"description\":\"\",\"publisher\":{\"@id\":\"https:\/\/qingdaohf.com\/bg\/#organization\"},\"potentialAction\":[{\"@type\":\"SearchAction\",\"target\":{\"@type\":\"EntryPoint\",\"urlTemplate\":\"https:\/\/qingdaohf.com\/bg\/?s={search_term_string}\"},\"query-input\":{\"@type\":\"PropertyValueSpecification\",\"valueRequired\":true,\"valueName\":\"search_term_string\"}}],\"inLanguage\":\"lv-LV\"},{\"@type\":\"Organization\",\"@id\":\"https:\/\/qingdaohf.com\/bg\/#organization\",\"name\":\"Qingdao H&F\",\"url\":\"https:\/\/qingdaohf.com\/bg\/\",\"logo\":{\"@type\":\"ImageObject\",\"inLanguage\":\"lv-LV\",\"@id\":\"https:\/\/qingdaohf.com\/bg\/#\/schema\/logo\/image\/\",\"url\":\"https:\/\/qingdaohf.com\/wp-content\/uploads\/2022\/12\/cropped-HF-LOGO.png\",\"contentUrl\":\"https:\/\/qingdaohf.com\/wp-content\/uploads\/2022\/12\/cropped-HF-LOGO.png\",\"width\":391,\"height\":249,\"caption\":\"Qingdao H&F\"},\"image\":{\"@id\":\"https:\/\/qingdaohf.com\/bg\/#\/schema\/logo\/image\/\"},\"sameAs\":[\"https:\/\/www.facebook.com\/qingdaohf\"]}]}<\/script>\n<!-- \/ Yoast SEO plugin. -->","yoast_head_json":{"title":"Studless Anchor Chain","description":"Studless anchor chains are a dependable choice for heavy-duty mooring and anchoring, known for their robust structure and resistance to wear in demanding marine conditions.","robots":{"index":"index","follow":"follow","max-snippet":"max-snippet:-1","max-image-preview":"max-image-preview:large","max-video-preview":"max-video-preview:-1"},"canonical":"https:\/\/qingdaohf.com\/lv\/products\/enkurkede-bez-tapam\/","og_locale":"lv_LV","og_type":"article","og_title":"Studless Anchor Chain","og_description":"Studless anchor chains are a dependable choice for heavy-duty mooring and anchoring, known for their robust structure and resistance to wear in demanding marine conditions.","og_url":"https:\/\/qingdaohf.com\/lv\/products\/enkurkede-bez-tapam\/","og_site_name":"Concrete Form &amp; Rigging Hardware Supplier","article_publisher":"https:\/\/www.facebook.com\/qingdaohf","article_modified_time":"2025-11-13T01:02:54+00:00","og_image":[{"width":1000,"height":1000,"url":"https:\/\/qingdaohf.com\/wp-content\/uploads\/2024\/10\/marine-studless-chain_\u526f\u672c.jpg","type":"image\/jpeg"}],"twitter_card":"summary_large_image","twitter_misc":{"Est. reading time":"5 min\u016btes"},"schema":{"@context":"https:\/\/schema.org","@graph":[{"@type":"WebPage","@id":"https:\/\/qingdaohf.com\/product\/studless-anchor-chain\/","url":"https:\/\/qingdaohf.com\/product\/studless-anchor-chain\/","name":"Studless Anchor Chain","isPartOf":{"@id":"https:\/\/qingdaohf.com\/bg\/#website"},"primaryImageOfPage":{"@id":"https:\/\/qingdaohf.com\/product\/studless-anchor-chain\/#primaryimage"},"image":{"@id":"https:\/\/qingdaohf.com\/product\/studless-anchor-chain\/#primaryimage"},"thumbnailUrl":"https:\/\/qingdaohf.com\/wp-content\/uploads\/2024\/10\/marine-studless-chain_\u526f\u672c.jpg","datePublished":"2024-10-29T08:45:43+00:00","dateModified":"2025-11-13T01:02:54+00:00","description":"Studless anchor chains are a dependable choice for heavy-duty mooring and anchoring, known for their robust structure and resistance to wear in demanding marine conditions.","breadcrumb":{"@id":"https:\/\/qingdaohf.com\/product\/studless-anchor-chain\/#breadcrumb"},"inLanguage":"lv-LV","potentialAction":[{"@type":"ReadAction","target":["https:\/\/qingdaohf.com\/product\/studless-anchor-chain\/"]}]},{"@type":"ImageObject","inLanguage":"lv-LV","@id":"https:\/\/qingdaohf.com\/product\/studless-anchor-chain\/#primaryimage","url":"https:\/\/qingdaohf.com\/wp-content\/uploads\/2024\/10\/marine-studless-chain_\u526f\u672c.jpg","contentUrl":"https:\/\/qingdaohf.com\/wp-content\/uploads\/2024\/10\/marine-studless-chain_\u526f\u672c.jpg","width":1000,"height":1000,"caption":"studless chain"},{"@type":"BreadcrumbList","@id":"https:\/\/qingdaohf.com\/product\/studless-anchor-chain\/#breadcrumb","itemListElement":[{"@type":"ListItem","position":1,"name":"Home","item":"https:\/\/qingdaohf.com\/"},{"@type":"ListItem","position":2,"name":"Concrete Forming Accessories and Rigging Hardware","item":"https:\/\/qingdaohf.com\/bg\/?page_id=944"},{"@type":"ListItem","position":3,"name":"Studless Anchor Chain"}]},{"@type":"WebSite","@id":"https:\/\/qingdaohf.com\/bg\/#website","url":"https:\/\/qingdaohf.com\/bg\/","name":"Concrete Form & Rigging Hardware Supplier","description":"","publisher":{"@id":"https:\/\/qingdaohf.com\/bg\/#organization"},"potentialAction":[{"@type":"SearchAction","target":{"@type":"EntryPoint","urlTemplate":"https:\/\/qingdaohf.com\/bg\/?s={search_term_string}"},"query-input":{"@type":"PropertyValueSpecification","valueRequired":true,"valueName":"search_term_string"}}],"inLanguage":"lv-LV"},{"@type":"Organization","@id":"https:\/\/qingdaohf.com\/bg\/#organization","name":"Qingdao H&F","url":"https:\/\/qingdaohf.com\/bg\/","logo":{"@type":"ImageObject","inLanguage":"lv-LV","@id":"https:\/\/qingdaohf.com\/bg\/#\/schema\/logo\/image\/","url":"https:\/\/qingdaohf.com\/wp-content\/uploads\/2022\/12\/cropped-HF-LOGO.png","contentUrl":"https:\/\/qingdaohf.com\/wp-content\/uploads\/2022\/12\/cropped-HF-LOGO.png","width":391,"height":249,"caption":"Qingdao H&F"},"image":{"@id":"https:\/\/qingdaohf.com\/bg\/#\/schema\/logo\/image\/"},"sameAs":["https:\/\/www.facebook.com\/qingdaohf"]}]}},"_links":{"self":[{"href":"https:\/\/qingdaohf.com\/lv\/wp-json\/wp\/v2\/product\/8178","targetHints":{"allow":["GET"]}}],"collection":[{"href":"https:\/\/qingdaohf.com\/lv\/wp-json\/wp\/v2\/product"}],"about":[{"href":"https:\/\/qingdaohf.com\/lv\/wp-json\/wp\/v2\/types\/product"}],"replies":[{"embeddable":true,"href":"https:\/\/qingdaohf.com\/lv\/wp-json\/wp\/v2\/comments?post=8178"}],"version-history":[{"count":1,"href":"https:\/\/qingdaohf.com\/lv\/wp-json\/wp\/v2\/product\/8178\/revisions"}],"predecessor-version":[{"id":8180,"href":"https:\/\/qingdaohf.com\/lv\/wp-json\/wp\/v2\/product\/8178\/revisions\/8180"}],"wp:featuredmedia":[{"embeddable":true,"href":"https:\/\/qingdaohf.com\/lv\/wp-json\/wp\/v2\/media\/8171"}],"wp:attachment":[{"href":"https:\/\/qingdaohf.com\/lv\/wp-json\/wp\/v2\/media?parent=8178"}],"wp:term":[{"taxonomy":"product_brand","embeddable":true,"href":"https:\/\/qingdaohf.com\/lv\/wp-json\/wp\/v2\/product_brand?post=8178"},{"taxonomy":"product_cat","embeddable":true,"href":"https:\/\/qingdaohf.com\/lv\/wp-json\/wp\/v2\/product_cat?post=8178"},{"taxonomy":"product_tag","embeddable":true,"href":"https:\/\/qingdaohf.com\/lv\/wp-json\/wp\/v2\/product_tag?post=8178"}],"curies":[{"name":"wp","href":"https:\/\/api.w.org\/{rel}","templated":true}]}}