{"id":8181,"date":"2024-10-29T16:52:37","date_gmt":"2024-10-29T08:52:37","guid":{"rendered":"http:\/\/qingdaohf.com\/?post_type=product&#038;p=8181"},"modified":"2025-11-13T09:02:54","modified_gmt":"2025-11-13T01:02:54","slug":"stud-link-chain","status":"publish","type":"product","link":"https:\/\/qingdaohf.com\/lv\/products\/tapu-kedes\/","title":{"rendered":"Stud Link enkura \u0137\u0113de"},"content":{"rendered":"<p><img fetchpriority=\"high\" decoding=\"async\" class=\"alignnone size-full wp-image-8170\" src=\"http:\/\/qingdaohf.com\/wp-content\/uploads\/2024\/10\/stud-link-anchor-chain_2.webp\" alt=\"auklas saites enkur\u0137\u0113de\" width=\"842\" height=\"1091\" srcset=\"https:\/\/qingdaohf.com\/wp-content\/uploads\/2024\/10\/stud-link-anchor-chain_2.webp 842w, https:\/\/qingdaohf.com\/wp-content\/uploads\/2024\/10\/stud-link-anchor-chain_2-232x300.webp 232w, https:\/\/qingdaohf.com\/wp-content\/uploads\/2024\/10\/stud-link-anchor-chain_2-790x1024.webp 790w, https:\/\/qingdaohf.com\/wp-content\/uploads\/2024\/10\/stud-link-anchor-chain_2-768x995.webp 768w, https:\/\/qingdaohf.com\/wp-content\/uploads\/2024\/10\/stud-link-anchor-chain_2-9x12.webp 9w\" sizes=\"(max-width: 842px) 100vw, 842px\" \/><\/p>\n<p>R\u016bpniec\u012bbas, j\u016brniec\u012bbas un j\u016bras vid\u0113 Stud Link \u0137\u0113d\u0113m uzticas to iztur\u012bbas un slodzes iztur\u012bbas d\u0113\u013c, t\u0101p\u0113c t\u0101s ir ide\u0101li piem\u0113rotas noenkuro\u0161anai, pietauvo\u0161anai un da\u017e\u0101diem smagumu cel\u0161anas lietojumiem. \u0160\u012bs \u0137\u0113des sast\u0101v no savstarp\u0113ji savienotiem posmiem ar tap\u0101m, kas izvietotas katra posma iek\u0161pus\u0113, nodro\u0161inot struktur\u0101lu stabilit\u0101ti, kas pal\u012bdz nov\u0113rst deform\u0101ciju iev\u0113rojamas slodzes apst\u0101k\u013cos. Izv\u0113loties \u0137\u0113di, pirc\u0113jiem j\u0101piev\u0113r\u0161 uzman\u012bba t\u0101d\u0101m specifik\u0101cij\u0101m k\u0101 diametrs, iztur\u012bbas slodze un visp\u0101r\u0113j\u0101 materi\u0101la kvalit\u0101te, jo \u0161ie faktori tie\u0161i ietekm\u0113 dro\u0161\u012bbu un veiktsp\u0113ju.<\/p>\n<p>Pareizas auklu \u0137\u0113des izv\u0113le ir svar\u012bga ne tikai visp\u0101r\u0113jam pielietojumam; katras \u0137\u0113des specifik\u0101cij\u0101m ir j\u0101atbilst nozares pras\u012bb\u0101m un paredzamajiem slodzes apst\u0101k\u013ciem. Piem\u0113ram, \u0137\u0113des posmu diametram, kas parasti pieejams collu izm\u0113ros, ir b\u016btiska noz\u012bme, nosakot \u0137\u0113des stipr\u012bbu un piem\u0113rot\u012bbu da\u017e\u0101diem lietojumiem. \u0136\u0113des, kas atbilst starptautiskajiem standartiem, piem\u0113ram, ISO 1704 un IACS noteikumiem, sniedz pirc\u0113jiem p\u0101rliec\u012bbu, ka \u0161o izstr\u0101d\u0101jumu kvalit\u0101te un iztur\u012bba ir stingri p\u0101rbaud\u012bta. Qingdao H&amp;F atz\u012bst, ka ir nepiecie\u0161ami gan augstas veiktsp\u0113jas produkti, gan uzticams serviss, t\u0101p\u0113c m\u0113s katrai \u0137\u0113dei pievienojam detaliz\u0113tus kvalit\u0101tes p\u0101rbaudes zi\u0146ojumus, tostarp p\u0101rbaudes slodzes, p\u0101rr\u0101vuma slodzes un materi\u0101la sast\u0101va. Koncentr\u0113joties uz dro\u0161\u012bbu un efektivit\u0101ti, m\u016bsu auklu sai\u0161u \u0137\u0113des sniedz p\u0101rliec\u012bbu, kas nepiecie\u0161ama darb\u012bbas dro\u0161\u012bbai sare\u017e\u0123\u012bt\u0101s vid\u0113s.<\/p>\n<h3><strong>\u0136\u0113\u017eu ar tap\u0101m stipr\u012bba un iztur\u012bba<\/strong><\/h3>\n<p>\u0136\u0113des ir izgatavotas no augstas kvalit\u0101tes t\u0113rauda, kas t\u0101m nodro\u0161ina izcilu stiepes iztur\u012bbu un iztur\u012bbu pret koroziju - divas kritiski svar\u012bgas \u012bpa\u0161\u012bbas, kas nepiecie\u0161amas j\u016bras un smag\u0101s r\u016bpniec\u012bbas nozar\u0113s. Katr\u0101 \u0137\u0113des sait\u0113 eso\u0161\u0101 tapa nov\u0113r\u0161 \u0137\u0113des deform\u0101ciju, saglab\u0101jot \u0137\u0113des kop\u0113jo formu pat lielu slod\u017eu ietekm\u0113. \u0160\u012b konstrukcijas iez\u012bme ar\u012b pal\u012bdz mazin\u0101t lieces spriegumu, kas ir bie\u017ei sastopama probl\u0113ma, lietojot \u0137\u0113des ar lielu slodzi, t\u0101d\u0113j\u0101di pagarinot \u0137\u0113des kalpo\u0161anas laiku.<\/p>\n<p>Katrs posms ir r\u016bp\u012bgi konstru\u0113ts t\u0101, lai iztur\u0113tu slodzi, nepadodoties deform\u0101cijai vai nogurumam, t\u0101p\u0113c \"Stud Link\" \u0137\u0113des ir \u012bpa\u0161i v\u0113rt\u012bgas lietojumiem atkl\u0101t\u0101 j\u016br\u0101, kur ir svar\u012bga stabilit\u0101te un iztur\u012bba. \u0136\u0113des ar liel\u0101ku diametru nodro\u0161ina liel\u0101kas iztur\u012bbas slodzes, kas noz\u012bm\u0113, ka t\u0101s var iztur\u0113t iev\u0113rojamu svaru bez deform\u0101cijas, padarot t\u0101s ide\u0101li piem\u0113rotas enkuru sist\u0113m\u0101m un enkur\u0137\u0113d\u0113m.<\/p>\n<p>Qingdao H&amp;F r\u016bp\u0113jas par kvalit\u0101ti, un m\u0113s veicam stingru test\u0113\u0161anas procesu, kur\u0101 \u0137\u0113des pirms nos\u016bt\u012b\u0161anas tiek pak\u013cautas p\u0101rbaudes slodzes un stiepes iztur\u012bbas nov\u0113rt\u0113jumam. \u0160\u012b prakse nodro\u0161ina, ka katrs izstr\u0101d\u0101jums atbilst pras\u012bb\u0101m un iztur sare\u017e\u0123\u012btus r\u016bpniecisk\u0101s lieto\u0161anas apst\u0101k\u013cus. M\u016bsu individu\u0101l\u0101 klientu apkalpo\u0161anas pieeja noz\u012bm\u0113 ar\u012b to, ka pirc\u0113ji sa\u0146em ekspertu ieteikumus par atbilsto\u0161a \u0137\u0113des izm\u0113ra un specifik\u0101ciju izv\u0113li, pamatojoties uz konkr\u0113t\u0101m vajadz\u012bb\u0101m, t\u0101d\u0113j\u0101di nodro\u0161inot, ka katrs pirkums ir pamatots.<\/p>\n<h3><strong>Tapskr\u016bvju \u0137\u0113\u017eu pielietojumi un pirc\u0113ja apsv\u0113rumi<\/strong><\/h3>\n<p>\u0136\u0113des ar \u0161arn\u012bra posmiem visbie\u017e\u0101k tiek izmantotas j\u016brniec\u012bb\u0101, jo \u012bpa\u0161i k\u0101 enkuru un enkuru pietauvo\u0161an\u0101s \u0137\u0113des, pateicoties to sp\u0113jai iztur\u0113t ilgsto\u0161u j\u016bras \u016bdens iedarb\u012bbu un rupju apstr\u0101di. L\u012bdztekus j\u016brniec\u012bbas vajadz\u012bb\u0101m \u0161\u012bs \u0137\u0113des tiek izmantotas ar\u012b b\u016bvniec\u012bb\u0101, kalnr\u016bpniec\u012bb\u0101 un r\u016bpnieciskaj\u0101s iek\u0101rt\u0101s, kur liel\u0101s kravas ir j\u0101nostiprina un j\u0101p\u0101rvalda ar visliel\u0101ko uzticam\u012bbu. Tom\u0113r \u0137\u0113des diametra, tapas konstrukcijas un materi\u0101lu izv\u0113le k\u013c\u016bst iz\u0161\u0137iro\u0161a, lai apmierin\u0101tu katras nozares specifisk\u0101s pras\u012bbas.<\/p>\n<p>Izv\u0113loties Stud Link \u0137\u0113des, pirc\u0113ji par priorit\u0101ti izvirza vair\u0101kus ar veiktsp\u0113ju saist\u012btus parametrus. Pirmk\u0101rt, materi\u0101la iztur\u012bba: augstas stiepes iztur\u012bbas t\u0113rauds nodro\u0161ina nepiecie\u0161amo iztur\u012bbu j\u016bras lietojumiem, savuk\u0101rt le\u0123\u0113tajam t\u0113raudam var dot priek\u0161roku, jo t\u0101 iztur\u012bbas un svara attiec\u012bba konstrukcij\u0101 ir lab\u0101ka. Otrk\u0101rt, iztur\u012bba pret koroziju k\u013c\u016bst kritiski svar\u012bga s\u0101ls\u016bdens vid\u0113, jo jebkur\u0161 kompromiss materi\u0101la kvalit\u0101t\u0113 var izrais\u012bt \u0137\u0113des agr\u012bnu degrad\u0101ciju un dro\u0161\u012bbas riskus. Pirc\u0113jiem j\u0101\u0146em v\u0113r\u0101 ar\u012b \u0137\u0113des iztur\u012bbas r\u0101d\u012bt\u0101js, lai p\u0101rliecin\u0101tos, ka t\u0101 sp\u0113j iztur\u0113t konkr\u0113t\u0101s svara slodzes, kas sagaid\u0101mas to darb\u012bb\u0101s.<\/p>\n<p>Qingdao H&amp;F, m\u016bsu \u0101trie pieg\u0101des cikli \u013cauj uz\u0146\u0113mumiem saglab\u0101t nep\u0101rtrauktu darb\u012bbu bez p\u0101rm\u0113r\u012bg\u0101m d\u012bkst\u0101v\u0113m. Turkl\u0101t m\u0113s pied\u0101v\u0101jam detaliz\u0113tus p\u0101rbaudes zi\u0146ojumus, kas sniedz m\u016bsu klientiem skaidru priek\u0161statu par katras \u0137\u0113des kvalit\u0101tes parametriem pirms nos\u016bt\u012b\u0161anas. Pateicoties \u0161\u0101dam p\u0101rredzam\u012bbas l\u012bmenim, pirc\u0113ji var pa\u013cauties, ka m\u016bsu \u0137\u0113des atbilst ne tikai nozares standartiem, bet ar\u012b katra pielietojuma unik\u0101laj\u0101m pras\u012bb\u0101m, neatkar\u012bgi no t\u0101, vai t\u0101s paredz\u0113tas j\u016bras platform\u0101m, r\u016bpnieciskai pacel\u0161anai vai ostu un ostu darb\u012bb\u0101m.<\/p>\n<h3><strong>Secin\u0101jums: K\u0101p\u0113c izv\u0113l\u0113ties Qingdao H&amp;F's Stud Link Chains?<\/strong><\/h3>\n<p>Izv\u0113loties auklu sai\u0161u \u0137\u0113di, ir j\u0101pie\u0146em l\u0113mums, kura pamat\u0101 ir dro\u0161\u012bba un funkcionalit\u0101te, jo \u0161\u012bm \u0137\u0113d\u0113m ir j\u0101iztur ekstr\u0113mas slodzes un sare\u017e\u0123\u012bta vide. Qingdao H&amp;F pied\u0101v\u0101 ne tikai augstas kvalit\u0101tes \u0137\u0113des, bet ar\u012b visaptvero\u0161u apkalpo\u0161anas pieredzi, kas ietver ekspertu konsult\u0101cijas, \u0101tru pieg\u0101di un produktu p\u0101rredzam\u012bbu, izmantojot p\u0101rbaudes zi\u0146ojumus. Katra no m\u016bsu \u0137\u0113d\u0113m atbilst stingriem test\u0113\u0161anas standartiem, t\u0101d\u0113j\u0101di nodro\u0161inot pirc\u0113jiem kvalit\u0101ti un iztur\u012bbu ar katru pirkumu.<\/p>\n<p>M\u016bsu ap\u0146em\u0161an\u0101s nodro\u0161in\u0101t individu\u0101lu klientu apkalpo\u0161anu noz\u012bm\u0113, ka m\u0113s atbalst\u0101m klientus visos posmos, s\u0101kot no produkta izv\u0113les l\u012bdz pat p\u0113cp\u0101rdo\u0161anas jaut\u0101jumiem, nodro\u0161inot vislab\u0101ko iesp\u0113jamo pirkuma pieredzi. Neatkar\u012bgi no t\u0101, vai t\u0101s tiek izmantotas j\u016brniec\u012bb\u0101, r\u016bpnieciskajos pac\u0113l\u0101jos vai cit\u0101s augstas slodzes vid\u0113s, Qingdao H&amp;F's Stud Link \u0137\u0113des nodro\u0161ina ne tikai kvalit\u0101ti, bet ar\u012b uzticam\u012bbu un atbalstu, kas nepiecie\u0161ams ikvienam uz\u0146\u0113mumam, lai g\u016btu pan\u0101kumus.<\/p>","protected":false},"excerpt":{"rendered":"<p>\u0136\u0113des ar tap\u0101m nodro\u0161ina lielu iztur\u012bbu un stabilit\u0101ti, kas ir ide\u0101li piem\u0113rota smagiem lietojumiem, kur iztur\u012bba un uzticam\u012bba ir vissvar\u012bg\u0101k\u0101. Pirc\u0113ji, izv\u0113loties auklas posma \u0137\u0113di, bie\u017ei vien par priorit\u0101ti izvirza t\u0101dus faktorus k\u0101 materi\u0101la kvalit\u0101te, nestsp\u0113ja un iztur\u012bba pret skarbiem vides apst\u0101k\u013ciem. Qingdao H&amp;F m\u0113s pie\u0161\u0137iram priorit\u0101ti \u0161\u012bm vajadz\u012bb\u0101m, nodro\u0161inot, ka katra \u0137\u0113de atbilst stingriem kvalit\u0101tes standartiem, un sniedzot detaliz\u0113tus p\u0101rbaudes zi\u0146ojumus, tostarp p\u0101rbaudes slodzes un stiepes iztur\u012bbas datus. Pateicoties m\u016bsu individu\u0101lajai klientu apkalpo\u0161anas pieejai un efekt\u012bvam pieg\u0101des ciklam, m\u0113s pieg\u0101d\u0101jam ne tikai produktus, bet ar\u012b uzticamus risin\u0101jumus, kas nodro\u0161ina vienm\u0113r\u012bg\u0101ku un dro\u0161\u0101ku j\u016bsu uz\u0146\u0113muma darb\u012bbu.<\/p>","protected":false},"featured_media":4678,"comment_status":"open","ping_status":"closed","template":"","meta":{"site-sidebar-layout":"default","site-content-layout":"","ast-site-content-layout":"default","site-content-style":"default","site-sidebar-style":"default","ast-global-header-display":"","ast-banner-title-visibility":"","ast-main-header-display":"","ast-hfb-above-header-display":"","ast-hfb-below-header-display":"","ast-hfb-mobile-header-display":"","site-post-title":"","ast-breadcrumbs-content":"","ast-featured-img":"","footer-sml-layout":"","theme-transparent-header-meta":"default","adv-header-id-meta":"","stick-header-meta":"default","header-above-stick-meta":"","header-main-stick-meta":"","header-below-stick-meta":"","astra-migrate-meta-layouts":"set","ast-page-background-enabled":"default","ast-page-background-meta":{"desktop":{"background-color":"","background-image":"","background-repeat":"repeat","background-position":"center center","background-size":"auto","background-attachment":"scroll","background-type":"","background-media":"","overlay-type":"","overlay-color":"","overlay-opacity":"","overlay-gradient":""},"tablet":{"background-color":"","background-image":"","background-repeat":"repeat","background-position":"center center","background-size":"auto","background-attachment":"scroll","background-type":"","background-media":"","overlay-type":"","overlay-color":"","overlay-opacity":"","overlay-gradient":""},"mobile":{"background-color":"","background-image":"","background-repeat":"repeat","background-position":"center center","background-size":"auto","background-attachment":"scroll","background-type":"","background-media":"","overlay-type":"","overlay-color":"","overlay-opacity":"","overlay-gradient":""}},"ast-content-background-meta":{"desktop":{"background-color":"var(--ast-global-color-5)","background-image":"","background-repeat":"repeat","background-position":"center center","background-size":"auto","background-attachment":"scroll","background-type":"","background-media":"","overlay-type":"","overlay-color":"","overlay-opacity":"","overlay-gradient":""},"tablet":{"background-color":"var(--ast-global-color-5)","background-image":"","background-repeat":"repeat","background-position":"center center","background-size":"auto","background-attachment":"scroll","background-type":"","background-media":"","overlay-type":"","overlay-color":"","overlay-opacity":"","overlay-gradient":""},"mobile":{"background-color":"var(--ast-global-color-5)","background-image":"","background-repeat":"repeat","background-position":"center center","background-size":"auto","background-attachment":"scroll","background-type":"","background-media":"","overlay-type":"","overlay-color":"","overlay-opacity":"","overlay-gradient":""}}},"product_brand":[],"product_cat":[38],"product_tag":[],"class_list":{"0":"post-8181","1":"product","2":"type-product","3":"status-publish","4":"has-post-thumbnail","6":"product_cat-chain","7":"desktop-align-left","8":"tablet-align-left","9":"mobile-align-left","10":"ast-product-gallery-layout-horizontal-slider","11":"ast-product-tabs-layout-horizontal","13":"first","14":"instock","15":"shipping-taxable","16":"purchasable","17":"product-type-simple"},"yoast_head":"<!-- This site is optimized with the Yoast SEO plugin v25.2 - https:\/\/yoast.com\/wordpress\/plugins\/seo\/ -->\n<title>Stud Link Anchor Chain<\/title>\n<meta name=\"robots\" content=\"index, follow, max-snippet:-1, max-image-preview:large, max-video-preview:-1\" \/>\n<link rel=\"canonical\" href=\"https:\/\/qingdaohf.com\/lv\/products\/tapu-kedes\/\" \/>\n<meta property=\"og:locale\" content=\"lv_LV\" \/>\n<meta property=\"og:type\" content=\"article\" \/>\n<meta property=\"og:title\" content=\"Stud Link Anchor Chain\" \/>\n<meta property=\"og:description\" content=\"A Stud Link Chain offers robust strength and stability, ideal for heavy-duty applications where durability and reliability are paramount. Buyers often prioritize factors like material quality, load-bearing capacity, and resistance to harsh environments when selecting a Stud Link Chain. At Qingdao H&amp;F, we prioritize these needs by ensuring every chain meets stringent quality standards and providing detailed inspection reports, including proof load and tensile strength data. With our one-on-one customer service approach and efficient delivery cycle, we deliver not just products but reliable solutions that enable smoother, safer operations for your business.\" \/>\n<meta property=\"og:url\" content=\"https:\/\/qingdaohf.com\/lv\/products\/tapu-kedes\/\" \/>\n<meta property=\"og:site_name\" content=\"Concrete Form &amp; Rigging Hardware Supplier\" \/>\n<meta property=\"article:publisher\" content=\"https:\/\/www.facebook.com\/qingdaohf\" \/>\n<meta property=\"article:modified_time\" content=\"2025-11-13T01:02:54+00:00\" \/>\n<meta property=\"og:image\" content=\"https:\/\/qingdaohf.com\/wp-content\/uploads\/2023\/04\/Marine-anchor-chain.jpg\" \/>\n\t<meta property=\"og:image:width\" content=\"1000\" \/>\n\t<meta property=\"og:image:height\" content=\"1000\" \/>\n\t<meta property=\"og:image:type\" content=\"image\/jpeg\" \/>\n<meta name=\"twitter:card\" content=\"summary_large_image\" \/>\n<meta name=\"twitter:label1\" content=\"Est. reading time\" \/>\n\t<meta name=\"twitter:data1\" content=\"4 min\u016btes\" \/>\n<script type=\"application\/ld+json\" class=\"yoast-schema-graph\">{\"@context\":\"https:\/\/schema.org\",\"@graph\":[{\"@type\":\"WebPage\",\"@id\":\"https:\/\/qingdaohf.com\/product\/stud-link-chain\/\",\"url\":\"https:\/\/qingdaohf.com\/product\/stud-link-chain\/\",\"name\":\"Stud Link Anchor Chain\",\"isPartOf\":{\"@id\":\"https:\/\/qingdaohf.com\/bg\/#website\"},\"primaryImageOfPage\":{\"@id\":\"https:\/\/qingdaohf.com\/product\/stud-link-chain\/#primaryimage\"},\"image\":{\"@id\":\"https:\/\/qingdaohf.com\/product\/stud-link-chain\/#primaryimage\"},\"thumbnailUrl\":\"https:\/\/qingdaohf.com\/wp-content\/uploads\/2023\/04\/Marine-anchor-chain.jpg\",\"datePublished\":\"2024-10-29T08:52:37+00:00\",\"dateModified\":\"2025-11-13T01:02:54+00:00\",\"breadcrumb\":{\"@id\":\"https:\/\/qingdaohf.com\/product\/stud-link-chain\/#breadcrumb\"},\"inLanguage\":\"lv-LV\",\"potentialAction\":[{\"@type\":\"ReadAction\",\"target\":[\"https:\/\/qingdaohf.com\/product\/stud-link-chain\/\"]}]},{\"@type\":\"ImageObject\",\"inLanguage\":\"lv-LV\",\"@id\":\"https:\/\/qingdaohf.com\/product\/stud-link-chain\/#primaryimage\",\"url\":\"https:\/\/qingdaohf.com\/wp-content\/uploads\/2023\/04\/Marine-anchor-chain.jpg\",\"contentUrl\":\"https:\/\/qingdaohf.com\/wp-content\/uploads\/2023\/04\/Marine-anchor-chain.jpg\",\"width\":1000,\"height\":1000,\"caption\":\"Marine anchor chain\"},{\"@type\":\"BreadcrumbList\",\"@id\":\"https:\/\/qingdaohf.com\/product\/stud-link-chain\/#breadcrumb\",\"itemListElement\":[{\"@type\":\"ListItem\",\"position\":1,\"name\":\"Home\",\"item\":\"https:\/\/qingdaohf.com\/\"},{\"@type\":\"ListItem\",\"position\":2,\"name\":\"Concrete Forming Accessories and Rigging Hardware\",\"item\":\"https:\/\/qingdaohf.com\/bg\/?page_id=944\"},{\"@type\":\"ListItem\",\"position\":3,\"name\":\"Stud Link Anchor Chain\"}]},{\"@type\":\"WebSite\",\"@id\":\"https:\/\/qingdaohf.com\/bg\/#website\",\"url\":\"https:\/\/qingdaohf.com\/bg\/\",\"name\":\"Concrete Form & Rigging Hardware Supplier\",\"description\":\"\",\"publisher\":{\"@id\":\"https:\/\/qingdaohf.com\/bg\/#organization\"},\"potentialAction\":[{\"@type\":\"SearchAction\",\"target\":{\"@type\":\"EntryPoint\",\"urlTemplate\":\"https:\/\/qingdaohf.com\/bg\/?s={search_term_string}\"},\"query-input\":{\"@type\":\"PropertyValueSpecification\",\"valueRequired\":true,\"valueName\":\"search_term_string\"}}],\"inLanguage\":\"lv-LV\"},{\"@type\":\"Organization\",\"@id\":\"https:\/\/qingdaohf.com\/bg\/#organization\",\"name\":\"Qingdao H&F\",\"url\":\"https:\/\/qingdaohf.com\/bg\/\",\"logo\":{\"@type\":\"ImageObject\",\"inLanguage\":\"lv-LV\",\"@id\":\"https:\/\/qingdaohf.com\/bg\/#\/schema\/logo\/image\/\",\"url\":\"https:\/\/qingdaohf.com\/wp-content\/uploads\/2022\/12\/cropped-HF-LOGO.png\",\"contentUrl\":\"https:\/\/qingdaohf.com\/wp-content\/uploads\/2022\/12\/cropped-HF-LOGO.png\",\"width\":391,\"height\":249,\"caption\":\"Qingdao H&F\"},\"image\":{\"@id\":\"https:\/\/qingdaohf.com\/bg\/#\/schema\/logo\/image\/\"},\"sameAs\":[\"https:\/\/www.facebook.com\/qingdaohf\"]}]}<\/script>\n<!-- \/ Yoast SEO plugin. -->","yoast_head_json":{"title":"Stud Link Anchor Chain","robots":{"index":"index","follow":"follow","max-snippet":"max-snippet:-1","max-image-preview":"max-image-preview:large","max-video-preview":"max-video-preview:-1"},"canonical":"https:\/\/qingdaohf.com\/lv\/products\/tapu-kedes\/","og_locale":"lv_LV","og_type":"article","og_title":"Stud Link Anchor Chain","og_description":"A Stud Link Chain offers robust strength and stability, ideal for heavy-duty applications where durability and reliability are paramount. Buyers often prioritize factors like material quality, load-bearing capacity, and resistance to harsh environments when selecting a Stud Link Chain. At Qingdao H&amp;F, we prioritize these needs by ensuring every chain meets stringent quality standards and providing detailed inspection reports, including proof load and tensile strength data. With our one-on-one customer service approach and efficient delivery cycle, we deliver not just products but reliable solutions that enable smoother, safer operations for your business.","og_url":"https:\/\/qingdaohf.com\/lv\/products\/tapu-kedes\/","og_site_name":"Concrete Form &amp; Rigging Hardware Supplier","article_publisher":"https:\/\/www.facebook.com\/qingdaohf","article_modified_time":"2025-11-13T01:02:54+00:00","og_image":[{"width":1000,"height":1000,"url":"https:\/\/qingdaohf.com\/wp-content\/uploads\/2023\/04\/Marine-anchor-chain.jpg","type":"image\/jpeg"}],"twitter_card":"summary_large_image","twitter_misc":{"Est. reading time":"4 min\u016btes"},"schema":{"@context":"https:\/\/schema.org","@graph":[{"@type":"WebPage","@id":"https:\/\/qingdaohf.com\/product\/stud-link-chain\/","url":"https:\/\/qingdaohf.com\/product\/stud-link-chain\/","name":"Stud Link Anchor Chain","isPartOf":{"@id":"https:\/\/qingdaohf.com\/bg\/#website"},"primaryImageOfPage":{"@id":"https:\/\/qingdaohf.com\/product\/stud-link-chain\/#primaryimage"},"image":{"@id":"https:\/\/qingdaohf.com\/product\/stud-link-chain\/#primaryimage"},"thumbnailUrl":"https:\/\/qingdaohf.com\/wp-content\/uploads\/2023\/04\/Marine-anchor-chain.jpg","datePublished":"2024-10-29T08:52:37+00:00","dateModified":"2025-11-13T01:02:54+00:00","breadcrumb":{"@id":"https:\/\/qingdaohf.com\/product\/stud-link-chain\/#breadcrumb"},"inLanguage":"lv-LV","potentialAction":[{"@type":"ReadAction","target":["https:\/\/qingdaohf.com\/product\/stud-link-chain\/"]}]},{"@type":"ImageObject","inLanguage":"lv-LV","@id":"https:\/\/qingdaohf.com\/product\/stud-link-chain\/#primaryimage","url":"https:\/\/qingdaohf.com\/wp-content\/uploads\/2023\/04\/Marine-anchor-chain.jpg","contentUrl":"https:\/\/qingdaohf.com\/wp-content\/uploads\/2023\/04\/Marine-anchor-chain.jpg","width":1000,"height":1000,"caption":"Marine anchor chain"},{"@type":"BreadcrumbList","@id":"https:\/\/qingdaohf.com\/product\/stud-link-chain\/#breadcrumb","itemListElement":[{"@type":"ListItem","position":1,"name":"Home","item":"https:\/\/qingdaohf.com\/"},{"@type":"ListItem","position":2,"name":"Concrete Forming Accessories and Rigging Hardware","item":"https:\/\/qingdaohf.com\/bg\/?page_id=944"},{"@type":"ListItem","position":3,"name":"Stud Link Anchor Chain"}]},{"@type":"WebSite","@id":"https:\/\/qingdaohf.com\/bg\/#website","url":"https:\/\/qingdaohf.com\/bg\/","name":"Concrete Form & Rigging Hardware Supplier","description":"","publisher":{"@id":"https:\/\/qingdaohf.com\/bg\/#organization"},"potentialAction":[{"@type":"SearchAction","target":{"@type":"EntryPoint","urlTemplate":"https:\/\/qingdaohf.com\/bg\/?s={search_term_string}"},"query-input":{"@type":"PropertyValueSpecification","valueRequired":true,"valueName":"search_term_string"}}],"inLanguage":"lv-LV"},{"@type":"Organization","@id":"https:\/\/qingdaohf.com\/bg\/#organization","name":"Qingdao H&F","url":"https:\/\/qingdaohf.com\/bg\/","logo":{"@type":"ImageObject","inLanguage":"lv-LV","@id":"https:\/\/qingdaohf.com\/bg\/#\/schema\/logo\/image\/","url":"https:\/\/qingdaohf.com\/wp-content\/uploads\/2022\/12\/cropped-HF-LOGO.png","contentUrl":"https:\/\/qingdaohf.com\/wp-content\/uploads\/2022\/12\/cropped-HF-LOGO.png","width":391,"height":249,"caption":"Qingdao H&F"},"image":{"@id":"https:\/\/qingdaohf.com\/bg\/#\/schema\/logo\/image\/"},"sameAs":["https:\/\/www.facebook.com\/qingdaohf"]}]}},"_links":{"self":[{"href":"https:\/\/qingdaohf.com\/lv\/wp-json\/wp\/v2\/product\/8181","targetHints":{"allow":["GET"]}}],"collection":[{"href":"https:\/\/qingdaohf.com\/lv\/wp-json\/wp\/v2\/product"}],"about":[{"href":"https:\/\/qingdaohf.com\/lv\/wp-json\/wp\/v2\/types\/product"}],"replies":[{"embeddable":true,"href":"https:\/\/qingdaohf.com\/lv\/wp-json\/wp\/v2\/comments?post=8181"}],"version-history":[{"count":2,"href":"https:\/\/qingdaohf.com\/lv\/wp-json\/wp\/v2\/product\/8181\/revisions"}],"predecessor-version":[{"id":8341,"href":"https:\/\/qingdaohf.com\/lv\/wp-json\/wp\/v2\/product\/8181\/revisions\/8341"}],"wp:featuredmedia":[{"embeddable":true,"href":"https:\/\/qingdaohf.com\/lv\/wp-json\/wp\/v2\/media\/4678"}],"wp:attachment":[{"href":"https:\/\/qingdaohf.com\/lv\/wp-json\/wp\/v2\/media?parent=8181"}],"wp:term":[{"taxonomy":"product_brand","embeddable":true,"href":"https:\/\/qingdaohf.com\/lv\/wp-json\/wp\/v2\/product_brand?post=8181"},{"taxonomy":"product_cat","embeddable":true,"href":"https:\/\/qingdaohf.com\/lv\/wp-json\/wp\/v2\/product_cat?post=8181"},{"taxonomy":"product_tag","embeddable":true,"href":"https:\/\/qingdaohf.com\/lv\/wp-json\/wp\/v2\/product_tag?post=8181"}],"curies":[{"name":"wp","href":"https:\/\/api.w.org\/{rel}","templated":true}]}}