{"id":8189,"date":"2024-11-05T13:59:31","date_gmt":"2024-11-05T05:59:31","guid":{"rendered":"http:\/\/qingdaohf.com\/?post_type=product&#038;p=8189"},"modified":"2025-11-13T09:02:54","modified_gmt":"2025-11-13T01:02:54","slug":"webbing-sling-1-ton","status":"publish","type":"product","link":"https:\/\/qingdaohf.com\/lv\/products\/siksnu-siksnas-1-tonna\/","title":{"rendered":"Plakanas siksnas siksnas 1 tonna poliestera dubult\u0101 dupleksa siksna"},"content":{"rendered":"<h3><strong>Uzticama un univers\u0101la 1 tonnas siksnas siksna dro\u0161ai un efekt\u012bvai pacel\u0161anai<\/strong><\/h3>\n<p>Troses ir neaizst\u0101jamas nozar\u0113s, kas balst\u0101s uz pacel\u0161anu un materi\u0101lu p\u0101rvieto\u0161anu. Starp t\u0101m 1 tonnas siksnu stropes ir \u013coti augstu nov\u0113rt\u0113tas, jo t\u0101s sp\u0113j dro\u0161i un efekt\u012bvi apstr\u0101d\u0101t vid\u0113ji smagas kravas. \u0160\u012b tipa stropes, kas izgatavotas no augstas kvalit\u0101tes sint\u0113tisk\u0101m \u0161\u0137iedr\u0101m, ir \u012bpa\u0161i nov\u0113rt\u0113tas, jo t\u0101m piem\u012bt iztur\u012bba, iztur\u012bba un piel\u0101gojam\u012bba. No b\u016bvlaukumiem l\u012bdz noliktav\u0101m - 1 tonnas siksnas siksnas viegli un uzticami atbilst da\u017e\u0101d\u0101m cel\u0161anas pras\u012bb\u0101m.<\/p>\n<p>1 tonnas siksnas siksnas konstrukcija ir \u012bpa\u0161i optimiz\u0113ta, lai l\u012bdzsvarotu slodzi neso\u0161o iztur\u012bbu un elast\u012bbu. \u0160is l\u012bdzsvars \u013cauj dro\u0161i nostiprin\u0101t kravas pat sare\u017e\u0123\u012btos apst\u0101k\u013cos. \u0160o siksnu ra\u017eo\u0161an\u0101 ir \u0146emti v\u0113r\u0101 t\u0101di galvenie aspekti k\u0101 p\u0101rr\u0101vuma iztur\u012bba, pagarin\u0101\u0161an\u0101s zem slodzes un iztur\u012bba pret UV starojumu, kas nodro\u0161ina gan veiktsp\u0113ju, gan ilgm\u016b\u017e\u012bbu, ko pirc\u0113ji mekl\u0113 cel\u0161anas apr\u012bkojum\u0101. Turkl\u0101t materi\u0101li ir izv\u0113l\u0113ti t\u0101, lai tie b\u016btu iztur\u012bgi pret nodilumu un nodilumu, kas ir b\u016btiski atk\u0101rtotai lieto\u0161anai un dro\u0161\u012bbas garant\u0113\u0161anai.<\/p>\n<p>Qingdao H&amp;F pied\u0101v\u0101 unik\u0101las priek\u0161roc\u012bbas, kas v\u0113l vair\u0101k uzlabo siksnu siksnu ieg\u0101des pieredzi. Katra strope tiek pak\u013cauta stingrai kvalit\u0101tes kontrolei, ko papildina visaptvero\u0161i p\u0101rbaudes zi\u0146ojumi, kas garant\u0113 uzticamu darb\u012bbu pieg\u0101des br\u012bd\u012b. Turkl\u0101t m\u016bsu individu\u0101l\u0101 klientu apkalpo\u0161ana nodro\u0161ina, ka katrs klients sa\u0146em personaliz\u0113tu atbalstu gan izv\u0113loties pareizo produktu, gan interes\u0113joties par apkopes padomiem. Pateicoties \u0101tram pieg\u0101des ciklam, Qingdao H&amp;F nodro\u0161ina, ka \u0161\u012bs augstas kvalit\u0101tes siksnu stropes ir pieejamas tie\u0161i tad, kad t\u0101s ir nepiecie\u0161amas, t\u0101d\u0113j\u0101di veicinot vienm\u0113r\u012bgu projektu grafiku.<\/p>\n<h3><strong>Augstas kvalit\u0101tes konstrukcija un materi\u0101li<\/strong><\/h3>\n<p>M\u016bsu 1 tonnas siksnu strop\u0113s izmantotie materi\u0101li ir izv\u0113l\u0113ti, \u0146emot v\u0113r\u0101 to iztur\u012bbu un elast\u012bbu, \u012bpa\u0161\u012bbas, kas tie\u0161i veicina gan dro\u0161\u012bbu, gan \u0113rtu lieto\u0161anu. Parasti \u0161\u012bs stropes ir izgatavotas no sint\u0113tisk\u0101m \u0161\u0137iedr\u0101m, piem\u0113ram, poliestera vai neilona, kas nodro\u0161ina vair\u0101kas priek\u0161roc\u012bbas. Piem\u0113ram, poliesteris ir \u013coti iztur\u012bgs pret \u0137imik\u0101lij\u0101m un UV stariem, t\u0101p\u0113c tas ir piem\u0113rots izmanto\u0161anai \u0101rpus telp\u0101m. Savuk\u0101rt neilona siksnas nodro\u0161ina izcilu elast\u012bbu, kas var b\u016bt \u012bpa\u0161i izdev\u012bga, str\u0101d\u0101jot ar da\u017e\u0101da veida krav\u0101m.<\/p>\n<p>Ra\u017eo\u0161anas laik\u0101 r\u016bp\u012bga uzman\u012bba tiek piev\u0113rsta auduma pinumam un bl\u012bvumam, lai nodro\u0161in\u0101tu nemain\u012bgu slodzes nestsp\u0113ju. \u0160o stropu p\u0101rr\u0101vuma iztur\u012bba tiek stingri p\u0101rbaud\u012bta, nodro\u0161inot, ka katra vien\u012bba var dro\u0161i iztur\u0113t slodzi l\u012bdz pat 1 tonnai bez kompromisiem. \u0160\u012b uzman\u012bba kvalit\u0101tei atbilst pirc\u0113ju galvenaj\u0101m r\u016bp\u0113m, kuri pa\u013caujas uz \u0161\u012bm strop\u0113m, lai saglab\u0101tu kravas stabilit\u0101ti un nodro\u0161in\u0101tu operatora dro\u0161\u012bbu. Ieguldot l\u012bdzek\u013cus iztur\u012bgos materi\u0101los un stingros ra\u017eo\u0161anas standartos, Qingdao H&amp;F nodro\u0161ina siksnu stropes, kas ir izstr\u0101d\u0101tas t\u0101, lai p\u0101rsniegtu nozares cer\u012bbas un nodro\u0161in\u0101tu ilgtermi\u0146a un uzticamu lieto\u0161anu.<\/p>\n<h3><strong>Pielietojums un priek\u0161roc\u012bbas da\u017e\u0101d\u0101s nozar\u0113s<\/strong><\/h3>\n<p>1 tonnas siksnu siksnas piel\u0101gojam\u012bba padara to par v\u0113lamo izv\u0113li daudz\u0101s nozar\u0113s, tostarp b\u016bvniec\u012bb\u0101, ku\u0123niec\u012bb\u0101, ra\u017eo\u0161an\u0101 un noliktavu darbos. At\u0161\u0137ir\u012bb\u0101 no \u0137\u0113d\u0113m vai stiep\u013cu tros\u0113m siksnu stropes ir viegl\u0101kas un viegl\u0101k manevr\u0113jamas, nodro\u0161inot liel\u0101ku precizit\u0101ti un samazinot p\u0101rdev\u0113ja nogurumu. B\u016bvniec\u012bb\u0101 \u0161\u012bs stropes atvieglo materi\u0101lu pacel\u0161anu un pozicion\u0113\u0161anu, padarot t\u0101s \u013coti svar\u012bgas projektos, kuros nepiecie\u0161ami uzticami pacel\u0161anas risin\u0101jumi bez met\u0101la alternat\u012bvu masas. Sint\u0113tiskais audums, ko izmanto siksnu strop\u0113s, ar\u012b samazina risku saskr\u0101p\u0113t vai saboj\u0101t maigas vai kr\u0101sotas virsmas, kas ir priek\u0161roc\u012bba nozar\u0113s, kur\u0101s ir svar\u012bgi saglab\u0101t materi\u0101lus.<\/p>\n<p>Qingdao H&amp;F uztic\u012bba kvalit\u0101tei un veiktsp\u0113jai atspogu\u013cojas m\u016bsu siksnu siksnu kl\u0101st\u0101, kas atbilst da\u017e\u0101d\u0101m cel\u0161anas vajadz\u012bb\u0101m. M\u016bsu 1 tonnas siksnas ir izstr\u0101d\u0101tas ar funkcij\u0101m, kas atvieglo darbu un paaugstina dro\u0161\u012bbu, piem\u0113ram, ar kr\u0101sainiem celtsp\u0113jas indikatoriem un pastiprin\u0101t\u0101m cilp\u0101m, kas nov\u0113r\u0161 nodilumu galvenajos sprieguma punktos. Turkl\u0101t katrai stropei ir pievienots kvalit\u0101tes p\u0101rbaudes zi\u0146ojums, kas rada p\u0101rliec\u012bbu, ka izstr\u0101d\u0101jums uzticami darbosies paredz\u0113tajos apst\u0101k\u013cos. M\u016bsu klienti g\u016bst labumu, zinot, ka vi\u0146u pirkums atbilst stingriem kvalit\u0101tes standartiem, t\u0101d\u0113j\u0101di nodro\u0161inot gan atbilst\u012bbu dro\u0161\u012bbas pras\u012bb\u0101m, gan efekt\u012bvu projekta izpildi.<\/p>\n<h3><strong>Qingdao H&amp;F sol\u012bjums: serviss, \u0101trums un dro\u0161\u012bba<\/strong><\/h3>\n<p>Papildus augstas kvalit\u0101tes produktam Qingdao H&amp;F nodro\u0161ina izcilu pirk\u0161anas pieredzi. M\u0113s apzin\u0101mies, ka pirc\u0113ji par priorit\u0101ti izvirza ne tikai produkta kvalit\u0101ti, bet ar\u012b pieg\u0101d\u0101t\u0101ja visp\u0101r\u0113jo uzticam\u012bbu. T\u0101p\u0113c m\u016bsu pieeja ir v\u0113rsta uz to, lai nodro\u0161in\u0101tu ne tikai pa\u0161u produktu, bet ar\u012b pakalpojumus, kas atbilst individu\u0101l\u0101m klientu vajadz\u012bb\u0101m un ba\u017e\u0101m. Pied\u0101v\u0101jot individu\u0101lu klientu apkalpo\u0161anu, m\u0113s nodro\u0161in\u0101m, ka ikviens jaut\u0101jums vai pras\u012bba tiek \u0101tri un efekt\u012bvi atrisin\u0101ta, veicinot uztic\u012bbu un apmierin\u0101t\u012bbu jau no pirm\u0101 kontakta br\u012b\u017ea.<\/p>\n<p>M\u016bsu ap\u0146em\u0161an\u0101s iev\u0113rot \u0101trumu atspogu\u013cojas m\u016bsu \u0101trajos pieg\u0101des ciklos. M\u0113s saprotam, ka laiks ir iz\u0161\u0137iro\u0161s, un jebkura kav\u0113\u0161an\u0101s var ietekm\u0113t produktivit\u0101ti un grafikus. T\u0101p\u0113c m\u0113s cie\u0161i sadarbojamies ar saviem lo\u0123istikas partneriem, lai uztur\u0113tu efekt\u012bvus pieg\u0101des procesus, sniedzot saviem klientiem p\u0101rliec\u012bbu, ka vi\u0146u siksnu siksnas tiks pieg\u0101d\u0101tas, kad tas b\u016bs nepiecie\u0161ams. Turkl\u0101t m\u016bsu r\u016bp\u012bgais kvalit\u0101tes p\u0101rbaudes process nodro\u0161ina, ka katra siksna ir gatava t\u016bl\u012bt\u0113jai lieto\u0161anai, un par to ir sagatavoti zi\u0146ojumi, kuros s\u012bki izkl\u0101st\u012bta produkta atbilst\u012bba nozares standartiem. \u0160\u012b ap\u0146em\u0161an\u0101s nodro\u0161in\u0101t kvalit\u0101ti un servisu padara Qingdao H&amp;F par v\u0113lamo partneri uz\u0146\u0113mumiem, kas mekl\u0113 uzticamus pacel\u0161anas risin\u0101jumus.<\/p>\n<p>M\u016bsu 1 tonnas siksnu siksnas ir veiktsp\u0113jas, dro\u0161\u012bbas un \u0113rt\u012bbas apvienojums, kas izstr\u0101d\u0101ts, lai atbilstu stingraj\u0101m m\u016bsdienu nozares pras\u012bb\u0101m. Izv\u0113loties Qingdao H&amp;F, pirc\u0113ji iegulda l\u012bdzek\u013cus partner\u012bb\u0101, kas nov\u0113rt\u0113 vi\u0146u priorit\u0101tes, s\u0101kot no produktu integrit\u0101tes l\u012bdz \u0101trai un uzman\u012bgai apkalpo\u0161anai. M\u0113s lepojamies ar to, ka pieg\u0101d\u0101jam ne tikai produktu, bet ar\u012b piln\u012bgu risin\u0101jumu, kas atbilst m\u016bsu klientu darb\u012bbas vajadz\u012bb\u0101m un kvalit\u0101tes standartiem.<\/p>","protected":false},"excerpt":{"rendered":"<p>M\u016bsu 1 tonnas siksnas strope apvieno iztur\u012bbu un daudzpus\u012bbu, lai veiktu cel\u0161anas un pacel\u0161anas uzdevumus da\u017e\u0101d\u0101s nozar\u0113s. Pirc\u0113ji bie\u017ei vien par priorit\u0101ti izvirza iztur\u012bbu, dro\u0161\u012bbu un vieglu p\u0101rvieto\u0161anu, ko nodro\u0161ina m\u016bsu siksnu stropes. \u0160\u012bs stropes ir izgatavotas t\u0101, lai iztur\u0113tu smagu lieto\u0161anu, un nodro\u0161ina dro\u0161u pacel\u0161anu, vienlaikus saglab\u0101jot elast\u012bbu da\u017e\u0101diem lietojumiem. K\u0101 tirdzniec\u012bbas uz\u0146\u0113mums Qingdao H&amp;F pied\u0101v\u0101 \u012bpa\u0161as priek\u0161roc\u012bbas, tostarp individu\u0101lu klientu apkalpo\u0161anu, \u0101tru pieg\u0101des ciklu un visaptvero\u0161us kvalit\u0101tes p\u0101rbaudes zi\u0146ojumus, nodro\u0161inot, ka katrs pirkums atbilst stingriem dro\u0161\u012bbas un kvalit\u0101tes standartiem.<\/p>","protected":false},"featured_media":8190,"comment_status":"open","ping_status":"closed","template":"","meta":{"site-sidebar-layout":"default","site-content-layout":"","ast-site-content-layout":"default","site-content-style":"default","site-sidebar-style":"default","ast-global-header-display":"","ast-banner-title-visibility":"","ast-main-header-display":"","ast-hfb-above-header-display":"","ast-hfb-below-header-display":"","ast-hfb-mobile-header-display":"","site-post-title":"","ast-breadcrumbs-content":"","ast-featured-img":"","footer-sml-layout":"","theme-transparent-header-meta":"default","adv-header-id-meta":"","stick-header-meta":"default","header-above-stick-meta":"","header-main-stick-meta":"","header-below-stick-meta":"","astra-migrate-meta-layouts":"set","ast-page-background-enabled":"default","ast-page-background-meta":{"desktop":{"background-color":"","background-image":"","background-repeat":"repeat","background-position":"center center","background-size":"auto","background-attachment":"scroll","background-type":"","background-media":"","overlay-type":"","overlay-color":"","overlay-opacity":"","overlay-gradient":""},"tablet":{"background-color":"","background-image":"","background-repeat":"repeat","background-position":"center center","background-size":"auto","background-attachment":"scroll","background-type":"","background-media":"","overlay-type":"","overlay-color":"","overlay-opacity":"","overlay-gradient":""},"mobile":{"background-color":"","background-image":"","background-repeat":"repeat","background-position":"center center","background-size":"auto","background-attachment":"scroll","background-type":"","background-media":"","overlay-type":"","overlay-color":"","overlay-opacity":"","overlay-gradient":""}},"ast-content-background-meta":{"desktop":{"background-color":"var(--ast-global-color-5)","background-image":"","background-repeat":"repeat","background-position":"center center","background-size":"auto","background-attachment":"scroll","background-type":"","background-media":"","overlay-type":"","overlay-color":"","overlay-opacity":"","overlay-gradient":""},"tablet":{"background-color":"var(--ast-global-color-5)","background-image":"","background-repeat":"repeat","background-position":"center center","background-size":"auto","background-attachment":"scroll","background-type":"","background-media":"","overlay-type":"","overlay-color":"","overlay-opacity":"","overlay-gradient":""},"mobile":{"background-color":"var(--ast-global-color-5)","background-image":"","background-repeat":"repeat","background-position":"center center","background-size":"auto","background-attachment":"scroll","background-type":"","background-media":"","overlay-type":"","overlay-color":"","overlay-opacity":"","overlay-gradient":""}}},"product_brand":[],"product_cat":[39],"product_tag":[],"class_list":{"0":"post-8189","1":"product","2":"type-product","3":"status-publish","4":"has-post-thumbnail","6":"product_cat-webbing-sling","7":"desktop-align-left","8":"tablet-align-left","9":"mobile-align-left","10":"ast-product-gallery-layout-horizontal-slider","11":"ast-product-gallery-with-no-image","12":"ast-product-tabs-layout-horizontal","14":"first","15":"instock","16":"shipping-taxable","17":"purchasable","18":"product-type-simple"},"yoast_head":"<!-- This site is optimized with the Yoast SEO plugin v25.2 - https:\/\/yoast.com\/wordpress\/plugins\/seo\/ -->\n<title>Flat Webbing Sling 1 Ton Polyester Double Duplex<\/title>\n<meta name=\"robots\" content=\"index, follow, max-snippet:-1, max-image-preview:large, max-video-preview:-1\" \/>\n<link rel=\"canonical\" href=\"https:\/\/qingdaohf.com\/lv\/products\/siksnu-siksnas-1-tonna\/\" \/>\n<meta property=\"og:locale\" content=\"lv_LV\" \/>\n<meta property=\"og:type\" content=\"article\" \/>\n<meta property=\"og:title\" content=\"Flat Webbing Sling 1 Ton Polyester Double Duplex\" \/>\n<meta property=\"og:description\" content=\"Our 1-ton webbing sling combines strength and versatility for lifting and hoisting tasks across various industries. Buyers often prioritize durability, safety, and ease of handling, all of which our webbing slings deliver. Made to endure heavy-duty use, these slings ensure secure lifting while maintaining flexibility for different applications. As a trading company, Qingdao H&amp;F provides distinct advantages, including one-on-one customer service, a fast delivery cycle, and comprehensive quality inspection reports, ensuring that every purchase meets rigorous safety and quality standards.\" \/>\n<meta property=\"og:url\" content=\"https:\/\/qingdaohf.com\/lv\/products\/siksnu-siksnas-1-tonna\/\" \/>\n<meta property=\"og:site_name\" content=\"Concrete Form &amp; Rigging Hardware Supplier\" \/>\n<meta property=\"article:publisher\" content=\"https:\/\/www.facebook.com\/qingdaohf\" \/>\n<meta property=\"article:modified_time\" content=\"2025-11-13T01:02:54+00:00\" \/>\n<meta property=\"og:image\" content=\"https:\/\/qingdaohf.com\/wp-content\/uploads\/2024\/10\/1ton_1.webp\" \/>\n\t<meta property=\"og:image:width\" content=\"1000\" \/>\n\t<meta property=\"og:image:height\" content=\"1000\" \/>\n\t<meta property=\"og:image:type\" content=\"image\/webp\" \/>\n<meta name=\"twitter:card\" content=\"summary_large_image\" \/>\n<meta name=\"twitter:label1\" content=\"Est. reading time\" \/>\n\t<meta name=\"twitter:data1\" content=\"4 min\u016btes\" \/>\n<script type=\"application\/ld+json\" class=\"yoast-schema-graph\">{\"@context\":\"https:\/\/schema.org\",\"@graph\":[{\"@type\":\"WebPage\",\"@id\":\"https:\/\/qingdaohf.com\/product\/webbing-sling-1-ton\/\",\"url\":\"https:\/\/qingdaohf.com\/product\/webbing-sling-1-ton\/\",\"name\":\"Flat Webbing Sling 1 Ton Polyester Double Duplex\",\"isPartOf\":{\"@id\":\"https:\/\/qingdaohf.com\/bg\/#website\"},\"primaryImageOfPage\":{\"@id\":\"https:\/\/qingdaohf.com\/product\/webbing-sling-1-ton\/#primaryimage\"},\"image\":{\"@id\":\"https:\/\/qingdaohf.com\/product\/webbing-sling-1-ton\/#primaryimage\"},\"thumbnailUrl\":\"https:\/\/qingdaohf.com\/wp-content\/uploads\/2024\/10\/1ton_1.webp\",\"datePublished\":\"2024-11-05T05:59:31+00:00\",\"dateModified\":\"2025-11-13T01:02:54+00:00\",\"breadcrumb\":{\"@id\":\"https:\/\/qingdaohf.com\/product\/webbing-sling-1-ton\/#breadcrumb\"},\"inLanguage\":\"lv-LV\",\"potentialAction\":[{\"@type\":\"ReadAction\",\"target\":[\"https:\/\/qingdaohf.com\/product\/webbing-sling-1-ton\/\"]}]},{\"@type\":\"ImageObject\",\"inLanguage\":\"lv-LV\",\"@id\":\"https:\/\/qingdaohf.com\/product\/webbing-sling-1-ton\/#primaryimage\",\"url\":\"https:\/\/qingdaohf.com\/wp-content\/uploads\/2024\/10\/1ton_1.webp\",\"contentUrl\":\"https:\/\/qingdaohf.com\/wp-content\/uploads\/2024\/10\/1ton_1.webp\",\"width\":1000,\"height\":1000},{\"@type\":\"BreadcrumbList\",\"@id\":\"https:\/\/qingdaohf.com\/product\/webbing-sling-1-ton\/#breadcrumb\",\"itemListElement\":[{\"@type\":\"ListItem\",\"position\":1,\"name\":\"Home\",\"item\":\"https:\/\/qingdaohf.com\/\"},{\"@type\":\"ListItem\",\"position\":2,\"name\":\"Concrete Forming Accessories and Rigging Hardware\",\"item\":\"https:\/\/qingdaohf.com\/bg\/?page_id=944\"},{\"@type\":\"ListItem\",\"position\":3,\"name\":\"Flat Webbing Sling 1 Ton Polyester Double Duplex\"}]},{\"@type\":\"WebSite\",\"@id\":\"https:\/\/qingdaohf.com\/bg\/#website\",\"url\":\"https:\/\/qingdaohf.com\/bg\/\",\"name\":\"Concrete Form & Rigging Hardware Supplier\",\"description\":\"\",\"publisher\":{\"@id\":\"https:\/\/qingdaohf.com\/bg\/#organization\"},\"potentialAction\":[{\"@type\":\"SearchAction\",\"target\":{\"@type\":\"EntryPoint\",\"urlTemplate\":\"https:\/\/qingdaohf.com\/bg\/?s={search_term_string}\"},\"query-input\":{\"@type\":\"PropertyValueSpecification\",\"valueRequired\":true,\"valueName\":\"search_term_string\"}}],\"inLanguage\":\"lv-LV\"},{\"@type\":\"Organization\",\"@id\":\"https:\/\/qingdaohf.com\/bg\/#organization\",\"name\":\"Qingdao H&F\",\"url\":\"https:\/\/qingdaohf.com\/bg\/\",\"logo\":{\"@type\":\"ImageObject\",\"inLanguage\":\"lv-LV\",\"@id\":\"https:\/\/qingdaohf.com\/bg\/#\/schema\/logo\/image\/\",\"url\":\"https:\/\/qingdaohf.com\/wp-content\/uploads\/2022\/12\/cropped-HF-LOGO.png\",\"contentUrl\":\"https:\/\/qingdaohf.com\/wp-content\/uploads\/2022\/12\/cropped-HF-LOGO.png\",\"width\":391,\"height\":249,\"caption\":\"Qingdao H&F\"},\"image\":{\"@id\":\"https:\/\/qingdaohf.com\/bg\/#\/schema\/logo\/image\/\"},\"sameAs\":[\"https:\/\/www.facebook.com\/qingdaohf\"]}]}<\/script>\n<!-- \/ Yoast SEO plugin. -->","yoast_head_json":{"title":"Flat Webbing Sling 1 Ton Polyester Double Duplex","robots":{"index":"index","follow":"follow","max-snippet":"max-snippet:-1","max-image-preview":"max-image-preview:large","max-video-preview":"max-video-preview:-1"},"canonical":"https:\/\/qingdaohf.com\/lv\/products\/siksnu-siksnas-1-tonna\/","og_locale":"lv_LV","og_type":"article","og_title":"Flat Webbing Sling 1 Ton Polyester Double Duplex","og_description":"Our 1-ton webbing sling combines strength and versatility for lifting and hoisting tasks across various industries. Buyers often prioritize durability, safety, and ease of handling, all of which our webbing slings deliver. Made to endure heavy-duty use, these slings ensure secure lifting while maintaining flexibility for different applications. As a trading company, Qingdao H&amp;F provides distinct advantages, including one-on-one customer service, a fast delivery cycle, and comprehensive quality inspection reports, ensuring that every purchase meets rigorous safety and quality standards.","og_url":"https:\/\/qingdaohf.com\/lv\/products\/siksnu-siksnas-1-tonna\/","og_site_name":"Concrete Form &amp; Rigging Hardware Supplier","article_publisher":"https:\/\/www.facebook.com\/qingdaohf","article_modified_time":"2025-11-13T01:02:54+00:00","og_image":[{"width":1000,"height":1000,"url":"https:\/\/qingdaohf.com\/wp-content\/uploads\/2024\/10\/1ton_1.webp","type":"image\/webp"}],"twitter_card":"summary_large_image","twitter_misc":{"Est. reading time":"4 min\u016btes"},"schema":{"@context":"https:\/\/schema.org","@graph":[{"@type":"WebPage","@id":"https:\/\/qingdaohf.com\/product\/webbing-sling-1-ton\/","url":"https:\/\/qingdaohf.com\/product\/webbing-sling-1-ton\/","name":"Flat Webbing Sling 1 Ton Polyester Double Duplex","isPartOf":{"@id":"https:\/\/qingdaohf.com\/bg\/#website"},"primaryImageOfPage":{"@id":"https:\/\/qingdaohf.com\/product\/webbing-sling-1-ton\/#primaryimage"},"image":{"@id":"https:\/\/qingdaohf.com\/product\/webbing-sling-1-ton\/#primaryimage"},"thumbnailUrl":"https:\/\/qingdaohf.com\/wp-content\/uploads\/2024\/10\/1ton_1.webp","datePublished":"2024-11-05T05:59:31+00:00","dateModified":"2025-11-13T01:02:54+00:00","breadcrumb":{"@id":"https:\/\/qingdaohf.com\/product\/webbing-sling-1-ton\/#breadcrumb"},"inLanguage":"lv-LV","potentialAction":[{"@type":"ReadAction","target":["https:\/\/qingdaohf.com\/product\/webbing-sling-1-ton\/"]}]},{"@type":"ImageObject","inLanguage":"lv-LV","@id":"https:\/\/qingdaohf.com\/product\/webbing-sling-1-ton\/#primaryimage","url":"https:\/\/qingdaohf.com\/wp-content\/uploads\/2024\/10\/1ton_1.webp","contentUrl":"https:\/\/qingdaohf.com\/wp-content\/uploads\/2024\/10\/1ton_1.webp","width":1000,"height":1000},{"@type":"BreadcrumbList","@id":"https:\/\/qingdaohf.com\/product\/webbing-sling-1-ton\/#breadcrumb","itemListElement":[{"@type":"ListItem","position":1,"name":"Home","item":"https:\/\/qingdaohf.com\/"},{"@type":"ListItem","position":2,"name":"Concrete Forming Accessories and Rigging Hardware","item":"https:\/\/qingdaohf.com\/bg\/?page_id=944"},{"@type":"ListItem","position":3,"name":"Flat Webbing Sling 1 Ton Polyester Double Duplex"}]},{"@type":"WebSite","@id":"https:\/\/qingdaohf.com\/bg\/#website","url":"https:\/\/qingdaohf.com\/bg\/","name":"Concrete Form & Rigging Hardware Supplier","description":"","publisher":{"@id":"https:\/\/qingdaohf.com\/bg\/#organization"},"potentialAction":[{"@type":"SearchAction","target":{"@type":"EntryPoint","urlTemplate":"https:\/\/qingdaohf.com\/bg\/?s={search_term_string}"},"query-input":{"@type":"PropertyValueSpecification","valueRequired":true,"valueName":"search_term_string"}}],"inLanguage":"lv-LV"},{"@type":"Organization","@id":"https:\/\/qingdaohf.com\/bg\/#organization","name":"Qingdao H&F","url":"https:\/\/qingdaohf.com\/bg\/","logo":{"@type":"ImageObject","inLanguage":"lv-LV","@id":"https:\/\/qingdaohf.com\/bg\/#\/schema\/logo\/image\/","url":"https:\/\/qingdaohf.com\/wp-content\/uploads\/2022\/12\/cropped-HF-LOGO.png","contentUrl":"https:\/\/qingdaohf.com\/wp-content\/uploads\/2022\/12\/cropped-HF-LOGO.png","width":391,"height":249,"caption":"Qingdao H&F"},"image":{"@id":"https:\/\/qingdaohf.com\/bg\/#\/schema\/logo\/image\/"},"sameAs":["https:\/\/www.facebook.com\/qingdaohf"]}]}},"_links":{"self":[{"href":"https:\/\/qingdaohf.com\/lv\/wp-json\/wp\/v2\/product\/8189","targetHints":{"allow":["GET"]}}],"collection":[{"href":"https:\/\/qingdaohf.com\/lv\/wp-json\/wp\/v2\/product"}],"about":[{"href":"https:\/\/qingdaohf.com\/lv\/wp-json\/wp\/v2\/types\/product"}],"replies":[{"embeddable":true,"href":"https:\/\/qingdaohf.com\/lv\/wp-json\/wp\/v2\/comments?post=8189"}],"version-history":[{"count":2,"href":"https:\/\/qingdaohf.com\/lv\/wp-json\/wp\/v2\/product\/8189\/revisions"}],"predecessor-version":[{"id":8340,"href":"https:\/\/qingdaohf.com\/lv\/wp-json\/wp\/v2\/product\/8189\/revisions\/8340"}],"wp:featuredmedia":[{"embeddable":true,"href":"https:\/\/qingdaohf.com\/lv\/wp-json\/wp\/v2\/media\/8190"}],"wp:attachment":[{"href":"https:\/\/qingdaohf.com\/lv\/wp-json\/wp\/v2\/media?parent=8189"}],"wp:term":[{"taxonomy":"product_brand","embeddable":true,"href":"https:\/\/qingdaohf.com\/lv\/wp-json\/wp\/v2\/product_brand?post=8189"},{"taxonomy":"product_cat","embeddable":true,"href":"https:\/\/qingdaohf.com\/lv\/wp-json\/wp\/v2\/product_cat?post=8189"},{"taxonomy":"product_tag","embeddable":true,"href":"https:\/\/qingdaohf.com\/lv\/wp-json\/wp\/v2\/product_tag?post=8189"}],"curies":[{"name":"wp","href":"https:\/\/api.w.org\/{rel}","templated":true}]}}