{"id":8277,"date":"2024-11-05T14:01:41","date_gmt":"2024-11-05T06:01:41","guid":{"rendered":"http:\/\/qingdaohf.com\/?post_type=product&#038;p=8277"},"modified":"2025-11-13T09:02:53","modified_gmt":"2025-11-13T01:02:53","slug":"webbing-sling-2-ton","status":"publish","type":"product","link":"https:\/\/qingdaohf.com\/lv\/products\/siksnu-siksnas-2-tonnas\/","title":{"rendered":"Plakanas siksnas siksnas 2 tonnu poliestera dubult\u0101 dupleksa siksna"},"content":{"rendered":"<div class=\"flex max-w-full flex-col flex-grow\">\n<div class=\"min-h-8 text-message flex w-full flex-col items-end gap-2 whitespace-normal break-words [.text-message+&amp;]:mt-5\" dir=\"auto\" data-message-author-role=\"assistant\" data-message-id=\"df1a8cb9-4730-4671-a7fd-4bac8c133d3f\" data-message-model-slug=\"gpt-4o\">\n<div class=\"flex w-full flex-col gap-1 empty:hidden first:pt-[3px]\">\n<div class=\"markdown prose w-full break-words dark:prose-invert light\">\n<h3><strong>Univers\u0101las 2 tonnu siksnas stropes iztur\u012bgiem pacel\u0161anas risin\u0101jumiem<\/strong><\/h3>\n<p>2 tonnu siksnas strope ir svar\u012bgs instruments, lai dro\u0161i paceltu un p\u0101rvietotu smagas kravas da\u017e\u0101d\u0101s nozar\u0113s. Izgatavota no augstas kvalit\u0101tes sint\u0113tisk\u0101m \u0161\u0137iedr\u0101m, \u0161\u012b siksna ir gan iztur\u012bga, gan elast\u012bga, apvienojot iztur\u012bgumu, kas nepiecie\u0161ams sare\u017e\u0123\u012btos apst\u0101k\u013cos, un lieto\u0161anas \u0113rtumu. 2 tonnu kravnes\u012bba ir piem\u0113rota vid\u0113ja izm\u0113ra krav\u0101m, padarot to \u013coti univers\u0101lu t\u0101d\u0101s nozar\u0113s k\u0101 b\u016bvniec\u012bba, noliktavu, ku\u0123niec\u012bbas un ra\u017eo\u0161anas nozare. Qingdao H&amp;F 2 tonnu siksnu strope ir uzticams risin\u0101jums, kas atbilst da\u017e\u0101du nozaru profesion\u0101\u013cu pras\u012bb\u0101m attiec\u012bb\u0101 uz veiktsp\u0113ju un dro\u0161\u012bbu.<\/p>\n<p>Nozar\u0113s, kur\u0101s ir neat\u0146emama smago kravu cel\u0161anas sast\u0101vda\u013ca, ir \u013coti svar\u012bgi nodro\u0161in\u0101t apr\u012bkojuma dro\u0161\u012bbu un uzticam\u012bbu. Qingdao H&amp;F 2 tonnu siksnas strope ir \u012bpa\u0161i izstr\u0101d\u0101ta, lai nodro\u0161in\u0101tu optim\u0101lu iztur\u012bbu, nemazinot elast\u012bbu un nodro\u0161inot dro\u0161u un efekt\u012bvu kravas p\u0101rvieto\u0161anu. Pirc\u0113ji mekl\u0113 augstas kravnes\u012bbas, iztur\u012bbas un nodilumiztur\u012bbas kombin\u0101ciju, kas ir r\u016bp\u012bgi integr\u0113tas \u0161\u012bs stropes konstrukcij\u0101. Pateicoties sint\u0113tiskajai konstrukcijai, 2 tonnu siksna ir viegl\u0101ka un viegl\u0101k vad\u0101ma nek\u0101 met\u0101la alternat\u012bvas, t\u0101d\u0113j\u0101di samazinot operatora noguruma iesp\u0113jam\u012bbu un palielinot visp\u0101r\u0113jo dro\u0161\u012bbu.<\/p>\n<p>Qingdao H&amp;F papildina savu siksnu siksnu izcilo kvalit\u0101ti ar uz klientu orient\u0113tiem pakalpojumiem. Katram produktam tiek veikta stingra p\u0101rbaude, kam pievienoti visaptvero\u0161i kvalit\u0101tes zi\u0146ojumi, lai nodro\u0161in\u0101tu pirc\u0113jiem piln\u012bgu p\u0101rliec\u012bbu par pirkumu. M\u016bsu individu\u0101l\u0101 klientu apkalpo\u0161anas pieeja nodro\u0161ina, ka tiek apmierin\u0101tas katra pirc\u0113ja unik\u0101l\u0101s vajadz\u012bbas, un m\u016bsu efekt\u012bvais pieg\u0101des process garant\u0113 savlaic\u012bgu pieg\u0101di, lai nodro\u0161in\u0101tu nep\u0101rtrauktu projekta darba gaitu.<\/p>\n<h3><strong>Konstrukcija un materi\u0101lu kvalit\u0101te ilgm\u016b\u017e\u012bgai darb\u012bbai<\/strong><\/h3>\n<p>Divu tonnu siksnas siksnas materi\u0101la sast\u0101vs ir viena no t\u0101s rakstur\u012bgaj\u0101m \u012bpa\u0161\u012bb\u0101m, kas izv\u0113l\u0113ta t\u0101, lai iztur\u0113tu atk\u0101rtotu lieto\u0161anu sare\u017e\u0123\u012btos apst\u0101k\u013cos. Parasti t\u0101s ir izgatavotas no poliestera vai neilona, un katrs materi\u0101ls sniedz \u012bpa\u0161as priek\u0161roc\u012bbas. Piem\u0113ram, poliestera siksnas ir iztur\u012bgas pret mitrumu un UV stariem, t\u0101p\u0113c t\u0101s ir ide\u0101li piem\u0113rotas lieto\u0161anai \u0101rpus telp\u0101m un ilgsto\u0161ai lieto\u0161anai. Neilona stropes, kas paz\u012bstamas ar savu elast\u012bbu, nodro\u0161ina lielisku triecienu absorbciju, kas ir v\u0113rt\u012bga, str\u0101d\u0101jot ar dinamisk\u0101m slodz\u0113m. Neatkar\u012bgi no materi\u0101la katrai stropei tiek veikta r\u016bp\u012bga test\u0113\u0161ana, lai apstiprin\u0101tu, ka t\u0101 var dro\u0161i iztur\u0113t l\u012bdz 2 tonn\u0101m.<\/p>\n<p>Ra\u017eo\u0161anas procesi tiek r\u016bp\u012bgi kontrol\u0113ti, lai nodro\u0161in\u0101tu viendab\u012bgumu un uzticam\u012bbu. S\u0101kot ar \u0161\u0137iedru atlasi un beidzot ar gal\u012bgo au\u0161anu, katrs solis tiek veikts, dom\u0101jot par iztur\u012bbu, t\u0101d\u0113j\u0101di nodro\u0161inot, ka siksnas laika gait\u0101 paliek iztur\u012bgas. Pastiprin\u0101tas cilpas un nodilumiztur\u012bga apdare v\u0113l vair\u0101k paildzina izstr\u0101d\u0101juma kalpo\u0161anas laiku, nodro\u0161inot v\u0113rt\u012bbu pirc\u0113jiem, kas mekl\u0113 augstas veiktsp\u0113jas un rentablus pacel\u0161anas risin\u0101jumus. Qingdao H&amp;F pied\u0101v\u0101 p\u0101rliec\u012bbu, ka katra strope ir dro\u0161a, uzticama un ilgm\u016b\u017e\u012bga, un t\u0101 atbilst stingrajiem standartiem nozar\u0113s, kas pa\u013caujas uz uzticam\u0101m pacel\u0161anas iek\u0101rt\u0101m.<\/p>\n<h3><strong>Pielietojumi da\u017e\u0101d\u0101s nozar\u0113s<\/strong><\/h3>\n<p>2 tonnu siksnas siksnas piel\u0101gojam\u012bba padara to noder\u012bgu da\u017e\u0101d\u0101s jom\u0101s, tostarp lo\u0123istik\u0101, b\u016bvniec\u012bb\u0101 un r\u016bpnieciskaj\u0101 apkop\u0113. Piem\u0113ram, b\u016bvniec\u012bb\u0101 \u0161is kravnes\u012bbas diapazons ir piem\u0113rots siju pozicion\u0113\u0161anai, smago ma\u0161\u012bnu nostiprin\u0101\u0161anai vai svar\u012bgu b\u016bvmateri\u0101lu p\u0101rvieto\u0161anai. Viegl\u0101, bet iztur\u012bg\u0101 siksnu siksnu konstrukcija \u0161ajos scen\u0101rijos atvieglo kravas p\u0101rvieto\u0161anu, un at\u0161\u0137ir\u012bb\u0101 no t\u0113rauda \u0137\u0113d\u0113m sint\u0113tiskais materi\u0101ls samazina virsmas boj\u0101jumu risku. Lo\u0123istikas un noliktavu jom\u0101 2 tonnu kravnes\u012bba ir piem\u0113rota vid\u0113ja svara krav\u0101m un materi\u0101liem, kas ir ide\u0101li piem\u0113roti situ\u0101cij\u0101s, kad nepiecie\u0161ama gan kravas stabilit\u0101te, gan r\u016bp\u012bga p\u0101rvieto\u0161ana.<\/p>\n<p>Papildus iztur\u012bbai un iztur\u012bgumam pirc\u0113ji bie\u017ei vien nov\u0113rt\u0113 elast\u012bbu, ko pied\u0101v\u0101 siksnu stropes sal\u012bdzin\u0101jum\u0101 ar tradicion\u0101laj\u0101m cel\u0161anas \u0137\u0113d\u0113m vai virv\u0113m. Sint\u0113tiskais materi\u0101ls \u013cauj viegl\u0101k manevr\u0113t, padarot to praktisku pacel\u0161anas darbiem sl\u0113gt\u0101s telp\u0101s vai ar unik\u0101l\u0101m kravas konfigur\u0101cij\u0101m. Turkl\u0101t 2 tonnu siksnu siksnu konstrukcija \u013cauj veikt dro\u0161\u0101kus un stabil\u0101kus pacel\u0161anas darbus, palielinot operatora p\u0101rliec\u012bbu un samazinot nelaimes gad\u012bjumu vai materi\u0101lu boj\u0101jumu risku. Qingdao H&amp;F koncentr\u0113jas uz kvalit\u0101ti un veiktsp\u0113ju, t\u0101p\u0113c katra strope ir praktisks, dro\u0161s un daudzpus\u012bgs risin\u0101jums, kas piem\u0113rots da\u017e\u0101d\u0101m nozar\u0113m.<\/p>\n<h3><strong>Qingdao H&amp;F ap\u0146em\u0161an\u0101s sniegt pakalpojumus un nodro\u0161in\u0101t kvalit\u0101ti<\/strong><\/h3>\n<p>Qingdao H&amp;F ne tikai nodro\u0161ina augstas kvalit\u0101tes produktus, bet ar\u012b koncentr\u0113jas uz izcilas pirk\u0161anas pieredzes nodro\u0161in\u0101\u0161anu. 2 tonnu siksnu siksnas ir apr\u012bkotas ar visaptvero\u0161u p\u0101rbaudes zi\u0146ojumu, kas nodro\u0161ina produktu kvalit\u0101tes p\u0101rredzam\u012bbu un atbilst\u012bbu nozares standartiem. Katr\u0101 zi\u0146ojum\u0101 ir sniegta s\u012bka inform\u0101cija par svar\u012bg\u0101kajiem veiktsp\u0113jas r\u0101d\u012bt\u0101jiem, kas pirc\u0113jiem sniedz p\u0101rliec\u012bbu par vi\u0146u ieguld\u012bjumu. P\u0101rbaudot kravnes\u012bbu un apstiprinot produkta iztur\u012bbu, \u0161ie zi\u0146ojumi sniedz b\u016btisku inform\u0101ciju uz\u0146\u0113mumiem, kas par priorit\u0101ti izvirza dro\u0161us un efekt\u012bvus pacel\u0161anas risin\u0101jumus.<\/p>\n<p>Turkl\u0101t Qingdao H&amp;F ap\u0146em\u0161an\u0101s apkalpot klientus palielina m\u016bsu siksnu siksnu v\u0113rt\u012bbu. Sniedzot individu\u0101lu atbalstu, m\u016bsu komanda pal\u012bdz klientiem izv\u0113l\u0113ties vi\u0146u darb\u012bbas vajadz\u012bb\u0101m piel\u0101gotus produktus. \u0160is personaliz\u0113tais serviss turpin\u0101s ar\u012b p\u0113c ieg\u0101des, sniedzot nor\u0101d\u012bjumus par tehnisk\u0101s apkopes praksi, kas pagarina izstr\u0101d\u0101jumu kalpo\u0161anas laiku. Turkl\u0101t m\u016bsu \u0101trie pieg\u0101des cikli atbilst m\u016bsu klientu steidzamaj\u0101m vajadz\u012bb\u0101m, nodro\u0161inot, ka vi\u0146i savlaic\u012bgi sa\u0146em savas stropes, lai izvair\u012btos no darb\u012bbas kav\u0113jumiem.<\/p>\n<p>Qingdao H&amp;F pied\u0101v\u0101 visaptvero\u0161u risin\u0101jumu pirc\u0113jiem, kas orient\u0113jas uz kvalit\u0101ti, uzticam\u012bbu un efekt\u012bvu apkalpo\u0161anu, pied\u0101v\u0101jot 2 tonnu siksnu siksnas. \u0160is izstr\u0101d\u0101jums iemieso iztur\u012bbu un elast\u012bbu, k\u0101 ar\u012b ap\u0146em\u0161anos apmierin\u0101t klientu lo\u0123istikas un dro\u0161\u012bbas vajadz\u012bbas. Ar katru siksnu siksnu pirc\u0113ji ieg\u016bst ne tikai augst\u0101k\u0101s klases cel\u0161anas r\u012bku, bet ar\u012b atbalstu un p\u0101rliec\u012bbu, ko sniedz uz\u0146\u0113mums, kas ir ap\u0146\u0113mies sasniegt izcil\u012bbu.<\/p>\n<\/div>\n<\/div>\n<\/div>\n<\/div>\n<div class=\"mb-2 flex gap-3 empty:hidden -ml-2\">\n<div class=\"items-center justify-start rounded-xl p-1 flex\">\n<div class=\"flex items-center\"><\/div>\n<\/div>\n<\/div>","protected":false},"excerpt":{"rendered":"<p>Qingdao H&amp;F 2 tonnu siksnas strope ir uzticams, augstas kapacit\u0101tes risin\u0101jums da\u017e\u0101diem pacel\u0161anas lietojumiem. Pirc\u0113ji bie\u017ei vien par priorit\u0101ti izvirza t\u0101dus faktorus k\u0101 kravas dro\u0161\u012bba, iztur\u012bba un \u0113rta p\u0101rvieto\u0161ana, ko nodro\u0161ina \u0161\u012b siksnu strope. Izgatavota no stipr\u0101m sint\u0113tisk\u0101m \u0161\u0137iedr\u0101m, t\u0101 iztur sare\u017e\u0123\u012btus apst\u0101k\u013cus un nodro\u0161ina uzticamu veiktsp\u0113ju. Qingdao H&amp;F k\u0101 tirdzniec\u012bbas uz\u0146\u0113mums sniedz iev\u0113rojamas priek\u0161roc\u012bbas, tostarp individu\u0101lu klientu apkalpo\u0161anu, \u0101trus pieg\u0101des ciklus un detaliz\u0113tus kvalit\u0101tes p\u0101rbaudes zi\u0146ojumus, nodro\u0161inot, ka katrs izstr\u0101d\u0101jums atbilst stingriem standartiem un pirc\u0113ju pras\u012bb\u0101m.<\/p>","protected":false},"featured_media":8196,"comment_status":"open","ping_status":"closed","template":"","meta":{"site-sidebar-layout":"default","site-content-layout":"","ast-site-content-layout":"default","site-content-style":"default","site-sidebar-style":"default","ast-global-header-display":"","ast-banner-title-visibility":"","ast-main-header-display":"","ast-hfb-above-header-display":"","ast-hfb-below-header-display":"","ast-hfb-mobile-header-display":"","site-post-title":"","ast-breadcrumbs-content":"","ast-featured-img":"","footer-sml-layout":"","theme-transparent-header-meta":"default","adv-header-id-meta":"","stick-header-meta":"default","header-above-stick-meta":"","header-main-stick-meta":"","header-below-stick-meta":"","astra-migrate-meta-layouts":"set","ast-page-background-enabled":"default","ast-page-background-meta":{"desktop":{"background-color":"","background-image":"","background-repeat":"repeat","background-position":"center center","background-size":"auto","background-attachment":"scroll","background-type":"","background-media":"","overlay-type":"","overlay-color":"","overlay-opacity":"","overlay-gradient":""},"tablet":{"background-color":"","background-image":"","background-repeat":"repeat","background-position":"center center","background-size":"auto","background-attachment":"scroll","background-type":"","background-media":"","overlay-type":"","overlay-color":"","overlay-opacity":"","overlay-gradient":""},"mobile":{"background-color":"","background-image":"","background-repeat":"repeat","background-position":"center center","background-size":"auto","background-attachment":"scroll","background-type":"","background-media":"","overlay-type":"","overlay-color":"","overlay-opacity":"","overlay-gradient":""}},"ast-content-background-meta":{"desktop":{"background-color":"var(--ast-global-color-5)","background-image":"","background-repeat":"repeat","background-position":"center center","background-size":"auto","background-attachment":"scroll","background-type":"","background-media":"","overlay-type":"","overlay-color":"","overlay-opacity":"","overlay-gradient":""},"tablet":{"background-color":"var(--ast-global-color-5)","background-image":"","background-repeat":"repeat","background-position":"center center","background-size":"auto","background-attachment":"scroll","background-type":"","background-media":"","overlay-type":"","overlay-color":"","overlay-opacity":"","overlay-gradient":""},"mobile":{"background-color":"var(--ast-global-color-5)","background-image":"","background-repeat":"repeat","background-position":"center center","background-size":"auto","background-attachment":"scroll","background-type":"","background-media":"","overlay-type":"","overlay-color":"","overlay-opacity":"","overlay-gradient":""}}},"product_brand":[],"product_cat":[39],"product_tag":[],"class_list":{"0":"post-8277","1":"product","2":"type-product","3":"status-publish","4":"has-post-thumbnail","6":"product_cat-webbing-sling","7":"desktop-align-left","8":"tablet-align-left","9":"mobile-align-left","10":"ast-product-gallery-layout-horizontal-slider","11":"ast-product-gallery-with-no-image","12":"ast-product-tabs-layout-horizontal","14":"first","15":"instock","16":"shipping-taxable","17":"purchasable","18":"product-type-simple"},"yoast_head":"<!-- This site is optimized with the Yoast SEO plugin v25.2 - https:\/\/yoast.com\/wordpress\/plugins\/seo\/ -->\n<title>Flat Webbing Sling 2 Ton Polyester Double Duplex<\/title>\n<meta name=\"robots\" content=\"index, follow, max-snippet:-1, max-image-preview:large, max-video-preview:-1\" \/>\n<link rel=\"canonical\" href=\"https:\/\/qingdaohf.com\/lv\/products\/siksnu-siksnas-2-tonnas\/\" \/>\n<meta property=\"og:locale\" content=\"lv_LV\" \/>\n<meta property=\"og:type\" content=\"article\" \/>\n<meta property=\"og:title\" content=\"Flat Webbing Sling 2 Ton Polyester Double Duplex\" \/>\n<meta property=\"og:description\" content=\"The 2-ton webbing sling from Qingdao H&amp;F is a dependable, high-capacity solution for various lifting applications. Buyers often prioritize factors like load security, durability, and ease of handling, all of which this webbing sling provides. Crafted with strong synthetic fibers, it withstands demanding conditions, offering reliable performance. As a trading company, Qingdao H&amp;F delivers significant benefits, including one-to-one customer service, rapid delivery cycles, and detailed quality inspection reports, ensuring each product meets rigorous standards and buyer expectations.\" \/>\n<meta property=\"og:url\" content=\"https:\/\/qingdaohf.com\/lv\/products\/siksnu-siksnas-2-tonnas\/\" \/>\n<meta property=\"og:site_name\" content=\"Concrete Form &amp; Rigging Hardware Supplier\" \/>\n<meta property=\"article:publisher\" content=\"https:\/\/www.facebook.com\/qingdaohf\" \/>\n<meta property=\"article:modified_time\" content=\"2025-11-13T01:02:53+00:00\" \/>\n<meta property=\"og:image\" content=\"https:\/\/qingdaohf.com\/wp-content\/uploads\/2024\/10\/2-ton_1.webp\" \/>\n\t<meta property=\"og:image:width\" content=\"1000\" \/>\n\t<meta property=\"og:image:height\" content=\"1000\" \/>\n\t<meta property=\"og:image:type\" content=\"image\/webp\" \/>\n<meta name=\"twitter:card\" content=\"summary_large_image\" \/>\n<meta name=\"twitter:label1\" content=\"Est. reading time\" \/>\n\t<meta name=\"twitter:data1\" content=\"4 min\u016btes\" \/>\n<script type=\"application\/ld+json\" class=\"yoast-schema-graph\">{\"@context\":\"https:\/\/schema.org\",\"@graph\":[{\"@type\":\"WebPage\",\"@id\":\"https:\/\/qingdaohf.com\/product\/webbing-sling-2-ton\/\",\"url\":\"https:\/\/qingdaohf.com\/product\/webbing-sling-2-ton\/\",\"name\":\"Flat Webbing Sling 2 Ton Polyester Double Duplex\",\"isPartOf\":{\"@id\":\"https:\/\/qingdaohf.com\/bg\/#website\"},\"primaryImageOfPage\":{\"@id\":\"https:\/\/qingdaohf.com\/product\/webbing-sling-2-ton\/#primaryimage\"},\"image\":{\"@id\":\"https:\/\/qingdaohf.com\/product\/webbing-sling-2-ton\/#primaryimage\"},\"thumbnailUrl\":\"https:\/\/qingdaohf.com\/wp-content\/uploads\/2024\/10\/2-ton_1.webp\",\"datePublished\":\"2024-11-05T06:01:41+00:00\",\"dateModified\":\"2025-11-13T01:02:53+00:00\",\"breadcrumb\":{\"@id\":\"https:\/\/qingdaohf.com\/product\/webbing-sling-2-ton\/#breadcrumb\"},\"inLanguage\":\"lv-LV\",\"potentialAction\":[{\"@type\":\"ReadAction\",\"target\":[\"https:\/\/qingdaohf.com\/product\/webbing-sling-2-ton\/\"]}]},{\"@type\":\"ImageObject\",\"inLanguage\":\"lv-LV\",\"@id\":\"https:\/\/qingdaohf.com\/product\/webbing-sling-2-ton\/#primaryimage\",\"url\":\"https:\/\/qingdaohf.com\/wp-content\/uploads\/2024\/10\/2-ton_1.webp\",\"contentUrl\":\"https:\/\/qingdaohf.com\/wp-content\/uploads\/2024\/10\/2-ton_1.webp\",\"width\":1000,\"height\":1000,\"caption\":\"webbing sling 2 ton\"},{\"@type\":\"BreadcrumbList\",\"@id\":\"https:\/\/qingdaohf.com\/product\/webbing-sling-2-ton\/#breadcrumb\",\"itemListElement\":[{\"@type\":\"ListItem\",\"position\":1,\"name\":\"Home\",\"item\":\"https:\/\/qingdaohf.com\/\"},{\"@type\":\"ListItem\",\"position\":2,\"name\":\"Concrete Forming Accessories and Rigging Hardware\",\"item\":\"https:\/\/qingdaohf.com\/bg\/?page_id=944\"},{\"@type\":\"ListItem\",\"position\":3,\"name\":\"Flat Webbing Sling 2 Ton Polyester Double Duplex\"}]},{\"@type\":\"WebSite\",\"@id\":\"https:\/\/qingdaohf.com\/bg\/#website\",\"url\":\"https:\/\/qingdaohf.com\/bg\/\",\"name\":\"Concrete Form & Rigging Hardware Supplier\",\"description\":\"\",\"publisher\":{\"@id\":\"https:\/\/qingdaohf.com\/bg\/#organization\"},\"potentialAction\":[{\"@type\":\"SearchAction\",\"target\":{\"@type\":\"EntryPoint\",\"urlTemplate\":\"https:\/\/qingdaohf.com\/bg\/?s={search_term_string}\"},\"query-input\":{\"@type\":\"PropertyValueSpecification\",\"valueRequired\":true,\"valueName\":\"search_term_string\"}}],\"inLanguage\":\"lv-LV\"},{\"@type\":\"Organization\",\"@id\":\"https:\/\/qingdaohf.com\/bg\/#organization\",\"name\":\"Qingdao H&F\",\"url\":\"https:\/\/qingdaohf.com\/bg\/\",\"logo\":{\"@type\":\"ImageObject\",\"inLanguage\":\"lv-LV\",\"@id\":\"https:\/\/qingdaohf.com\/bg\/#\/schema\/logo\/image\/\",\"url\":\"https:\/\/qingdaohf.com\/wp-content\/uploads\/2022\/12\/cropped-HF-LOGO.png\",\"contentUrl\":\"https:\/\/qingdaohf.com\/wp-content\/uploads\/2022\/12\/cropped-HF-LOGO.png\",\"width\":391,\"height\":249,\"caption\":\"Qingdao H&F\"},\"image\":{\"@id\":\"https:\/\/qingdaohf.com\/bg\/#\/schema\/logo\/image\/\"},\"sameAs\":[\"https:\/\/www.facebook.com\/qingdaohf\"]}]}<\/script>\n<!-- \/ Yoast SEO plugin. -->","yoast_head_json":{"title":"Flat Webbing Sling 2 Ton Polyester Double Duplex","robots":{"index":"index","follow":"follow","max-snippet":"max-snippet:-1","max-image-preview":"max-image-preview:large","max-video-preview":"max-video-preview:-1"},"canonical":"https:\/\/qingdaohf.com\/lv\/products\/siksnu-siksnas-2-tonnas\/","og_locale":"lv_LV","og_type":"article","og_title":"Flat Webbing Sling 2 Ton Polyester Double Duplex","og_description":"The 2-ton webbing sling from Qingdao H&amp;F is a dependable, high-capacity solution for various lifting applications. Buyers often prioritize factors like load security, durability, and ease of handling, all of which this webbing sling provides. Crafted with strong synthetic fibers, it withstands demanding conditions, offering reliable performance. As a trading company, Qingdao H&amp;F delivers significant benefits, including one-to-one customer service, rapid delivery cycles, and detailed quality inspection reports, ensuring each product meets rigorous standards and buyer expectations.","og_url":"https:\/\/qingdaohf.com\/lv\/products\/siksnu-siksnas-2-tonnas\/","og_site_name":"Concrete Form &amp; Rigging Hardware Supplier","article_publisher":"https:\/\/www.facebook.com\/qingdaohf","article_modified_time":"2025-11-13T01:02:53+00:00","og_image":[{"width":1000,"height":1000,"url":"https:\/\/qingdaohf.com\/wp-content\/uploads\/2024\/10\/2-ton_1.webp","type":"image\/webp"}],"twitter_card":"summary_large_image","twitter_misc":{"Est. reading time":"4 min\u016btes"},"schema":{"@context":"https:\/\/schema.org","@graph":[{"@type":"WebPage","@id":"https:\/\/qingdaohf.com\/product\/webbing-sling-2-ton\/","url":"https:\/\/qingdaohf.com\/product\/webbing-sling-2-ton\/","name":"Flat Webbing Sling 2 Ton Polyester Double Duplex","isPartOf":{"@id":"https:\/\/qingdaohf.com\/bg\/#website"},"primaryImageOfPage":{"@id":"https:\/\/qingdaohf.com\/product\/webbing-sling-2-ton\/#primaryimage"},"image":{"@id":"https:\/\/qingdaohf.com\/product\/webbing-sling-2-ton\/#primaryimage"},"thumbnailUrl":"https:\/\/qingdaohf.com\/wp-content\/uploads\/2024\/10\/2-ton_1.webp","datePublished":"2024-11-05T06:01:41+00:00","dateModified":"2025-11-13T01:02:53+00:00","breadcrumb":{"@id":"https:\/\/qingdaohf.com\/product\/webbing-sling-2-ton\/#breadcrumb"},"inLanguage":"lv-LV","potentialAction":[{"@type":"ReadAction","target":["https:\/\/qingdaohf.com\/product\/webbing-sling-2-ton\/"]}]},{"@type":"ImageObject","inLanguage":"lv-LV","@id":"https:\/\/qingdaohf.com\/product\/webbing-sling-2-ton\/#primaryimage","url":"https:\/\/qingdaohf.com\/wp-content\/uploads\/2024\/10\/2-ton_1.webp","contentUrl":"https:\/\/qingdaohf.com\/wp-content\/uploads\/2024\/10\/2-ton_1.webp","width":1000,"height":1000,"caption":"webbing sling 2 ton"},{"@type":"BreadcrumbList","@id":"https:\/\/qingdaohf.com\/product\/webbing-sling-2-ton\/#breadcrumb","itemListElement":[{"@type":"ListItem","position":1,"name":"Home","item":"https:\/\/qingdaohf.com\/"},{"@type":"ListItem","position":2,"name":"Concrete Forming Accessories and Rigging Hardware","item":"https:\/\/qingdaohf.com\/bg\/?page_id=944"},{"@type":"ListItem","position":3,"name":"Flat Webbing Sling 2 Ton Polyester Double Duplex"}]},{"@type":"WebSite","@id":"https:\/\/qingdaohf.com\/bg\/#website","url":"https:\/\/qingdaohf.com\/bg\/","name":"Concrete Form & Rigging Hardware Supplier","description":"","publisher":{"@id":"https:\/\/qingdaohf.com\/bg\/#organization"},"potentialAction":[{"@type":"SearchAction","target":{"@type":"EntryPoint","urlTemplate":"https:\/\/qingdaohf.com\/bg\/?s={search_term_string}"},"query-input":{"@type":"PropertyValueSpecification","valueRequired":true,"valueName":"search_term_string"}}],"inLanguage":"lv-LV"},{"@type":"Organization","@id":"https:\/\/qingdaohf.com\/bg\/#organization","name":"Qingdao H&F","url":"https:\/\/qingdaohf.com\/bg\/","logo":{"@type":"ImageObject","inLanguage":"lv-LV","@id":"https:\/\/qingdaohf.com\/bg\/#\/schema\/logo\/image\/","url":"https:\/\/qingdaohf.com\/wp-content\/uploads\/2022\/12\/cropped-HF-LOGO.png","contentUrl":"https:\/\/qingdaohf.com\/wp-content\/uploads\/2022\/12\/cropped-HF-LOGO.png","width":391,"height":249,"caption":"Qingdao H&F"},"image":{"@id":"https:\/\/qingdaohf.com\/bg\/#\/schema\/logo\/image\/"},"sameAs":["https:\/\/www.facebook.com\/qingdaohf"]}]}},"_links":{"self":[{"href":"https:\/\/qingdaohf.com\/lv\/wp-json\/wp\/v2\/product\/8277","targetHints":{"allow":["GET"]}}],"collection":[{"href":"https:\/\/qingdaohf.com\/lv\/wp-json\/wp\/v2\/product"}],"about":[{"href":"https:\/\/qingdaohf.com\/lv\/wp-json\/wp\/v2\/types\/product"}],"replies":[{"embeddable":true,"href":"https:\/\/qingdaohf.com\/lv\/wp-json\/wp\/v2\/comments?post=8277"}],"version-history":[{"count":3,"href":"https:\/\/qingdaohf.com\/lv\/wp-json\/wp\/v2\/product\/8277\/revisions"}],"predecessor-version":[{"id":8339,"href":"https:\/\/qingdaohf.com\/lv\/wp-json\/wp\/v2\/product\/8277\/revisions\/8339"}],"wp:featuredmedia":[{"embeddable":true,"href":"https:\/\/qingdaohf.com\/lv\/wp-json\/wp\/v2\/media\/8196"}],"wp:attachment":[{"href":"https:\/\/qingdaohf.com\/lv\/wp-json\/wp\/v2\/media?parent=8277"}],"wp:term":[{"taxonomy":"product_brand","embeddable":true,"href":"https:\/\/qingdaohf.com\/lv\/wp-json\/wp\/v2\/product_brand?post=8277"},{"taxonomy":"product_cat","embeddable":true,"href":"https:\/\/qingdaohf.com\/lv\/wp-json\/wp\/v2\/product_cat?post=8277"},{"taxonomy":"product_tag","embeddable":true,"href":"https:\/\/qingdaohf.com\/lv\/wp-json\/wp\/v2\/product_tag?post=8277"}],"curies":[{"name":"wp","href":"https:\/\/api.w.org\/{rel}","templated":true}]}}