{"id":8280,"date":"2024-11-05T16:43:34","date_gmt":"2024-11-05T08:43:34","guid":{"rendered":"http:\/\/qingdaohf.com\/?post_type=product&#038;p=8280"},"modified":"2025-11-13T09:02:53","modified_gmt":"2025-11-13T01:02:53","slug":"webbing-sling-3-ton","status":"publish","type":"product","link":"https:\/\/qingdaohf.com\/lv\/products\/siksnu-siksnas-3-tonnas\/","title":{"rendered":"Plakanas siksnas siksnas 3 tonnu poliestera dubult\u0101 dupleksa siksna"},"content":{"rendered":"<h3><strong>Uzticamas 3 tonnu siksnas siksnas smagas cel\u0161anas lietojumiem<\/strong><\/h3>\n<p>Materi\u0101lu p\u0101rvieto\u0161anas jom\u0101 3 tonnu siksnu strope ir izcils risin\u0101jums smagu kravu pacel\u0161anai un nostiprin\u0101\u0161anai da\u017e\u0101d\u0101s nozar\u0113s. Pateicoties optim\u0101lam iztur\u012bbas, elast\u012bbas un dro\u0161\u012bbas l\u012bdzsvaram, \u0161\u012b strope ir izstr\u0101d\u0101ta t\u0101, lai atbilstu stingr\u0101m pras\u012bb\u0101m da\u017e\u0101dos uzdevumos, s\u0101kot no b\u016bvniec\u012bbas l\u012bdz lo\u0123istikai. Izgatavota no augstas kvalit\u0101tes sint\u0113tisk\u0101m \u0161\u0137iedr\u0101m, 3 tonnu siksnu strope ir konstru\u0113ta t\u0101, lai nodro\u0161in\u0101tu uzticamu veiktsp\u0113ju, padarot to par b\u016btisku pal\u012bgl\u012bdzekli jebkurai darb\u012bbai, kas saist\u012bta ar lielu smagumu cel\u0161anu.<\/p>\n<p>Pieaugo\u0161ais piepras\u012bjums p\u0113c daudzpus\u012bgiem pacel\u0161anas risin\u0101jumiem ir veicin\u0101jis komerci\u0101l\u0101 un r\u016bpniecisk\u0101 vid\u0113 pla\u0161i izmantot siksnu stropes. 3 tonnu siksnu strope ir \u012bpa\u0161i izstr\u0101d\u0101ta vid\u0113ji smagu smagumu p\u0101rvieto\u0161anai, nodro\u0161inot operatoriem uzticamu l\u012bdzekli uzdevumu efekt\u012bvai un dro\u0161ai izpildei. Pirc\u0113ji bie\u017ei vien pau\u017e ba\u017eas par kravas dro\u0161\u012bbu un iztur\u012bbu, kas ir vissvar\u012bg\u0101kie aspekti, izv\u0113loties cel\u0161anas apr\u012bkojumu. 3 tonnu siksnu strope risina \u0161\u012bs probl\u0113mas, nodro\u0161inot, ka t\u0101 sp\u0113j iztur\u0113t sare\u017e\u0123\u012btus apst\u0101k\u013cus, vienlaikus saglab\u0101jot savu integrit\u0101ti un veiktsp\u0113ju laika gait\u0101.<\/p>\n<p>Viena no izcil\u0101kaj\u0101m 3 tonnu siksnu siksnu \u012bpa\u0161\u012bb\u0101m ir to konstrukcija, kas parasti ietver augstas stipr\u012bbas poliestera vai neilona \u0161\u0137iedras. \u0160iem materi\u0101liem ir vair\u0101kas priek\u0161roc\u012bbas, tostarp iztur\u012bba pret nodilumu, UV starojuma stabilit\u0101te un mitrumiztur\u012bba. \u0160o \u012bpa\u0161\u012bbu kombin\u0101cija nodro\u0161ina, ka siksnas var labi darboties pat sare\u017e\u0123\u012bt\u0101 \u0101ra vid\u0113, padarot t\u0101s piem\u0113rotas da\u017e\u0101diem lietojumiem.<\/p>\n<p>Qingdao H&amp;F lepojas ar savu sp\u0113ju nodro\u0161in\u0101t ne tikai augstas kvalit\u0101tes produktus, bet ar\u012b izcilu servisu. M\u016bsu ap\u0146em\u0161an\u0101s nodro\u0161in\u0101t individu\u0101lu klientu apkalpo\u0161anu noz\u012bm\u0113, ka katrs klients sa\u0146em individu\u0101lu uzman\u012bbu, kas piel\u0101gota vi\u0146a \u012bpa\u0161aj\u0101m vajadz\u012bb\u0101m. \u0160\u0101da pieeja veicina uztic\u0113\u0161anos un nodro\u0161ina, ka pirc\u0113ji j\u016btas atbalst\u012bti vis\u0101 pirkuma ce\u013cojuma laik\u0101. Turkl\u0101t m\u0113s uzsveram savlaic\u012bgas pieg\u0101des noz\u012bmi, un m\u016bsu efekt\u012bvie lo\u0123istikas procesi garant\u0113, ka klienti savas siksnas sa\u0146em bez liekas kav\u0113\u0161an\u0101s. M\u016bsu produkti, kurus papildina visaptvero\u0161i kvalit\u0101tes p\u0101rbaudes zi\u0146ojumi, nodro\u0161ina pirc\u0113jiem mieru, garant\u0113jot, ka tie atbilst nepiecie\u0161amajiem dro\u0161\u012bbas un veiktsp\u0113jas standartiem.<\/p>\n<h3><strong>Konstrukcijas kvalit\u0101te un materi\u0101lu veiktsp\u0113ja<\/strong><\/h3>\n<p>3 tonnu siksnas siksnai izmantoto materi\u0101lu kvalit\u0101te ir neat\u0146emama t\u0101s veiktsp\u0113jas un ilgm\u016b\u017e\u012bbas sast\u0101vda\u013ca. Izv\u0113loties materi\u0101lus ra\u017eo\u0161anai, m\u0113s koncentr\u0113jamies uz iztur\u012bbu un iztur\u012bbu. Popul\u0101ra izv\u0113le ir poliesteris, kas ir paz\u012bstams ar savu zemo stiep\u0161an\u0101s sp\u0113ju un augsto nodilumiztur\u012bbu. \u0160\u012b \u0161\u0137iedra ir \u012bpa\u0161i efekt\u012bva, lai saglab\u0101tu kravas stabilit\u0101ti, kas ir b\u016btiska dro\u0161\u0101m cel\u0161anas oper\u0101cij\u0101m. No otras puses, neilons nodro\u0161ina izcilu elast\u012bbu, kas var absorb\u0113t trieciena slodzi cel\u0161anas laik\u0101, un \u0161\u012b \u012bpa\u0161\u012bba var b\u016bt noder\u012bga da\u017e\u0101dos lietojumos.<\/p>\n<p>Katrs ra\u017eo\u0161anas procesa aspekts ir izstr\u0101d\u0101ts t\u0101, lai iev\u0113rotu visaugst\u0101kos standartus. S\u0101kot no \u0161\u0137iedru atlases un beidzot ar au\u0161anas tehniku, katra strope tiek pak\u013cauta stingrai test\u0113\u0161anai, lai apstiprin\u0101tu t\u0101s sp\u0113ju dro\u0161i iztur\u0113t l\u012bdz pat 3 tonn\u0101m lielu slodzi. Pastiprin\u0101ti \u0161uves un augstas kvalit\u0101tes galu piederumi uzlabo stropes iztur\u012bbu, samazinot nodiluma risku un pagarinot t\u0101s kalpo\u0161anas laiku. Pateicoties \u0161\u012bm \u012bpa\u0161\u012bb\u0101m, 3 tonnu siksnas strope ir v\u0113rt\u012bgs ieguld\u012bjums uz\u0146\u0113mumiem, kas mekl\u0113 uzticamus pacel\u0161anas risin\u0101jumus.<\/p>\n<p>Qingdao H&amp;F kvalit\u0101tes nodro\u0161in\u0101\u0161ana ir vissvar\u012bg\u0101k\u0101, un m\u016bsu klienti var sagaid\u012bt, ka katram produktam tiks pievienots detaliz\u0113ts p\u0101rbaudes zi\u0146ojums. \u0160ajos zi\u0146ojumos ir sniegta b\u016btiska inform\u0101cija par stropes veiktsp\u0113jas parametriem, tostarp p\u0101rr\u0101vuma iztur\u012bbu un atbilst\u012bbu nozares standartiem. Nodro\u0161inot, ka katra strope atbilst \u0161iem krit\u0113rijiem, m\u0113s pal\u012bdzam saviem klientiem pie\u0146emt pamatotus l\u0113mumus, pie\u0161\u0137irot priorit\u0101ti dro\u0161\u012bbai un uzticam\u012bbai pacel\u0161anas darb\u012bb\u0101s.<\/p>\n<h3><strong>Daudzpus\u012bgi lietojumi un nozares priek\u0161roc\u012bbas<\/strong><\/h3>\n<p>3 tonnu siksnas siksnas daudzpus\u012bba padara to par ide\u0101lu izv\u0113li visda\u017e\u0101d\u0101kajiem lietojumiem da\u017e\u0101d\u0101s nozar\u0113s. Piem\u0113ram, b\u016bvniec\u012bb\u0101 \u0161o stropi var izmantot smagu materi\u0101lu, piem\u0113ram, t\u0113rauda siju, betona bloku un iek\u0101rtu, cel\u0161anai un p\u0101rvieto\u0161anai. Pateicoties siksnu stropju vieglajam svaram, ar t\u0101m ir viegl\u0101k r\u012bkoties nek\u0101 ar tradicion\u0101laj\u0101m met\u0101la \u0137\u0113d\u0113m, l\u012bdz minimumam samazinot operatora nogurumu un uzlabojot visp\u0101r\u0113jo dro\u0161\u012bbu.<\/p>\n<p>Lo\u0123istikas un noliktavu jom\u0101 3 tonnu siksnu strope ir neatsverama pre\u010du un materi\u0101lu transport\u0113\u0161anai. T\u0101s sp\u0113ja dro\u0161i pacelt smagas kravas nodro\u0161ina vienm\u0113r\u012bgu un efekt\u012bvu darb\u012bbu. Troses elast\u012bgums \u013cauj to izmantot \u0161aur\u0101s viet\u0101s, kur citi pacel\u0161anas l\u012bdzek\u013ci var\u0113tu rad\u012bt gr\u016bt\u012bbas. Turkl\u0101t siksnu neboj\u0101jo\u0161ais raksturs noz\u012bm\u0113, ka ar t\u0101m var dro\u0161i pacelt trauslas vai gatavas preces, neradot skr\u0101p\u0113jumu vai iespiedumu risku.<\/p>\n<p>V\u0113l viena b\u016btiska 3 tonnu siksnas siksnas priek\u0161roc\u012bba ir t\u0101s viegl\u0101 apkope. At\u0161\u0137ir\u012bb\u0101 no \u0137\u0113d\u0113m vai cit\u0101m met\u0101la pacel\u0161anas ier\u012bc\u0113m siksnu strop\u0113m nepiecie\u0161ama minim\u0101la apkope. Regul\u0101ras p\u0101rbaudes un pareiza uzglab\u0101\u0161ana var iev\u0113rojami paildzin\u0101t to kalpo\u0161anas laiku, padarot t\u0101s par rentablu risin\u0101jumu uz\u0146\u0113mumiem, kas koncentr\u0113jas uz darb\u012bbas efektivit\u0101ti.<\/p>\n<p>Qingdao H&amp;F apzin\u0101s da\u017e\u0101du nozaru main\u012bg\u0101s vajadz\u012bbas, un m\u016bsu 3 tonnu siksnu siksnas ir izstr\u0101d\u0101tas, lai apmierin\u0101tu \u0161\u012bs pras\u012bbas. Neatkar\u012bgi no t\u0101, vai runa ir par b\u016bvniec\u012bbu, lo\u0123istiku vai ra\u017eo\u0161anu, \u0161\u012b strope nodro\u0161ina uzticam\u012bbu un veiktsp\u0113ju, kas nepiecie\u0161ama uz\u0146\u0113mumiem, lai g\u016btu pan\u0101kumus. Sp\u0113ja dro\u0161i un efekt\u012bvi pacelt iev\u0113rojamas kravas var iev\u0113rojami palielin\u0101t produktivit\u0101ti, \u013caujot operatoriem koncentr\u0113ties uz galvenajiem uzdevumiem, neuztraucoties par apr\u012bkojuma boj\u0101jumiem.<\/p>\n<h3><strong>Qingdao H&amp;F: J\u016bsu kvalit\u0101tes un servisa partneris<\/strong><\/h3>\n<p>Qingdao H&amp;F, m\u016bsu uztic\u012bba kvalit\u0101tei un klientu apmierin\u0101t\u012bbai padara m\u016bs at\u0161\u0137ir\u012bgus konkur\u0113tsp\u0113j\u012bgaj\u0101 cel\u0161anas risin\u0101jumu vid\u0113. 3 tonnu siksnas siksnas ir m\u016bsu ap\u0146em\u0161an\u0101s nodro\u0161in\u0101t klientus ar produktiem, kas ir ne tikai iztur\u012bgi un uzticami, bet ar\u012b ar izcilu apkalpo\u0161anu. Pateicoties m\u016bsu individu\u0101lajam klientu atbalstam, m\u0113s pal\u012bdzam klientiem iziet cauri izv\u0113les procesam, nodro\u0161inot, ka vi\u0146i izv\u0113las sav\u0101m konkr\u0113taj\u0101m vajadz\u012bb\u0101m atbilsto\u0161u stropi.<\/p>\n<p>M\u016bsu koncentr\u0113\u0161an\u0101s uz \u0101triem pieg\u0101des cikliem noz\u012bm\u0113, ka klienti var pa\u013cauties uz mums, lai laic\u012bgi sa\u0146emtu pacel\u0161anas iek\u0101rtas. M\u0113s saprotam, cik svar\u012bgi ir nodro\u0161in\u0101t pareizos instrumentus pareizaj\u0101 laik\u0101, un m\u016bsu lo\u0123istikas komanda c\u012bt\u012bgi str\u0101d\u0101, lai \u0161\u012bs cer\u012bbas apmierin\u0101tu un p\u0101rsniegtu. Turkl\u0101t m\u016bsu visaptvero\u0161ie kvalit\u0101tes p\u0101rbau\u017eu zi\u0146ojumi nodro\u0161ina p\u0101rredzam\u012bbu, kas klientiem nepiecie\u0161ama, lai justos p\u0101rliecin\u0101ti par savu pirkumu, pastiprinot m\u016bsu ap\u0146em\u0161anos nodro\u0161in\u0101t dro\u0161\u012bbu un veiktsp\u0113ju.<\/p>\n<p>Izv\u0113loties Qingdao H&amp;F 3 tonnu siksnu stropes, tas noz\u012bm\u0113 invest\u0113t augstas kvalit\u0101tes pacel\u0161anas risin\u0101jum\u0101, ko atbalsta uz\u0146\u0113mums, kas nov\u0113rt\u0113 savus klientus un par priorit\u0101ti izvirza vi\u0146u vajadz\u012bbas. Nodro\u0161inot uzticamus produktus un izcilu apkalpo\u0161anu, m\u016bsu m\u0113r\u0137is ir veicin\u0101t ilgtermi\u0146a partnerattiec\u012bbas, kas balst\u012btas uz uztic\u012bbu un uzticam\u012bbu. M\u016bsu klienti var b\u016bt dro\u0161i, ka, izv\u0113loties m\u016bsu siksnu stropes, vi\u0146i tiek nodro\u0161in\u0101ti ar lab\u0101kajiem tirg\u016b pieejamajiem instrumentiem, kas uzlabo to darb\u012bbas efektivit\u0101ti un dro\u0161\u012bbas standartus.<\/p>","protected":false},"excerpt":{"rendered":"<p>Qingdao H&amp;F pied\u0101v\u0101t\u0101s 3 tonnu siksnas ir svar\u012bgs instruments dro\u0161ai un efekt\u012bvai pacel\u0161anai da\u017e\u0101dos r\u016bpnieciskos lietojumos. Pirc\u0113ji bie\u017ei mekl\u0113 p\u0101rliec\u012bbu par kravas dro\u0161\u012bbu, iztur\u012bbu un pacel\u0161anas apr\u012bkojuma lieto\u0161anas \u0113rtumu. \u0160\u012b strope atbilst \u0161\u012bm vajadz\u012bb\u0101m, jo t\u0101 ir ar iztur\u012bgu konstrukciju, kas paredz\u0113ta smag\u0101ku kravu dro\u0161ai p\u0101rvieto\u0161anai. K\u0101 tirdzniec\u012bbas uz\u0146\u0113mums m\u0113s lepojamies ar to, ka pied\u0101v\u0101jam izcilu v\u0113rt\u012bbu, nodro\u0161inot individu\u0101lu klientu apkalpo\u0161anu, \u0101trus pieg\u0101des ciklus un visaptvero\u0161us kvalit\u0101tes p\u0101rbaudes zi\u0146ojumus, nodro\u0161inot, ka katrs izstr\u0101d\u0101jums atbilst visaugst\u0101kajiem dro\u0161\u012bbas un veiktsp\u0113jas standartiem.<\/p>","protected":false},"featured_media":8197,"comment_status":"open","ping_status":"closed","template":"","meta":{"site-sidebar-layout":"default","site-content-layout":"","ast-site-content-layout":"default","site-content-style":"default","site-sidebar-style":"default","ast-global-header-display":"","ast-banner-title-visibility":"","ast-main-header-display":"","ast-hfb-above-header-display":"","ast-hfb-below-header-display":"","ast-hfb-mobile-header-display":"","site-post-title":"","ast-breadcrumbs-content":"","ast-featured-img":"","footer-sml-layout":"","theme-transparent-header-meta":"default","adv-header-id-meta":"","stick-header-meta":"default","header-above-stick-meta":"","header-main-stick-meta":"","header-below-stick-meta":"","astra-migrate-meta-layouts":"set","ast-page-background-enabled":"default","ast-page-background-meta":{"desktop":{"background-color":"","background-image":"","background-repeat":"repeat","background-position":"center center","background-size":"auto","background-attachment":"scroll","background-type":"","background-media":"","overlay-type":"","overlay-color":"","overlay-opacity":"","overlay-gradient":""},"tablet":{"background-color":"","background-image":"","background-repeat":"repeat","background-position":"center center","background-size":"auto","background-attachment":"scroll","background-type":"","background-media":"","overlay-type":"","overlay-color":"","overlay-opacity":"","overlay-gradient":""},"mobile":{"background-color":"","background-image":"","background-repeat":"repeat","background-position":"center center","background-size":"auto","background-attachment":"scroll","background-type":"","background-media":"","overlay-type":"","overlay-color":"","overlay-opacity":"","overlay-gradient":""}},"ast-content-background-meta":{"desktop":{"background-color":"var(--ast-global-color-5)","background-image":"","background-repeat":"repeat","background-position":"center center","background-size":"auto","background-attachment":"scroll","background-type":"","background-media":"","overlay-type":"","overlay-color":"","overlay-opacity":"","overlay-gradient":""},"tablet":{"background-color":"var(--ast-global-color-5)","background-image":"","background-repeat":"repeat","background-position":"center center","background-size":"auto","background-attachment":"scroll","background-type":"","background-media":"","overlay-type":"","overlay-color":"","overlay-opacity":"","overlay-gradient":""},"mobile":{"background-color":"var(--ast-global-color-5)","background-image":"","background-repeat":"repeat","background-position":"center center","background-size":"auto","background-attachment":"scroll","background-type":"","background-media":"","overlay-type":"","overlay-color":"","overlay-opacity":"","overlay-gradient":""}}},"product_brand":[],"product_cat":[39],"product_tag":[],"class_list":{"0":"post-8280","1":"product","2":"type-product","3":"status-publish","4":"has-post-thumbnail","6":"product_cat-webbing-sling","7":"desktop-align-left","8":"tablet-align-left","9":"mobile-align-left","10":"ast-product-gallery-layout-horizontal-slider","11":"ast-product-gallery-with-no-image","12":"ast-product-tabs-layout-horizontal","14":"first","15":"instock","16":"shipping-taxable","17":"purchasable","18":"product-type-simple"},"yoast_head":"<!-- This site is optimized with the Yoast SEO plugin v25.2 - https:\/\/yoast.com\/wordpress\/plugins\/seo\/ -->\n<title>Flat Webbing Sling 3 Ton Polyester Double Duplex<\/title>\n<meta name=\"robots\" content=\"index, follow, max-snippet:-1, max-image-preview:large, max-video-preview:-1\" \/>\n<link rel=\"canonical\" href=\"https:\/\/qingdaohf.com\/lv\/products\/siksnu-siksnas-3-tonnas\/\" \/>\n<meta property=\"og:locale\" content=\"lv_LV\" \/>\n<meta property=\"og:type\" content=\"article\" \/>\n<meta property=\"og:title\" content=\"Flat Webbing Sling 3 Ton Polyester Double Duplex\" \/>\n<meta property=\"og:description\" content=\"The 3-ton webbing sling offered by Qingdao H&amp;F is an essential tool for safe and effective lifting in a variety of industrial applications. Buyers often seek assurance regarding load security, durability, and the ease of use of lifting equipment. This sling meets those needs, boasting a strong construction designed for handling heavier loads with reliability. As a trading company, we pride ourselves on delivering exceptional value through one-on-one customer service, rapid delivery cycles, and comprehensive quality inspection reports, ensuring that each product is up to the highest standards of safety and performance.\" \/>\n<meta property=\"og:url\" content=\"https:\/\/qingdaohf.com\/lv\/products\/siksnu-siksnas-3-tonnas\/\" \/>\n<meta property=\"og:site_name\" content=\"Concrete Form &amp; Rigging Hardware Supplier\" \/>\n<meta property=\"article:publisher\" content=\"https:\/\/www.facebook.com\/qingdaohf\" \/>\n<meta property=\"article:modified_time\" content=\"2025-11-13T01:02:53+00:00\" \/>\n<meta property=\"og:image\" content=\"https:\/\/qingdaohf.com\/wp-content\/uploads\/2024\/10\/3-ton-webbing-sling_1.webp\" \/>\n\t<meta property=\"og:image:width\" content=\"1000\" \/>\n\t<meta property=\"og:image:height\" content=\"1000\" \/>\n\t<meta property=\"og:image:type\" content=\"image\/webp\" \/>\n<meta name=\"twitter:card\" content=\"summary_large_image\" \/>\n<meta name=\"twitter:label1\" content=\"Est. reading time\" \/>\n\t<meta name=\"twitter:data1\" content=\"5 min\u016btes\" \/>\n<script type=\"application\/ld+json\" class=\"yoast-schema-graph\">{\"@context\":\"https:\/\/schema.org\",\"@graph\":[{\"@type\":\"WebPage\",\"@id\":\"https:\/\/qingdaohf.com\/product\/webbing-sling-3-ton\/\",\"url\":\"https:\/\/qingdaohf.com\/product\/webbing-sling-3-ton\/\",\"name\":\"Flat Webbing Sling 3 Ton Polyester Double Duplex\",\"isPartOf\":{\"@id\":\"https:\/\/qingdaohf.com\/bg\/#website\"},\"primaryImageOfPage\":{\"@id\":\"https:\/\/qingdaohf.com\/product\/webbing-sling-3-ton\/#primaryimage\"},\"image\":{\"@id\":\"https:\/\/qingdaohf.com\/product\/webbing-sling-3-ton\/#primaryimage\"},\"thumbnailUrl\":\"https:\/\/qingdaohf.com\/wp-content\/uploads\/2024\/10\/3-ton-webbing-sling_1.webp\",\"datePublished\":\"2024-11-05T08:43:34+00:00\",\"dateModified\":\"2025-11-13T01:02:53+00:00\",\"breadcrumb\":{\"@id\":\"https:\/\/qingdaohf.com\/product\/webbing-sling-3-ton\/#breadcrumb\"},\"inLanguage\":\"lv-LV\",\"potentialAction\":[{\"@type\":\"ReadAction\",\"target\":[\"https:\/\/qingdaohf.com\/product\/webbing-sling-3-ton\/\"]}]},{\"@type\":\"ImageObject\",\"inLanguage\":\"lv-LV\",\"@id\":\"https:\/\/qingdaohf.com\/product\/webbing-sling-3-ton\/#primaryimage\",\"url\":\"https:\/\/qingdaohf.com\/wp-content\/uploads\/2024\/10\/3-ton-webbing-sling_1.webp\",\"contentUrl\":\"https:\/\/qingdaohf.com\/wp-content\/uploads\/2024\/10\/3-ton-webbing-sling_1.webp\",\"width\":1000,\"height\":1000,\"caption\":\"3 ton webbing sling_1\"},{\"@type\":\"BreadcrumbList\",\"@id\":\"https:\/\/qingdaohf.com\/product\/webbing-sling-3-ton\/#breadcrumb\",\"itemListElement\":[{\"@type\":\"ListItem\",\"position\":1,\"name\":\"Home\",\"item\":\"https:\/\/qingdaohf.com\/\"},{\"@type\":\"ListItem\",\"position\":2,\"name\":\"Concrete Forming Accessories and Rigging Hardware\",\"item\":\"https:\/\/qingdaohf.com\/bg\/?page_id=944\"},{\"@type\":\"ListItem\",\"position\":3,\"name\":\"Flat Webbing Sling 3 Ton Polyester Double Duplex\"}]},{\"@type\":\"WebSite\",\"@id\":\"https:\/\/qingdaohf.com\/bg\/#website\",\"url\":\"https:\/\/qingdaohf.com\/bg\/\",\"name\":\"Concrete Form & Rigging Hardware Supplier\",\"description\":\"\",\"publisher\":{\"@id\":\"https:\/\/qingdaohf.com\/bg\/#organization\"},\"potentialAction\":[{\"@type\":\"SearchAction\",\"target\":{\"@type\":\"EntryPoint\",\"urlTemplate\":\"https:\/\/qingdaohf.com\/bg\/?s={search_term_string}\"},\"query-input\":{\"@type\":\"PropertyValueSpecification\",\"valueRequired\":true,\"valueName\":\"search_term_string\"}}],\"inLanguage\":\"lv-LV\"},{\"@type\":\"Organization\",\"@id\":\"https:\/\/qingdaohf.com\/bg\/#organization\",\"name\":\"Qingdao H&F\",\"url\":\"https:\/\/qingdaohf.com\/bg\/\",\"logo\":{\"@type\":\"ImageObject\",\"inLanguage\":\"lv-LV\",\"@id\":\"https:\/\/qingdaohf.com\/bg\/#\/schema\/logo\/image\/\",\"url\":\"https:\/\/qingdaohf.com\/wp-content\/uploads\/2022\/12\/cropped-HF-LOGO.png\",\"contentUrl\":\"https:\/\/qingdaohf.com\/wp-content\/uploads\/2022\/12\/cropped-HF-LOGO.png\",\"width\":391,\"height\":249,\"caption\":\"Qingdao H&F\"},\"image\":{\"@id\":\"https:\/\/qingdaohf.com\/bg\/#\/schema\/logo\/image\/\"},\"sameAs\":[\"https:\/\/www.facebook.com\/qingdaohf\"]}]}<\/script>\n<!-- \/ Yoast SEO plugin. -->","yoast_head_json":{"title":"Flat Webbing Sling 3 Ton Polyester Double Duplex","robots":{"index":"index","follow":"follow","max-snippet":"max-snippet:-1","max-image-preview":"max-image-preview:large","max-video-preview":"max-video-preview:-1"},"canonical":"https:\/\/qingdaohf.com\/lv\/products\/siksnu-siksnas-3-tonnas\/","og_locale":"lv_LV","og_type":"article","og_title":"Flat Webbing Sling 3 Ton Polyester Double Duplex","og_description":"The 3-ton webbing sling offered by Qingdao H&amp;F is an essential tool for safe and effective lifting in a variety of industrial applications. Buyers often seek assurance regarding load security, durability, and the ease of use of lifting equipment. This sling meets those needs, boasting a strong construction designed for handling heavier loads with reliability. As a trading company, we pride ourselves on delivering exceptional value through one-on-one customer service, rapid delivery cycles, and comprehensive quality inspection reports, ensuring that each product is up to the highest standards of safety and performance.","og_url":"https:\/\/qingdaohf.com\/lv\/products\/siksnu-siksnas-3-tonnas\/","og_site_name":"Concrete Form &amp; Rigging Hardware Supplier","article_publisher":"https:\/\/www.facebook.com\/qingdaohf","article_modified_time":"2025-11-13T01:02:53+00:00","og_image":[{"width":1000,"height":1000,"url":"https:\/\/qingdaohf.com\/wp-content\/uploads\/2024\/10\/3-ton-webbing-sling_1.webp","type":"image\/webp"}],"twitter_card":"summary_large_image","twitter_misc":{"Est. reading time":"5 min\u016btes"},"schema":{"@context":"https:\/\/schema.org","@graph":[{"@type":"WebPage","@id":"https:\/\/qingdaohf.com\/product\/webbing-sling-3-ton\/","url":"https:\/\/qingdaohf.com\/product\/webbing-sling-3-ton\/","name":"Flat Webbing Sling 3 Ton Polyester Double Duplex","isPartOf":{"@id":"https:\/\/qingdaohf.com\/bg\/#website"},"primaryImageOfPage":{"@id":"https:\/\/qingdaohf.com\/product\/webbing-sling-3-ton\/#primaryimage"},"image":{"@id":"https:\/\/qingdaohf.com\/product\/webbing-sling-3-ton\/#primaryimage"},"thumbnailUrl":"https:\/\/qingdaohf.com\/wp-content\/uploads\/2024\/10\/3-ton-webbing-sling_1.webp","datePublished":"2024-11-05T08:43:34+00:00","dateModified":"2025-11-13T01:02:53+00:00","breadcrumb":{"@id":"https:\/\/qingdaohf.com\/product\/webbing-sling-3-ton\/#breadcrumb"},"inLanguage":"lv-LV","potentialAction":[{"@type":"ReadAction","target":["https:\/\/qingdaohf.com\/product\/webbing-sling-3-ton\/"]}]},{"@type":"ImageObject","inLanguage":"lv-LV","@id":"https:\/\/qingdaohf.com\/product\/webbing-sling-3-ton\/#primaryimage","url":"https:\/\/qingdaohf.com\/wp-content\/uploads\/2024\/10\/3-ton-webbing-sling_1.webp","contentUrl":"https:\/\/qingdaohf.com\/wp-content\/uploads\/2024\/10\/3-ton-webbing-sling_1.webp","width":1000,"height":1000,"caption":"3 ton webbing sling_1"},{"@type":"BreadcrumbList","@id":"https:\/\/qingdaohf.com\/product\/webbing-sling-3-ton\/#breadcrumb","itemListElement":[{"@type":"ListItem","position":1,"name":"Home","item":"https:\/\/qingdaohf.com\/"},{"@type":"ListItem","position":2,"name":"Concrete Forming Accessories and Rigging Hardware","item":"https:\/\/qingdaohf.com\/bg\/?page_id=944"},{"@type":"ListItem","position":3,"name":"Flat Webbing Sling 3 Ton Polyester Double Duplex"}]},{"@type":"WebSite","@id":"https:\/\/qingdaohf.com\/bg\/#website","url":"https:\/\/qingdaohf.com\/bg\/","name":"Concrete Form & Rigging Hardware Supplier","description":"","publisher":{"@id":"https:\/\/qingdaohf.com\/bg\/#organization"},"potentialAction":[{"@type":"SearchAction","target":{"@type":"EntryPoint","urlTemplate":"https:\/\/qingdaohf.com\/bg\/?s={search_term_string}"},"query-input":{"@type":"PropertyValueSpecification","valueRequired":true,"valueName":"search_term_string"}}],"inLanguage":"lv-LV"},{"@type":"Organization","@id":"https:\/\/qingdaohf.com\/bg\/#organization","name":"Qingdao H&F","url":"https:\/\/qingdaohf.com\/bg\/","logo":{"@type":"ImageObject","inLanguage":"lv-LV","@id":"https:\/\/qingdaohf.com\/bg\/#\/schema\/logo\/image\/","url":"https:\/\/qingdaohf.com\/wp-content\/uploads\/2022\/12\/cropped-HF-LOGO.png","contentUrl":"https:\/\/qingdaohf.com\/wp-content\/uploads\/2022\/12\/cropped-HF-LOGO.png","width":391,"height":249,"caption":"Qingdao H&F"},"image":{"@id":"https:\/\/qingdaohf.com\/bg\/#\/schema\/logo\/image\/"},"sameAs":["https:\/\/www.facebook.com\/qingdaohf"]}]}},"_links":{"self":[{"href":"https:\/\/qingdaohf.com\/lv\/wp-json\/wp\/v2\/product\/8280","targetHints":{"allow":["GET"]}}],"collection":[{"href":"https:\/\/qingdaohf.com\/lv\/wp-json\/wp\/v2\/product"}],"about":[{"href":"https:\/\/qingdaohf.com\/lv\/wp-json\/wp\/v2\/types\/product"}],"replies":[{"embeddable":true,"href":"https:\/\/qingdaohf.com\/lv\/wp-json\/wp\/v2\/comments?post=8280"}],"version-history":[{"count":2,"href":"https:\/\/qingdaohf.com\/lv\/wp-json\/wp\/v2\/product\/8280\/revisions"}],"predecessor-version":[{"id":8338,"href":"https:\/\/qingdaohf.com\/lv\/wp-json\/wp\/v2\/product\/8280\/revisions\/8338"}],"wp:featuredmedia":[{"embeddable":true,"href":"https:\/\/qingdaohf.com\/lv\/wp-json\/wp\/v2\/media\/8197"}],"wp:attachment":[{"href":"https:\/\/qingdaohf.com\/lv\/wp-json\/wp\/v2\/media?parent=8280"}],"wp:term":[{"taxonomy":"product_brand","embeddable":true,"href":"https:\/\/qingdaohf.com\/lv\/wp-json\/wp\/v2\/product_brand?post=8280"},{"taxonomy":"product_cat","embeddable":true,"href":"https:\/\/qingdaohf.com\/lv\/wp-json\/wp\/v2\/product_cat?post=8280"},{"taxonomy":"product_tag","embeddable":true,"href":"https:\/\/qingdaohf.com\/lv\/wp-json\/wp\/v2\/product_tag?post=8280"}],"curies":[{"name":"wp","href":"https:\/\/api.w.org\/{rel}","templated":true}]}}