{"id":8283,"date":"2024-11-05T17:52:39","date_gmt":"2024-11-05T09:52:39","guid":{"rendered":"http:\/\/qingdaohf.com\/?post_type=product&#038;p=8283"},"modified":"2025-11-13T09:02:53","modified_gmt":"2025-11-13T01:02:53","slug":"webbing-sling-4-ton","status":"publish","type":"product","link":"https:\/\/qingdaohf.com\/lv\/products\/siksnu-siksnas-4-tonnas\/","title":{"rendered":"Plakana siksnas strope 4 tonnu poliestera dubult\u0101 dupleksa siksna"},"content":{"rendered":"<h4>Lieliska veiktsp\u0113ja un 4 tonnu siksnas siksnas galven\u0101s funkcijas<\/h4>\n<p>Kad runa ir par smagaj\u0101m cel\u0161anas iek\u0101rt\u0101m, uzticam\u012bba, dro\u0161\u012bba un iztur\u012bba ir b\u016btiski faktori, kas ir svar\u012bgi r\u016bpniecisko iek\u0101rtu pirc\u0113jiem. Qingdao H&amp;F 4 tonnu troses strope ir izstr\u0101d\u0101ta, lai kalpotu nozar\u0113m, kur\u0101s nepiecie\u0161ami dro\u0161i un uzticami risin\u0101jumi smagu kravu p\u0101rvald\u012bbai. \u0160\u012b strope ir izgatavota no augstas stipr\u012bbas poliestera \u0161\u0137iedr\u0101m, kas ir notur\u012bgas pret nodilumu un UV starojumu, nodro\u0161inot gan ilgm\u016b\u017e\u012bbu, gan elast\u012bbu. \u0160\u012b siksnu siksna, kas sp\u0113j pacelt kravas l\u012bdz 4 tonn\u0101m, ir ide\u0101li piem\u0113rota da\u017e\u0101diem lietojumiem, s\u0101kot no b\u016bvlaukumiem un noliktav\u0101m l\u012bdz lo\u0123istikai un transportam.<\/p>\n<p>Kvalit\u0101te ir Qingdao H&amp;F pied\u0101v\u0101jumu st\u016brakmens. Katra 4 tonnu siksna tiek r\u016bp\u012bgi test\u0113ta, un ir pieejami kvalit\u0101tes p\u0101rbaudes zi\u0146ojumi, lai p\u0101rliecin\u0101tos par t\u0101s atbilst\u012bbu starptautiskajiem standartiem. Pirc\u0113ji var b\u016bt dro\u0161i, zinot, ka katrs izstr\u0101d\u0101jums ir r\u016bp\u012bgi p\u0101rbaud\u012bts, l\u012bdz minimumam samazinot nodiluma vai boj\u0101jumu risku slodzes ietekm\u0113. Iztur\u012bgu materi\u0101lu un prec\u012bzu ra\u017eo\u0161anas meto\u017eu izmanto\u0161ana nodro\u0161ina, ka \u0161\u012b siksnu siksna saglab\u0101 savu iztur\u012bbu un funkcionalit\u0101ti pat sare\u017e\u0123\u012btos apst\u0101k\u013cos. Qingdao H&amp;F ap\u0146em\u0161an\u0101s nodro\u0161in\u0101t pieg\u0101di no noliktavas l\u012bdz noliktavai ar\u012b racionaliz\u0113 pirk\u0161anas procesu, nodro\u0161inot \u0101tru piek\u013cuvi b\u016btiskam apr\u012bkojumam bez kav\u0113\u0161an\u0101s.<\/p>\n<h4>Piel\u0101gots nozares vajadz\u012bb\u0101m: Dro\u0161\u012bba, efektivit\u0101te un uzticam\u012bba<\/h4>\n<p>R\u016bpnieciskaj\u0101 pacel\u0161an\u0101 dro\u0161\u012bba ir vissvar\u012bg\u0101k\u0101. Qingdao H&amp;F 4 tonnu siksnu strope ir izstr\u0101d\u0101ta t\u0101, lai atbilstu un p\u0101rsniegtu dro\u0161\u012bbas standartus, nodro\u0161inot, ka operatori var dro\u0161i r\u012bkoties ar smag\u0101m krav\u0101m. Stropes pla\u0161\u0101 virsma samazina spiediena punktus uz kravu, vienm\u0113r\u012bgi sadalot svaru, lai nov\u0113rstu boj\u0101jumus. Lietojumos, kur kravas integrit\u0101te ir \u013coti svar\u012bga, \u0161\u012b konstrukcijas \u012bpa\u0161\u012bba ir nenov\u0113rt\u0113jama, jo samazina sl\u012bd\u0113\u0161anas vai p\u0113k\u0161\u0146as kravas nob\u012bdes risku p\u0101rvieto\u0161anas laik\u0101. \u0160\u012b uzman\u012bba, kas piev\u0113rsta deta\u013c\u0101m dizain\u0101 un konstrukcij\u0101, apliecina Qingdao H&amp;F ap\u0146em\u0161anos izpild\u012bt nozares pras\u012bbas dro\u0161ai un efekt\u012bvai kravu p\u0101rvald\u012bbai.<\/p>\n<p>Viens no Qingdao H&amp;F pied\u0101v\u0101juma iev\u0113rojam\u0101kajiem aspektiem ir individu\u0101l\u0101 klientu apkalpo\u0161anas pieredze. \u0160\u012b personaliz\u0113t\u0101 pieeja \u013cauj pirc\u0113jiem apspriest savas konkr\u0113t\u0101s vajadz\u012bbas un sa\u0146emt piel\u0101gotus ieteikumus, t\u0101d\u0113j\u0101di atvieglojot lab\u0101ko siksnu siksnu izv\u0113li konkr\u0113tiem lietojumiem. Pateicoties \u0101tram pieg\u0101des ciklam un atsauc\u012bgai klientu apkalpo\u0161anas komandai, Qingdao H&amp;F nodro\u0161ina, ka klienti sa\u0146em savlaic\u012bgu atbalstu un prec\u012bzus nor\u0101d\u012bjumus par produktiem, t\u0101d\u0113j\u0101di v\u0113l vair\u0101k samazinot d\u012bkst\u0101ves laiku un uzlabojot darb\u012bbas efektivit\u0101ti.<\/p>\n<h4>Qingdao H&amp;F uz klientu orient\u0113ta pieeja: Kvalit\u0101tes un savlaic\u012bguma nodro\u0161in\u0101\u0161ana<\/h4>\n<p>Qingdao H&amp;F uzticam\u012bbas reput\u0101cija sniedzas t\u0101l\u0101k par izstr\u0101d\u0101jumu kvalit\u0101ti un aptver visu klientu pieredzi. Qingdao H&amp;F ir B2B tirdzniec\u012bbas uz\u0146\u0113mums ar divdesmit gadu pieredzi, un tas saprot, cik svar\u012bgi ir savlaic\u012bgi pieg\u0101d\u0101t un nodro\u0161in\u0101t kvalit\u0101ti. Katrai 4 tonnu siksnu siksnai ir pieejami visaptvero\u0161i kvalit\u0101tes p\u0101rbaudes zi\u0146ojumi, kas pirc\u0113jiem nodro\u0161ina p\u0101rredzam\u012bbu un p\u0101rliec\u012bbu. \u0160ie zi\u0146ojumi apliecina, ka izstr\u0101d\u0101jumam ir veiktas stingras p\u0101rbaudes, kas apstiprina t\u0101 ietilp\u012bbu, iztur\u012bbu un atbilst\u012bbu dro\u0161\u012bbas noteikumiem.<\/p>\n<p>Papildus produktu kvalit\u0101tei Qingdao H&amp;F liek uzsvaru uz optim\u0101lu iepirk\u0161an\u0101s pieredzi. Uz\u0146\u0113muma racionaliz\u0113t\u0101 lo\u0123istika un noliktavas-noliktavas pakalpojumi nodro\u0161ina, ka pirc\u0113ji var sa\u0146emt pas\u016bt\u012bjumus ar minim\u0101lu gaid\u012b\u0161anas laiku, kas ir b\u016btiska iez\u012bme uz\u0146\u0113mumiem, kuri str\u0101d\u0101 ar saspringtu grafiku. Turkl\u0101t Qingdao H&amp;F pied\u0101v\u0101tais specializ\u0113tais klientu apkalpo\u0161anas serviss sniedz iev\u0113rojamu pievienoto v\u0113rt\u012bbu, pal\u012bdzot klientiem orient\u0113ties produktu izv\u0113l\u0113 un g\u016bt inform\u0101ciju, kas piel\u0101gota vi\u0146u cel\u0161anas pras\u012bb\u0101m.<\/p>","protected":false},"excerpt":{"rendered":"<p>4 tonnu siksnas strope ir izstr\u0101d\u0101ta, lai atbilstu galvenaj\u0101m r\u016bpniecisko pirc\u0113ju pras\u012bb\u0101m, apvienojot iztur\u012bbu un uzticam\u012bbu smagu kravu pacel\u0161anas darbiem. \u0160\u012b siksnu siksna nodro\u0161ina dro\u0161u un efekt\u012bvu pacel\u0161anu l\u012bdz 4 tonn\u0101m smag\u0101m krav\u0101m, risinot pirc\u0113ju probl\u0113mas, piem\u0113ram, iztur\u012bbu, materi\u0101lu kvalit\u0101ti un atbilst\u012bbu dro\u0161\u012bbas standartiem. K\u0101 uzticams tirdzniec\u012bbas partneris ar 20 gadu pieredzi Qingdao H&amp;F nodro\u0161ina individu\u0101lu klientu atbalstu, \u0101tru pieg\u0101des ciklu un visaptvero\u0161us kvalit\u0101tes p\u0101rbaudes zi\u0146ojumus, lai nodro\u0161in\u0101tu produktu integrit\u0101ti. \u0160\u012b uz pakalpojumu orient\u0113t\u0101 pieeja rada pievienoto v\u0113rt\u012bbu, veicinot p\u0101rliec\u012bbu un uzticam\u012bbu katr\u0101 pirkum\u0101.<\/p>","protected":false},"featured_media":8195,"comment_status":"open","ping_status":"closed","template":"","meta":{"site-sidebar-layout":"default","site-content-layout":"","ast-site-content-layout":"default","site-content-style":"default","site-sidebar-style":"default","ast-global-header-display":"","ast-banner-title-visibility":"","ast-main-header-display":"","ast-hfb-above-header-display":"","ast-hfb-below-header-display":"","ast-hfb-mobile-header-display":"","site-post-title":"","ast-breadcrumbs-content":"","ast-featured-img":"","footer-sml-layout":"","theme-transparent-header-meta":"default","adv-header-id-meta":"","stick-header-meta":"default","header-above-stick-meta":"","header-main-stick-meta":"","header-below-stick-meta":"","astra-migrate-meta-layouts":"set","ast-page-background-enabled":"default","ast-page-background-meta":{"desktop":{"background-color":"","background-image":"","background-repeat":"repeat","background-position":"center center","background-size":"auto","background-attachment":"scroll","background-type":"","background-media":"","overlay-type":"","overlay-color":"","overlay-opacity":"","overlay-gradient":""},"tablet":{"background-color":"","background-image":"","background-repeat":"repeat","background-position":"center center","background-size":"auto","background-attachment":"scroll","background-type":"","background-media":"","overlay-type":"","overlay-color":"","overlay-opacity":"","overlay-gradient":""},"mobile":{"background-color":"","background-image":"","background-repeat":"repeat","background-position":"center center","background-size":"auto","background-attachment":"scroll","background-type":"","background-media":"","overlay-type":"","overlay-color":"","overlay-opacity":"","overlay-gradient":""}},"ast-content-background-meta":{"desktop":{"background-color":"var(--ast-global-color-5)","background-image":"","background-repeat":"repeat","background-position":"center center","background-size":"auto","background-attachment":"scroll","background-type":"","background-media":"","overlay-type":"","overlay-color":"","overlay-opacity":"","overlay-gradient":""},"tablet":{"background-color":"var(--ast-global-color-5)","background-image":"","background-repeat":"repeat","background-position":"center center","background-size":"auto","background-attachment":"scroll","background-type":"","background-media":"","overlay-type":"","overlay-color":"","overlay-opacity":"","overlay-gradient":""},"mobile":{"background-color":"var(--ast-global-color-5)","background-image":"","background-repeat":"repeat","background-position":"center center","background-size":"auto","background-attachment":"scroll","background-type":"","background-media":"","overlay-type":"","overlay-color":"","overlay-opacity":"","overlay-gradient":""}}},"product_brand":[],"product_cat":[39],"product_tag":[],"class_list":{"0":"post-8283","1":"product","2":"type-product","3":"status-publish","4":"has-post-thumbnail","6":"product_cat-webbing-sling","7":"desktop-align-left","8":"tablet-align-left","9":"mobile-align-left","10":"ast-product-gallery-layout-horizontal-slider","11":"ast-product-gallery-with-no-image","12":"ast-product-tabs-layout-horizontal","14":"first","15":"instock","16":"shipping-taxable","17":"purchasable","18":"product-type-simple"},"yoast_head":"<!-- This site is optimized with the Yoast SEO plugin v25.2 - https:\/\/yoast.com\/wordpress\/plugins\/seo\/ -->\n<title>Flat Webbing Sling 4 Ton Polyester Double Duplex<\/title>\n<meta name=\"robots\" content=\"index, follow, max-snippet:-1, max-image-preview:large, max-video-preview:-1\" \/>\n<link rel=\"canonical\" href=\"https:\/\/qingdaohf.com\/lv\/products\/siksnu-siksnas-4-tonnas\/\" \/>\n<meta property=\"og:locale\" content=\"lv_LV\" \/>\n<meta property=\"og:type\" content=\"article\" \/>\n<meta property=\"og:title\" content=\"Flat Webbing Sling 4 Ton Polyester Double Duplex\" \/>\n<meta property=\"og:description\" content=\"4 Ton Webbing Sling is designed to meet the key demands of industrial buyers, combining strength and reliability for heavy-duty lifting operations. This webbing sling assures secure and efficient lifting for loads up to 4 tons, addressing buyer concerns such as durability, material quality, and compliance with safety standards. As a trusted trading partner with 20 years of experience, Qingdao H&amp;F provides one-on-one customer support, a fast delivery cycle, and comprehensive quality inspection reports to ensure product integrity. This service-oriented approach adds value by fostering confidence and reliability in every purchase.\" \/>\n<meta property=\"og:url\" content=\"https:\/\/qingdaohf.com\/lv\/products\/siksnu-siksnas-4-tonnas\/\" \/>\n<meta property=\"og:site_name\" content=\"Concrete Form &amp; Rigging Hardware Supplier\" \/>\n<meta property=\"article:publisher\" content=\"https:\/\/www.facebook.com\/qingdaohf\" \/>\n<meta property=\"article:modified_time\" content=\"2025-11-13T01:02:53+00:00\" \/>\n<meta property=\"og:image\" content=\"https:\/\/qingdaohf.com\/wp-content\/uploads\/2024\/10\/4ton-sling_1.webp\" \/>\n\t<meta property=\"og:image:width\" content=\"1000\" \/>\n\t<meta property=\"og:image:height\" content=\"1000\" \/>\n\t<meta property=\"og:image:type\" content=\"image\/webp\" \/>\n<meta name=\"twitter:card\" content=\"summary_large_image\" \/>\n<meta name=\"twitter:label1\" content=\"Est. reading time\" \/>\n\t<meta name=\"twitter:data1\" content=\"3 min\u016btes\" \/>\n<script type=\"application\/ld+json\" class=\"yoast-schema-graph\">{\"@context\":\"https:\/\/schema.org\",\"@graph\":[{\"@type\":\"WebPage\",\"@id\":\"https:\/\/qingdaohf.com\/product\/webbing-sling-4-ton\/\",\"url\":\"https:\/\/qingdaohf.com\/product\/webbing-sling-4-ton\/\",\"name\":\"Flat Webbing Sling 4 Ton Polyester Double Duplex\",\"isPartOf\":{\"@id\":\"https:\/\/qingdaohf.com\/bg\/#website\"},\"primaryImageOfPage\":{\"@id\":\"https:\/\/qingdaohf.com\/product\/webbing-sling-4-ton\/#primaryimage\"},\"image\":{\"@id\":\"https:\/\/qingdaohf.com\/product\/webbing-sling-4-ton\/#primaryimage\"},\"thumbnailUrl\":\"https:\/\/qingdaohf.com\/wp-content\/uploads\/2024\/10\/4ton-sling_1.webp\",\"datePublished\":\"2024-11-05T09:52:39+00:00\",\"dateModified\":\"2025-11-13T01:02:53+00:00\",\"breadcrumb\":{\"@id\":\"https:\/\/qingdaohf.com\/product\/webbing-sling-4-ton\/#breadcrumb\"},\"inLanguage\":\"lv-LV\",\"potentialAction\":[{\"@type\":\"ReadAction\",\"target\":[\"https:\/\/qingdaohf.com\/product\/webbing-sling-4-ton\/\"]}]},{\"@type\":\"ImageObject\",\"inLanguage\":\"lv-LV\",\"@id\":\"https:\/\/qingdaohf.com\/product\/webbing-sling-4-ton\/#primaryimage\",\"url\":\"https:\/\/qingdaohf.com\/wp-content\/uploads\/2024\/10\/4ton-sling_1.webp\",\"contentUrl\":\"https:\/\/qingdaohf.com\/wp-content\/uploads\/2024\/10\/4ton-sling_1.webp\",\"width\":1000,\"height\":1000,\"caption\":\"Webbing Sling 4 Ton\"},{\"@type\":\"BreadcrumbList\",\"@id\":\"https:\/\/qingdaohf.com\/product\/webbing-sling-4-ton\/#breadcrumb\",\"itemListElement\":[{\"@type\":\"ListItem\",\"position\":1,\"name\":\"Home\",\"item\":\"https:\/\/qingdaohf.com\/\"},{\"@type\":\"ListItem\",\"position\":2,\"name\":\"Concrete Forming Accessories and Rigging Hardware\",\"item\":\"https:\/\/qingdaohf.com\/bg\/?page_id=944\"},{\"@type\":\"ListItem\",\"position\":3,\"name\":\"Flat Webbing Sling 4 Ton Polyester Double Duplex\"}]},{\"@type\":\"WebSite\",\"@id\":\"https:\/\/qingdaohf.com\/bg\/#website\",\"url\":\"https:\/\/qingdaohf.com\/bg\/\",\"name\":\"Concrete Form & Rigging Hardware Supplier\",\"description\":\"\",\"publisher\":{\"@id\":\"https:\/\/qingdaohf.com\/bg\/#organization\"},\"potentialAction\":[{\"@type\":\"SearchAction\",\"target\":{\"@type\":\"EntryPoint\",\"urlTemplate\":\"https:\/\/qingdaohf.com\/bg\/?s={search_term_string}\"},\"query-input\":{\"@type\":\"PropertyValueSpecification\",\"valueRequired\":true,\"valueName\":\"search_term_string\"}}],\"inLanguage\":\"lv-LV\"},{\"@type\":\"Organization\",\"@id\":\"https:\/\/qingdaohf.com\/bg\/#organization\",\"name\":\"Qingdao H&F\",\"url\":\"https:\/\/qingdaohf.com\/bg\/\",\"logo\":{\"@type\":\"ImageObject\",\"inLanguage\":\"lv-LV\",\"@id\":\"https:\/\/qingdaohf.com\/bg\/#\/schema\/logo\/image\/\",\"url\":\"https:\/\/qingdaohf.com\/wp-content\/uploads\/2022\/12\/cropped-HF-LOGO.png\",\"contentUrl\":\"https:\/\/qingdaohf.com\/wp-content\/uploads\/2022\/12\/cropped-HF-LOGO.png\",\"width\":391,\"height\":249,\"caption\":\"Qingdao H&F\"},\"image\":{\"@id\":\"https:\/\/qingdaohf.com\/bg\/#\/schema\/logo\/image\/\"},\"sameAs\":[\"https:\/\/www.facebook.com\/qingdaohf\"]}]}<\/script>\n<!-- \/ Yoast SEO plugin. -->","yoast_head_json":{"title":"Flat Webbing Sling 4 Ton Polyester Double Duplex","robots":{"index":"index","follow":"follow","max-snippet":"max-snippet:-1","max-image-preview":"max-image-preview:large","max-video-preview":"max-video-preview:-1"},"canonical":"https:\/\/qingdaohf.com\/lv\/products\/siksnu-siksnas-4-tonnas\/","og_locale":"lv_LV","og_type":"article","og_title":"Flat Webbing Sling 4 Ton Polyester Double Duplex","og_description":"4 Ton Webbing Sling is designed to meet the key demands of industrial buyers, combining strength and reliability for heavy-duty lifting operations. This webbing sling assures secure and efficient lifting for loads up to 4 tons, addressing buyer concerns such as durability, material quality, and compliance with safety standards. As a trusted trading partner with 20 years of experience, Qingdao H&amp;F provides one-on-one customer support, a fast delivery cycle, and comprehensive quality inspection reports to ensure product integrity. This service-oriented approach adds value by fostering confidence and reliability in every purchase.","og_url":"https:\/\/qingdaohf.com\/lv\/products\/siksnu-siksnas-4-tonnas\/","og_site_name":"Concrete Form &amp; Rigging Hardware Supplier","article_publisher":"https:\/\/www.facebook.com\/qingdaohf","article_modified_time":"2025-11-13T01:02:53+00:00","og_image":[{"width":1000,"height":1000,"url":"https:\/\/qingdaohf.com\/wp-content\/uploads\/2024\/10\/4ton-sling_1.webp","type":"image\/webp"}],"twitter_card":"summary_large_image","twitter_misc":{"Est. reading time":"3 min\u016btes"},"schema":{"@context":"https:\/\/schema.org","@graph":[{"@type":"WebPage","@id":"https:\/\/qingdaohf.com\/product\/webbing-sling-4-ton\/","url":"https:\/\/qingdaohf.com\/product\/webbing-sling-4-ton\/","name":"Flat Webbing Sling 4 Ton Polyester Double Duplex","isPartOf":{"@id":"https:\/\/qingdaohf.com\/bg\/#website"},"primaryImageOfPage":{"@id":"https:\/\/qingdaohf.com\/product\/webbing-sling-4-ton\/#primaryimage"},"image":{"@id":"https:\/\/qingdaohf.com\/product\/webbing-sling-4-ton\/#primaryimage"},"thumbnailUrl":"https:\/\/qingdaohf.com\/wp-content\/uploads\/2024\/10\/4ton-sling_1.webp","datePublished":"2024-11-05T09:52:39+00:00","dateModified":"2025-11-13T01:02:53+00:00","breadcrumb":{"@id":"https:\/\/qingdaohf.com\/product\/webbing-sling-4-ton\/#breadcrumb"},"inLanguage":"lv-LV","potentialAction":[{"@type":"ReadAction","target":["https:\/\/qingdaohf.com\/product\/webbing-sling-4-ton\/"]}]},{"@type":"ImageObject","inLanguage":"lv-LV","@id":"https:\/\/qingdaohf.com\/product\/webbing-sling-4-ton\/#primaryimage","url":"https:\/\/qingdaohf.com\/wp-content\/uploads\/2024\/10\/4ton-sling_1.webp","contentUrl":"https:\/\/qingdaohf.com\/wp-content\/uploads\/2024\/10\/4ton-sling_1.webp","width":1000,"height":1000,"caption":"Webbing Sling 4 Ton"},{"@type":"BreadcrumbList","@id":"https:\/\/qingdaohf.com\/product\/webbing-sling-4-ton\/#breadcrumb","itemListElement":[{"@type":"ListItem","position":1,"name":"Home","item":"https:\/\/qingdaohf.com\/"},{"@type":"ListItem","position":2,"name":"Concrete Forming Accessories and Rigging Hardware","item":"https:\/\/qingdaohf.com\/bg\/?page_id=944"},{"@type":"ListItem","position":3,"name":"Flat Webbing Sling 4 Ton Polyester Double Duplex"}]},{"@type":"WebSite","@id":"https:\/\/qingdaohf.com\/bg\/#website","url":"https:\/\/qingdaohf.com\/bg\/","name":"Concrete Form & Rigging Hardware Supplier","description":"","publisher":{"@id":"https:\/\/qingdaohf.com\/bg\/#organization"},"potentialAction":[{"@type":"SearchAction","target":{"@type":"EntryPoint","urlTemplate":"https:\/\/qingdaohf.com\/bg\/?s={search_term_string}"},"query-input":{"@type":"PropertyValueSpecification","valueRequired":true,"valueName":"search_term_string"}}],"inLanguage":"lv-LV"},{"@type":"Organization","@id":"https:\/\/qingdaohf.com\/bg\/#organization","name":"Qingdao H&F","url":"https:\/\/qingdaohf.com\/bg\/","logo":{"@type":"ImageObject","inLanguage":"lv-LV","@id":"https:\/\/qingdaohf.com\/bg\/#\/schema\/logo\/image\/","url":"https:\/\/qingdaohf.com\/wp-content\/uploads\/2022\/12\/cropped-HF-LOGO.png","contentUrl":"https:\/\/qingdaohf.com\/wp-content\/uploads\/2022\/12\/cropped-HF-LOGO.png","width":391,"height":249,"caption":"Qingdao H&F"},"image":{"@id":"https:\/\/qingdaohf.com\/bg\/#\/schema\/logo\/image\/"},"sameAs":["https:\/\/www.facebook.com\/qingdaohf"]}]}},"_links":{"self":[{"href":"https:\/\/qingdaohf.com\/lv\/wp-json\/wp\/v2\/product\/8283","targetHints":{"allow":["GET"]}}],"collection":[{"href":"https:\/\/qingdaohf.com\/lv\/wp-json\/wp\/v2\/product"}],"about":[{"href":"https:\/\/qingdaohf.com\/lv\/wp-json\/wp\/v2\/types\/product"}],"replies":[{"embeddable":true,"href":"https:\/\/qingdaohf.com\/lv\/wp-json\/wp\/v2\/comments?post=8283"}],"version-history":[{"count":2,"href":"https:\/\/qingdaohf.com\/lv\/wp-json\/wp\/v2\/product\/8283\/revisions"}],"predecessor-version":[{"id":8337,"href":"https:\/\/qingdaohf.com\/lv\/wp-json\/wp\/v2\/product\/8283\/revisions\/8337"}],"wp:featuredmedia":[{"embeddable":true,"href":"https:\/\/qingdaohf.com\/lv\/wp-json\/wp\/v2\/media\/8195"}],"wp:attachment":[{"href":"https:\/\/qingdaohf.com\/lv\/wp-json\/wp\/v2\/media?parent=8283"}],"wp:term":[{"taxonomy":"product_brand","embeddable":true,"href":"https:\/\/qingdaohf.com\/lv\/wp-json\/wp\/v2\/product_brand?post=8283"},{"taxonomy":"product_cat","embeddable":true,"href":"https:\/\/qingdaohf.com\/lv\/wp-json\/wp\/v2\/product_cat?post=8283"},{"taxonomy":"product_tag","embeddable":true,"href":"https:\/\/qingdaohf.com\/lv\/wp-json\/wp\/v2\/product_tag?post=8283"}],"curies":[{"name":"wp","href":"https:\/\/api.w.org\/{rel}","templated":true}]}}