{"id":8287,"date":"2024-11-05T17:56:32","date_gmt":"2024-11-05T09:56:32","guid":{"rendered":"http:\/\/qingdaohf.com\/?post_type=product&#038;p=8287"},"modified":"2025-11-13T09:02:53","modified_gmt":"2025-11-13T01:02:53","slug":"webbing-sling-6-ton","status":"publish","type":"product","link":"https:\/\/qingdaohf.com\/lv\/products\/siksnu-siksnas-6-tonnas\/","title":{"rendered":"Plakanas siksnas siksnas 6 tonnu poliestera dubult\u0101 dubult\u0101 dupleksa siksna"},"content":{"rendered":"<div class=\"flex max-w-full flex-col flex-grow\">\n<div class=\"min-h-8 text-message flex w-full flex-col items-end gap-2 whitespace-normal break-words [.text-message+&amp;]:mt-5\" dir=\"auto\" data-message-author-role=\"assistant\" data-message-id=\"c70e5c25-1016-4fd4-95f4-df6f87317104\" data-message-model-slug=\"gpt-4o\">\n<div class=\"flex w-full flex-col gap-1 empty:hidden first:pt-[3px]\">\n<div class=\"markdown prose w-full break-words dark:prose-invert light\">\n<h4>6 tonnu siksnas siksnas izcila kravnes\u012bba un konstrukcija<\/h4>\n<p>Qingdao H&amp;F 6 tonnu siksnu siksnas ir izstr\u0101d\u0101tas lietojumiem, kur iztur\u012bba, stabilit\u0101te un iztur\u012bba ir \u013coti svar\u012bga. \u0160\u012b siksna, kas izgatavota no augstas stipr\u012bbas poliestera, nodro\u0161ina izcilu nestsp\u0113ju, vienlaikus izturot t\u0101dus vides izaicin\u0101jumus k\u0101 UV starojums, nodilums un regul\u0101rs nodilums. T\u0101s 6 tonnu kravnes\u012bba padara to piem\u0113rotu da\u017e\u0101d\u0101m sare\u017e\u0123\u012bt\u0101m nozar\u0113m, tostarp b\u016bvniec\u012bbai, lo\u0123istikai un r\u016bpnieciskajai ra\u017eo\u0161anai, kur ir nepiecie\u0161ams uzticams cel\u0161anas apr\u012bkojums.<\/p>\n<p>Qingdao H&amp;F nodro\u0161ina, ka katra 6 tonnu siksnu siksna atbilst stingr\u0101m kvalit\u0101tes pras\u012bb\u0101m. \u0160\u012bm strop\u0113m tiek veiktas stingras p\u0101rbaudes, un t\u0101m tiek pievienots kvalit\u0101tes p\u0101rbaudes zi\u0146ojums, kas pirc\u0113jiem sniedz p\u0101rliec\u012bbu par to atbilst\u012bbu starptautiskajiem dro\u0161\u012bbas standartiem. Qingdao H&amp;F nodro\u0161in\u0101t\u0101 kvalit\u0101tes garantija nosaka, ka \u0161\u012b strope ir uzticama izv\u0113le nozar\u0113s, kur\u0101s uzticam\u012bba ir oblig\u0101ta pras\u012bba. Turkl\u0101t Qingdao H&amp;F \u0101trais pieg\u0101des cikls \u013cauj uz\u0146\u0113mumiem savlaic\u012bgi nodro\u0161in\u0101t svar\u012bg\u0101ko apr\u012bkojumu, samazinot d\u012bkst\u0101ves laiku un nodro\u0161inot efekt\u012bvu darb\u012bbu.<\/p>\n<h4>Dro\u0161\u012bbas standartu un slodzes stabilit\u0101tes nodro\u0161in\u0101\u0161ana pacel\u0161anas lietojumos<\/h4>\n<p>Dro\u0161\u012bba ir vissvar\u012bg\u0101k\u0101 cel\u0161anas darb\u012bb\u0101s, un Qingdao H&amp;F 6 tonnu siksnu stropes dizain\u0101 ir uzsv\u0113rta gan kravas dro\u0161\u012bba, gan darb\u012bbas stabilit\u0101te. Izgatavota no pla\u0161a siksnu auduma, \u0161\u012b strope efekt\u012bvi sadala svaru, samazinot slodzi uz kravu un l\u012bdz minimumam samazinot iesp\u0113jamos boj\u0101jumus. \u0160\u012b konstrukcijas iez\u012bme ir \u013coti svar\u012bga, lai nodro\u0161in\u0101tu vienm\u0113r\u012bgu un dro\u0161u pacel\u0161anu, jo \u012bpa\u0161i, p\u0101rvietojot delik\u0101tus vai lielgabar\u012bta priek\u0161metus. Qingdao H&amp;F r\u016bpes par dro\u0161\u012bbu apliecina ar\u012b izmantotie materi\u0101li, jo katra strope ir izgatavota t\u0101, lai atbilstu vai p\u0101rsniegtu r\u016bpnieciskos dro\u0161\u012bbas standartus, t\u0101d\u0113j\u0101di nodro\u0161inot dro\u0161u darba vidi.<\/p>\n<p>Lietojumos, kuros nepiecie\u0161ams iev\u0113rot stingrus dro\u0161\u012bbas protokolus, piem\u0113ram, b\u016bvniec\u012bb\u0101 un lo\u0123istik\u0101, 6 tonnu siksnas siksna nodro\u0161ina stabilit\u0101ti un kontroli, palielinot operatora p\u0101rliec\u012bbu. Qingdao H&amp;F uztic\u012bba dro\u0161\u012bbai atbilst nozares pras\u012bb\u0101m, un katra siksnu strope tiek test\u0113ta, lai apstiprin\u0101tu t\u0101s kapacit\u0101ti un veiktsp\u0113ju. Ar dro\u0161\u012bbas atbilst\u012bbas garantiju pirc\u0113ji var pa\u013cauties uz produkta sp\u0113ju iztur\u0113t lielas slodzes, neapdraudot uzticam\u012bbu. Qingdao H&amp;F \u012bstenotie kvalit\u0101tes kontroles pas\u0101kumi v\u0113l vair\u0101k apliecina t\u0101s piem\u0113rot\u012bbu kritiski svar\u012bgiem cel\u0161anas uzdevumiem.<\/p>\n<h4>Qingdao H&amp;F: uzticams partneris B2B pacel\u0161anas risin\u0101jumos<\/h4>\n<p>Qingdao H&amp;F ir B2B tirdzniec\u012bbas uz\u0146\u0113mums ar vair\u0101k nek\u0101 divu gadu desmitu pieredzi, un tas saprot, cik svar\u012bgi ir uzticami un augstas kvalit\u0101tes pacel\u0161anas risin\u0101jumi da\u017e\u0101du nozaru uz\u0146\u0113mumiem. 6 tonnu siksnu stropei ir pievienoti s\u012bki izstr\u0101d\u0101ti p\u0101rbaudes zi\u0146ojumi, kas \u013cauj pirc\u0113jiem p\u0101rliecin\u0101ties par produkta kvalit\u0101ti un atbilst\u012bbu. \u0160ie zi\u0146ojumi uzsver Qingdao H&amp;F ap\u0146em\u0161anos nodro\u0161in\u0101t p\u0101rredzam\u012bbu, sniedzot klientiem p\u0101rliec\u012bbu, ka katra strope ir r\u016bp\u012bgi p\u0101rbaud\u012bta un ir gatava darboties re\u0101los apst\u0101k\u013cos.<\/p>\n<p>Papildus produktu kvalit\u0101tei Qingdao H&amp;F uzsver uz klientu orient\u0113tu pieeju ar individu\u0101lu apkalpo\u0161anu, sniedzot personaliz\u0113tus ieteikumus un atsauc\u012bgu atbalstu. \u0160o uz klientu orient\u0113to apkalpo\u0161anas modeli papildina \u0101trs un uzticams pieg\u0101des cikls, kas \u013cauj uz\u0146\u0113mumiem piek\u013c\u016bt nepiecie\u0161amajam apr\u012bkojumam bez liekas kav\u0113\u0161an\u0101s. Ar pieg\u0101di no noliktavas l\u012bdz noliktavai Qingdao H&amp;F racionaliz\u0113 iepirkuma procesu, nodro\u0161inot, ka pirc\u0113ji sa\u0146em savus produktus \u0101tri un efekt\u012bvi.<\/p>\n<p>Qingdao H&amp;F 6 tonnu siksnu siksnas ir uz\u0146\u0113muma ap\u0146em\u0161an\u0101s nodro\u0161in\u0101t kvalit\u0101ti, dro\u0161\u012bbu un apkalpo\u0161anu. \u0160is izstr\u0101d\u0101jums pirc\u0113jiem pied\u0101v\u0101 pacel\u0161anas risin\u0101jumu, kas atbilst m\u016bsdienu industri\u0101l\u0101s vides augstajiem standartiem, pied\u0101v\u0101jot uzticamu variantu smagiem lietojumiem. Qingdao H&amp;F uztic\u012bba gan kvalit\u0101tei, gan klientu apmierin\u0101t\u012bbai nostiprina uz\u0146\u0113muma k\u0101 uzticama partnera poz\u012bciju r\u016bpniecisko pacel\u0161anas risin\u0101jumu jom\u0101.<\/p>\n<\/div>\n<\/div>\n<\/div>\n<\/div>","protected":false},"excerpt":{"rendered":"<p>6 tonnu siksnas siksnas nodro\u0161ina izcilu iztur\u012bbu un iztur\u012bbu, apmierinot to nozaru vajadz\u012bbas, kur\u0101s ir nepiecie\u0161ami dro\u0161i, lielas slodzes cel\u0161anas risin\u0101jumi. \u0160\u012b siksnu siksna ir izstr\u0101d\u0101ta, lai atbilstu visaugst\u0101kajiem standartiem, un t\u0101 ar nemain\u012bgu uzticam\u012bbu sp\u0113j iztur\u0113t l\u012bdz 6 tonn\u0101m smagas kravas. Qingdao H&amp;F saprot pirc\u0113ju ba\u017eas par produktu ilgm\u016b\u017e\u012bbu, dro\u0161\u012bbu un atbilst\u012bbu, un k\u0101 B2B tirdzniec\u012bbas uz\u0146\u0113mums ar 20 gadu pieredzi m\u0113s pied\u0101v\u0101jam individu\u0101lu klientu apkalpo\u0161anu, \u0101tru pieg\u0101des ciklu un detaliz\u0113tus kvalit\u0101tes p\u0101rbaudes zi\u0146ojumus. \u0160\u012b ap\u0146em\u0161an\u0101s nodro\u0161ina, ka klienti sa\u0146em uzticamus produktus ar r\u016bp\u012bgu atbalstu un p\u0101rredzamu kvalit\u0101tes nodro\u0161in\u0101\u0161anu.<\/p>","protected":false},"featured_media":8194,"comment_status":"open","ping_status":"closed","template":"","meta":{"site-sidebar-layout":"default","site-content-layout":"","ast-site-content-layout":"default","site-content-style":"default","site-sidebar-style":"default","ast-global-header-display":"","ast-banner-title-visibility":"","ast-main-header-display":"","ast-hfb-above-header-display":"","ast-hfb-below-header-display":"","ast-hfb-mobile-header-display":"","site-post-title":"","ast-breadcrumbs-content":"","ast-featured-img":"","footer-sml-layout":"","theme-transparent-header-meta":"default","adv-header-id-meta":"","stick-header-meta":"default","header-above-stick-meta":"","header-main-stick-meta":"","header-below-stick-meta":"","astra-migrate-meta-layouts":"set","ast-page-background-enabled":"default","ast-page-background-meta":{"desktop":{"background-color":"","background-image":"","background-repeat":"repeat","background-position":"center center","background-size":"auto","background-attachment":"scroll","background-type":"","background-media":"","overlay-type":"","overlay-color":"","overlay-opacity":"","overlay-gradient":""},"tablet":{"background-color":"","background-image":"","background-repeat":"repeat","background-position":"center center","background-size":"auto","background-attachment":"scroll","background-type":"","background-media":"","overlay-type":"","overlay-color":"","overlay-opacity":"","overlay-gradient":""},"mobile":{"background-color":"","background-image":"","background-repeat":"repeat","background-position":"center center","background-size":"auto","background-attachment":"scroll","background-type":"","background-media":"","overlay-type":"","overlay-color":"","overlay-opacity":"","overlay-gradient":""}},"ast-content-background-meta":{"desktop":{"background-color":"var(--ast-global-color-5)","background-image":"","background-repeat":"repeat","background-position":"center center","background-size":"auto","background-attachment":"scroll","background-type":"","background-media":"","overlay-type":"","overlay-color":"","overlay-opacity":"","overlay-gradient":""},"tablet":{"background-color":"var(--ast-global-color-5)","background-image":"","background-repeat":"repeat","background-position":"center center","background-size":"auto","background-attachment":"scroll","background-type":"","background-media":"","overlay-type":"","overlay-color":"","overlay-opacity":"","overlay-gradient":""},"mobile":{"background-color":"var(--ast-global-color-5)","background-image":"","background-repeat":"repeat","background-position":"center center","background-size":"auto","background-attachment":"scroll","background-type":"","background-media":"","overlay-type":"","overlay-color":"","overlay-opacity":"","overlay-gradient":""}}},"product_brand":[],"product_cat":[39],"product_tag":[],"class_list":{"0":"post-8287","1":"product","2":"type-product","3":"status-publish","4":"has-post-thumbnail","6":"product_cat-webbing-sling","7":"desktop-align-left","8":"tablet-align-left","9":"mobile-align-left","10":"ast-product-gallery-layout-horizontal-slider","11":"ast-product-gallery-with-no-image","12":"ast-product-tabs-layout-horizontal","14":"first","15":"instock","16":"shipping-taxable","17":"purchasable","18":"product-type-simple"},"yoast_head":"<!-- This site is optimized with the Yoast SEO plugin v25.2 - https:\/\/yoast.com\/wordpress\/plugins\/seo\/ -->\n<title>Flat Webbing Sling 6 Ton Polyester Double Duplex<\/title>\n<meta name=\"robots\" content=\"index, follow, max-snippet:-1, max-image-preview:large, max-video-preview:-1\" \/>\n<link rel=\"canonical\" href=\"https:\/\/qingdaohf.com\/lv\/products\/siksnu-siksnas-6-tonnas\/\" \/>\n<meta property=\"og:locale\" content=\"lv_LV\" \/>\n<meta property=\"og:type\" content=\"article\" \/>\n<meta property=\"og:title\" content=\"Flat Webbing Sling 6 Ton Polyester Double Duplex\" \/>\n<meta property=\"og:description\" content=\"6-Ton Webbing Sling offers superior strength and durability, catering to the needs of industries requiring secure, heavy-duty lifting solutions. Designed to meet the highest standards, this webbing sling handles loads up to 6 tons with consistent reliability. Qingdao H&amp;F understands buyers\u2019 concerns about product longevity, safety, and compliance, and as a B2B trading company with 20 years of experience, we offer one-on-one customer service, a fast delivery cycle, and detailed quality inspection reports. This commitment ensures clients receive dependable products with thorough support and transparent quality assurance.\" \/>\n<meta property=\"og:url\" content=\"https:\/\/qingdaohf.com\/lv\/products\/siksnu-siksnas-6-tonnas\/\" \/>\n<meta property=\"og:site_name\" content=\"Concrete Form &amp; Rigging Hardware Supplier\" \/>\n<meta property=\"article:publisher\" content=\"https:\/\/www.facebook.com\/qingdaohf\" \/>\n<meta property=\"article:modified_time\" content=\"2025-11-13T01:02:53+00:00\" \/>\n<meta property=\"og:image\" content=\"https:\/\/qingdaohf.com\/wp-content\/uploads\/2024\/10\/6-ton-webbing-sling_1.webp\" \/>\n\t<meta property=\"og:image:width\" content=\"1000\" \/>\n\t<meta property=\"og:image:height\" content=\"1000\" \/>\n\t<meta property=\"og:image:type\" content=\"image\/webp\" \/>\n<meta name=\"twitter:card\" content=\"summary_large_image\" \/>\n<meta name=\"twitter:label1\" content=\"Est. reading time\" \/>\n\t<meta name=\"twitter:data1\" content=\"3 min\u016btes\" \/>\n<script type=\"application\/ld+json\" class=\"yoast-schema-graph\">{\"@context\":\"https:\/\/schema.org\",\"@graph\":[{\"@type\":\"WebPage\",\"@id\":\"https:\/\/qingdaohf.com\/product\/webbing-sling-6-ton\/\",\"url\":\"https:\/\/qingdaohf.com\/product\/webbing-sling-6-ton\/\",\"name\":\"Flat Webbing Sling 6 Ton Polyester Double Duplex\",\"isPartOf\":{\"@id\":\"https:\/\/qingdaohf.com\/bg\/#website\"},\"primaryImageOfPage\":{\"@id\":\"https:\/\/qingdaohf.com\/product\/webbing-sling-6-ton\/#primaryimage\"},\"image\":{\"@id\":\"https:\/\/qingdaohf.com\/product\/webbing-sling-6-ton\/#primaryimage\"},\"thumbnailUrl\":\"https:\/\/qingdaohf.com\/wp-content\/uploads\/2024\/10\/6-ton-webbing-sling_1.webp\",\"datePublished\":\"2024-11-05T09:56:32+00:00\",\"dateModified\":\"2025-11-13T01:02:53+00:00\",\"breadcrumb\":{\"@id\":\"https:\/\/qingdaohf.com\/product\/webbing-sling-6-ton\/#breadcrumb\"},\"inLanguage\":\"lv-LV\",\"potentialAction\":[{\"@type\":\"ReadAction\",\"target\":[\"https:\/\/qingdaohf.com\/product\/webbing-sling-6-ton\/\"]}]},{\"@type\":\"ImageObject\",\"inLanguage\":\"lv-LV\",\"@id\":\"https:\/\/qingdaohf.com\/product\/webbing-sling-6-ton\/#primaryimage\",\"url\":\"https:\/\/qingdaohf.com\/wp-content\/uploads\/2024\/10\/6-ton-webbing-sling_1.webp\",\"contentUrl\":\"https:\/\/qingdaohf.com\/wp-content\/uploads\/2024\/10\/6-ton-webbing-sling_1.webp\",\"width\":1000,\"height\":1000,\"caption\":\"6 ton webbing sling\"},{\"@type\":\"BreadcrumbList\",\"@id\":\"https:\/\/qingdaohf.com\/product\/webbing-sling-6-ton\/#breadcrumb\",\"itemListElement\":[{\"@type\":\"ListItem\",\"position\":1,\"name\":\"Home\",\"item\":\"https:\/\/qingdaohf.com\/\"},{\"@type\":\"ListItem\",\"position\":2,\"name\":\"Concrete Forming Accessories and Rigging Hardware\",\"item\":\"https:\/\/qingdaohf.com\/bg\/?page_id=944\"},{\"@type\":\"ListItem\",\"position\":3,\"name\":\"Flat Webbing Sling 6 Ton Polyester Double Duplex\"}]},{\"@type\":\"WebSite\",\"@id\":\"https:\/\/qingdaohf.com\/bg\/#website\",\"url\":\"https:\/\/qingdaohf.com\/bg\/\",\"name\":\"Concrete Form & Rigging Hardware Supplier\",\"description\":\"\",\"publisher\":{\"@id\":\"https:\/\/qingdaohf.com\/bg\/#organization\"},\"potentialAction\":[{\"@type\":\"SearchAction\",\"target\":{\"@type\":\"EntryPoint\",\"urlTemplate\":\"https:\/\/qingdaohf.com\/bg\/?s={search_term_string}\"},\"query-input\":{\"@type\":\"PropertyValueSpecification\",\"valueRequired\":true,\"valueName\":\"search_term_string\"}}],\"inLanguage\":\"lv-LV\"},{\"@type\":\"Organization\",\"@id\":\"https:\/\/qingdaohf.com\/bg\/#organization\",\"name\":\"Qingdao H&F\",\"url\":\"https:\/\/qingdaohf.com\/bg\/\",\"logo\":{\"@type\":\"ImageObject\",\"inLanguage\":\"lv-LV\",\"@id\":\"https:\/\/qingdaohf.com\/bg\/#\/schema\/logo\/image\/\",\"url\":\"https:\/\/qingdaohf.com\/wp-content\/uploads\/2022\/12\/cropped-HF-LOGO.png\",\"contentUrl\":\"https:\/\/qingdaohf.com\/wp-content\/uploads\/2022\/12\/cropped-HF-LOGO.png\",\"width\":391,\"height\":249,\"caption\":\"Qingdao H&F\"},\"image\":{\"@id\":\"https:\/\/qingdaohf.com\/bg\/#\/schema\/logo\/image\/\"},\"sameAs\":[\"https:\/\/www.facebook.com\/qingdaohf\"]}]}<\/script>\n<!-- \/ Yoast SEO plugin. -->","yoast_head_json":{"title":"Flat Webbing Sling 6 Ton Polyester Double Duplex","robots":{"index":"index","follow":"follow","max-snippet":"max-snippet:-1","max-image-preview":"max-image-preview:large","max-video-preview":"max-video-preview:-1"},"canonical":"https:\/\/qingdaohf.com\/lv\/products\/siksnu-siksnas-6-tonnas\/","og_locale":"lv_LV","og_type":"article","og_title":"Flat Webbing Sling 6 Ton Polyester Double Duplex","og_description":"6-Ton Webbing Sling offers superior strength and durability, catering to the needs of industries requiring secure, heavy-duty lifting solutions. Designed to meet the highest standards, this webbing sling handles loads up to 6 tons with consistent reliability. Qingdao H&amp;F understands buyers\u2019 concerns about product longevity, safety, and compliance, and as a B2B trading company with 20 years of experience, we offer one-on-one customer service, a fast delivery cycle, and detailed quality inspection reports. This commitment ensures clients receive dependable products with thorough support and transparent quality assurance.","og_url":"https:\/\/qingdaohf.com\/lv\/products\/siksnu-siksnas-6-tonnas\/","og_site_name":"Concrete Form &amp; Rigging Hardware Supplier","article_publisher":"https:\/\/www.facebook.com\/qingdaohf","article_modified_time":"2025-11-13T01:02:53+00:00","og_image":[{"width":1000,"height":1000,"url":"https:\/\/qingdaohf.com\/wp-content\/uploads\/2024\/10\/6-ton-webbing-sling_1.webp","type":"image\/webp"}],"twitter_card":"summary_large_image","twitter_misc":{"Est. reading time":"3 min\u016btes"},"schema":{"@context":"https:\/\/schema.org","@graph":[{"@type":"WebPage","@id":"https:\/\/qingdaohf.com\/product\/webbing-sling-6-ton\/","url":"https:\/\/qingdaohf.com\/product\/webbing-sling-6-ton\/","name":"Flat Webbing Sling 6 Ton Polyester Double Duplex","isPartOf":{"@id":"https:\/\/qingdaohf.com\/bg\/#website"},"primaryImageOfPage":{"@id":"https:\/\/qingdaohf.com\/product\/webbing-sling-6-ton\/#primaryimage"},"image":{"@id":"https:\/\/qingdaohf.com\/product\/webbing-sling-6-ton\/#primaryimage"},"thumbnailUrl":"https:\/\/qingdaohf.com\/wp-content\/uploads\/2024\/10\/6-ton-webbing-sling_1.webp","datePublished":"2024-11-05T09:56:32+00:00","dateModified":"2025-11-13T01:02:53+00:00","breadcrumb":{"@id":"https:\/\/qingdaohf.com\/product\/webbing-sling-6-ton\/#breadcrumb"},"inLanguage":"lv-LV","potentialAction":[{"@type":"ReadAction","target":["https:\/\/qingdaohf.com\/product\/webbing-sling-6-ton\/"]}]},{"@type":"ImageObject","inLanguage":"lv-LV","@id":"https:\/\/qingdaohf.com\/product\/webbing-sling-6-ton\/#primaryimage","url":"https:\/\/qingdaohf.com\/wp-content\/uploads\/2024\/10\/6-ton-webbing-sling_1.webp","contentUrl":"https:\/\/qingdaohf.com\/wp-content\/uploads\/2024\/10\/6-ton-webbing-sling_1.webp","width":1000,"height":1000,"caption":"6 ton webbing sling"},{"@type":"BreadcrumbList","@id":"https:\/\/qingdaohf.com\/product\/webbing-sling-6-ton\/#breadcrumb","itemListElement":[{"@type":"ListItem","position":1,"name":"Home","item":"https:\/\/qingdaohf.com\/"},{"@type":"ListItem","position":2,"name":"Concrete Forming Accessories and Rigging Hardware","item":"https:\/\/qingdaohf.com\/bg\/?page_id=944"},{"@type":"ListItem","position":3,"name":"Flat Webbing Sling 6 Ton Polyester Double Duplex"}]},{"@type":"WebSite","@id":"https:\/\/qingdaohf.com\/bg\/#website","url":"https:\/\/qingdaohf.com\/bg\/","name":"Concrete Form & Rigging Hardware Supplier","description":"","publisher":{"@id":"https:\/\/qingdaohf.com\/bg\/#organization"},"potentialAction":[{"@type":"SearchAction","target":{"@type":"EntryPoint","urlTemplate":"https:\/\/qingdaohf.com\/bg\/?s={search_term_string}"},"query-input":{"@type":"PropertyValueSpecification","valueRequired":true,"valueName":"search_term_string"}}],"inLanguage":"lv-LV"},{"@type":"Organization","@id":"https:\/\/qingdaohf.com\/bg\/#organization","name":"Qingdao H&F","url":"https:\/\/qingdaohf.com\/bg\/","logo":{"@type":"ImageObject","inLanguage":"lv-LV","@id":"https:\/\/qingdaohf.com\/bg\/#\/schema\/logo\/image\/","url":"https:\/\/qingdaohf.com\/wp-content\/uploads\/2022\/12\/cropped-HF-LOGO.png","contentUrl":"https:\/\/qingdaohf.com\/wp-content\/uploads\/2022\/12\/cropped-HF-LOGO.png","width":391,"height":249,"caption":"Qingdao H&F"},"image":{"@id":"https:\/\/qingdaohf.com\/bg\/#\/schema\/logo\/image\/"},"sameAs":["https:\/\/www.facebook.com\/qingdaohf"]}]}},"_links":{"self":[{"href":"https:\/\/qingdaohf.com\/lv\/wp-json\/wp\/v2\/product\/8287","targetHints":{"allow":["GET"]}}],"collection":[{"href":"https:\/\/qingdaohf.com\/lv\/wp-json\/wp\/v2\/product"}],"about":[{"href":"https:\/\/qingdaohf.com\/lv\/wp-json\/wp\/v2\/types\/product"}],"replies":[{"embeddable":true,"href":"https:\/\/qingdaohf.com\/lv\/wp-json\/wp\/v2\/comments?post=8287"}],"version-history":[{"count":2,"href":"https:\/\/qingdaohf.com\/lv\/wp-json\/wp\/v2\/product\/8287\/revisions"}],"predecessor-version":[{"id":8335,"href":"https:\/\/qingdaohf.com\/lv\/wp-json\/wp\/v2\/product\/8287\/revisions\/8335"}],"wp:featuredmedia":[{"embeddable":true,"href":"https:\/\/qingdaohf.com\/lv\/wp-json\/wp\/v2\/media\/8194"}],"wp:attachment":[{"href":"https:\/\/qingdaohf.com\/lv\/wp-json\/wp\/v2\/media?parent=8287"}],"wp:term":[{"taxonomy":"product_brand","embeddable":true,"href":"https:\/\/qingdaohf.com\/lv\/wp-json\/wp\/v2\/product_brand?post=8287"},{"taxonomy":"product_cat","embeddable":true,"href":"https:\/\/qingdaohf.com\/lv\/wp-json\/wp\/v2\/product_cat?post=8287"},{"taxonomy":"product_tag","embeddable":true,"href":"https:\/\/qingdaohf.com\/lv\/wp-json\/wp\/v2\/product_tag?post=8287"}],"curies":[{"name":"wp","href":"https:\/\/api.w.org\/{rel}","templated":true}]}}