{"id":8289,"date":"2024-11-05T17:58:14","date_gmt":"2024-11-05T09:58:14","guid":{"rendered":"http:\/\/qingdaohf.com\/?post_type=product&#038;p=8289"},"modified":"2025-11-13T09:02:52","modified_gmt":"2025-11-13T01:02:52","slug":"webbing-sling-8-ton","status":"publish","type":"product","link":"https:\/\/qingdaohf.com\/lv\/products\/siksnu-siksnas-8-tonnu\/","title":{"rendered":"Plakanas siksnas siksnas 8 tonnu poliestera dubult\u0101 dubult\u0101 dupleksa siksna"},"content":{"rendered":"<h4>Iztur\u012bba un iztur\u012bba: 8 tonnu siksnas siksnas galven\u0101s iez\u012bmes<\/h4>\n<p>Qingdao H&amp;F 8 tonnu siksnas strope ir izstr\u0101d\u0101ta nozar\u0113m, kur\u0101s ir svar\u012bgi dro\u0161i un uzticami pacel\u0161anas risin\u0101jumi. \u0160\u012b siksna ir izgatavota no augstas kvalit\u0101tes poliestera, un t\u0101 ir \u013coti iztur\u012bga, t\u0101d\u0113j\u0101di \u013caujot iztur\u0113t l\u012bdz pat 8 tonn\u0101m lielu slodzi, nemazinot veiktsp\u0113ju. T\u0101s iztur\u012bg\u0101 konstrukcija nodro\u0161ina ilgu kalpo\u0161anas laiku, pat bie\u017ei lietojot sare\u017e\u0123\u012bt\u0101 vid\u0113, padarot to par v\u0113rt\u012bgu r\u012bku t\u0101d\u0101s nozar\u0113s k\u0101 b\u016bvniec\u012bba, lo\u0123istika un ra\u017eo\u0161ana.<\/p>\n<p>Katrai 8 tonnu siksnai tiek veikta r\u016bp\u012bga kvalit\u0101tes p\u0101rbaude, lai apstiprin\u0101tu t\u0101s nestsp\u0113ju un atbilst\u012bbu dro\u0161\u012bbas noteikumiem. Qingdao H&amp;F sniedz detaliz\u0113tus kvalit\u0101tes p\u0101rbaudes zi\u0146ojumus, kas \u013cauj pirc\u0113jiem iepaz\u012bties ar produkta dro\u0161\u012bbas un veiktsp\u0113jas datiem. Qingdao H&amp;F ir paz\u012bstama ar savu uzticam\u012bbu un p\u0101rredzam\u012bbu, un t\u0101s m\u0113r\u0137is ir pieg\u0101d\u0101t apr\u012bkojumu, kas atbilst m\u016bsdienu r\u016bpniecisk\u0101s darb\u012bbas pras\u012bb\u0101m. M\u016bsu pied\u0101v\u0101tais \u0101trais pieg\u0101des cikls nodro\u0161ina, ka pirc\u0113ji var \u0101tri piek\u013c\u016bt svar\u012bg\u0101kaj\u0101m pacel\u0161anas iek\u0101rt\u0101m, lai projekti tiktu \u012bstenoti saska\u0146\u0101 ar grafiku.<\/p>\n<h4>Uz dro\u0161\u012bbu v\u0113rsts dizains un dro\u0161a pacel\u0161anas veiktsp\u0113ja<\/h4>\n<p>Dro\u0161\u012bba ir galvenais priek\u0161nosac\u012bjums jebkurai cel\u0161anas darb\u012bbai, jo \u012bpa\u0161i, str\u0101d\u0101jot ar smag\u0101m krav\u0101m. Qingdao H&amp;F 8 tonnu siksnu strope ir veidota ar platu, elast\u012bgu siksnu, kas vienm\u0113r\u012bgi sadala svaru pa kravu. \u0160\u012b konstrukcija samazina spiediena punktus, t\u0101d\u0113j\u0101di samazinot gan stropes, gan kravas boj\u0101jumu iesp\u0113jam\u012bbu. \u0145emot v\u0113r\u0101, ka kravas stabilit\u0101te ir priorit\u0101te, \u0161\u012b strope pal\u012bdz nodro\u0161in\u0101t dro\u0161u pacel\u0161anu pat lielgabar\u012bta vai trausliem priek\u0161metiem, \u013caujot operatoriem dro\u0161i r\u012bkoties ar smag\u0101m krav\u0101m.<\/p>\n<p>Izgatavota atbilsto\u0161i stingriem dro\u0161\u012bbas standartiem, \u0161\u012b siksnu siksna ir labi piem\u0113rota nozar\u0113m ar stingriem darba protokoliem. Neatkar\u012bgi no t\u0101, vai to izmanto r\u016bpniec\u012bbas objektos, noliktav\u0101s vai ku\u0123u b\u016bvlaukumos, 8 tonnu siksnas siksnas elast\u012bg\u0101 konstrukcija un uzticam\u0101 veiktsp\u0113ja padara to par ide\u0101lu izv\u0113li. Qingdao H&amp;F koncentr\u0113\u0161an\u0101s uz kvalit\u0101tes kontroli un atbilst\u012bbu dro\u0161\u012bbas pras\u012bb\u0101m nodro\u0161ina pirc\u0113jus ar mieru, zinot, ka katra strope ir izg\u0101jusi virkni kvalit\u0101tes p\u0101rbau\u017eu, lai nodro\u0161in\u0101tu t\u0101s atbilst\u012bbu slodzes iztur\u012bbas pras\u012bb\u0101m. Kvalit\u0101tes p\u0101rbaudes zi\u0146ojumi, kas ir pieejami kop\u0101 ar katru izstr\u0101d\u0101jumu, ir skaidrs pier\u0101d\u012bjums tam, ka tiek iev\u0113rota dro\u0161\u012bba un uzticam\u012bba.<\/p>\n<h4>Qingdao H&amp;F: partnerattiec\u012bbas ar klientiem, lai nodro\u0161in\u0101tu uzticamus un efekt\u012bvus risin\u0101jumus<\/h4>\n<p>Qingdao H&amp;F ar 20 gadu B2B tirdzniec\u012bbas uz\u0146\u0113muma pieredzi ir izveidojis reput\u0101ciju k\u0101 uzticamu cel\u0161anas risin\u0101jumu pieg\u0101d\u0101t\u0101js, kas atbilst unik\u0101l\u0101m r\u016bpniecisko pirc\u0113ju vajadz\u012bb\u0101m. 8 tonnu siksnu strope ir da\u013ca no daudzveid\u012bga produktu kl\u0101sta, un katrai precei ir pievienota kvalit\u0101tes p\u0101rbaudes dokument\u0101cija, lai p\u0101rliecin\u0101tos par t\u0101s atbilst\u012bbu nozares standartiem. \u0160\u012b p\u0101rredzam\u012bba pastiprina Qingdao H&amp;F ap\u0146em\u0161anos nodro\u0161in\u0101t uzticamus produktus, kuriem pirc\u0113ji var uztic\u0113ties, lai tos izmantotu sare\u017e\u0123\u012btos apst\u0101k\u013cos.<\/p>\n<p>Papildus kvalitat\u012bviem produktiem Qingdao H&amp;F ir ap\u0146\u0113musies pied\u0101v\u0101t nevainojamu, uz klientu orient\u0113tu iepirk\u0161an\u0101s pieredzi. M\u016bsu individu\u0101lais klientu apkalpo\u0161anas modelis \u013cauj pirc\u0113jiem tie\u0161i sazin\u0101ties ar zino\u0161iem p\u0101rst\u0101vjiem, kuri izprot vi\u0146u pras\u012bbas un sniedz personaliz\u0113tus ieteikumus, lai pal\u012bdz\u0113tu klientiem izv\u0113l\u0113ties piem\u0113rot\u0101ko pacel\u0161anas apr\u012bkojumu to vajadz\u012bb\u0101m. Kop\u0101 ar \u0101tru pieg\u0101des ciklu Qingdao H&amp;F nodro\u0161ina, ka klienti var sa\u0146emt nepiecie\u0161amo apr\u012bkojumu bez kav\u0113\u0161an\u0101s, t\u0101d\u0113j\u0101di veicinot projekta efektivit\u0101ti un samazinot d\u012bkst\u0101ves laiku.<\/p>\n<p>Sniedzot augstas veiktsp\u0113jas siksnu stropes, nodro\u0161inot r\u016bp\u012bgu kvalit\u0101tes kontroli un pie\u0161\u0137irot priorit\u0101ti klientu apkalpo\u0161anai, Qingdao H&amp;F ir k\u013cuvis par uzticamu partneri r\u016bpniecisko pacel\u0161anas risin\u0101jumu jom\u0101. \u0160o ap\u0146em\u0161anos atspogu\u013co 8 tonnu siksnu strope, kas nodro\u0161ina iztur\u012bbu, dro\u0161\u012bbu un uzticam\u012bbu, kas nepiecie\u0161ama m\u016bsdienu r\u016bpnieciskaj\u0101s vid\u0113s. Ar katru stropi Qingdao H&amp;F nodro\u0161ina dro\u0161u un uzticamu pacel\u0161anas risin\u0101jumu, ko papildina atbalsts un p\u0101rredzam\u012bba, ko klienti sagaida.<\/p>","protected":false},"excerpt":{"rendered":"<p>8 tonnu siksnas siksnas ir izstr\u0101d\u0101tas, lai iztur\u0113tu iev\u0113rojamas cel\u0161anas pras\u012bbas, nodro\u0161inot izcilu iztur\u012bbu un uzticam\u012bbu r\u016bpnieciskiem lietojumiem. \u0160\u012b siksna, kas izstr\u0101d\u0101ta, lai risin\u0101tu pirc\u0113ju ba\u017eas par kravas dro\u0161\u012bbu, iztur\u012bbu un atbilst\u012bbu dro\u0161\u012bbas standartiem, viegli iztur l\u012bdz 8 tonn\u0101m. Qingdao H&amp;F ir atz\u012bts B2B tirdzniec\u012bbas uz\u0146\u0113mums ar 20 gadu pieredzi, kas nodro\u0161ina individu\u0101lu klientu apkalpo\u0161anu, \u0101tru pieg\u0101des ciklu un visaptvero\u0161us kvalit\u0101tes p\u0101rbaudes zi\u0146ojumus. \u0160\u012bs priek\u0161roc\u012bbas uzsver m\u016bsu ap\u0146em\u0161anos nodro\u0161in\u0101t kvalit\u0101ti un klientu apmierin\u0101t\u012bbu, nodro\u0161inot nevainojamu pirkuma pieredzi.<\/p>","protected":false},"featured_media":8193,"comment_status":"open","ping_status":"closed","template":"","meta":{"site-sidebar-layout":"default","site-content-layout":"","ast-site-content-layout":"default","site-content-style":"default","site-sidebar-style":"default","ast-global-header-display":"","ast-banner-title-visibility":"","ast-main-header-display":"","ast-hfb-above-header-display":"","ast-hfb-below-header-display":"","ast-hfb-mobile-header-display":"","site-post-title":"","ast-breadcrumbs-content":"","ast-featured-img":"","footer-sml-layout":"","theme-transparent-header-meta":"default","adv-header-id-meta":"","stick-header-meta":"default","header-above-stick-meta":"","header-main-stick-meta":"","header-below-stick-meta":"","astra-migrate-meta-layouts":"set","ast-page-background-enabled":"default","ast-page-background-meta":{"desktop":{"background-color":"","background-image":"","background-repeat":"repeat","background-position":"center center","background-size":"auto","background-attachment":"scroll","background-type":"","background-media":"","overlay-type":"","overlay-color":"","overlay-opacity":"","overlay-gradient":""},"tablet":{"background-color":"","background-image":"","background-repeat":"repeat","background-position":"center center","background-size":"auto","background-attachment":"scroll","background-type":"","background-media":"","overlay-type":"","overlay-color":"","overlay-opacity":"","overlay-gradient":""},"mobile":{"background-color":"","background-image":"","background-repeat":"repeat","background-position":"center center","background-size":"auto","background-attachment":"scroll","background-type":"","background-media":"","overlay-type":"","overlay-color":"","overlay-opacity":"","overlay-gradient":""}},"ast-content-background-meta":{"desktop":{"background-color":"var(--ast-global-color-5)","background-image":"","background-repeat":"repeat","background-position":"center center","background-size":"auto","background-attachment":"scroll","background-type":"","background-media":"","overlay-type":"","overlay-color":"","overlay-opacity":"","overlay-gradient":""},"tablet":{"background-color":"var(--ast-global-color-5)","background-image":"","background-repeat":"repeat","background-position":"center center","background-size":"auto","background-attachment":"scroll","background-type":"","background-media":"","overlay-type":"","overlay-color":"","overlay-opacity":"","overlay-gradient":""},"mobile":{"background-color":"var(--ast-global-color-5)","background-image":"","background-repeat":"repeat","background-position":"center center","background-size":"auto","background-attachment":"scroll","background-type":"","background-media":"","overlay-type":"","overlay-color":"","overlay-opacity":"","overlay-gradient":""}}},"product_brand":[],"product_cat":[39],"product_tag":[],"class_list":{"0":"post-8289","1":"product","2":"type-product","3":"status-publish","4":"has-post-thumbnail","6":"product_cat-webbing-sling","7":"desktop-align-left","8":"tablet-align-left","9":"mobile-align-left","10":"ast-product-gallery-layout-horizontal-slider","11":"ast-product-gallery-with-no-image","12":"ast-product-tabs-layout-horizontal","14":"first","15":"instock","16":"shipping-taxable","17":"purchasable","18":"product-type-simple"},"yoast_head":"<!-- This site is optimized with the Yoast SEO plugin v25.2 - https:\/\/yoast.com\/wordpress\/plugins\/seo\/ -->\n<title>Flat Webbing Sling 8 Ton Polyester Double Duplex<\/title>\n<meta name=\"robots\" content=\"index, follow, max-snippet:-1, max-image-preview:large, max-video-preview:-1\" \/>\n<link rel=\"canonical\" href=\"https:\/\/qingdaohf.com\/lv\/products\/siksnu-siksnas-8-tonnu\/\" \/>\n<meta property=\"og:locale\" content=\"lv_LV\" \/>\n<meta property=\"og:type\" content=\"article\" \/>\n<meta property=\"og:title\" content=\"Flat Webbing Sling 8 Ton Polyester Double Duplex\" \/>\n<meta property=\"og:description\" content=\"8-Ton Webbing Sling is crafted to handle substantial lifting demands, offering outstanding strength and reliability for industrial applications. Designed to address buyer concerns about load security, durability, and compliance with safety standards, this sling supports up to 8 tons with ease. As an established B2B trading company with 20 years of experience, Qingdao H&amp;F provides one-on-one customer service, a fast delivery cycle, and comprehensive quality inspection reports. These advantages underscore our commitment to quality and customer satisfaction, ensuring a seamless purchasing experience.\" \/>\n<meta property=\"og:url\" content=\"https:\/\/qingdaohf.com\/lv\/products\/siksnu-siksnas-8-tonnu\/\" \/>\n<meta property=\"og:site_name\" content=\"Concrete Form &amp; Rigging Hardware Supplier\" \/>\n<meta property=\"article:publisher\" content=\"https:\/\/www.facebook.com\/qingdaohf\" \/>\n<meta property=\"article:modified_time\" content=\"2025-11-13T01:02:52+00:00\" \/>\n<meta property=\"og:image\" content=\"https:\/\/qingdaohf.com\/wp-content\/uploads\/2024\/10\/8ton-sling_1.webp\" \/>\n\t<meta property=\"og:image:width\" content=\"1000\" \/>\n\t<meta property=\"og:image:height\" content=\"1000\" \/>\n\t<meta property=\"og:image:type\" content=\"image\/webp\" \/>\n<meta name=\"twitter:card\" content=\"summary_large_image\" \/>\n<meta name=\"twitter:label1\" content=\"Est. reading time\" \/>\n\t<meta name=\"twitter:data1\" content=\"3 min\u016btes\" \/>\n<script type=\"application\/ld+json\" class=\"yoast-schema-graph\">{\"@context\":\"https:\/\/schema.org\",\"@graph\":[{\"@type\":\"WebPage\",\"@id\":\"https:\/\/qingdaohf.com\/product\/webbing-sling-8-ton\/\",\"url\":\"https:\/\/qingdaohf.com\/product\/webbing-sling-8-ton\/\",\"name\":\"Flat Webbing Sling 8 Ton Polyester Double Duplex\",\"isPartOf\":{\"@id\":\"https:\/\/qingdaohf.com\/bg\/#website\"},\"primaryImageOfPage\":{\"@id\":\"https:\/\/qingdaohf.com\/product\/webbing-sling-8-ton\/#primaryimage\"},\"image\":{\"@id\":\"https:\/\/qingdaohf.com\/product\/webbing-sling-8-ton\/#primaryimage\"},\"thumbnailUrl\":\"https:\/\/qingdaohf.com\/wp-content\/uploads\/2024\/10\/8ton-sling_1.webp\",\"datePublished\":\"2024-11-05T09:58:14+00:00\",\"dateModified\":\"2025-11-13T01:02:52+00:00\",\"breadcrumb\":{\"@id\":\"https:\/\/qingdaohf.com\/product\/webbing-sling-8-ton\/#breadcrumb\"},\"inLanguage\":\"lv-LV\",\"potentialAction\":[{\"@type\":\"ReadAction\",\"target\":[\"https:\/\/qingdaohf.com\/product\/webbing-sling-8-ton\/\"]}]},{\"@type\":\"ImageObject\",\"inLanguage\":\"lv-LV\",\"@id\":\"https:\/\/qingdaohf.com\/product\/webbing-sling-8-ton\/#primaryimage\",\"url\":\"https:\/\/qingdaohf.com\/wp-content\/uploads\/2024\/10\/8ton-sling_1.webp\",\"contentUrl\":\"https:\/\/qingdaohf.com\/wp-content\/uploads\/2024\/10\/8ton-sling_1.webp\",\"width\":1000,\"height\":1000,\"caption\":\"8ton sling\"},{\"@type\":\"BreadcrumbList\",\"@id\":\"https:\/\/qingdaohf.com\/product\/webbing-sling-8-ton\/#breadcrumb\",\"itemListElement\":[{\"@type\":\"ListItem\",\"position\":1,\"name\":\"Home\",\"item\":\"https:\/\/qingdaohf.com\/\"},{\"@type\":\"ListItem\",\"position\":2,\"name\":\"Concrete Forming Accessories and Rigging Hardware\",\"item\":\"https:\/\/qingdaohf.com\/bg\/?page_id=944\"},{\"@type\":\"ListItem\",\"position\":3,\"name\":\"Flat Webbing Sling 8 Ton Polyester Double Duplex\"}]},{\"@type\":\"WebSite\",\"@id\":\"https:\/\/qingdaohf.com\/bg\/#website\",\"url\":\"https:\/\/qingdaohf.com\/bg\/\",\"name\":\"Concrete Form & Rigging Hardware Supplier\",\"description\":\"\",\"publisher\":{\"@id\":\"https:\/\/qingdaohf.com\/bg\/#organization\"},\"potentialAction\":[{\"@type\":\"SearchAction\",\"target\":{\"@type\":\"EntryPoint\",\"urlTemplate\":\"https:\/\/qingdaohf.com\/bg\/?s={search_term_string}\"},\"query-input\":{\"@type\":\"PropertyValueSpecification\",\"valueRequired\":true,\"valueName\":\"search_term_string\"}}],\"inLanguage\":\"lv-LV\"},{\"@type\":\"Organization\",\"@id\":\"https:\/\/qingdaohf.com\/bg\/#organization\",\"name\":\"Qingdao H&F\",\"url\":\"https:\/\/qingdaohf.com\/bg\/\",\"logo\":{\"@type\":\"ImageObject\",\"inLanguage\":\"lv-LV\",\"@id\":\"https:\/\/qingdaohf.com\/bg\/#\/schema\/logo\/image\/\",\"url\":\"https:\/\/qingdaohf.com\/wp-content\/uploads\/2022\/12\/cropped-HF-LOGO.png\",\"contentUrl\":\"https:\/\/qingdaohf.com\/wp-content\/uploads\/2022\/12\/cropped-HF-LOGO.png\",\"width\":391,\"height\":249,\"caption\":\"Qingdao H&F\"},\"image\":{\"@id\":\"https:\/\/qingdaohf.com\/bg\/#\/schema\/logo\/image\/\"},\"sameAs\":[\"https:\/\/www.facebook.com\/qingdaohf\"]}]}<\/script>\n<!-- \/ Yoast SEO plugin. -->","yoast_head_json":{"title":"Flat Webbing Sling 8 Ton Polyester Double Duplex","robots":{"index":"index","follow":"follow","max-snippet":"max-snippet:-1","max-image-preview":"max-image-preview:large","max-video-preview":"max-video-preview:-1"},"canonical":"https:\/\/qingdaohf.com\/lv\/products\/siksnu-siksnas-8-tonnu\/","og_locale":"lv_LV","og_type":"article","og_title":"Flat Webbing Sling 8 Ton Polyester Double Duplex","og_description":"8-Ton Webbing Sling is crafted to handle substantial lifting demands, offering outstanding strength and reliability for industrial applications. Designed to address buyer concerns about load security, durability, and compliance with safety standards, this sling supports up to 8 tons with ease. As an established B2B trading company with 20 years of experience, Qingdao H&amp;F provides one-on-one customer service, a fast delivery cycle, and comprehensive quality inspection reports. These advantages underscore our commitment to quality and customer satisfaction, ensuring a seamless purchasing experience.","og_url":"https:\/\/qingdaohf.com\/lv\/products\/siksnu-siksnas-8-tonnu\/","og_site_name":"Concrete Form &amp; Rigging Hardware Supplier","article_publisher":"https:\/\/www.facebook.com\/qingdaohf","article_modified_time":"2025-11-13T01:02:52+00:00","og_image":[{"width":1000,"height":1000,"url":"https:\/\/qingdaohf.com\/wp-content\/uploads\/2024\/10\/8ton-sling_1.webp","type":"image\/webp"}],"twitter_card":"summary_large_image","twitter_misc":{"Est. reading time":"3 min\u016btes"},"schema":{"@context":"https:\/\/schema.org","@graph":[{"@type":"WebPage","@id":"https:\/\/qingdaohf.com\/product\/webbing-sling-8-ton\/","url":"https:\/\/qingdaohf.com\/product\/webbing-sling-8-ton\/","name":"Flat Webbing Sling 8 Ton Polyester Double Duplex","isPartOf":{"@id":"https:\/\/qingdaohf.com\/bg\/#website"},"primaryImageOfPage":{"@id":"https:\/\/qingdaohf.com\/product\/webbing-sling-8-ton\/#primaryimage"},"image":{"@id":"https:\/\/qingdaohf.com\/product\/webbing-sling-8-ton\/#primaryimage"},"thumbnailUrl":"https:\/\/qingdaohf.com\/wp-content\/uploads\/2024\/10\/8ton-sling_1.webp","datePublished":"2024-11-05T09:58:14+00:00","dateModified":"2025-11-13T01:02:52+00:00","breadcrumb":{"@id":"https:\/\/qingdaohf.com\/product\/webbing-sling-8-ton\/#breadcrumb"},"inLanguage":"lv-LV","potentialAction":[{"@type":"ReadAction","target":["https:\/\/qingdaohf.com\/product\/webbing-sling-8-ton\/"]}]},{"@type":"ImageObject","inLanguage":"lv-LV","@id":"https:\/\/qingdaohf.com\/product\/webbing-sling-8-ton\/#primaryimage","url":"https:\/\/qingdaohf.com\/wp-content\/uploads\/2024\/10\/8ton-sling_1.webp","contentUrl":"https:\/\/qingdaohf.com\/wp-content\/uploads\/2024\/10\/8ton-sling_1.webp","width":1000,"height":1000,"caption":"8ton sling"},{"@type":"BreadcrumbList","@id":"https:\/\/qingdaohf.com\/product\/webbing-sling-8-ton\/#breadcrumb","itemListElement":[{"@type":"ListItem","position":1,"name":"Home","item":"https:\/\/qingdaohf.com\/"},{"@type":"ListItem","position":2,"name":"Concrete Forming Accessories and Rigging Hardware","item":"https:\/\/qingdaohf.com\/bg\/?page_id=944"},{"@type":"ListItem","position":3,"name":"Flat Webbing Sling 8 Ton Polyester Double Duplex"}]},{"@type":"WebSite","@id":"https:\/\/qingdaohf.com\/bg\/#website","url":"https:\/\/qingdaohf.com\/bg\/","name":"Concrete Form & Rigging Hardware Supplier","description":"","publisher":{"@id":"https:\/\/qingdaohf.com\/bg\/#organization"},"potentialAction":[{"@type":"SearchAction","target":{"@type":"EntryPoint","urlTemplate":"https:\/\/qingdaohf.com\/bg\/?s={search_term_string}"},"query-input":{"@type":"PropertyValueSpecification","valueRequired":true,"valueName":"search_term_string"}}],"inLanguage":"lv-LV"},{"@type":"Organization","@id":"https:\/\/qingdaohf.com\/bg\/#organization","name":"Qingdao H&F","url":"https:\/\/qingdaohf.com\/bg\/","logo":{"@type":"ImageObject","inLanguage":"lv-LV","@id":"https:\/\/qingdaohf.com\/bg\/#\/schema\/logo\/image\/","url":"https:\/\/qingdaohf.com\/wp-content\/uploads\/2022\/12\/cropped-HF-LOGO.png","contentUrl":"https:\/\/qingdaohf.com\/wp-content\/uploads\/2022\/12\/cropped-HF-LOGO.png","width":391,"height":249,"caption":"Qingdao H&F"},"image":{"@id":"https:\/\/qingdaohf.com\/bg\/#\/schema\/logo\/image\/"},"sameAs":["https:\/\/www.facebook.com\/qingdaohf"]}]}},"_links":{"self":[{"href":"https:\/\/qingdaohf.com\/lv\/wp-json\/wp\/v2\/product\/8289","targetHints":{"allow":["GET"]}}],"collection":[{"href":"https:\/\/qingdaohf.com\/lv\/wp-json\/wp\/v2\/product"}],"about":[{"href":"https:\/\/qingdaohf.com\/lv\/wp-json\/wp\/v2\/types\/product"}],"replies":[{"embeddable":true,"href":"https:\/\/qingdaohf.com\/lv\/wp-json\/wp\/v2\/comments?post=8289"}],"version-history":[{"count":2,"href":"https:\/\/qingdaohf.com\/lv\/wp-json\/wp\/v2\/product\/8289\/revisions"}],"predecessor-version":[{"id":8334,"href":"https:\/\/qingdaohf.com\/lv\/wp-json\/wp\/v2\/product\/8289\/revisions\/8334"}],"wp:featuredmedia":[{"embeddable":true,"href":"https:\/\/qingdaohf.com\/lv\/wp-json\/wp\/v2\/media\/8193"}],"wp:attachment":[{"href":"https:\/\/qingdaohf.com\/lv\/wp-json\/wp\/v2\/media?parent=8289"}],"wp:term":[{"taxonomy":"product_brand","embeddable":true,"href":"https:\/\/qingdaohf.com\/lv\/wp-json\/wp\/v2\/product_brand?post=8289"},{"taxonomy":"product_cat","embeddable":true,"href":"https:\/\/qingdaohf.com\/lv\/wp-json\/wp\/v2\/product_cat?post=8289"},{"taxonomy":"product_tag","embeddable":true,"href":"https:\/\/qingdaohf.com\/lv\/wp-json\/wp\/v2\/product_tag?post=8289"}],"curies":[{"name":"wp","href":"https:\/\/api.w.org\/{rel}","templated":true}]}}