{"id":8291,"date":"2024-11-05T17:59:58","date_gmt":"2024-11-05T09:59:58","guid":{"rendered":"http:\/\/qingdaohf.com\/?post_type=product&#038;p=8291"},"modified":"2025-11-13T09:02:52","modified_gmt":"2025-11-13T01:02:52","slug":"webbing-sling-10-ton","status":"publish","type":"product","link":"https:\/\/qingdaohf.com\/lv\/products\/siksnu-strope-10-tonnu\/","title":{"rendered":"Plakanas siksnas siksnas 10 tonnu poliestera dubult\u0101 dupleksa siksna"},"content":{"rendered":"<h4>Augstas veiktsp\u0113jas cel\u0161anas risin\u0101jumi: 10 tonnu siksnas siksnas iztur\u012bba un stipr\u012bba<\/h4>\n<p>R\u016bpniecisk\u0101s pacel\u0161anas uzdevumiem, kur nepiecie\u0161ams dro\u0161s un jaud\u012bgs atbalsts, optim\u0101lu risin\u0101jumu pied\u0101v\u0101 Qingdao H&amp;F 10 tonnu siksnu strope. \u0160\u012b siksna, kas izgatavota no augstas stipr\u012bbas poliestera, ir iztur\u012bga l\u012bdz 10 tonn\u0101m, t\u0101p\u0113c t\u0101 ir ide\u0101li piem\u0113rota t\u0101d\u0101m nozar\u0113m k\u0101 b\u016bvniec\u012bba, lo\u0123istika un ra\u017eo\u0161ana. 10 tonnu siksnas siksnas elast\u012bba nodro\u0161ina t\u0101s integrit\u0101tes saglab\u0101\u0161anu pat pie atk\u0101rtot\u0101m, liel\u0101m slodz\u0113m sare\u017e\u0123\u012bt\u0101 vid\u0113, nodro\u0161inot uz\u0146\u0113mumiem iztur\u012bgu un rentablu risin\u0101jumu cel\u0161anas vajadz\u012bb\u0101m.<\/p>\n<p>Lai nodro\u0161in\u0101tu visaugst\u0101kos uzticam\u012bbas un dro\u0161\u012bbas standartus, katra 10 tonnu siksna tiek stingri test\u0113ta, un pirc\u0113ji sa\u0146em kvalit\u0101tes p\u0101rbaudes zi\u0146ojumu, kas apliecina t\u0101s atbilst\u012bbu starptautiskajiem dro\u0161\u012bbas un veiktsp\u0113jas standartiem. Qingdao H&amp;F ap\u0146em\u0161an\u0101s nodro\u0161in\u0101t p\u0101rredzam\u012bbu p\u0101rliecina pirc\u0113jus, ka vi\u0146i iegulda l\u012bdzek\u013cus produkt\u0101, kas atbilst vis\u0101m normat\u012bvaj\u0101m pras\u012bb\u0101m. Qingdao H&amp;F pied\u0101v\u0101tais \u0101trais pieg\u0101des cikls \u013cauj klientiem nekav\u0113joties piek\u013c\u016bt nepiecie\u0161amajam apr\u012bkojumam, l\u012bdz minimumam samazinot darb\u012bbas kav\u0113\u0161anos un uzlabojot kop\u0113jo efektivit\u0101ti.<\/p>\n<h4>Dro\u0161\u012bba un stabilit\u0101te lielas noslodzes cel\u0161anas lietojumos<\/h4>\n<p>R\u016bpniecisk\u0101s vid\u0113s, kur\u0101s ir augstas likmes, cel\u0161anas iek\u0101rtu stabilit\u0101tei un dro\u0161\u012bbai ir iz\u0161\u0137iro\u0161a noz\u012bme gan dro\u0161\u012bbas, gan produktivit\u0101tes zi\u0146\u0101. Qingdao H&amp;F 10 tonnu siksnu strope ir izstr\u0101d\u0101ta t\u0101, lai nodro\u0161in\u0101tu izcilu kravas stabilit\u0101ti, pal\u012bdzot vienm\u0113r\u012bgi sadal\u012bt svaru vis\u0101 krav\u0101. \u0160\u012b konstrukcija samazina spiediena punktus un l\u012bdz minimumam samazina kravas boj\u0101jumu vai p\u0101rvieto\u0161an\u0101s risku cel\u0161anas oper\u0101ciju laik\u0101, t\u0101d\u0113j\u0101di nodro\u0161inot operatoru mieru. Plat\u0101, iztur\u012bg\u0101 poliestera siksna ir iztur\u012bga pret nodilumu, nodilumu un UV starojumu, saglab\u0101jot savu iztur\u012bbu sare\u017e\u0123\u012btos apst\u0101k\u013cos.<\/p>\n<p>Pacel\u0161anas oper\u0101ciju dro\u0161\u012bbu paaugstina Qingdao H&amp;F r\u016bp\u012bgie ra\u017eo\u0161anas standarti. Katra strope atbilst vai p\u0101rsniedz starptautiskos nozares noteikumus, t\u0101p\u0113c t\u0101 ir piem\u0113rota da\u017e\u0101diem pielietojumiem, kur ir sp\u0113k\u0101 stingri dro\u0161\u012bbas protokoli. Veicot stingru kvalit\u0101tes kontroli katr\u0101 ra\u017eo\u0161anas posm\u0101, Qingdao H&amp;F nodro\u0161ina, ka 10 tonnu siksnas siksnas sniedz uzticamu atbalstu visgr\u016bt\u0101kajos apst\u0101k\u013cos. \u0160\u012bs ap\u0146em\u0161an\u0101s apliecin\u0101jums ir detaliz\u0113ti kvalit\u0101tes p\u0101rbaudes zi\u0146ojumi, kas pieejami kop\u0101 ar katru stropi, pal\u012bdzot uz\u0146\u0113mumiem dro\u0161i iev\u0113rot dro\u0161\u012bbas un atbilst\u012bbas standartus.<\/p>\n<h4>Qingdao H&amp;F: uzticams partneris augstas veiktsp\u0113jas pacel\u0161anas risin\u0101jumiem<\/h4>\n<p>K\u0101 pieredz\u0113jis B2B tirdzniec\u012bbas uz\u0146\u0113mums ar divdesmit gadu pieredzi Qingdao H&amp;F ir ap\u0146\u0113mies atbalst\u012bt uz\u0146\u0113mumus, pied\u0101v\u0101jot produktus, kas apvieno kvalit\u0101ti, dro\u0161\u012bbu un apkalpo\u0161anu. 10 tonnu siksnu strope ir piem\u0113rs Qingdao H&amp;F pieejai nodro\u0161in\u0101t uzticamu, augstas veiktsp\u0113jas apr\u012bkojumu, kas atbilst r\u016bpniecisko pirc\u0113ju praktiskaj\u0101m vajadz\u012bb\u0101m. Katrai stropei ir pievienots kvalit\u0101tes p\u0101rbaudes zi\u0146ojums, kas pirc\u0113jiem sniedz skaidru priek\u0161statu par izstr\u0101d\u0101juma specifik\u0101cij\u0101m un nodro\u0161ina piln\u012bgu p\u0101rredzam\u012bbu attiec\u012bb\u0101 uz t\u0101 veiktsp\u0113ju.<\/p>\n<p>Qingdao H&amp;F individu\u0101lais klientu apkalpo\u0161anas modelis \u013cauj pirc\u0113jiem sa\u0146emt personaliz\u0113tu atbalstu no zino\u0161iem p\u0101rst\u0101vjiem, pal\u012bdzot izv\u0113l\u0113ties ide\u0101lo pacel\u0161anas apr\u012bkojumu atbilsto\u0161i vi\u0146u \u012bpa\u0161aj\u0101m pras\u012bb\u0101m. \u0160\u012b uzman\u012bg\u0101 pieeja, k\u0101 ar\u012b \u0101trs un efekt\u012bvs pieg\u0101des cikls apliecina Qingdao H&amp;F ap\u0146em\u0161anos atvieglot netrauc\u0113tu pirk\u0161anas procesu, kas atbilst klientu darb\u012bbas grafikam. Qingdao H&amp;F koncentr\u0113\u0161an\u0101s uz klientu apmierin\u0101t\u012bbu un kvalit\u0101tes kontroli ir nostiprin\u0101jusi Qingdao H&amp;F k\u0101 uzticamu nosaukumu r\u016bpniecisko pac\u0113l\u0101ju tirg\u016b.<\/p>\n<p>Qingdao H&amp;F 10 tonnu siksnu strope ir kas vair\u0101k nek\u0101 tikai cel\u0161anas risin\u0101jums - tas ir uzticams partneris uz\u0146\u0113mumiem, kas r\u016bp\u0113jas par dro\u0161\u012bbu, efektivit\u0101ti un augstu veiktsp\u0113ju. Ar katru stropi Qingdao H&amp;F pied\u0101v\u0101 produktu, kas atbilst nozares standartiem, vienlaikus nodro\u0161inot dro\u0161u un efekt\u012bvu risin\u0101jumu smagu kravu cel\u0161anai.<\/p>","protected":false},"excerpt":{"rendered":"<p>10 tonnu siksnas strope ir veidota smagu kravu cel\u0161anai, lai atbilstu stingraj\u0101m pras\u012bb\u0101m nozar\u0113s, kur\u0101s ir svar\u012bgi dro\u0161i un jaud\u012bgi pacelt kravas. \u0160\u012b iztur\u012bg\u0101 strope sp\u0113j iztur\u0113t l\u012bdz 10 tonn\u0101m, risinot pirc\u0113ju galven\u0101s ba\u017eas par iztur\u012bbu, dro\u0161\u012bbu un uzticam\u012bbu. K\u0101 pieredz\u0113jis B2B tirdzniec\u012bbas uz\u0146\u0113mums Qingdao H&amp;F nodro\u0161ina individu\u0101lu klientu atbalstu, \u0101tru pieg\u0101di un visaptvero\u0161us kvalit\u0101tes p\u0101rbaudes zi\u0146ojumus, nodro\u0161inot netrauc\u0113tu pirk\u0161anas pieredzi, kuras priorit\u0101te ir p\u0101rredzam\u012bba un klientu apmierin\u0101t\u012bba.<\/p>","protected":false},"featured_media":8192,"comment_status":"open","ping_status":"closed","template":"","meta":{"site-sidebar-layout":"default","site-content-layout":"","ast-site-content-layout":"default","site-content-style":"default","site-sidebar-style":"default","ast-global-header-display":"","ast-banner-title-visibility":"","ast-main-header-display":"","ast-hfb-above-header-display":"","ast-hfb-below-header-display":"","ast-hfb-mobile-header-display":"","site-post-title":"","ast-breadcrumbs-content":"","ast-featured-img":"","footer-sml-layout":"","theme-transparent-header-meta":"default","adv-header-id-meta":"","stick-header-meta":"default","header-above-stick-meta":"","header-main-stick-meta":"","header-below-stick-meta":"","astra-migrate-meta-layouts":"set","ast-page-background-enabled":"default","ast-page-background-meta":{"desktop":{"background-color":"","background-image":"","background-repeat":"repeat","background-position":"center center","background-size":"auto","background-attachment":"scroll","background-type":"","background-media":"","overlay-type":"","overlay-color":"","overlay-opacity":"","overlay-gradient":""},"tablet":{"background-color":"","background-image":"","background-repeat":"repeat","background-position":"center center","background-size":"auto","background-attachment":"scroll","background-type":"","background-media":"","overlay-type":"","overlay-color":"","overlay-opacity":"","overlay-gradient":""},"mobile":{"background-color":"","background-image":"","background-repeat":"repeat","background-position":"center center","background-size":"auto","background-attachment":"scroll","background-type":"","background-media":"","overlay-type":"","overlay-color":"","overlay-opacity":"","overlay-gradient":""}},"ast-content-background-meta":{"desktop":{"background-color":"var(--ast-global-color-5)","background-image":"","background-repeat":"repeat","background-position":"center center","background-size":"auto","background-attachment":"scroll","background-type":"","background-media":"","overlay-type":"","overlay-color":"","overlay-opacity":"","overlay-gradient":""},"tablet":{"background-color":"var(--ast-global-color-5)","background-image":"","background-repeat":"repeat","background-position":"center center","background-size":"auto","background-attachment":"scroll","background-type":"","background-media":"","overlay-type":"","overlay-color":"","overlay-opacity":"","overlay-gradient":""},"mobile":{"background-color":"var(--ast-global-color-5)","background-image":"","background-repeat":"repeat","background-position":"center center","background-size":"auto","background-attachment":"scroll","background-type":"","background-media":"","overlay-type":"","overlay-color":"","overlay-opacity":"","overlay-gradient":""}}},"product_brand":[],"product_cat":[39],"product_tag":[],"class_list":{"0":"post-8291","1":"product","2":"type-product","3":"status-publish","4":"has-post-thumbnail","6":"product_cat-webbing-sling","7":"desktop-align-left","8":"tablet-align-left","9":"mobile-align-left","10":"ast-product-gallery-layout-horizontal-slider","11":"ast-product-gallery-with-no-image","12":"ast-product-tabs-layout-horizontal","14":"first","15":"instock","16":"shipping-taxable","17":"purchasable","18":"product-type-simple"},"yoast_head":"<!-- This site is optimized with the Yoast SEO plugin v25.2 - https:\/\/yoast.com\/wordpress\/plugins\/seo\/ -->\n<title>Flat Webbing Sling 10 Ton Polyester Double Duplex<\/title>\n<meta name=\"robots\" content=\"index, follow, max-snippet:-1, max-image-preview:large, max-video-preview:-1\" \/>\n<link rel=\"canonical\" href=\"https:\/\/qingdaohf.com\/lv\/products\/siksnu-strope-10-tonnu\/\" \/>\n<meta property=\"og:locale\" content=\"lv_LV\" \/>\n<meta property=\"og:type\" content=\"article\" \/>\n<meta property=\"og:title\" content=\"Flat Webbing Sling 10 Ton Polyester Double Duplex\" \/>\n<meta property=\"og:description\" content=\"10-Ton Webbing Sling is built for heavy-duty lifting, designed to meet the stringent demands of industries where secure, high-capacity lifting is essential. This durable sling handles up to 10 tons, addressing buyers&#039; primary concerns about strength, safety, and reliability. As an experienced B2B trading company, Qingdao H&amp;F provides one-on-one customer support, fast delivery, and comprehensive quality inspection reports, ensuring a smooth buying experience that prioritizes transparency and customer satisfaction.\" \/>\n<meta property=\"og:url\" content=\"https:\/\/qingdaohf.com\/lv\/products\/siksnu-strope-10-tonnu\/\" \/>\n<meta property=\"og:site_name\" content=\"Concrete Form &amp; Rigging Hardware Supplier\" \/>\n<meta property=\"article:publisher\" content=\"https:\/\/www.facebook.com\/qingdaohf\" \/>\n<meta property=\"article:modified_time\" content=\"2025-11-13T01:02:52+00:00\" \/>\n<meta property=\"og:image\" content=\"https:\/\/qingdaohf.com\/wp-content\/uploads\/2024\/10\/10-tons_1.webp\" \/>\n\t<meta property=\"og:image:width\" content=\"1000\" \/>\n\t<meta property=\"og:image:height\" content=\"1000\" \/>\n\t<meta property=\"og:image:type\" content=\"image\/webp\" \/>\n<meta name=\"twitter:card\" content=\"summary_large_image\" \/>\n<meta name=\"twitter:label1\" content=\"Est. reading time\" \/>\n\t<meta name=\"twitter:data1\" content=\"3 min\u016btes\" \/>\n<script type=\"application\/ld+json\" class=\"yoast-schema-graph\">{\"@context\":\"https:\/\/schema.org\",\"@graph\":[{\"@type\":\"WebPage\",\"@id\":\"https:\/\/qingdaohf.com\/product\/webbing-sling-10-ton\/\",\"url\":\"https:\/\/qingdaohf.com\/product\/webbing-sling-10-ton\/\",\"name\":\"Flat Webbing Sling 10 Ton Polyester Double Duplex\",\"isPartOf\":{\"@id\":\"https:\/\/qingdaohf.com\/bg\/#website\"},\"primaryImageOfPage\":{\"@id\":\"https:\/\/qingdaohf.com\/product\/webbing-sling-10-ton\/#primaryimage\"},\"image\":{\"@id\":\"https:\/\/qingdaohf.com\/product\/webbing-sling-10-ton\/#primaryimage\"},\"thumbnailUrl\":\"https:\/\/qingdaohf.com\/wp-content\/uploads\/2024\/10\/10-tons_1.webp\",\"datePublished\":\"2024-11-05T09:59:58+00:00\",\"dateModified\":\"2025-11-13T01:02:52+00:00\",\"breadcrumb\":{\"@id\":\"https:\/\/qingdaohf.com\/product\/webbing-sling-10-ton\/#breadcrumb\"},\"inLanguage\":\"lv-LV\",\"potentialAction\":[{\"@type\":\"ReadAction\",\"target\":[\"https:\/\/qingdaohf.com\/product\/webbing-sling-10-ton\/\"]}]},{\"@type\":\"ImageObject\",\"inLanguage\":\"lv-LV\",\"@id\":\"https:\/\/qingdaohf.com\/product\/webbing-sling-10-ton\/#primaryimage\",\"url\":\"https:\/\/qingdaohf.com\/wp-content\/uploads\/2024\/10\/10-tons_1.webp\",\"contentUrl\":\"https:\/\/qingdaohf.com\/wp-content\/uploads\/2024\/10\/10-tons_1.webp\",\"width\":1000,\"height\":1000,\"caption\":\"Webbing Sling 10 Ton\"},{\"@type\":\"BreadcrumbList\",\"@id\":\"https:\/\/qingdaohf.com\/product\/webbing-sling-10-ton\/#breadcrumb\",\"itemListElement\":[{\"@type\":\"ListItem\",\"position\":1,\"name\":\"Home\",\"item\":\"https:\/\/qingdaohf.com\/\"},{\"@type\":\"ListItem\",\"position\":2,\"name\":\"Concrete Forming Accessories and Rigging Hardware\",\"item\":\"https:\/\/qingdaohf.com\/bg\/?page_id=944\"},{\"@type\":\"ListItem\",\"position\":3,\"name\":\"Flat Webbing Sling 10 Ton Polyester Double Duplex\"}]},{\"@type\":\"WebSite\",\"@id\":\"https:\/\/qingdaohf.com\/bg\/#website\",\"url\":\"https:\/\/qingdaohf.com\/bg\/\",\"name\":\"Concrete Form & Rigging Hardware Supplier\",\"description\":\"\",\"publisher\":{\"@id\":\"https:\/\/qingdaohf.com\/bg\/#organization\"},\"potentialAction\":[{\"@type\":\"SearchAction\",\"target\":{\"@type\":\"EntryPoint\",\"urlTemplate\":\"https:\/\/qingdaohf.com\/bg\/?s={search_term_string}\"},\"query-input\":{\"@type\":\"PropertyValueSpecification\",\"valueRequired\":true,\"valueName\":\"search_term_string\"}}],\"inLanguage\":\"lv-LV\"},{\"@type\":\"Organization\",\"@id\":\"https:\/\/qingdaohf.com\/bg\/#organization\",\"name\":\"Qingdao H&F\",\"url\":\"https:\/\/qingdaohf.com\/bg\/\",\"logo\":{\"@type\":\"ImageObject\",\"inLanguage\":\"lv-LV\",\"@id\":\"https:\/\/qingdaohf.com\/bg\/#\/schema\/logo\/image\/\",\"url\":\"https:\/\/qingdaohf.com\/wp-content\/uploads\/2022\/12\/cropped-HF-LOGO.png\",\"contentUrl\":\"https:\/\/qingdaohf.com\/wp-content\/uploads\/2022\/12\/cropped-HF-LOGO.png\",\"width\":391,\"height\":249,\"caption\":\"Qingdao H&F\"},\"image\":{\"@id\":\"https:\/\/qingdaohf.com\/bg\/#\/schema\/logo\/image\/\"},\"sameAs\":[\"https:\/\/www.facebook.com\/qingdaohf\"]}]}<\/script>\n<!-- \/ Yoast SEO plugin. -->","yoast_head_json":{"title":"Flat Webbing Sling 10 Ton Polyester Double Duplex","robots":{"index":"index","follow":"follow","max-snippet":"max-snippet:-1","max-image-preview":"max-image-preview:large","max-video-preview":"max-video-preview:-1"},"canonical":"https:\/\/qingdaohf.com\/lv\/products\/siksnu-strope-10-tonnu\/","og_locale":"lv_LV","og_type":"article","og_title":"Flat Webbing Sling 10 Ton Polyester Double Duplex","og_description":"10-Ton Webbing Sling is built for heavy-duty lifting, designed to meet the stringent demands of industries where secure, high-capacity lifting is essential. This durable sling handles up to 10 tons, addressing buyers' primary concerns about strength, safety, and reliability. As an experienced B2B trading company, Qingdao H&amp;F provides one-on-one customer support, fast delivery, and comprehensive quality inspection reports, ensuring a smooth buying experience that prioritizes transparency and customer satisfaction.","og_url":"https:\/\/qingdaohf.com\/lv\/products\/siksnu-strope-10-tonnu\/","og_site_name":"Concrete Form &amp; Rigging Hardware Supplier","article_publisher":"https:\/\/www.facebook.com\/qingdaohf","article_modified_time":"2025-11-13T01:02:52+00:00","og_image":[{"width":1000,"height":1000,"url":"https:\/\/qingdaohf.com\/wp-content\/uploads\/2024\/10\/10-tons_1.webp","type":"image\/webp"}],"twitter_card":"summary_large_image","twitter_misc":{"Est. reading time":"3 min\u016btes"},"schema":{"@context":"https:\/\/schema.org","@graph":[{"@type":"WebPage","@id":"https:\/\/qingdaohf.com\/product\/webbing-sling-10-ton\/","url":"https:\/\/qingdaohf.com\/product\/webbing-sling-10-ton\/","name":"Flat Webbing Sling 10 Ton Polyester Double Duplex","isPartOf":{"@id":"https:\/\/qingdaohf.com\/bg\/#website"},"primaryImageOfPage":{"@id":"https:\/\/qingdaohf.com\/product\/webbing-sling-10-ton\/#primaryimage"},"image":{"@id":"https:\/\/qingdaohf.com\/product\/webbing-sling-10-ton\/#primaryimage"},"thumbnailUrl":"https:\/\/qingdaohf.com\/wp-content\/uploads\/2024\/10\/10-tons_1.webp","datePublished":"2024-11-05T09:59:58+00:00","dateModified":"2025-11-13T01:02:52+00:00","breadcrumb":{"@id":"https:\/\/qingdaohf.com\/product\/webbing-sling-10-ton\/#breadcrumb"},"inLanguage":"lv-LV","potentialAction":[{"@type":"ReadAction","target":["https:\/\/qingdaohf.com\/product\/webbing-sling-10-ton\/"]}]},{"@type":"ImageObject","inLanguage":"lv-LV","@id":"https:\/\/qingdaohf.com\/product\/webbing-sling-10-ton\/#primaryimage","url":"https:\/\/qingdaohf.com\/wp-content\/uploads\/2024\/10\/10-tons_1.webp","contentUrl":"https:\/\/qingdaohf.com\/wp-content\/uploads\/2024\/10\/10-tons_1.webp","width":1000,"height":1000,"caption":"Webbing Sling 10 Ton"},{"@type":"BreadcrumbList","@id":"https:\/\/qingdaohf.com\/product\/webbing-sling-10-ton\/#breadcrumb","itemListElement":[{"@type":"ListItem","position":1,"name":"Home","item":"https:\/\/qingdaohf.com\/"},{"@type":"ListItem","position":2,"name":"Concrete Forming Accessories and Rigging Hardware","item":"https:\/\/qingdaohf.com\/bg\/?page_id=944"},{"@type":"ListItem","position":3,"name":"Flat Webbing Sling 10 Ton Polyester Double Duplex"}]},{"@type":"WebSite","@id":"https:\/\/qingdaohf.com\/bg\/#website","url":"https:\/\/qingdaohf.com\/bg\/","name":"Concrete Form & Rigging Hardware Supplier","description":"","publisher":{"@id":"https:\/\/qingdaohf.com\/bg\/#organization"},"potentialAction":[{"@type":"SearchAction","target":{"@type":"EntryPoint","urlTemplate":"https:\/\/qingdaohf.com\/bg\/?s={search_term_string}"},"query-input":{"@type":"PropertyValueSpecification","valueRequired":true,"valueName":"search_term_string"}}],"inLanguage":"lv-LV"},{"@type":"Organization","@id":"https:\/\/qingdaohf.com\/bg\/#organization","name":"Qingdao H&F","url":"https:\/\/qingdaohf.com\/bg\/","logo":{"@type":"ImageObject","inLanguage":"lv-LV","@id":"https:\/\/qingdaohf.com\/bg\/#\/schema\/logo\/image\/","url":"https:\/\/qingdaohf.com\/wp-content\/uploads\/2022\/12\/cropped-HF-LOGO.png","contentUrl":"https:\/\/qingdaohf.com\/wp-content\/uploads\/2022\/12\/cropped-HF-LOGO.png","width":391,"height":249,"caption":"Qingdao H&F"},"image":{"@id":"https:\/\/qingdaohf.com\/bg\/#\/schema\/logo\/image\/"},"sameAs":["https:\/\/www.facebook.com\/qingdaohf"]}]}},"_links":{"self":[{"href":"https:\/\/qingdaohf.com\/lv\/wp-json\/wp\/v2\/product\/8291","targetHints":{"allow":["GET"]}}],"collection":[{"href":"https:\/\/qingdaohf.com\/lv\/wp-json\/wp\/v2\/product"}],"about":[{"href":"https:\/\/qingdaohf.com\/lv\/wp-json\/wp\/v2\/types\/product"}],"replies":[{"embeddable":true,"href":"https:\/\/qingdaohf.com\/lv\/wp-json\/wp\/v2\/comments?post=8291"}],"version-history":[{"count":2,"href":"https:\/\/qingdaohf.com\/lv\/wp-json\/wp\/v2\/product\/8291\/revisions"}],"predecessor-version":[{"id":8333,"href":"https:\/\/qingdaohf.com\/lv\/wp-json\/wp\/v2\/product\/8291\/revisions\/8333"}],"wp:featuredmedia":[{"embeddable":true,"href":"https:\/\/qingdaohf.com\/lv\/wp-json\/wp\/v2\/media\/8192"}],"wp:attachment":[{"href":"https:\/\/qingdaohf.com\/lv\/wp-json\/wp\/v2\/media?parent=8291"}],"wp:term":[{"taxonomy":"product_brand","embeddable":true,"href":"https:\/\/qingdaohf.com\/lv\/wp-json\/wp\/v2\/product_brand?post=8291"},{"taxonomy":"product_cat","embeddable":true,"href":"https:\/\/qingdaohf.com\/lv\/wp-json\/wp\/v2\/product_cat?post=8291"},{"taxonomy":"product_tag","embeddable":true,"href":"https:\/\/qingdaohf.com\/lv\/wp-json\/wp\/v2\/product_tag?post=8291"}],"curies":[{"name":"wp","href":"https:\/\/api.w.org\/{rel}","templated":true}]}}