{"id":8310,"date":"2024-11-07T14:33:56","date_gmt":"2024-11-07T06:33:56","guid":{"rendered":"http:\/\/qingdaohf.com\/?post_type=product&#038;p=8310"},"modified":"2025-11-13T09:02:52","modified_gmt":"2025-11-13T01:02:52","slug":"spek-anchor-stockless-anchor","status":"publish","type":"product","link":"https:\/\/qingdaohf.com\/lv\/products\/spek-enkurs-bez-krajumiem-enkurs\/","title":{"rendered":"Spek Enkurs bez kr\u0101jumiem Enkurs"},"content":{"rendered":"<h3>Spek enkuru p\u0101rskats un unik\u0101lais dizains<\/h3>\n<p>Spek enkurs ir pla\u0161i iecien\u012bts enkuru veids, ko izmanto j\u016bras un piekrastes nozar\u0113s, un tas ir izv\u0113l\u0113ts t\u0101 at\u0161\u0137ir\u012bg\u0101 dizaina d\u0113\u013c, kas uzsver stabilit\u0101ti un iztur\u012bbu. K\u0101 viens no tradicion\u0101l\u0101kajiem enkuru veidiem Spek enkurs ir ieguvis reput\u0101ciju k\u0101 efekt\u012bvs da\u017e\u0101dos j\u016bras apst\u0101k\u013cos, galvenok\u0101rt pateicoties t\u0101 sp\u0113jai \u0101tri ierakt da\u017e\u0101dos j\u016bras dibenos. Sal\u012bdzinot ar citiem enkuriem, Spek enkura konstrukcija nodro\u0161ina \u0101tru iegremd\u0113\u0161anu p\u0113c izvieto\u0161anas, kas ir \u013coti v\u0113lama \u012bpa\u0161\u012bba ku\u0123iem, kuriem nepiecie\u0161ama dro\u0161a notur\u012bbas jauda bez ilgsto\u0161\u0101m enkuro\u0161anas proced\u016br\u0101m.<\/p>\n<p>\u0160im enkuru tipam ir \u012bpa\u0161i izstr\u0101d\u0101ta rokturis un k\u0101ts, kas abi ir optimiz\u0113ti, lai iztur\u0113tu rot\u0101cijas sp\u0113kus, ko izraisa \u016bdens kust\u012bbas izmai\u0146as. \u0160\u012b unik\u0101l\u0101 forma ne tikai samazina vilk\u0161anu, bet ar\u012b saglab\u0101 stabilit\u0101ti strauju straumes izmai\u0146u laik\u0101, nodro\u0161inot mieru ku\u0123u operatoriem, kas pa\u013caujas uz past\u0101v\u012bgu notur\u012bbas sp\u0113ku. Spek enkura \u0123eometrija ietver pla\u0161u roktura le\u0146\u0137i un sv\u0113rtu k\u0101tu, kas pal\u012bdz uztur\u0113t labv\u0113l\u012bgu ieie\u0161anas le\u0146\u0137i j\u016bras gultn\u0113. \u0160\u012b \u012bpa\u0161\u012bba \u013cauj tam \u0101tri nostabiliz\u0113ties un nostiprin\u0101ties smil\u0161ain\u0101 vai dub\u013cain\u0101 substr\u0101t\u0101, padarot to univers\u0101lu da\u017e\u0101d\u0101s j\u016bras vid\u0113s.<\/p>\n<p>Qingdao H&amp;F pieg\u0101d\u0101 Spek enkurus, kas atbilst \u0161iem kritiskajiem veiktsp\u0113jas standartiem, vienlaikus uzlabojot klientu \u0113rt\u012bbas ar papildu atbalstu un kvalit\u0101tes nodro\u0161in\u0101\u0161anu. M\u0113s pied\u0101v\u0101jam da\u017e\u0101dus kvalit\u0101tes p\u0101rbaudes zi\u0146ojumus, lai apstiprin\u0101tu katra enkura struktur\u0101lo integrit\u0101ti un veiktsp\u0113jas sp\u0113jas, nodro\u0161inot atbilst\u012bbu stingrajiem j\u016bras dro\u0161\u012bbas noteikumiem. Pied\u0101v\u0101jot individu\u0101lu klientu atbalstu, m\u0113s pal\u012bdzam pirc\u0113jiem izv\u0113l\u0113ties optim\u0101lo enkuru izm\u0113ru un tipu konkr\u0113tajam pielietojumam. M\u016bsu uzticamais un \u0101trais pieg\u0101des process v\u0113l vair\u0101k nodro\u0161ina, ka klienti sa\u0146em savus produktus savlaic\u012bgi, samazinot iesp\u0113jamos darb\u012bbas kav\u0113jumus.<\/p>\n<p><img fetchpriority=\"high\" decoding=\"async\" class=\"alignnone wp-image-8317 size-full\" src=\"http:\/\/qingdaohf.com\/wp-content\/uploads\/2024\/11\/spek-anchor-1.jpg\" alt=\"\" width=\"640\" height=\"640\" srcset=\"https:\/\/qingdaohf.com\/wp-content\/uploads\/2024\/11\/spek-anchor-1.jpg 640w, https:\/\/qingdaohf.com\/wp-content\/uploads\/2024\/11\/spek-anchor-1-300x300.jpg 300w, https:\/\/qingdaohf.com\/wp-content\/uploads\/2024\/11\/spek-anchor-1-150x150.jpg 150w, https:\/\/qingdaohf.com\/wp-content\/uploads\/2024\/11\/spek-anchor-1-12x12.jpg 12w, https:\/\/qingdaohf.com\/wp-content\/uploads\/2024\/11\/spek-anchor-1-500x500.jpg 500w, https:\/\/qingdaohf.com\/wp-content\/uploads\/2024\/11\/spek-anchor-1-100x100.jpg 100w\" sizes=\"(max-width: 640px) 100vw, 640px\" \/> <img decoding=\"async\" class=\"alignnone wp-image-8318 size-full\" src=\"http:\/\/qingdaohf.com\/wp-content\/uploads\/2024\/11\/spek-anchor-1.png\" alt=\"\" width=\"598\" height=\"727\" srcset=\"https:\/\/qingdaohf.com\/wp-content\/uploads\/2024\/11\/spek-anchor-1.png 598w, https:\/\/qingdaohf.com\/wp-content\/uploads\/2024\/11\/spek-anchor-1-247x300.png 247w, https:\/\/qingdaohf.com\/wp-content\/uploads\/2024\/11\/spek-anchor-1-10x12.png 10w\" sizes=\"(max-width: 598px) 100vw, 598px\" \/><\/p>\n<h3>Spek enkura pielietojums un daudzpus\u012bba da\u017e\u0101d\u0101s j\u016bras vid\u0113s<\/h3>\n<p>Spek enkurs bie\u017ei tiek izv\u0113l\u0113ts komerci\u0101liem ku\u0123iem, j\u016bras platform\u0101m un citiem lieliem ku\u0123iem, jo tas ir iespaid\u012bgs un piel\u0101gojams. \u0160is enkurs ir \u012bpa\u0161i efekt\u012bvs liel\u0101kiem ku\u0123iem, kur dro\u0161a pietauvo\u0161an\u0101s ir \u013coti svar\u012bga, lai saglab\u0101tu stabilit\u0101ti ilgsto\u0161as uztur\u0113\u0161an\u0101s laik\u0101. Vid\u0113ji smagos un smagos j\u016bras apst\u0101k\u013cos Spek enkurs ir priek\u0161roc\u012bba, jo tas ir iztur\u012bgs pret s\u0101nu kust\u012bb\u0101m un sp\u0113j notur\u0113ties pat main\u012bg\u0101s straum\u0113s. \u0160\u012bs \u012bpa\u0161\u012bbas padara to par ieteicamo izv\u0113li situ\u0101cij\u0101s, kad nepiecie\u0161ama dro\u0161a noenkuro\u0161an\u0101s, neraugoties uz neparedzamiem vides apst\u0101k\u013ciem.<\/p>\n<p>Pirc\u0113jiem j\u016bras un \u0101rzonas nozar\u0113s galvenie apsv\u0113rumi ir iztur\u012bba, izmanto\u0161anas \u0113rtums un rentabilit\u0101te. Spek enkura konstrukcija ne tikai atvieglo lieto\u0161anu, bet ar\u012b samazina enkura \u0137\u0113des un saist\u012bt\u0101 apr\u012bkojuma nodilumu, samazinot p\u0113k\u0161\u0146us triecienus vai vilk\u0161anu, kas var rasties, izmantojot maz\u0101k stabilus enkuru veidus. Ku\u0123i, kas ku\u0123o re\u0123ionos ar smil\u0161ainu, dub\u013cainu vai pat akme\u0146ainu j\u016bras gultni, g\u016bst labumu no Spek enkura \u0101tras un uzticamas iestat\u012b\u0161anas, jo tas labi piel\u0101gojas da\u017e\u0101diem virsmas tipiem.<\/p>\n<p>Qingdao H&amp;F uzsver, ka m\u0113s pied\u0101v\u0101jam produktus, kas atbilst \u0161\u012bm darb\u012bbas vajadz\u012bb\u0101m, vienlaikus pied\u0101v\u0101jot priek\u0161roc\u012bbas, kas uzlabo pirk\u0161anas pieredzi. M\u016bsu ap\u0146em\u0161an\u0101s nodro\u0161in\u0101t \u0101trus pieg\u0101des ciklus garant\u0113, ka klienti var \u0101tri integr\u0113t jauno apr\u012bkojumu bez ilg\u0101kiem gaid\u012b\u0161anas periodiem. Turkl\u0101t m\u0113s veicam r\u016bp\u012bgu katra Spek enkura test\u0113\u0161anu, sniedzot detaliz\u0113tus p\u0101rbaudes zi\u0146ojumus, lai apliecin\u0101tu enkura iztur\u012bbu, svaru un veiktsp\u0113jas parametrus. \u0160is kvalit\u0101tes kontroles l\u012bmenis ir \u012bpa\u0161i svar\u012bgs pirc\u0113jiem, kuriem j\u0101iev\u0113ro ku\u0123o\u0161anas dro\u0161\u012bbas standarti un nepiecie\u0161ama skaidra dokument\u0101cija, lai p\u0101rliecin\u0101tos par apr\u012bkojuma uzticam\u012bbu.<\/p>\n<h3>Priek\u0161roc\u012bbas, izv\u0113loties Spek enkurus no Qingdao H&amp;F<\/h3>\n<p>Izv\u0113loties Spek enkuru no Qingdao H&amp;F, tas noz\u012bm\u0113 invest\u0113t ne tikai produkt\u0101, bet ar\u012b ieg\u016bt uzticamu partneri ku\u0123u apr\u012bkojuma ieg\u0101d\u0113. Qingdao H&amp;F ar vair\u0101k nek\u0101 20 gadu pieredzi starptautiskaj\u0101 tirdzniec\u012bb\u0101 ir nopeln\u012bjusi uzticam\u012bbas un klientu apmierin\u0101t\u012bbas reput\u0101ciju. M\u0113s izprotam j\u016brniec\u012bbas nozares darb\u012bbas pras\u012bbas un cen\u0161amies t\u0101s apmierin\u0101t, nodro\u0161inot, ka katrs enkurs ne tikai atbilst stingriem kvalit\u0101tes standartiem, bet ar\u012b atbilst m\u016bsu klientu \u012bpa\u0161aj\u0101m pielietojuma pras\u012bb\u0101m.<\/p>\n<p>M\u016bsu individu\u0101lais klientu apkalpo\u0161anas modelis at\u0161\u0137ir m\u016bs no citiem pieg\u0101d\u0101t\u0101jiem, veicinot individu\u0101lu pieeju katram dar\u012bjumam. No s\u0101kotn\u0113j\u0101 piepras\u012bjuma l\u012bdz pieg\u0101dei klienti sa\u0146em \u012bpa\u0161u pal\u012bdz\u012bbu no m\u016bsu zino\u0161\u0101 person\u0101la, kas sniedz nor\u0101d\u012bjumus, pamatojoties uz nozares standartiem un specifisk\u0101m pras\u012bb\u0101m. Piem\u0113ram, m\u0113s sniedzam padomus par piem\u0113rota Spek enkura svara un izm\u0113ra izv\u0113li, pamatojoties uz ku\u0123a tipu un tipiskajiem j\u016bras apst\u0101k\u013ciem, nodro\u0161inot, ka klienti pie\u0146em pamatotus l\u0113mumus, kas uzlabo darb\u012bbas dro\u0161\u012bbu un efektivit\u0101ti.<\/p>\n<p>M\u016bsu ap\u0146em\u0161anos nodro\u0161in\u0101t p\u0101rredzam\u012bbu v\u0113l vair\u0101k uzsver m\u016bsu pla\u0161ais kvalit\u0101tes nodro\u0161in\u0101\u0161anas process. Katrs Spek enkurs tiek pak\u013cauts visaptvero\u0161ai test\u0113\u0161anai, lai p\u0101rbaud\u012btu t\u0101dus faktorus k\u0101 stiepes iztur\u012bba, svara konsekvence un iztur\u012bba pret koroziju. \u0160ie test\u0113\u0161anas procesi tiek dokument\u0113ti detaliz\u0113tos p\u0101rbaudes zi\u0146ojumos, kurus m\u0113s nododam klientiem, nodro\u0161inot tiem p\u0101rliec\u012bbu par produkta iztur\u012bbu un veiktsp\u0113ju. Turkl\u0101t m\u016bsu efekt\u012bv\u0101 lo\u0123istika un pieg\u0101des iesp\u0113jas no noliktavas l\u012bdz noliktavai nodro\u0161ina savlaic\u012bgu produktu pieg\u0101di, kas pal\u012bdz samazin\u0101t klientu darb\u012bbas p\u0101rtraukumus un palielina \u0113rt\u012bbas.<\/p>\n<p>Qingdao H&amp;F koncentr\u0113\u0161an\u0101s uz pakalpojumu izcil\u012bbu un produktu kvalit\u0101ti padara m\u016bs par ide\u0101lu izv\u0113li pirc\u0113jiem, kas mekl\u0113 ne tikai iztur\u012bgus un uzticamus enkurus, bet ar\u012b nevainojamu iepirk\u0161anas pieredzi.<\/p>","protected":false},"excerpt":{"rendered":"<p>Pirc\u0113ji, kas mekl\u0113 uzticam\u012bbas un efekt\u012bvas veiktsp\u0113jas l\u012bdzsvaru da\u017e\u0101dos oke\u0101na apst\u0101k\u013cos, augstu nov\u0113rt\u0113 Spek enkuru, kas ir viens no galvenajiem j\u016bras lietojumiem. Spek enkurs, kas paz\u012bstams ar savu notur\u012bbas sp\u0113ku un stabilit\u0101ti, ir \u012bpa\u0161i labi piem\u0113rots ku\u0123iem, kas p\u0101rvietojas vid\u0113ji smag\u0101s vai skarb\u0101s j\u016br\u0101s. Qingdao H&amp;F sniedz individu\u0101lu klientu apkalpo\u0161anu, lai nodro\u0161in\u0101tu, ka katrs klients sa\u0146em nor\u0101d\u012bjumus, kas piel\u0101goti vi\u0146a \u012bpa\u0161aj\u0101m pras\u012bb\u0101m. M\u016bsu \u0101trais pieg\u0101des cikls samazina d\u012bkst\u0101ves laiku, savuk\u0101rt m\u016bsu kvalit\u0101tes p\u0101rbaudes zi\u0146ojumu kl\u0101sts sniedz pirc\u0113jiem papildu p\u0101rliec\u012bbu par produkta uzticam\u012bbu un iztur\u012bbu. J\u016bras nozares profesion\u0101\u013ciem m\u016bsu koncentr\u0113\u0161an\u0101s uz izcilu apkalpo\u0161anu un racionaliz\u0113tiem procesiem nodro\u0161ina nevainojamu iepirk\u0161an\u0101s pieredzi.<\/p>","protected":false},"featured_media":8311,"comment_status":"open","ping_status":"closed","template":"","meta":{"site-sidebar-layout":"default","site-content-layout":"","ast-site-content-layout":"default","site-content-style":"default","site-sidebar-style":"default","ast-global-header-display":"","ast-banner-title-visibility":"","ast-main-header-display":"","ast-hfb-above-header-display":"","ast-hfb-below-header-display":"","ast-hfb-mobile-header-display":"","site-post-title":"","ast-breadcrumbs-content":"","ast-featured-img":"","footer-sml-layout":"","theme-transparent-header-meta":"default","adv-header-id-meta":"","stick-header-meta":"default","header-above-stick-meta":"","header-main-stick-meta":"","header-below-stick-meta":"","astra-migrate-meta-layouts":"set","ast-page-background-enabled":"default","ast-page-background-meta":{"desktop":{"background-color":"","background-image":"","background-repeat":"repeat","background-position":"center center","background-size":"auto","background-attachment":"scroll","background-type":"","background-media":"","overlay-type":"","overlay-color":"","overlay-opacity":"","overlay-gradient":""},"tablet":{"background-color":"","background-image":"","background-repeat":"repeat","background-position":"center center","background-size":"auto","background-attachment":"scroll","background-type":"","background-media":"","overlay-type":"","overlay-color":"","overlay-opacity":"","overlay-gradient":""},"mobile":{"background-color":"","background-image":"","background-repeat":"repeat","background-position":"center center","background-size":"auto","background-attachment":"scroll","background-type":"","background-media":"","overlay-type":"","overlay-color":"","overlay-opacity":"","overlay-gradient":""}},"ast-content-background-meta":{"desktop":{"background-color":"var(--ast-global-color-5)","background-image":"","background-repeat":"repeat","background-position":"center center","background-size":"auto","background-attachment":"scroll","background-type":"","background-media":"","overlay-type":"","overlay-color":"","overlay-opacity":"","overlay-gradient":""},"tablet":{"background-color":"var(--ast-global-color-5)","background-image":"","background-repeat":"repeat","background-position":"center center","background-size":"auto","background-attachment":"scroll","background-type":"","background-media":"","overlay-type":"","overlay-color":"","overlay-opacity":"","overlay-gradient":""},"mobile":{"background-color":"var(--ast-global-color-5)","background-image":"","background-repeat":"repeat","background-position":"center center","background-size":"auto","background-attachment":"scroll","background-type":"","background-media":"","overlay-type":"","overlay-color":"","overlay-opacity":"","overlay-gradient":""}}},"product_brand":[],"product_cat":[74],"product_tag":[],"class_list":{"0":"post-8310","1":"product","2":"type-product","3":"status-publish","4":"has-post-thumbnail","6":"product_cat-boat-anchor","7":"desktop-align-left","8":"tablet-align-left","9":"mobile-align-left","10":"ast-product-gallery-layout-horizontal-slider","11":"ast-product-tabs-layout-horizontal","13":"first","14":"instock","15":"shipping-taxable","16":"purchasable","17":"product-type-simple"},"yoast_head":"<!-- This site is optimized with the Yoast SEO plugin v25.2 - https:\/\/yoast.com\/wordpress\/plugins\/seo\/ -->\n<title>Spek Anchor Stockless Anchor<\/title>\n<meta name=\"robots\" content=\"index, follow, max-snippet:-1, max-image-preview:large, max-video-preview:-1\" \/>\n<link rel=\"canonical\" href=\"https:\/\/qingdaohf.com\/lv\/products\/spek-enkurs-bez-krajumiem-enkurs\/\" \/>\n<meta property=\"og:locale\" content=\"lv_LV\" \/>\n<meta property=\"og:type\" content=\"article\" \/>\n<meta property=\"og:title\" content=\"Spek Anchor Stockless Anchor\" \/>\n<meta property=\"og:description\" content=\"The Spek Anchor, a staple in marine applications, is highly valued by buyers seeking a balance of reliability and efficient performance in diverse ocean conditions. Known for its robust holding power and stability, the Spek Anchor is particularly well-suited for vessels in moderate to rough seas. At Qingdao H&amp;F, we go a step further by providing one-on-one customer service to ensure each client receives guidance tailored to their specific requirements. Our fast delivery cycle reduces downtime, while our range of quality inspection reports offers buyers added confidence in product reliability and durability. For marine industry professionals, our focus on exceptional service and streamlined processes ensures a seamless purchasing experience.\" \/>\n<meta property=\"og:url\" content=\"https:\/\/qingdaohf.com\/lv\/products\/spek-enkurs-bez-krajumiem-enkurs\/\" \/>\n<meta property=\"og:site_name\" content=\"Concrete Form &amp; Rigging Hardware Supplier\" \/>\n<meta property=\"article:publisher\" content=\"https:\/\/www.facebook.com\/qingdaohf\" \/>\n<meta property=\"article:modified_time\" content=\"2025-11-13T01:02:52+00:00\" \/>\n<meta property=\"og:image\" content=\"https:\/\/qingdaohf.com\/wp-content\/uploads\/2024\/11\/spek-anchor.jpg\" \/>\n\t<meta property=\"og:image:width\" content=\"1000\" \/>\n\t<meta property=\"og:image:height\" content=\"1000\" \/>\n\t<meta property=\"og:image:type\" content=\"image\/jpeg\" \/>\n<meta name=\"twitter:card\" content=\"summary_large_image\" \/>\n<meta name=\"twitter:label1\" content=\"Est. reading time\" \/>\n\t<meta name=\"twitter:data1\" content=\"5 min\u016btes\" \/>\n<script type=\"application\/ld+json\" class=\"yoast-schema-graph\">{\"@context\":\"https:\/\/schema.org\",\"@graph\":[{\"@type\":\"WebPage\",\"@id\":\"https:\/\/qingdaohf.com\/product\/spek-anchor-stockless-anchor\/\",\"url\":\"https:\/\/qingdaohf.com\/product\/spek-anchor-stockless-anchor\/\",\"name\":\"Spek Anchor Stockless Anchor\",\"isPartOf\":{\"@id\":\"https:\/\/qingdaohf.com\/bg\/#website\"},\"primaryImageOfPage\":{\"@id\":\"https:\/\/qingdaohf.com\/product\/spek-anchor-stockless-anchor\/#primaryimage\"},\"image\":{\"@id\":\"https:\/\/qingdaohf.com\/product\/spek-anchor-stockless-anchor\/#primaryimage\"},\"thumbnailUrl\":\"https:\/\/qingdaohf.com\/wp-content\/uploads\/2024\/11\/spek-anchor.jpg\",\"datePublished\":\"2024-11-07T06:33:56+00:00\",\"dateModified\":\"2025-11-13T01:02:52+00:00\",\"breadcrumb\":{\"@id\":\"https:\/\/qingdaohf.com\/product\/spek-anchor-stockless-anchor\/#breadcrumb\"},\"inLanguage\":\"lv-LV\",\"potentialAction\":[{\"@type\":\"ReadAction\",\"target\":[\"https:\/\/qingdaohf.com\/product\/spek-anchor-stockless-anchor\/\"]}]},{\"@type\":\"ImageObject\",\"inLanguage\":\"lv-LV\",\"@id\":\"https:\/\/qingdaohf.com\/product\/spek-anchor-stockless-anchor\/#primaryimage\",\"url\":\"https:\/\/qingdaohf.com\/wp-content\/uploads\/2024\/11\/spek-anchor.jpg\",\"contentUrl\":\"https:\/\/qingdaohf.com\/wp-content\/uploads\/2024\/11\/spek-anchor.jpg\",\"width\":1000,\"height\":1000,\"caption\":\"spek anchor\"},{\"@type\":\"BreadcrumbList\",\"@id\":\"https:\/\/qingdaohf.com\/product\/spek-anchor-stockless-anchor\/#breadcrumb\",\"itemListElement\":[{\"@type\":\"ListItem\",\"position\":1,\"name\":\"Home\",\"item\":\"https:\/\/qingdaohf.com\/\"},{\"@type\":\"ListItem\",\"position\":2,\"name\":\"Concrete Forming Accessories and Rigging Hardware\",\"item\":\"https:\/\/qingdaohf.com\/bg\/?page_id=944\"},{\"@type\":\"ListItem\",\"position\":3,\"name\":\"Spek Anchor Stockless Anchor\"}]},{\"@type\":\"WebSite\",\"@id\":\"https:\/\/qingdaohf.com\/bg\/#website\",\"url\":\"https:\/\/qingdaohf.com\/bg\/\",\"name\":\"Concrete Form & Rigging Hardware Supplier\",\"description\":\"\",\"publisher\":{\"@id\":\"https:\/\/qingdaohf.com\/bg\/#organization\"},\"potentialAction\":[{\"@type\":\"SearchAction\",\"target\":{\"@type\":\"EntryPoint\",\"urlTemplate\":\"https:\/\/qingdaohf.com\/bg\/?s={search_term_string}\"},\"query-input\":{\"@type\":\"PropertyValueSpecification\",\"valueRequired\":true,\"valueName\":\"search_term_string\"}}],\"inLanguage\":\"lv-LV\"},{\"@type\":\"Organization\",\"@id\":\"https:\/\/qingdaohf.com\/bg\/#organization\",\"name\":\"Qingdao H&F\",\"url\":\"https:\/\/qingdaohf.com\/bg\/\",\"logo\":{\"@type\":\"ImageObject\",\"inLanguage\":\"lv-LV\",\"@id\":\"https:\/\/qingdaohf.com\/bg\/#\/schema\/logo\/image\/\",\"url\":\"https:\/\/qingdaohf.com\/wp-content\/uploads\/2022\/12\/cropped-HF-LOGO.png\",\"contentUrl\":\"https:\/\/qingdaohf.com\/wp-content\/uploads\/2022\/12\/cropped-HF-LOGO.png\",\"width\":391,\"height\":249,\"caption\":\"Qingdao H&F\"},\"image\":{\"@id\":\"https:\/\/qingdaohf.com\/bg\/#\/schema\/logo\/image\/\"},\"sameAs\":[\"https:\/\/www.facebook.com\/qingdaohf\"]}]}<\/script>\n<!-- \/ Yoast SEO plugin. -->","yoast_head_json":{"title":"Spek Anchor Stockless Anchor","robots":{"index":"index","follow":"follow","max-snippet":"max-snippet:-1","max-image-preview":"max-image-preview:large","max-video-preview":"max-video-preview:-1"},"canonical":"https:\/\/qingdaohf.com\/lv\/products\/spek-enkurs-bez-krajumiem-enkurs\/","og_locale":"lv_LV","og_type":"article","og_title":"Spek Anchor Stockless Anchor","og_description":"The Spek Anchor, a staple in marine applications, is highly valued by buyers seeking a balance of reliability and efficient performance in diverse ocean conditions. Known for its robust holding power and stability, the Spek Anchor is particularly well-suited for vessels in moderate to rough seas. At Qingdao H&amp;F, we go a step further by providing one-on-one customer service to ensure each client receives guidance tailored to their specific requirements. Our fast delivery cycle reduces downtime, while our range of quality inspection reports offers buyers added confidence in product reliability and durability. For marine industry professionals, our focus on exceptional service and streamlined processes ensures a seamless purchasing experience.","og_url":"https:\/\/qingdaohf.com\/lv\/products\/spek-enkurs-bez-krajumiem-enkurs\/","og_site_name":"Concrete Form &amp; Rigging Hardware Supplier","article_publisher":"https:\/\/www.facebook.com\/qingdaohf","article_modified_time":"2025-11-13T01:02:52+00:00","og_image":[{"width":1000,"height":1000,"url":"https:\/\/qingdaohf.com\/wp-content\/uploads\/2024\/11\/spek-anchor.jpg","type":"image\/jpeg"}],"twitter_card":"summary_large_image","twitter_misc":{"Est. reading time":"5 min\u016btes"},"schema":{"@context":"https:\/\/schema.org","@graph":[{"@type":"WebPage","@id":"https:\/\/qingdaohf.com\/product\/spek-anchor-stockless-anchor\/","url":"https:\/\/qingdaohf.com\/product\/spek-anchor-stockless-anchor\/","name":"Spek Anchor Stockless Anchor","isPartOf":{"@id":"https:\/\/qingdaohf.com\/bg\/#website"},"primaryImageOfPage":{"@id":"https:\/\/qingdaohf.com\/product\/spek-anchor-stockless-anchor\/#primaryimage"},"image":{"@id":"https:\/\/qingdaohf.com\/product\/spek-anchor-stockless-anchor\/#primaryimage"},"thumbnailUrl":"https:\/\/qingdaohf.com\/wp-content\/uploads\/2024\/11\/spek-anchor.jpg","datePublished":"2024-11-07T06:33:56+00:00","dateModified":"2025-11-13T01:02:52+00:00","breadcrumb":{"@id":"https:\/\/qingdaohf.com\/product\/spek-anchor-stockless-anchor\/#breadcrumb"},"inLanguage":"lv-LV","potentialAction":[{"@type":"ReadAction","target":["https:\/\/qingdaohf.com\/product\/spek-anchor-stockless-anchor\/"]}]},{"@type":"ImageObject","inLanguage":"lv-LV","@id":"https:\/\/qingdaohf.com\/product\/spek-anchor-stockless-anchor\/#primaryimage","url":"https:\/\/qingdaohf.com\/wp-content\/uploads\/2024\/11\/spek-anchor.jpg","contentUrl":"https:\/\/qingdaohf.com\/wp-content\/uploads\/2024\/11\/spek-anchor.jpg","width":1000,"height":1000,"caption":"spek anchor"},{"@type":"BreadcrumbList","@id":"https:\/\/qingdaohf.com\/product\/spek-anchor-stockless-anchor\/#breadcrumb","itemListElement":[{"@type":"ListItem","position":1,"name":"Home","item":"https:\/\/qingdaohf.com\/"},{"@type":"ListItem","position":2,"name":"Concrete Forming Accessories and Rigging Hardware","item":"https:\/\/qingdaohf.com\/bg\/?page_id=944"},{"@type":"ListItem","position":3,"name":"Spek Anchor Stockless Anchor"}]},{"@type":"WebSite","@id":"https:\/\/qingdaohf.com\/bg\/#website","url":"https:\/\/qingdaohf.com\/bg\/","name":"Concrete Form & Rigging Hardware Supplier","description":"","publisher":{"@id":"https:\/\/qingdaohf.com\/bg\/#organization"},"potentialAction":[{"@type":"SearchAction","target":{"@type":"EntryPoint","urlTemplate":"https:\/\/qingdaohf.com\/bg\/?s={search_term_string}"},"query-input":{"@type":"PropertyValueSpecification","valueRequired":true,"valueName":"search_term_string"}}],"inLanguage":"lv-LV"},{"@type":"Organization","@id":"https:\/\/qingdaohf.com\/bg\/#organization","name":"Qingdao H&F","url":"https:\/\/qingdaohf.com\/bg\/","logo":{"@type":"ImageObject","inLanguage":"lv-LV","@id":"https:\/\/qingdaohf.com\/bg\/#\/schema\/logo\/image\/","url":"https:\/\/qingdaohf.com\/wp-content\/uploads\/2022\/12\/cropped-HF-LOGO.png","contentUrl":"https:\/\/qingdaohf.com\/wp-content\/uploads\/2022\/12\/cropped-HF-LOGO.png","width":391,"height":249,"caption":"Qingdao H&F"},"image":{"@id":"https:\/\/qingdaohf.com\/bg\/#\/schema\/logo\/image\/"},"sameAs":["https:\/\/www.facebook.com\/qingdaohf"]}]}},"_links":{"self":[{"href":"https:\/\/qingdaohf.com\/lv\/wp-json\/wp\/v2\/product\/8310","targetHints":{"allow":["GET"]}}],"collection":[{"href":"https:\/\/qingdaohf.com\/lv\/wp-json\/wp\/v2\/product"}],"about":[{"href":"https:\/\/qingdaohf.com\/lv\/wp-json\/wp\/v2\/types\/product"}],"replies":[{"embeddable":true,"href":"https:\/\/qingdaohf.com\/lv\/wp-json\/wp\/v2\/comments?post=8310"}],"version-history":[{"count":1,"href":"https:\/\/qingdaohf.com\/lv\/wp-json\/wp\/v2\/product\/8310\/revisions"}],"predecessor-version":[{"id":8319,"href":"https:\/\/qingdaohf.com\/lv\/wp-json\/wp\/v2\/product\/8310\/revisions\/8319"}],"wp:featuredmedia":[{"embeddable":true,"href":"https:\/\/qingdaohf.com\/lv\/wp-json\/wp\/v2\/media\/8311"}],"wp:attachment":[{"href":"https:\/\/qingdaohf.com\/lv\/wp-json\/wp\/v2\/media?parent=8310"}],"wp:term":[{"taxonomy":"product_brand","embeddable":true,"href":"https:\/\/qingdaohf.com\/lv\/wp-json\/wp\/v2\/product_brand?post=8310"},{"taxonomy":"product_cat","embeddable":true,"href":"https:\/\/qingdaohf.com\/lv\/wp-json\/wp\/v2\/product_cat?post=8310"},{"taxonomy":"product_tag","embeddable":true,"href":"https:\/\/qingdaohf.com\/lv\/wp-json\/wp\/v2\/product_tag?post=8310"}],"curies":[{"name":"wp","href":"https:\/\/api.w.org\/{rel}","templated":true}]}}