{"id":8428,"date":"2024-11-29T16:45:52","date_gmt":"2024-11-29T08:45:52","guid":{"rendered":"http:\/\/qingdaohf.com\/?post_type=product&#038;p=8428"},"modified":"2025-11-13T09:02:51","modified_gmt":"2025-11-13T01:02:51","slug":"boat-steering-wheel","status":"publish","type":"product","link":"https:\/\/qingdaohf.com\/lv\/products\/laivas-stures-rats\/","title":{"rendered":"Laivas st\u016bres rats"},"content":{"rendered":"<h4>Uzticama laivas st\u016bres rata noz\u012bme<\/h4>\n<p>St\u016bres rats ir kas vair\u0101k nek\u0101 vienk\u0101r\u0161s laivas vad\u012bbas meh\u0101nisms; tas ir navig\u0101cijas un manevr\u0113\u0161anas sirds. T\u0101 konstrukcija un funkcionalit\u0101te tie\u0161i ietekm\u0113 operatora sp\u0113ju vad\u012bt ku\u0123i da\u017e\u0101dos \u016bdens apst\u0101k\u013cos. Neatkar\u012bgi no t\u0101, vai ku\u0123is brauc nesteidz\u012bgi vai ku\u0123o sare\u017e\u0123\u012bt\u0101s straum\u0113s, augstas kvalit\u0101tes st\u016bres rats nodro\u0161ina prec\u012bzu vad\u012bbu, veicinot dro\u0161\u012bbu un efektivit\u0101ti.<\/p>\n<p>Izv\u0113loties st\u016bres ratu, laivu \u012bpa\u0161nieki bie\u017ei vien priek\u0161roku dod materi\u0101liem, kas sp\u0113j iztur\u0113t j\u016bras vidi, tostarp s\u0101ls\u016bdeni, mitrumu un UV starus. T\u0101di pla\u0161i izplat\u012bti materi\u0101li k\u0101 ner\u016bs\u0113jo\u0161ais t\u0113rauds, alum\u012bnijs un j\u016brniec\u012bbai piem\u0113rota plastmasa nodro\u0161ina da\u017e\u0101da l\u012bme\u0146a iztur\u012bbu un iztur\u012bbu pret koroziju. V\u0113l viens svar\u012bgs apsv\u0113rums ir ergonomika, jo rite\u0146a forma, satv\u0113riens un izm\u0113rs var ietekm\u0113t komfortu ilgsto\u0161as lieto\u0161anas laik\u0101. Pareiza st\u016bres rata izv\u0113le ir b\u016btiska ne tikai veiktsp\u0113jas nodro\u0161in\u0101\u0161anai, bet ar\u012b kop\u0113j\u0101s laivo\u0161anas pieredzes uzlabo\u0161anai.<\/p>\n<h4>Laivu st\u016bres rite\u0146u veidi<\/h4>\n<p>Laivu st\u016bres rite\u0146i ir da\u017e\u0101da veida, un katrs no tiem ir piem\u0113rots konkr\u0113t\u0101m ku\u0123u kategorij\u0101m un lietot\u0101ju v\u0113lm\u0113m. Klasiskie ner\u016bs\u0113jo\u0161\u0101 t\u0113rauda st\u016bres rite\u0146i joproj\u0101m ir iecien\u012bti laivot\u0101ju vid\u016b, pateicoties to m\u016b\u017e\u012bgajam dizainam, izcilajai iztur\u012bbai un notur\u012bbai pret skarbiem j\u016bras elementiem. \u0160iem rite\u0146iem bie\u017ei vien ir pul\u0113ta apdare, kas pie\u0161\u0137ir st\u016brei izsmalcin\u0101t\u012bbu.<\/p>\n<p>Tiem, kas mekl\u0113 vieglus risin\u0101jumus, lielisku veiktsp\u0113ju nodro\u0161ina rite\u0146i, kas izgatavoti no alum\u012bnija vai kompoz\u012btmateri\u0101liem. Alum\u012bnija mode\u013ci tiek nov\u0113rt\u0113ti to iztur\u012bbas un svara l\u012bdzsvara d\u0113\u013c, t\u0101p\u0113c tie ir piem\u0113roti maz\u0101k\u0101m laiv\u0101m vai atp\u016btas ku\u0123iem. Savuk\u0101rt kompoz\u012btmateri\u0101lu rite\u0146i ir ide\u0101li piem\u0113roti moderniem laivot\u0101jiem, kuriem priorit\u0101te ir rentabilit\u0101te, neapdraudot iztur\u012bbu.<\/p>\n<p>Koka st\u016bres rite\u0146i ir paredz\u0113ti entuziastiem, kas nov\u0113rt\u0113 tradicion\u0101lo est\u0113tiku un amatniec\u012bbas prasmes. Koka st\u016bres rite\u0146i, kas bie\u017ei vien tiek kombin\u0113ti ar senlaic\u012bg\u0101m vai luksusa jaht\u0101m, izstaro klasisku \u0161armu, lai gan, sal\u012bdzinot ar met\u0101la vai plastmasas st\u016bres rite\u0146iem, tie prasa vair\u0101k apkopes. Katra tipa rite\u0146i kalpo unik\u0101liem m\u0113r\u0137iem, \u013caujot laivu \u012bpa\u0161niekiem izv\u0113l\u0113ties, pamatojoties uz funkcion\u0101laj\u0101m vajadz\u012bb\u0101m un stilistiskaj\u0101m v\u0113lm\u0113m.<\/p>\n<h4>K\u0101p\u0113c izv\u0113l\u0113ties m\u016bsu laivu st\u016bres rite\u0146us<\/h4>\n<p>Izv\u0113l\u0113ties pareizo pieg\u0101d\u0101t\u0101ju laivu st\u016bres rite\u0146iem ir tikpat svar\u012bgi k\u0101 izv\u0113l\u0113ties pa\u0161u produktu. M\u016bsu tirdzniec\u012bbas uz\u0146\u0113mum\u0101 m\u0113s pie\u0161\u0137iram priorit\u0101ti v\u0113rt\u012bbas un uzticam\u012bbas nodro\u0161in\u0101\u0161anai, pied\u0101v\u0101jot pla\u0161u ku\u0123u piederumu kl\u0101stu. M\u016bsu st\u016bres rite\u0146iem tiek veiktas stingras kvalit\u0101tes p\u0101rbaudes, nodro\u0161inot atbilst\u012bbu nozares standartiem un sniedzot m\u016bsu klientiem mieru.<\/p>\n<p>M\u016bsu individu\u0101lais klientu apkalpo\u0161anas serviss m\u016bs izce\u013c tirg\u016b, jo m\u0113s cie\u0161i sadarbojamies ar klientiem, lai izprastu vi\u0146u unik\u0101l\u0101s pras\u012bbas. \u0160\u012b personaliz\u0113t\u0101 pieeja pal\u012bdz ieteikt st\u016bres rite\u0146us, kas piel\u0101goti ku\u0123a tipam, ekspluat\u0101cijas apst\u0101k\u013ciem un bud\u017eetam. Turkl\u0101t m\u016bsu racionaliz\u0113t\u0101 lo\u0123istika nodro\u0161ina \u0101tru pieg\u0101des ciklu, l\u012bdz minimumam samazinot gan laivot\u0101ju, gan izplat\u012bt\u0101ju d\u012bkst\u0101vi.<\/p>\n<p>M\u016bsu st\u016bres ratu iztur\u012bba ir apliecin\u0101jums m\u016bsu centieniem sasniegt izcil\u012bbu. Izgatavoti, izmantojot augst\u0101k\u0101s kvalit\u0101tes materi\u0101lus, tie ir izstr\u0101d\u0101ti t\u0101, lai iztur\u0113tu ilgsto\u0161u j\u016bras vides iedarb\u012bbu, vienlaikus saglab\u0101jot optim\u0101lu veiktsp\u0113ju. Pied\u0101v\u0101jot est\u0113tikas, funkcionalit\u0101tes un uzticam\u012bbas kombin\u0101ciju, m\u016bsu izstr\u0101d\u0101jumi atbilst gan atp\u016btas, gan profesion\u0101lu lietot\u0101ju v\u0113lm\u0113m.<\/p>\n<h4>Inov\u0101ciju loma st\u016bres rata dizain\u0101<\/h4>\n<p>M\u016bsdienu sasniegumi laivu st\u016bres rata dizains ir ieviesusi funkcijas, kas uzlabo lietojam\u012bbu un \u0113rt\u012bbas. Daudzi mode\u013ci tagad ir apr\u012bkoti ar nesl\u012bdo\u0161iem rokturiem, kas uzlabo kontroli pat mitros apst\u0101k\u013cos. Turkl\u0101t rite\u0146i ar regul\u0113jamu sl\u012bpuma funkciju nodro\u0161ina elast\u012bbu, piel\u0101gojoties da\u017e\u0101da auguma un v\u0113lmju operatoriem.<\/p>\n<p>Ar\u012b inovat\u012bviem materi\u0101liem ir b\u016btiska noz\u012bme st\u016bres ratu elast\u012bbas un kalpo\u0161anas ilguma uzlabo\u0161an\u0101. J\u016bras videi piem\u0113rots ner\u016bs\u0113jo\u0161ais t\u0113rauds ar papildu p\u0101rkl\u0101jumiem nodro\u0161ina izcilu iztur\u012bbu pret bedr\u0113m un r\u016bs\u0113\u0161anu, savuk\u0101rt UV stacion\u0101r\u0101 plastmasa nov\u0113r\u0161 izbal\u0113\u0161anu un plais\u0101\u0161anu saules gaismas ietekm\u0113. \u0160ie sasniegumi ne tikai nodro\u0161ina izstr\u0101d\u0101juma ilgm\u016b\u017e\u012bbu, bet ar\u012b veicina operatora dro\u0161\u012bbu un komfortu.<\/p>\n<p>V\u0113l viens svar\u012bgs jaunin\u0101jums ir daudzfunkcion\u0101lo vad\u012bbas ier\u012b\u010du integr\u0101cija tie\u0161i st\u016bres rat\u0101. \u0160\u0101das konstrukcijas \u013cauj operatoriem piek\u013c\u016bt svar\u012bg\u0101kaj\u0101m funkcij\u0101m, piem\u0113ram, droseles regul\u0113\u0161anai vai elektroniskajiem displejiem, neatraujot rokas no st\u016bres. \u0160\u012bs funkcijas racionaliz\u0113 laivo\u0161anas pieredzi, padarot navig\u0101ciju intuit\u012bv\u0101ku un samazinot operatora noguruma iesp\u0113jam\u012bbu.<\/p>\n<h4>Ilgtermi\u0146a v\u0113rt\u012bbas nodro\u0161in\u0101\u0161ana<\/h4>\n<p>Ieguld\u012bjums augstas kvalit\u0101tes laivas st\u016bres riten\u012b ir l\u0113mums, kas ilgtermi\u0146\u0101 atmaks\u0101jas. Papildus t\u016bl\u012bt\u0113jai funkcionalit\u0101tei \u0161ie produkti palielina ku\u0123a kop\u0113jo v\u0113rt\u012bbu, jo \u012bpa\u0161i, ja tos pieg\u0101d\u0101 uzticams pieg\u0101d\u0101t\u0101js. M\u016bsu st\u016bres rite\u0146i ir izstr\u0101d\u0101ti, dom\u0101jot par ilgm\u016b\u017e\u012bbu, nodro\u0161inot optim\u0101lu veiktsp\u0113jas, iztur\u012bbas un est\u0113tisk\u0101 izskata l\u012bdzsvaru.<\/p>\n<p>Klienti var uztic\u0113ties, ka m\u016bsu uz\u0146\u0113mums nodro\u0161in\u0101s ne tikai izcilus produktus, bet ar\u012b vispus\u012bgu atbalstu vis\u0101 pirk\u0161anas proces\u0101. S\u0101kot no s\u0101kotn\u0113j\u0101m konsult\u0101cij\u0101m l\u012bdz p\u0113cp\u0101rdo\u0161anas servisam, m\u0113s cen\u0161amies veidot ilgsto\u0161as attiec\u012bbas ar saviem klientiem. \u0160\u012b ap\u0146em\u0161an\u0101s sasniegt izcil\u012bbu ir nostiprin\u0101jusi m\u016bsu k\u0101 uzticama partnera reput\u0101ciju ku\u0123u piederumu tirg\u016b.<\/p>\n<p>Uzsverot kvalit\u0101ti, inov\u0101cijas un klientu apmierin\u0101t\u012bbu, m\u016bsu m\u0113r\u0137is ir p\u0101rsniegt klientu cer\u012bbas. Neatkar\u012bgi no t\u0101, vai m\u016bsu laivu st\u016bres rite\u0146i ir dom\u0101ti vienk\u0101r\u0161iem laivo\u0161anas entuziastiem vai profesion\u0101liem j\u016brniekiem, tie ir praktiskuma un stila apvienojums, kas nodro\u0161ina izcilu veiktsp\u0113ju uz \u016bdens.<\/p>","protected":false},"excerpt":{"rendered":"<p>Laivu st\u016bres rite\u0146iem ir b\u016btiska noz\u012bme vienm\u0113r\u012bgas navig\u0101cijas un kontroles nodro\u0161in\u0101\u0161an\u0101 uz \u016bdens, t\u0101p\u0113c tie ir \u013coti svar\u012bga jebkura ku\u0123a sast\u0101vda\u013ca. Izv\u0113loties st\u016bres ratu, pirc\u0113ji bie\u017ei vien par priorit\u0101ti izvirza t\u0101dus faktorus k\u0101 materi\u0101la iztur\u012bba, ergonomisks dizains, sader\u012bba ar da\u017e\u0101d\u0101m ku\u0123u sist\u0113m\u0101m un iztur\u012bba pret koroziju. M\u016bsu tirdzniec\u012bbas uz\u0146\u0113mums pied\u0101v\u0101 augstas kvalit\u0101tes laivu st\u016bres rite\u0146us, kas risina \u0161\u012bs probl\u0113mas, k\u0101 ar\u012b individu\u0101lu klientu apkalpo\u0161anu, nodro\u0161inot piel\u0101gotus ieteikumus. Turkl\u0101t m\u0113s garant\u0113jam \u0101tru pieg\u0101des ciklu un sniedzam r\u016bp\u012bgus kvalit\u0101tes p\u0101rbaudes zi\u0146ojumus, lai ar katru pirkumu nodro\u0161in\u0101tu sirdsmieru.<\/p>","protected":false},"featured_media":8429,"comment_status":"open","ping_status":"closed","template":"","meta":{"site-sidebar-layout":"default","site-content-layout":"","ast-site-content-layout":"default","site-content-style":"default","site-sidebar-style":"default","ast-global-header-display":"","ast-banner-title-visibility":"","ast-main-header-display":"","ast-hfb-above-header-display":"","ast-hfb-below-header-display":"","ast-hfb-mobile-header-display":"","site-post-title":"","ast-breadcrumbs-content":"","ast-featured-img":"","footer-sml-layout":"","theme-transparent-header-meta":"default","adv-header-id-meta":"","stick-header-meta":"default","header-above-stick-meta":"","header-main-stick-meta":"","header-below-stick-meta":"","astra-migrate-meta-layouts":"set","ast-page-background-enabled":"default","ast-page-background-meta":{"desktop":{"background-color":"","background-image":"","background-repeat":"repeat","background-position":"center center","background-size":"auto","background-attachment":"scroll","background-type":"","background-media":"","overlay-type":"","overlay-color":"","overlay-opacity":"","overlay-gradient":""},"tablet":{"background-color":"","background-image":"","background-repeat":"repeat","background-position":"center center","background-size":"auto","background-attachment":"scroll","background-type":"","background-media":"","overlay-type":"","overlay-color":"","overlay-opacity":"","overlay-gradient":""},"mobile":{"background-color":"","background-image":"","background-repeat":"repeat","background-position":"center center","background-size":"auto","background-attachment":"scroll","background-type":"","background-media":"","overlay-type":"","overlay-color":"","overlay-opacity":"","overlay-gradient":""}},"ast-content-background-meta":{"desktop":{"background-color":"var(--ast-global-color-5)","background-image":"","background-repeat":"repeat","background-position":"center center","background-size":"auto","background-attachment":"scroll","background-type":"","background-media":"","overlay-type":"","overlay-color":"","overlay-opacity":"","overlay-gradient":""},"tablet":{"background-color":"var(--ast-global-color-5)","background-image":"","background-repeat":"repeat","background-position":"center center","background-size":"auto","background-attachment":"scroll","background-type":"","background-media":"","overlay-type":"","overlay-color":"","overlay-opacity":"","overlay-gradient":""},"mobile":{"background-color":"var(--ast-global-color-5)","background-image":"","background-repeat":"repeat","background-position":"center center","background-size":"auto","background-attachment":"scroll","background-type":"","background-media":"","overlay-type":"","overlay-color":"","overlay-opacity":"","overlay-gradient":""}}},"product_brand":[],"product_cat":[44],"product_tag":[],"class_list":{"0":"post-8428","1":"product","2":"type-product","3":"status-publish","4":"has-post-thumbnail","6":"product_cat-stainless-steel-poduct","7":"desktop-align-left","8":"tablet-align-left","9":"mobile-align-left","10":"ast-product-gallery-layout-horizontal-slider","11":"ast-product-tabs-layout-horizontal","13":"first","14":"instock","15":"shipping-taxable","16":"purchasable","17":"product-type-simple"},"yoast_head":"<!-- This site is optimized with the Yoast SEO plugin v25.2 - https:\/\/yoast.com\/wordpress\/plugins\/seo\/ -->\n<title>Boat Steering Wheel<\/title>\n<meta name=\"robots\" content=\"index, follow, max-snippet:-1, max-image-preview:large, max-video-preview:-1\" \/>\n<link rel=\"canonical\" href=\"https:\/\/qingdaohf.com\/lv\/products\/laivas-stures-rats\/\" \/>\n<meta property=\"og:locale\" content=\"lv_LV\" \/>\n<meta property=\"og:type\" content=\"article\" \/>\n<meta property=\"og:title\" content=\"Boat Steering Wheel\" \/>\n<meta property=\"og:description\" content=\"Boat steering wheels play a pivotal role in ensuring smooth navigation and control on water, making them a critical component for any vessel. Buyers often prioritize factors such as material durability, ergonomic design, compatibility with various marine systems, and corrosion resistance when selecting a steering wheel. Our trading company offers high-quality boat steering wheels that address these concerns, coupled with one-to-one customer service, ensuring tailored recommendations. Additionally, we guarantee a fast delivery cycle and provide thorough quality inspection reports to offer peace of mind with every purchase.\" \/>\n<meta property=\"og:url\" content=\"https:\/\/qingdaohf.com\/lv\/products\/laivas-stures-rats\/\" \/>\n<meta property=\"og:site_name\" content=\"Concrete Form &amp; Rigging Hardware Supplier\" \/>\n<meta property=\"article:publisher\" content=\"https:\/\/www.facebook.com\/qingdaohf\" \/>\n<meta property=\"article:modified_time\" content=\"2025-11-13T01:02:51+00:00\" \/>\n<meta property=\"og:image\" content=\"https:\/\/qingdaohf.com\/wp-content\/uploads\/2024\/11\/boat-steering-wheel-5.jpg\" \/>\n\t<meta property=\"og:image:width\" content=\"1000\" \/>\n\t<meta property=\"og:image:height\" content=\"1000\" \/>\n\t<meta property=\"og:image:type\" content=\"image\/jpeg\" \/>\n<meta name=\"twitter:card\" content=\"summary_large_image\" \/>\n<meta name=\"twitter:label1\" content=\"Est. reading time\" \/>\n\t<meta name=\"twitter:data1\" content=\"4 min\u016btes\" \/>\n<script type=\"application\/ld+json\" class=\"yoast-schema-graph\">{\"@context\":\"https:\/\/schema.org\",\"@graph\":[{\"@type\":\"WebPage\",\"@id\":\"https:\/\/qingdaohf.com\/product\/boat-steering-wheel\/\",\"url\":\"https:\/\/qingdaohf.com\/product\/boat-steering-wheel\/\",\"name\":\"Boat Steering Wheel\",\"isPartOf\":{\"@id\":\"https:\/\/qingdaohf.com\/bg\/#website\"},\"primaryImageOfPage\":{\"@id\":\"https:\/\/qingdaohf.com\/product\/boat-steering-wheel\/#primaryimage\"},\"image\":{\"@id\":\"https:\/\/qingdaohf.com\/product\/boat-steering-wheel\/#primaryimage\"},\"thumbnailUrl\":\"https:\/\/qingdaohf.com\/wp-content\/uploads\/2024\/11\/boat-steering-wheel-5.jpg\",\"datePublished\":\"2024-11-29T08:45:52+00:00\",\"dateModified\":\"2025-11-13T01:02:51+00:00\",\"breadcrumb\":{\"@id\":\"https:\/\/qingdaohf.com\/product\/boat-steering-wheel\/#breadcrumb\"},\"inLanguage\":\"lv-LV\",\"potentialAction\":[{\"@type\":\"ReadAction\",\"target\":[\"https:\/\/qingdaohf.com\/product\/boat-steering-wheel\/\"]}]},{\"@type\":\"ImageObject\",\"inLanguage\":\"lv-LV\",\"@id\":\"https:\/\/qingdaohf.com\/product\/boat-steering-wheel\/#primaryimage\",\"url\":\"https:\/\/qingdaohf.com\/wp-content\/uploads\/2024\/11\/boat-steering-wheel-5.jpg\",\"contentUrl\":\"https:\/\/qingdaohf.com\/wp-content\/uploads\/2024\/11\/boat-steering-wheel-5.jpg\",\"width\":1000,\"height\":1000,\"caption\":\"boat steering wheel\"},{\"@type\":\"BreadcrumbList\",\"@id\":\"https:\/\/qingdaohf.com\/product\/boat-steering-wheel\/#breadcrumb\",\"itemListElement\":[{\"@type\":\"ListItem\",\"position\":1,\"name\":\"Home\",\"item\":\"https:\/\/qingdaohf.com\/\"},{\"@type\":\"ListItem\",\"position\":2,\"name\":\"Concrete Forming Accessories and Rigging Hardware\",\"item\":\"https:\/\/qingdaohf.com\/bg\/?page_id=944\"},{\"@type\":\"ListItem\",\"position\":3,\"name\":\"Boat Steering Wheel\"}]},{\"@type\":\"WebSite\",\"@id\":\"https:\/\/qingdaohf.com\/bg\/#website\",\"url\":\"https:\/\/qingdaohf.com\/bg\/\",\"name\":\"Concrete Form & Rigging Hardware Supplier\",\"description\":\"\",\"publisher\":{\"@id\":\"https:\/\/qingdaohf.com\/bg\/#organization\"},\"potentialAction\":[{\"@type\":\"SearchAction\",\"target\":{\"@type\":\"EntryPoint\",\"urlTemplate\":\"https:\/\/qingdaohf.com\/bg\/?s={search_term_string}\"},\"query-input\":{\"@type\":\"PropertyValueSpecification\",\"valueRequired\":true,\"valueName\":\"search_term_string\"}}],\"inLanguage\":\"lv-LV\"},{\"@type\":\"Organization\",\"@id\":\"https:\/\/qingdaohf.com\/bg\/#organization\",\"name\":\"Qingdao H&F\",\"url\":\"https:\/\/qingdaohf.com\/bg\/\",\"logo\":{\"@type\":\"ImageObject\",\"inLanguage\":\"lv-LV\",\"@id\":\"https:\/\/qingdaohf.com\/bg\/#\/schema\/logo\/image\/\",\"url\":\"https:\/\/qingdaohf.com\/wp-content\/uploads\/2022\/12\/cropped-HF-LOGO.png\",\"contentUrl\":\"https:\/\/qingdaohf.com\/wp-content\/uploads\/2022\/12\/cropped-HF-LOGO.png\",\"width\":391,\"height\":249,\"caption\":\"Qingdao H&F\"},\"image\":{\"@id\":\"https:\/\/qingdaohf.com\/bg\/#\/schema\/logo\/image\/\"},\"sameAs\":[\"https:\/\/www.facebook.com\/qingdaohf\"]}]}<\/script>\n<!-- \/ Yoast SEO plugin. -->","yoast_head_json":{"title":"Boat Steering Wheel","robots":{"index":"index","follow":"follow","max-snippet":"max-snippet:-1","max-image-preview":"max-image-preview:large","max-video-preview":"max-video-preview:-1"},"canonical":"https:\/\/qingdaohf.com\/lv\/products\/laivas-stures-rats\/","og_locale":"lv_LV","og_type":"article","og_title":"Boat Steering Wheel","og_description":"Boat steering wheels play a pivotal role in ensuring smooth navigation and control on water, making them a critical component for any vessel. Buyers often prioritize factors such as material durability, ergonomic design, compatibility with various marine systems, and corrosion resistance when selecting a steering wheel. Our trading company offers high-quality boat steering wheels that address these concerns, coupled with one-to-one customer service, ensuring tailored recommendations. Additionally, we guarantee a fast delivery cycle and provide thorough quality inspection reports to offer peace of mind with every purchase.","og_url":"https:\/\/qingdaohf.com\/lv\/products\/laivas-stures-rats\/","og_site_name":"Concrete Form &amp; Rigging Hardware Supplier","article_publisher":"https:\/\/www.facebook.com\/qingdaohf","article_modified_time":"2025-11-13T01:02:51+00:00","og_image":[{"width":1000,"height":1000,"url":"https:\/\/qingdaohf.com\/wp-content\/uploads\/2024\/11\/boat-steering-wheel-5.jpg","type":"image\/jpeg"}],"twitter_card":"summary_large_image","twitter_misc":{"Est. reading time":"4 min\u016btes"},"schema":{"@context":"https:\/\/schema.org","@graph":[{"@type":"WebPage","@id":"https:\/\/qingdaohf.com\/product\/boat-steering-wheel\/","url":"https:\/\/qingdaohf.com\/product\/boat-steering-wheel\/","name":"Boat Steering Wheel","isPartOf":{"@id":"https:\/\/qingdaohf.com\/bg\/#website"},"primaryImageOfPage":{"@id":"https:\/\/qingdaohf.com\/product\/boat-steering-wheel\/#primaryimage"},"image":{"@id":"https:\/\/qingdaohf.com\/product\/boat-steering-wheel\/#primaryimage"},"thumbnailUrl":"https:\/\/qingdaohf.com\/wp-content\/uploads\/2024\/11\/boat-steering-wheel-5.jpg","datePublished":"2024-11-29T08:45:52+00:00","dateModified":"2025-11-13T01:02:51+00:00","breadcrumb":{"@id":"https:\/\/qingdaohf.com\/product\/boat-steering-wheel\/#breadcrumb"},"inLanguage":"lv-LV","potentialAction":[{"@type":"ReadAction","target":["https:\/\/qingdaohf.com\/product\/boat-steering-wheel\/"]}]},{"@type":"ImageObject","inLanguage":"lv-LV","@id":"https:\/\/qingdaohf.com\/product\/boat-steering-wheel\/#primaryimage","url":"https:\/\/qingdaohf.com\/wp-content\/uploads\/2024\/11\/boat-steering-wheel-5.jpg","contentUrl":"https:\/\/qingdaohf.com\/wp-content\/uploads\/2024\/11\/boat-steering-wheel-5.jpg","width":1000,"height":1000,"caption":"boat steering wheel"},{"@type":"BreadcrumbList","@id":"https:\/\/qingdaohf.com\/product\/boat-steering-wheel\/#breadcrumb","itemListElement":[{"@type":"ListItem","position":1,"name":"Home","item":"https:\/\/qingdaohf.com\/"},{"@type":"ListItem","position":2,"name":"Concrete Forming Accessories and Rigging Hardware","item":"https:\/\/qingdaohf.com\/bg\/?page_id=944"},{"@type":"ListItem","position":3,"name":"Boat Steering Wheel"}]},{"@type":"WebSite","@id":"https:\/\/qingdaohf.com\/bg\/#website","url":"https:\/\/qingdaohf.com\/bg\/","name":"Concrete Form & Rigging Hardware Supplier","description":"","publisher":{"@id":"https:\/\/qingdaohf.com\/bg\/#organization"},"potentialAction":[{"@type":"SearchAction","target":{"@type":"EntryPoint","urlTemplate":"https:\/\/qingdaohf.com\/bg\/?s={search_term_string}"},"query-input":{"@type":"PropertyValueSpecification","valueRequired":true,"valueName":"search_term_string"}}],"inLanguage":"lv-LV"},{"@type":"Organization","@id":"https:\/\/qingdaohf.com\/bg\/#organization","name":"Qingdao H&F","url":"https:\/\/qingdaohf.com\/bg\/","logo":{"@type":"ImageObject","inLanguage":"lv-LV","@id":"https:\/\/qingdaohf.com\/bg\/#\/schema\/logo\/image\/","url":"https:\/\/qingdaohf.com\/wp-content\/uploads\/2022\/12\/cropped-HF-LOGO.png","contentUrl":"https:\/\/qingdaohf.com\/wp-content\/uploads\/2022\/12\/cropped-HF-LOGO.png","width":391,"height":249,"caption":"Qingdao H&F"},"image":{"@id":"https:\/\/qingdaohf.com\/bg\/#\/schema\/logo\/image\/"},"sameAs":["https:\/\/www.facebook.com\/qingdaohf"]}]}},"_links":{"self":[{"href":"https:\/\/qingdaohf.com\/lv\/wp-json\/wp\/v2\/product\/8428","targetHints":{"allow":["GET"]}}],"collection":[{"href":"https:\/\/qingdaohf.com\/lv\/wp-json\/wp\/v2\/product"}],"about":[{"href":"https:\/\/qingdaohf.com\/lv\/wp-json\/wp\/v2\/types\/product"}],"replies":[{"embeddable":true,"href":"https:\/\/qingdaohf.com\/lv\/wp-json\/wp\/v2\/comments?post=8428"}],"version-history":[{"count":1,"href":"https:\/\/qingdaohf.com\/lv\/wp-json\/wp\/v2\/product\/8428\/revisions"}],"predecessor-version":[{"id":8436,"href":"https:\/\/qingdaohf.com\/lv\/wp-json\/wp\/v2\/product\/8428\/revisions\/8436"}],"wp:featuredmedia":[{"embeddable":true,"href":"https:\/\/qingdaohf.com\/lv\/wp-json\/wp\/v2\/media\/8429"}],"wp:attachment":[{"href":"https:\/\/qingdaohf.com\/lv\/wp-json\/wp\/v2\/media?parent=8428"}],"wp:term":[{"taxonomy":"product_brand","embeddable":true,"href":"https:\/\/qingdaohf.com\/lv\/wp-json\/wp\/v2\/product_brand?post=8428"},{"taxonomy":"product_cat","embeddable":true,"href":"https:\/\/qingdaohf.com\/lv\/wp-json\/wp\/v2\/product_cat?post=8428"},{"taxonomy":"product_tag","embeddable":true,"href":"https:\/\/qingdaohf.com\/lv\/wp-json\/wp\/v2\/product_tag?post=8428"}],"curies":[{"name":"wp","href":"https:\/\/api.w.org\/{rel}","templated":true}]}}