{"id":8601,"date":"2024-12-27T17:18:28","date_gmt":"2024-12-27T09:18:28","guid":{"rendered":"http:\/\/qingdaohf.com\/?post_type=product&#038;p=8601"},"modified":"2025-11-13T09:02:22","modified_gmt":"2025-11-13T01:02:22","slug":"formwork-water-stop","status":"publish","type":"product","link":"https:\/\/qingdaohf.com\/lv\/products\/veidnu-udens-aizbazni\/","title":{"rendered":"Veid\u0146u \u016bdens aizb\u012bdnis"},"content":{"rendered":"<p class=\"whitespace-pre-wrap break-words\">Veid\u0146u \u016bdens aptur\u0113\u0161anas produkti ir \u013coti svar\u012bgi hidroizol\u0101cijai un konstrukcijas integrit\u0101tes saglab\u0101\u0161anai betona konstrukcij\u0101s. \u0160ie komponenti darbojas kop\u0101 ar t\u0101diem veid\u0146u piederumiem k\u0101 stie\u0146i un sp\u0101rnu uzgrie\u017e\u0146i, lai nov\u0113rstu \u016bdens nopl\u016bdi un aizsarg\u0101tu betona konstrukcijas. Izp\u0113t\u012bsim, k\u0101 \u0161ie elementi darbojas kop\u0101 un k\u0101p\u0113c tie ir svar\u012bgi j\u016bsu b\u016bvniec\u012bbas projektos.<\/p>\n<h2 class=\"font-600 text-xl font-bold\">Izpratne par veid\u0146u \u016bdens apst\u0101din\u0101jumiem<\/h2>\n<p class=\"whitespace-pre-wrap break-words\">B\u016bv\u0113jot ar betonu, neizb\u0113gami rodas \u0161uves starp da\u017e\u0101d\u0101m sekcij\u0101m - t\u0101s rodas praktisku iemeslu d\u0113\u013c, piem\u0113ram, konstrukcijas p\u0101rtraukumu vai atsevi\u0161\u0137u veid\u0146u sekciju izmanto\u0161anas d\u0113\u013c. T\u0101 k\u0101 betons ir dabiski porains, \u0161\u012bs \u0161uves var k\u013c\u016bt par v\u0101j\u0101m viet\u0101m, kur var iek\u013c\u016bt \u016bdens. Tie\u0161i \u0161aj\u0101 viet\u0101 ir \u016bdens aizb\u012bd\u0146i.<\/p>\n<p class=\"whitespace-pre-wrap break-words\">\u016adens aizb\u012bd\u0146i ir izgatavoti no materi\u0101liem, kas var loc\u012bties un kust\u0113ties kop\u0101 ar betonu - parasti no PVC, gumijas vai \u012bpa\u0161iem hidrofiliem savienojumiem. Galvenais ir izv\u0113l\u0113ties t\u0101du, kas saglab\u0101 savu efektivit\u0101ti, betonam nos\u0113\u017eoties un rea\u0123\u0113jot uz vides izmai\u0146\u0101m. Tie ir j\u0101uzst\u0101da pirms betona ielej\u0161anas, radot fizisku barjeru pret \u016bdens infiltr\u0101ciju. Tas ir \u012bpa\u0161i svar\u012bgi t\u0101d\u0101m konstrukcij\u0101m k\u0101 pagrabi, tune\u013ci un aizsprosti, kur \u016bdens spiediens ir past\u0101v\u012bga probl\u0113ma.<\/p>\n<h2 class=\"font-600 text-xl font-bold\">Sai\u0161u stie\u0146u loma veid\u0146u pielietojum\u0101<\/h2>\n<p><img fetchpriority=\"high\" decoding=\"async\" class=\"alignnone wp-image-8579 size-full\" src=\"http:\/\/qingdaohf.com\/wp-content\/uploads\/2024\/12\/tie-rod-92.webp\" alt=\"kaklasaites stie\u0146u sist\u0113ma\" width=\"1000\" height=\"1000\" srcset=\"https:\/\/qingdaohf.com\/wp-content\/uploads\/2024\/12\/tie-rod-92.webp 1000w, https:\/\/qingdaohf.com\/wp-content\/uploads\/2024\/12\/tie-rod-92-300x300.webp 300w, https:\/\/qingdaohf.com\/wp-content\/uploads\/2024\/12\/tie-rod-92-150x150.webp 150w, https:\/\/qingdaohf.com\/wp-content\/uploads\/2024\/12\/tie-rod-92-768x768.webp 768w, https:\/\/qingdaohf.com\/wp-content\/uploads\/2024\/12\/tie-rod-92-12x12.webp 12w, https:\/\/qingdaohf.com\/wp-content\/uploads\/2024\/12\/tie-rod-92-500x500.webp 500w, https:\/\/qingdaohf.com\/wp-content\/uploads\/2024\/12\/tie-rod-92-100x100.webp 100w\" sizes=\"(max-width: 1000px) 100vw, 1000px\" \/><\/p>\n<p class=\"whitespace-pre-wrap break-words\">Sai\u0161u stie\u0146i (jeb veid\u0146u saites) ir betona konstrukciju varo\u0146i, par kuriem netiek run\u0101ts. \u0160\u012bs t\u0113rauda sast\u0101vda\u013cas notur nekust\u012bgus veid\u0146u pane\u013cus, kam\u0113r tiek lietots un saciet\u0113jis betons. Ievelkot caur pane\u013ciem un nostiprinot ar sp\u0101rnu uzgrie\u017e\u0146iem abos galos, tie nodro\u0161ina spriegojumu, kas nepiecie\u0161ams, lai viss b\u016btu stabils zem milz\u012bg\u0101 slapja betona spiediena.<\/p>\n<p class=\"whitespace-pre-wrap break-words\">Saikne starp \u016bdens aizb\u012bd\u0146iem un stie\u0146iem ir \u013coti svar\u012bga - tiem savstarp\u0113ji j\u0101savienojas. Sai\u0161u stie\u0146i uztur veid\u0146u st\u0101vokli, bet \u016bdens aizb\u012bd\u0146i nodro\u0161ina savienojumu necaurlaid\u012bbu. Pareiza \u0161\u012b kombin\u0101cija nov\u0113r\u0161 \u016bdens infiltr\u0101ciju un d\u0101rgus remontdarbus n\u0101kotn\u0113. P\u0113c betona saciet\u0113\u0161anas str\u0101dnieki no\u0146em saistviru stie\u0146us un sp\u0101rnu uzgrie\u017e\u0146us, atst\u0101jot aiz sevis pien\u0101c\u012bgi \u016bdensnecaurlaid\u012bgas \u0161uves.<\/p>\n<h2 class=\"font-600 text-xl font-bold\">Sp\u0101rnu uzgrie\u017e\u0146u noz\u012bme veid\u0146u konstrukcij\u0101<\/h2>\n<p class=\"whitespace-pre-wrap break-words\">Sp\u0101rnu uzgrie\u017e\u0146i var \u0161\u0137ist vienk\u0101r\u0161i, ta\u010du tie ir \u013coti svar\u012bgi, lai prec\u012bzi noregul\u0113tu veid\u0146u mont\u0101\u017eu. To konstrukcija \u013cauj str\u0101dniekiem ar rok\u0101m regul\u0113t stie\u0146u spriegojumu, t\u0101d\u0113j\u0101di atvieglojot pareizu pane\u013cu izl\u012bdzin\u0101\u0161anu beton\u0113\u0161anas laik\u0101. \u0160\u012b prec\u012bz\u0101 kontrole pal\u012bdz nov\u0113rst pane\u013cu kust\u012bbu, kas var\u0113tu apdraud\u0113t gal\u012bgo konstrukciju.<\/p>\n<p class=\"whitespace-pre-wrap break-words\">\u0160iem komponentiem ir ar\u012b b\u016btiska noz\u012bme \u016bdens aptur\u0113\u0161anas efektivit\u0101t\u0113. Ja stie\u0146i ir pareizi nostiepti ar sp\u0101rnu uzgrie\u017e\u0146iem, tie notur veid\u0146u pane\u013cus un \u016bdens aizb\u012bd\u0146us tie\u0161i tur, kur tiem j\u0101b\u016bt. Bez pareizas sp\u0101rnu uzgrie\u017e\u0146u regul\u0113\u0161anas, kust\u012bbas lie\u0161anas laik\u0101 var rad\u012bt spraugas, kas \u013cauj iek\u013c\u016bt \u016bdenim.<\/p>\n<h2 class=\"font-600 text-xl font-bold\">Priek\u0161roc\u012bbas, ko dod veid\u0146u \u016bdens aiztur\u0113t\u0101ji betona hidroizol\u0101cij\u0101<\/h2>\n<p class=\"whitespace-pre-wrap break-words\">Konstrukcij\u0101m, kas ir past\u0101v\u012bgi pak\u013cautas mitruma iedarb\u012bbai, piem\u0113ram, pamatiem un pazemes tune\u013ciem, pareiza hidroizol\u0101cija ir oblig\u0101ta pras\u012bba. \u016adens aizb\u012bd\u0146iem ir vair\u0101kas b\u016btiskas priek\u0161roc\u012bbas:<\/p>\n<p class=\"whitespace-pre-wrap break-words\">Struktur\u0101l\u0101 aizsardz\u012bba: Nov\u0113r\u0161ot \u016bdens infiltr\u0101ciju \u0161uv\u0113s, \u016bdens aizb\u012bd\u0146i pal\u012bdz izvair\u012bties no t\u0101d\u0101m izplat\u012bt\u0101m probl\u0113m\u0101m k\u0101 armat\u016bras korozija un betona degrad\u0101cija, kas var apdraud\u0113t konstrukcijas integrit\u0101ti.<\/p>\n<p class=\"whitespace-pre-wrap break-words\">Izmaksu ieguvumi: Lai gan s\u0101kotn\u0113jais ieguld\u012bjums kvalitat\u012bvos \u016bdens aizb\u0101\u017e\u0146os var \u0161\u0137ist iev\u0113rojams, tas ir daudz l\u0113t\u0101ks nek\u0101 v\u0113l\u0101k risin\u0101t \u016bdens boj\u0101jumu nov\u0113r\u0161anas probl\u0113mas. Pareiza hidroizol\u0101cijas ier\u012bko\u0161ana b\u016bvniec\u012bbas laik\u0101 nov\u0113r\u0161 nepiecie\u0161am\u012bbu p\u0113c d\u0101rgiem remontdarbiem.<\/p>\n<p class=\"whitespace-pre-wrap break-words\">Pastiprin\u0101ts ilgm\u016b\u017e\u012bba: Konstrukcijas ar pareizi uzst\u0101d\u012btu \u016bdens aizb\u012bdni parasti kalpo ilg\u0101k, jo \u012bpa\u0161i sare\u017e\u0123\u012bt\u0101 vid\u0113 ar augstu \u016bdens spiedienu vai koroz\u012bviem apst\u0101k\u013ciem.<\/p>\n<p class=\"whitespace-pre-wrap break-words\">Ties\u012bbu aktu atbilst\u012bba: Daudzos b\u016bvnormat\u012bvos ir noteikts, ka \u016bdens apst\u0101\u0161an\u0101s ir oblig\u0101ta, jo \u012bpa\u0161i attiec\u012bb\u0101 uz kritisko infrastrukt\u016bru. To izmanto\u0161ana pal\u012bdz nodro\u0161in\u0101t, ka j\u016bsu projekts atbilst visiem nepiecie\u0161amajiem dro\u0161\u012bbas un uzticam\u012bbas standartiem.<\/p>\n<p class=\"whitespace-pre-wrap break-words\">Atbild\u012bba par vidi: Efekt\u012bva hidroizol\u0101cija pasarg\u0101 ne tikai konstrukciju, bet ar\u012b apk\u0101rt\u0113jo vidi no iesp\u0113jama pies\u0101r\u0146ojuma nopl\u016bdes d\u0113\u013c.<\/p>\n<h2 class=\"font-600 text-xl font-bold\">K\u0101p\u0113c izv\u0113l\u0113ties m\u016bs sav\u0101m veid\u0146u \u016bdens aptur\u0113\u0161anas vajadz\u012bb\u0101m?<\/h2>\n<p class=\"whitespace-pre-wrap break-words\">M\u016bsu uz\u0146\u0113mums specializ\u0113jas b\u016bvniec\u012bbas profesion\u0101\u013cu nodro\u0161in\u0101\u0161an\u0101 ar augstas kvalit\u0101tes veid\u0146u risin\u0101jumiem. M\u0113s saprotam, ka katram projektam ir unik\u0101las probl\u0113mas, t\u0101p\u0113c pied\u0101v\u0101jam individu\u0101lu atbalstu, lai pal\u012bdz\u0113tu jums izv\u0113l\u0113ties pareizos produktus.<\/p>\n<p class=\"whitespace-pre-wrap break-words\">M\u0113s lepojamies ar \u0101tru pieg\u0101des laiku un visaptvero\u0161u kvalit\u0101tes p\u0101rbaudes dokument\u0101ciju. Neatkar\u012bgi no t\u0101, vai vad\u0101t lielu infrastrukt\u016bras projektu vai maz\u0101ku projektu, m\u016bsu komanda nodro\u0161ina jums nepiecie\u0161amo kompetenci un atbalstu vis\u0101 projekta gait\u0101.<\/p>\n<h2 class=\"font-600 text-xl font-bold\">Secin\u0101jums<\/h2>\n<p class=\"whitespace-pre-wrap break-words\">Betona konstrukciju veiksme bie\u017ei vien ir atkar\u012bga no pareizas deta\u013cu izstr\u0101des, jo \u012bpa\u0161i hidroizol\u0101cijas jom\u0101. Efekt\u012bva \u016bdens aizb\u012bd\u0146u izmanto\u0161ana, k\u0101 ar\u012b pareizi uzst\u0101d\u012bti stie\u0146i un sp\u0101rnu uzgrie\u017e\u0146i pal\u012bdz nodro\u0161in\u0101t, ka j\u016bsu konstrukcijas paliek \u016bdensnecaurlaid\u012bgas un iztur\u012bgas. Sadarbojoties ar t\u0101du uzticamu pieg\u0101d\u0101t\u0101ju k\u0101 m\u0113s, j\u016bs sa\u0146emsiet kvalitat\u012bvus produktus un atbalstu, kas nepiecie\u0161ams, lai veiksm\u012bgi pabeigtu savus projektus.<\/p>","protected":false},"excerpt":{"rendered":"<p>Veid\u0146u \u016bdens aiztur\u0113\u0161anas produkti ir b\u016btiski, lai veidotu \u016bdensnecaurlaid\u012bgas barjeras betona konstrukcij\u0101s, nov\u0113r\u0161ot \u016bdens nopl\u016bdi caur betona konstrukciju \u0161uv\u0113m. \u0160ie izstr\u0101d\u0101jumi ir paredz\u0113ti izmanto\u0161anai kop\u0101 ar citiem veid\u0146u piederumiem, piem\u0113ram, stie\u0146iem un sp\u0101rnu uzgrie\u017e\u0146iem, lai nodro\u0161in\u0101tu viengabalainu un iztur\u012bgu b\u016bvniec\u012bbas procesu. K\u0101 tirdzniec\u012bbas uz\u0146\u0113mums m\u0113s pied\u0101v\u0101jam individu\u0101lu klientu apkalpo\u0161anu, \u0101trus pieg\u0101des ciklus un sniedzam da\u017e\u0101dus kvalit\u0101tes p\u0101rbaudes zi\u0146ojumus, lai saviem klientiem nodro\u0161in\u0101tu visaugst\u0101kos standartus. Neatkar\u012bgi no t\u0101, vai jums nepiecie\u0161ama konsult\u0101cija par izstr\u0101d\u0101jumu specifik\u0101cij\u0101m vai savlaic\u012bga pieg\u0101de, m\u0113s esam ap\u0146\u0113mu\u0161ies efekt\u012bvi un uzticami apmierin\u0101t j\u016bsu vajadz\u012bbas.<\/p>","protected":false},"featured_media":8599,"comment_status":"open","ping_status":"closed","template":"","meta":{"site-sidebar-layout":"default","site-content-layout":"","ast-site-content-layout":"default","site-content-style":"default","site-sidebar-style":"default","ast-global-header-display":"","ast-banner-title-visibility":"","ast-main-header-display":"","ast-hfb-above-header-display":"","ast-hfb-below-header-display":"","ast-hfb-mobile-header-display":"","site-post-title":"","ast-breadcrumbs-content":"","ast-featured-img":"","footer-sml-layout":"","theme-transparent-header-meta":"default","adv-header-id-meta":"","stick-header-meta":"default","header-above-stick-meta":"","header-main-stick-meta":"","header-below-stick-meta":"","astra-migrate-meta-layouts":"set","ast-page-background-enabled":"default","ast-page-background-meta":{"desktop":{"background-color":"","background-image":"","background-repeat":"repeat","background-position":"center center","background-size":"auto","background-attachment":"scroll","background-type":"","background-media":"","overlay-type":"","overlay-color":"","overlay-opacity":"","overlay-gradient":""},"tablet":{"background-color":"","background-image":"","background-repeat":"repeat","background-position":"center center","background-size":"auto","background-attachment":"scroll","background-type":"","background-media":"","overlay-type":"","overlay-color":"","overlay-opacity":"","overlay-gradient":""},"mobile":{"background-color":"","background-image":"","background-repeat":"repeat","background-position":"center center","background-size":"auto","background-attachment":"scroll","background-type":"","background-media":"","overlay-type":"","overlay-color":"","overlay-opacity":"","overlay-gradient":""}},"ast-content-background-meta":{"desktop":{"background-color":"var(--ast-global-color-5)","background-image":"","background-repeat":"repeat","background-position":"center center","background-size":"auto","background-attachment":"scroll","background-type":"","background-media":"","overlay-type":"","overlay-color":"","overlay-opacity":"","overlay-gradient":""},"tablet":{"background-color":"var(--ast-global-color-5)","background-image":"","background-repeat":"repeat","background-position":"center center","background-size":"auto","background-attachment":"scroll","background-type":"","background-media":"","overlay-type":"","overlay-color":"","overlay-opacity":"","overlay-gradient":""},"mobile":{"background-color":"var(--ast-global-color-5)","background-image":"","background-repeat":"repeat","background-position":"center center","background-size":"auto","background-attachment":"scroll","background-type":"","background-media":"","overlay-type":"","overlay-color":"","overlay-opacity":"","overlay-gradient":""}}},"product_brand":[],"product_cat":[79],"product_tag":[],"class_list":{"0":"post-8601","1":"product","2":"type-product","3":"status-publish","4":"has-post-thumbnail","6":"product_cat-tie-rod-system","7":"desktop-align-left","8":"tablet-align-left","9":"mobile-align-left","10":"ast-product-gallery-layout-horizontal-slider","11":"ast-product-tabs-layout-horizontal","13":"first","14":"instock","15":"shipping-taxable","16":"purchasable","17":"product-type-simple"},"yoast_head":"<!-- This site is optimized with the Yoast SEO plugin v25.2 - https:\/\/yoast.com\/wordpress\/plugins\/seo\/ -->\n<title>Formwork Water Stop<\/title>\n<meta name=\"description\" content=\"Formwork water stop products are essential for creating waterproof barriers in concrete construction, preventing water leakage through joints in concrete structures.\" \/>\n<meta name=\"robots\" content=\"index, follow, max-snippet:-1, max-image-preview:large, max-video-preview:-1\" \/>\n<link rel=\"canonical\" href=\"https:\/\/qingdaohf.com\/lv\/products\/veidnu-udens-aizbazni\/\" \/>\n<meta property=\"og:locale\" content=\"lv_LV\" \/>\n<meta property=\"og:type\" content=\"article\" \/>\n<meta property=\"og:title\" content=\"Formwork Water Stop\" \/>\n<meta property=\"og:description\" content=\"Formwork water stop products are essential for creating waterproof barriers in concrete construction, preventing water leakage through joints in concrete structures.\" \/>\n<meta property=\"og:url\" content=\"https:\/\/qingdaohf.com\/lv\/products\/veidnu-udens-aizbazni\/\" \/>\n<meta property=\"og:site_name\" content=\"Concrete Form &amp; Rigging Hardware Supplier\" \/>\n<meta property=\"article:publisher\" content=\"https:\/\/www.facebook.com\/qingdaohf\" \/>\n<meta property=\"article:modified_time\" content=\"2025-11-13T01:02:22+00:00\" \/>\n<meta property=\"og:image\" content=\"https:\/\/qingdaohf.com\/wp-content\/uploads\/2024\/12\/tie-rod-water-stop-9.jpg\" \/>\n\t<meta property=\"og:image:width\" content=\"1000\" \/>\n\t<meta property=\"og:image:height\" content=\"1000\" \/>\n\t<meta property=\"og:image:type\" content=\"image\/jpeg\" \/>\n<meta name=\"twitter:card\" content=\"summary_large_image\" \/>\n<meta name=\"twitter:label1\" content=\"Est. reading time\" \/>\n\t<meta name=\"twitter:data1\" content=\"4 min\u016btes\" \/>\n<script type=\"application\/ld+json\" class=\"yoast-schema-graph\">{\"@context\":\"https:\/\/schema.org\",\"@graph\":[{\"@type\":\"WebPage\",\"@id\":\"https:\/\/qingdaohf.com\/product\/formwork-water-stop\/\",\"url\":\"https:\/\/qingdaohf.com\/product\/formwork-water-stop\/\",\"name\":\"Formwork Water Stop\",\"isPartOf\":{\"@id\":\"https:\/\/qingdaohf.com\/bg\/#website\"},\"primaryImageOfPage\":{\"@id\":\"https:\/\/qingdaohf.com\/product\/formwork-water-stop\/#primaryimage\"},\"image\":{\"@id\":\"https:\/\/qingdaohf.com\/product\/formwork-water-stop\/#primaryimage\"},\"thumbnailUrl\":\"https:\/\/qingdaohf.com\/wp-content\/uploads\/2024\/12\/tie-rod-water-stop-9.jpg\",\"datePublished\":\"2024-12-27T09:18:28+00:00\",\"dateModified\":\"2025-11-13T01:02:22+00:00\",\"description\":\"Formwork water stop products are essential for creating waterproof barriers in concrete construction, preventing water leakage through joints in concrete structures.\",\"breadcrumb\":{\"@id\":\"https:\/\/qingdaohf.com\/product\/formwork-water-stop\/#breadcrumb\"},\"inLanguage\":\"lv-LV\",\"potentialAction\":[{\"@type\":\"ReadAction\",\"target\":[\"https:\/\/qingdaohf.com\/product\/formwork-water-stop\/\"]}]},{\"@type\":\"ImageObject\",\"inLanguage\":\"lv-LV\",\"@id\":\"https:\/\/qingdaohf.com\/product\/formwork-water-stop\/#primaryimage\",\"url\":\"https:\/\/qingdaohf.com\/wp-content\/uploads\/2024\/12\/tie-rod-water-stop-9.jpg\",\"contentUrl\":\"https:\/\/qingdaohf.com\/wp-content\/uploads\/2024\/12\/tie-rod-water-stop-9.jpg\",\"width\":1000,\"height\":1000},{\"@type\":\"BreadcrumbList\",\"@id\":\"https:\/\/qingdaohf.com\/product\/formwork-water-stop\/#breadcrumb\",\"itemListElement\":[{\"@type\":\"ListItem\",\"position\":1,\"name\":\"Home\",\"item\":\"https:\/\/qingdaohf.com\/\"},{\"@type\":\"ListItem\",\"position\":2,\"name\":\"Concrete Forming Accessories and Rigging Hardware\",\"item\":\"https:\/\/qingdaohf.com\/bg\/?page_id=944\"},{\"@type\":\"ListItem\",\"position\":3,\"name\":\"Formwork Water Stop\"}]},{\"@type\":\"WebSite\",\"@id\":\"https:\/\/qingdaohf.com\/bg\/#website\",\"url\":\"https:\/\/qingdaohf.com\/bg\/\",\"name\":\"Concrete Form & Rigging Hardware Supplier\",\"description\":\"\",\"publisher\":{\"@id\":\"https:\/\/qingdaohf.com\/bg\/#organization\"},\"potentialAction\":[{\"@type\":\"SearchAction\",\"target\":{\"@type\":\"EntryPoint\",\"urlTemplate\":\"https:\/\/qingdaohf.com\/bg\/?s={search_term_string}\"},\"query-input\":{\"@type\":\"PropertyValueSpecification\",\"valueRequired\":true,\"valueName\":\"search_term_string\"}}],\"inLanguage\":\"lv-LV\"},{\"@type\":\"Organization\",\"@id\":\"https:\/\/qingdaohf.com\/bg\/#organization\",\"name\":\"Qingdao H&F\",\"url\":\"https:\/\/qingdaohf.com\/bg\/\",\"logo\":{\"@type\":\"ImageObject\",\"inLanguage\":\"lv-LV\",\"@id\":\"https:\/\/qingdaohf.com\/bg\/#\/schema\/logo\/image\/\",\"url\":\"https:\/\/qingdaohf.com\/wp-content\/uploads\/2022\/12\/cropped-HF-LOGO.png\",\"contentUrl\":\"https:\/\/qingdaohf.com\/wp-content\/uploads\/2022\/12\/cropped-HF-LOGO.png\",\"width\":391,\"height\":249,\"caption\":\"Qingdao H&F\"},\"image\":{\"@id\":\"https:\/\/qingdaohf.com\/bg\/#\/schema\/logo\/image\/\"},\"sameAs\":[\"https:\/\/www.facebook.com\/qingdaohf\"]}]}<\/script>\n<!-- \/ Yoast SEO plugin. -->","yoast_head_json":{"title":"Formwork Water Stop","description":"Formwork water stop products are essential for creating waterproof barriers in concrete construction, preventing water leakage through joints in concrete structures.","robots":{"index":"index","follow":"follow","max-snippet":"max-snippet:-1","max-image-preview":"max-image-preview:large","max-video-preview":"max-video-preview:-1"},"canonical":"https:\/\/qingdaohf.com\/lv\/products\/veidnu-udens-aizbazni\/","og_locale":"lv_LV","og_type":"article","og_title":"Formwork Water Stop","og_description":"Formwork water stop products are essential for creating waterproof barriers in concrete construction, preventing water leakage through joints in concrete structures.","og_url":"https:\/\/qingdaohf.com\/lv\/products\/veidnu-udens-aizbazni\/","og_site_name":"Concrete Form &amp; Rigging Hardware Supplier","article_publisher":"https:\/\/www.facebook.com\/qingdaohf","article_modified_time":"2025-11-13T01:02:22+00:00","og_image":[{"width":1000,"height":1000,"url":"https:\/\/qingdaohf.com\/wp-content\/uploads\/2024\/12\/tie-rod-water-stop-9.jpg","type":"image\/jpeg"}],"twitter_card":"summary_large_image","twitter_misc":{"Est. reading time":"4 min\u016btes"},"schema":{"@context":"https:\/\/schema.org","@graph":[{"@type":"WebPage","@id":"https:\/\/qingdaohf.com\/product\/formwork-water-stop\/","url":"https:\/\/qingdaohf.com\/product\/formwork-water-stop\/","name":"Formwork Water Stop","isPartOf":{"@id":"https:\/\/qingdaohf.com\/bg\/#website"},"primaryImageOfPage":{"@id":"https:\/\/qingdaohf.com\/product\/formwork-water-stop\/#primaryimage"},"image":{"@id":"https:\/\/qingdaohf.com\/product\/formwork-water-stop\/#primaryimage"},"thumbnailUrl":"https:\/\/qingdaohf.com\/wp-content\/uploads\/2024\/12\/tie-rod-water-stop-9.jpg","datePublished":"2024-12-27T09:18:28+00:00","dateModified":"2025-11-13T01:02:22+00:00","description":"Formwork water stop products are essential for creating waterproof barriers in concrete construction, preventing water leakage through joints in concrete structures.","breadcrumb":{"@id":"https:\/\/qingdaohf.com\/product\/formwork-water-stop\/#breadcrumb"},"inLanguage":"lv-LV","potentialAction":[{"@type":"ReadAction","target":["https:\/\/qingdaohf.com\/product\/formwork-water-stop\/"]}]},{"@type":"ImageObject","inLanguage":"lv-LV","@id":"https:\/\/qingdaohf.com\/product\/formwork-water-stop\/#primaryimage","url":"https:\/\/qingdaohf.com\/wp-content\/uploads\/2024\/12\/tie-rod-water-stop-9.jpg","contentUrl":"https:\/\/qingdaohf.com\/wp-content\/uploads\/2024\/12\/tie-rod-water-stop-9.jpg","width":1000,"height":1000},{"@type":"BreadcrumbList","@id":"https:\/\/qingdaohf.com\/product\/formwork-water-stop\/#breadcrumb","itemListElement":[{"@type":"ListItem","position":1,"name":"Home","item":"https:\/\/qingdaohf.com\/"},{"@type":"ListItem","position":2,"name":"Concrete Forming Accessories and Rigging Hardware","item":"https:\/\/qingdaohf.com\/bg\/?page_id=944"},{"@type":"ListItem","position":3,"name":"Formwork Water Stop"}]},{"@type":"WebSite","@id":"https:\/\/qingdaohf.com\/bg\/#website","url":"https:\/\/qingdaohf.com\/bg\/","name":"Concrete Form & Rigging Hardware Supplier","description":"","publisher":{"@id":"https:\/\/qingdaohf.com\/bg\/#organization"},"potentialAction":[{"@type":"SearchAction","target":{"@type":"EntryPoint","urlTemplate":"https:\/\/qingdaohf.com\/bg\/?s={search_term_string}"},"query-input":{"@type":"PropertyValueSpecification","valueRequired":true,"valueName":"search_term_string"}}],"inLanguage":"lv-LV"},{"@type":"Organization","@id":"https:\/\/qingdaohf.com\/bg\/#organization","name":"Qingdao H&F","url":"https:\/\/qingdaohf.com\/bg\/","logo":{"@type":"ImageObject","inLanguage":"lv-LV","@id":"https:\/\/qingdaohf.com\/bg\/#\/schema\/logo\/image\/","url":"https:\/\/qingdaohf.com\/wp-content\/uploads\/2022\/12\/cropped-HF-LOGO.png","contentUrl":"https:\/\/qingdaohf.com\/wp-content\/uploads\/2022\/12\/cropped-HF-LOGO.png","width":391,"height":249,"caption":"Qingdao H&F"},"image":{"@id":"https:\/\/qingdaohf.com\/bg\/#\/schema\/logo\/image\/"},"sameAs":["https:\/\/www.facebook.com\/qingdaohf"]}]}},"_links":{"self":[{"href":"https:\/\/qingdaohf.com\/lv\/wp-json\/wp\/v2\/product\/8601","targetHints":{"allow":["GET"]}}],"collection":[{"href":"https:\/\/qingdaohf.com\/lv\/wp-json\/wp\/v2\/product"}],"about":[{"href":"https:\/\/qingdaohf.com\/lv\/wp-json\/wp\/v2\/types\/product"}],"replies":[{"embeddable":true,"href":"https:\/\/qingdaohf.com\/lv\/wp-json\/wp\/v2\/comments?post=8601"}],"version-history":[{"count":1,"href":"https:\/\/qingdaohf.com\/lv\/wp-json\/wp\/v2\/product\/8601\/revisions"}],"predecessor-version":[{"id":8602,"href":"https:\/\/qingdaohf.com\/lv\/wp-json\/wp\/v2\/product\/8601\/revisions\/8602"}],"wp:featuredmedia":[{"embeddable":true,"href":"https:\/\/qingdaohf.com\/lv\/wp-json\/wp\/v2\/media\/8599"}],"wp:attachment":[{"href":"https:\/\/qingdaohf.com\/lv\/wp-json\/wp\/v2\/media?parent=8601"}],"wp:term":[{"taxonomy":"product_brand","embeddable":true,"href":"https:\/\/qingdaohf.com\/lv\/wp-json\/wp\/v2\/product_brand?post=8601"},{"taxonomy":"product_cat","embeddable":true,"href":"https:\/\/qingdaohf.com\/lv\/wp-json\/wp\/v2\/product_cat?post=8601"},{"taxonomy":"product_tag","embeddable":true,"href":"https:\/\/qingdaohf.com\/lv\/wp-json\/wp\/v2\/product_tag?post=8601"}],"curies":[{"name":"wp","href":"https:\/\/api.w.org\/{rel}","templated":true}]}}