{"id":8614,"date":"2024-12-31T16:30:30","date_gmt":"2024-12-31T08:30:30","guid":{"rendered":"http:\/\/qingdaohf.com\/?post_type=product&#038;p=8614"},"modified":"2025-11-13T09:02:21","modified_gmt":"2025-11-13T01:02:21","slug":"tie-rod-plate-washer","status":"publish","type":"product","link":"https:\/\/qingdaohf.com\/lv\/products\/kaklasaites-stiena-plaksnes-paplaksne\/","title":{"rendered":"Kaklasaites stie\u0146a pl\u0101ksnes papl\u0101ksne"},"content":{"rendered":"<h2 class=\"font-600 text-2xl font-bold\">Sai\u0161u stie\u0146u sist\u0113mas loma m\u016bsdienu b\u016bvniec\u012bb\u0101<\/h2>\n<p class=\"whitespace-pre-wrap break-words\">Padom\u0101jiet par betona veid\u0146iem k\u0101 par milzu puzli, kur\u0101 katrai deta\u013cai ir ide\u0101li j\u0101savienojas. Sai\u0161u stie\u0146u sist\u0113ma \u0161eit ir neapdzied\u0101tais varonis, kas notur visu sav\u0101 viet\u0101, kad uz veid\u0146iem s\u0101k spiesties tonnas slapja betona. Tie nav vienk\u0101r\u0161i stie\u0146i un papl\u0101ksnes - tie ir \u012bpa\u0161i izstr\u0101d\u0101ti, lai iztur\u0113tu lielu spiedienu, vienlaikus saglab\u0101jot perfektu izl\u012bdzin\u0101jumu.<\/p>\n<p class=\"whitespace-pre-wrap break-words\">Piem\u0113ram, stie\u0146i. \u0160ie t\u0113rauda darbar\u012bki iztur milz\u012bgo \u0101r\u0113jo sp\u0113ku, ko rada slapj\u0161 betons, ne\u013caujot veidn\u0113m izspiesties vai nob\u012bd\u012bties. Projektos, kur \u016bdensiztur\u012bba ir \u013coti svar\u012bga, sist\u0113m\u0101 tiek integr\u0113ti specializ\u0113ti \u016bdens aiztur\u0113t\u0101ji. Tie veido \u016bdensnecaurlaid\u012bgus bl\u012bv\u0113jumus konstrukciju savienojumos, kas ir absol\u016bti b\u016btiski t\u0101d\u0101m konstrukcij\u0101m k\u0101 pagraba sienas vai \u016bdens tvertnes.<\/p>\n<p class=\"whitespace-pre-wrap break-words\">Sai\u0161u stie\u0146a pl\u0101ksnes papl\u0101ksnes var \u0161\u0137ist vienk\u0101r\u0161as, ta\u010du paties\u012bb\u0101 t\u0101s ir diezgan gudras. Izklied\u0113jot spiedienu pla\u0161\u0101k\u0101 veid\u0146u laukum\u0101, t\u0101s ne\u013cauj nevienam atsevi\u0161\u0137am punktam izjust p\u0101r\u0101k lielu slodzi. Savienojum\u0101 ar super plate kombin\u0113tajiem uzgrie\u017e\u0146iem j\u016bs ieg\u016bstat savienojuma punktu, kas ir gan stingrs, gan regul\u0113jams - tie\u0161i tas, kas jums nepiecie\u0161ams, kad ir svar\u012bga precizit\u0101te.<\/p>\n<h2 class=\"font-600 text-xl font-bold\">Sai\u0161u stie\u0146a pl\u0101ksnes papl\u0101k\u0161\u0146u daudzpus\u012bbas izpratne<\/h2>\n<p class=\"whitespace-pre-wrap break-words\">Sai\u0161u stie\u0146a pl\u0101ksn\u012b\u0161u papl\u0101k\u0161\u0146u \u0123enialit\u0101te sl\u0113pjas to sp\u0113j\u0101 vienm\u0113r\u012bgi sadal\u012bt sp\u0113ku. Ja to neb\u016btu, rastos risks, ka stie\u0146i var\u0113tu caurdurt vai saboj\u0101t veid\u0146u pane\u013cus. \u0160\u012bs papl\u0101ksnes ir izgatavotas iztur\u012bgas, parasti no cinkota t\u0113rauda vai l\u012bdz\u012bgiem materi\u0101liem, kas var iztur\u0113t visu, s\u0101kot no past\u0101v\u012bga mitruma l\u012bdz atk\u0101rtotai izmanto\u0161anai da\u017e\u0101dos projektos.<\/p>\n<p class=\"whitespace-pre-wrap break-words\">To konstrukcija ir \u013coti vienk\u0101r\u0161a - pla\u0161a, l\u012bdzena virsma, kas nov\u0113r\u0161 veid\u0146u boj\u0101jumus spiediena ietekm\u0113. Neatkar\u012bgi no t\u0101, vai str\u0101d\u0101jat pie debesskr\u0101pja vai tilta pamatiem, \u0161\u012bm papl\u0101ksn\u0113m ir iz\u0161\u0137iro\u0161a noz\u012bme, lai viss b\u016btu izl\u012bdzin\u0101ts un stabils.<\/p>\n<p class=\"whitespace-pre-wrap break-words\">Ja pievienosiet superpl\u0101k\u0161\u0146u kombin\u0113to uzgriezni, ieg\u016bsiet v\u0113l liel\u0101ku kontroli. \u0160\u012b kombin\u0101cija \u013cauj apkalpes person\u0101lam izv\u0113l\u0113ties ide\u0101lu sasprindzin\u0101jumu stie\u0146iem, nodro\u0161inot, ka veidnes paliek prec\u012bzi tur, kur t\u0101m ir j\u0101b\u016bt vis\u0101 ielejam\u0101 darba laik\u0101.<\/p>\n<h2 class=\"font-600 text-xl font-bold\">Priek\u0161roc\u012bbas, izv\u0113loties Qingdao H&amp;F stie\u0146u sist\u0113m\u0101m<\/h2>\n<p class=\"whitespace-pre-wrap break-words\">Qingdao H&amp;F ne tikai ra\u017eo komponentus - m\u0113s izstr\u0101d\u0101jam risin\u0101jumus. M\u016bsu stie\u0146u pl\u0101k\u0161\u0146u papl\u0101ksnes ir \u012bpa\u0161i izstr\u0101d\u0101tas t\u0101, lai nevainojami sadarbotos ar citiem m\u016bsu veid\u0146u komponentiem, radot sist\u0113mu, kas ir liel\u0101ka nek\u0101 t\u0101s da\u013cu summa.<\/p>\n<p class=\"whitespace-pre-wrap break-words\">Tas, ar ko m\u0113s patie\u0161\u0101m at\u0161\u0137iramies, ir veids, k\u0101 m\u0113s str\u0101d\u0101jam ar saviem klientiem. Jau no pirm\u0101s dienas j\u016bs sa\u0146emsiet personaliz\u0113tu uzman\u012bbu, un j\u016bsu projektam velt\u012btu komandu, kas izprot j\u016bsu projekta unik\u0101l\u0101s probl\u0113mas. M\u0113s zin\u0101m, ka b\u016bvdarbu grafiki ir saspringti, t\u0101p\u0113c esam racionaliz\u0113ju\u0161i pieg\u0101des procesu, lai sa\u0146emtu jums nepiecie\u0161amo, kad jums tas nepiecie\u0161ams.<\/p>\n<p class=\"whitespace-pre-wrap break-words\">Katra izstr\u0101d\u0101jumu partija pirms izve\u0161anas no m\u016bsu ra\u017eotnes tiek r\u016bp\u012bgi p\u0101rbaud\u012bta, un m\u0113s sniedzam detaliz\u0113tus p\u0101rbaudes zi\u0146ojumus par katru s\u016bt\u012bjumu. \u0160\u012b p\u0101rredzam\u012bba pal\u012bdz jums uztic\u0113ties sa\u0146emam\u0101 produkta kvalit\u0101tei, savuk\u0101rt m\u016bsu tehnisk\u0101 komanda ir gatava sniegt jums nepiecie\u0161am\u0101s konsult\u0101cijas.<\/p>\n<h2 class=\"font-600 text-xl font-bold\">K\u0101p\u0113c stie\u0146u sist\u0113ma ir b\u016btiska b\u016bvniec\u012bbas pan\u0101kumu nodro\u0161in\u0101\u0161anai<\/h2>\n<p class=\"whitespace-pre-wrap break-words\">Ir gr\u016bti p\u0101rsp\u012bl\u0113t, cik svar\u012bga ir stie\u0146u sist\u0113ma m\u016bsdienu betona konstrukcij\u0101s. T\u0101 nodro\u0161ina mugurkaulu perfektu betona elementu izveidei, vienlaikus esot pietiekami elast\u012bga, lai piel\u0101gotos sare\u017e\u0123\u012btiem arhitekt\u016bras projektiem. Izmantojot \u016bdens aiztur\u0113t\u0101jus, j\u016bs ieg\u016bstat sist\u0113mu, kas ir gatava visam - no vienk\u0101r\u0161\u0101m sien\u0101m l\u012bdz sare\u017e\u0123\u012bt\u0101m \u016bdens aiztur\u0113\u0161anas konstrukcij\u0101m.<\/p>\n<p class=\"whitespace-pre-wrap break-words\">Pievienojot stie\u0146a stie\u0146a pl\u0101ksnes papl\u0101ksnes un superpl\u0101k\u0161\u0146u kombin\u0113tos uzgrie\u017e\u0146us, viss tiek savienots kop\u0101 gan burtisk\u0101, gan p\u0101rnest\u0101 noz\u012bm\u0113. T\u0101s padara visu sist\u0113mu lietot\u0101jam draudz\u012bg\u0101ku, vienlaikus nodro\u0161inot pareizu slod\u017eu sadal\u012bjumu, t\u0101d\u0113j\u0101di samazinot d\u0101rgu k\u013c\u016bdu vai boj\u0101jumu iesp\u0113jam\u012bbu.<\/p>\n<p class=\"whitespace-pre-wrap break-words\">\u0160aj\u0101 nozar\u0113, kur nav pie\u013caujama neviena k\u013c\u016bda, stie\u0146u sist\u0113ma ir sevi pier\u0101d\u012bjusi ne reizi vien. Tas ir uzticams pamats, kas \u013cauj celtniec\u012bbas komand\u0101m p\u0101rvar\u0113t robe\u017eas un sasniegt iespaid\u012bgus rezult\u0101tus projektu p\u0113c projekta.<\/p>","protected":false},"excerpt":{"rendered":"<p>Sai\u0161u stie\u0146u pl\u0101k\u0161\u0146u papl\u0101ksnes ir kritiski svar\u012bgas betona veid\u0146u sist\u0113mu sast\u0101vda\u013cas, kas nodro\u0161ina nep\u0101rsp\u0113jamu slodzes sadal\u012bjumu un stabilit\u0101ti. Savietojam\u012bba, iztur\u012bba un uzticama veiktsp\u0113ja sare\u017e\u0123\u012btos apst\u0101k\u013cos ir vissvar\u012bg\u0101k\u0101s \u012bpa\u0161\u012bbas, ko pirc\u0113ji mekl\u0113. Qingdao H&amp;F ir tirdzniec\u012bbas uz\u0146\u0113mums ar vair\u0101k nek\u0101 20 gadu pieredzi, kas garant\u0113 augst\u0101k\u0101s kvalit\u0101tes produktus, individu\u0101lu klientu apkalpo\u0161anu, \u0101trus pieg\u0101des ciklus un detaliz\u0113tus kvalit\u0101tes p\u0101rbaudes zi\u0146ojumus. M\u016bsu ap\u0146em\u0161an\u0101s sasniegt izcil\u012bbu nodro\u0161ina, ka j\u016bsu projekti no s\u0101kuma l\u012bdz galam norit bez sare\u017e\u0123\u012bjumiem.<\/p>","protected":false},"featured_media":8616,"comment_status":"open","ping_status":"closed","template":"","meta":{"site-sidebar-layout":"default","site-content-layout":"","ast-site-content-layout":"default","site-content-style":"default","site-sidebar-style":"default","ast-global-header-display":"","ast-banner-title-visibility":"","ast-main-header-display":"","ast-hfb-above-header-display":"","ast-hfb-below-header-display":"","ast-hfb-mobile-header-display":"","site-post-title":"","ast-breadcrumbs-content":"","ast-featured-img":"","footer-sml-layout":"","theme-transparent-header-meta":"default","adv-header-id-meta":"","stick-header-meta":"default","header-above-stick-meta":"","header-main-stick-meta":"","header-below-stick-meta":"","astra-migrate-meta-layouts":"set","ast-page-background-enabled":"default","ast-page-background-meta":{"desktop":{"background-color":"","background-image":"","background-repeat":"repeat","background-position":"center center","background-size":"auto","background-attachment":"scroll","background-type":"","background-media":"","overlay-type":"","overlay-color":"","overlay-opacity":"","overlay-gradient":""},"tablet":{"background-color":"","background-image":"","background-repeat":"repeat","background-position":"center center","background-size":"auto","background-attachment":"scroll","background-type":"","background-media":"","overlay-type":"","overlay-color":"","overlay-opacity":"","overlay-gradient":""},"mobile":{"background-color":"","background-image":"","background-repeat":"repeat","background-position":"center center","background-size":"auto","background-attachment":"scroll","background-type":"","background-media":"","overlay-type":"","overlay-color":"","overlay-opacity":"","overlay-gradient":""}},"ast-content-background-meta":{"desktop":{"background-color":"var(--ast-global-color-5)","background-image":"","background-repeat":"repeat","background-position":"center center","background-size":"auto","background-attachment":"scroll","background-type":"","background-media":"","overlay-type":"","overlay-color":"","overlay-opacity":"","overlay-gradient":""},"tablet":{"background-color":"var(--ast-global-color-5)","background-image":"","background-repeat":"repeat","background-position":"center center","background-size":"auto","background-attachment":"scroll","background-type":"","background-media":"","overlay-type":"","overlay-color":"","overlay-opacity":"","overlay-gradient":""},"mobile":{"background-color":"var(--ast-global-color-5)","background-image":"","background-repeat":"repeat","background-position":"center center","background-size":"auto","background-attachment":"scroll","background-type":"","background-media":"","overlay-type":"","overlay-color":"","overlay-opacity":"","overlay-gradient":""}}},"product_brand":[],"product_cat":[79],"product_tag":[],"class_list":{"0":"post-8614","1":"product","2":"type-product","3":"status-publish","4":"has-post-thumbnail","6":"product_cat-tie-rod-system","7":"desktop-align-left","8":"tablet-align-left","9":"mobile-align-left","10":"ast-product-gallery-layout-horizontal-slider","11":"ast-product-gallery-with-no-image","12":"ast-product-tabs-layout-horizontal","14":"first","15":"instock","16":"shipping-taxable","17":"purchasable","18":"product-type-simple"},"yoast_head":"<!-- This site is optimized with the Yoast SEO plugin v25.2 - https:\/\/yoast.com\/wordpress\/plugins\/seo\/ -->\n<title>Tie Rod Plate Washer<\/title>\n<meta name=\"robots\" content=\"index, follow, max-snippet:-1, max-image-preview:large, max-video-preview:-1\" \/>\n<link rel=\"canonical\" href=\"https:\/\/qingdaohf.com\/lv\/products\/kaklasaites-stiena-plaksnes-paplaksne\/\" \/>\n<meta property=\"og:locale\" content=\"lv_LV\" \/>\n<meta property=\"og:type\" content=\"article\" \/>\n<meta property=\"og:title\" content=\"Tie Rod Plate Washer\" \/>\n<meta property=\"og:description\" content=\"Tie rod plate washers are critical components in concrete formwork systems, providing unparalleled load distribution and stability. Compatibility, durability, and reliable performance under demanding conditions are the most important features that buyers look for. Qingdao H&amp;F is a trading company with over 20 years of experience, guaranteeing superior quality products, one-to-one customer service, fast delivery cycles, and detailed quality inspection reports. Our commitment to excellence ensures your projects run smoothly from start to finish.\" \/>\n<meta property=\"og:url\" content=\"https:\/\/qingdaohf.com\/lv\/products\/kaklasaites-stiena-plaksnes-paplaksne\/\" \/>\n<meta property=\"og:site_name\" content=\"Concrete Form &amp; Rigging Hardware Supplier\" \/>\n<meta property=\"article:publisher\" content=\"https:\/\/www.facebook.com\/qingdaohf\" \/>\n<meta property=\"article:modified_time\" content=\"2025-11-13T01:02:21+00:00\" \/>\n<meta property=\"og:image\" content=\"https:\/\/qingdaohf.com\/wp-content\/uploads\/2024\/12\/Tie-Rod-Plate-Washer-2.webp\" \/>\n\t<meta property=\"og:image:width\" content=\"1000\" \/>\n\t<meta property=\"og:image:height\" content=\"1000\" \/>\n\t<meta property=\"og:image:type\" content=\"image\/webp\" \/>\n<meta name=\"twitter:card\" content=\"summary_large_image\" \/>\n<meta name=\"twitter:label1\" content=\"Est. reading time\" \/>\n\t<meta name=\"twitter:data1\" content=\"3 min\u016btes\" \/>\n<script type=\"application\/ld+json\" class=\"yoast-schema-graph\">{\"@context\":\"https:\/\/schema.org\",\"@graph\":[{\"@type\":\"WebPage\",\"@id\":\"https:\/\/qingdaohf.com\/product\/tie-rod-plate-washer\/\",\"url\":\"https:\/\/qingdaohf.com\/product\/tie-rod-plate-washer\/\",\"name\":\"Tie Rod Plate Washer\",\"isPartOf\":{\"@id\":\"https:\/\/qingdaohf.com\/bg\/#website\"},\"primaryImageOfPage\":{\"@id\":\"https:\/\/qingdaohf.com\/product\/tie-rod-plate-washer\/#primaryimage\"},\"image\":{\"@id\":\"https:\/\/qingdaohf.com\/product\/tie-rod-plate-washer\/#primaryimage\"},\"thumbnailUrl\":\"https:\/\/qingdaohf.com\/wp-content\/uploads\/2024\/12\/Tie-Rod-Plate-Washer-2.webp\",\"datePublished\":\"2024-12-31T08:30:30+00:00\",\"dateModified\":\"2025-11-13T01:02:21+00:00\",\"breadcrumb\":{\"@id\":\"https:\/\/qingdaohf.com\/product\/tie-rod-plate-washer\/#breadcrumb\"},\"inLanguage\":\"lv-LV\",\"potentialAction\":[{\"@type\":\"ReadAction\",\"target\":[\"https:\/\/qingdaohf.com\/product\/tie-rod-plate-washer\/\"]}]},{\"@type\":\"ImageObject\",\"inLanguage\":\"lv-LV\",\"@id\":\"https:\/\/qingdaohf.com\/product\/tie-rod-plate-washer\/#primaryimage\",\"url\":\"https:\/\/qingdaohf.com\/wp-content\/uploads\/2024\/12\/Tie-Rod-Plate-Washer-2.webp\",\"contentUrl\":\"https:\/\/qingdaohf.com\/wp-content\/uploads\/2024\/12\/Tie-Rod-Plate-Washer-2.webp\",\"width\":1000,\"height\":1000,\"caption\":\"Tie Rod Plate Washer\"},{\"@type\":\"BreadcrumbList\",\"@id\":\"https:\/\/qingdaohf.com\/product\/tie-rod-plate-washer\/#breadcrumb\",\"itemListElement\":[{\"@type\":\"ListItem\",\"position\":1,\"name\":\"Home\",\"item\":\"https:\/\/qingdaohf.com\/\"},{\"@type\":\"ListItem\",\"position\":2,\"name\":\"Concrete Forming Accessories and Rigging Hardware\",\"item\":\"https:\/\/qingdaohf.com\/bg\/?page_id=944\"},{\"@type\":\"ListItem\",\"position\":3,\"name\":\"Tie Rod Plate Washer\"}]},{\"@type\":\"WebSite\",\"@id\":\"https:\/\/qingdaohf.com\/bg\/#website\",\"url\":\"https:\/\/qingdaohf.com\/bg\/\",\"name\":\"Concrete Form & Rigging Hardware Supplier\",\"description\":\"\",\"publisher\":{\"@id\":\"https:\/\/qingdaohf.com\/bg\/#organization\"},\"potentialAction\":[{\"@type\":\"SearchAction\",\"target\":{\"@type\":\"EntryPoint\",\"urlTemplate\":\"https:\/\/qingdaohf.com\/bg\/?s={search_term_string}\"},\"query-input\":{\"@type\":\"PropertyValueSpecification\",\"valueRequired\":true,\"valueName\":\"search_term_string\"}}],\"inLanguage\":\"lv-LV\"},{\"@type\":\"Organization\",\"@id\":\"https:\/\/qingdaohf.com\/bg\/#organization\",\"name\":\"Qingdao H&F\",\"url\":\"https:\/\/qingdaohf.com\/bg\/\",\"logo\":{\"@type\":\"ImageObject\",\"inLanguage\":\"lv-LV\",\"@id\":\"https:\/\/qingdaohf.com\/bg\/#\/schema\/logo\/image\/\",\"url\":\"https:\/\/qingdaohf.com\/wp-content\/uploads\/2022\/12\/cropped-HF-LOGO.png\",\"contentUrl\":\"https:\/\/qingdaohf.com\/wp-content\/uploads\/2022\/12\/cropped-HF-LOGO.png\",\"width\":391,\"height\":249,\"caption\":\"Qingdao H&F\"},\"image\":{\"@id\":\"https:\/\/qingdaohf.com\/bg\/#\/schema\/logo\/image\/\"},\"sameAs\":[\"https:\/\/www.facebook.com\/qingdaohf\"]}]}<\/script>\n<!-- \/ Yoast SEO plugin. -->","yoast_head_json":{"title":"Tie Rod Plate Washer","robots":{"index":"index","follow":"follow","max-snippet":"max-snippet:-1","max-image-preview":"max-image-preview:large","max-video-preview":"max-video-preview:-1"},"canonical":"https:\/\/qingdaohf.com\/lv\/products\/kaklasaites-stiena-plaksnes-paplaksne\/","og_locale":"lv_LV","og_type":"article","og_title":"Tie Rod Plate Washer","og_description":"Tie rod plate washers are critical components in concrete formwork systems, providing unparalleled load distribution and stability. Compatibility, durability, and reliable performance under demanding conditions are the most important features that buyers look for. Qingdao H&amp;F is a trading company with over 20 years of experience, guaranteeing superior quality products, one-to-one customer service, fast delivery cycles, and detailed quality inspection reports. Our commitment to excellence ensures your projects run smoothly from start to finish.","og_url":"https:\/\/qingdaohf.com\/lv\/products\/kaklasaites-stiena-plaksnes-paplaksne\/","og_site_name":"Concrete Form &amp; Rigging Hardware Supplier","article_publisher":"https:\/\/www.facebook.com\/qingdaohf","article_modified_time":"2025-11-13T01:02:21+00:00","og_image":[{"width":1000,"height":1000,"url":"https:\/\/qingdaohf.com\/wp-content\/uploads\/2024\/12\/Tie-Rod-Plate-Washer-2.webp","type":"image\/webp"}],"twitter_card":"summary_large_image","twitter_misc":{"Est. reading time":"3 min\u016btes"},"schema":{"@context":"https:\/\/schema.org","@graph":[{"@type":"WebPage","@id":"https:\/\/qingdaohf.com\/product\/tie-rod-plate-washer\/","url":"https:\/\/qingdaohf.com\/product\/tie-rod-plate-washer\/","name":"Tie Rod Plate Washer","isPartOf":{"@id":"https:\/\/qingdaohf.com\/bg\/#website"},"primaryImageOfPage":{"@id":"https:\/\/qingdaohf.com\/product\/tie-rod-plate-washer\/#primaryimage"},"image":{"@id":"https:\/\/qingdaohf.com\/product\/tie-rod-plate-washer\/#primaryimage"},"thumbnailUrl":"https:\/\/qingdaohf.com\/wp-content\/uploads\/2024\/12\/Tie-Rod-Plate-Washer-2.webp","datePublished":"2024-12-31T08:30:30+00:00","dateModified":"2025-11-13T01:02:21+00:00","breadcrumb":{"@id":"https:\/\/qingdaohf.com\/product\/tie-rod-plate-washer\/#breadcrumb"},"inLanguage":"lv-LV","potentialAction":[{"@type":"ReadAction","target":["https:\/\/qingdaohf.com\/product\/tie-rod-plate-washer\/"]}]},{"@type":"ImageObject","inLanguage":"lv-LV","@id":"https:\/\/qingdaohf.com\/product\/tie-rod-plate-washer\/#primaryimage","url":"https:\/\/qingdaohf.com\/wp-content\/uploads\/2024\/12\/Tie-Rod-Plate-Washer-2.webp","contentUrl":"https:\/\/qingdaohf.com\/wp-content\/uploads\/2024\/12\/Tie-Rod-Plate-Washer-2.webp","width":1000,"height":1000,"caption":"Tie Rod Plate Washer"},{"@type":"BreadcrumbList","@id":"https:\/\/qingdaohf.com\/product\/tie-rod-plate-washer\/#breadcrumb","itemListElement":[{"@type":"ListItem","position":1,"name":"Home","item":"https:\/\/qingdaohf.com\/"},{"@type":"ListItem","position":2,"name":"Concrete Forming Accessories and Rigging Hardware","item":"https:\/\/qingdaohf.com\/bg\/?page_id=944"},{"@type":"ListItem","position":3,"name":"Tie Rod Plate Washer"}]},{"@type":"WebSite","@id":"https:\/\/qingdaohf.com\/bg\/#website","url":"https:\/\/qingdaohf.com\/bg\/","name":"Concrete Form & Rigging Hardware Supplier","description":"","publisher":{"@id":"https:\/\/qingdaohf.com\/bg\/#organization"},"potentialAction":[{"@type":"SearchAction","target":{"@type":"EntryPoint","urlTemplate":"https:\/\/qingdaohf.com\/bg\/?s={search_term_string}"},"query-input":{"@type":"PropertyValueSpecification","valueRequired":true,"valueName":"search_term_string"}}],"inLanguage":"lv-LV"},{"@type":"Organization","@id":"https:\/\/qingdaohf.com\/bg\/#organization","name":"Qingdao H&F","url":"https:\/\/qingdaohf.com\/bg\/","logo":{"@type":"ImageObject","inLanguage":"lv-LV","@id":"https:\/\/qingdaohf.com\/bg\/#\/schema\/logo\/image\/","url":"https:\/\/qingdaohf.com\/wp-content\/uploads\/2022\/12\/cropped-HF-LOGO.png","contentUrl":"https:\/\/qingdaohf.com\/wp-content\/uploads\/2022\/12\/cropped-HF-LOGO.png","width":391,"height":249,"caption":"Qingdao H&F"},"image":{"@id":"https:\/\/qingdaohf.com\/bg\/#\/schema\/logo\/image\/"},"sameAs":["https:\/\/www.facebook.com\/qingdaohf"]}]}},"_links":{"self":[{"href":"https:\/\/qingdaohf.com\/lv\/wp-json\/wp\/v2\/product\/8614","targetHints":{"allow":["GET"]}}],"collection":[{"href":"https:\/\/qingdaohf.com\/lv\/wp-json\/wp\/v2\/product"}],"about":[{"href":"https:\/\/qingdaohf.com\/lv\/wp-json\/wp\/v2\/types\/product"}],"replies":[{"embeddable":true,"href":"https:\/\/qingdaohf.com\/lv\/wp-json\/wp\/v2\/comments?post=8614"}],"version-history":[{"count":1,"href":"https:\/\/qingdaohf.com\/lv\/wp-json\/wp\/v2\/product\/8614\/revisions"}],"predecessor-version":[{"id":8617,"href":"https:\/\/qingdaohf.com\/lv\/wp-json\/wp\/v2\/product\/8614\/revisions\/8617"}],"wp:featuredmedia":[{"embeddable":true,"href":"https:\/\/qingdaohf.com\/lv\/wp-json\/wp\/v2\/media\/8616"}],"wp:attachment":[{"href":"https:\/\/qingdaohf.com\/lv\/wp-json\/wp\/v2\/media?parent=8614"}],"wp:term":[{"taxonomy":"product_brand","embeddable":true,"href":"https:\/\/qingdaohf.com\/lv\/wp-json\/wp\/v2\/product_brand?post=8614"},{"taxonomy":"product_cat","embeddable":true,"href":"https:\/\/qingdaohf.com\/lv\/wp-json\/wp\/v2\/product_cat?post=8614"},{"taxonomy":"product_tag","embeddable":true,"href":"https:\/\/qingdaohf.com\/lv\/wp-json\/wp\/v2\/product_tag?post=8614"}],"curies":[{"name":"wp","href":"https:\/\/api.w.org\/{rel}","templated":true}]}}