{"id":8618,"date":"2024-12-31T17:02:10","date_gmt":"2024-12-31T09:02:10","guid":{"rendered":"http:\/\/qingdaohf.com\/?post_type=product&#038;p=8618"},"modified":"2025-11-13T09:02:21","modified_gmt":"2025-11-13T01:02:21","slug":"formwork-hex-nut-connection","status":"publish","type":"product","link":"https:\/\/qingdaohf.com\/lv\/products\/veidnu-sesstura-uzgrieznu-savienojums\/","title":{"rendered":"Veid\u0146u se\u0161st\u016bra uzgrie\u017e\u0146u savienojums"},"content":{"rendered":"<h2 class=\"font-600 text-2xl font-bold\">Veid\u0146u se\u0161da\u013c\u012bgo uzgrie\u017e\u0146u loma b\u016bvniec\u012bb\u0101<\/h2>\n<p class=\"whitespace-pre-wrap break-words\">B\u016bvniec\u012bb\u0101 veid\u0146u se\u0161st\u016bra uzgrie\u017e\u0146i ir b\u016btiskas sast\u0101vda\u013cas, kas nodro\u0161ina veid\u0146u sist\u0113mu stabilit\u0101ti. \u0160ie uzgrie\u017e\u0146i, kas izgatavoti no augstas kvalit\u0101tes materi\u0101liem, nodro\u0161ina nepiecie\u0161amo iztur\u012bbu, lai konstrukcijas elementi b\u016btu dro\u0161i. \u012apa\u0161i svar\u012bgi tie ir sai\u0161u stie\u0146u sist\u0113m\u0101s, kur tie pal\u012bdz uztur\u0113t pareizu veid\u0146u izl\u012bdzin\u0101jumu betona lie\u0161anas un saciet\u0113\u0161anas laik\u0101.<\/p>\n<h2 class=\"font-600 text-2xl font-bold\">Sai\u0161u stie\u0146u sist\u0113mas izpratne<\/h2>\n<p class=\"whitespace-pre-wrap break-words\">M\u016bsdienu veid\u0146u sist\u0113ma liel\u0101 m\u0113r\u0101 balst\u0101s uz stie\u0146u sist\u0113m\u0101m, kur\u0101s vair\u0101ki komponenti darbojas kop\u0101, lai nodro\u0161in\u0101tu konstrukcijas atbalstu. Sai\u0161u stienis pats kalpo k\u0101 galvenais spriego\u0161anas elements, sadalot slodzi pa visu veid\u0146u konstrukciju. L\u012bdztekus tam darbojas \u016bdens aizb\u012bd\u0146i, kas nov\u0113r\u0161 mitruma iek\u013c\u016b\u0161anu konstrukcijas \u0161uv\u0113s. Veid\u0146u se\u0161st\u016bra uzgrieznis apvieno \u0161os elementus, radot uzticamu un efekt\u012bvu sist\u0113mu.<\/p>\n<h2 class=\"font-600 text-2xl font-bold\">Savietojam\u012bba ar pal\u012bgkomponentiem<\/h2>\n<p class=\"whitespace-pre-wrap break-words\">K\u0101 stiprin\u0101juma elements veid\u0146u se\u0161st\u016bra uzgrieznis fiks\u0113 stie\u0146us, vienlaikus saglab\u0101jot regul\u0113jam\u012bbu. T\u0101 labi darbojas kop\u0101 ar vair\u0101k\u0101m cit\u0101m deta\u013c\u0101m, tostarp superpl\u0101ksni, kombin\u0113to uzgriezni, kaklasaites stie\u0146a pl\u0101ksnes papl\u0101ksni un \u016bdens aizb\u012bd\u0146iem. Super plate lieliski sader ar se\u0161st\u016bra uzgriezni, lai izklied\u0113tu slodzi uz liel\u0101ku laukumu, samazinot spiedienu uz veid\u0146u pane\u013ciem. T\u0101pat gan Combi uzgrieznis, gan stie\u0146a pl\u0101ksnes papl\u0101ksne pal\u012bdz vienm\u0113r\u012bgi sadal\u012bt sp\u0113kus un aizsarg\u0101 pret deform\u0101ciju spiediena ietekm\u0113.<\/p>\n<h2 class=\"font-600 text-2xl font-bold\">Galven\u0101s funkcijas un priek\u0161roc\u012bbas<\/h2>\n<p class=\"whitespace-pre-wrap break-words\">Veid\u0146u se\u0161st\u016bra uzgrie\u017e\u0146u iztur\u012bbu nodro\u0161ina to iztur\u012bg\u0101 konstrukcija. T\u0101s ir izgatavotas no t\u0113rauda vai le\u0123\u0113tiem materi\u0101liem, t\u0101p\u0113c iztur intens\u012bvus sp\u0113kus, kas rodas b\u016bvdarbu laik\u0101. To se\u0161pus\u012bg\u0101 konstrukcija \u013cauj tos viegli satvert un savilkt pat sare\u017e\u0123\u012btos b\u016bvlaukuma apst\u0101k\u013cos. Liel\u0101k\u0101 da\u013ca versiju ir cinkotas vai apstr\u0101d\u0101tas pret r\u016bsu, lai iztur\u0113tu skarbus laikapst\u0101k\u013cus un vides rad\u012bt\u0101s probl\u0113mas.<\/p>\n<p class=\"whitespace-pre-wrap break-words\">\u0160ie uzgrie\u017e\u0146i b\u016btiski palielina b\u016bvniec\u012bbas efektivit\u0101ti. Saglab\u0101jot stie\u0146u sist\u0113mu stabilit\u0101ti, t\u0101s samazina izl\u012bdzin\u0101\u0161anas probl\u0113mas, ietaupot v\u0113rt\u012bgu laiku un naudu. To praktiskais dizains \u013cauj str\u0101dniekiem \u0101tri uzst\u0101d\u012bt un no\u0146emt, pa\u0101trinot darbu b\u016bvlaukum\u0101.<\/p>\n<h2 class=\"font-600 text-2xl font-bold\">M\u016bsu ap\u0146em\u0161an\u0101s nodro\u0161in\u0101t kvalit\u0101ti un servisu<\/h2>\n<p class=\"whitespace-pre-wrap break-words\">Izv\u0113loties pareizo veid\u0146u se\u0161st\u016bra uzgriezni, j\u0101izv\u0113las ne tikai produkta specifik\u0101cijas. M\u0113s to apzin\u0101mies, pied\u0101v\u0101jot visaptvero\u0161u atbalstu, kas nav tikai aparat\u016bras p\u0101rdo\u0161ana. M\u016bsu personaliz\u0113t\u0101 klientu apkalpo\u0161ana nodro\u0161ina, ka katrs klients sa\u0146em nepiecie\u0161amo uzman\u012bbu un risin\u0101jumus, kas piel\u0101goti vi\u0146a \u012bpa\u0161aj\u0101m pras\u012bb\u0101m. T\u0101d\u0113j\u0101di tiek veidotas cie\u0161as klientu attiec\u012bbas, kas balst\u012btas uz uztic\u0113\u0161anos un apmierin\u0101t\u012bbu.<\/p>\n<p class=\"whitespace-pre-wrap break-words\">M\u0113s saprotam, ka celtniec\u012bbas termi\u0146i ir \u013coti svar\u012bgi, t\u0101p\u0113c m\u016bsu priorit\u0101te ir \u0101tra pieg\u0101de. M\u016bsu \u0101tr\u0101s pieg\u0101des iesp\u0113jas var b\u016btiski ietekm\u0113t projektu grafikus, neatkar\u012bgi no t\u0101, vai tie attiecas uz lieliem projektiem vai maz\u0101kiem darbiem.<\/p>\n<p class=\"whitespace-pre-wrap break-words\">M\u016bsu darb\u012bbas pamat\u0101 joproj\u0101m ir kvalit\u0101te. Katrs veid\u0146u se\u0161st\u016bra uzgrieznis tiek r\u016bp\u012bgi test\u0113ts, s\u0101kot no stipr\u012bbas nov\u0113rt\u0113juma l\u012bdz izm\u0113ru p\u0101rbaudei. M\u0113s nodro\u0161in\u0101m detaliz\u0113tu p\u0101rbaudes dokument\u0101ciju, kas sniedz m\u016bsu klientiem piln\u012bgu p\u0101rliec\u012bbu par pirkumiem.<\/p>\n<h2 class=\"font-600 text-2xl font-bold\">Integr\u0113ti risin\u0101jumi daudzveid\u012bg\u0101m lietojumprogramm\u0101m<\/h2>\n<p class=\"whitespace-pre-wrap break-words\">Veid\u0146u se\u0161st\u016bra uzgrie\u017e\u0146u paties\u0101 v\u0113rt\u012bba atkl\u0101jas, kad tie darbojas kop\u0101 ar stie\u0146iem, \u016bdens aizb\u012bd\u0146iem un pl\u0101k\u0161\u0146u papl\u0101ksn\u0113m. \u0160\u012b kombin\u0101cija rada uzticamu sist\u0113mu, kas piel\u0101gojas da\u017e\u0101d\u0101m b\u016bvniec\u012bbas vajadz\u012bb\u0101m. Piem\u0113ram, hidroizol\u0101cijai kritiskos projektos \u016bdens aizb\u012bd\u0146a pievieno\u0161ana savienojuma stie\u0146u sist\u0113mai nodro\u0161ina \u016bdensnecaurlaid\u012bgus savienojumus, aizsarg\u0101jot \u0113kas konstrukcijas integrit\u0101ti.<\/p>\n<p class=\"whitespace-pre-wrap break-words\">\u0160ie se\u0161st\u016bra uzgrie\u017e\u0146i vienl\u012bdz labi darbojas da\u017e\u0101dos veid\u0146u veidos. Tie nodro\u0161ina nemain\u012bgu veiktsp\u0113ju gan tradicion\u0101laj\u0101s koka veidn\u0113s, gan m\u016bsdien\u012bg\u0101s modu\u013cu sist\u0113m\u0101s. \u0160\u012b piel\u0101gojam\u012bba apvienojum\u0101 ar vienk\u0101r\u0161u uzst\u0101d\u012b\u0161anu padara t\u0101s v\u0113rt\u012bgas efekt\u012bvai un rentablai b\u016bvniec\u012bbai.<\/p>\n<h2 class=\"font-600 text-2xl font-bold\">Secin\u0101jums<\/h2>\n<p class=\"whitespace-pre-wrap break-words\">Veid\u0146u se\u0161st\u016bra uzgrie\u017e\u0146i ir ne tikai pamatapr\u012bkojums, bet ar\u012b iz\u0161\u0137iro\u0161s elements m\u016bsdienu b\u016bvniec\u012bb\u0101. To b\u016btisk\u0101 loma stie\u0146u sist\u0113m\u0101s, k\u0101 ar\u012b sader\u012bba ar Super pl\u0101ksn\u0113m, Combi uzgrie\u017e\u0146iem un \u016bdens aizb\u012bd\u0146iem padara tos neticami daudzpus\u012bgus. Ar m\u016bsu visaptvero\u0161o pakalpojumu paketi, kas ietver \u012bpa\u0161u atbalstu, \u0101tru pieg\u0101di un stingras kvalit\u0101tes p\u0101rbaudes, \u0161ie se\u0161st\u016bra uzgrie\u017e\u0146i k\u013c\u016bst neaizst\u0101jami b\u016bvniec\u012bbas profesion\u0101\u013ciem. N\u0101kamajam projektam izv\u0113lieties m\u016bsu veid\u0146u se\u0161st\u016bra uzgrie\u017e\u0146u dro\u0161umu un efektivit\u0101ti.<\/p>","protected":false},"excerpt":{"rendered":"<p>Veid\u0146u se\u0161st\u016bra uzgrieznim ir uzticama funkcija m\u016bsdienu b\u016bvniec\u012bb\u0101, pateicoties vislab\u0101kajai sader\u012bbai ar stie\u0146u sist\u0113mu, un tas var nodro\u0161in\u0101t dro\u0161u un ilgsto\u0161u stiprin\u0101jumu stingriem veid\u0146u darbiem. T\u0101 k\u0101 esam profesion\u0101ls tirdzniec\u012bbas uz\u0146\u0113mums, t\u0101 p\u0101rdo\u0161anas priek\u0161roc\u012bbas ir individu\u0101la klientu pieredze, \u0101trs pieg\u0101des cikls un pilni kvalit\u0101tes p\u0101rbaudes zi\u0146ojumi. \u0160\u0101da r\u016bp\u012bba noteikti nodro\u0161in\u0101s, ka jums tiks nodoti vislab\u0101kie produkti, lai nodro\u0161in\u0101tu b\u016bvlaukuma efektivit\u0101ti un dro\u0161\u012bbu.<\/p>","protected":false},"featured_media":8620,"comment_status":"open","ping_status":"closed","template":"","meta":{"site-sidebar-layout":"default","site-content-layout":"","ast-site-content-layout":"default","site-content-style":"default","site-sidebar-style":"default","ast-global-header-display":"","ast-banner-title-visibility":"","ast-main-header-display":"","ast-hfb-above-header-display":"","ast-hfb-below-header-display":"","ast-hfb-mobile-header-display":"","site-post-title":"","ast-breadcrumbs-content":"","ast-featured-img":"","footer-sml-layout":"","theme-transparent-header-meta":"default","adv-header-id-meta":"","stick-header-meta":"default","header-above-stick-meta":"","header-main-stick-meta":"","header-below-stick-meta":"","astra-migrate-meta-layouts":"set","ast-page-background-enabled":"default","ast-page-background-meta":{"desktop":{"background-color":"","background-image":"","background-repeat":"repeat","background-position":"center center","background-size":"auto","background-attachment":"scroll","background-type":"","background-media":"","overlay-type":"","overlay-color":"","overlay-opacity":"","overlay-gradient":""},"tablet":{"background-color":"","background-image":"","background-repeat":"repeat","background-position":"center center","background-size":"auto","background-attachment":"scroll","background-type":"","background-media":"","overlay-type":"","overlay-color":"","overlay-opacity":"","overlay-gradient":""},"mobile":{"background-color":"","background-image":"","background-repeat":"repeat","background-position":"center center","background-size":"auto","background-attachment":"scroll","background-type":"","background-media":"","overlay-type":"","overlay-color":"","overlay-opacity":"","overlay-gradient":""}},"ast-content-background-meta":{"desktop":{"background-color":"var(--ast-global-color-5)","background-image":"","background-repeat":"repeat","background-position":"center center","background-size":"auto","background-attachment":"scroll","background-type":"","background-media":"","overlay-type":"","overlay-color":"","overlay-opacity":"","overlay-gradient":""},"tablet":{"background-color":"var(--ast-global-color-5)","background-image":"","background-repeat":"repeat","background-position":"center center","background-size":"auto","background-attachment":"scroll","background-type":"","background-media":"","overlay-type":"","overlay-color":"","overlay-opacity":"","overlay-gradient":""},"mobile":{"background-color":"var(--ast-global-color-5)","background-image":"","background-repeat":"repeat","background-position":"center center","background-size":"auto","background-attachment":"scroll","background-type":"","background-media":"","overlay-type":"","overlay-color":"","overlay-opacity":"","overlay-gradient":""}}},"product_brand":[],"product_cat":[79],"product_tag":[],"class_list":{"0":"post-8618","1":"product","2":"type-product","3":"status-publish","4":"has-post-thumbnail","6":"product_cat-tie-rod-system","7":"desktop-align-left","8":"tablet-align-left","9":"mobile-align-left","10":"ast-product-gallery-layout-horizontal-slider","11":"ast-product-gallery-with-no-image","12":"ast-product-tabs-layout-horizontal","14":"first","15":"instock","16":"shipping-taxable","17":"purchasable","18":"product-type-simple"},"yoast_head":"<!-- This site is optimized with the Yoast SEO plugin v25.2 - https:\/\/yoast.com\/wordpress\/plugins\/seo\/ -->\n<title>Formwork Hex Nut Connection<\/title>\n<meta name=\"robots\" content=\"index, follow, max-snippet:-1, max-image-preview:large, max-video-preview:-1\" \/>\n<link rel=\"canonical\" href=\"https:\/\/qingdaohf.com\/lv\/products\/veidnu-sesstura-uzgrieznu-savienojums\/\" \/>\n<meta property=\"og:locale\" content=\"lv_LV\" \/>\n<meta property=\"og:type\" content=\"article\" \/>\n<meta property=\"og:title\" content=\"Formwork Hex Nut Connection\" \/>\n<meta property=\"og:description\" content=\"Formwork Hex Nut has a reliable feature in modern construction due to best compatibility with the tie rod system and can make fastening secure, long-lasting for rigorous formwork work. Being one professional trading company, the selling points are one-to-one customer experience, quick delivery cycle and complete quality inspection reports. That much of care will definitely assure giving the best products to be given to you for assured on-site efficiency and safety.\" \/>\n<meta property=\"og:url\" content=\"https:\/\/qingdaohf.com\/lv\/products\/veidnu-sesstura-uzgrieznu-savienojums\/\" \/>\n<meta property=\"og:site_name\" content=\"Concrete Form &amp; Rigging Hardware Supplier\" \/>\n<meta property=\"article:publisher\" content=\"https:\/\/www.facebook.com\/qingdaohf\" \/>\n<meta property=\"article:modified_time\" content=\"2025-11-13T01:02:21+00:00\" \/>\n<meta property=\"og:image\" content=\"https:\/\/qingdaohf.com\/wp-content\/uploads\/2024\/12\/Formwork-Hex-Nut-2.jpg\" \/>\n\t<meta property=\"og:image:width\" content=\"1000\" \/>\n\t<meta property=\"og:image:height\" content=\"1000\" \/>\n\t<meta property=\"og:image:type\" content=\"image\/jpeg\" \/>\n<meta name=\"twitter:card\" content=\"summary_large_image\" \/>\n<meta name=\"twitter:label1\" content=\"Est. reading time\" \/>\n\t<meta name=\"twitter:data1\" content=\"3 min\u016btes\" \/>\n<script type=\"application\/ld+json\" class=\"yoast-schema-graph\">{\"@context\":\"https:\/\/schema.org\",\"@graph\":[{\"@type\":\"WebPage\",\"@id\":\"https:\/\/qingdaohf.com\/product\/formwork-hex-nut-connection\/\",\"url\":\"https:\/\/qingdaohf.com\/product\/formwork-hex-nut-connection\/\",\"name\":\"Formwork Hex Nut Connection\",\"isPartOf\":{\"@id\":\"https:\/\/qingdaohf.com\/bg\/#website\"},\"primaryImageOfPage\":{\"@id\":\"https:\/\/qingdaohf.com\/product\/formwork-hex-nut-connection\/#primaryimage\"},\"image\":{\"@id\":\"https:\/\/qingdaohf.com\/product\/formwork-hex-nut-connection\/#primaryimage\"},\"thumbnailUrl\":\"https:\/\/qingdaohf.com\/wp-content\/uploads\/2024\/12\/Formwork-Hex-Nut-2.jpg\",\"datePublished\":\"2024-12-31T09:02:10+00:00\",\"dateModified\":\"2025-11-13T01:02:21+00:00\",\"breadcrumb\":{\"@id\":\"https:\/\/qingdaohf.com\/product\/formwork-hex-nut-connection\/#breadcrumb\"},\"inLanguage\":\"lv-LV\",\"potentialAction\":[{\"@type\":\"ReadAction\",\"target\":[\"https:\/\/qingdaohf.com\/product\/formwork-hex-nut-connection\/\"]}]},{\"@type\":\"ImageObject\",\"inLanguage\":\"lv-LV\",\"@id\":\"https:\/\/qingdaohf.com\/product\/formwork-hex-nut-connection\/#primaryimage\",\"url\":\"https:\/\/qingdaohf.com\/wp-content\/uploads\/2024\/12\/Formwork-Hex-Nut-2.jpg\",\"contentUrl\":\"https:\/\/qingdaohf.com\/wp-content\/uploads\/2024\/12\/Formwork-Hex-Nut-2.jpg\",\"width\":1000,\"height\":1000,\"caption\":\"Formwork Hex Nut\"},{\"@type\":\"BreadcrumbList\",\"@id\":\"https:\/\/qingdaohf.com\/product\/formwork-hex-nut-connection\/#breadcrumb\",\"itemListElement\":[{\"@type\":\"ListItem\",\"position\":1,\"name\":\"Home\",\"item\":\"https:\/\/qingdaohf.com\/\"},{\"@type\":\"ListItem\",\"position\":2,\"name\":\"Concrete Forming Accessories and Rigging Hardware\",\"item\":\"https:\/\/qingdaohf.com\/bg\/?page_id=944\"},{\"@type\":\"ListItem\",\"position\":3,\"name\":\"Formwork Hex Nut Connection\"}]},{\"@type\":\"WebSite\",\"@id\":\"https:\/\/qingdaohf.com\/bg\/#website\",\"url\":\"https:\/\/qingdaohf.com\/bg\/\",\"name\":\"Concrete Form & Rigging Hardware Supplier\",\"description\":\"\",\"publisher\":{\"@id\":\"https:\/\/qingdaohf.com\/bg\/#organization\"},\"potentialAction\":[{\"@type\":\"SearchAction\",\"target\":{\"@type\":\"EntryPoint\",\"urlTemplate\":\"https:\/\/qingdaohf.com\/bg\/?s={search_term_string}\"},\"query-input\":{\"@type\":\"PropertyValueSpecification\",\"valueRequired\":true,\"valueName\":\"search_term_string\"}}],\"inLanguage\":\"lv-LV\"},{\"@type\":\"Organization\",\"@id\":\"https:\/\/qingdaohf.com\/bg\/#organization\",\"name\":\"Qingdao H&F\",\"url\":\"https:\/\/qingdaohf.com\/bg\/\",\"logo\":{\"@type\":\"ImageObject\",\"inLanguage\":\"lv-LV\",\"@id\":\"https:\/\/qingdaohf.com\/bg\/#\/schema\/logo\/image\/\",\"url\":\"https:\/\/qingdaohf.com\/wp-content\/uploads\/2022\/12\/cropped-HF-LOGO.png\",\"contentUrl\":\"https:\/\/qingdaohf.com\/wp-content\/uploads\/2022\/12\/cropped-HF-LOGO.png\",\"width\":391,\"height\":249,\"caption\":\"Qingdao H&F\"},\"image\":{\"@id\":\"https:\/\/qingdaohf.com\/bg\/#\/schema\/logo\/image\/\"},\"sameAs\":[\"https:\/\/www.facebook.com\/qingdaohf\"]}]}<\/script>\n<!-- \/ Yoast SEO plugin. -->","yoast_head_json":{"title":"Formwork Hex Nut Connection","robots":{"index":"index","follow":"follow","max-snippet":"max-snippet:-1","max-image-preview":"max-image-preview:large","max-video-preview":"max-video-preview:-1"},"canonical":"https:\/\/qingdaohf.com\/lv\/products\/veidnu-sesstura-uzgrieznu-savienojums\/","og_locale":"lv_LV","og_type":"article","og_title":"Formwork Hex Nut Connection","og_description":"Formwork Hex Nut has a reliable feature in modern construction due to best compatibility with the tie rod system and can make fastening secure, long-lasting for rigorous formwork work. Being one professional trading company, the selling points are one-to-one customer experience, quick delivery cycle and complete quality inspection reports. That much of care will definitely assure giving the best products to be given to you for assured on-site efficiency and safety.","og_url":"https:\/\/qingdaohf.com\/lv\/products\/veidnu-sesstura-uzgrieznu-savienojums\/","og_site_name":"Concrete Form &amp; Rigging Hardware Supplier","article_publisher":"https:\/\/www.facebook.com\/qingdaohf","article_modified_time":"2025-11-13T01:02:21+00:00","og_image":[{"width":1000,"height":1000,"url":"https:\/\/qingdaohf.com\/wp-content\/uploads\/2024\/12\/Formwork-Hex-Nut-2.jpg","type":"image\/jpeg"}],"twitter_card":"summary_large_image","twitter_misc":{"Est. reading time":"3 min\u016btes"},"schema":{"@context":"https:\/\/schema.org","@graph":[{"@type":"WebPage","@id":"https:\/\/qingdaohf.com\/product\/formwork-hex-nut-connection\/","url":"https:\/\/qingdaohf.com\/product\/formwork-hex-nut-connection\/","name":"Formwork Hex Nut Connection","isPartOf":{"@id":"https:\/\/qingdaohf.com\/bg\/#website"},"primaryImageOfPage":{"@id":"https:\/\/qingdaohf.com\/product\/formwork-hex-nut-connection\/#primaryimage"},"image":{"@id":"https:\/\/qingdaohf.com\/product\/formwork-hex-nut-connection\/#primaryimage"},"thumbnailUrl":"https:\/\/qingdaohf.com\/wp-content\/uploads\/2024\/12\/Formwork-Hex-Nut-2.jpg","datePublished":"2024-12-31T09:02:10+00:00","dateModified":"2025-11-13T01:02:21+00:00","breadcrumb":{"@id":"https:\/\/qingdaohf.com\/product\/formwork-hex-nut-connection\/#breadcrumb"},"inLanguage":"lv-LV","potentialAction":[{"@type":"ReadAction","target":["https:\/\/qingdaohf.com\/product\/formwork-hex-nut-connection\/"]}]},{"@type":"ImageObject","inLanguage":"lv-LV","@id":"https:\/\/qingdaohf.com\/product\/formwork-hex-nut-connection\/#primaryimage","url":"https:\/\/qingdaohf.com\/wp-content\/uploads\/2024\/12\/Formwork-Hex-Nut-2.jpg","contentUrl":"https:\/\/qingdaohf.com\/wp-content\/uploads\/2024\/12\/Formwork-Hex-Nut-2.jpg","width":1000,"height":1000,"caption":"Formwork Hex Nut"},{"@type":"BreadcrumbList","@id":"https:\/\/qingdaohf.com\/product\/formwork-hex-nut-connection\/#breadcrumb","itemListElement":[{"@type":"ListItem","position":1,"name":"Home","item":"https:\/\/qingdaohf.com\/"},{"@type":"ListItem","position":2,"name":"Concrete Forming Accessories and Rigging Hardware","item":"https:\/\/qingdaohf.com\/bg\/?page_id=944"},{"@type":"ListItem","position":3,"name":"Formwork Hex Nut Connection"}]},{"@type":"WebSite","@id":"https:\/\/qingdaohf.com\/bg\/#website","url":"https:\/\/qingdaohf.com\/bg\/","name":"Concrete Form & Rigging Hardware Supplier","description":"","publisher":{"@id":"https:\/\/qingdaohf.com\/bg\/#organization"},"potentialAction":[{"@type":"SearchAction","target":{"@type":"EntryPoint","urlTemplate":"https:\/\/qingdaohf.com\/bg\/?s={search_term_string}"},"query-input":{"@type":"PropertyValueSpecification","valueRequired":true,"valueName":"search_term_string"}}],"inLanguage":"lv-LV"},{"@type":"Organization","@id":"https:\/\/qingdaohf.com\/bg\/#organization","name":"Qingdao H&F","url":"https:\/\/qingdaohf.com\/bg\/","logo":{"@type":"ImageObject","inLanguage":"lv-LV","@id":"https:\/\/qingdaohf.com\/bg\/#\/schema\/logo\/image\/","url":"https:\/\/qingdaohf.com\/wp-content\/uploads\/2022\/12\/cropped-HF-LOGO.png","contentUrl":"https:\/\/qingdaohf.com\/wp-content\/uploads\/2022\/12\/cropped-HF-LOGO.png","width":391,"height":249,"caption":"Qingdao H&F"},"image":{"@id":"https:\/\/qingdaohf.com\/bg\/#\/schema\/logo\/image\/"},"sameAs":["https:\/\/www.facebook.com\/qingdaohf"]}]}},"_links":{"self":[{"href":"https:\/\/qingdaohf.com\/lv\/wp-json\/wp\/v2\/product\/8618","targetHints":{"allow":["GET"]}}],"collection":[{"href":"https:\/\/qingdaohf.com\/lv\/wp-json\/wp\/v2\/product"}],"about":[{"href":"https:\/\/qingdaohf.com\/lv\/wp-json\/wp\/v2\/types\/product"}],"replies":[{"embeddable":true,"href":"https:\/\/qingdaohf.com\/lv\/wp-json\/wp\/v2\/comments?post=8618"}],"version-history":[{"count":2,"href":"https:\/\/qingdaohf.com\/lv\/wp-json\/wp\/v2\/product\/8618\/revisions"}],"predecessor-version":[{"id":8737,"href":"https:\/\/qingdaohf.com\/lv\/wp-json\/wp\/v2\/product\/8618\/revisions\/8737"}],"wp:featuredmedia":[{"embeddable":true,"href":"https:\/\/qingdaohf.com\/lv\/wp-json\/wp\/v2\/media\/8620"}],"wp:attachment":[{"href":"https:\/\/qingdaohf.com\/lv\/wp-json\/wp\/v2\/media?parent=8618"}],"wp:term":[{"taxonomy":"product_brand","embeddable":true,"href":"https:\/\/qingdaohf.com\/lv\/wp-json\/wp\/v2\/product_brand?post=8618"},{"taxonomy":"product_cat","embeddable":true,"href":"https:\/\/qingdaohf.com\/lv\/wp-json\/wp\/v2\/product_cat?post=8618"},{"taxonomy":"product_tag","embeddable":true,"href":"https:\/\/qingdaohf.com\/lv\/wp-json\/wp\/v2\/product_tag?post=8618"}],"curies":[{"name":"wp","href":"https:\/\/api.w.org\/{rel}","templated":true}]}}